{"id":23112,"date":"2018-12-01T20:16:07","date_gmt":"2018-12-01T19:16:07","guid":{"rendered":"https:\/\/teiaeducation.ch\/product\/cartes-dexercices-prepares-pour-le-cabinet-de-geometrie-nienhuis-montessori\/"},"modified":"2022-11-28T11:38:34","modified_gmt":"2022-11-28T10:38:34","slug":"cartes-dexercices-prepares-pour-le-cabinet-de-geometrie-nienhuis-montessori","status":"publish","type":"product","link":"https:\/\/teiaeducation.ch\/fr\/produit\/cartes-dexercices-prepares-pour-le-cabinet-de-geometrie-nienhuis-montessori\/","title":{"rendered":"Cartes d&#8217;exercices pr\u00e9par\u00e9s pour le cabinet de g\u00e9om\u00e9trie &#8211; Nienhuis Montessori"},"content":{"rendered":"<p>L&#8217;ensemble d&#8217;activit\u00e9s de cabinet de g\u00e9om\u00e9trie de Nienhuis Montessori propose des exercices suppl\u00e9mentaires \u00e0 utiliser avec le <a href=\"https:\/\/teiaeducation.ch\/fr\/produit\/cabinet-de-geometrie-nienhuis-montessori\/\">cabinet de g\u00e9om\u00e9trie<\/a>. L&#8217;ensemble comprend des cartes d&#8217;exercices, des onglets de s\u00e9paration et une bo\u00eete en bois pour le rangement.<\/p>\n<p>La marque n\u00e9erlandaise Nienhuis Montessori est la marque leader mondiale Montessori, qui honore et perp\u00e9tue l\u2019h\u00e9ritage de Maria Montessori et fabrique la gamme la plus vaste et la plus innovante du mat\u00e9riel \u00e9ducatif <a href=\"https:\/\/teiaeducation.ch\/fr\/categorie-produit\/methode-deducation\/montessori-fr\/\">Montessori<\/a>. Tout les mat\u00e9riaux et <a href=\"https:\/\/teiaeducation.ch\/fr\/categorie-produit\/materiel-indispensable\/meubles-montessori\/\">meubles<\/a> de Nienhuis Montessori sont certifi\u00e9s par le comit\u00e9 des mat\u00e9riaux de l\u2019Association Montessori Internationale (<a href=\"https:\/\/montessori-ami.org\/\">AMI<\/a>) et sont m\u00e9ticuleusement con\u00e7us pour isoler les difficult\u00e9s afin que les enfants puissent se concentrer, se ma\u00eetriser et s\u2019\u00e9panouir.<\/p>\n<p><a href=\"https:\/\/teiaeducation.ch\/fr\/categorie-produit\/marques\/nienhuis-montessori-materiel-fr\/\">Nienhuis Montessori<\/a> est l\u2019une des marques de la soci\u00e9t\u00e9 n\u00e9erlandaise Heutink International, qui propose les meilleures marques \u00e9ducatives mondiales, sp\u00e9cialis\u00e9s\u00a0dans l\u2019apprentissage par le jeu.<\/p>\n<p>Ce mat\u00e9riel Montessori est adapt\u00e9 aux enfants de 5 ans et plus.<\/p>\n<p>Contenu :<\/p>\n<p>1 bo\u00eete en bois pour le stockage<br \/>\n1 jeu de cartes d&#8217;exercice<br \/>\n1 s\u00e9rie d&#8217;intercalaires<\/p>\n<p><span class=\"fontstyle0\"><p class=\"text-center\"><mark>Block <strong>\"\u201dtext-item-commande-en-souffrance\u201d\"<\/strong> not found<\/mark><\/p><\/span><\/p>\n","protected":false},"excerpt":{"rendered":"<p>Num\u00e9ro d&#8217;article : 061001<\/p>\n<p>Les cartes d&#8217;exercices pr\u00e9par\u00e9s pour le cabinet de g\u00e9om\u00e9trie de Nienhuis Montessori proposent des exercices suppl\u00e9mentaires avec le cabinet de g\u00e9om\u00e9trie.<\/p>\n","protected":false},"featured_media":13187,"comment_status":"closed","ping_status":"closed","template":"","meta":[],"product_brand":[],"product_cat":[8527,215,216,283,268,293,8526,18965,289,624,8567,288,7595,1218,207,217,276,209,292,212],"product_tag":[1288,7671,1364,803,1230,1231,1229],"class_list":{"0":"post-23112","1":"product","2":"type-product","3":"status-publish","4":"has-post-thumbnail","6":"product_cat-3-6-ans-ecole-a-domicile","7":"product_cat-3-6-ans","8":"product_cat-6-12-ans","9":"product_cat-domaines-du-curriculum","10":"product_cat-enrichissements","11":"product_cat-ensembles-dactivites","12":"product_cat-fournitures-scolaires-a-domicile","13":"product_cat-geometrie-nienhuis-montessori-fr","14":"product_cat-geometrie","15":"product_cat-formes","16":"product_cat-materiel-scolaire-montessori","17":"product_cat-mathematiques-calcul","18":"product_cat-methode-deducation","19":"product_cat-montessori-fr","20":"product_cat-nienhuis-montessori-materiel-fr","21":"product_cat-marques","22":"product_cat-sensoriel","23":"product_cat-sensorielles-motrices","24":"product_cat-appui-au-curriculum","25":"product_cat-tranche-dage","26":"product_tag-elementaire-6-12","27":"product_tag-formes-et-caracteristiques","28":"product_tag-geometrie","29":"product_tag-nienhuis-montessori-fr","30":"product_tag-petite-enfance-3-6","31":"product_tag-sens-visuel","32":"product_tag-sensoriel","34":"first","35":"onbackorder","36":"sold-individually","37":"taxable","38":"shipping-taxable","39":"purchasable","40":"product-type-simple"},"yoast_head":"<!-- This site is optimized with the Yoast SEO plugin v27.1.1 - https:\/\/yoast.com\/product\/yoast-seo-wordpress\/ -->\n<title>Cartes d&#039;exercices cabinet de g\u00e9om\u00e9trie - Nienhuis Montessori<\/title>\n<meta name=\"description\" content=\"Les cartes d&#039;exercices pr\u00e9par\u00e9s pour le cabinet de g\u00e9om\u00e9trie de Nienhuis Montessori proposent des exercices suppl\u00e9mentaires avec le cabinet de g\u00e9om\u00e9trie.\" \/>\n<meta name=\"robots\" content=\"index, follow, max-snippet:-1, max-image-preview:large, max-video-preview:-1\" \/>\n<link rel=\"canonical\" href=\"https:\/\/teiaeducation.ch\/fr\/produit\/cartes-dexercices-prepares-pour-le-cabinet-de-geometrie-nienhuis-montessori\/\" \/>\n<meta property=\"og:locale\" content=\"fr_FR\" \/>\n<meta property=\"og:type\" content=\"article\" \/>\n<meta property=\"og:title\" content=\"Cartes d&#039;exercices cabinet de g\u00e9om\u00e9trie - Nienhuis Montessori\" \/>\n<meta property=\"og:description\" content=\"Les cartes d&#039;exercices pr\u00e9par\u00e9s pour le cabinet de g\u00e9om\u00e9trie de Nienhuis Montessori proposent des exercices suppl\u00e9mentaires avec le cabinet de g\u00e9om\u00e9trie.\" \/>\n<meta property=\"og:url\" content=\"https:\/\/teiaeducation.ch\/fr\/produit\/cartes-dexercices-prepares-pour-le-cabinet-de-geometrie-nienhuis-montessori\/\" \/>\n<meta property=\"og:site_name\" content=\"Sustainable Educational Products &amp; Ecological Toys\u00a0\" \/>\n<meta property=\"article:publisher\" content=\"https:\/\/www.facebook.com\/teiaeducation\/\" \/>\n<meta property=\"article:modified_time\" content=\"2022-11-28T10:38:34+00:00\" \/>\n<meta property=\"og:image\" content=\"https:\/\/teiaeducation.ch\/wp-content\/uploads\/2019\/05\/400_061001_main_or_1-scaled-scaled.jpg\" \/>\n\t<meta property=\"og:image:width\" content=\"2048\" \/>\n\t<meta property=\"og:image:height\" content=\"2048\" \/>\n\t<meta property=\"og:image:type\" content=\"image\/jpeg\" \/>\n<script type=\"application\/ld+json\" class=\"yoast-schema-graph\">{\"@context\":\"https:\/\/schema.org\",\"@graph\":[{\"@type\":\"WebPage\",\"@id\":\"https:\/\/teiaeducation.ch\/fr\/produit\/cartes-dexercices-prepares-pour-le-cabinet-de-geometrie-nienhuis-montessori\/\",\"url\":\"https:\/\/teiaeducation.ch\/fr\/produit\/cartes-dexercices-prepares-pour-le-cabinet-de-geometrie-nienhuis-montessori\/\",\"name\":\"Cartes d'exercices cabinet de g\u00e9om\u00e9trie - Nienhuis Montessori\",\"isPartOf\":{\"@id\":\"https:\/\/teiaeducation.ch\/fr\/#website\"},\"primaryImageOfPage\":{\"@id\":\"https:\/\/teiaeducation.ch\/fr\/produit\/cartes-dexercices-prepares-pour-le-cabinet-de-geometrie-nienhuis-montessori\/#primaryimage\"},\"image\":{\"@id\":\"https:\/\/teiaeducation.ch\/fr\/produit\/cartes-dexercices-prepares-pour-le-cabinet-de-geometrie-nienhuis-montessori\/#primaryimage\"},\"thumbnailUrl\":\"https:\/\/teiaeducation.ch\/wp-content\/uploads\/2019\/05\/400_061001_main_or_1-scaled-scaled.jpg\",\"datePublished\":\"2018-12-01T19:16:07+00:00\",\"dateModified\":\"2022-11-28T10:38:34+00:00\",\"description\":\"Les cartes d'exercices pr\u00e9par\u00e9s pour le cabinet de g\u00e9om\u00e9trie de Nienhuis Montessori proposent des exercices suppl\u00e9mentaires avec le cabinet de g\u00e9om\u00e9trie.\",\"breadcrumb\":{\"@id\":\"https:\/\/teiaeducation.ch\/fr\/produit\/cartes-dexercices-prepares-pour-le-cabinet-de-geometrie-nienhuis-montessori\/#breadcrumb\"},\"inLanguage\":\"fr-FR\",\"potentialAction\":[{\"@type\":\"ReadAction\",\"target\":[\"https:\/\/teiaeducation.ch\/fr\/produit\/cartes-dexercices-prepares-pour-le-cabinet-de-geometrie-nienhuis-montessori\/\"]}]},{\"@type\":\"ImageObject\",\"inLanguage\":\"fr-FR\",\"@id\":\"https:\/\/teiaeducation.ch\/fr\/produit\/cartes-dexercices-prepares-pour-le-cabinet-de-geometrie-nienhuis-montessori\/#primaryimage\",\"url\":\"https:\/\/teiaeducation.ch\/wp-content\/uploads\/2019\/05\/400_061001_main_or_1-scaled-scaled.jpg\",\"contentUrl\":\"https:\/\/teiaeducation.ch\/wp-content\/uploads\/2019\/05\/400_061001_main_or_1-scaled-scaled.jpg\",\"width\":2048,\"height\":2048,\"caption\":\"Cartes d'exercices pr\u00e9par\u00e9s pour le cabinet de g\u00e9om\u00e9trie - Nienhuis Montessori\"},{\"@type\":\"BreadcrumbList\",\"@id\":\"https:\/\/teiaeducation.ch\/fr\/produit\/cartes-dexercices-prepares-pour-le-cabinet-de-geometrie-nienhuis-montessori\/#breadcrumb\",\"itemListElement\":[{\"@type\":\"ListItem\",\"position\":1,\"name\":\"Home\",\"item\":\"https:\/\/teiaeducation.ch\/fr\/\"},{\"@type\":\"ListItem\",\"position\":2,\"name\":\"Boutique Teia Education &amp; Play\",\"item\":\"https:\/\/teiaeducation.ch\/fr\/boutique\/\"},{\"@type\":\"ListItem\",\"position\":3,\"name\":\"Nos Marques\",\"item\":\"https:\/\/teiaeducation.ch\/fr\/categorie-produit\/marques\/\"},{\"@type\":\"ListItem\",\"position\":4,\"name\":\"Nienhuis Montessori Suisse\",\"item\":\"https:\/\/teiaeducation.ch\/fr\/categorie-produit\/marques\/nienhuis-montessori-materiel-fr\/\"},{\"@type\":\"ListItem\",\"position\":5,\"name\":\"Enrichissements\",\"item\":\"https:\/\/teiaeducation.ch\/fr\/categorie-produit\/marques\/nienhuis-montessori-materiel-fr\/enrichissements\/\"},{\"@type\":\"ListItem\",\"position\":6,\"name\":\"Cartes d&#8217;exercices pr\u00e9par\u00e9s pour le cabinet de g\u00e9om\u00e9trie &#8211; Nienhuis Montessori\"}]},{\"@type\":\"WebSite\",\"@id\":\"https:\/\/teiaeducation.ch\/fr\/#website\",\"url\":\"https:\/\/teiaeducation.ch\/fr\/\",\"name\":\"Sustainable Educational Products &amp; Ecological Toys\u00a0\",\"description\":\"Specialised Swiss shop selling sustainable educational toys and games, AMI certified Montessori materials, handmade ecological wooden Waldorf toys and arts &amp; crafts supplies, school supplies, children&#039;s furniture and Montessori reference and parenting books.\",\"publisher\":{\"@id\":\"https:\/\/teiaeducation.ch\/fr\/#organization\"},\"alternateName\":\"Teia Education & Play\",\"potentialAction\":[{\"@type\":\"SearchAction\",\"target\":{\"@type\":\"EntryPoint\",\"urlTemplate\":\"https:\/\/teiaeducation.ch\/fr\/?s={search_term_string}\"},\"query-input\":{\"@type\":\"PropertyValueSpecification\",\"valueRequired\":true,\"valueName\":\"search_term_string\"}}],\"inLanguage\":\"fr-FR\"},{\"@type\":\"Organization\",\"@id\":\"https:\/\/teiaeducation.ch\/fr\/#organization\",\"name\":\"Teia Education & Play\",\"url\":\"https:\/\/teiaeducation.ch\/fr\/\",\"logo\":{\"@type\":\"ImageObject\",\"inLanguage\":\"fr-FR\",\"@id\":\"https:\/\/teiaeducation.ch\/fr\/#\/schema\/logo\/image\/\",\"url\":\"https:\/\/teiaeducation.ch\/wp-content\/uploads\/2020\/11\/Teia-Education-Switzerland-e1620156442216.jpg\",\"contentUrl\":\"https:\/\/teiaeducation.ch\/wp-content\/uploads\/2020\/11\/Teia-Education-Switzerland-e1620156442216.jpg\",\"width\":166,\"height\":145,\"caption\":\"Teia Education & Play\"},\"image\":{\"@id\":\"https:\/\/teiaeducation.ch\/fr\/#\/schema\/logo\/image\/\"},\"sameAs\":[\"https:\/\/www.facebook.com\/teiaeducation\/\",\"https:\/\/x.com\/EducationTeia\",\"https:\/\/www.instagram.com\/teia.education\/\",\"https:\/\/www.linkedin.com\/company\/35501660\",\"https:\/\/www.pinterest.ch\/TeiaEducation\/\"]}]}<\/script>\n<!-- \/ Yoast SEO plugin. -->","yoast_head_json":{"title":"Cartes d'exercices cabinet de g\u00e9om\u00e9trie - Nienhuis Montessori","description":"Les cartes d'exercices pr\u00e9par\u00e9s pour le cabinet de g\u00e9om\u00e9trie de Nienhuis Montessori proposent des exercices suppl\u00e9mentaires avec le cabinet de g\u00e9om\u00e9trie.","robots":{"index":"index","follow":"follow","max-snippet":"max-snippet:-1","max-image-preview":"max-image-preview:large","max-video-preview":"max-video-preview:-1"},"canonical":"https:\/\/teiaeducation.ch\/fr\/produit\/cartes-dexercices-prepares-pour-le-cabinet-de-geometrie-nienhuis-montessori\/","og_locale":"fr_FR","og_type":"article","og_title":"Cartes d'exercices cabinet de g\u00e9om\u00e9trie - Nienhuis Montessori","og_description":"Les cartes d'exercices pr\u00e9par\u00e9s pour le cabinet de g\u00e9om\u00e9trie de Nienhuis Montessori proposent des exercices suppl\u00e9mentaires avec le cabinet de g\u00e9om\u00e9trie.","og_url":"https:\/\/teiaeducation.ch\/fr\/produit\/cartes-dexercices-prepares-pour-le-cabinet-de-geometrie-nienhuis-montessori\/","og_site_name":"Sustainable Educational Products &amp; Ecological Toys\u00a0","article_publisher":"https:\/\/www.facebook.com\/teiaeducation\/","article_modified_time":"2022-11-28T10:38:34+00:00","og_image":[{"width":2048,"height":2048,"url":"https:\/\/teiaeducation.ch\/wp-content\/uploads\/2019\/05\/400_061001_main_or_1-scaled-scaled.jpg","type":"image\/jpeg"}],"schema":{"@context":"https:\/\/schema.org","@graph":[{"@type":"WebPage","@id":"https:\/\/teiaeducation.ch\/fr\/produit\/cartes-dexercices-prepares-pour-le-cabinet-de-geometrie-nienhuis-montessori\/","url":"https:\/\/teiaeducation.ch\/fr\/produit\/cartes-dexercices-prepares-pour-le-cabinet-de-geometrie-nienhuis-montessori\/","name":"Cartes d'exercices cabinet de g\u00e9om\u00e9trie - Nienhuis Montessori","isPartOf":{"@id":"https:\/\/teiaeducation.ch\/fr\/#website"},"primaryImageOfPage":{"@id":"https:\/\/teiaeducation.ch\/fr\/produit\/cartes-dexercices-prepares-pour-le-cabinet-de-geometrie-nienhuis-montessori\/#primaryimage"},"image":{"@id":"https:\/\/teiaeducation.ch\/fr\/produit\/cartes-dexercices-prepares-pour-le-cabinet-de-geometrie-nienhuis-montessori\/#primaryimage"},"thumbnailUrl":"https:\/\/teiaeducation.ch\/wp-content\/uploads\/2019\/05\/400_061001_main_or_1-scaled-scaled.jpg","datePublished":"2018-12-01T19:16:07+00:00","dateModified":"2022-11-28T10:38:34+00:00","description":"Les cartes d'exercices pr\u00e9par\u00e9s pour le cabinet de g\u00e9om\u00e9trie de Nienhuis Montessori proposent des exercices suppl\u00e9mentaires avec le cabinet de g\u00e9om\u00e9trie.","breadcrumb":{"@id":"https:\/\/teiaeducation.ch\/fr\/produit\/cartes-dexercices-prepares-pour-le-cabinet-de-geometrie-nienhuis-montessori\/#breadcrumb"},"inLanguage":"fr-FR","potentialAction":[{"@type":"ReadAction","target":["https:\/\/teiaeducation.ch\/fr\/produit\/cartes-dexercices-prepares-pour-le-cabinet-de-geometrie-nienhuis-montessori\/"]}]},{"@type":"ImageObject","inLanguage":"fr-FR","@id":"https:\/\/teiaeducation.ch\/fr\/produit\/cartes-dexercices-prepares-pour-le-cabinet-de-geometrie-nienhuis-montessori\/#primaryimage","url":"https:\/\/teiaeducation.ch\/wp-content\/uploads\/2019\/05\/400_061001_main_or_1-scaled-scaled.jpg","contentUrl":"https:\/\/teiaeducation.ch\/wp-content\/uploads\/2019\/05\/400_061001_main_or_1-scaled-scaled.jpg","width":2048,"height":2048,"caption":"Cartes d'exercices pr\u00e9par\u00e9s pour le cabinet de g\u00e9om\u00e9trie - Nienhuis Montessori"},{"@type":"BreadcrumbList","@id":"https:\/\/teiaeducation.ch\/fr\/produit\/cartes-dexercices-prepares-pour-le-cabinet-de-geometrie-nienhuis-montessori\/#breadcrumb","itemListElement":[{"@type":"ListItem","position":1,"name":"Home","item":"https:\/\/teiaeducation.ch\/fr\/"},{"@type":"ListItem","position":2,"name":"Boutique Teia Education &amp; Play","item":"https:\/\/teiaeducation.ch\/fr\/boutique\/"},{"@type":"ListItem","position":3,"name":"Nos Marques","item":"https:\/\/teiaeducation.ch\/fr\/categorie-produit\/marques\/"},{"@type":"ListItem","position":4,"name":"Nienhuis Montessori Suisse","item":"https:\/\/teiaeducation.ch\/fr\/categorie-produit\/marques\/nienhuis-montessori-materiel-fr\/"},{"@type":"ListItem","position":5,"name":"Enrichissements","item":"https:\/\/teiaeducation.ch\/fr\/categorie-produit\/marques\/nienhuis-montessori-materiel-fr\/enrichissements\/"},{"@type":"ListItem","position":6,"name":"Cartes d&#8217;exercices pr\u00e9par\u00e9s pour le cabinet de g\u00e9om\u00e9trie &#8211; Nienhuis Montessori"}]},{"@type":"WebSite","@id":"https:\/\/teiaeducation.ch\/fr\/#website","url":"https:\/\/teiaeducation.ch\/fr\/","name":"Sustainable Educational Products &amp; Ecological Toys\u00a0","description":"Specialised Swiss shop selling sustainable educational toys and games, AMI certified Montessori materials, handmade ecological wooden Waldorf toys and arts &amp; crafts supplies, school supplies, children&#039;s furniture and Montessori reference and parenting books.","publisher":{"@id":"https:\/\/teiaeducation.ch\/fr\/#organization"},"alternateName":"Teia Education & Play","potentialAction":[{"@type":"SearchAction","target":{"@type":"EntryPoint","urlTemplate":"https:\/\/teiaeducation.ch\/fr\/?s={search_term_string}"},"query-input":{"@type":"PropertyValueSpecification","valueRequired":true,"valueName":"search_term_string"}}],"inLanguage":"fr-FR"},{"@type":"Organization","@id":"https:\/\/teiaeducation.ch\/fr\/#organization","name":"Teia Education & Play","url":"https:\/\/teiaeducation.ch\/fr\/","logo":{"@type":"ImageObject","inLanguage":"fr-FR","@id":"https:\/\/teiaeducation.ch\/fr\/#\/schema\/logo\/image\/","url":"https:\/\/teiaeducation.ch\/wp-content\/uploads\/2020\/11\/Teia-Education-Switzerland-e1620156442216.jpg","contentUrl":"https:\/\/teiaeducation.ch\/wp-content\/uploads\/2020\/11\/Teia-Education-Switzerland-e1620156442216.jpg","width":166,"height":145,"caption":"Teia Education & Play"},"image":{"@id":"https:\/\/teiaeducation.ch\/fr\/#\/schema\/logo\/image\/"},"sameAs":["https:\/\/www.facebook.com\/teiaeducation\/","https:\/\/x.com\/EducationTeia","https:\/\/www.instagram.com\/teia.education\/","https:\/\/www.linkedin.com\/company\/35501660","https:\/\/www.pinterest.ch\/TeiaEducation\/"]}]}},"_links":{"self":[{"href":"https:\/\/teiaeducation.ch\/fr\/wp-json\/wp\/v2\/product\/23112","targetHints":{"allow":["GET"]}}],"collection":[{"href":"https:\/\/teiaeducation.ch\/fr\/wp-json\/wp\/v2\/product"}],"about":[{"href":"https:\/\/teiaeducation.ch\/fr\/wp-json\/wp\/v2\/types\/product"}],"replies":[{"embeddable":true,"href":"https:\/\/teiaeducation.ch\/fr\/wp-json\/wp\/v2\/comments?post=23112"}],"wp:featuredmedia":[{"embeddable":true,"href":"https:\/\/teiaeducation.ch\/fr\/wp-json\/wp\/v2\/media\/13187"}],"wp:attachment":[{"href":"https:\/\/teiaeducation.ch\/fr\/wp-json\/wp\/v2\/media?parent=23112"}],"wp:term":[{"taxonomy":"product_brand","embeddable":true,"href":"https:\/\/teiaeducation.ch\/fr\/wp-json\/wp\/v2\/product_brand?post=23112"},{"taxonomy":"product_cat","embeddable":true,"href":"https:\/\/teiaeducation.ch\/fr\/wp-json\/wp\/v2\/product_cat?post=23112"},{"taxonomy":"product_tag","embeddable":true,"href":"https:\/\/teiaeducation.ch\/fr\/wp-json\/wp\/v2\/product_tag?post=23112"}],"curies":[{"name":"wp","href":"https:\/\/api.w.org\/{rel}","templated":true}]}}