{"id":23131,"date":"2018-12-01T20:29:48","date_gmt":"2018-12-01T19:29:48","guid":{"rendered":"https:\/\/teiaeducation.ch\/product\/triangles-constructeurs-bleus-12-congruents-nienhuis-montessori\/"},"modified":"2022-11-28T09:38:50","modified_gmt":"2022-11-28T08:38:50","slug":"triangles-bleus-identiques-nienhuis-montessori","status":"publish","type":"product","link":"https:\/\/teiaeducation.ch\/fr\/produit\/triangles-bleus-identiques-nienhuis-montessori\/","title":{"rendered":"Triangles bleus identiques &#8211; Nienhuis Montessori"},"content":{"rendered":"<p>Les 12 triangles bleus identiques constructeurs de Nienhuis Montessori permettent \u00e0 l&#8217;enfant d&#8217;explorer les concepts d&#8217;\u00e9quivalence, de congruence et de similarit\u00e9. L&#8217;ensemble comprend 12 triangles d&#8217;\u00e9chelle \u00e0 angle droit et une bo\u00eete de rangement en bois de h\u00eatre avec couvercle.<\/p>\n<p>Un <a href=\"https:\/\/teiaeducation.ch\/fr\/produit\/cartes-dexercices-triangles-bleus-identiques-nienhuis-montessori\/\">ensemble<\/a>\u00a0de cartes d&#8217;exercices pr\u00e9par\u00e9s pour des exercices suppl\u00e9mentaires avec les 12 triangles bleus identiques est \u00e9galement disponible s\u00e9par\u00e9ment.<\/p>\n<p>La marque n\u00e9erlandaise Nienhuis Montessori est la marque leader mondiale Montessori, qui honore et perp\u00e9tue l\u2019h\u00e9ritage de Maria Montessori et fabrique la gamme la plus vaste et la plus innovante du mat\u00e9riel \u00e9ducatif <a href=\"https:\/\/teiaeducation.ch\/fr\/categorie-produit\/methode-deducation\/montessori-fr\/\">Montessori<\/a>. Tout les mat\u00e9riaux et <a href=\"https:\/\/teiaeducation.ch\/fr\/categorie-produit\/materiel-indispensable\/meubles-montessori\/\">meubles<\/a> de Nienhuis Montessori sont certifi\u00e9s par le comit\u00e9 des mat\u00e9riaux de l\u2019Association Montessori Internationale (<a href=\"https:\/\/montessori-ami.org\/\">AMI<\/a>) et sont m\u00e9ticuleusement con\u00e7us pour isoler les difficult\u00e9s afin que les enfants puissent se concentrer, se ma\u00eetriser et s\u2019\u00e9panouir.<\/p>\n<p><a href=\"https:\/\/teiaeducation.ch\/fr\/categorie-produit\/marques\/nienhuis-montessori-materiel-fr\/\">Nienhuis Montessori<\/a> est l\u2019une des marques de la soci\u00e9t\u00e9 n\u00e9erlandaise Heutink International, qui propose les meilleures marques \u00e9ducatives mondiales, sp\u00e9cialis\u00e9s\u00a0dans l\u2019apprentissage par le jeu.<\/p>\n<p>Ce mat\u00e9riel convient aux enfants \u00e2g\u00e9s de 5 ans et plus.<\/p>\n<p>Contenu :<\/p>\n<p>12 triangles blues<br \/>\n1 bo\u00eete de rangement en bois avec couvercle<\/p>\n<p><em><span class=\"tlid-translation translation\" lang=\"fr\"><span title=\"\">Nous n'avons actuellement pas cet article en stock, mais il est disponible en pr\u00e9-commande.<\/span> <span class=\"\" title=\"\">Nous commanderons cet article pour vous aupr\u00e8s de notre fournisseur.<\/span> <span class=\"\" title=\"\">Veuillez allouer de 2 \u00e0 3 semaines maximum pour la livraison.<\/span><\/span><\/em><\/p>\n\t<div id=\"gap-1786082781\" class=\"gap-element clearfix\" style=\"display:block; height:auto;\">\n\t\t\n<style>\n#gap-1786082781 {\n  padding-top: 20px;\n}\n<\/style>\n\t<\/div>\n\t\n","protected":false},"excerpt":{"rendered":"<p>Num\u00e9ro d&#8217;article: 0049F0<\/p>\n<p>Les 12 triangles bleus identiques constructeurs de Nienhuis Montessori permettent d&#8217;explorer les concepts d&#8217;\u00e9quivalence, de congruence et de similarit\u00e9.<\/p>\n","protected":false},"featured_media":38424,"comment_status":"closed","ping_status":"closed","template":"","meta":[],"product_brand":[],"product_cat":[215,8580,216,283,8526,289,624,8567,288,7595,1218,207,217,276,209,212],"product_tag":[7699,7650,768,803,767,1230,1231,1229],"class_list":{"0":"post-23131","1":"product","2":"type-product","3":"status-publish","4":"has-post-thumbnail","6":"product_cat-3-6-ans","7":"product_cat-6-12-ans-ecole-a-domicile","8":"product_cat-6-12-ans","9":"product_cat-domaines-du-curriculum","10":"product_cat-fournitures-scolaires-a-domicile","11":"product_cat-geometrie","12":"product_cat-formes","13":"product_cat-materiel-scolaire-montessori","14":"product_cat-mathematiques-calcul","15":"product_cat-methode-deducation","16":"product_cat-montessori-fr","17":"product_cat-nienhuis-montessori-materiel-fr","18":"product_cat-marques","19":"product_cat-sensoriel","20":"product_cat-sensorielles-motrices","21":"product_cat-tranche-dage","22":"product_tag-cartes-dexercices-prepares-pour-les-12-triangles-bleus-identiques-nienhuis-montessori","23":"product_tag-geometrie-montessori-fr-2","24":"product_tag-materiel-montessori-suisse","25":"product_tag-nienhuis-montessori-fr","26":"product_tag-nienhuis-montessori-suisse-fr-2","27":"product_tag-petite-enfance-3-6","28":"product_tag-sens-visuel","29":"product_tag-sensoriel","31":"first","32":"onbackorder","33":"taxable","34":"shipping-taxable","35":"purchasable","36":"product-type-simple"},"yoast_head":"<!-- This site is optimized with the Yoast SEO plugin v27.3 - https:\/\/yoast.com\/product\/yoast-seo-wordpress\/ -->\n<title>Triangles bleus identiques - Nienhuis Montessori<\/title>\n<meta name=\"description\" content=\"Les 12 triangles bleus identiques constructeurs de Nienhuis Montessori permettent d&#039;explorer les concepts d&#039;\u00e9quivalence, de congruence et de similarit\u00e9.\" \/>\n<meta name=\"robots\" content=\"index, follow, max-snippet:-1, max-image-preview:large, max-video-preview:-1\" \/>\n<link rel=\"canonical\" href=\"https:\/\/teiaeducation.ch\/fr\/produit\/triangles-bleus-identiques-nienhuis-montessori\/\" \/>\n<meta property=\"og:locale\" content=\"fr_FR\" \/>\n<meta property=\"og:type\" content=\"article\" \/>\n<meta property=\"og:title\" content=\"Triangles bleus identiques - Nienhuis Montessori\" \/>\n<meta property=\"og:description\" content=\"Les 12 triangles bleus identiques constructeurs de Nienhuis Montessori permettent d&#039;explorer les concepts d&#039;\u00e9quivalence, de congruence et de similarit\u00e9.\" \/>\n<meta property=\"og:url\" content=\"https:\/\/teiaeducation.ch\/fr\/produit\/triangles-bleus-identiques-nienhuis-montessori\/\" \/>\n<meta property=\"og:site_name\" content=\"Sustainable Educational Products &amp; Ecological Toys\u00a0\" \/>\n<meta property=\"article:publisher\" content=\"https:\/\/www.facebook.com\/teiaeducation\/\" \/>\n<meta property=\"article:modified_time\" content=\"2022-11-28T08:38:50+00:00\" \/>\n<meta property=\"og:image\" content=\"https:\/\/teiaeducation.ch\/wp-content\/uploads\/2019\/05\/12-identical-blue-triangles-Nienhuis-Montessori-scaled.jpg\" \/>\n\t<meta property=\"og:image:width\" content=\"900\" \/>\n\t<meta property=\"og:image:height\" content=\"900\" \/>\n\t<meta property=\"og:image:type\" content=\"image\/jpeg\" \/>\n<script type=\"application\/ld+json\" class=\"yoast-schema-graph\">{\"@context\":\"https:\\\/\\\/schema.org\",\"@graph\":[{\"@type\":\"WebPage\",\"@id\":\"https:\\\/\\\/teiaeducation.ch\\\/fr\\\/produit\\\/triangles-bleus-identiques-nienhuis-montessori\\\/\",\"url\":\"https:\\\/\\\/teiaeducation.ch\\\/fr\\\/produit\\\/triangles-bleus-identiques-nienhuis-montessori\\\/\",\"name\":\"Triangles bleus identiques - Nienhuis Montessori\",\"isPartOf\":{\"@id\":\"https:\\\/\\\/teiaeducation.ch\\\/fr\\\/#website\"},\"primaryImageOfPage\":{\"@id\":\"https:\\\/\\\/teiaeducation.ch\\\/fr\\\/produit\\\/triangles-bleus-identiques-nienhuis-montessori\\\/#primaryimage\"},\"image\":{\"@id\":\"https:\\\/\\\/teiaeducation.ch\\\/fr\\\/produit\\\/triangles-bleus-identiques-nienhuis-montessori\\\/#primaryimage\"},\"thumbnailUrl\":\"https:\\\/\\\/teiaeducation.ch\\\/wp-content\\\/uploads\\\/2019\\\/05\\\/12-identical-blue-triangles-Nienhuis-Montessori-scaled.jpg\",\"datePublished\":\"2018-12-01T19:29:48+00:00\",\"dateModified\":\"2022-11-28T08:38:50+00:00\",\"description\":\"Les 12 triangles bleus identiques constructeurs de Nienhuis Montessori permettent d'explorer les concepts d'\u00e9quivalence, de congruence et de similarit\u00e9.\",\"breadcrumb\":{\"@id\":\"https:\\\/\\\/teiaeducation.ch\\\/fr\\\/produit\\\/triangles-bleus-identiques-nienhuis-montessori\\\/#breadcrumb\"},\"inLanguage\":\"fr-FR\",\"potentialAction\":[{\"@type\":\"ReadAction\",\"target\":[\"https:\\\/\\\/teiaeducation.ch\\\/fr\\\/produit\\\/triangles-bleus-identiques-nienhuis-montessori\\\/\"]}]},{\"@type\":\"ImageObject\",\"inLanguage\":\"fr-FR\",\"@id\":\"https:\\\/\\\/teiaeducation.ch\\\/fr\\\/produit\\\/triangles-bleus-identiques-nienhuis-montessori\\\/#primaryimage\",\"url\":\"https:\\\/\\\/teiaeducation.ch\\\/wp-content\\\/uploads\\\/2019\\\/05\\\/12-identical-blue-triangles-Nienhuis-Montessori-scaled.jpg\",\"contentUrl\":\"https:\\\/\\\/teiaeducation.ch\\\/wp-content\\\/uploads\\\/2019\\\/05\\\/12-identical-blue-triangles-Nienhuis-Montessori-scaled.jpg\",\"width\":900,\"height\":900,\"caption\":\"12 identical blue triangles - Nienhuis Montessori\"},{\"@type\":\"BreadcrumbList\",\"@id\":\"https:\\\/\\\/teiaeducation.ch\\\/fr\\\/produit\\\/triangles-bleus-identiques-nienhuis-montessori\\\/#breadcrumb\",\"itemListElement\":[{\"@type\":\"ListItem\",\"position\":1,\"name\":\"Home\",\"item\":\"https:\\\/\\\/teiaeducation.ch\\\/fr\\\/\"},{\"@type\":\"ListItem\",\"position\":2,\"name\":\"Boutique Teia Education &amp; Play\",\"item\":\"https:\\\/\\\/teiaeducation.ch\\\/fr\\\/boutique\\\/\"},{\"@type\":\"ListItem\",\"position\":3,\"name\":\"Domaines du Curriculum\",\"item\":\"https:\\\/\\\/teiaeducation.ch\\\/fr\\\/categorie-produit\\\/domaines-du-curriculum\\\/\"},{\"@type\":\"ListItem\",\"position\":4,\"name\":\"Math\u00e9matiques &amp; Calcul\",\"item\":\"https:\\\/\\\/teiaeducation.ch\\\/fr\\\/categorie-produit\\\/domaines-du-curriculum\\\/mathematiques-calcul\\\/\"},{\"@type\":\"ListItem\",\"position\":5,\"name\":\"La G\u00e9ometrie\",\"item\":\"https:\\\/\\\/teiaeducation.ch\\\/fr\\\/categorie-produit\\\/domaines-du-curriculum\\\/mathematiques-calcul\\\/geometrie\\\/\"},{\"@type\":\"ListItem\",\"position\":6,\"name\":\"Triangles bleus identiques &#8211; Nienhuis Montessori\"}]},{\"@type\":\"WebSite\",\"@id\":\"https:\\\/\\\/teiaeducation.ch\\\/fr\\\/#website\",\"url\":\"https:\\\/\\\/teiaeducation.ch\\\/fr\\\/\",\"name\":\"Sustainable Educational Products &amp; Ecological Toys\u00a0\",\"description\":\"Specialised Swiss shop selling sustainable educational toys and games, AMI certified Montessori materials, handmade ecological wooden Waldorf toys and arts &amp; crafts supplies, school supplies, children&#039;s furniture and Montessori reference and parenting books.\",\"publisher\":{\"@id\":\"https:\\\/\\\/teiaeducation.ch\\\/fr\\\/#organization\"},\"alternateName\":\"Teia Education & Play\",\"potentialAction\":[{\"@type\":\"SearchAction\",\"target\":{\"@type\":\"EntryPoint\",\"urlTemplate\":\"https:\\\/\\\/teiaeducation.ch\\\/fr\\\/?s={search_term_string}\"},\"query-input\":{\"@type\":\"PropertyValueSpecification\",\"valueRequired\":true,\"valueName\":\"search_term_string\"}}],\"inLanguage\":\"fr-FR\"},{\"@type\":\"Organization\",\"@id\":\"https:\\\/\\\/teiaeducation.ch\\\/fr\\\/#organization\",\"name\":\"Teia Education & Play\",\"url\":\"https:\\\/\\\/teiaeducation.ch\\\/fr\\\/\",\"logo\":{\"@type\":\"ImageObject\",\"inLanguage\":\"fr-FR\",\"@id\":\"https:\\\/\\\/teiaeducation.ch\\\/fr\\\/#\\\/schema\\\/logo\\\/image\\\/\",\"url\":\"https:\\\/\\\/teiaeducation.ch\\\/wp-content\\\/uploads\\\/2020\\\/11\\\/Teia-Education-Switzerland-e1620156442216.jpg\",\"contentUrl\":\"https:\\\/\\\/teiaeducation.ch\\\/wp-content\\\/uploads\\\/2020\\\/11\\\/Teia-Education-Switzerland-e1620156442216.jpg\",\"width\":166,\"height\":145,\"caption\":\"Teia Education & Play\"},\"image\":{\"@id\":\"https:\\\/\\\/teiaeducation.ch\\\/fr\\\/#\\\/schema\\\/logo\\\/image\\\/\"},\"sameAs\":[\"https:\\\/\\\/www.facebook.com\\\/teiaeducation\\\/\",\"https:\\\/\\\/x.com\\\/EducationTeia\",\"https:\\\/\\\/www.instagram.com\\\/teia.education\\\/\",\"https:\\\/\\\/www.linkedin.com\\\/company\\\/35501660\",\"https:\\\/\\\/www.pinterest.ch\\\/TeiaEducation\\\/\"]}]}<\/script>\n<!-- \/ Yoast SEO plugin. -->","yoast_head_json":{"title":"Triangles bleus identiques - Nienhuis Montessori","description":"Les 12 triangles bleus identiques constructeurs de Nienhuis Montessori permettent d'explorer les concepts d'\u00e9quivalence, de congruence et de similarit\u00e9.","robots":{"index":"index","follow":"follow","max-snippet":"max-snippet:-1","max-image-preview":"max-image-preview:large","max-video-preview":"max-video-preview:-1"},"canonical":"https:\/\/teiaeducation.ch\/fr\/produit\/triangles-bleus-identiques-nienhuis-montessori\/","og_locale":"fr_FR","og_type":"article","og_title":"Triangles bleus identiques - Nienhuis Montessori","og_description":"Les 12 triangles bleus identiques constructeurs de Nienhuis Montessori permettent d'explorer les concepts d'\u00e9quivalence, de congruence et de similarit\u00e9.","og_url":"https:\/\/teiaeducation.ch\/fr\/produit\/triangles-bleus-identiques-nienhuis-montessori\/","og_site_name":"Sustainable Educational Products &amp; Ecological Toys\u00a0","article_publisher":"https:\/\/www.facebook.com\/teiaeducation\/","article_modified_time":"2022-11-28T08:38:50+00:00","og_image":[{"width":900,"height":900,"url":"https:\/\/teiaeducation.ch\/wp-content\/uploads\/2019\/05\/12-identical-blue-triangles-Nienhuis-Montessori-scaled.jpg","type":"image\/jpeg"}],"schema":{"@context":"https:\/\/schema.org","@graph":[{"@type":"WebPage","@id":"https:\/\/teiaeducation.ch\/fr\/produit\/triangles-bleus-identiques-nienhuis-montessori\/","url":"https:\/\/teiaeducation.ch\/fr\/produit\/triangles-bleus-identiques-nienhuis-montessori\/","name":"Triangles bleus identiques - Nienhuis Montessori","isPartOf":{"@id":"https:\/\/teiaeducation.ch\/fr\/#website"},"primaryImageOfPage":{"@id":"https:\/\/teiaeducation.ch\/fr\/produit\/triangles-bleus-identiques-nienhuis-montessori\/#primaryimage"},"image":{"@id":"https:\/\/teiaeducation.ch\/fr\/produit\/triangles-bleus-identiques-nienhuis-montessori\/#primaryimage"},"thumbnailUrl":"https:\/\/teiaeducation.ch\/wp-content\/uploads\/2019\/05\/12-identical-blue-triangles-Nienhuis-Montessori-scaled.jpg","datePublished":"2018-12-01T19:29:48+00:00","dateModified":"2022-11-28T08:38:50+00:00","description":"Les 12 triangles bleus identiques constructeurs de Nienhuis Montessori permettent d'explorer les concepts d'\u00e9quivalence, de congruence et de similarit\u00e9.","breadcrumb":{"@id":"https:\/\/teiaeducation.ch\/fr\/produit\/triangles-bleus-identiques-nienhuis-montessori\/#breadcrumb"},"inLanguage":"fr-FR","potentialAction":[{"@type":"ReadAction","target":["https:\/\/teiaeducation.ch\/fr\/produit\/triangles-bleus-identiques-nienhuis-montessori\/"]}]},{"@type":"ImageObject","inLanguage":"fr-FR","@id":"https:\/\/teiaeducation.ch\/fr\/produit\/triangles-bleus-identiques-nienhuis-montessori\/#primaryimage","url":"https:\/\/teiaeducation.ch\/wp-content\/uploads\/2019\/05\/12-identical-blue-triangles-Nienhuis-Montessori-scaled.jpg","contentUrl":"https:\/\/teiaeducation.ch\/wp-content\/uploads\/2019\/05\/12-identical-blue-triangles-Nienhuis-Montessori-scaled.jpg","width":900,"height":900,"caption":"12 identical blue triangles - Nienhuis Montessori"},{"@type":"BreadcrumbList","@id":"https:\/\/teiaeducation.ch\/fr\/produit\/triangles-bleus-identiques-nienhuis-montessori\/#breadcrumb","itemListElement":[{"@type":"ListItem","position":1,"name":"Home","item":"https:\/\/teiaeducation.ch\/fr\/"},{"@type":"ListItem","position":2,"name":"Boutique Teia Education &amp; Play","item":"https:\/\/teiaeducation.ch\/fr\/boutique\/"},{"@type":"ListItem","position":3,"name":"Domaines du Curriculum","item":"https:\/\/teiaeducation.ch\/fr\/categorie-produit\/domaines-du-curriculum\/"},{"@type":"ListItem","position":4,"name":"Math\u00e9matiques &amp; Calcul","item":"https:\/\/teiaeducation.ch\/fr\/categorie-produit\/domaines-du-curriculum\/mathematiques-calcul\/"},{"@type":"ListItem","position":5,"name":"La G\u00e9ometrie","item":"https:\/\/teiaeducation.ch\/fr\/categorie-produit\/domaines-du-curriculum\/mathematiques-calcul\/geometrie\/"},{"@type":"ListItem","position":6,"name":"Triangles bleus identiques &#8211; Nienhuis Montessori"}]},{"@type":"WebSite","@id":"https:\/\/teiaeducation.ch\/fr\/#website","url":"https:\/\/teiaeducation.ch\/fr\/","name":"Sustainable Educational Products &amp; Ecological Toys\u00a0","description":"Specialised Swiss shop selling sustainable educational toys and games, AMI certified Montessori materials, handmade ecological wooden Waldorf toys and arts &amp; crafts supplies, school supplies, children&#039;s furniture and Montessori reference and parenting books.","publisher":{"@id":"https:\/\/teiaeducation.ch\/fr\/#organization"},"alternateName":"Teia Education & Play","potentialAction":[{"@type":"SearchAction","target":{"@type":"EntryPoint","urlTemplate":"https:\/\/teiaeducation.ch\/fr\/?s={search_term_string}"},"query-input":{"@type":"PropertyValueSpecification","valueRequired":true,"valueName":"search_term_string"}}],"inLanguage":"fr-FR"},{"@type":"Organization","@id":"https:\/\/teiaeducation.ch\/fr\/#organization","name":"Teia Education & Play","url":"https:\/\/teiaeducation.ch\/fr\/","logo":{"@type":"ImageObject","inLanguage":"fr-FR","@id":"https:\/\/teiaeducation.ch\/fr\/#\/schema\/logo\/image\/","url":"https:\/\/teiaeducation.ch\/wp-content\/uploads\/2020\/11\/Teia-Education-Switzerland-e1620156442216.jpg","contentUrl":"https:\/\/teiaeducation.ch\/wp-content\/uploads\/2020\/11\/Teia-Education-Switzerland-e1620156442216.jpg","width":166,"height":145,"caption":"Teia Education & Play"},"image":{"@id":"https:\/\/teiaeducation.ch\/fr\/#\/schema\/logo\/image\/"},"sameAs":["https:\/\/www.facebook.com\/teiaeducation\/","https:\/\/x.com\/EducationTeia","https:\/\/www.instagram.com\/teia.education\/","https:\/\/www.linkedin.com\/company\/35501660","https:\/\/www.pinterest.ch\/TeiaEducation\/"]}]}},"_links":{"self":[{"href":"https:\/\/teiaeducation.ch\/fr\/wp-json\/wp\/v2\/product\/23131","targetHints":{"allow":["GET"]}}],"collection":[{"href":"https:\/\/teiaeducation.ch\/fr\/wp-json\/wp\/v2\/product"}],"about":[{"href":"https:\/\/teiaeducation.ch\/fr\/wp-json\/wp\/v2\/types\/product"}],"replies":[{"embeddable":true,"href":"https:\/\/teiaeducation.ch\/fr\/wp-json\/wp\/v2\/comments?post=23131"}],"wp:featuredmedia":[{"embeddable":true,"href":"https:\/\/teiaeducation.ch\/fr\/wp-json\/wp\/v2\/media\/38424"}],"wp:attachment":[{"href":"https:\/\/teiaeducation.ch\/fr\/wp-json\/wp\/v2\/media?parent=23131"}],"wp:term":[{"taxonomy":"product_brand","embeddable":true,"href":"https:\/\/teiaeducation.ch\/fr\/wp-json\/wp\/v2\/product_brand?post=23131"},{"taxonomy":"product_cat","embeddable":true,"href":"https:\/\/teiaeducation.ch\/fr\/wp-json\/wp\/v2\/product_cat?post=23131"},{"taxonomy":"product_tag","embeddable":true,"href":"https:\/\/teiaeducation.ch\/fr\/wp-json\/wp\/v2\/product_tag?post=23131"}],"curies":[{"name":"wp","href":"https:\/\/api.w.org\/{rel}","templated":true}]}}