{"id":23137,"date":"2021-01-27T16:39:11","date_gmt":"2021-01-27T15:39:11","guid":{"rendered":"https:\/\/teiaeducation.ch\/product\/cartes-des-contrastes-geographiques-jeu-1-nienhuis-montessori\/"},"modified":"2021-04-08T09:58:08","modified_gmt":"2021-04-08T07:58:08","slug":"cartes-des-contrastes-geographiques-1-nienhuis-montessori","status":"publish","type":"product","link":"https:\/\/teiaeducation.ch\/fr\/produit\/cartes-des-contrastes-geographiques-1-nienhuis-montessori\/","title":{"rendered":"Cartes des contrastes g\u00e9ographiques (1) &#8211; Nienhuis Montessori"},"content":{"rendered":"<p>Cartes des contrastes g\u00e9ographiques (1)<span data-sheets-value=\"{&quot;1&quot;:2,&quot;2&quot;:&quot;Globe color\u00e9 des parties du monde&quot;}\" data-sheets-userformat=\"{&quot;2&quot;:6312,&quot;6&quot;:{&quot;1&quot;:[{&quot;1&quot;:2,&quot;2&quot;:0,&quot;5&quot;:[null,2,12582912]},{&quot;1&quot;:0,&quot;2&quot;:0,&quot;3&quot;:1},{&quot;1&quot;:1,&quot;2&quot;:0,&quot;4&quot;:1}]},&quot;8&quot;:{&quot;1&quot;:[{&quot;1&quot;:2,&quot;2&quot;:0,&quot;5&quot;:[null,2,12582912]},{&quot;1&quot;:0,&quot;2&quot;:0,&quot;3&quot;:1},{&quot;1&quot;:1,&quot;2&quot;:0,&quot;4&quot;:1}]},&quot;10&quot;:2,&quot;14&quot;:[null,2,0],&quot;15&quot;:&quot;Trebuchet MS&quot;}\"> \/ Mat\u00e9riel Montessori de g\u00e9ographie &#8211; Nienhuis Montessori<\/span><\/p>\n<p>Les cartes contrastes g\u00e9ographiques de\u00a0Nienhuis Montessori (jeu 1) est un mat\u00e9riel compl\u00e9mentaire <span data-sheets-value=\"{&quot;1&quot;:2,&quot;2&quot;:&quot;Globe color\u00e9 des parties du monde&quot;}\" data-sheets-userformat=\"{&quot;2&quot;:6312,&quot;6&quot;:{&quot;1&quot;:[{&quot;1&quot;:2,&quot;2&quot;:0,&quot;5&quot;:[null,2,12582912]},{&quot;1&quot;:0,&quot;2&quot;:0,&quot;3&quot;:1},{&quot;1&quot;:1,&quot;2&quot;:0,&quot;4&quot;:1}]},&quot;8&quot;:{&quot;1&quot;:[{&quot;1&quot;:2,&quot;2&quot;:0,&quot;5&quot;:[null,2,12582912]},{&quot;1&quot;:0,&quot;2&quot;:0,&quot;3&quot;:1},{&quot;1&quot;:1,&quot;2&quot;:0,&quot;4&quot;:1}]},&quot;10&quot;:2,&quot;14&quot;:[null,2,0],&quot;15&quot;:&quot;Trebuchet MS&quot;}\">de g\u00e9ographie\u00a0<\/span>\u00e0 utiliser pour des exercices suppl\u00e9mentaires avec la premi\u00e8re ensemble des <a href=\"https:\/\/teiaeducation.ch\/fr\/produit\/plateaux-de-formes-terre-et-mers-1-nienhuis-montessori\/\">plateaux<\/a> des contrastes g\u00e9ographiques. Ce set d&#8217;activit\u00e9s contient 2 jeux de cartes de nomenclature en couleur, 1 jeu d&#8217;\u00e9tiquettes s\u00e9par\u00e9es, 1 jeu de contr\u00f4le de cartes de nomenclature \u00e9tiquet\u00e9es en bas et des fiches de texte pour chaque carte de nomenclature.<\/p>\n<p>Un livre \u00e0 reliure spirale contenant un ensemble complet pour l&#8217;enseignement et la r\u00e9f\u00e9rence est \u00e9galement inclus.<\/p>\n<p>L&#8217;ensemble est fabriqu\u00e9 en plastique \u00e9pais pour une meilleure durabilit\u00e9 et est livr\u00e9 avec une bo\u00eete en bois de rangement.<\/p>\n<p>La marque n\u00e9erlandaise Nienhuis Montessori est la marque leader mondiale Montessori, qui honore et perp\u00e9tue l\u2019h\u00e9ritage de Maria Montessori et fabrique la gamme la plus vaste et la plus innovante du mat\u00e9riel \u00e9ducatif Montessori. Tout les mat\u00e9riaux, le mobilier et le mat\u00e9riel p\u00e9dagogique\u00a0de Nienhuis Montessori sont certifi\u00e9s par le comit\u00e9 des mat\u00e9riaux de l\u2019Association Montessori Internationale (<a href=\"https:\/\/montessori-ami.org\/\">AMI<\/a>) et sont m\u00e9ticuleusement con\u00e7us pour isoler les difficult\u00e9s afin que les enfants puissent se concentrer, se ma\u00eetriser et s\u2019\u00e9panouir.<\/p>\n<p>Nienhuis Montessori est l\u2019une des marques de la soci\u00e9t\u00e9 n\u00e9erlandaise Heutink International, qui propose les meilleures marques \u00e9ducatives mondiales, sp\u00e9cialis\u00e9s\u00a0dans l\u2019apprentissage par le jeu.<\/p>\n<p>Ce mat\u00e9riel convient aux enfants de 6 ans et plus.<\/p>\n<p>Contenu :<\/p>\n<p>2 jeux de cartes de nomenclature<br \/>\n1 s\u00e9rie de labels<br \/>\n1 ensemble de contr\u00f4le<br \/>\n1 livre \u00e0 reliure spirale<br \/>\n1 bo\u00eete de rangement en bois<\/p>\n","protected":false},"excerpt":{"rendered":"<p>Num\u00e9ro d&#8217;article: 076601<\/p>\n<p>Les cartes contrastes g\u00e9ographiques de\u00a0Nienhuis Montessori (jeu 1) sont utilis\u00e9es pour des exercices avec les plateaux des contrastes g\u00e9ographiques.<\/p>\n","protected":false},"featured_media":12897,"comment_status":"closed","ping_status":"closed","template":"","meta":[],"product_brand":[],"product_cat":[216,285,296,284,283,268,293,8526,272,596,594,277,8567,7595,1218,207,217,13154,292,212],"product_tag":[7702,1288,7629,807,768,1290,803,767,1230,7714,1231,1229,7713],"class_list":{"0":"post-23137","1":"product","2":"type-product","3":"status-publish","4":"has-post-thumbnail","6":"product_cat-6-12-ans","7":"product_cat-alphabetisation-langage","8":"product_cat-cartes-nomenclature","9":"product_cat-culture-sciences","10":"product_cat-domaines-du-curriculum","11":"product_cat-enrichissements","12":"product_cat-ensembles-dactivites","13":"product_cat-fournitures-scolaires-a-domicile","14":"product_cat-geographie","15":"product_cat-geographie-humaine-culture","16":"product_cat-terre-et-univers","17":"product_cat-materiel-indispensable","18":"product_cat-materiel-scolaire-montessori","19":"product_cat-methode-deducation","20":"product_cat-montessori-fr","21":"product_cat-nienhuis-montessori-materiel-fr","22":"product_cat-marques","23":"product_cat-pack-classe-6-12-ans","24":"product_cat-appui-au-curriculum","25":"product_cat-tranche-dage","26":"product_tag-cartes-des-contrastes-geographiques-montessori","27":"product_tag-elementaire-6-12","28":"product_tag-geographie","29":"product_tag-geographie-montessori","30":"product_tag-materiel-montessori-suisse","31":"product_tag-montessori-univers-et-terre","32":"product_tag-nienhuis-montessori-fr","33":"product_tag-nienhuis-montessori-suisse-fr-2","34":"product_tag-petite-enfance-3-6","35":"product_tag-plateaux-en-forme-de-terre-et-deau-nienhuis-montessori","36":"product_tag-sens-visuel","37":"product_tag-sensoriel","38":"product_tag-terre","40":"first","41":"instock","42":"taxable","43":"shipping-taxable","44":"purchasable","45":"product-type-simple"},"yoast_head":"<!-- This site is optimized with the Yoast SEO plugin v27.1.1 - https:\/\/yoast.com\/product\/yoast-seo-wordpress\/ -->\n<title>Cartes des contrastes g\u00e9ographiques (1) - Nienhuis Montessori<\/title>\n<meta name=\"description\" content=\"Les cartes contrastes g\u00e9ographiques de\u00a0Nienhuis Montessori (jeu 1) est un mat\u00e9riel de g\u00e9ographie pour des exercices avec les plateaux des contrastes.\" \/>\n<meta name=\"robots\" content=\"index, follow, max-snippet:-1, max-image-preview:large, max-video-preview:-1\" \/>\n<link rel=\"canonical\" href=\"https:\/\/teiaeducation.ch\/fr\/produit\/cartes-des-contrastes-geographiques-1-nienhuis-montessori\/\" \/>\n<meta property=\"og:locale\" content=\"fr_FR\" \/>\n<meta property=\"og:type\" content=\"article\" \/>\n<meta property=\"og:title\" content=\"Cartes des contrastes g\u00e9ographiques (1) - Nienhuis Montessori\" \/>\n<meta property=\"og:description\" content=\"Les cartes contrastes g\u00e9ographiques de\u00a0Nienhuis Montessori (jeu 1) est un mat\u00e9riel de g\u00e9ographie pour des exercices avec les plateaux des contrastes.\" \/>\n<meta property=\"og:url\" content=\"https:\/\/teiaeducation.ch\/fr\/produit\/cartes-des-contrastes-geographiques-1-nienhuis-montessori\/\" \/>\n<meta property=\"og:site_name\" content=\"Sustainable Educational Products &amp; Ecological Toys\u00a0\" \/>\n<meta property=\"article:publisher\" content=\"https:\/\/www.facebook.com\/teiaeducation\/\" \/>\n<meta property=\"article:modified_time\" content=\"2021-04-08T07:58:08+00:00\" \/>\n<meta property=\"og:image\" content=\"https:\/\/teiaeducation.ch\/wp-content\/uploads\/2019\/05\/400_076601_main_or_1-scaled-scaled.jpg\" \/>\n\t<meta property=\"og:image:width\" content=\"2048\" \/>\n\t<meta property=\"og:image:height\" content=\"2048\" \/>\n\t<meta property=\"og:image:type\" content=\"image\/jpeg\" \/>\n<script type=\"application\/ld+json\" class=\"yoast-schema-graph\">{\"@context\":\"https:\/\/schema.org\",\"@graph\":[{\"@type\":\"WebPage\",\"@id\":\"https:\/\/teiaeducation.ch\/fr\/produit\/cartes-des-contrastes-geographiques-1-nienhuis-montessori\/\",\"url\":\"https:\/\/teiaeducation.ch\/fr\/produit\/cartes-des-contrastes-geographiques-1-nienhuis-montessori\/\",\"name\":\"Cartes des contrastes g\u00e9ographiques (1) - Nienhuis Montessori\",\"isPartOf\":{\"@id\":\"https:\/\/teiaeducation.ch\/fr\/#website\"},\"primaryImageOfPage\":{\"@id\":\"https:\/\/teiaeducation.ch\/fr\/produit\/cartes-des-contrastes-geographiques-1-nienhuis-montessori\/#primaryimage\"},\"image\":{\"@id\":\"https:\/\/teiaeducation.ch\/fr\/produit\/cartes-des-contrastes-geographiques-1-nienhuis-montessori\/#primaryimage\"},\"thumbnailUrl\":\"https:\/\/teiaeducation.ch\/wp-content\/uploads\/2019\/05\/400_076601_main_or_1-scaled-scaled.jpg\",\"datePublished\":\"2021-01-27T15:39:11+00:00\",\"dateModified\":\"2021-04-08T07:58:08+00:00\",\"description\":\"Les cartes contrastes g\u00e9ographiques de\u00a0Nienhuis Montessori (jeu 1) est un mat\u00e9riel de g\u00e9ographie pour des exercices avec les plateaux des contrastes.\",\"breadcrumb\":{\"@id\":\"https:\/\/teiaeducation.ch\/fr\/produit\/cartes-des-contrastes-geographiques-1-nienhuis-montessori\/#breadcrumb\"},\"inLanguage\":\"fr-FR\",\"potentialAction\":[{\"@type\":\"ReadAction\",\"target\":[\"https:\/\/teiaeducation.ch\/fr\/produit\/cartes-des-contrastes-geographiques-1-nienhuis-montessori\/\"]}]},{\"@type\":\"ImageObject\",\"inLanguage\":\"fr-FR\",\"@id\":\"https:\/\/teiaeducation.ch\/fr\/produit\/cartes-des-contrastes-geographiques-1-nienhuis-montessori\/#primaryimage\",\"url\":\"https:\/\/teiaeducation.ch\/wp-content\/uploads\/2019\/05\/400_076601_main_or_1-scaled-scaled.jpg\",\"contentUrl\":\"https:\/\/teiaeducation.ch\/wp-content\/uploads\/2019\/05\/400_076601_main_or_1-scaled-scaled.jpg\",\"width\":2048,\"height\":2048,\"caption\":\"Cartes des contrastes g\u00e9ographiques, jeu 1 - Nienhuis Montessori\"},{\"@type\":\"BreadcrumbList\",\"@id\":\"https:\/\/teiaeducation.ch\/fr\/produit\/cartes-des-contrastes-geographiques-1-nienhuis-montessori\/#breadcrumb\",\"itemListElement\":[{\"@type\":\"ListItem\",\"position\":1,\"name\":\"Home\",\"item\":\"https:\/\/teiaeducation.ch\/fr\/\"},{\"@type\":\"ListItem\",\"position\":2,\"name\":\"Boutique Teia Education &amp; Play\",\"item\":\"https:\/\/teiaeducation.ch\/fr\/boutique\/\"},{\"@type\":\"ListItem\",\"position\":3,\"name\":\"Nos Marques\",\"item\":\"https:\/\/teiaeducation.ch\/fr\/categorie-produit\/marques\/\"},{\"@type\":\"ListItem\",\"position\":4,\"name\":\"Nienhuis Montessori Suisse\",\"item\":\"https:\/\/teiaeducation.ch\/fr\/categorie-produit\/marques\/nienhuis-montessori-materiel-fr\/\"},{\"@type\":\"ListItem\",\"position\":5,\"name\":\"G\u00e9ographie\",\"item\":\"https:\/\/teiaeducation.ch\/fr\/categorie-produit\/marques\/nienhuis-montessori-materiel-fr\/geographie\/\"},{\"@type\":\"ListItem\",\"position\":6,\"name\":\"Cartes des contrastes g\u00e9ographiques (1) &#8211; Nienhuis Montessori\"}]},{\"@type\":\"WebSite\",\"@id\":\"https:\/\/teiaeducation.ch\/fr\/#website\",\"url\":\"https:\/\/teiaeducation.ch\/fr\/\",\"name\":\"Sustainable Educational Products &amp; Ecological Toys\u00a0\",\"description\":\"Specialised Swiss shop selling sustainable educational toys and games, AMI certified Montessori materials, handmade ecological wooden Waldorf toys and arts &amp; crafts supplies, school supplies, children&#039;s furniture and Montessori reference and parenting books.\",\"publisher\":{\"@id\":\"https:\/\/teiaeducation.ch\/fr\/#organization\"},\"alternateName\":\"Teia Education & Play\",\"potentialAction\":[{\"@type\":\"SearchAction\",\"target\":{\"@type\":\"EntryPoint\",\"urlTemplate\":\"https:\/\/teiaeducation.ch\/fr\/?s={search_term_string}\"},\"query-input\":{\"@type\":\"PropertyValueSpecification\",\"valueRequired\":true,\"valueName\":\"search_term_string\"}}],\"inLanguage\":\"fr-FR\"},{\"@type\":\"Organization\",\"@id\":\"https:\/\/teiaeducation.ch\/fr\/#organization\",\"name\":\"Teia Education & Play\",\"url\":\"https:\/\/teiaeducation.ch\/fr\/\",\"logo\":{\"@type\":\"ImageObject\",\"inLanguage\":\"fr-FR\",\"@id\":\"https:\/\/teiaeducation.ch\/fr\/#\/schema\/logo\/image\/\",\"url\":\"https:\/\/teiaeducation.ch\/wp-content\/uploads\/2020\/11\/Teia-Education-Switzerland-e1620156442216.jpg\",\"contentUrl\":\"https:\/\/teiaeducation.ch\/wp-content\/uploads\/2020\/11\/Teia-Education-Switzerland-e1620156442216.jpg\",\"width\":166,\"height\":145,\"caption\":\"Teia Education & Play\"},\"image\":{\"@id\":\"https:\/\/teiaeducation.ch\/fr\/#\/schema\/logo\/image\/\"},\"sameAs\":[\"https:\/\/www.facebook.com\/teiaeducation\/\",\"https:\/\/x.com\/EducationTeia\",\"https:\/\/www.instagram.com\/teia.education\/\",\"https:\/\/www.linkedin.com\/company\/35501660\",\"https:\/\/www.pinterest.ch\/TeiaEducation\/\"]}]}<\/script>\n<!-- \/ Yoast SEO plugin. -->","yoast_head_json":{"title":"Cartes des contrastes g\u00e9ographiques (1) - Nienhuis Montessori","description":"Les cartes contrastes g\u00e9ographiques de\u00a0Nienhuis Montessori (jeu 1) est un mat\u00e9riel de g\u00e9ographie pour des exercices avec les plateaux des contrastes.","robots":{"index":"index","follow":"follow","max-snippet":"max-snippet:-1","max-image-preview":"max-image-preview:large","max-video-preview":"max-video-preview:-1"},"canonical":"https:\/\/teiaeducation.ch\/fr\/produit\/cartes-des-contrastes-geographiques-1-nienhuis-montessori\/","og_locale":"fr_FR","og_type":"article","og_title":"Cartes des contrastes g\u00e9ographiques (1) - Nienhuis Montessori","og_description":"Les cartes contrastes g\u00e9ographiques de\u00a0Nienhuis Montessori (jeu 1) est un mat\u00e9riel de g\u00e9ographie pour des exercices avec les plateaux des contrastes.","og_url":"https:\/\/teiaeducation.ch\/fr\/produit\/cartes-des-contrastes-geographiques-1-nienhuis-montessori\/","og_site_name":"Sustainable Educational Products &amp; Ecological Toys\u00a0","article_publisher":"https:\/\/www.facebook.com\/teiaeducation\/","article_modified_time":"2021-04-08T07:58:08+00:00","og_image":[{"width":2048,"height":2048,"url":"https:\/\/teiaeducation.ch\/wp-content\/uploads\/2019\/05\/400_076601_main_or_1-scaled-scaled.jpg","type":"image\/jpeg"}],"schema":{"@context":"https:\/\/schema.org","@graph":[{"@type":"WebPage","@id":"https:\/\/teiaeducation.ch\/fr\/produit\/cartes-des-contrastes-geographiques-1-nienhuis-montessori\/","url":"https:\/\/teiaeducation.ch\/fr\/produit\/cartes-des-contrastes-geographiques-1-nienhuis-montessori\/","name":"Cartes des contrastes g\u00e9ographiques (1) - Nienhuis Montessori","isPartOf":{"@id":"https:\/\/teiaeducation.ch\/fr\/#website"},"primaryImageOfPage":{"@id":"https:\/\/teiaeducation.ch\/fr\/produit\/cartes-des-contrastes-geographiques-1-nienhuis-montessori\/#primaryimage"},"image":{"@id":"https:\/\/teiaeducation.ch\/fr\/produit\/cartes-des-contrastes-geographiques-1-nienhuis-montessori\/#primaryimage"},"thumbnailUrl":"https:\/\/teiaeducation.ch\/wp-content\/uploads\/2019\/05\/400_076601_main_or_1-scaled-scaled.jpg","datePublished":"2021-01-27T15:39:11+00:00","dateModified":"2021-04-08T07:58:08+00:00","description":"Les cartes contrastes g\u00e9ographiques de\u00a0Nienhuis Montessori (jeu 1) est un mat\u00e9riel de g\u00e9ographie pour des exercices avec les plateaux des contrastes.","breadcrumb":{"@id":"https:\/\/teiaeducation.ch\/fr\/produit\/cartes-des-contrastes-geographiques-1-nienhuis-montessori\/#breadcrumb"},"inLanguage":"fr-FR","potentialAction":[{"@type":"ReadAction","target":["https:\/\/teiaeducation.ch\/fr\/produit\/cartes-des-contrastes-geographiques-1-nienhuis-montessori\/"]}]},{"@type":"ImageObject","inLanguage":"fr-FR","@id":"https:\/\/teiaeducation.ch\/fr\/produit\/cartes-des-contrastes-geographiques-1-nienhuis-montessori\/#primaryimage","url":"https:\/\/teiaeducation.ch\/wp-content\/uploads\/2019\/05\/400_076601_main_or_1-scaled-scaled.jpg","contentUrl":"https:\/\/teiaeducation.ch\/wp-content\/uploads\/2019\/05\/400_076601_main_or_1-scaled-scaled.jpg","width":2048,"height":2048,"caption":"Cartes des contrastes g\u00e9ographiques, jeu 1 - Nienhuis Montessori"},{"@type":"BreadcrumbList","@id":"https:\/\/teiaeducation.ch\/fr\/produit\/cartes-des-contrastes-geographiques-1-nienhuis-montessori\/#breadcrumb","itemListElement":[{"@type":"ListItem","position":1,"name":"Home","item":"https:\/\/teiaeducation.ch\/fr\/"},{"@type":"ListItem","position":2,"name":"Boutique Teia Education &amp; Play","item":"https:\/\/teiaeducation.ch\/fr\/boutique\/"},{"@type":"ListItem","position":3,"name":"Nos Marques","item":"https:\/\/teiaeducation.ch\/fr\/categorie-produit\/marques\/"},{"@type":"ListItem","position":4,"name":"Nienhuis Montessori Suisse","item":"https:\/\/teiaeducation.ch\/fr\/categorie-produit\/marques\/nienhuis-montessori-materiel-fr\/"},{"@type":"ListItem","position":5,"name":"G\u00e9ographie","item":"https:\/\/teiaeducation.ch\/fr\/categorie-produit\/marques\/nienhuis-montessori-materiel-fr\/geographie\/"},{"@type":"ListItem","position":6,"name":"Cartes des contrastes g\u00e9ographiques (1) &#8211; Nienhuis Montessori"}]},{"@type":"WebSite","@id":"https:\/\/teiaeducation.ch\/fr\/#website","url":"https:\/\/teiaeducation.ch\/fr\/","name":"Sustainable Educational Products &amp; Ecological Toys\u00a0","description":"Specialised Swiss shop selling sustainable educational toys and games, AMI certified Montessori materials, handmade ecological wooden Waldorf toys and arts &amp; crafts supplies, school supplies, children&#039;s furniture and Montessori reference and parenting books.","publisher":{"@id":"https:\/\/teiaeducation.ch\/fr\/#organization"},"alternateName":"Teia Education & Play","potentialAction":[{"@type":"SearchAction","target":{"@type":"EntryPoint","urlTemplate":"https:\/\/teiaeducation.ch\/fr\/?s={search_term_string}"},"query-input":{"@type":"PropertyValueSpecification","valueRequired":true,"valueName":"search_term_string"}}],"inLanguage":"fr-FR"},{"@type":"Organization","@id":"https:\/\/teiaeducation.ch\/fr\/#organization","name":"Teia Education & Play","url":"https:\/\/teiaeducation.ch\/fr\/","logo":{"@type":"ImageObject","inLanguage":"fr-FR","@id":"https:\/\/teiaeducation.ch\/fr\/#\/schema\/logo\/image\/","url":"https:\/\/teiaeducation.ch\/wp-content\/uploads\/2020\/11\/Teia-Education-Switzerland-e1620156442216.jpg","contentUrl":"https:\/\/teiaeducation.ch\/wp-content\/uploads\/2020\/11\/Teia-Education-Switzerland-e1620156442216.jpg","width":166,"height":145,"caption":"Teia Education & Play"},"image":{"@id":"https:\/\/teiaeducation.ch\/fr\/#\/schema\/logo\/image\/"},"sameAs":["https:\/\/www.facebook.com\/teiaeducation\/","https:\/\/x.com\/EducationTeia","https:\/\/www.instagram.com\/teia.education\/","https:\/\/www.linkedin.com\/company\/35501660","https:\/\/www.pinterest.ch\/TeiaEducation\/"]}]}},"_links":{"self":[{"href":"https:\/\/teiaeducation.ch\/fr\/wp-json\/wp\/v2\/product\/23137","targetHints":{"allow":["GET"]}}],"collection":[{"href":"https:\/\/teiaeducation.ch\/fr\/wp-json\/wp\/v2\/product"}],"about":[{"href":"https:\/\/teiaeducation.ch\/fr\/wp-json\/wp\/v2\/types\/product"}],"replies":[{"embeddable":true,"href":"https:\/\/teiaeducation.ch\/fr\/wp-json\/wp\/v2\/comments?post=23137"}],"wp:featuredmedia":[{"embeddable":true,"href":"https:\/\/teiaeducation.ch\/fr\/wp-json\/wp\/v2\/media\/12897"}],"wp:attachment":[{"href":"https:\/\/teiaeducation.ch\/fr\/wp-json\/wp\/v2\/media?parent=23137"}],"wp:term":[{"taxonomy":"product_brand","embeddable":true,"href":"https:\/\/teiaeducation.ch\/fr\/wp-json\/wp\/v2\/product_brand?post=23137"},{"taxonomy":"product_cat","embeddable":true,"href":"https:\/\/teiaeducation.ch\/fr\/wp-json\/wp\/v2\/product_cat?post=23137"},{"taxonomy":"product_tag","embeddable":true,"href":"https:\/\/teiaeducation.ch\/fr\/wp-json\/wp\/v2\/product_tag?post=23137"}],"curies":[{"name":"wp","href":"https:\/\/api.w.org\/{rel}","templated":true}]}}