{"id":23146,"date":"2019-11-29T09:48:43","date_gmt":"2019-11-29T08:48:43","guid":{"rendered":"https:\/\/teiaeducation.ch\/product\/36-anneaux-12-couleurs-grapat\/"},"modified":"2023-08-02T14:38:01","modified_gmt":"2023-08-02T12:38:01","slug":"36-anneaux-12-couleurs-grapat","status":"publish","type":"product","link":"https:\/\/teiaeducation.ch\/fr\/produit\/36-anneaux-12-couleurs-grapat\/","title":{"rendered":"36 anneaux (12 couleurs) &#8211; Grapat"},"content":{"rendered":"<p>36 anneaux (12 couleurs) &#8211; Grapat<\/p>\n<p>L\u2019ensemble de pi\u00e8ces libres 36 anneaux de Grapat comprend 36 anneaux de 12 couleurs diff\u00e9rentes. Tous les anneaux sont enti\u00e8rement fabriqu\u00e9s de bois \u00e0 la main. Les 36 anneaux sont \u00e9galement disponible en <a href=\"https:\/\/teiaeducation.ch\/fr\/produit\/36-anneaux-grapat\/\">6 couleurs<\/a>.<\/p>\n<p>Ce mat\u00e9riel convient aux enfants de 10 mois et plus.<\/p>\n","protected":false},"excerpt":{"rendered":"<p>Num\u00e9ro d&#8217;article: 16-148<\/p>\n","protected":false},"featured_media":21527,"comment_status":"closed","ping_status":"closed","template":"","meta":[],"product_brand":[],"product_cat":[208,215,216,8526,1208,1211,17243,8572,13130,626,23020,23021,13140,7595,217,5851,212,1219],"product_tag":[1225,650,1242,1227,1241,23582,1231,1229,23603],"class_list":{"0":"post-23146","1":"product","2":"type-product","3":"status-publish","4":"has-post-thumbnail","6":"product_cat-1-3-ans","7":"product_cat-3-6-ans","8":"product_cat-6-12-ans","9":"product_cat-fournitures-scolaires-a-domicile","10":"product_cat-grapat-fr","11":"product_cat-pieces-libres-mandalas","12":"product_cat-guide-cadeaux-0-12-mois","13":"product_cat-jeu-et-apprentissage-pour-bebes-et-jeunes-enfants","14":"product_cat-jouer","15":"product_cat-jouets-a-trier","16":"product_cat-jouets-en-bois","17":"product_cat-jouets-waldorf","18":"product_cat-jeu-libre","19":"product_cat-methode-deducation","20":"product_cat-marques","21":"product_cat-nouveautes","22":"product_cat-tranche-dage","23":"product_cat-waldorf-fr","24":"product_tag-grapat-grapat","25":"product_tag-jouets-educatifs-suisse","26":"product_tag-jouets-en-bois-fr","27":"product_tag-jouets-ouverts","28":"product_tag-jouets-waldorf","29":"product_tag-open-ended-play-fr","30":"product_tag-sens-visuel","31":"product_tag-sensoriel","32":"product_tag-wooden-toys-fr","34":"first","35":"instock","36":"taxable","37":"shipping-taxable","38":"purchasable","39":"product-type-simple"},"yoast_head":"<!-- This site is optimized with the Yoast SEO plugin v27.1.1 - https:\/\/yoast.com\/product\/yoast-seo-wordpress\/ -->\n<title>36 anneaux (12 couleurs) - Grapat - Teia Education &amp; Play<\/title>\n<meta name=\"description\" content=\"L\u2019ensemble de pi\u00e8ces libres 36 anneaux de Grapat comprend 36 anneaux de 12 couleurs diff\u00e9rentes enti\u00e8rement fabriqu\u00e9s de bois \u00e0 la main.\" \/>\n<meta name=\"robots\" content=\"index, follow, max-snippet:-1, max-image-preview:large, max-video-preview:-1\" \/>\n<link rel=\"canonical\" href=\"https:\/\/teiaeducation.ch\/fr\/produit\/36-anneaux-12-couleurs-grapat\/\" \/>\n<meta property=\"og:locale\" content=\"fr_FR\" \/>\n<meta property=\"og:type\" content=\"article\" \/>\n<meta property=\"og:title\" content=\"36 anneaux (12 couleurs) - Grapat - Teia Education &amp; Play\" \/>\n<meta property=\"og:description\" content=\"L\u2019ensemble de pi\u00e8ces libres 36 anneaux de Grapat comprend 36 anneaux de 12 couleurs diff\u00e9rentes enti\u00e8rement fabriqu\u00e9s de bois \u00e0 la main.\" \/>\n<meta property=\"og:url\" content=\"https:\/\/teiaeducation.ch\/fr\/produit\/36-anneaux-12-couleurs-grapat\/\" \/>\n<meta property=\"og:site_name\" content=\"Sustainable Educational Products &amp; Ecological Toys\u00a0\" \/>\n<meta property=\"article:publisher\" content=\"https:\/\/www.facebook.com\/teiaeducation\/\" \/>\n<meta property=\"article:modified_time\" content=\"2023-08-02T12:38:01+00:00\" \/>\n<meta property=\"og:image\" content=\"https:\/\/teiaeducation.ch\/wp-content\/uploads\/2019\/11\/36-rings-12-colours-Grapat-1-scaled-scaled.jpg\" \/>\n\t<meta property=\"og:image:width\" content=\"2048\" \/>\n\t<meta property=\"og:image:height\" content=\"1366\" \/>\n\t<meta property=\"og:image:type\" content=\"image\/jpeg\" \/>\n<script type=\"application\/ld+json\" class=\"yoast-schema-graph\">{\"@context\":\"https:\/\/schema.org\",\"@graph\":[{\"@type\":\"WebPage\",\"@id\":\"https:\/\/teiaeducation.ch\/fr\/produit\/36-anneaux-12-couleurs-grapat\/\",\"url\":\"https:\/\/teiaeducation.ch\/fr\/produit\/36-anneaux-12-couleurs-grapat\/\",\"name\":\"36 anneaux (12 couleurs) - Grapat - Teia Education & Play\",\"isPartOf\":{\"@id\":\"https:\/\/teiaeducation.ch\/fr\/#website\"},\"primaryImageOfPage\":{\"@id\":\"https:\/\/teiaeducation.ch\/fr\/produit\/36-anneaux-12-couleurs-grapat\/#primaryimage\"},\"image\":{\"@id\":\"https:\/\/teiaeducation.ch\/fr\/produit\/36-anneaux-12-couleurs-grapat\/#primaryimage\"},\"thumbnailUrl\":\"https:\/\/teiaeducation.ch\/wp-content\/uploads\/2019\/11\/36-rings-12-colours-Grapat-1-scaled-scaled.jpg\",\"datePublished\":\"2019-11-29T08:48:43+00:00\",\"dateModified\":\"2023-08-02T12:38:01+00:00\",\"description\":\"L\u2019ensemble de pi\u00e8ces libres 36 anneaux de Grapat comprend 36 anneaux de 12 couleurs diff\u00e9rentes enti\u00e8rement fabriqu\u00e9s de bois \u00e0 la main.\",\"breadcrumb\":{\"@id\":\"https:\/\/teiaeducation.ch\/fr\/produit\/36-anneaux-12-couleurs-grapat\/#breadcrumb\"},\"inLanguage\":\"fr-FR\",\"potentialAction\":[{\"@type\":\"ReadAction\",\"target\":[\"https:\/\/teiaeducation.ch\/fr\/produit\/36-anneaux-12-couleurs-grapat\/\"]}]},{\"@type\":\"ImageObject\",\"inLanguage\":\"fr-FR\",\"@id\":\"https:\/\/teiaeducation.ch\/fr\/produit\/36-anneaux-12-couleurs-grapat\/#primaryimage\",\"url\":\"https:\/\/teiaeducation.ch\/wp-content\/uploads\/2019\/11\/36-rings-12-colours-Grapat-1-scaled-scaled.jpg\",\"contentUrl\":\"https:\/\/teiaeducation.ch\/wp-content\/uploads\/2019\/11\/36-rings-12-colours-Grapat-1-scaled-scaled.jpg\",\"width\":2048,\"height\":1366,\"caption\":\"36 anneaux (12 couleurs) - Grapat\"},{\"@type\":\"BreadcrumbList\",\"@id\":\"https:\/\/teiaeducation.ch\/fr\/produit\/36-anneaux-12-couleurs-grapat\/#breadcrumb\",\"itemListElement\":[{\"@type\":\"ListItem\",\"position\":1,\"name\":\"Home\",\"item\":\"https:\/\/teiaeducation.ch\/fr\/\"},{\"@type\":\"ListItem\",\"position\":2,\"name\":\"Boutique Teia Education &amp; Play\",\"item\":\"https:\/\/teiaeducation.ch\/fr\/boutique\/\"},{\"@type\":\"ListItem\",\"position\":3,\"name\":\"Nos Marques\",\"item\":\"https:\/\/teiaeducation.ch\/fr\/categorie-produit\/marques\/\"},{\"@type\":\"ListItem\",\"position\":4,\"name\":\"Grapat\",\"item\":\"https:\/\/teiaeducation.ch\/fr\/categorie-produit\/marques\/grapat-fr\/\"},{\"@type\":\"ListItem\",\"position\":5,\"name\":\"Grapat Pi\u00e8ces Libres &amp; Mandalas\",\"item\":\"https:\/\/teiaeducation.ch\/fr\/categorie-produit\/marques\/grapat-fr\/pieces-libres-mandalas\/\"},{\"@type\":\"ListItem\",\"position\":6,\"name\":\"36 anneaux (12 couleurs) &#8211; Grapat\"}]},{\"@type\":\"WebSite\",\"@id\":\"https:\/\/teiaeducation.ch\/fr\/#website\",\"url\":\"https:\/\/teiaeducation.ch\/fr\/\",\"name\":\"Sustainable Educational Products &amp; Ecological Toys\u00a0\",\"description\":\"Specialised Swiss shop selling sustainable educational toys and games, AMI certified Montessori materials, handmade ecological wooden Waldorf toys and arts &amp; crafts supplies, school supplies, children&#039;s furniture and Montessori reference and parenting books.\",\"publisher\":{\"@id\":\"https:\/\/teiaeducation.ch\/fr\/#organization\"},\"alternateName\":\"Teia Education & Play\",\"potentialAction\":[{\"@type\":\"SearchAction\",\"target\":{\"@type\":\"EntryPoint\",\"urlTemplate\":\"https:\/\/teiaeducation.ch\/fr\/?s={search_term_string}\"},\"query-input\":{\"@type\":\"PropertyValueSpecification\",\"valueRequired\":true,\"valueName\":\"search_term_string\"}}],\"inLanguage\":\"fr-FR\"},{\"@type\":\"Organization\",\"@id\":\"https:\/\/teiaeducation.ch\/fr\/#organization\",\"name\":\"Teia Education & Play\",\"url\":\"https:\/\/teiaeducation.ch\/fr\/\",\"logo\":{\"@type\":\"ImageObject\",\"inLanguage\":\"fr-FR\",\"@id\":\"https:\/\/teiaeducation.ch\/fr\/#\/schema\/logo\/image\/\",\"url\":\"https:\/\/teiaeducation.ch\/wp-content\/uploads\/2020\/11\/Teia-Education-Switzerland-e1620156442216.jpg\",\"contentUrl\":\"https:\/\/teiaeducation.ch\/wp-content\/uploads\/2020\/11\/Teia-Education-Switzerland-e1620156442216.jpg\",\"width\":166,\"height\":145,\"caption\":\"Teia Education & Play\"},\"image\":{\"@id\":\"https:\/\/teiaeducation.ch\/fr\/#\/schema\/logo\/image\/\"},\"sameAs\":[\"https:\/\/www.facebook.com\/teiaeducation\/\",\"https:\/\/x.com\/EducationTeia\",\"https:\/\/www.instagram.com\/teia.education\/\",\"https:\/\/www.linkedin.com\/company\/35501660\",\"https:\/\/www.pinterest.ch\/TeiaEducation\/\"]}]}<\/script>\n<!-- \/ Yoast SEO plugin. -->","yoast_head_json":{"title":"36 anneaux (12 couleurs) - Grapat - Teia Education & Play","description":"L\u2019ensemble de pi\u00e8ces libres 36 anneaux de Grapat comprend 36 anneaux de 12 couleurs diff\u00e9rentes enti\u00e8rement fabriqu\u00e9s de bois \u00e0 la main.","robots":{"index":"index","follow":"follow","max-snippet":"max-snippet:-1","max-image-preview":"max-image-preview:large","max-video-preview":"max-video-preview:-1"},"canonical":"https:\/\/teiaeducation.ch\/fr\/produit\/36-anneaux-12-couleurs-grapat\/","og_locale":"fr_FR","og_type":"article","og_title":"36 anneaux (12 couleurs) - Grapat - Teia Education & Play","og_description":"L\u2019ensemble de pi\u00e8ces libres 36 anneaux de Grapat comprend 36 anneaux de 12 couleurs diff\u00e9rentes enti\u00e8rement fabriqu\u00e9s de bois \u00e0 la main.","og_url":"https:\/\/teiaeducation.ch\/fr\/produit\/36-anneaux-12-couleurs-grapat\/","og_site_name":"Sustainable Educational Products &amp; Ecological Toys\u00a0","article_publisher":"https:\/\/www.facebook.com\/teiaeducation\/","article_modified_time":"2023-08-02T12:38:01+00:00","og_image":[{"width":2048,"height":1366,"url":"https:\/\/teiaeducation.ch\/wp-content\/uploads\/2019\/11\/36-rings-12-colours-Grapat-1-scaled-scaled.jpg","type":"image\/jpeg"}],"schema":{"@context":"https:\/\/schema.org","@graph":[{"@type":"WebPage","@id":"https:\/\/teiaeducation.ch\/fr\/produit\/36-anneaux-12-couleurs-grapat\/","url":"https:\/\/teiaeducation.ch\/fr\/produit\/36-anneaux-12-couleurs-grapat\/","name":"36 anneaux (12 couleurs) - Grapat - Teia Education & Play","isPartOf":{"@id":"https:\/\/teiaeducation.ch\/fr\/#website"},"primaryImageOfPage":{"@id":"https:\/\/teiaeducation.ch\/fr\/produit\/36-anneaux-12-couleurs-grapat\/#primaryimage"},"image":{"@id":"https:\/\/teiaeducation.ch\/fr\/produit\/36-anneaux-12-couleurs-grapat\/#primaryimage"},"thumbnailUrl":"https:\/\/teiaeducation.ch\/wp-content\/uploads\/2019\/11\/36-rings-12-colours-Grapat-1-scaled-scaled.jpg","datePublished":"2019-11-29T08:48:43+00:00","dateModified":"2023-08-02T12:38:01+00:00","description":"L\u2019ensemble de pi\u00e8ces libres 36 anneaux de Grapat comprend 36 anneaux de 12 couleurs diff\u00e9rentes enti\u00e8rement fabriqu\u00e9s de bois \u00e0 la main.","breadcrumb":{"@id":"https:\/\/teiaeducation.ch\/fr\/produit\/36-anneaux-12-couleurs-grapat\/#breadcrumb"},"inLanguage":"fr-FR","potentialAction":[{"@type":"ReadAction","target":["https:\/\/teiaeducation.ch\/fr\/produit\/36-anneaux-12-couleurs-grapat\/"]}]},{"@type":"ImageObject","inLanguage":"fr-FR","@id":"https:\/\/teiaeducation.ch\/fr\/produit\/36-anneaux-12-couleurs-grapat\/#primaryimage","url":"https:\/\/teiaeducation.ch\/wp-content\/uploads\/2019\/11\/36-rings-12-colours-Grapat-1-scaled-scaled.jpg","contentUrl":"https:\/\/teiaeducation.ch\/wp-content\/uploads\/2019\/11\/36-rings-12-colours-Grapat-1-scaled-scaled.jpg","width":2048,"height":1366,"caption":"36 anneaux (12 couleurs) - Grapat"},{"@type":"BreadcrumbList","@id":"https:\/\/teiaeducation.ch\/fr\/produit\/36-anneaux-12-couleurs-grapat\/#breadcrumb","itemListElement":[{"@type":"ListItem","position":1,"name":"Home","item":"https:\/\/teiaeducation.ch\/fr\/"},{"@type":"ListItem","position":2,"name":"Boutique Teia Education &amp; Play","item":"https:\/\/teiaeducation.ch\/fr\/boutique\/"},{"@type":"ListItem","position":3,"name":"Nos Marques","item":"https:\/\/teiaeducation.ch\/fr\/categorie-produit\/marques\/"},{"@type":"ListItem","position":4,"name":"Grapat","item":"https:\/\/teiaeducation.ch\/fr\/categorie-produit\/marques\/grapat-fr\/"},{"@type":"ListItem","position":5,"name":"Grapat Pi\u00e8ces Libres &amp; Mandalas","item":"https:\/\/teiaeducation.ch\/fr\/categorie-produit\/marques\/grapat-fr\/pieces-libres-mandalas\/"},{"@type":"ListItem","position":6,"name":"36 anneaux (12 couleurs) &#8211; Grapat"}]},{"@type":"WebSite","@id":"https:\/\/teiaeducation.ch\/fr\/#website","url":"https:\/\/teiaeducation.ch\/fr\/","name":"Sustainable Educational Products &amp; Ecological Toys\u00a0","description":"Specialised Swiss shop selling sustainable educational toys and games, AMI certified Montessori materials, handmade ecological wooden Waldorf toys and arts &amp; crafts supplies, school supplies, children&#039;s furniture and Montessori reference and parenting books.","publisher":{"@id":"https:\/\/teiaeducation.ch\/fr\/#organization"},"alternateName":"Teia Education & Play","potentialAction":[{"@type":"SearchAction","target":{"@type":"EntryPoint","urlTemplate":"https:\/\/teiaeducation.ch\/fr\/?s={search_term_string}"},"query-input":{"@type":"PropertyValueSpecification","valueRequired":true,"valueName":"search_term_string"}}],"inLanguage":"fr-FR"},{"@type":"Organization","@id":"https:\/\/teiaeducation.ch\/fr\/#organization","name":"Teia Education & Play","url":"https:\/\/teiaeducation.ch\/fr\/","logo":{"@type":"ImageObject","inLanguage":"fr-FR","@id":"https:\/\/teiaeducation.ch\/fr\/#\/schema\/logo\/image\/","url":"https:\/\/teiaeducation.ch\/wp-content\/uploads\/2020\/11\/Teia-Education-Switzerland-e1620156442216.jpg","contentUrl":"https:\/\/teiaeducation.ch\/wp-content\/uploads\/2020\/11\/Teia-Education-Switzerland-e1620156442216.jpg","width":166,"height":145,"caption":"Teia Education & Play"},"image":{"@id":"https:\/\/teiaeducation.ch\/fr\/#\/schema\/logo\/image\/"},"sameAs":["https:\/\/www.facebook.com\/teiaeducation\/","https:\/\/x.com\/EducationTeia","https:\/\/www.instagram.com\/teia.education\/","https:\/\/www.linkedin.com\/company\/35501660","https:\/\/www.pinterest.ch\/TeiaEducation\/"]}]}},"_links":{"self":[{"href":"https:\/\/teiaeducation.ch\/fr\/wp-json\/wp\/v2\/product\/23146","targetHints":{"allow":["GET"]}}],"collection":[{"href":"https:\/\/teiaeducation.ch\/fr\/wp-json\/wp\/v2\/product"}],"about":[{"href":"https:\/\/teiaeducation.ch\/fr\/wp-json\/wp\/v2\/types\/product"}],"replies":[{"embeddable":true,"href":"https:\/\/teiaeducation.ch\/fr\/wp-json\/wp\/v2\/comments?post=23146"}],"wp:featuredmedia":[{"embeddable":true,"href":"https:\/\/teiaeducation.ch\/fr\/wp-json\/wp\/v2\/media\/21527"}],"wp:attachment":[{"href":"https:\/\/teiaeducation.ch\/fr\/wp-json\/wp\/v2\/media?parent=23146"}],"wp:term":[{"taxonomy":"product_brand","embeddable":true,"href":"https:\/\/teiaeducation.ch\/fr\/wp-json\/wp\/v2\/product_brand?post=23146"},{"taxonomy":"product_cat","embeddable":true,"href":"https:\/\/teiaeducation.ch\/fr\/wp-json\/wp\/v2\/product_cat?post=23146"},{"taxonomy":"product_tag","embeddable":true,"href":"https:\/\/teiaeducation.ch\/fr\/wp-json\/wp\/v2\/product_tag?post=23146"}],"curies":[{"name":"wp","href":"https:\/\/api.w.org\/{rel}","templated":true}]}}