{"id":23151,"date":"2019-11-29T08:54:51","date_gmt":"2019-11-29T07:54:51","guid":{"rendered":"https:\/\/teiaeducation.ch\/product\/calendrier-perpetuel-allemand-grapat\/"},"modified":"2022-03-14T09:51:46","modified_gmt":"2022-03-14T08:51:46","slug":"calendrier-perpetuel-allemand-grapat","status":"publish","type":"product","link":"https:\/\/teiaeducation.ch\/fr\/produit\/calendrier-perpetuel-allemand-grapat\/","title":{"rendered":"Calendrier perp\u00e9tuel allemand \u2013 Grapat"},"content":{"rendered":"<p>Calendrier perp\u00e9tuel allemand \u2013 Grapat<\/p>\n<p>Le kit de calendrier perp\u00e9tuel en allemand de Grapat se compose de 12 nins\u00ae en 12 couleurs diff\u00e9rentes correspondant \u00e0 celles d\u00e9finies dans la p\u00e9dagogie Waldorf, d\u00e9terminant chacun un mois et tous ensemble les 4 saisons. Aussi 1 bol de h\u00eatre naturel, 2 cubes de h\u00eatre naturel avec des num\u00e9ros imprim\u00e9s et une plate-forme d&#8217;anneau divis\u00e9 en 4 sections avec les noms des mois imprim\u00e9s sont inclus. Chacune des sections de la plate-forme repr\u00e9sente une saison. Tous les articles sont fabriqu\u00e9s enti\u00e8rement de bois \u00e0 la main.<\/p>\n<p>Le calendrier perp\u00e9tuel est disponible en 10 langues : catal\u00e0, espagnol, anglais, gallois, italien, fran\u00e7ais, n\u00e9erlandais, allemand, galicien et basquais. S&#8217;il vous pla\u00eet <a href=\"https:\/\/teiaeducation.ch\/fr\/contact-us\/\">contactez-nous<\/a> si vous souhaitez commander le calendrier dans l&#8217;une des langues \u00e9num\u00e9r\u00e9es ci-dessus.<\/p>\n<p>Ce mat\u00e9riel convient aux enfants enfants \u00e2g\u00e9s de 12 mois et plus.<\/p>\n","protected":false},"excerpt":{"rendered":"<p>Num\u00e9ro d&#8217;article: 17-171<\/p>\n","protected":false},"featured_media":5009,"comment_status":"closed","ping_status":"closed","template":"","meta":[],"product_brand":[],"product_cat":[8527,215,216,16898,17225,23635,22343,18893,22344,284,283,8526,1208,1209,21257,22421,23020,23021,288,7595,217,5851,598,22348,629,212,1219],"product_tag":[7717,1225,17959,650,1242,1227,23582,1226,23603],"class_list":{"0":"post-23151","1":"product","2":"type-product","3":"status-publish","4":"has-post-thumbnail","6":"product_cat-3-6-ans-ecole-a-domicile","7":"product_cat-3-6-ans","8":"product_cat-6-12-ans","9":"product_cat-collection-automne","10":"product_cat-celebrations-fr","11":"product_cat-collection-dete","12":"product_cat-collection-hiver","13":"product_cat-collection-printemps","14":"product_cat-collections-saisonnieres","15":"product_cat-culture-sciences","16":"product_cat-domaines-du-curriculum","17":"product_cat-fournitures-scolaires-a-domicile","18":"product_cat-grapat-fr","19":"product_cat-kits-complets","20":"product_cat-guides-cadeaux","21":"product_cat-idees-cadeaux-pour-paques","22":"product_cat-jouets-en-bois","23":"product_cat-jouets-waldorf","24":"product_cat-mathematiques-calcul","25":"product_cat-methode-deducation","26":"product_cat-marques","27":"product_cat-nouveautes","28":"product_cat-saisons-meteo","29":"product_cat-natur-saisonale-tische","30":"product_cat-temps-fr","31":"product_cat-tranche-dage","32":"product_cat-waldorf-fr","33":"product_tag-calendrier-perpetuel-waldorf","34":"product_tag-grapat-grapat","35":"product_tag-jouet-en-bois-durable-fait-a-la-main","36":"product_tag-jouets-educatifs-suisse","37":"product_tag-jouets-en-bois-fr","38":"product_tag-jouets-ouverts","39":"product_tag-open-ended-play-fr","40":"product_tag-waldorf-fr","41":"product_tag-wooden-toys-fr","43":"first","44":"outofstock","45":"taxable","46":"shipping-taxable","47":"purchasable","48":"product-type-simple"},"yoast_head":"<!-- This site is optimized with the Yoast SEO plugin v27.1.1 - https:\/\/yoast.com\/product\/yoast-seo-wordpress\/ -->\n<title>Calendrier perp\u00e9tuel allemand \u2013 Grapat - Teia Education &amp; Play<\/title>\n<meta name=\"description\" content=\"Le kit de calendrier perp\u00e9tuel en allemand de Grapat se compose de 12 nins\u00ae en 12 couleurs diff\u00e9rentes correspondant \u00e0 celles de la p\u00e9dagogie Waldorf.\" \/>\n<meta name=\"robots\" content=\"index, follow, max-snippet:-1, max-image-preview:large, max-video-preview:-1\" \/>\n<link rel=\"canonical\" href=\"https:\/\/teiaeducation.ch\/fr\/produit\/calendrier-perpetuel-allemand-grapat\/\" \/>\n<meta property=\"og:locale\" content=\"fr_FR\" \/>\n<meta property=\"og:type\" content=\"article\" \/>\n<meta property=\"og:title\" content=\"Calendrier perp\u00e9tuel allemand \u2013 Grapat - Teia Education &amp; Play\" \/>\n<meta property=\"og:description\" content=\"Le kit de calendrier perp\u00e9tuel en allemand de Grapat se compose de 12 nins\u00ae en 12 couleurs diff\u00e9rentes correspondant \u00e0 celles de la p\u00e9dagogie Waldorf.\" \/>\n<meta property=\"og:url\" content=\"https:\/\/teiaeducation.ch\/fr\/produit\/calendrier-perpetuel-allemand-grapat\/\" \/>\n<meta property=\"og:site_name\" content=\"Sustainable Educational Products &amp; Ecological Toys\u00a0\" \/>\n<meta property=\"article:publisher\" content=\"https:\/\/www.facebook.com\/teiaeducation\/\" \/>\n<meta property=\"article:modified_time\" content=\"2022-03-14T08:51:46+00:00\" \/>\n<meta property=\"og:image\" content=\"https:\/\/teiaeducation.ch\/wp-content\/uploads\/2019\/04\/Art-17-167-Perpetual-calendar-DEUTSCH-IMG_0515-.jpeg\" \/>\n\t<meta property=\"og:image:width\" content=\"901\" \/>\n\t<meta property=\"og:image:height\" content=\"900\" \/>\n\t<meta property=\"og:image:type\" content=\"image\/jpeg\" \/>\n<script type=\"application\/ld+json\" class=\"yoast-schema-graph\">{\"@context\":\"https:\/\/schema.org\",\"@graph\":[{\"@type\":\"WebPage\",\"@id\":\"https:\/\/teiaeducation.ch\/fr\/produit\/calendrier-perpetuel-allemand-grapat\/\",\"url\":\"https:\/\/teiaeducation.ch\/fr\/produit\/calendrier-perpetuel-allemand-grapat\/\",\"name\":\"Calendrier perp\u00e9tuel allemand \u2013 Grapat - Teia Education & Play\",\"isPartOf\":{\"@id\":\"https:\/\/teiaeducation.ch\/fr\/#website\"},\"primaryImageOfPage\":{\"@id\":\"https:\/\/teiaeducation.ch\/fr\/produit\/calendrier-perpetuel-allemand-grapat\/#primaryimage\"},\"image\":{\"@id\":\"https:\/\/teiaeducation.ch\/fr\/produit\/calendrier-perpetuel-allemand-grapat\/#primaryimage\"},\"thumbnailUrl\":\"https:\/\/teiaeducation.ch\/wp-content\/uploads\/2019\/04\/Art-17-167-Perpetual-calendar-DEUTSCH-IMG_0515-.jpeg\",\"datePublished\":\"2019-11-29T07:54:51+00:00\",\"dateModified\":\"2022-03-14T08:51:46+00:00\",\"description\":\"Le kit de calendrier perp\u00e9tuel en allemand de Grapat se compose de 12 nins\u00ae en 12 couleurs diff\u00e9rentes correspondant \u00e0 celles de la p\u00e9dagogie Waldorf.\",\"breadcrumb\":{\"@id\":\"https:\/\/teiaeducation.ch\/fr\/produit\/calendrier-perpetuel-allemand-grapat\/#breadcrumb\"},\"inLanguage\":\"fr-FR\",\"potentialAction\":[{\"@type\":\"ReadAction\",\"target\":[\"https:\/\/teiaeducation.ch\/fr\/produit\/calendrier-perpetuel-allemand-grapat\/\"]}]},{\"@type\":\"ImageObject\",\"inLanguage\":\"fr-FR\",\"@id\":\"https:\/\/teiaeducation.ch\/fr\/produit\/calendrier-perpetuel-allemand-grapat\/#primaryimage\",\"url\":\"https:\/\/teiaeducation.ch\/wp-content\/uploads\/2019\/04\/Art-17-167-Perpetual-calendar-DEUTSCH-IMG_0515-.jpeg\",\"contentUrl\":\"https:\/\/teiaeducation.ch\/wp-content\/uploads\/2019\/04\/Art-17-167-Perpetual-calendar-DEUTSCH-IMG_0515-.jpeg\",\"width\":901,\"height\":900,\"caption\":\"Ewiger Kalender Deutsch - Grapat\"},{\"@type\":\"BreadcrumbList\",\"@id\":\"https:\/\/teiaeducation.ch\/fr\/produit\/calendrier-perpetuel-allemand-grapat\/#breadcrumb\",\"itemListElement\":[{\"@type\":\"ListItem\",\"position\":1,\"name\":\"Home\",\"item\":\"https:\/\/teiaeducation.ch\/fr\/\"},{\"@type\":\"ListItem\",\"position\":2,\"name\":\"Boutique Teia Education &amp; Play\",\"item\":\"https:\/\/teiaeducation.ch\/fr\/boutique\/\"},{\"@type\":\"ListItem\",\"position\":3,\"name\":\"Nos Marques\",\"item\":\"https:\/\/teiaeducation.ch\/fr\/categorie-produit\/marques\/\"},{\"@type\":\"ListItem\",\"position\":4,\"name\":\"Grapat\",\"item\":\"https:\/\/teiaeducation.ch\/fr\/categorie-produit\/marques\/grapat-fr\/\"},{\"@type\":\"ListItem\",\"position\":5,\"name\":\"Grapat Kits Complets\",\"item\":\"https:\/\/teiaeducation.ch\/fr\/categorie-produit\/marques\/grapat-fr\/kits-complets\/\"},{\"@type\":\"ListItem\",\"position\":6,\"name\":\"Calendrier perp\u00e9tuel allemand \u2013 Grapat\"}]},{\"@type\":\"WebSite\",\"@id\":\"https:\/\/teiaeducation.ch\/fr\/#website\",\"url\":\"https:\/\/teiaeducation.ch\/fr\/\",\"name\":\"Sustainable Educational Products &amp; Ecological Toys\u00a0\",\"description\":\"Specialised Swiss shop selling sustainable educational toys and games, AMI certified Montessori materials, handmade ecological wooden Waldorf toys and arts &amp; crafts supplies, school supplies, children&#039;s furniture and Montessori reference and parenting books.\",\"publisher\":{\"@id\":\"https:\/\/teiaeducation.ch\/fr\/#organization\"},\"alternateName\":\"Teia Education & Play\",\"potentialAction\":[{\"@type\":\"SearchAction\",\"target\":{\"@type\":\"EntryPoint\",\"urlTemplate\":\"https:\/\/teiaeducation.ch\/fr\/?s={search_term_string}\"},\"query-input\":{\"@type\":\"PropertyValueSpecification\",\"valueRequired\":true,\"valueName\":\"search_term_string\"}}],\"inLanguage\":\"fr-FR\"},{\"@type\":\"Organization\",\"@id\":\"https:\/\/teiaeducation.ch\/fr\/#organization\",\"name\":\"Teia Education & Play\",\"url\":\"https:\/\/teiaeducation.ch\/fr\/\",\"logo\":{\"@type\":\"ImageObject\",\"inLanguage\":\"fr-FR\",\"@id\":\"https:\/\/teiaeducation.ch\/fr\/#\/schema\/logo\/image\/\",\"url\":\"https:\/\/teiaeducation.ch\/wp-content\/uploads\/2020\/11\/Teia-Education-Switzerland-e1620156442216.jpg\",\"contentUrl\":\"https:\/\/teiaeducation.ch\/wp-content\/uploads\/2020\/11\/Teia-Education-Switzerland-e1620156442216.jpg\",\"width\":166,\"height\":145,\"caption\":\"Teia Education & Play\"},\"image\":{\"@id\":\"https:\/\/teiaeducation.ch\/fr\/#\/schema\/logo\/image\/\"},\"sameAs\":[\"https:\/\/www.facebook.com\/teiaeducation\/\",\"https:\/\/x.com\/EducationTeia\",\"https:\/\/www.instagram.com\/teia.education\/\",\"https:\/\/www.linkedin.com\/company\/35501660\",\"https:\/\/www.pinterest.ch\/TeiaEducation\/\"]}]}<\/script>\n<!-- \/ Yoast SEO plugin. -->","yoast_head_json":{"title":"Calendrier perp\u00e9tuel allemand \u2013 Grapat - Teia Education & Play","description":"Le kit de calendrier perp\u00e9tuel en allemand de Grapat se compose de 12 nins\u00ae en 12 couleurs diff\u00e9rentes correspondant \u00e0 celles de la p\u00e9dagogie Waldorf.","robots":{"index":"index","follow":"follow","max-snippet":"max-snippet:-1","max-image-preview":"max-image-preview:large","max-video-preview":"max-video-preview:-1"},"canonical":"https:\/\/teiaeducation.ch\/fr\/produit\/calendrier-perpetuel-allemand-grapat\/","og_locale":"fr_FR","og_type":"article","og_title":"Calendrier perp\u00e9tuel allemand \u2013 Grapat - Teia Education & Play","og_description":"Le kit de calendrier perp\u00e9tuel en allemand de Grapat se compose de 12 nins\u00ae en 12 couleurs diff\u00e9rentes correspondant \u00e0 celles de la p\u00e9dagogie Waldorf.","og_url":"https:\/\/teiaeducation.ch\/fr\/produit\/calendrier-perpetuel-allemand-grapat\/","og_site_name":"Sustainable Educational Products &amp; Ecological Toys\u00a0","article_publisher":"https:\/\/www.facebook.com\/teiaeducation\/","article_modified_time":"2022-03-14T08:51:46+00:00","og_image":[{"width":901,"height":900,"url":"https:\/\/teiaeducation.ch\/wp-content\/uploads\/2019\/04\/Art-17-167-Perpetual-calendar-DEUTSCH-IMG_0515-.jpeg","type":"image\/jpeg"}],"schema":{"@context":"https:\/\/schema.org","@graph":[{"@type":"WebPage","@id":"https:\/\/teiaeducation.ch\/fr\/produit\/calendrier-perpetuel-allemand-grapat\/","url":"https:\/\/teiaeducation.ch\/fr\/produit\/calendrier-perpetuel-allemand-grapat\/","name":"Calendrier perp\u00e9tuel allemand \u2013 Grapat - Teia Education & Play","isPartOf":{"@id":"https:\/\/teiaeducation.ch\/fr\/#website"},"primaryImageOfPage":{"@id":"https:\/\/teiaeducation.ch\/fr\/produit\/calendrier-perpetuel-allemand-grapat\/#primaryimage"},"image":{"@id":"https:\/\/teiaeducation.ch\/fr\/produit\/calendrier-perpetuel-allemand-grapat\/#primaryimage"},"thumbnailUrl":"https:\/\/teiaeducation.ch\/wp-content\/uploads\/2019\/04\/Art-17-167-Perpetual-calendar-DEUTSCH-IMG_0515-.jpeg","datePublished":"2019-11-29T07:54:51+00:00","dateModified":"2022-03-14T08:51:46+00:00","description":"Le kit de calendrier perp\u00e9tuel en allemand de Grapat se compose de 12 nins\u00ae en 12 couleurs diff\u00e9rentes correspondant \u00e0 celles de la p\u00e9dagogie Waldorf.","breadcrumb":{"@id":"https:\/\/teiaeducation.ch\/fr\/produit\/calendrier-perpetuel-allemand-grapat\/#breadcrumb"},"inLanguage":"fr-FR","potentialAction":[{"@type":"ReadAction","target":["https:\/\/teiaeducation.ch\/fr\/produit\/calendrier-perpetuel-allemand-grapat\/"]}]},{"@type":"ImageObject","inLanguage":"fr-FR","@id":"https:\/\/teiaeducation.ch\/fr\/produit\/calendrier-perpetuel-allemand-grapat\/#primaryimage","url":"https:\/\/teiaeducation.ch\/wp-content\/uploads\/2019\/04\/Art-17-167-Perpetual-calendar-DEUTSCH-IMG_0515-.jpeg","contentUrl":"https:\/\/teiaeducation.ch\/wp-content\/uploads\/2019\/04\/Art-17-167-Perpetual-calendar-DEUTSCH-IMG_0515-.jpeg","width":901,"height":900,"caption":"Ewiger Kalender Deutsch - Grapat"},{"@type":"BreadcrumbList","@id":"https:\/\/teiaeducation.ch\/fr\/produit\/calendrier-perpetuel-allemand-grapat\/#breadcrumb","itemListElement":[{"@type":"ListItem","position":1,"name":"Home","item":"https:\/\/teiaeducation.ch\/fr\/"},{"@type":"ListItem","position":2,"name":"Boutique Teia Education &amp; Play","item":"https:\/\/teiaeducation.ch\/fr\/boutique\/"},{"@type":"ListItem","position":3,"name":"Nos Marques","item":"https:\/\/teiaeducation.ch\/fr\/categorie-produit\/marques\/"},{"@type":"ListItem","position":4,"name":"Grapat","item":"https:\/\/teiaeducation.ch\/fr\/categorie-produit\/marques\/grapat-fr\/"},{"@type":"ListItem","position":5,"name":"Grapat Kits Complets","item":"https:\/\/teiaeducation.ch\/fr\/categorie-produit\/marques\/grapat-fr\/kits-complets\/"},{"@type":"ListItem","position":6,"name":"Calendrier perp\u00e9tuel allemand \u2013 Grapat"}]},{"@type":"WebSite","@id":"https:\/\/teiaeducation.ch\/fr\/#website","url":"https:\/\/teiaeducation.ch\/fr\/","name":"Sustainable Educational Products &amp; Ecological Toys\u00a0","description":"Specialised Swiss shop selling sustainable educational toys and games, AMI certified Montessori materials, handmade ecological wooden Waldorf toys and arts &amp; crafts supplies, school supplies, children&#039;s furniture and Montessori reference and parenting books.","publisher":{"@id":"https:\/\/teiaeducation.ch\/fr\/#organization"},"alternateName":"Teia Education & Play","potentialAction":[{"@type":"SearchAction","target":{"@type":"EntryPoint","urlTemplate":"https:\/\/teiaeducation.ch\/fr\/?s={search_term_string}"},"query-input":{"@type":"PropertyValueSpecification","valueRequired":true,"valueName":"search_term_string"}}],"inLanguage":"fr-FR"},{"@type":"Organization","@id":"https:\/\/teiaeducation.ch\/fr\/#organization","name":"Teia Education & Play","url":"https:\/\/teiaeducation.ch\/fr\/","logo":{"@type":"ImageObject","inLanguage":"fr-FR","@id":"https:\/\/teiaeducation.ch\/fr\/#\/schema\/logo\/image\/","url":"https:\/\/teiaeducation.ch\/wp-content\/uploads\/2020\/11\/Teia-Education-Switzerland-e1620156442216.jpg","contentUrl":"https:\/\/teiaeducation.ch\/wp-content\/uploads\/2020\/11\/Teia-Education-Switzerland-e1620156442216.jpg","width":166,"height":145,"caption":"Teia Education & Play"},"image":{"@id":"https:\/\/teiaeducation.ch\/fr\/#\/schema\/logo\/image\/"},"sameAs":["https:\/\/www.facebook.com\/teiaeducation\/","https:\/\/x.com\/EducationTeia","https:\/\/www.instagram.com\/teia.education\/","https:\/\/www.linkedin.com\/company\/35501660","https:\/\/www.pinterest.ch\/TeiaEducation\/"]}]}},"_links":{"self":[{"href":"https:\/\/teiaeducation.ch\/fr\/wp-json\/wp\/v2\/product\/23151","targetHints":{"allow":["GET"]}}],"collection":[{"href":"https:\/\/teiaeducation.ch\/fr\/wp-json\/wp\/v2\/product"}],"about":[{"href":"https:\/\/teiaeducation.ch\/fr\/wp-json\/wp\/v2\/types\/product"}],"replies":[{"embeddable":true,"href":"https:\/\/teiaeducation.ch\/fr\/wp-json\/wp\/v2\/comments?post=23151"}],"wp:featuredmedia":[{"embeddable":true,"href":"https:\/\/teiaeducation.ch\/fr\/wp-json\/wp\/v2\/media\/5009"}],"wp:attachment":[{"href":"https:\/\/teiaeducation.ch\/fr\/wp-json\/wp\/v2\/media?parent=23151"}],"wp:term":[{"taxonomy":"product_brand","embeddable":true,"href":"https:\/\/teiaeducation.ch\/fr\/wp-json\/wp\/v2\/product_brand?post=23151"},{"taxonomy":"product_cat","embeddable":true,"href":"https:\/\/teiaeducation.ch\/fr\/wp-json\/wp\/v2\/product_cat?post=23151"},{"taxonomy":"product_tag","embeddable":true,"href":"https:\/\/teiaeducation.ch\/fr\/wp-json\/wp\/v2\/product_tag?post=23151"}],"curies":[{"name":"wp","href":"https:\/\/api.w.org\/{rel}","templated":true}]}}