{"id":23204,"date":"2021-01-26T09:55:13","date_gmt":"2021-01-26T08:55:13","guid":{"rendered":"https:\/\/teiaeducation.ch\/product\/boite-de-rangement-pour-cartes-des-formes-geometriques-ou-cartes-des-formes-de-feuilles-nienhuis-montessori\/"},"modified":"2021-09-28T15:25:28","modified_gmt":"2021-09-28T13:25:28","slug":"boite-cartes-des-formes-geometriques-formes-de-feuilles-nienhuis-montessori","status":"publish","type":"product","link":"https:\/\/teiaeducation.ch\/fr\/produit\/boite-cartes-des-formes-geometriques-formes-de-feuilles-nienhuis-montessori\/","title":{"rendered":"Boite : cartes des formes g\u00e9om\u00e9triques\/formes de feuilles &#8211; Nienhuis Montessori"},"content":{"rendered":"<p>Boite : cartes des formes g\u00e9om\u00e9triques\/formes de feuilles &#8211; Nienhuis Montessori<\/p>\n<p>La bo\u00eete des cartes des\u00a0<a href=\"https:\/\/teiaeducation.ch\/fr\/produit\/cartes-des-formes-geometriques-nienhuis-montessori\/\">formes g\u00e9om\u00e9triques<\/a>\/formes de feuilles de\u00a0Nienhuis Montessori est enti\u00e8rement en bois. Elle comporte 3 compartiments et sert \u00e0 ranger les cartes \u00e0 feuilles et\/ou les cartes de formes g\u00e9om\u00e9triques.<\/p>\n<p>Ce mat\u00e9riel convient aux enfants \u00e2g\u00e9s de 3 ans et plus.<\/p>\n<p>Contenu :<\/p>\n<p>1 bo\u00eete de rangement en bois<\/p>\n<p><em><span class=\"tlid-translation translation\" lang=\"fr\"><span title=\"\">Nous n'avons actuellement pas cet article en stock, mais il est disponible en pr\u00e9-commande.<\/span> <span class=\"\" title=\"\">Nous commanderons cet article pour vous aupr\u00e8s de notre fournisseur.<\/span> <span class=\"\" title=\"\">Veuillez allouer de 2 \u00e0 3 semaines maximum pour la livraison.<\/span><\/span><\/em><\/p>\n\t<div id=\"gap-1506597089\" class=\"gap-element clearfix\" style=\"display:block; height:auto;\">\n\t\t\n<style>\n#gap-1506597089 {\n  padding-top: 20px;\n}\n<\/style>\n\t<\/div>\n\t\n","protected":false},"excerpt":{"rendered":"<p>Num\u00e9ro d&#8217;article: 0040A0<\/p>\n","protected":false},"featured_media":12582,"comment_status":"closed","ping_status":"closed","template":"","meta":[],"product_brand":[],"product_cat":[215,216,270,16898,284,283,293,277,1218,207,217,13153,13154,209,292,212],"product_tag":[7721,7722,768,803,767,1230,1231,1229],"class_list":{"0":"post-23204","1":"product","2":"type-product","3":"status-publish","4":"has-post-thumbnail","6":"product_cat-3-6-ans","7":"product_cat-6-12-ans","8":"product_cat-biologie","9":"product_cat-collection-automne","10":"product_cat-culture-sciences","11":"product_cat-domaines-du-curriculum","12":"product_cat-ensembles-dactivites","13":"product_cat-materiel-indispensable","14":"product_cat-montessori-fr","15":"product_cat-nienhuis-montessori-materiel-fr","16":"product_cat-marques","17":"product_cat-pack-classe-3-6-ans","18":"product_cat-pack-classe-6-12-ans","19":"product_cat-sensorielles-motrices","20":"product_cat-appui-au-curriculum","21":"product_cat-tranche-dage","22":"product_tag-boite-de-cartes-a-feuilles","23":"product_tag-boite-de-cartes-a-formes-geometriques","24":"product_tag-materiel-montessori-suisse","25":"product_tag-nienhuis-montessori-fr","26":"product_tag-nienhuis-montessori-suisse-fr-2","27":"product_tag-petite-enfance-3-6","28":"product_tag-sens-visuel","29":"product_tag-sensoriel","31":"first","32":"onbackorder","33":"taxable","34":"shipping-taxable","35":"purchasable","36":"product-type-simple"},"yoast_head":"<!-- This site is optimized with the Yoast SEO plugin v27.1.1 - https:\/\/yoast.com\/product\/yoast-seo-wordpress\/ -->\n<title>Boite : cartes des formes g\u00e9om\u00e9triques\/formes de feuilles - Nienhuis Montessori<\/title>\n<meta name=\"description\" content=\"La bo\u00eete des cartes des\u00a0formes g\u00e9om\u00e9triques\/formes de feuilles de\u00a0Nienhuis Montessori est enti\u00e8rement en bois et sert \u00e0 ranger les cartes.\" \/>\n<meta name=\"robots\" content=\"index, follow, max-snippet:-1, max-image-preview:large, max-video-preview:-1\" \/>\n<link rel=\"canonical\" href=\"https:\/\/teiaeducation.ch\/fr\/produit\/boite-cartes-des-formes-geometriques-formes-de-feuilles-nienhuis-montessori\/\" \/>\n<meta property=\"og:locale\" content=\"fr_FR\" \/>\n<meta property=\"og:type\" content=\"article\" \/>\n<meta property=\"og:title\" content=\"Boite : cartes des formes g\u00e9om\u00e9triques\/formes de feuilles - Nienhuis Montessori\" \/>\n<meta property=\"og:description\" content=\"La bo\u00eete des cartes des\u00a0formes g\u00e9om\u00e9triques\/formes de feuilles de\u00a0Nienhuis Montessori est enti\u00e8rement en bois et sert \u00e0 ranger les cartes.\" \/>\n<meta property=\"og:url\" content=\"https:\/\/teiaeducation.ch\/fr\/produit\/boite-cartes-des-formes-geometriques-formes-de-feuilles-nienhuis-montessori\/\" \/>\n<meta property=\"og:site_name\" content=\"Sustainable Educational Products &amp; Ecological Toys\u00a0\" \/>\n<meta property=\"article:publisher\" content=\"https:\/\/www.facebook.com\/teiaeducation\/\" \/>\n<meta property=\"article:modified_time\" content=\"2021-09-28T13:25:28+00:00\" \/>\n<meta property=\"og:image\" content=\"https:\/\/teiaeducation.ch\/wp-content\/uploads\/2019\/05\/400_0040A0_main_or_1-scaled-scaled.jpg\" \/>\n\t<meta property=\"og:image:width\" content=\"2048\" \/>\n\t<meta property=\"og:image:height\" content=\"2048\" \/>\n\t<meta property=\"og:image:type\" content=\"image\/jpeg\" \/>\n<script type=\"application\/ld+json\" class=\"yoast-schema-graph\">{\"@context\":\"https:\/\/schema.org\",\"@graph\":[{\"@type\":\"WebPage\",\"@id\":\"https:\/\/teiaeducation.ch\/fr\/produit\/boite-cartes-des-formes-geometriques-formes-de-feuilles-nienhuis-montessori\/\",\"url\":\"https:\/\/teiaeducation.ch\/fr\/produit\/boite-cartes-des-formes-geometriques-formes-de-feuilles-nienhuis-montessori\/\",\"name\":\"Boite : cartes des formes g\u00e9om\u00e9triques\/formes de feuilles - Nienhuis Montessori\",\"isPartOf\":{\"@id\":\"https:\/\/teiaeducation.ch\/fr\/#website\"},\"primaryImageOfPage\":{\"@id\":\"https:\/\/teiaeducation.ch\/fr\/produit\/boite-cartes-des-formes-geometriques-formes-de-feuilles-nienhuis-montessori\/#primaryimage\"},\"image\":{\"@id\":\"https:\/\/teiaeducation.ch\/fr\/produit\/boite-cartes-des-formes-geometriques-formes-de-feuilles-nienhuis-montessori\/#primaryimage\"},\"thumbnailUrl\":\"https:\/\/teiaeducation.ch\/wp-content\/uploads\/2019\/05\/400_0040A0_main_or_1-scaled-scaled.jpg\",\"datePublished\":\"2021-01-26T08:55:13+00:00\",\"dateModified\":\"2021-09-28T13:25:28+00:00\",\"description\":\"La bo\u00eete des cartes des\u00a0formes g\u00e9om\u00e9triques\/formes de feuilles de\u00a0Nienhuis Montessori est enti\u00e8rement en bois et sert \u00e0 ranger les cartes.\",\"breadcrumb\":{\"@id\":\"https:\/\/teiaeducation.ch\/fr\/produit\/boite-cartes-des-formes-geometriques-formes-de-feuilles-nienhuis-montessori\/#breadcrumb\"},\"inLanguage\":\"fr-FR\",\"potentialAction\":[{\"@type\":\"ReadAction\",\"target\":[\"https:\/\/teiaeducation.ch\/fr\/produit\/boite-cartes-des-formes-geometriques-formes-de-feuilles-nienhuis-montessori\/\"]}]},{\"@type\":\"ImageObject\",\"inLanguage\":\"fr-FR\",\"@id\":\"https:\/\/teiaeducation.ch\/fr\/produit\/boite-cartes-des-formes-geometriques-formes-de-feuilles-nienhuis-montessori\/#primaryimage\",\"url\":\"https:\/\/teiaeducation.ch\/wp-content\/uploads\/2019\/05\/400_0040A0_main_or_1-scaled-scaled.jpg\",\"contentUrl\":\"https:\/\/teiaeducation.ch\/wp-content\/uploads\/2019\/05\/400_0040A0_main_or_1-scaled-scaled.jpg\",\"width\":2048,\"height\":2048,\"caption\":\"Boite de rangement pour cartes des formes g\u00e9om\u00e9triques ou cartes des formes de feuilles - Nienhuis Montessori\"},{\"@type\":\"BreadcrumbList\",\"@id\":\"https:\/\/teiaeducation.ch\/fr\/produit\/boite-cartes-des-formes-geometriques-formes-de-feuilles-nienhuis-montessori\/#breadcrumb\",\"itemListElement\":[{\"@type\":\"ListItem\",\"position\":1,\"name\":\"Home\",\"item\":\"https:\/\/teiaeducation.ch\/fr\/\"},{\"@type\":\"ListItem\",\"position\":2,\"name\":\"Boutique Teia Education &amp; Play\",\"item\":\"https:\/\/teiaeducation.ch\/fr\/boutique\/\"},{\"@type\":\"ListItem\",\"position\":3,\"name\":\"Nos Marques\",\"item\":\"https:\/\/teiaeducation.ch\/fr\/categorie-produit\/marques\/\"},{\"@type\":\"ListItem\",\"position\":4,\"name\":\"Nienhuis Montessori Suisse\",\"item\":\"https:\/\/teiaeducation.ch\/fr\/categorie-produit\/marques\/nienhuis-montessori-materiel-fr\/\"},{\"@type\":\"ListItem\",\"position\":5,\"name\":\"Biologie\",\"item\":\"https:\/\/teiaeducation.ch\/fr\/categorie-produit\/marques\/nienhuis-montessori-materiel-fr\/biologie\/\"},{\"@type\":\"ListItem\",\"position\":6,\"name\":\"Boite : cartes des formes g\u00e9om\u00e9triques\/formes de feuilles &#8211; Nienhuis Montessori\"}]},{\"@type\":\"WebSite\",\"@id\":\"https:\/\/teiaeducation.ch\/fr\/#website\",\"url\":\"https:\/\/teiaeducation.ch\/fr\/\",\"name\":\"Sustainable Educational Products &amp; Ecological Toys\u00a0\",\"description\":\"Specialised Swiss shop selling sustainable educational toys and games, AMI certified Montessori materials, handmade ecological wooden Waldorf toys and arts &amp; crafts supplies, school supplies, children&#039;s furniture and Montessori reference and parenting books.\",\"publisher\":{\"@id\":\"https:\/\/teiaeducation.ch\/fr\/#organization\"},\"alternateName\":\"Teia Education & Play\",\"potentialAction\":[{\"@type\":\"SearchAction\",\"target\":{\"@type\":\"EntryPoint\",\"urlTemplate\":\"https:\/\/teiaeducation.ch\/fr\/?s={search_term_string}\"},\"query-input\":{\"@type\":\"PropertyValueSpecification\",\"valueRequired\":true,\"valueName\":\"search_term_string\"}}],\"inLanguage\":\"fr-FR\"},{\"@type\":\"Organization\",\"@id\":\"https:\/\/teiaeducation.ch\/fr\/#organization\",\"name\":\"Teia Education & Play\",\"url\":\"https:\/\/teiaeducation.ch\/fr\/\",\"logo\":{\"@type\":\"ImageObject\",\"inLanguage\":\"fr-FR\",\"@id\":\"https:\/\/teiaeducation.ch\/fr\/#\/schema\/logo\/image\/\",\"url\":\"https:\/\/teiaeducation.ch\/wp-content\/uploads\/2020\/11\/Teia-Education-Switzerland-e1620156442216.jpg\",\"contentUrl\":\"https:\/\/teiaeducation.ch\/wp-content\/uploads\/2020\/11\/Teia-Education-Switzerland-e1620156442216.jpg\",\"width\":166,\"height\":145,\"caption\":\"Teia Education & Play\"},\"image\":{\"@id\":\"https:\/\/teiaeducation.ch\/fr\/#\/schema\/logo\/image\/\"},\"sameAs\":[\"https:\/\/www.facebook.com\/teiaeducation\/\",\"https:\/\/x.com\/EducationTeia\",\"https:\/\/www.instagram.com\/teia.education\/\",\"https:\/\/www.linkedin.com\/company\/35501660\",\"https:\/\/www.pinterest.ch\/TeiaEducation\/\"]}]}<\/script>\n<!-- \/ Yoast SEO plugin. -->","yoast_head_json":{"title":"Boite : cartes des formes g\u00e9om\u00e9triques\/formes de feuilles - Nienhuis Montessori","description":"La bo\u00eete des cartes des\u00a0formes g\u00e9om\u00e9triques\/formes de feuilles de\u00a0Nienhuis Montessori est enti\u00e8rement en bois et sert \u00e0 ranger les cartes.","robots":{"index":"index","follow":"follow","max-snippet":"max-snippet:-1","max-image-preview":"max-image-preview:large","max-video-preview":"max-video-preview:-1"},"canonical":"https:\/\/teiaeducation.ch\/fr\/produit\/boite-cartes-des-formes-geometriques-formes-de-feuilles-nienhuis-montessori\/","og_locale":"fr_FR","og_type":"article","og_title":"Boite : cartes des formes g\u00e9om\u00e9triques\/formes de feuilles - Nienhuis Montessori","og_description":"La bo\u00eete des cartes des\u00a0formes g\u00e9om\u00e9triques\/formes de feuilles de\u00a0Nienhuis Montessori est enti\u00e8rement en bois et sert \u00e0 ranger les cartes.","og_url":"https:\/\/teiaeducation.ch\/fr\/produit\/boite-cartes-des-formes-geometriques-formes-de-feuilles-nienhuis-montessori\/","og_site_name":"Sustainable Educational Products &amp; Ecological Toys\u00a0","article_publisher":"https:\/\/www.facebook.com\/teiaeducation\/","article_modified_time":"2021-09-28T13:25:28+00:00","og_image":[{"width":2048,"height":2048,"url":"https:\/\/teiaeducation.ch\/wp-content\/uploads\/2019\/05\/400_0040A0_main_or_1-scaled-scaled.jpg","type":"image\/jpeg"}],"schema":{"@context":"https:\/\/schema.org","@graph":[{"@type":"WebPage","@id":"https:\/\/teiaeducation.ch\/fr\/produit\/boite-cartes-des-formes-geometriques-formes-de-feuilles-nienhuis-montessori\/","url":"https:\/\/teiaeducation.ch\/fr\/produit\/boite-cartes-des-formes-geometriques-formes-de-feuilles-nienhuis-montessori\/","name":"Boite : cartes des formes g\u00e9om\u00e9triques\/formes de feuilles - Nienhuis Montessori","isPartOf":{"@id":"https:\/\/teiaeducation.ch\/fr\/#website"},"primaryImageOfPage":{"@id":"https:\/\/teiaeducation.ch\/fr\/produit\/boite-cartes-des-formes-geometriques-formes-de-feuilles-nienhuis-montessori\/#primaryimage"},"image":{"@id":"https:\/\/teiaeducation.ch\/fr\/produit\/boite-cartes-des-formes-geometriques-formes-de-feuilles-nienhuis-montessori\/#primaryimage"},"thumbnailUrl":"https:\/\/teiaeducation.ch\/wp-content\/uploads\/2019\/05\/400_0040A0_main_or_1-scaled-scaled.jpg","datePublished":"2021-01-26T08:55:13+00:00","dateModified":"2021-09-28T13:25:28+00:00","description":"La bo\u00eete des cartes des\u00a0formes g\u00e9om\u00e9triques\/formes de feuilles de\u00a0Nienhuis Montessori est enti\u00e8rement en bois et sert \u00e0 ranger les cartes.","breadcrumb":{"@id":"https:\/\/teiaeducation.ch\/fr\/produit\/boite-cartes-des-formes-geometriques-formes-de-feuilles-nienhuis-montessori\/#breadcrumb"},"inLanguage":"fr-FR","potentialAction":[{"@type":"ReadAction","target":["https:\/\/teiaeducation.ch\/fr\/produit\/boite-cartes-des-formes-geometriques-formes-de-feuilles-nienhuis-montessori\/"]}]},{"@type":"ImageObject","inLanguage":"fr-FR","@id":"https:\/\/teiaeducation.ch\/fr\/produit\/boite-cartes-des-formes-geometriques-formes-de-feuilles-nienhuis-montessori\/#primaryimage","url":"https:\/\/teiaeducation.ch\/wp-content\/uploads\/2019\/05\/400_0040A0_main_or_1-scaled-scaled.jpg","contentUrl":"https:\/\/teiaeducation.ch\/wp-content\/uploads\/2019\/05\/400_0040A0_main_or_1-scaled-scaled.jpg","width":2048,"height":2048,"caption":"Boite de rangement pour cartes des formes g\u00e9om\u00e9triques ou cartes des formes de feuilles - Nienhuis Montessori"},{"@type":"BreadcrumbList","@id":"https:\/\/teiaeducation.ch\/fr\/produit\/boite-cartes-des-formes-geometriques-formes-de-feuilles-nienhuis-montessori\/#breadcrumb","itemListElement":[{"@type":"ListItem","position":1,"name":"Home","item":"https:\/\/teiaeducation.ch\/fr\/"},{"@type":"ListItem","position":2,"name":"Boutique Teia Education &amp; Play","item":"https:\/\/teiaeducation.ch\/fr\/boutique\/"},{"@type":"ListItem","position":3,"name":"Nos Marques","item":"https:\/\/teiaeducation.ch\/fr\/categorie-produit\/marques\/"},{"@type":"ListItem","position":4,"name":"Nienhuis Montessori Suisse","item":"https:\/\/teiaeducation.ch\/fr\/categorie-produit\/marques\/nienhuis-montessori-materiel-fr\/"},{"@type":"ListItem","position":5,"name":"Biologie","item":"https:\/\/teiaeducation.ch\/fr\/categorie-produit\/marques\/nienhuis-montessori-materiel-fr\/biologie\/"},{"@type":"ListItem","position":6,"name":"Boite : cartes des formes g\u00e9om\u00e9triques\/formes de feuilles &#8211; Nienhuis Montessori"}]},{"@type":"WebSite","@id":"https:\/\/teiaeducation.ch\/fr\/#website","url":"https:\/\/teiaeducation.ch\/fr\/","name":"Sustainable Educational Products &amp; Ecological Toys\u00a0","description":"Specialised Swiss shop selling sustainable educational toys and games, AMI certified Montessori materials, handmade ecological wooden Waldorf toys and arts &amp; crafts supplies, school supplies, children&#039;s furniture and Montessori reference and parenting books.","publisher":{"@id":"https:\/\/teiaeducation.ch\/fr\/#organization"},"alternateName":"Teia Education & Play","potentialAction":[{"@type":"SearchAction","target":{"@type":"EntryPoint","urlTemplate":"https:\/\/teiaeducation.ch\/fr\/?s={search_term_string}"},"query-input":{"@type":"PropertyValueSpecification","valueRequired":true,"valueName":"search_term_string"}}],"inLanguage":"fr-FR"},{"@type":"Organization","@id":"https:\/\/teiaeducation.ch\/fr\/#organization","name":"Teia Education & Play","url":"https:\/\/teiaeducation.ch\/fr\/","logo":{"@type":"ImageObject","inLanguage":"fr-FR","@id":"https:\/\/teiaeducation.ch\/fr\/#\/schema\/logo\/image\/","url":"https:\/\/teiaeducation.ch\/wp-content\/uploads\/2020\/11\/Teia-Education-Switzerland-e1620156442216.jpg","contentUrl":"https:\/\/teiaeducation.ch\/wp-content\/uploads\/2020\/11\/Teia-Education-Switzerland-e1620156442216.jpg","width":166,"height":145,"caption":"Teia Education & Play"},"image":{"@id":"https:\/\/teiaeducation.ch\/fr\/#\/schema\/logo\/image\/"},"sameAs":["https:\/\/www.facebook.com\/teiaeducation\/","https:\/\/x.com\/EducationTeia","https:\/\/www.instagram.com\/teia.education\/","https:\/\/www.linkedin.com\/company\/35501660","https:\/\/www.pinterest.ch\/TeiaEducation\/"]}]}},"_links":{"self":[{"href":"https:\/\/teiaeducation.ch\/fr\/wp-json\/wp\/v2\/product\/23204","targetHints":{"allow":["GET"]}}],"collection":[{"href":"https:\/\/teiaeducation.ch\/fr\/wp-json\/wp\/v2\/product"}],"about":[{"href":"https:\/\/teiaeducation.ch\/fr\/wp-json\/wp\/v2\/types\/product"}],"replies":[{"embeddable":true,"href":"https:\/\/teiaeducation.ch\/fr\/wp-json\/wp\/v2\/comments?post=23204"}],"wp:featuredmedia":[{"embeddable":true,"href":"https:\/\/teiaeducation.ch\/fr\/wp-json\/wp\/v2\/media\/12582"}],"wp:attachment":[{"href":"https:\/\/teiaeducation.ch\/fr\/wp-json\/wp\/v2\/media?parent=23204"}],"wp:term":[{"taxonomy":"product_brand","embeddable":true,"href":"https:\/\/teiaeducation.ch\/fr\/wp-json\/wp\/v2\/product_brand?post=23204"},{"taxonomy":"product_cat","embeddable":true,"href":"https:\/\/teiaeducation.ch\/fr\/wp-json\/wp\/v2\/product_cat?post=23204"},{"taxonomy":"product_tag","embeddable":true,"href":"https:\/\/teiaeducation.ch\/fr\/wp-json\/wp\/v2\/product_tag?post=23204"}],"curies":[{"name":"wp","href":"https:\/\/api.w.org\/{rel}","templated":true}]}}