{"id":23207,"date":"2021-01-26T09:00:33","date_gmt":"2021-01-26T08:00:33","guid":{"rendered":"https:\/\/teiaeducation.ch\/product\/a-new-approach-to-zoology-nomenclature-nienhuis-montessori\/"},"modified":"2020-05-07T10:53:25","modified_gmt":"2020-05-07T08:53:25","slug":"livre-a-new-approach-to-zoology-nomenclature-rajendra-k-gupta","status":"publish","type":"product","link":"https:\/\/teiaeducation.ch\/fr\/produit\/livre-a-new-approach-to-zoology-nomenclature-rajendra-k-gupta\/","title":{"rendered":"Livre: A New Approach To Zoology Nomenclature &#8211; Rajendra K. Gupta"},"content":{"rendered":"<p>Livre: A New Approach To Zoology Nomenclature &#8211; Rajendra K. Gupta<\/p>\n<p>Une nouvelle approche de la nomenclature zoologique (A New Approach To Zoology Nomenclature) est un ouvrage \u00e0 reliure spirale de Rajendra K. Gupta et publi\u00e9 par le centre de recherche et d\u00e9veloppement Montessori.<\/p>\n<p>L&#8217;ouvrage est bas\u00e9 sur l&#8217;approche Montessori et pr\u00e9sente une nomenclature zoologique compl\u00e8te.<\/p>\n<p>Contenu :<\/p>\n<p>1 livre \u00e0 couverture souple \u00e0 reliure spirale &#8211; 68 pages &#8211; \u00e9dition 1995<\/p>\n","protected":false},"excerpt":{"rendered":"<p>Num\u00e9ro d&#8217;article: 536520<\/p>\n","protected":false},"featured_media":11849,"comment_status":"open","ping_status":"closed","template":"","meta":[],"product_brand":[],"product_cat":[216,270,296,284,283,268,8526,592,271,311,20666,277,8567,7595,1218,207,217,13153,13154,292,212],"product_tag":[7726,7608,803,7706,7725,7646],"class_list":{"0":"post-23207","1":"product","2":"type-product","3":"status-publish","4":"has-post-thumbnail","6":"product_cat-6-12-ans","7":"product_cat-biologie","8":"product_cat-cartes-nomenclature","9":"product_cat-culture-sciences","10":"product_cat-domaines-du-curriculum","11":"product_cat-enrichissements","12":"product_cat-fournitures-scolaires-a-domicile","13":"product_cat-geographie-animale","14":"product_cat-livres","15":"product_cat-livres-appui-au-curriculum","16":"product_cat-livres-montessori","17":"product_cat-materiel-indispensable","18":"product_cat-materiel-scolaire-montessori","19":"product_cat-methode-deducation","20":"product_cat-montessori-fr","21":"product_cat-nienhuis-montessori-materiel-fr","22":"product_cat-marques","23":"product_cat-pack-classe-3-6-ans","24":"product_cat-pack-classe-6-12-ans","25":"product_cat-appui-au-curriculum","26":"product_cat-tranche-dage","27":"product_tag-centre-de-recherche-et-de-developpement-montessori","28":"product_tag-livres-et-plus","29":"product_tag-nienhuis-montessori-fr","30":"product_tag-pour-les-enseignants","31":"product_tag-rajendra-k-gupta-fr","32":"product_tag-reference-fr","34":"first","35":"instock","36":"taxable","37":"shipping-taxable","38":"purchasable","39":"product-type-simple"},"yoast_head":"<!-- This site is optimized with the Yoast SEO plugin v27.1.1 - https:\/\/yoast.com\/product\/yoast-seo-wordpress\/ -->\n<title>Livre: A New Approach To Zoology Nomenclature - Rajendra K. Gupta<\/title>\n<meta name=\"description\" content=\"A New Approach To Zoology Nomenclature publi\u00e9e par le centre de recherche et d\u00e9veloppement Montessori pr\u00e9sente une nomenclature zoologique compl\u00e8te.\" \/>\n<meta name=\"robots\" content=\"index, follow, max-snippet:-1, max-image-preview:large, max-video-preview:-1\" \/>\n<link rel=\"canonical\" href=\"https:\/\/teiaeducation.ch\/fr\/produit\/livre-a-new-approach-to-zoology-nomenclature-rajendra-k-gupta\/\" \/>\n<meta property=\"og:locale\" content=\"fr_FR\" \/>\n<meta property=\"og:type\" content=\"article\" \/>\n<meta property=\"og:title\" content=\"Livre: A New Approach To Zoology Nomenclature - Rajendra K. Gupta\" \/>\n<meta property=\"og:description\" content=\"A New Approach To Zoology Nomenclature publi\u00e9e par le centre de recherche et d\u00e9veloppement Montessori pr\u00e9sente une nomenclature zoologique compl\u00e8te.\" \/>\n<meta property=\"og:url\" content=\"https:\/\/teiaeducation.ch\/fr\/produit\/livre-a-new-approach-to-zoology-nomenclature-rajendra-k-gupta\/\" \/>\n<meta property=\"og:site_name\" content=\"Sustainable Educational Products &amp; Ecological Toys\u00a0\" \/>\n<meta property=\"article:publisher\" content=\"https:\/\/www.facebook.com\/teiaeducation\/\" \/>\n<meta property=\"og:image\" content=\"https:\/\/teiaeducation.ch\/wp-content\/uploads\/2019\/05\/400_536520_main_or_1-scaled-scaled.jpg\" \/>\n\t<meta property=\"og:image:width\" content=\"2048\" \/>\n\t<meta property=\"og:image:height\" content=\"2048\" \/>\n\t<meta property=\"og:image:type\" content=\"image\/jpeg\" \/>\n<script type=\"application\/ld+json\" class=\"yoast-schema-graph\">{\"@context\":\"https:\/\/schema.org\",\"@graph\":[{\"@type\":\"WebPage\",\"@id\":\"https:\/\/teiaeducation.ch\/fr\/produit\/livre-a-new-approach-to-zoology-nomenclature-rajendra-k-gupta\/\",\"url\":\"https:\/\/teiaeducation.ch\/fr\/produit\/livre-a-new-approach-to-zoology-nomenclature-rajendra-k-gupta\/\",\"name\":\"Livre: A New Approach To Zoology Nomenclature - Rajendra K. Gupta\",\"isPartOf\":{\"@id\":\"https:\/\/teiaeducation.ch\/fr\/#website\"},\"primaryImageOfPage\":{\"@id\":\"https:\/\/teiaeducation.ch\/fr\/produit\/livre-a-new-approach-to-zoology-nomenclature-rajendra-k-gupta\/#primaryimage\"},\"image\":{\"@id\":\"https:\/\/teiaeducation.ch\/fr\/produit\/livre-a-new-approach-to-zoology-nomenclature-rajendra-k-gupta\/#primaryimage\"},\"thumbnailUrl\":\"https:\/\/teiaeducation.ch\/wp-content\/uploads\/2019\/05\/400_536520_main_or_1-scaled-scaled.jpg\",\"datePublished\":\"2021-01-26T08:00:33+00:00\",\"description\":\"A New Approach To Zoology Nomenclature publi\u00e9e par le centre de recherche et d\u00e9veloppement Montessori pr\u00e9sente une nomenclature zoologique compl\u00e8te.\",\"breadcrumb\":{\"@id\":\"https:\/\/teiaeducation.ch\/fr\/produit\/livre-a-new-approach-to-zoology-nomenclature-rajendra-k-gupta\/#breadcrumb\"},\"inLanguage\":\"fr-FR\",\"potentialAction\":[{\"@type\":\"ReadAction\",\"target\":[\"https:\/\/teiaeducation.ch\/fr\/produit\/livre-a-new-approach-to-zoology-nomenclature-rajendra-k-gupta\/\"]}]},{\"@type\":\"ImageObject\",\"inLanguage\":\"fr-FR\",\"@id\":\"https:\/\/teiaeducation.ch\/fr\/produit\/livre-a-new-approach-to-zoology-nomenclature-rajendra-k-gupta\/#primaryimage\",\"url\":\"https:\/\/teiaeducation.ch\/wp-content\/uploads\/2019\/05\/400_536520_main_or_1-scaled-scaled.jpg\",\"contentUrl\":\"https:\/\/teiaeducation.ch\/wp-content\/uploads\/2019\/05\/400_536520_main_or_1-scaled-scaled.jpg\",\"width\":2048,\"height\":2048,\"caption\":\"A New Approach To Zoology Nomenclature - Nienhuis Montessori\"},{\"@type\":\"BreadcrumbList\",\"@id\":\"https:\/\/teiaeducation.ch\/fr\/produit\/livre-a-new-approach-to-zoology-nomenclature-rajendra-k-gupta\/#breadcrumb\",\"itemListElement\":[{\"@type\":\"ListItem\",\"position\":1,\"name\":\"Home\",\"item\":\"https:\/\/teiaeducation.ch\/fr\/\"},{\"@type\":\"ListItem\",\"position\":2,\"name\":\"Boutique Teia Education &amp; Play\",\"item\":\"https:\/\/teiaeducation.ch\/fr\/boutique\/\"},{\"@type\":\"ListItem\",\"position\":3,\"name\":\"Supports P\u00e9dagogiques\",\"item\":\"https:\/\/teiaeducation.ch\/fr\/categorie-produit\/appui-au-curriculum\/\"},{\"@type\":\"ListItem\",\"position\":4,\"name\":\"Livres\",\"item\":\"https:\/\/teiaeducation.ch\/fr\/categorie-produit\/appui-au-curriculum\/livres-appui-au-curriculum\/\"},{\"@type\":\"ListItem\",\"position\":5,\"name\":\"Livre: A New Approach To Zoology Nomenclature &#8211; Rajendra K. Gupta\"}]},{\"@type\":\"WebSite\",\"@id\":\"https:\/\/teiaeducation.ch\/fr\/#website\",\"url\":\"https:\/\/teiaeducation.ch\/fr\/\",\"name\":\"Sustainable Educational Products &amp; Ecological Toys\u00a0\",\"description\":\"Specialised Swiss shop selling sustainable educational toys and games, AMI certified Montessori materials, handmade ecological wooden Waldorf toys and arts &amp; crafts supplies, school supplies, children&#039;s furniture and Montessori reference and parenting books.\",\"publisher\":{\"@id\":\"https:\/\/teiaeducation.ch\/fr\/#organization\"},\"alternateName\":\"Teia Education & Play\",\"potentialAction\":[{\"@type\":\"SearchAction\",\"target\":{\"@type\":\"EntryPoint\",\"urlTemplate\":\"https:\/\/teiaeducation.ch\/fr\/?s={search_term_string}\"},\"query-input\":{\"@type\":\"PropertyValueSpecification\",\"valueRequired\":true,\"valueName\":\"search_term_string\"}}],\"inLanguage\":\"fr-FR\"},{\"@type\":\"Organization\",\"@id\":\"https:\/\/teiaeducation.ch\/fr\/#organization\",\"name\":\"Teia Education & Play\",\"url\":\"https:\/\/teiaeducation.ch\/fr\/\",\"logo\":{\"@type\":\"ImageObject\",\"inLanguage\":\"fr-FR\",\"@id\":\"https:\/\/teiaeducation.ch\/fr\/#\/schema\/logo\/image\/\",\"url\":\"https:\/\/teiaeducation.ch\/wp-content\/uploads\/2020\/11\/Teia-Education-Switzerland-e1620156442216.jpg\",\"contentUrl\":\"https:\/\/teiaeducation.ch\/wp-content\/uploads\/2020\/11\/Teia-Education-Switzerland-e1620156442216.jpg\",\"width\":166,\"height\":145,\"caption\":\"Teia Education & Play\"},\"image\":{\"@id\":\"https:\/\/teiaeducation.ch\/fr\/#\/schema\/logo\/image\/\"},\"sameAs\":[\"https:\/\/www.facebook.com\/teiaeducation\/\",\"https:\/\/x.com\/EducationTeia\",\"https:\/\/www.instagram.com\/teia.education\/\",\"https:\/\/www.linkedin.com\/company\/35501660\",\"https:\/\/www.pinterest.ch\/TeiaEducation\/\"]}]}<\/script>\n<!-- \/ Yoast SEO plugin. -->","yoast_head_json":{"title":"Livre: A New Approach To Zoology Nomenclature - Rajendra K. Gupta","description":"A New Approach To Zoology Nomenclature publi\u00e9e par le centre de recherche et d\u00e9veloppement Montessori pr\u00e9sente une nomenclature zoologique compl\u00e8te.","robots":{"index":"index","follow":"follow","max-snippet":"max-snippet:-1","max-image-preview":"max-image-preview:large","max-video-preview":"max-video-preview:-1"},"canonical":"https:\/\/teiaeducation.ch\/fr\/produit\/livre-a-new-approach-to-zoology-nomenclature-rajendra-k-gupta\/","og_locale":"fr_FR","og_type":"article","og_title":"Livre: A New Approach To Zoology Nomenclature - Rajendra K. Gupta","og_description":"A New Approach To Zoology Nomenclature publi\u00e9e par le centre de recherche et d\u00e9veloppement Montessori pr\u00e9sente une nomenclature zoologique compl\u00e8te.","og_url":"https:\/\/teiaeducation.ch\/fr\/produit\/livre-a-new-approach-to-zoology-nomenclature-rajendra-k-gupta\/","og_site_name":"Sustainable Educational Products &amp; Ecological Toys\u00a0","article_publisher":"https:\/\/www.facebook.com\/teiaeducation\/","og_image":[{"width":2048,"height":2048,"url":"https:\/\/teiaeducation.ch\/wp-content\/uploads\/2019\/05\/400_536520_main_or_1-scaled-scaled.jpg","type":"image\/jpeg"}],"schema":{"@context":"https:\/\/schema.org","@graph":[{"@type":"WebPage","@id":"https:\/\/teiaeducation.ch\/fr\/produit\/livre-a-new-approach-to-zoology-nomenclature-rajendra-k-gupta\/","url":"https:\/\/teiaeducation.ch\/fr\/produit\/livre-a-new-approach-to-zoology-nomenclature-rajendra-k-gupta\/","name":"Livre: A New Approach To Zoology Nomenclature - Rajendra K. Gupta","isPartOf":{"@id":"https:\/\/teiaeducation.ch\/fr\/#website"},"primaryImageOfPage":{"@id":"https:\/\/teiaeducation.ch\/fr\/produit\/livre-a-new-approach-to-zoology-nomenclature-rajendra-k-gupta\/#primaryimage"},"image":{"@id":"https:\/\/teiaeducation.ch\/fr\/produit\/livre-a-new-approach-to-zoology-nomenclature-rajendra-k-gupta\/#primaryimage"},"thumbnailUrl":"https:\/\/teiaeducation.ch\/wp-content\/uploads\/2019\/05\/400_536520_main_or_1-scaled-scaled.jpg","datePublished":"2021-01-26T08:00:33+00:00","description":"A New Approach To Zoology Nomenclature publi\u00e9e par le centre de recherche et d\u00e9veloppement Montessori pr\u00e9sente une nomenclature zoologique compl\u00e8te.","breadcrumb":{"@id":"https:\/\/teiaeducation.ch\/fr\/produit\/livre-a-new-approach-to-zoology-nomenclature-rajendra-k-gupta\/#breadcrumb"},"inLanguage":"fr-FR","potentialAction":[{"@type":"ReadAction","target":["https:\/\/teiaeducation.ch\/fr\/produit\/livre-a-new-approach-to-zoology-nomenclature-rajendra-k-gupta\/"]}]},{"@type":"ImageObject","inLanguage":"fr-FR","@id":"https:\/\/teiaeducation.ch\/fr\/produit\/livre-a-new-approach-to-zoology-nomenclature-rajendra-k-gupta\/#primaryimage","url":"https:\/\/teiaeducation.ch\/wp-content\/uploads\/2019\/05\/400_536520_main_or_1-scaled-scaled.jpg","contentUrl":"https:\/\/teiaeducation.ch\/wp-content\/uploads\/2019\/05\/400_536520_main_or_1-scaled-scaled.jpg","width":2048,"height":2048,"caption":"A New Approach To Zoology Nomenclature - Nienhuis Montessori"},{"@type":"BreadcrumbList","@id":"https:\/\/teiaeducation.ch\/fr\/produit\/livre-a-new-approach-to-zoology-nomenclature-rajendra-k-gupta\/#breadcrumb","itemListElement":[{"@type":"ListItem","position":1,"name":"Home","item":"https:\/\/teiaeducation.ch\/fr\/"},{"@type":"ListItem","position":2,"name":"Boutique Teia Education &amp; Play","item":"https:\/\/teiaeducation.ch\/fr\/boutique\/"},{"@type":"ListItem","position":3,"name":"Supports P\u00e9dagogiques","item":"https:\/\/teiaeducation.ch\/fr\/categorie-produit\/appui-au-curriculum\/"},{"@type":"ListItem","position":4,"name":"Livres","item":"https:\/\/teiaeducation.ch\/fr\/categorie-produit\/appui-au-curriculum\/livres-appui-au-curriculum\/"},{"@type":"ListItem","position":5,"name":"Livre: A New Approach To Zoology Nomenclature &#8211; Rajendra K. Gupta"}]},{"@type":"WebSite","@id":"https:\/\/teiaeducation.ch\/fr\/#website","url":"https:\/\/teiaeducation.ch\/fr\/","name":"Sustainable Educational Products &amp; Ecological Toys\u00a0","description":"Specialised Swiss shop selling sustainable educational toys and games, AMI certified Montessori materials, handmade ecological wooden Waldorf toys and arts &amp; crafts supplies, school supplies, children&#039;s furniture and Montessori reference and parenting books.","publisher":{"@id":"https:\/\/teiaeducation.ch\/fr\/#organization"},"alternateName":"Teia Education & Play","potentialAction":[{"@type":"SearchAction","target":{"@type":"EntryPoint","urlTemplate":"https:\/\/teiaeducation.ch\/fr\/?s={search_term_string}"},"query-input":{"@type":"PropertyValueSpecification","valueRequired":true,"valueName":"search_term_string"}}],"inLanguage":"fr-FR"},{"@type":"Organization","@id":"https:\/\/teiaeducation.ch\/fr\/#organization","name":"Teia Education & Play","url":"https:\/\/teiaeducation.ch\/fr\/","logo":{"@type":"ImageObject","inLanguage":"fr-FR","@id":"https:\/\/teiaeducation.ch\/fr\/#\/schema\/logo\/image\/","url":"https:\/\/teiaeducation.ch\/wp-content\/uploads\/2020\/11\/Teia-Education-Switzerland-e1620156442216.jpg","contentUrl":"https:\/\/teiaeducation.ch\/wp-content\/uploads\/2020\/11\/Teia-Education-Switzerland-e1620156442216.jpg","width":166,"height":145,"caption":"Teia Education & Play"},"image":{"@id":"https:\/\/teiaeducation.ch\/fr\/#\/schema\/logo\/image\/"},"sameAs":["https:\/\/www.facebook.com\/teiaeducation\/","https:\/\/x.com\/EducationTeia","https:\/\/www.instagram.com\/teia.education\/","https:\/\/www.linkedin.com\/company\/35501660","https:\/\/www.pinterest.ch\/TeiaEducation\/"]}]}},"_links":{"self":[{"href":"https:\/\/teiaeducation.ch\/fr\/wp-json\/wp\/v2\/product\/23207","targetHints":{"allow":["GET"]}}],"collection":[{"href":"https:\/\/teiaeducation.ch\/fr\/wp-json\/wp\/v2\/product"}],"about":[{"href":"https:\/\/teiaeducation.ch\/fr\/wp-json\/wp\/v2\/types\/product"}],"replies":[{"embeddable":true,"href":"https:\/\/teiaeducation.ch\/fr\/wp-json\/wp\/v2\/comments?post=23207"}],"wp:featuredmedia":[{"embeddable":true,"href":"https:\/\/teiaeducation.ch\/fr\/wp-json\/wp\/v2\/media\/11849"}],"wp:attachment":[{"href":"https:\/\/teiaeducation.ch\/fr\/wp-json\/wp\/v2\/media?parent=23207"}],"wp:term":[{"taxonomy":"product_brand","embeddable":true,"href":"https:\/\/teiaeducation.ch\/fr\/wp-json\/wp\/v2\/product_brand?post=23207"},{"taxonomy":"product_cat","embeddable":true,"href":"https:\/\/teiaeducation.ch\/fr\/wp-json\/wp\/v2\/product_cat?post=23207"},{"taxonomy":"product_tag","embeddable":true,"href":"https:\/\/teiaeducation.ch\/fr\/wp-json\/wp\/v2\/product_tag?post=23207"}],"curies":[{"name":"wp","href":"https:\/\/api.w.org\/{rel}","templated":true}]}}