{"id":23237,"date":"2019-05-20T21:44:33","date_gmt":"2019-05-20T19:44:33","guid":{"rendered":"https:\/\/teiaeducation.ch\/product\/montessori-madness-nienhuis-montessori\/"},"modified":"2020-05-07T09:50:31","modified_gmt":"2020-05-07T07:50:31","slug":"livre-montessori-madness-trevor-eissler","status":"publish","type":"product","link":"https:\/\/teiaeducation.ch\/fr\/produit\/livre-montessori-madness-trevor-eissler\/","title":{"rendered":"Livre : Montessori Madness &#8211; Trevor Eissler"},"content":{"rendered":"<p>Livre : Montessori Madness &#8211; Trevor Eissler<\/p>\n<p>Le livre Montessori Madness (en Anglais) \u00e9crit par Trevor Eissler et publi\u00e9 par Sevenoff, LLC pr\u00e9sente de nombreuses anecdotes personnelles de l&#8217;auteur et des exemples tir\u00e9s de ses observations dans une classe Montessori pour expliquer les principes Montessori et la fa\u00e7on dont ils sont utilis\u00e9s dans l&#8217;\u00e9ducation Montessori.<\/p>\n<p>Ce livre est recommand\u00e9 \u00e0 tout parent qui s&#8217;int\u00e9resse ou s&#8217;interroge sur la p\u00e9dagogie Montessori.<\/p>\n<p>Contenu :<\/p>\n<p>1 livre \u00e0 couverture souple &#8211; 242 pages &#8211; \u00e9dition 2009<\/p>\n","protected":false},"excerpt":{"rendered":"<p>Num\u00e9ro d&#8217;article: 532700<\/p>\n","protected":false},"featured_media":11875,"comment_status":"open","ping_status":"closed","template":"","meta":[],"product_brand":[],"product_cat":[271,311,20666,7595,1218,207,217,292],"product_tag":[7744,7608,1381,803,7677,7646,7745,7746],"class_list":{"0":"post-23237","1":"product","2":"type-product","3":"status-publish","4":"has-post-thumbnail","6":"product_cat-livres","7":"product_cat-livres-appui-au-curriculum","8":"product_cat-livres-montessori","9":"product_cat-methode-deducation","10":"product_cat-montessori-fr","11":"product_cat-nienhuis-montessori-materiel-fr","12":"product_cat-marques","13":"product_cat-appui-au-curriculum","14":"product_tag-livre-montessori-madness","15":"product_tag-livres-et-plus","16":"product_tag-livres-montessori","17":"product_tag-nienhuis-montessori-fr","18":"product_tag-pour-les-parents","19":"product_tag-reference-fr","20":"product_tag-sevenoff-fr","21":"product_tag-trevor-eissler-fr","23":"first","24":"instock","25":"taxable","26":"shipping-taxable","27":"purchasable","28":"product-type-simple"},"yoast_head":"<!-- This site is optimized with the Yoast SEO plugin v27.1.1 - https:\/\/yoast.com\/product\/yoast-seo-wordpress\/ -->\n<title>Livre : Montessori Madness - Trevor Eissler<\/title>\n<meta name=\"description\" content=\"Le livre Montessori Madness \u00e9crit par Trevor Eissler est recommand\u00e9 \u00e0 tout parent qui s&#039;int\u00e9resse ou s&#039;interroge sur la p\u00e9dagogie Montessori.\" \/>\n<meta name=\"robots\" content=\"index, follow, max-snippet:-1, max-image-preview:large, max-video-preview:-1\" \/>\n<link rel=\"canonical\" href=\"https:\/\/teiaeducation.ch\/fr\/produit\/livre-montessori-madness-trevor-eissler\/\" \/>\n<meta property=\"og:locale\" content=\"fr_FR\" \/>\n<meta property=\"og:type\" content=\"article\" \/>\n<meta property=\"og:title\" content=\"Livre : Montessori Madness - Trevor Eissler\" \/>\n<meta property=\"og:description\" content=\"Le livre Montessori Madness \u00e9crit par Trevor Eissler est recommand\u00e9 \u00e0 tout parent qui s&#039;int\u00e9resse ou s&#039;interroge sur la p\u00e9dagogie Montessori.\" \/>\n<meta property=\"og:url\" content=\"https:\/\/teiaeducation.ch\/fr\/produit\/livre-montessori-madness-trevor-eissler\/\" \/>\n<meta property=\"og:site_name\" content=\"Sustainable Educational Products &amp; Ecological Toys\u00a0\" \/>\n<meta property=\"article:publisher\" content=\"https:\/\/www.facebook.com\/teiaeducation\/\" \/>\n<meta property=\"article:modified_time\" content=\"2020-05-07T07:50:31+00:00\" \/>\n<meta property=\"og:image\" content=\"https:\/\/teiaeducation.ch\/wp-content\/uploads\/2019\/05\/400_532700_main_or_1-scaled-scaled.jpg\" \/>\n\t<meta property=\"og:image:width\" content=\"2048\" \/>\n\t<meta property=\"og:image:height\" content=\"2048\" \/>\n\t<meta property=\"og:image:type\" content=\"image\/jpeg\" \/>\n<script type=\"application\/ld+json\" class=\"yoast-schema-graph\">{\"@context\":\"https:\/\/schema.org\",\"@graph\":[{\"@type\":\"WebPage\",\"@id\":\"https:\/\/teiaeducation.ch\/fr\/produit\/livre-montessori-madness-trevor-eissler\/\",\"url\":\"https:\/\/teiaeducation.ch\/fr\/produit\/livre-montessori-madness-trevor-eissler\/\",\"name\":\"Livre : Montessori Madness - Trevor Eissler\",\"isPartOf\":{\"@id\":\"https:\/\/teiaeducation.ch\/fr\/#website\"},\"primaryImageOfPage\":{\"@id\":\"https:\/\/teiaeducation.ch\/fr\/produit\/livre-montessori-madness-trevor-eissler\/#primaryimage\"},\"image\":{\"@id\":\"https:\/\/teiaeducation.ch\/fr\/produit\/livre-montessori-madness-trevor-eissler\/#primaryimage\"},\"thumbnailUrl\":\"https:\/\/teiaeducation.ch\/wp-content\/uploads\/2019\/05\/400_532700_main_or_1-scaled-scaled.jpg\",\"datePublished\":\"2019-05-20T19:44:33+00:00\",\"dateModified\":\"2020-05-07T07:50:31+00:00\",\"description\":\"Le livre Montessori Madness \u00e9crit par Trevor Eissler est recommand\u00e9 \u00e0 tout parent qui s'int\u00e9resse ou s'interroge sur la p\u00e9dagogie Montessori.\",\"breadcrumb\":{\"@id\":\"https:\/\/teiaeducation.ch\/fr\/produit\/livre-montessori-madness-trevor-eissler\/#breadcrumb\"},\"inLanguage\":\"fr-FR\",\"potentialAction\":[{\"@type\":\"ReadAction\",\"target\":[\"https:\/\/teiaeducation.ch\/fr\/produit\/livre-montessori-madness-trevor-eissler\/\"]}]},{\"@type\":\"ImageObject\",\"inLanguage\":\"fr-FR\",\"@id\":\"https:\/\/teiaeducation.ch\/fr\/produit\/livre-montessori-madness-trevor-eissler\/#primaryimage\",\"url\":\"https:\/\/teiaeducation.ch\/wp-content\/uploads\/2019\/05\/400_532700_main_or_1-scaled-scaled.jpg\",\"contentUrl\":\"https:\/\/teiaeducation.ch\/wp-content\/uploads\/2019\/05\/400_532700_main_or_1-scaled-scaled.jpg\",\"width\":2048,\"height\":2048,\"caption\":\"Montessori Madness - Nienhuis Montessori\"},{\"@type\":\"BreadcrumbList\",\"@id\":\"https:\/\/teiaeducation.ch\/fr\/produit\/livre-montessori-madness-trevor-eissler\/#breadcrumb\",\"itemListElement\":[{\"@type\":\"ListItem\",\"position\":1,\"name\":\"Home\",\"item\":\"https:\/\/teiaeducation.ch\/fr\/\"},{\"@type\":\"ListItem\",\"position\":2,\"name\":\"Boutique Teia Education &amp; Play\",\"item\":\"https:\/\/teiaeducation.ch\/fr\/boutique\/\"},{\"@type\":\"ListItem\",\"position\":3,\"name\":\"Supports P\u00e9dagogiques\",\"item\":\"https:\/\/teiaeducation.ch\/fr\/categorie-produit\/appui-au-curriculum\/\"},{\"@type\":\"ListItem\",\"position\":4,\"name\":\"Livres\",\"item\":\"https:\/\/teiaeducation.ch\/fr\/categorie-produit\/appui-au-curriculum\/livres-appui-au-curriculum\/\"},{\"@type\":\"ListItem\",\"position\":5,\"name\":\"Livre : Montessori Madness &#8211; Trevor Eissler\"}]},{\"@type\":\"WebSite\",\"@id\":\"https:\/\/teiaeducation.ch\/fr\/#website\",\"url\":\"https:\/\/teiaeducation.ch\/fr\/\",\"name\":\"Sustainable Educational Products &amp; Ecological Toys\u00a0\",\"description\":\"Specialised Swiss shop selling sustainable educational toys and games, AMI certified Montessori materials, handmade ecological wooden Waldorf toys and arts &amp; crafts supplies, school supplies, children&#039;s furniture and Montessori reference and parenting books.\",\"publisher\":{\"@id\":\"https:\/\/teiaeducation.ch\/fr\/#organization\"},\"alternateName\":\"Teia Education & Play\",\"potentialAction\":[{\"@type\":\"SearchAction\",\"target\":{\"@type\":\"EntryPoint\",\"urlTemplate\":\"https:\/\/teiaeducation.ch\/fr\/?s={search_term_string}\"},\"query-input\":{\"@type\":\"PropertyValueSpecification\",\"valueRequired\":true,\"valueName\":\"search_term_string\"}}],\"inLanguage\":\"fr-FR\"},{\"@type\":\"Organization\",\"@id\":\"https:\/\/teiaeducation.ch\/fr\/#organization\",\"name\":\"Teia Education & Play\",\"url\":\"https:\/\/teiaeducation.ch\/fr\/\",\"logo\":{\"@type\":\"ImageObject\",\"inLanguage\":\"fr-FR\",\"@id\":\"https:\/\/teiaeducation.ch\/fr\/#\/schema\/logo\/image\/\",\"url\":\"https:\/\/teiaeducation.ch\/wp-content\/uploads\/2020\/11\/Teia-Education-Switzerland-e1620156442216.jpg\",\"contentUrl\":\"https:\/\/teiaeducation.ch\/wp-content\/uploads\/2020\/11\/Teia-Education-Switzerland-e1620156442216.jpg\",\"width\":166,\"height\":145,\"caption\":\"Teia Education & Play\"},\"image\":{\"@id\":\"https:\/\/teiaeducation.ch\/fr\/#\/schema\/logo\/image\/\"},\"sameAs\":[\"https:\/\/www.facebook.com\/teiaeducation\/\",\"https:\/\/x.com\/EducationTeia\",\"https:\/\/www.instagram.com\/teia.education\/\",\"https:\/\/www.linkedin.com\/company\/35501660\",\"https:\/\/www.pinterest.ch\/TeiaEducation\/\"]}]}<\/script>\n<!-- \/ Yoast SEO plugin. -->","yoast_head_json":{"title":"Livre : Montessori Madness - Trevor Eissler","description":"Le livre Montessori Madness \u00e9crit par Trevor Eissler est recommand\u00e9 \u00e0 tout parent qui s'int\u00e9resse ou s'interroge sur la p\u00e9dagogie Montessori.","robots":{"index":"index","follow":"follow","max-snippet":"max-snippet:-1","max-image-preview":"max-image-preview:large","max-video-preview":"max-video-preview:-1"},"canonical":"https:\/\/teiaeducation.ch\/fr\/produit\/livre-montessori-madness-trevor-eissler\/","og_locale":"fr_FR","og_type":"article","og_title":"Livre : Montessori Madness - Trevor Eissler","og_description":"Le livre Montessori Madness \u00e9crit par Trevor Eissler est recommand\u00e9 \u00e0 tout parent qui s'int\u00e9resse ou s'interroge sur la p\u00e9dagogie Montessori.","og_url":"https:\/\/teiaeducation.ch\/fr\/produit\/livre-montessori-madness-trevor-eissler\/","og_site_name":"Sustainable Educational Products &amp; Ecological Toys\u00a0","article_publisher":"https:\/\/www.facebook.com\/teiaeducation\/","article_modified_time":"2020-05-07T07:50:31+00:00","og_image":[{"width":2048,"height":2048,"url":"https:\/\/teiaeducation.ch\/wp-content\/uploads\/2019\/05\/400_532700_main_or_1-scaled-scaled.jpg","type":"image\/jpeg"}],"schema":{"@context":"https:\/\/schema.org","@graph":[{"@type":"WebPage","@id":"https:\/\/teiaeducation.ch\/fr\/produit\/livre-montessori-madness-trevor-eissler\/","url":"https:\/\/teiaeducation.ch\/fr\/produit\/livre-montessori-madness-trevor-eissler\/","name":"Livre : Montessori Madness - Trevor Eissler","isPartOf":{"@id":"https:\/\/teiaeducation.ch\/fr\/#website"},"primaryImageOfPage":{"@id":"https:\/\/teiaeducation.ch\/fr\/produit\/livre-montessori-madness-trevor-eissler\/#primaryimage"},"image":{"@id":"https:\/\/teiaeducation.ch\/fr\/produit\/livre-montessori-madness-trevor-eissler\/#primaryimage"},"thumbnailUrl":"https:\/\/teiaeducation.ch\/wp-content\/uploads\/2019\/05\/400_532700_main_or_1-scaled-scaled.jpg","datePublished":"2019-05-20T19:44:33+00:00","dateModified":"2020-05-07T07:50:31+00:00","description":"Le livre Montessori Madness \u00e9crit par Trevor Eissler est recommand\u00e9 \u00e0 tout parent qui s'int\u00e9resse ou s'interroge sur la p\u00e9dagogie Montessori.","breadcrumb":{"@id":"https:\/\/teiaeducation.ch\/fr\/produit\/livre-montessori-madness-trevor-eissler\/#breadcrumb"},"inLanguage":"fr-FR","potentialAction":[{"@type":"ReadAction","target":["https:\/\/teiaeducation.ch\/fr\/produit\/livre-montessori-madness-trevor-eissler\/"]}]},{"@type":"ImageObject","inLanguage":"fr-FR","@id":"https:\/\/teiaeducation.ch\/fr\/produit\/livre-montessori-madness-trevor-eissler\/#primaryimage","url":"https:\/\/teiaeducation.ch\/wp-content\/uploads\/2019\/05\/400_532700_main_or_1-scaled-scaled.jpg","contentUrl":"https:\/\/teiaeducation.ch\/wp-content\/uploads\/2019\/05\/400_532700_main_or_1-scaled-scaled.jpg","width":2048,"height":2048,"caption":"Montessori Madness - Nienhuis Montessori"},{"@type":"BreadcrumbList","@id":"https:\/\/teiaeducation.ch\/fr\/produit\/livre-montessori-madness-trevor-eissler\/#breadcrumb","itemListElement":[{"@type":"ListItem","position":1,"name":"Home","item":"https:\/\/teiaeducation.ch\/fr\/"},{"@type":"ListItem","position":2,"name":"Boutique Teia Education &amp; Play","item":"https:\/\/teiaeducation.ch\/fr\/boutique\/"},{"@type":"ListItem","position":3,"name":"Supports P\u00e9dagogiques","item":"https:\/\/teiaeducation.ch\/fr\/categorie-produit\/appui-au-curriculum\/"},{"@type":"ListItem","position":4,"name":"Livres","item":"https:\/\/teiaeducation.ch\/fr\/categorie-produit\/appui-au-curriculum\/livres-appui-au-curriculum\/"},{"@type":"ListItem","position":5,"name":"Livre : Montessori Madness &#8211; Trevor Eissler"}]},{"@type":"WebSite","@id":"https:\/\/teiaeducation.ch\/fr\/#website","url":"https:\/\/teiaeducation.ch\/fr\/","name":"Sustainable Educational Products &amp; Ecological Toys\u00a0","description":"Specialised Swiss shop selling sustainable educational toys and games, AMI certified Montessori materials, handmade ecological wooden Waldorf toys and arts &amp; crafts supplies, school supplies, children&#039;s furniture and Montessori reference and parenting books.","publisher":{"@id":"https:\/\/teiaeducation.ch\/fr\/#organization"},"alternateName":"Teia Education & Play","potentialAction":[{"@type":"SearchAction","target":{"@type":"EntryPoint","urlTemplate":"https:\/\/teiaeducation.ch\/fr\/?s={search_term_string}"},"query-input":{"@type":"PropertyValueSpecification","valueRequired":true,"valueName":"search_term_string"}}],"inLanguage":"fr-FR"},{"@type":"Organization","@id":"https:\/\/teiaeducation.ch\/fr\/#organization","name":"Teia Education & Play","url":"https:\/\/teiaeducation.ch\/fr\/","logo":{"@type":"ImageObject","inLanguage":"fr-FR","@id":"https:\/\/teiaeducation.ch\/fr\/#\/schema\/logo\/image\/","url":"https:\/\/teiaeducation.ch\/wp-content\/uploads\/2020\/11\/Teia-Education-Switzerland-e1620156442216.jpg","contentUrl":"https:\/\/teiaeducation.ch\/wp-content\/uploads\/2020\/11\/Teia-Education-Switzerland-e1620156442216.jpg","width":166,"height":145,"caption":"Teia Education & Play"},"image":{"@id":"https:\/\/teiaeducation.ch\/fr\/#\/schema\/logo\/image\/"},"sameAs":["https:\/\/www.facebook.com\/teiaeducation\/","https:\/\/x.com\/EducationTeia","https:\/\/www.instagram.com\/teia.education\/","https:\/\/www.linkedin.com\/company\/35501660","https:\/\/www.pinterest.ch\/TeiaEducation\/"]}]}},"_links":{"self":[{"href":"https:\/\/teiaeducation.ch\/fr\/wp-json\/wp\/v2\/product\/23237","targetHints":{"allow":["GET"]}}],"collection":[{"href":"https:\/\/teiaeducation.ch\/fr\/wp-json\/wp\/v2\/product"}],"about":[{"href":"https:\/\/teiaeducation.ch\/fr\/wp-json\/wp\/v2\/types\/product"}],"replies":[{"embeddable":true,"href":"https:\/\/teiaeducation.ch\/fr\/wp-json\/wp\/v2\/comments?post=23237"}],"wp:featuredmedia":[{"embeddable":true,"href":"https:\/\/teiaeducation.ch\/fr\/wp-json\/wp\/v2\/media\/11875"}],"wp:attachment":[{"href":"https:\/\/teiaeducation.ch\/fr\/wp-json\/wp\/v2\/media?parent=23237"}],"wp:term":[{"taxonomy":"product_brand","embeddable":true,"href":"https:\/\/teiaeducation.ch\/fr\/wp-json\/wp\/v2\/product_brand?post=23237"},{"taxonomy":"product_cat","embeddable":true,"href":"https:\/\/teiaeducation.ch\/fr\/wp-json\/wp\/v2\/product_cat?post=23237"},{"taxonomy":"product_tag","embeddable":true,"href":"https:\/\/teiaeducation.ch\/fr\/wp-json\/wp\/v2\/product_tag?post=23237"}],"curies":[{"name":"wp","href":"https:\/\/api.w.org\/{rel}","templated":true}]}}