{"id":23253,"date":"2021-05-26T14:48:05","date_gmt":"2021-05-26T12:48:05","guid":{"rendered":"https:\/\/teiaeducation.ch\/product\/petit-plateau-en-bois-jeu-de-2-nienhuis-montessori\/"},"modified":"2020-10-06T17:07:21","modified_gmt":"2020-10-06T15:07:21","slug":"petit-plateau-en-bois-jeu-de-2-nienhuis-montessori","status":"publish","type":"product","link":"https:\/\/teiaeducation.ch\/fr\/produit\/petit-plateau-en-bois-jeu-de-2-nienhuis-montessori\/","title":{"rendered":"Petit plateau en bois, jeu de 2 &#8211; Nienhuis Montessori"},"content":{"rendered":"<p>Petit plateau en bois, jeu de 2 &#8211; Nienhuis Montessori<\/p>\n<p>Ce mat\u00e9riel est adapt\u00e9 aux enfants de 3 \u00e0 12 ans.<\/p>\n<p>Contenu :<\/p>\n<p>2 petits plateaux en bois.<\/p>\n","protected":false},"excerpt":{"rendered":"<p>Num\u00e9ro d&#8217;article: 047500<\/p>\n","protected":false},"featured_media":5325,"comment_status":"closed","ping_status":"closed","template":"","meta":[],"product_brand":[],"product_cat":[208,8527,215,216,285,270,16898,22344,284,283,8526,23650,291,273,277,8567,274,288,7595,1218,207,217,205,5851,13153,13154,276,209,292,212,275],"product_tag":[768,651,767,647,7728],"class_list":{"0":"post-23253","1":"product","2":"type-product","3":"status-publish","4":"has-post-thumbnail","6":"product_cat-1-3-ans","7":"product_cat-3-6-ans-ecole-a-domicile","8":"product_cat-3-6-ans","9":"product_cat-6-12-ans","10":"product_cat-alphabetisation-langage","11":"product_cat-biologie","12":"product_cat-collection-automne","13":"product_cat-collections-saisonnieres","14":"product_cat-culture-sciences","15":"product_cat-domaines-du-curriculum","16":"product_cat-fournitures-scolaires-a-domicile","17":"product_cat-la-rentree-scolaire","18":"product_cat-la-vie-pratique","19":"product_cat-langage-nienhuis-montessori","20":"product_cat-materiel-indispensable","21":"product_cat-materiel-scolaire-montessori","22":"product_cat-mathematiques-nienhuis-montessori","23":"product_cat-mathematiques-calcul","24":"product_cat-methode-deducation","25":"product_cat-montessori-fr","26":"product_cat-nienhuis-montessori-materiel-fr","27":"product_cat-marques","28":"product_cat-nourrisson-enfant-bas-age","29":"product_cat-nouveautes","30":"product_cat-pack-classe-3-6-ans","31":"product_cat-pack-classe-6-12-ans","32":"product_cat-sensoriel","33":"product_cat-sensorielles-motrices","34":"product_cat-appui-au-curriculum","35":"product_cat-tranche-dage","36":"product_cat-vie-pratique","37":"product_tag-materiel-montessori-suisse","38":"product_tag-materiel-pedagogique-suisse","39":"product_tag-nienhuis-montessori-suisse-fr-2","40":"product_tag-nienhuis-montessori-suisse-fr","41":"product_tag-vie-pratique-montessori","43":"first","44":"instock","45":"taxable","46":"shipping-taxable","47":"purchasable","48":"product-type-simple"},"yoast_head":"<!-- This site is optimized with the Yoast SEO plugin v27.1.1 - https:\/\/yoast.com\/product\/yoast-seo-wordpress\/ -->\n<title>Petit plateau en bois, jeu de 2 - Nienhuis Montessori - Teia Education &amp; Play<\/title>\n<meta name=\"description\" content=\"Le Petit plateau en bois, jeu de 2 Nienhuis Montessori servent \u00e0 une grande vari\u00e9t\u00e9 d&#039;exercices pratiques de vie dans l&#039;environnement Montessori pr\u00e9par\u00e9.\" \/>\n<meta name=\"robots\" content=\"index, follow, max-snippet:-1, max-image-preview:large, max-video-preview:-1\" \/>\n<link rel=\"canonical\" href=\"https:\/\/teiaeducation.ch\/fr\/produit\/petit-plateau-en-bois-jeu-de-2-nienhuis-montessori\/\" \/>\n<meta property=\"og:locale\" content=\"fr_FR\" \/>\n<meta property=\"og:type\" content=\"article\" \/>\n<meta property=\"og:title\" content=\"Petit plateau en bois, jeu de 2 - Nienhuis Montessori - Teia Education &amp; Play\" \/>\n<meta property=\"og:description\" content=\"Le Petit plateau en bois, jeu de 2 Nienhuis Montessori servent \u00e0 une grande vari\u00e9t\u00e9 d&#039;exercices pratiques de vie dans l&#039;environnement Montessori pr\u00e9par\u00e9.\" \/>\n<meta property=\"og:url\" content=\"https:\/\/teiaeducation.ch\/fr\/produit\/petit-plateau-en-bois-jeu-de-2-nienhuis-montessori\/\" \/>\n<meta property=\"og:site_name\" content=\"Sustainable Educational Products &amp; Ecological Toys\u00a0\" \/>\n<meta property=\"article:publisher\" content=\"https:\/\/www.facebook.com\/teiaeducation\/\" \/>\n<meta property=\"og:image\" content=\"https:\/\/teiaeducation.ch\/wp-content\/uploads\/2019\/04\/047500-scaled-scaled.jpg\" \/>\n\t<meta property=\"og:image:width\" content=\"2048\" \/>\n\t<meta property=\"og:image:height\" content=\"2048\" \/>\n\t<meta property=\"og:image:type\" content=\"image\/jpeg\" \/>\n<script type=\"application\/ld+json\" class=\"yoast-schema-graph\">{\"@context\":\"https:\/\/schema.org\",\"@graph\":[{\"@type\":\"WebPage\",\"@id\":\"https:\/\/teiaeducation.ch\/fr\/produit\/petit-plateau-en-bois-jeu-de-2-nienhuis-montessori\/\",\"url\":\"https:\/\/teiaeducation.ch\/fr\/produit\/petit-plateau-en-bois-jeu-de-2-nienhuis-montessori\/\",\"name\":\"Petit plateau en bois, jeu de 2 - Nienhuis Montessori - Teia Education & Play\",\"isPartOf\":{\"@id\":\"https:\/\/teiaeducation.ch\/fr\/#website\"},\"primaryImageOfPage\":{\"@id\":\"https:\/\/teiaeducation.ch\/fr\/produit\/petit-plateau-en-bois-jeu-de-2-nienhuis-montessori\/#primaryimage\"},\"image\":{\"@id\":\"https:\/\/teiaeducation.ch\/fr\/produit\/petit-plateau-en-bois-jeu-de-2-nienhuis-montessori\/#primaryimage\"},\"thumbnailUrl\":\"https:\/\/teiaeducation.ch\/wp-content\/uploads\/2019\/04\/047500-scaled-scaled.jpg\",\"datePublished\":\"2021-05-26T12:48:05+00:00\",\"description\":\"Le Petit plateau en bois, jeu de 2 Nienhuis Montessori servent \u00e0 une grande vari\u00e9t\u00e9 d'exercices pratiques de vie dans l'environnement Montessori pr\u00e9par\u00e9.\",\"breadcrumb\":{\"@id\":\"https:\/\/teiaeducation.ch\/fr\/produit\/petit-plateau-en-bois-jeu-de-2-nienhuis-montessori\/#breadcrumb\"},\"inLanguage\":\"fr-FR\",\"potentialAction\":[{\"@type\":\"ReadAction\",\"target\":[\"https:\/\/teiaeducation.ch\/fr\/produit\/petit-plateau-en-bois-jeu-de-2-nienhuis-montessori\/\"]}]},{\"@type\":\"ImageObject\",\"inLanguage\":\"fr-FR\",\"@id\":\"https:\/\/teiaeducation.ch\/fr\/produit\/petit-plateau-en-bois-jeu-de-2-nienhuis-montessori\/#primaryimage\",\"url\":\"https:\/\/teiaeducation.ch\/wp-content\/uploads\/2019\/04\/047500-scaled-scaled.jpg\",\"contentUrl\":\"https:\/\/teiaeducation.ch\/wp-content\/uploads\/2019\/04\/047500-scaled-scaled.jpg\",\"width\":2048,\"height\":2048,\"caption\":\"Petit plateau en bois, jeu de 2 - Nienhuis Montessori\"},{\"@type\":\"BreadcrumbList\",\"@id\":\"https:\/\/teiaeducation.ch\/fr\/produit\/petit-plateau-en-bois-jeu-de-2-nienhuis-montessori\/#breadcrumb\",\"itemListElement\":[{\"@type\":\"ListItem\",\"position\":1,\"name\":\"Home\",\"item\":\"https:\/\/teiaeducation.ch\/fr\/\"},{\"@type\":\"ListItem\",\"position\":2,\"name\":\"Boutique Teia Education &amp; Play\",\"item\":\"https:\/\/teiaeducation.ch\/fr\/boutique\/\"},{\"@type\":\"ListItem\",\"position\":3,\"name\":\"Nos Marques\",\"item\":\"https:\/\/teiaeducation.ch\/fr\/categorie-produit\/marques\/\"},{\"@type\":\"ListItem\",\"position\":4,\"name\":\"Nienhuis Montessori Suisse\",\"item\":\"https:\/\/teiaeducation.ch\/fr\/categorie-produit\/marques\/nienhuis-montessori-materiel-fr\/\"},{\"@type\":\"ListItem\",\"position\":5,\"name\":\"Biologie\",\"item\":\"https:\/\/teiaeducation.ch\/fr\/categorie-produit\/marques\/nienhuis-montessori-materiel-fr\/biologie\/\"},{\"@type\":\"ListItem\",\"position\":6,\"name\":\"Petit plateau en bois, jeu de 2 &#8211; Nienhuis Montessori\"}]},{\"@type\":\"WebSite\",\"@id\":\"https:\/\/teiaeducation.ch\/fr\/#website\",\"url\":\"https:\/\/teiaeducation.ch\/fr\/\",\"name\":\"Sustainable Educational Products &amp; Ecological Toys\u00a0\",\"description\":\"Specialised Swiss shop selling sustainable educational toys and games, AMI certified Montessori materials, handmade ecological wooden Waldorf toys and arts &amp; crafts supplies, school supplies, children&#039;s furniture and Montessori reference and parenting books.\",\"publisher\":{\"@id\":\"https:\/\/teiaeducation.ch\/fr\/#organization\"},\"alternateName\":\"Teia Education & Play\",\"potentialAction\":[{\"@type\":\"SearchAction\",\"target\":{\"@type\":\"EntryPoint\",\"urlTemplate\":\"https:\/\/teiaeducation.ch\/fr\/?s={search_term_string}\"},\"query-input\":{\"@type\":\"PropertyValueSpecification\",\"valueRequired\":true,\"valueName\":\"search_term_string\"}}],\"inLanguage\":\"fr-FR\"},{\"@type\":\"Organization\",\"@id\":\"https:\/\/teiaeducation.ch\/fr\/#organization\",\"name\":\"Teia Education & Play\",\"url\":\"https:\/\/teiaeducation.ch\/fr\/\",\"logo\":{\"@type\":\"ImageObject\",\"inLanguage\":\"fr-FR\",\"@id\":\"https:\/\/teiaeducation.ch\/fr\/#\/schema\/logo\/image\/\",\"url\":\"https:\/\/teiaeducation.ch\/wp-content\/uploads\/2020\/11\/Teia-Education-Switzerland-e1620156442216.jpg\",\"contentUrl\":\"https:\/\/teiaeducation.ch\/wp-content\/uploads\/2020\/11\/Teia-Education-Switzerland-e1620156442216.jpg\",\"width\":166,\"height\":145,\"caption\":\"Teia Education & Play\"},\"image\":{\"@id\":\"https:\/\/teiaeducation.ch\/fr\/#\/schema\/logo\/image\/\"},\"sameAs\":[\"https:\/\/www.facebook.com\/teiaeducation\/\",\"https:\/\/x.com\/EducationTeia\",\"https:\/\/www.instagram.com\/teia.education\/\",\"https:\/\/www.linkedin.com\/company\/35501660\",\"https:\/\/www.pinterest.ch\/TeiaEducation\/\"]}]}<\/script>\n<!-- \/ Yoast SEO plugin. -->","yoast_head_json":{"title":"Petit plateau en bois, jeu de 2 - Nienhuis Montessori - Teia Education & Play","description":"Le Petit plateau en bois, jeu de 2 Nienhuis Montessori servent \u00e0 une grande vari\u00e9t\u00e9 d'exercices pratiques de vie dans l'environnement Montessori pr\u00e9par\u00e9.","robots":{"index":"index","follow":"follow","max-snippet":"max-snippet:-1","max-image-preview":"max-image-preview:large","max-video-preview":"max-video-preview:-1"},"canonical":"https:\/\/teiaeducation.ch\/fr\/produit\/petit-plateau-en-bois-jeu-de-2-nienhuis-montessori\/","og_locale":"fr_FR","og_type":"article","og_title":"Petit plateau en bois, jeu de 2 - Nienhuis Montessori - Teia Education & Play","og_description":"Le Petit plateau en bois, jeu de 2 Nienhuis Montessori servent \u00e0 une grande vari\u00e9t\u00e9 d'exercices pratiques de vie dans l'environnement Montessori pr\u00e9par\u00e9.","og_url":"https:\/\/teiaeducation.ch\/fr\/produit\/petit-plateau-en-bois-jeu-de-2-nienhuis-montessori\/","og_site_name":"Sustainable Educational Products &amp; Ecological Toys\u00a0","article_publisher":"https:\/\/www.facebook.com\/teiaeducation\/","og_image":[{"width":2048,"height":2048,"url":"https:\/\/teiaeducation.ch\/wp-content\/uploads\/2019\/04\/047500-scaled-scaled.jpg","type":"image\/jpeg"}],"schema":{"@context":"https:\/\/schema.org","@graph":[{"@type":"WebPage","@id":"https:\/\/teiaeducation.ch\/fr\/produit\/petit-plateau-en-bois-jeu-de-2-nienhuis-montessori\/","url":"https:\/\/teiaeducation.ch\/fr\/produit\/petit-plateau-en-bois-jeu-de-2-nienhuis-montessori\/","name":"Petit plateau en bois, jeu de 2 - Nienhuis Montessori - Teia Education & Play","isPartOf":{"@id":"https:\/\/teiaeducation.ch\/fr\/#website"},"primaryImageOfPage":{"@id":"https:\/\/teiaeducation.ch\/fr\/produit\/petit-plateau-en-bois-jeu-de-2-nienhuis-montessori\/#primaryimage"},"image":{"@id":"https:\/\/teiaeducation.ch\/fr\/produit\/petit-plateau-en-bois-jeu-de-2-nienhuis-montessori\/#primaryimage"},"thumbnailUrl":"https:\/\/teiaeducation.ch\/wp-content\/uploads\/2019\/04\/047500-scaled-scaled.jpg","datePublished":"2021-05-26T12:48:05+00:00","description":"Le Petit plateau en bois, jeu de 2 Nienhuis Montessori servent \u00e0 une grande vari\u00e9t\u00e9 d'exercices pratiques de vie dans l'environnement Montessori pr\u00e9par\u00e9.","breadcrumb":{"@id":"https:\/\/teiaeducation.ch\/fr\/produit\/petit-plateau-en-bois-jeu-de-2-nienhuis-montessori\/#breadcrumb"},"inLanguage":"fr-FR","potentialAction":[{"@type":"ReadAction","target":["https:\/\/teiaeducation.ch\/fr\/produit\/petit-plateau-en-bois-jeu-de-2-nienhuis-montessori\/"]}]},{"@type":"ImageObject","inLanguage":"fr-FR","@id":"https:\/\/teiaeducation.ch\/fr\/produit\/petit-plateau-en-bois-jeu-de-2-nienhuis-montessori\/#primaryimage","url":"https:\/\/teiaeducation.ch\/wp-content\/uploads\/2019\/04\/047500-scaled-scaled.jpg","contentUrl":"https:\/\/teiaeducation.ch\/wp-content\/uploads\/2019\/04\/047500-scaled-scaled.jpg","width":2048,"height":2048,"caption":"Petit plateau en bois, jeu de 2 - Nienhuis Montessori"},{"@type":"BreadcrumbList","@id":"https:\/\/teiaeducation.ch\/fr\/produit\/petit-plateau-en-bois-jeu-de-2-nienhuis-montessori\/#breadcrumb","itemListElement":[{"@type":"ListItem","position":1,"name":"Home","item":"https:\/\/teiaeducation.ch\/fr\/"},{"@type":"ListItem","position":2,"name":"Boutique Teia Education &amp; Play","item":"https:\/\/teiaeducation.ch\/fr\/boutique\/"},{"@type":"ListItem","position":3,"name":"Nos Marques","item":"https:\/\/teiaeducation.ch\/fr\/categorie-produit\/marques\/"},{"@type":"ListItem","position":4,"name":"Nienhuis Montessori Suisse","item":"https:\/\/teiaeducation.ch\/fr\/categorie-produit\/marques\/nienhuis-montessori-materiel-fr\/"},{"@type":"ListItem","position":5,"name":"Biologie","item":"https:\/\/teiaeducation.ch\/fr\/categorie-produit\/marques\/nienhuis-montessori-materiel-fr\/biologie\/"},{"@type":"ListItem","position":6,"name":"Petit plateau en bois, jeu de 2 &#8211; Nienhuis Montessori"}]},{"@type":"WebSite","@id":"https:\/\/teiaeducation.ch\/fr\/#website","url":"https:\/\/teiaeducation.ch\/fr\/","name":"Sustainable Educational Products &amp; Ecological Toys\u00a0","description":"Specialised Swiss shop selling sustainable educational toys and games, AMI certified Montessori materials, handmade ecological wooden Waldorf toys and arts &amp; crafts supplies, school supplies, children&#039;s furniture and Montessori reference and parenting books.","publisher":{"@id":"https:\/\/teiaeducation.ch\/fr\/#organization"},"alternateName":"Teia Education & Play","potentialAction":[{"@type":"SearchAction","target":{"@type":"EntryPoint","urlTemplate":"https:\/\/teiaeducation.ch\/fr\/?s={search_term_string}"},"query-input":{"@type":"PropertyValueSpecification","valueRequired":true,"valueName":"search_term_string"}}],"inLanguage":"fr-FR"},{"@type":"Organization","@id":"https:\/\/teiaeducation.ch\/fr\/#organization","name":"Teia Education & Play","url":"https:\/\/teiaeducation.ch\/fr\/","logo":{"@type":"ImageObject","inLanguage":"fr-FR","@id":"https:\/\/teiaeducation.ch\/fr\/#\/schema\/logo\/image\/","url":"https:\/\/teiaeducation.ch\/wp-content\/uploads\/2020\/11\/Teia-Education-Switzerland-e1620156442216.jpg","contentUrl":"https:\/\/teiaeducation.ch\/wp-content\/uploads\/2020\/11\/Teia-Education-Switzerland-e1620156442216.jpg","width":166,"height":145,"caption":"Teia Education & Play"},"image":{"@id":"https:\/\/teiaeducation.ch\/fr\/#\/schema\/logo\/image\/"},"sameAs":["https:\/\/www.facebook.com\/teiaeducation\/","https:\/\/x.com\/EducationTeia","https:\/\/www.instagram.com\/teia.education\/","https:\/\/www.linkedin.com\/company\/35501660","https:\/\/www.pinterest.ch\/TeiaEducation\/"]}]}},"_links":{"self":[{"href":"https:\/\/teiaeducation.ch\/fr\/wp-json\/wp\/v2\/product\/23253","targetHints":{"allow":["GET"]}}],"collection":[{"href":"https:\/\/teiaeducation.ch\/fr\/wp-json\/wp\/v2\/product"}],"about":[{"href":"https:\/\/teiaeducation.ch\/fr\/wp-json\/wp\/v2\/types\/product"}],"replies":[{"embeddable":true,"href":"https:\/\/teiaeducation.ch\/fr\/wp-json\/wp\/v2\/comments?post=23253"}],"wp:featuredmedia":[{"embeddable":true,"href":"https:\/\/teiaeducation.ch\/fr\/wp-json\/wp\/v2\/media\/5325"}],"wp:attachment":[{"href":"https:\/\/teiaeducation.ch\/fr\/wp-json\/wp\/v2\/media?parent=23253"}],"wp:term":[{"taxonomy":"product_brand","embeddable":true,"href":"https:\/\/teiaeducation.ch\/fr\/wp-json\/wp\/v2\/product_brand?post=23253"},{"taxonomy":"product_cat","embeddable":true,"href":"https:\/\/teiaeducation.ch\/fr\/wp-json\/wp\/v2\/product_cat?post=23253"},{"taxonomy":"product_tag","embeddable":true,"href":"https:\/\/teiaeducation.ch\/fr\/wp-json\/wp\/v2\/product_tag?post=23253"}],"curies":[{"name":"wp","href":"https:\/\/api.w.org\/{rel}","templated":true}]}}