{"id":23260,"date":"2021-01-26T09:42:00","date_gmt":"2021-01-26T08:42:00","guid":{"rendered":"https:\/\/teiaeducation.ch\/product\/puzzle-danimal-oisseau-nienhuis-montessori\/"},"modified":"2025-11-25T15:49:15","modified_gmt":"2025-11-25T14:49:15","slug":"puzzle-danimal-oiseau-nienhuis-montessori","status":"publish","type":"product","link":"https:\/\/teiaeducation.ch\/fr\/produit\/puzzle-danimal-oiseau-nienhuis-montessori\/","title":{"rendered":"Puzzle d&#8217;animal : oiseau &#8211; Nienhuis Montessori"},"content":{"rendered":"<p>Puzzle d&#8217;animal : oiseau &#8211; Nienhuis Montessori<\/p>\n<p>Le puzzle\u00a0d&#8217;animal oiseau de Nienhuis Montessori fait partie d&#8217;une s\u00e9rie de cinq puzzles zoologiques dont les pi\u00e8ces illustrent les caract\u00e9ristiques des esp\u00e8ces de vert\u00e9br\u00e9s : un <a href=\"https:\/\/teiaeducation.ch\/fr\/produit\/puzzle-danimal-cheval-nienhuis-montessori\/\">cheval<\/a>, une <a href=\"https:\/\/teiaeducation.ch\/fr\/produit\/puzzle-danimal-grenouille-nienhuis-montessori\/\">grenouille<\/a>, un <a href=\"https:\/\/teiaeducation.ch\/fr\/produit\/puzzle-danimal-poisson-nienhuis-montessori\/\">poisson<\/a>, une <a href=\"https:\/\/teiaeducation.ch\/fr\/produit\/puzzle-danimal-tortue-nienhuis-montessori\/\">tortue<\/a> et un oiseau. Les diff\u00e9rentes parties du corps de chaque animal, telles que la t\u00eate, le ventre ou la queue, peuvent \u00eatre prises s\u00e9par\u00e9ment du puzzle et tri\u00e9es.<\/p>\n<p>Le travail avec les puzzles d&#8217;animaux, compl\u00e9t\u00e9 par le set d\u2019activit\u00e9 des puzzles d&#8217;animaux, encourage l&#8217;enfant \u00e0 explorer davantage chaque partie de l&#8217;esp\u00e8ce en faisant correspondre les cartes nominatives. Les puzzles animaux favorisent le d\u00e9veloppement du langage et sont enti\u00e8rement fait en bois.<\/p>\n<p>Une cabinet pour stocker les cinq puzzles des animaux est \u00e9galement disponible s\u00e9par\u00e9ment.<\/p>\n<p>Ce mat\u00e9riel convient aux enfants \u00e2g\u00e9s de 4 ans et plus.<\/p>\n<p>Contenu :<\/p>\n<p>1 puzzle en bois (24 x 24 cm)<\/p>\n<p><em><span class=\"tlid-translation translation\" lang=\"fr\"><span title=\"\">Nous n'avons actuellement pas cet article en stock, mais il est disponible en pr\u00e9-commande.<\/span> <span class=\"\" title=\"\">Nous commanderons cet article pour vous aupr\u00e8s de notre fournisseur.<\/span> <span class=\"\" title=\"\">Veuillez allouer de 2 \u00e0 3 semaines maximum pour la livraison.<\/span><\/span><\/em><\/p>\n\t<div id=\"gap-329275053\" class=\"gap-element clearfix\" style=\"display:block; height:auto;\">\n\t\t\n<style>\n#gap-329275053 {\n  padding-top: 20px;\n}\n<\/style>\n\t<\/div>\n\t\n","protected":false},"excerpt":{"rendered":"<p>Num\u00e9ro d&#8217;article: 0199E0<\/p>\n","protected":false},"featured_media":4198,"comment_status":"closed","ping_status":"closed","template":"","meta":[],"product_brand":[],"product_cat":[8527,215,216,285,270,18893,635,284,283,8526,592,277,8567,7595,1218,207,217,13153,13154,209,292,212,612],"product_tag":[781,776,650,768,651,1114,767,7757,7760,7755,5849,7761,23603,7756],"class_list":{"0":"post-23260","1":"product","2":"type-product","3":"status-publish","4":"has-post-thumbnail","6":"product_cat-3-6-ans-ecole-a-domicile","7":"product_cat-3-6-ans","8":"product_cat-6-12-ans","9":"product_cat-alphabetisation-langage","10":"product_cat-biologie","11":"product_cat-collection-printemps","12":"product_cat-competences-motrices","13":"product_cat-culture-sciences","14":"product_cat-domaines-du-curriculum","15":"product_cat-fournitures-scolaires-a-domicile","16":"product_cat-geographie-animale","17":"product_cat-materiel-indispensable","18":"product_cat-materiel-scolaire-montessori","19":"product_cat-methode-deducation","20":"product_cat-montessori-fr","21":"product_cat-nienhuis-montessori-materiel-fr","22":"product_cat-marques","23":"product_cat-pack-classe-3-6-ans","24":"product_cat-pack-classe-6-12-ans","25":"product_cat-sensorielles-motrices","26":"product_cat-appui-au-curriculum","27":"product_cat-tranche-dage","28":"product_cat-vocabulaire-fr","29":"product_tag-bois-educatif","30":"product_tag-heutink-international-suisse","31":"product_tag-jouets-educatifs-suisse","32":"product_tag-materiel-montessori-suisse","33":"product_tag-materiel-pedagogique-suisse","34":"product_tag-nienhuis-montessori-biologie","35":"product_tag-nienhuis-montessori-suisse-fr-2","36":"product_tag-parties-montessori-dun-animal","37":"product_tag-puzzle-animal-de-nienhuis-montessori-oiseau","38":"product_tag-puzzle-animalier-montessori","39":"product_tag-puzzle-en-bois","40":"product_tag-puzzle-oiseau-en-bois","41":"product_tag-wooden-toys-fr","42":"product_tag-zoologie-nienhuis-montessori","44":"first","45":"onbackorder","46":"taxable","47":"shipping-taxable","48":"purchasable","49":"product-type-simple"},"yoast_head":"<!-- This site is optimized with the Yoast SEO plugin v27.1.1 - https:\/\/yoast.com\/product\/yoast-seo-wordpress\/ -->\n<title>Puzzle d&#039;animal : oiseau - Nienhuis Montessori<\/title>\n<meta name=\"description\" content=\"Le puzzle d&#039;animal oiseau de Nienhuis Montessori illustrent les caract\u00e9ristiques d&#039;un oiseau et fait partie d&#039;une s\u00e9rie de 5 puzzles.\" \/>\n<meta name=\"robots\" content=\"index, follow, max-snippet:-1, max-image-preview:large, max-video-preview:-1\" \/>\n<link rel=\"canonical\" href=\"https:\/\/teiaeducation.ch\/fr\/produit\/puzzle-danimal-oiseau-nienhuis-montessori\/\" \/>\n<meta property=\"og:locale\" content=\"fr_FR\" \/>\n<meta property=\"og:type\" content=\"article\" \/>\n<meta property=\"og:title\" content=\"Puzzle d&#039;animal : oiseau - Nienhuis Montessori\" \/>\n<meta property=\"og:description\" content=\"Le puzzle d&#039;animal oiseau de Nienhuis Montessori illustrent les caract\u00e9ristiques d&#039;un oiseau et fait partie d&#039;une s\u00e9rie de 5 puzzles.\" \/>\n<meta property=\"og:url\" content=\"https:\/\/teiaeducation.ch\/fr\/produit\/puzzle-danimal-oiseau-nienhuis-montessori\/\" \/>\n<meta property=\"og:site_name\" content=\"Sustainable Educational Products &amp; Ecological Toys\u00a0\" \/>\n<meta property=\"article:publisher\" content=\"https:\/\/www.facebook.com\/teiaeducation\/\" \/>\n<meta property=\"article:modified_time\" content=\"2025-11-25T14:49:15+00:00\" \/>\n<meta property=\"og:image\" content=\"https:\/\/teiaeducation.ch\/wp-content\/uploads\/2019\/02\/0199E0-scaled-scaled.jpg\" \/>\n\t<meta property=\"og:image:width\" content=\"2048\" \/>\n\t<meta property=\"og:image:height\" content=\"2048\" \/>\n\t<meta property=\"og:image:type\" content=\"image\/jpeg\" \/>\n<script type=\"application\/ld+json\" class=\"yoast-schema-graph\">{\"@context\":\"https:\/\/schema.org\",\"@graph\":[{\"@type\":\"WebPage\",\"@id\":\"https:\/\/teiaeducation.ch\/fr\/produit\/puzzle-danimal-oiseau-nienhuis-montessori\/\",\"url\":\"https:\/\/teiaeducation.ch\/fr\/produit\/puzzle-danimal-oiseau-nienhuis-montessori\/\",\"name\":\"Puzzle d'animal : oiseau - Nienhuis Montessori\",\"isPartOf\":{\"@id\":\"https:\/\/teiaeducation.ch\/fr\/#website\"},\"primaryImageOfPage\":{\"@id\":\"https:\/\/teiaeducation.ch\/fr\/produit\/puzzle-danimal-oiseau-nienhuis-montessori\/#primaryimage\"},\"image\":{\"@id\":\"https:\/\/teiaeducation.ch\/fr\/produit\/puzzle-danimal-oiseau-nienhuis-montessori\/#primaryimage\"},\"thumbnailUrl\":\"https:\/\/teiaeducation.ch\/wp-content\/uploads\/2019\/02\/0199E0-scaled-scaled.jpg\",\"datePublished\":\"2021-01-26T08:42:00+00:00\",\"dateModified\":\"2025-11-25T14:49:15+00:00\",\"description\":\"Le puzzle d'animal oiseau de Nienhuis Montessori illustrent les caract\u00e9ristiques d'un oiseau et fait partie d'une s\u00e9rie de 5 puzzles.\",\"breadcrumb\":{\"@id\":\"https:\/\/teiaeducation.ch\/fr\/produit\/puzzle-danimal-oiseau-nienhuis-montessori\/#breadcrumb\"},\"inLanguage\":\"fr-FR\",\"potentialAction\":[{\"@type\":\"ReadAction\",\"target\":[\"https:\/\/teiaeducation.ch\/fr\/produit\/puzzle-danimal-oiseau-nienhuis-montessori\/\"]}]},{\"@type\":\"ImageObject\",\"inLanguage\":\"fr-FR\",\"@id\":\"https:\/\/teiaeducation.ch\/fr\/produit\/puzzle-danimal-oiseau-nienhuis-montessori\/#primaryimage\",\"url\":\"https:\/\/teiaeducation.ch\/wp-content\/uploads\/2019\/02\/0199E0-scaled-scaled.jpg\",\"contentUrl\":\"https:\/\/teiaeducation.ch\/wp-content\/uploads\/2019\/02\/0199E0-scaled-scaled.jpg\",\"width\":2048,\"height\":2048,\"caption\":\"Puzzle d'animal oisseau Nienhuis Montessori\"},{\"@type\":\"BreadcrumbList\",\"@id\":\"https:\/\/teiaeducation.ch\/fr\/produit\/puzzle-danimal-oiseau-nienhuis-montessori\/#breadcrumb\",\"itemListElement\":[{\"@type\":\"ListItem\",\"position\":1,\"name\":\"Home\",\"item\":\"https:\/\/teiaeducation.ch\/fr\/\"},{\"@type\":\"ListItem\",\"position\":2,\"name\":\"Boutique Teia Education &amp; Play\",\"item\":\"https:\/\/teiaeducation.ch\/fr\/boutique\/\"},{\"@type\":\"ListItem\",\"position\":3,\"name\":\"Nos Marques\",\"item\":\"https:\/\/teiaeducation.ch\/fr\/categorie-produit\/marques\/\"},{\"@type\":\"ListItem\",\"position\":4,\"name\":\"Nienhuis Montessori Suisse\",\"item\":\"https:\/\/teiaeducation.ch\/fr\/categorie-produit\/marques\/nienhuis-montessori-materiel-fr\/\"},{\"@type\":\"ListItem\",\"position\":5,\"name\":\"Biologie\",\"item\":\"https:\/\/teiaeducation.ch\/fr\/categorie-produit\/marques\/nienhuis-montessori-materiel-fr\/biologie\/\"},{\"@type\":\"ListItem\",\"position\":6,\"name\":\"Puzzle d&#8217;animal : oiseau &#8211; Nienhuis Montessori\"}]},{\"@type\":\"WebSite\",\"@id\":\"https:\/\/teiaeducation.ch\/fr\/#website\",\"url\":\"https:\/\/teiaeducation.ch\/fr\/\",\"name\":\"Sustainable Educational Products &amp; Ecological Toys\u00a0\",\"description\":\"Specialised Swiss shop selling sustainable educational toys and games, AMI certified Montessori materials, handmade ecological wooden Waldorf toys and arts &amp; crafts supplies, school supplies, children&#039;s furniture and Montessori reference and parenting books.\",\"publisher\":{\"@id\":\"https:\/\/teiaeducation.ch\/fr\/#organization\"},\"alternateName\":\"Teia Education & Play\",\"potentialAction\":[{\"@type\":\"SearchAction\",\"target\":{\"@type\":\"EntryPoint\",\"urlTemplate\":\"https:\/\/teiaeducation.ch\/fr\/?s={search_term_string}\"},\"query-input\":{\"@type\":\"PropertyValueSpecification\",\"valueRequired\":true,\"valueName\":\"search_term_string\"}}],\"inLanguage\":\"fr-FR\"},{\"@type\":\"Organization\",\"@id\":\"https:\/\/teiaeducation.ch\/fr\/#organization\",\"name\":\"Teia Education & Play\",\"url\":\"https:\/\/teiaeducation.ch\/fr\/\",\"logo\":{\"@type\":\"ImageObject\",\"inLanguage\":\"fr-FR\",\"@id\":\"https:\/\/teiaeducation.ch\/fr\/#\/schema\/logo\/image\/\",\"url\":\"https:\/\/teiaeducation.ch\/wp-content\/uploads\/2020\/11\/Teia-Education-Switzerland-e1620156442216.jpg\",\"contentUrl\":\"https:\/\/teiaeducation.ch\/wp-content\/uploads\/2020\/11\/Teia-Education-Switzerland-e1620156442216.jpg\",\"width\":166,\"height\":145,\"caption\":\"Teia Education & Play\"},\"image\":{\"@id\":\"https:\/\/teiaeducation.ch\/fr\/#\/schema\/logo\/image\/\"},\"sameAs\":[\"https:\/\/www.facebook.com\/teiaeducation\/\",\"https:\/\/x.com\/EducationTeia\",\"https:\/\/www.instagram.com\/teia.education\/\",\"https:\/\/www.linkedin.com\/company\/35501660\",\"https:\/\/www.pinterest.ch\/TeiaEducation\/\"]}]}<\/script>\n<!-- \/ Yoast SEO plugin. -->","yoast_head_json":{"title":"Puzzle d'animal : oiseau - Nienhuis Montessori","description":"Le puzzle d'animal oiseau de Nienhuis Montessori illustrent les caract\u00e9ristiques d'un oiseau et fait partie d'une s\u00e9rie de 5 puzzles.","robots":{"index":"index","follow":"follow","max-snippet":"max-snippet:-1","max-image-preview":"max-image-preview:large","max-video-preview":"max-video-preview:-1"},"canonical":"https:\/\/teiaeducation.ch\/fr\/produit\/puzzle-danimal-oiseau-nienhuis-montessori\/","og_locale":"fr_FR","og_type":"article","og_title":"Puzzle d'animal : oiseau - Nienhuis Montessori","og_description":"Le puzzle d'animal oiseau de Nienhuis Montessori illustrent les caract\u00e9ristiques d'un oiseau et fait partie d'une s\u00e9rie de 5 puzzles.","og_url":"https:\/\/teiaeducation.ch\/fr\/produit\/puzzle-danimal-oiseau-nienhuis-montessori\/","og_site_name":"Sustainable Educational Products &amp; Ecological Toys\u00a0","article_publisher":"https:\/\/www.facebook.com\/teiaeducation\/","article_modified_time":"2025-11-25T14:49:15+00:00","og_image":[{"width":2048,"height":2048,"url":"https:\/\/teiaeducation.ch\/wp-content\/uploads\/2019\/02\/0199E0-scaled-scaled.jpg","type":"image\/jpeg"}],"schema":{"@context":"https:\/\/schema.org","@graph":[{"@type":"WebPage","@id":"https:\/\/teiaeducation.ch\/fr\/produit\/puzzle-danimal-oiseau-nienhuis-montessori\/","url":"https:\/\/teiaeducation.ch\/fr\/produit\/puzzle-danimal-oiseau-nienhuis-montessori\/","name":"Puzzle d'animal : oiseau - Nienhuis Montessori","isPartOf":{"@id":"https:\/\/teiaeducation.ch\/fr\/#website"},"primaryImageOfPage":{"@id":"https:\/\/teiaeducation.ch\/fr\/produit\/puzzle-danimal-oiseau-nienhuis-montessori\/#primaryimage"},"image":{"@id":"https:\/\/teiaeducation.ch\/fr\/produit\/puzzle-danimal-oiseau-nienhuis-montessori\/#primaryimage"},"thumbnailUrl":"https:\/\/teiaeducation.ch\/wp-content\/uploads\/2019\/02\/0199E0-scaled-scaled.jpg","datePublished":"2021-01-26T08:42:00+00:00","dateModified":"2025-11-25T14:49:15+00:00","description":"Le puzzle d'animal oiseau de Nienhuis Montessori illustrent les caract\u00e9ristiques d'un oiseau et fait partie d'une s\u00e9rie de 5 puzzles.","breadcrumb":{"@id":"https:\/\/teiaeducation.ch\/fr\/produit\/puzzle-danimal-oiseau-nienhuis-montessori\/#breadcrumb"},"inLanguage":"fr-FR","potentialAction":[{"@type":"ReadAction","target":["https:\/\/teiaeducation.ch\/fr\/produit\/puzzle-danimal-oiseau-nienhuis-montessori\/"]}]},{"@type":"ImageObject","inLanguage":"fr-FR","@id":"https:\/\/teiaeducation.ch\/fr\/produit\/puzzle-danimal-oiseau-nienhuis-montessori\/#primaryimage","url":"https:\/\/teiaeducation.ch\/wp-content\/uploads\/2019\/02\/0199E0-scaled-scaled.jpg","contentUrl":"https:\/\/teiaeducation.ch\/wp-content\/uploads\/2019\/02\/0199E0-scaled-scaled.jpg","width":2048,"height":2048,"caption":"Puzzle d'animal oisseau Nienhuis Montessori"},{"@type":"BreadcrumbList","@id":"https:\/\/teiaeducation.ch\/fr\/produit\/puzzle-danimal-oiseau-nienhuis-montessori\/#breadcrumb","itemListElement":[{"@type":"ListItem","position":1,"name":"Home","item":"https:\/\/teiaeducation.ch\/fr\/"},{"@type":"ListItem","position":2,"name":"Boutique Teia Education &amp; Play","item":"https:\/\/teiaeducation.ch\/fr\/boutique\/"},{"@type":"ListItem","position":3,"name":"Nos Marques","item":"https:\/\/teiaeducation.ch\/fr\/categorie-produit\/marques\/"},{"@type":"ListItem","position":4,"name":"Nienhuis Montessori Suisse","item":"https:\/\/teiaeducation.ch\/fr\/categorie-produit\/marques\/nienhuis-montessori-materiel-fr\/"},{"@type":"ListItem","position":5,"name":"Biologie","item":"https:\/\/teiaeducation.ch\/fr\/categorie-produit\/marques\/nienhuis-montessori-materiel-fr\/biologie\/"},{"@type":"ListItem","position":6,"name":"Puzzle d&#8217;animal : oiseau &#8211; Nienhuis Montessori"}]},{"@type":"WebSite","@id":"https:\/\/teiaeducation.ch\/fr\/#website","url":"https:\/\/teiaeducation.ch\/fr\/","name":"Sustainable Educational Products &amp; Ecological Toys\u00a0","description":"Specialised Swiss shop selling sustainable educational toys and games, AMI certified Montessori materials, handmade ecological wooden Waldorf toys and arts &amp; crafts supplies, school supplies, children&#039;s furniture and Montessori reference and parenting books.","publisher":{"@id":"https:\/\/teiaeducation.ch\/fr\/#organization"},"alternateName":"Teia Education & Play","potentialAction":[{"@type":"SearchAction","target":{"@type":"EntryPoint","urlTemplate":"https:\/\/teiaeducation.ch\/fr\/?s={search_term_string}"},"query-input":{"@type":"PropertyValueSpecification","valueRequired":true,"valueName":"search_term_string"}}],"inLanguage":"fr-FR"},{"@type":"Organization","@id":"https:\/\/teiaeducation.ch\/fr\/#organization","name":"Teia Education & Play","url":"https:\/\/teiaeducation.ch\/fr\/","logo":{"@type":"ImageObject","inLanguage":"fr-FR","@id":"https:\/\/teiaeducation.ch\/fr\/#\/schema\/logo\/image\/","url":"https:\/\/teiaeducation.ch\/wp-content\/uploads\/2020\/11\/Teia-Education-Switzerland-e1620156442216.jpg","contentUrl":"https:\/\/teiaeducation.ch\/wp-content\/uploads\/2020\/11\/Teia-Education-Switzerland-e1620156442216.jpg","width":166,"height":145,"caption":"Teia Education & Play"},"image":{"@id":"https:\/\/teiaeducation.ch\/fr\/#\/schema\/logo\/image\/"},"sameAs":["https:\/\/www.facebook.com\/teiaeducation\/","https:\/\/x.com\/EducationTeia","https:\/\/www.instagram.com\/teia.education\/","https:\/\/www.linkedin.com\/company\/35501660","https:\/\/www.pinterest.ch\/TeiaEducation\/"]}]}},"_links":{"self":[{"href":"https:\/\/teiaeducation.ch\/fr\/wp-json\/wp\/v2\/product\/23260","targetHints":{"allow":["GET"]}}],"collection":[{"href":"https:\/\/teiaeducation.ch\/fr\/wp-json\/wp\/v2\/product"}],"about":[{"href":"https:\/\/teiaeducation.ch\/fr\/wp-json\/wp\/v2\/types\/product"}],"replies":[{"embeddable":true,"href":"https:\/\/teiaeducation.ch\/fr\/wp-json\/wp\/v2\/comments?post=23260"}],"wp:featuredmedia":[{"embeddable":true,"href":"https:\/\/teiaeducation.ch\/fr\/wp-json\/wp\/v2\/media\/4198"}],"wp:attachment":[{"href":"https:\/\/teiaeducation.ch\/fr\/wp-json\/wp\/v2\/media?parent=23260"}],"wp:term":[{"taxonomy":"product_brand","embeddable":true,"href":"https:\/\/teiaeducation.ch\/fr\/wp-json\/wp\/v2\/product_brand?post=23260"},{"taxonomy":"product_cat","embeddable":true,"href":"https:\/\/teiaeducation.ch\/fr\/wp-json\/wp\/v2\/product_cat?post=23260"},{"taxonomy":"product_tag","embeddable":true,"href":"https:\/\/teiaeducation.ch\/fr\/wp-json\/wp\/v2\/product_tag?post=23260"}],"curies":[{"name":"wp","href":"https:\/\/api.w.org\/{rel}","templated":true}]}}