{"id":23426,"date":"2019-02-02T13:55:29","date_gmt":"2019-02-02T12:55:29","guid":{"rendered":"https:\/\/teiaeducation.ch\/product\/story-of-numbers-nienhuis-montessori\/"},"modified":"2020-04-28T21:35:31","modified_gmt":"2020-04-28T19:35:31","slug":"livret-the-story-of-numbers-nienhuis-montessori","status":"publish","type":"product","link":"https:\/\/teiaeducation.ch\/fr\/produit\/livret-the-story-of-numbers-nienhuis-montessori\/","title":{"rendered":"Livret : the story of numbers &#8211; Nienhuis Montessori"},"content":{"rendered":"<p>Livret : the story of numbers &#8211; Nienhuis Montessori<\/p>\n<p>Le livret the story of numbers (l&#8217;histoire des nombres) de Nienhuis Montessori (en Anglais) est un grand conte cosmique de Maria Montessori et la sixi\u00e8me partie de &#8220;about the coming of the universe and the earth&#8221; (sur la venue de l&#8217;univers et de la terre). Ce livret fait partie de la s\u00e9rie des grands contes cosmiques de Nienhuis Montessori, qui raconte l&#8217;histoire de la naissance de l&#8217;univers, de l&#8217;\u00e9volution de la vie, du d\u00e9veloppement humain et des r\u00e9alisations telles que l&#8217;\u00e9criture et les chiffres. La s\u00e9rie comprend \u00e9galement les titres des livrets : the\u00a0sun looks upon water, air and rocks, timeline of life, about life on earth, the coming of the humans, the story of writing and the plants tell a story (le soleil regarde l&#8217;eau, l&#8217;air et les rochers, chronologie de la vie, sur la vie sur terre, l&#8217;arriv\u00e9e des humains, l&#8217;histoire de l&#8217;\u00e9criture et les plantes racontent une histoire). (disponible s\u00e9par\u00e9ment)<\/p>\n<p>En \u00e9coutant les histoires des livrets, les jeunes enfants de l&#8217;\u00e9cole primaire peuvent d\u00e9couvrir le monde qui les entoure tout en am\u00e9liorant leur vocabulaire et leur concentration. Chaque livret de la s\u00e9rie des grands r\u00e9cits cosmiques contient des textes faciles \u00e0 comprendre et comporte des images r\u00e9alistes utilis\u00e9es pour illustrer les histoires, soutenant ainsi l&#8217;imagination de l&#8217;enfant. Les livrets peuvent \u00e9galement servir de support au programme scolaire en tant qu&#8217;introduction aux le\u00e7ons et \u00e0 l&#8217;\u00e9tude d&#8217;objets li\u00e9s au conte, comme par exemple le <a href=\"https:\/\/teiaeducation.ch\/fr\/produit\/le-ruban-noir-nienhuis-montessori\/\">ruban noir<\/a>\u00a0et le <a href=\"https:\/\/teiaeducation.ch\/fr\/produit\/ligne-du-temps-devolution-anglais-nienhuis-montessori\/\">ligne du temps de l\u2019\u00e9volution<\/a>\u00a0de Nienhuis Montessori. Les grands livrets de contes cosmiques conviennent \u00e9galement \u00e0 la lecture individuelle par des enfants plus \u00e2g\u00e9s.<\/p>\n<p>Ce mat\u00e9riel convient aux enfants de 4 ans et plus.<\/p>\n<p>Contenu :<\/p>\n<p>1 livret (14 x 14 cm)<\/p>\n","protected":false},"excerpt":{"rendered":"<p>Num\u00e9ro d&#8217;article: 523161<\/p>\n","protected":false},"featured_media":3885,"comment_status":"closed","ping_status":"closed","template":"","meta":[],"product_brand":[],"product_cat":[8527,215,216,285,284,283,8526,594,630,299,311,271,20663,20666,18912,277,8567,288,7595,1218,207,217,13153,13154,297,597,611,292,212,612],"product_tag":[1375,776,1381,7605,768,651,7606,646,767,647,7805],"class_list":{"0":"post-23426","1":"product","2":"type-product","3":"status-publish","4":"has-post-thumbnail","6":"product_cat-3-6-ans-ecole-a-domicile","7":"product_cat-3-6-ans","8":"product_cat-6-12-ans","9":"product_cat-alphabetisation-langage","10":"product_cat-culture-sciences","11":"product_cat-domaines-du-curriculum","12":"product_cat-fournitures-scolaires-a-domicile","13":"product_cat-terre-et-univers","14":"product_cat-nombres","15":"product_cat-lignes-du-temps","16":"product_cat-livres-appui-au-curriculum","17":"product_cat-livres","18":"product_cat-livres-de-contes","19":"product_cat-livres-montessori","20":"product_cat-livres-pour-enfants","21":"product_cat-materiel-indispensable","22":"product_cat-materiel-scolaire-montessori","23":"product_cat-mathematiques-calcul","24":"product_cat-methode-deducation","25":"product_cat-montessori-fr","26":"product_cat-nienhuis-montessori-materiel-fr","27":"product_cat-marques","28":"product_cat-pack-classe-3-6-ans","29":"product_cat-pack-classe-6-12-ans","30":"product_cat-papier-livrets","31":"product_cat-prehistoire","32":"product_cat-raconter-des-histoires","33":"product_cat-appui-au-curriculum","34":"product_cat-tranche-dage","35":"product_cat-vocabulaire-fr","36":"product_tag-dr-maria-montessori-fr","37":"product_tag-heutink-international-suisse","38":"product_tag-livres-montessori","39":"product_tag-livret-nienhuis-montessori","40":"product_tag-materiel-montessori-suisse","41":"product_tag-materiel-pedagogique-suisse","42":"product_tag-montessori-la-terre-et-lunivers","43":"product_tag-montessori-materiels-suisse-fr","44":"product_tag-nienhuis-montessori-suisse-fr-2","45":"product_tag-nienhuis-montessori-suisse-fr","46":"product_tag-story-of-numbers-nienhuis-montessori","48":"first","49":"instock","50":"taxable","51":"shipping-taxable","52":"purchasable","53":"product-type-simple"},"yoast_head":"<!-- This site is optimized with the Yoast SEO plugin v27.1.1 - https:\/\/yoast.com\/product\/yoast-seo-wordpress\/ -->\n<title>Livret : the story of numbers - Nienhuis Montessori - Teia Education &amp; Play<\/title>\n<meta name=\"description\" content=\"Le livret the story of numbers (l&#039;histoire des nombres) de Nienhuis Montessori (en Anglais) est un grand conte cosmique de Maria Montessori.\" \/>\n<meta name=\"robots\" content=\"index, follow, max-snippet:-1, max-image-preview:large, max-video-preview:-1\" \/>\n<link rel=\"canonical\" href=\"https:\/\/teiaeducation.ch\/fr\/produit\/livret-the-story-of-numbers-nienhuis-montessori\/\" \/>\n<meta property=\"og:locale\" content=\"fr_FR\" \/>\n<meta property=\"og:type\" content=\"article\" \/>\n<meta property=\"og:title\" content=\"Livret : the story of numbers - Nienhuis Montessori - Teia Education &amp; Play\" \/>\n<meta property=\"og:description\" content=\"Le livret the story of numbers (l&#039;histoire des nombres) de Nienhuis Montessori (en Anglais) est un grand conte cosmique de Maria Montessori.\" \/>\n<meta property=\"og:url\" content=\"https:\/\/teiaeducation.ch\/fr\/produit\/livret-the-story-of-numbers-nienhuis-montessori\/\" \/>\n<meta property=\"og:site_name\" content=\"Sustainable Educational Products &amp; Ecological Toys\u00a0\" \/>\n<meta property=\"article:publisher\" content=\"https:\/\/www.facebook.com\/teiaeducation\/\" \/>\n<meta property=\"article:modified_time\" content=\"2020-04-28T19:35:31+00:00\" \/>\n<meta property=\"og:image\" content=\"https:\/\/teiaeducation.ch\/wp-content\/uploads\/2019\/02\/523161-scaled-scaled.jpg\" \/>\n\t<meta property=\"og:image:width\" content=\"2048\" \/>\n\t<meta property=\"og:image:height\" content=\"2048\" \/>\n\t<meta property=\"og:image:type\" content=\"image\/jpeg\" \/>\n<script type=\"application\/ld+json\" class=\"yoast-schema-graph\">{\"@context\":\"https:\/\/schema.org\",\"@graph\":[{\"@type\":\"WebPage\",\"@id\":\"https:\/\/teiaeducation.ch\/fr\/produit\/livret-the-story-of-numbers-nienhuis-montessori\/\",\"url\":\"https:\/\/teiaeducation.ch\/fr\/produit\/livret-the-story-of-numbers-nienhuis-montessori\/\",\"name\":\"Livret : the story of numbers - Nienhuis Montessori - Teia Education & Play\",\"isPartOf\":{\"@id\":\"https:\/\/teiaeducation.ch\/fr\/#website\"},\"primaryImageOfPage\":{\"@id\":\"https:\/\/teiaeducation.ch\/fr\/produit\/livret-the-story-of-numbers-nienhuis-montessori\/#primaryimage\"},\"image\":{\"@id\":\"https:\/\/teiaeducation.ch\/fr\/produit\/livret-the-story-of-numbers-nienhuis-montessori\/#primaryimage\"},\"thumbnailUrl\":\"https:\/\/teiaeducation.ch\/wp-content\/uploads\/2019\/02\/523161-scaled-scaled.jpg\",\"datePublished\":\"2019-02-02T12:55:29+00:00\",\"dateModified\":\"2020-04-28T19:35:31+00:00\",\"description\":\"Le livret the story of numbers (l'histoire des nombres) de Nienhuis Montessori (en Anglais) est un grand conte cosmique de Maria Montessori.\",\"breadcrumb\":{\"@id\":\"https:\/\/teiaeducation.ch\/fr\/produit\/livret-the-story-of-numbers-nienhuis-montessori\/#breadcrumb\"},\"inLanguage\":\"fr-FR\",\"potentialAction\":[{\"@type\":\"ReadAction\",\"target\":[\"https:\/\/teiaeducation.ch\/fr\/produit\/livret-the-story-of-numbers-nienhuis-montessori\/\"]}]},{\"@type\":\"ImageObject\",\"inLanguage\":\"fr-FR\",\"@id\":\"https:\/\/teiaeducation.ch\/fr\/produit\/livret-the-story-of-numbers-nienhuis-montessori\/#primaryimage\",\"url\":\"https:\/\/teiaeducation.ch\/wp-content\/uploads\/2019\/02\/523161-scaled-scaled.jpg\",\"contentUrl\":\"https:\/\/teiaeducation.ch\/wp-content\/uploads\/2019\/02\/523161-scaled-scaled.jpg\",\"width\":2048,\"height\":2048,\"caption\":\"Story Of Numbers - Nienhuis Montessori\"},{\"@type\":\"BreadcrumbList\",\"@id\":\"https:\/\/teiaeducation.ch\/fr\/produit\/livret-the-story-of-numbers-nienhuis-montessori\/#breadcrumb\",\"itemListElement\":[{\"@type\":\"ListItem\",\"position\":1,\"name\":\"Home\",\"item\":\"https:\/\/teiaeducation.ch\/fr\/\"},{\"@type\":\"ListItem\",\"position\":2,\"name\":\"Boutique Teia Education &amp; Play\",\"item\":\"https:\/\/teiaeducation.ch\/fr\/boutique\/\"},{\"@type\":\"ListItem\",\"position\":3,\"name\":\"Domaines du Curriculum\",\"item\":\"https:\/\/teiaeducation.ch\/fr\/categorie-produit\/domaines-du-curriculum\/\"},{\"@type\":\"ListItem\",\"position\":4,\"name\":\"Culture &amp; Sciences\",\"item\":\"https:\/\/teiaeducation.ch\/fr\/categorie-produit\/domaines-du-curriculum\/culture-sciences\/\"},{\"@type\":\"ListItem\",\"position\":5,\"name\":\"La Terre et L'Univers\",\"item\":\"https:\/\/teiaeducation.ch\/fr\/categorie-produit\/domaines-du-curriculum\/culture-sciences\/terre-et-univers\/\"},{\"@type\":\"ListItem\",\"position\":6,\"name\":\"Livret : the story of numbers &#8211; Nienhuis Montessori\"}]},{\"@type\":\"WebSite\",\"@id\":\"https:\/\/teiaeducation.ch\/fr\/#website\",\"url\":\"https:\/\/teiaeducation.ch\/fr\/\",\"name\":\"Sustainable Educational Products &amp; Ecological Toys\u00a0\",\"description\":\"Specialised Swiss shop selling sustainable educational toys and games, AMI certified Montessori materials, handmade ecological wooden Waldorf toys and arts &amp; crafts supplies, school supplies, children&#039;s furniture and Montessori reference and parenting books.\",\"publisher\":{\"@id\":\"https:\/\/teiaeducation.ch\/fr\/#organization\"},\"alternateName\":\"Teia Education & Play\",\"potentialAction\":[{\"@type\":\"SearchAction\",\"target\":{\"@type\":\"EntryPoint\",\"urlTemplate\":\"https:\/\/teiaeducation.ch\/fr\/?s={search_term_string}\"},\"query-input\":{\"@type\":\"PropertyValueSpecification\",\"valueRequired\":true,\"valueName\":\"search_term_string\"}}],\"inLanguage\":\"fr-FR\"},{\"@type\":\"Organization\",\"@id\":\"https:\/\/teiaeducation.ch\/fr\/#organization\",\"name\":\"Teia Education & Play\",\"url\":\"https:\/\/teiaeducation.ch\/fr\/\",\"logo\":{\"@type\":\"ImageObject\",\"inLanguage\":\"fr-FR\",\"@id\":\"https:\/\/teiaeducation.ch\/fr\/#\/schema\/logo\/image\/\",\"url\":\"https:\/\/teiaeducation.ch\/wp-content\/uploads\/2020\/11\/Teia-Education-Switzerland-e1620156442216.jpg\",\"contentUrl\":\"https:\/\/teiaeducation.ch\/wp-content\/uploads\/2020\/11\/Teia-Education-Switzerland-e1620156442216.jpg\",\"width\":166,\"height\":145,\"caption\":\"Teia Education & Play\"},\"image\":{\"@id\":\"https:\/\/teiaeducation.ch\/fr\/#\/schema\/logo\/image\/\"},\"sameAs\":[\"https:\/\/www.facebook.com\/teiaeducation\/\",\"https:\/\/x.com\/EducationTeia\",\"https:\/\/www.instagram.com\/teia.education\/\",\"https:\/\/www.linkedin.com\/company\/35501660\",\"https:\/\/www.pinterest.ch\/TeiaEducation\/\"]}]}<\/script>\n<!-- \/ Yoast SEO plugin. -->","yoast_head_json":{"title":"Livret : the story of numbers - Nienhuis Montessori - Teia Education & Play","description":"Le livret the story of numbers (l'histoire des nombres) de Nienhuis Montessori (en Anglais) est un grand conte cosmique de Maria Montessori.","robots":{"index":"index","follow":"follow","max-snippet":"max-snippet:-1","max-image-preview":"max-image-preview:large","max-video-preview":"max-video-preview:-1"},"canonical":"https:\/\/teiaeducation.ch\/fr\/produit\/livret-the-story-of-numbers-nienhuis-montessori\/","og_locale":"fr_FR","og_type":"article","og_title":"Livret : the story of numbers - Nienhuis Montessori - Teia Education & Play","og_description":"Le livret the story of numbers (l'histoire des nombres) de Nienhuis Montessori (en Anglais) est un grand conte cosmique de Maria Montessori.","og_url":"https:\/\/teiaeducation.ch\/fr\/produit\/livret-the-story-of-numbers-nienhuis-montessori\/","og_site_name":"Sustainable Educational Products &amp; Ecological Toys\u00a0","article_publisher":"https:\/\/www.facebook.com\/teiaeducation\/","article_modified_time":"2020-04-28T19:35:31+00:00","og_image":[{"width":2048,"height":2048,"url":"https:\/\/teiaeducation.ch\/wp-content\/uploads\/2019\/02\/523161-scaled-scaled.jpg","type":"image\/jpeg"}],"schema":{"@context":"https:\/\/schema.org","@graph":[{"@type":"WebPage","@id":"https:\/\/teiaeducation.ch\/fr\/produit\/livret-the-story-of-numbers-nienhuis-montessori\/","url":"https:\/\/teiaeducation.ch\/fr\/produit\/livret-the-story-of-numbers-nienhuis-montessori\/","name":"Livret : the story of numbers - Nienhuis Montessori - Teia Education & Play","isPartOf":{"@id":"https:\/\/teiaeducation.ch\/fr\/#website"},"primaryImageOfPage":{"@id":"https:\/\/teiaeducation.ch\/fr\/produit\/livret-the-story-of-numbers-nienhuis-montessori\/#primaryimage"},"image":{"@id":"https:\/\/teiaeducation.ch\/fr\/produit\/livret-the-story-of-numbers-nienhuis-montessori\/#primaryimage"},"thumbnailUrl":"https:\/\/teiaeducation.ch\/wp-content\/uploads\/2019\/02\/523161-scaled-scaled.jpg","datePublished":"2019-02-02T12:55:29+00:00","dateModified":"2020-04-28T19:35:31+00:00","description":"Le livret the story of numbers (l'histoire des nombres) de Nienhuis Montessori (en Anglais) est un grand conte cosmique de Maria Montessori.","breadcrumb":{"@id":"https:\/\/teiaeducation.ch\/fr\/produit\/livret-the-story-of-numbers-nienhuis-montessori\/#breadcrumb"},"inLanguage":"fr-FR","potentialAction":[{"@type":"ReadAction","target":["https:\/\/teiaeducation.ch\/fr\/produit\/livret-the-story-of-numbers-nienhuis-montessori\/"]}]},{"@type":"ImageObject","inLanguage":"fr-FR","@id":"https:\/\/teiaeducation.ch\/fr\/produit\/livret-the-story-of-numbers-nienhuis-montessori\/#primaryimage","url":"https:\/\/teiaeducation.ch\/wp-content\/uploads\/2019\/02\/523161-scaled-scaled.jpg","contentUrl":"https:\/\/teiaeducation.ch\/wp-content\/uploads\/2019\/02\/523161-scaled-scaled.jpg","width":2048,"height":2048,"caption":"Story Of Numbers - Nienhuis Montessori"},{"@type":"BreadcrumbList","@id":"https:\/\/teiaeducation.ch\/fr\/produit\/livret-the-story-of-numbers-nienhuis-montessori\/#breadcrumb","itemListElement":[{"@type":"ListItem","position":1,"name":"Home","item":"https:\/\/teiaeducation.ch\/fr\/"},{"@type":"ListItem","position":2,"name":"Boutique Teia Education &amp; Play","item":"https:\/\/teiaeducation.ch\/fr\/boutique\/"},{"@type":"ListItem","position":3,"name":"Domaines du Curriculum","item":"https:\/\/teiaeducation.ch\/fr\/categorie-produit\/domaines-du-curriculum\/"},{"@type":"ListItem","position":4,"name":"Culture &amp; Sciences","item":"https:\/\/teiaeducation.ch\/fr\/categorie-produit\/domaines-du-curriculum\/culture-sciences\/"},{"@type":"ListItem","position":5,"name":"La Terre et L'Univers","item":"https:\/\/teiaeducation.ch\/fr\/categorie-produit\/domaines-du-curriculum\/culture-sciences\/terre-et-univers\/"},{"@type":"ListItem","position":6,"name":"Livret : the story of numbers &#8211; Nienhuis Montessori"}]},{"@type":"WebSite","@id":"https:\/\/teiaeducation.ch\/fr\/#website","url":"https:\/\/teiaeducation.ch\/fr\/","name":"Sustainable Educational Products &amp; Ecological Toys\u00a0","description":"Specialised Swiss shop selling sustainable educational toys and games, AMI certified Montessori materials, handmade ecological wooden Waldorf toys and arts &amp; crafts supplies, school supplies, children&#039;s furniture and Montessori reference and parenting books.","publisher":{"@id":"https:\/\/teiaeducation.ch\/fr\/#organization"},"alternateName":"Teia Education & Play","potentialAction":[{"@type":"SearchAction","target":{"@type":"EntryPoint","urlTemplate":"https:\/\/teiaeducation.ch\/fr\/?s={search_term_string}"},"query-input":{"@type":"PropertyValueSpecification","valueRequired":true,"valueName":"search_term_string"}}],"inLanguage":"fr-FR"},{"@type":"Organization","@id":"https:\/\/teiaeducation.ch\/fr\/#organization","name":"Teia Education & Play","url":"https:\/\/teiaeducation.ch\/fr\/","logo":{"@type":"ImageObject","inLanguage":"fr-FR","@id":"https:\/\/teiaeducation.ch\/fr\/#\/schema\/logo\/image\/","url":"https:\/\/teiaeducation.ch\/wp-content\/uploads\/2020\/11\/Teia-Education-Switzerland-e1620156442216.jpg","contentUrl":"https:\/\/teiaeducation.ch\/wp-content\/uploads\/2020\/11\/Teia-Education-Switzerland-e1620156442216.jpg","width":166,"height":145,"caption":"Teia Education & Play"},"image":{"@id":"https:\/\/teiaeducation.ch\/fr\/#\/schema\/logo\/image\/"},"sameAs":["https:\/\/www.facebook.com\/teiaeducation\/","https:\/\/x.com\/EducationTeia","https:\/\/www.instagram.com\/teia.education\/","https:\/\/www.linkedin.com\/company\/35501660","https:\/\/www.pinterest.ch\/TeiaEducation\/"]}]}},"_links":{"self":[{"href":"https:\/\/teiaeducation.ch\/fr\/wp-json\/wp\/v2\/product\/23426","targetHints":{"allow":["GET"]}}],"collection":[{"href":"https:\/\/teiaeducation.ch\/fr\/wp-json\/wp\/v2\/product"}],"about":[{"href":"https:\/\/teiaeducation.ch\/fr\/wp-json\/wp\/v2\/types\/product"}],"replies":[{"embeddable":true,"href":"https:\/\/teiaeducation.ch\/fr\/wp-json\/wp\/v2\/comments?post=23426"}],"wp:featuredmedia":[{"embeddable":true,"href":"https:\/\/teiaeducation.ch\/fr\/wp-json\/wp\/v2\/media\/3885"}],"wp:attachment":[{"href":"https:\/\/teiaeducation.ch\/fr\/wp-json\/wp\/v2\/media?parent=23426"}],"wp:term":[{"taxonomy":"product_brand","embeddable":true,"href":"https:\/\/teiaeducation.ch\/fr\/wp-json\/wp\/v2\/product_brand?post=23426"},{"taxonomy":"product_cat","embeddable":true,"href":"https:\/\/teiaeducation.ch\/fr\/wp-json\/wp\/v2\/product_cat?post=23426"},{"taxonomy":"product_tag","embeddable":true,"href":"https:\/\/teiaeducation.ch\/fr\/wp-json\/wp\/v2\/product_tag?post=23426"}],"curies":[{"name":"wp","href":"https:\/\/api.w.org\/{rel}","templated":true}]}}