{"id":23436,"date":"2021-01-17T18:23:53","date_gmt":"2021-01-17T17:23:53","guid":{"rendered":"https:\/\/teiaeducation.ch\/product\/petit-alphabet-mobile-noir-ecriture-dimprimerie-internationale-nienhuis-montessori\/"},"modified":"2022-12-12T14:36:43","modified_gmt":"2022-12-12T13:36:43","slug":"petit-alphabet-mobile-noir-ecriture-internationale-nienhuis-montessori","status":"publish","type":"product","link":"https:\/\/teiaeducation.ch\/fr\/produit\/petit-alphabet-mobile-noir-ecriture-internationale-nienhuis-montessori\/","title":{"rendered":"Petit alphabet mobile noir \u00e9criture internationale &#8211; Nienhuis Montessori"},"content":{"rendered":"<p>Le petit alphabet mobile de Nienhuis Montessori en caract\u00e8res \u00e9criture internationale\u00a0est compos\u00e9 de lettres en plastique \u00e9pais en noir. L&#8217;enfant commence \u00e0 travailler avec le petit alphabet mobile apr\u00e8s avoir ma\u00eetris\u00e9 les sons des lettres en travaillant avec les lettres <a href=\"https:\/\/teiaeducation.ch\/fr\/produit\/lettres-rugueuses-minuscules-ecriture-cursive-internationale-nienhuis-montessori\/\">rugueuses<\/a>.\u00a0Les petites lettres de l&#8217;alphabet mobile ne prennent pas beaucoup de place et peuvent facilement \u00eatre utilis\u00e9es sur une petite table.<\/p>\n<p>Le travail avec le petit alphabet mobile facilite la construction de mots phonogrammes en deux couleurs. La construction des mots du phonogramme est pr\u00e9sent\u00e9e avec des lettres noires, compl\u00e9t\u00e9es par une deuxi\u00e8me bo\u00eete de lettres rouges ou bleues. Les mots sont construits avec des lettres noires et le phonogramme est mis en \u00e9vidence avec les lettres <a href=\"https:\/\/teiaeducation.ch\/fr\/produit\/petit-alphabet-mobile-rouge-ecriture-internationale-nienhuis-montessori\/\">rouges<\/a> ou <a href=\"https:\/\/teiaeducation.ch\/fr\/produit\/petit-alphabet-mobile-bleu-ecriture-internationale-nienhuis-montessori\/\">bleues<\/a>. (disponible s\u00e9par\u00e9ment)<\/p>\n<p>Le petit alphabet mobile Nienhuis Montessori comprend \u00e9galement des lettres suppl\u00e9mentaires pour l&#8217;espagnol, l&#8217;allemand et les langues nordiques, et pourrait \u00eatre, si n\u00e9cessaire, retir\u00e9 de la s\u00e9rie. Une <a href=\"https:\/\/teiaeducation.ch\/fr\/produit\/boite-pour-petit-alphabet-mobile-nienhuis-montessori\/\">bo\u00eete en bois<\/a> pour contenir le petit alphabet mobile est \u00e9galement disponible s\u00e9par\u00e9ment.<\/p>\n<p>La marque n\u00e9erlandaise Nienhuis Montessori est la marque leader mondiale Montessori, qui honore et perp\u00e9tue l\u2019h\u00e9ritage de Maria Montessori et fabrique la gamme la plus vaste et la plus innovante du <a href=\"https:\/\/teiaeducation.ch\/fr\/categorie-produit\/domaines-du-curriculum\/\">mat\u00e9riel \u00e9ducatif<\/a> Montessori. Tout les mat\u00e9riaux et <a href=\"https:\/\/teiaeducation.ch\/fr\/categorie-produit\/materiel-indispensable\/meubles-montessori\/\">meubles<\/a> de Nienhuis Montessori sont certifi\u00e9s par le comit\u00e9 des mat\u00e9riaux de l\u2019Association Montessori Internationale (<a href=\"https:\/\/montessori-ami.org\/\">AMI<\/a>) et sont m\u00e9ticuleusement con\u00e7us pour isoler les difficult\u00e9s afin que les enfants puissent se concentrer, se ma\u00eetriser et s\u2019\u00e9panouir.<\/p>\n<p><a href=\"https:\/\/teiaeducation.ch\/fr\/categorie-produit\/marques\/nienhuis-montessori-materiel-fr\/\">Nienhuis Montessori<\/a> est l\u2019une des marques de la soci\u00e9t\u00e9 n\u00e9erlandaise Heutink International, qui propose les meilleures marques \u00e9ducatives mondiales, sp\u00e9cialis\u00e9s\u00a0dans l\u2019apprentissage par le jeu.<\/p>\n<p>Ce mat\u00e9riel <span class=\"tlid-translation translation\" lang=\"fr\"><span class=\"\" title=\"\"><span title=\"\"><a href=\"https:\/\/teiaeducation.ch\/fr\/categorie-produit\/methode-deducation\/montessori-fr\/\">Montessori<\/a><\/span><\/span><\/span> convient aux enfants de 6 ans et plus.<\/p>\n<p>Contenu :<\/p>\n<p>10 unit\u00e9s de chaque lettre de consonne en plastique noir \u00e9pais<br \/>\n15 unit\u00e9s de chaque lettre voyelle dans un plastique noir \u00e9pais<\/p>\n<p><em><span class=\"tlid-translation translation\" lang=\"fr\"><span title=\"\">Nous n'avons actuellement pas cet article en stock, mais il est disponible en pr\u00e9-commande.<\/span> <span class=\"\" title=\"\">Nous commanderons cet article pour vous aupr\u00e8s de notre fournisseur.<\/span> <span class=\"\" title=\"\">Veuillez allouer de 2 \u00e0 3 semaines maximum pour la livraison.<\/span><\/span><\/em><\/p>\n\t<div id=\"gap-1667228192\" class=\"gap-element clearfix\" style=\"display:block; height:auto;\">\n\t\t\n<style>\n#gap-1667228192 {\n  padding-top: 20px;\n}\n<\/style>\n\t<\/div>\n\t\n","protected":false},"excerpt":{"rendered":"<p>Num\u00e9ro d&#8217;article: 0060A7<\/p>\n<p>Le petit alphabet mobile de Nienhuis Montessori en caract\u00e8res \u00e9criture internationale est compos\u00e9 de lettres en plastique \u00e9pais en noir.<\/p>\n","protected":false},"featured_media":3836,"comment_status":"closed","ping_status":"closed","template":"","meta":[],"product_brand":[],"product_cat":[216,285,606,605,283,273,607,277,7595,1218,207,217,13154,212],"product_tag":[4442,822,768,820,646,647,767,7817,4441],"class_list":{"0":"post-23436","1":"product","2":"type-product","3":"status-publish","4":"has-post-thumbnail","6":"product_cat-6-12-ans","7":"product_cat-alphabetisation-langage","8":"product_cat-apprendre-a-ecrire","9":"product_cat-apprendre-a-lire","10":"product_cat-domaines-du-curriculum","11":"product_cat-langage-nienhuis-montessori","12":"product_cat-des-lettres","13":"product_cat-materiel-indispensable","14":"product_cat-methode-deducation","15":"product_cat-montessori-fr","16":"product_cat-nienhuis-montessori-materiel-fr","17":"product_cat-marques","18":"product_cat-pack-classe-6-12-ans","19":"product_cat-tranche-dage","20":"product_tag-competences-en-ecriture-precoce","21":"product_tag-materiel-dalphabetisation-montessori","22":"product_tag-materiel-montessori-suisse","23":"product_tag-montessori-langage","24":"product_tag-montessori-materiels-suisse-fr","25":"product_tag-nienhuis-montessori-suisse-fr","26":"product_tag-nienhuis-montessori-suisse-fr-2","27":"product_tag-petit-alphabet-mobile-noir-ecriture-dimprimerie-internationale-montessori","28":"product_tag-pre-ecriture","30":"first","31":"onbackorder","32":"taxable","33":"shipping-taxable","34":"purchasable","35":"product-type-simple"},"yoast_head":"<!-- This site is optimized with the Yoast SEO Premium plugin v25.8 (Yoast SEO v27.4) - https:\/\/yoast.com\/product\/yoast-seo-premium-wordpress\/ -->\n<title>Petit alphabet mobile noir \u00e9criture int - Nienhuis Montessori<\/title>\n<meta name=\"description\" content=\"Le petit alphabet mobile de Nienhuis Montessori en caract\u00e8res \u00e9criture internationale est compos\u00e9 de lettres en plastique \u00e9pais en noir.\" \/>\n<meta name=\"robots\" content=\"index, follow, max-snippet:-1, max-image-preview:large, max-video-preview:-1\" \/>\n<link rel=\"canonical\" href=\"https:\/\/teiaeducation.ch\/fr\/produit\/petit-alphabet-mobile-noir-ecriture-internationale-nienhuis-montessori\/\" \/>\n<meta property=\"og:locale\" content=\"fr_FR\" \/>\n<meta property=\"og:type\" content=\"article\" \/>\n<meta property=\"og:title\" content=\"Petit alphabet mobile noir \u00e9criture internationale - Nienhuis Montessori\" \/>\n<meta property=\"og:description\" content=\"Le petit alphabet mobile de Nienhuis Montessori en caract\u00e8res \u00e9criture internationale est compos\u00e9 de lettres en plastique \u00e9pais en noir.\" \/>\n<meta property=\"og:url\" content=\"https:\/\/teiaeducation.ch\/fr\/produit\/petit-alphabet-mobile-noir-ecriture-internationale-nienhuis-montessori\/\" \/>\n<meta property=\"og:site_name\" content=\"Sustainable Educational Products &amp; Ecological Toys\u00a0\" \/>\n<meta property=\"article:publisher\" content=\"https:\/\/www.facebook.com\/teiaeducation\/\" \/>\n<meta property=\"article:modified_time\" content=\"2022-12-12T13:36:43+00:00\" \/>\n<meta property=\"og:image\" content=\"https:\/\/teiaeducation.ch\/wp-content\/uploads\/2019\/02\/0060A7-1-scaled-scaled.jpg\" \/>\n\t<meta property=\"og:image:width\" content=\"2048\" \/>\n\t<meta property=\"og:image:height\" content=\"2048\" \/>\n\t<meta property=\"og:image:type\" content=\"image\/jpeg\" \/>\n<script type=\"application\/ld+json\" class=\"yoast-schema-graph\">{\"@context\":\"https:\\\/\\\/schema.org\",\"@graph\":[{\"@type\":\"WebPage\",\"@id\":\"https:\\\/\\\/teiaeducation.ch\\\/fr\\\/produit\\\/petit-alphabet-mobile-noir-ecriture-internationale-nienhuis-montessori\\\/\",\"url\":\"https:\\\/\\\/teiaeducation.ch\\\/fr\\\/produit\\\/petit-alphabet-mobile-noir-ecriture-internationale-nienhuis-montessori\\\/\",\"name\":\"Petit alphabet mobile noir \u00e9criture int - Nienhuis Montessori\",\"isPartOf\":{\"@id\":\"https:\\\/\\\/teiaeducation.ch\\\/fr\\\/#website\"},\"primaryImageOfPage\":{\"@id\":\"https:\\\/\\\/teiaeducation.ch\\\/fr\\\/produit\\\/petit-alphabet-mobile-noir-ecriture-internationale-nienhuis-montessori\\\/#primaryimage\"},\"image\":{\"@id\":\"https:\\\/\\\/teiaeducation.ch\\\/fr\\\/produit\\\/petit-alphabet-mobile-noir-ecriture-internationale-nienhuis-montessori\\\/#primaryimage\"},\"thumbnailUrl\":\"https:\\\/\\\/teiaeducation.ch\\\/wp-content\\\/uploads\\\/2019\\\/02\\\/0060A7-1-scaled-scaled.jpg\",\"datePublished\":\"2021-01-17T17:23:53+00:00\",\"dateModified\":\"2022-12-12T13:36:43+00:00\",\"description\":\"Le petit alphabet mobile de Nienhuis Montessori en caract\u00e8res \u00e9criture internationale est compos\u00e9 de lettres en plastique \u00e9pais en noir.\",\"breadcrumb\":{\"@id\":\"https:\\\/\\\/teiaeducation.ch\\\/fr\\\/produit\\\/petit-alphabet-mobile-noir-ecriture-internationale-nienhuis-montessori\\\/#breadcrumb\"},\"inLanguage\":\"fr-FR\",\"potentialAction\":[{\"@type\":\"ReadAction\",\"target\":[\"https:\\\/\\\/teiaeducation.ch\\\/fr\\\/produit\\\/petit-alphabet-mobile-noir-ecriture-internationale-nienhuis-montessori\\\/\"]}]},{\"@type\":\"ImageObject\",\"inLanguage\":\"fr-FR\",\"@id\":\"https:\\\/\\\/teiaeducation.ch\\\/fr\\\/produit\\\/petit-alphabet-mobile-noir-ecriture-internationale-nienhuis-montessori\\\/#primaryimage\",\"url\":\"https:\\\/\\\/teiaeducation.ch\\\/wp-content\\\/uploads\\\/2019\\\/02\\\/0060A7-1-scaled-scaled.jpg\",\"contentUrl\":\"https:\\\/\\\/teiaeducation.ch\\\/wp-content\\\/uploads\\\/2019\\\/02\\\/0060A7-1-scaled-scaled.jpg\",\"width\":2048,\"height\":2048,\"caption\":\"Petit alphabet mobile noir, \u00e9criture d'imprimerie internationale - Nienhuis Montessori\"},{\"@type\":\"BreadcrumbList\",\"@id\":\"https:\\\/\\\/teiaeducation.ch\\\/fr\\\/produit\\\/petit-alphabet-mobile-noir-ecriture-internationale-nienhuis-montessori\\\/#breadcrumb\",\"itemListElement\":[{\"@type\":\"ListItem\",\"position\":1,\"name\":\"Home\",\"item\":\"https:\\\/\\\/teiaeducation.ch\\\/fr\\\/\"},{\"@type\":\"ListItem\",\"position\":2,\"name\":\"Boutique Teia Education &amp; Play\",\"item\":\"https:\\\/\\\/teiaeducation.ch\\\/fr\\\/boutique\\\/\"},{\"@type\":\"ListItem\",\"position\":3,\"name\":\"Nos Marques\",\"item\":\"https:\\\/\\\/teiaeducation.ch\\\/fr\\\/categorie-produit\\\/marques\\\/\"},{\"@type\":\"ListItem\",\"position\":4,\"name\":\"Nienhuis Montessori Suisse\",\"item\":\"https:\\\/\\\/teiaeducation.ch\\\/fr\\\/categorie-produit\\\/marques\\\/nienhuis-montessori-materiel-fr\\\/\"},{\"@type\":\"ListItem\",\"position\":5,\"name\":\"Langage\",\"item\":\"https:\\\/\\\/teiaeducation.ch\\\/fr\\\/categorie-produit\\\/marques\\\/nienhuis-montessori-materiel-fr\\\/langage-nienhuis-montessori\\\/\"},{\"@type\":\"ListItem\",\"position\":6,\"name\":\"Petit alphabet mobile noir \u00e9criture internationale &#8211; Nienhuis Montessori\"}]},{\"@type\":\"WebSite\",\"@id\":\"https:\\\/\\\/teiaeducation.ch\\\/fr\\\/#website\",\"url\":\"https:\\\/\\\/teiaeducation.ch\\\/fr\\\/\",\"name\":\"Sustainable Educational Products &amp; Ecological Toys\u00a0\",\"description\":\"Specialised Swiss shop selling sustainable educational toys and games, AMI certified Montessori materials, handmade ecological wooden Waldorf toys and arts &amp; crafts supplies, school supplies, children&#039;s furniture and Montessori reference and parenting books.\",\"publisher\":{\"@id\":\"https:\\\/\\\/teiaeducation.ch\\\/fr\\\/#organization\"},\"alternateName\":\"Teia Education & Play\",\"potentialAction\":[{\"@type\":\"SearchAction\",\"target\":{\"@type\":\"EntryPoint\",\"urlTemplate\":\"https:\\\/\\\/teiaeducation.ch\\\/fr\\\/?s={search_term_string}\"},\"query-input\":{\"@type\":\"PropertyValueSpecification\",\"valueRequired\":true,\"valueName\":\"search_term_string\"}}],\"inLanguage\":\"fr-FR\"},{\"@type\":\"Organization\",\"@id\":\"https:\\\/\\\/teiaeducation.ch\\\/fr\\\/#organization\",\"name\":\"Teia Education & Play\",\"url\":\"https:\\\/\\\/teiaeducation.ch\\\/fr\\\/\",\"logo\":{\"@type\":\"ImageObject\",\"inLanguage\":\"fr-FR\",\"@id\":\"https:\\\/\\\/teiaeducation.ch\\\/fr\\\/#\\\/schema\\\/logo\\\/image\\\/\",\"url\":\"https:\\\/\\\/teiaeducation.ch\\\/wp-content\\\/uploads\\\/2020\\\/11\\\/Teia-Education-Switzerland-e1620156442216.jpg\",\"contentUrl\":\"https:\\\/\\\/teiaeducation.ch\\\/wp-content\\\/uploads\\\/2020\\\/11\\\/Teia-Education-Switzerland-e1620156442216.jpg\",\"width\":166,\"height\":145,\"caption\":\"Teia Education & Play\"},\"image\":{\"@id\":\"https:\\\/\\\/teiaeducation.ch\\\/fr\\\/#\\\/schema\\\/logo\\\/image\\\/\"},\"sameAs\":[\"https:\\\/\\\/www.facebook.com\\\/teiaeducation\\\/\",\"https:\\\/\\\/x.com\\\/EducationTeia\",\"https:\\\/\\\/www.instagram.com\\\/teia.education\\\/\",\"https:\\\/\\\/www.linkedin.com\\\/company\\\/35501660\",\"https:\\\/\\\/www.pinterest.ch\\\/TeiaEducation\\\/\"]}]}<\/script>\n<meta property=\"product:price:amount\" content=\"73.90\" \/>\n<meta property=\"product:price:currency\" content=\"CHF\" \/>\n<meta property=\"og:availability\" content=\"backorder\" \/>\n<meta property=\"product:availability\" content=\"available for order\" \/>\n<meta property=\"product:retailer_item_id\" content=\"00000000000000000000000000000000000000000000003834\" \/>\n<meta property=\"product:condition\" content=\"new\" \/>\n<!-- \/ Yoast SEO Premium plugin. -->","yoast_head_json":{"title":"Petit alphabet mobile noir \u00e9criture int - Nienhuis Montessori","description":"Le petit alphabet mobile de Nienhuis Montessori en caract\u00e8res \u00e9criture internationale est compos\u00e9 de lettres en plastique \u00e9pais en noir.","robots":{"index":"index","follow":"follow","max-snippet":"max-snippet:-1","max-image-preview":"max-image-preview:large","max-video-preview":"max-video-preview:-1"},"canonical":"https:\/\/teiaeducation.ch\/fr\/produit\/petit-alphabet-mobile-noir-ecriture-internationale-nienhuis-montessori\/","og_locale":"fr_FR","og_type":"article","og_title":"Petit alphabet mobile noir \u00e9criture internationale - Nienhuis Montessori","og_description":"Le petit alphabet mobile de Nienhuis Montessori en caract\u00e8res \u00e9criture internationale est compos\u00e9 de lettres en plastique \u00e9pais en noir.","og_url":"https:\/\/teiaeducation.ch\/fr\/produit\/petit-alphabet-mobile-noir-ecriture-internationale-nienhuis-montessori\/","og_site_name":"Sustainable Educational Products &amp; Ecological Toys\u00a0","article_publisher":"https:\/\/www.facebook.com\/teiaeducation\/","article_modified_time":"2022-12-12T13:36:43+00:00","og_image":[{"width":2048,"height":2048,"url":"https:\/\/teiaeducation.ch\/wp-content\/uploads\/2019\/02\/0060A7-1-scaled-scaled.jpg","type":"image\/jpeg"}],"schema":{"@context":"https:\/\/schema.org","@graph":[{"@type":"WebPage","@id":"https:\/\/teiaeducation.ch\/fr\/produit\/petit-alphabet-mobile-noir-ecriture-internationale-nienhuis-montessori\/","url":"https:\/\/teiaeducation.ch\/fr\/produit\/petit-alphabet-mobile-noir-ecriture-internationale-nienhuis-montessori\/","name":"Petit alphabet mobile noir \u00e9criture int - Nienhuis Montessori","isPartOf":{"@id":"https:\/\/teiaeducation.ch\/fr\/#website"},"primaryImageOfPage":{"@id":"https:\/\/teiaeducation.ch\/fr\/produit\/petit-alphabet-mobile-noir-ecriture-internationale-nienhuis-montessori\/#primaryimage"},"image":{"@id":"https:\/\/teiaeducation.ch\/fr\/produit\/petit-alphabet-mobile-noir-ecriture-internationale-nienhuis-montessori\/#primaryimage"},"thumbnailUrl":"https:\/\/teiaeducation.ch\/wp-content\/uploads\/2019\/02\/0060A7-1-scaled-scaled.jpg","datePublished":"2021-01-17T17:23:53+00:00","dateModified":"2022-12-12T13:36:43+00:00","description":"Le petit alphabet mobile de Nienhuis Montessori en caract\u00e8res \u00e9criture internationale est compos\u00e9 de lettres en plastique \u00e9pais en noir.","breadcrumb":{"@id":"https:\/\/teiaeducation.ch\/fr\/produit\/petit-alphabet-mobile-noir-ecriture-internationale-nienhuis-montessori\/#breadcrumb"},"inLanguage":"fr-FR","potentialAction":[{"@type":"ReadAction","target":["https:\/\/teiaeducation.ch\/fr\/produit\/petit-alphabet-mobile-noir-ecriture-internationale-nienhuis-montessori\/"]}]},{"@type":"ImageObject","inLanguage":"fr-FR","@id":"https:\/\/teiaeducation.ch\/fr\/produit\/petit-alphabet-mobile-noir-ecriture-internationale-nienhuis-montessori\/#primaryimage","url":"https:\/\/teiaeducation.ch\/wp-content\/uploads\/2019\/02\/0060A7-1-scaled-scaled.jpg","contentUrl":"https:\/\/teiaeducation.ch\/wp-content\/uploads\/2019\/02\/0060A7-1-scaled-scaled.jpg","width":2048,"height":2048,"caption":"Petit alphabet mobile noir, \u00e9criture d'imprimerie internationale - Nienhuis Montessori"},{"@type":"BreadcrumbList","@id":"https:\/\/teiaeducation.ch\/fr\/produit\/petit-alphabet-mobile-noir-ecriture-internationale-nienhuis-montessori\/#breadcrumb","itemListElement":[{"@type":"ListItem","position":1,"name":"Home","item":"https:\/\/teiaeducation.ch\/fr\/"},{"@type":"ListItem","position":2,"name":"Boutique Teia Education &amp; Play","item":"https:\/\/teiaeducation.ch\/fr\/boutique\/"},{"@type":"ListItem","position":3,"name":"Nos Marques","item":"https:\/\/teiaeducation.ch\/fr\/categorie-produit\/marques\/"},{"@type":"ListItem","position":4,"name":"Nienhuis Montessori Suisse","item":"https:\/\/teiaeducation.ch\/fr\/categorie-produit\/marques\/nienhuis-montessori-materiel-fr\/"},{"@type":"ListItem","position":5,"name":"Langage","item":"https:\/\/teiaeducation.ch\/fr\/categorie-produit\/marques\/nienhuis-montessori-materiel-fr\/langage-nienhuis-montessori\/"},{"@type":"ListItem","position":6,"name":"Petit alphabet mobile noir \u00e9criture internationale &#8211; Nienhuis Montessori"}]},{"@type":"WebSite","@id":"https:\/\/teiaeducation.ch\/fr\/#website","url":"https:\/\/teiaeducation.ch\/fr\/","name":"Sustainable Educational Products &amp; Ecological Toys\u00a0","description":"Specialised Swiss shop selling sustainable educational toys and games, AMI certified Montessori materials, handmade ecological wooden Waldorf toys and arts &amp; crafts supplies, school supplies, children&#039;s furniture and Montessori reference and parenting books.","publisher":{"@id":"https:\/\/teiaeducation.ch\/fr\/#organization"},"alternateName":"Teia Education & Play","potentialAction":[{"@type":"SearchAction","target":{"@type":"EntryPoint","urlTemplate":"https:\/\/teiaeducation.ch\/fr\/?s={search_term_string}"},"query-input":{"@type":"PropertyValueSpecification","valueRequired":true,"valueName":"search_term_string"}}],"inLanguage":"fr-FR"},{"@type":"Organization","@id":"https:\/\/teiaeducation.ch\/fr\/#organization","name":"Teia Education & Play","url":"https:\/\/teiaeducation.ch\/fr\/","logo":{"@type":"ImageObject","inLanguage":"fr-FR","@id":"https:\/\/teiaeducation.ch\/fr\/#\/schema\/logo\/image\/","url":"https:\/\/teiaeducation.ch\/wp-content\/uploads\/2020\/11\/Teia-Education-Switzerland-e1620156442216.jpg","contentUrl":"https:\/\/teiaeducation.ch\/wp-content\/uploads\/2020\/11\/Teia-Education-Switzerland-e1620156442216.jpg","width":166,"height":145,"caption":"Teia Education & Play"},"image":{"@id":"https:\/\/teiaeducation.ch\/fr\/#\/schema\/logo\/image\/"},"sameAs":["https:\/\/www.facebook.com\/teiaeducation\/","https:\/\/x.com\/EducationTeia","https:\/\/www.instagram.com\/teia.education\/","https:\/\/www.linkedin.com\/company\/35501660","https:\/\/www.pinterest.ch\/TeiaEducation\/"]}]},"product_price_amount":"73.90","product_price_currency":"CHF","og_availability":"backorder","product_availability":"available for order","product_retailer_item_id":"00000000000000000000000000000000000000000000003834","product_condition":"new"},"_links":{"self":[{"href":"https:\/\/teiaeducation.ch\/fr\/wp-json\/wp\/v2\/product\/23436","targetHints":{"allow":["GET"]}}],"collection":[{"href":"https:\/\/teiaeducation.ch\/fr\/wp-json\/wp\/v2\/product"}],"about":[{"href":"https:\/\/teiaeducation.ch\/fr\/wp-json\/wp\/v2\/types\/product"}],"replies":[{"embeddable":true,"href":"https:\/\/teiaeducation.ch\/fr\/wp-json\/wp\/v2\/comments?post=23436"}],"wp:featuredmedia":[{"embeddable":true,"href":"https:\/\/teiaeducation.ch\/fr\/wp-json\/wp\/v2\/media\/3836"}],"wp:attachment":[{"href":"https:\/\/teiaeducation.ch\/fr\/wp-json\/wp\/v2\/media?parent=23436"}],"wp:term":[{"taxonomy":"product_brand","embeddable":true,"href":"https:\/\/teiaeducation.ch\/fr\/wp-json\/wp\/v2\/product_brand?post=23436"},{"taxonomy":"product_cat","embeddable":true,"href":"https:\/\/teiaeducation.ch\/fr\/wp-json\/wp\/v2\/product_cat?post=23436"},{"taxonomy":"product_tag","embeddable":true,"href":"https:\/\/teiaeducation.ch\/fr\/wp-json\/wp\/v2\/product_tag?post=23436"}],"curies":[{"name":"wp","href":"https:\/\/api.w.org\/{rel}","templated":true}]}}