{"id":23441,"date":"2021-01-29T12:00:46","date_gmt":"2021-01-29T11:00:46","guid":{"rendered":"https:\/\/teiaeducation.ch\/product\/le-ruban-noir-nienhuis-montessori\/"},"modified":"2022-06-13T11:53:57","modified_gmt":"2022-06-13T09:53:57","slug":"le-ruban-noir-nienhuis-montessori","status":"publish","type":"product","link":"https:\/\/teiaeducation.ch\/fr\/produit\/le-ruban-noir-nienhuis-montessori\/","title":{"rendered":"Le Ruban Noir &#8211; Nienhuis Montessori"},"content":{"rendered":"<p>Le Ruban Noir &#8211; Nienhuis Montessori<\/p>\n<p>Le ruban noir de Nienhuis Montessori est une toile noire faite de tissu solide, enroul\u00e9e autour d&#8217;une bobine de bois de h\u00eatre massif. Le ruban noir peut \u00eatre utilis\u00e9 pour diverses activit\u00e9s dans la classe Montessori, telles que la cr\u00e9ation de lignes de temps, la repr\u00e9sentation de l&#8217;\u00e9volution de l&#8217;homme, l&#8217;identification des p\u00e9riodes de l&#8217;histoire, la cr\u00e9ation de calendriers et l&#8217;exploration du syst\u00e8me solaire.<\/p>\n<p>En d\u00e9roulant le tissu noir et en y pla\u00e7ant des objets, les enfants cr\u00e9ent une &#8220;histoire&#8221; visuelle du sujet qu&#8217;ils \u00e9tudient et comprennent mieux le temps qu&#8217;a pris le d\u00e9veloppement de la Terre. Les quarante-six m\u00e8tres de longueur du ruban noir repr\u00e9sentent 4.6 milliards d&#8217;ann\u00e9es d&#8217;\u00e9volution de la Terre, la partie rouge illustrant l&#8217;\u00e9volution de l&#8217;esp\u00e8ce humaine. Un <a href=\"https:\/\/teiaeducation.ch\/fr\/produit\/animaux-et-livre-pour-le-ruban-noir-nienhuis-montessori\/\">ensemble<\/a> d&#8217;animaux et de figurines r\u00e9volutionnaires connexes ainsi qu&#8217;un livre \u00e0 utiliser avec le ruban noir sont \u00e9galement disponibles s\u00e9par\u00e9ment.<\/p>\n<p>Ce mat\u00e9riel est adapt\u00e9 aux enfants de 6 ans et plus.<\/p>\n<p>Contenu :<\/p>\n<p>1 ruban noir en tissu uni (46 m\u00e8tres de long)<br \/>\n1 bobine en bois de h\u00eatre massif<br \/>\n* Les animaux ne sont pas inclus<\/p>\n","protected":false},"excerpt":{"rendered":"<p>Num\u00e9ro d&#8217;article: 069500<\/p>\n","protected":false},"featured_media":73373,"comment_status":"closed","ping_status":"closed","template":"","meta":[],"product_brand":[],"product_cat":[8580,216,284,283,268,293,8526,18966,763,594,21259,299,277,8567,7595,1218,207,217,13154,597,292,212],"product_tag":[7819,1286,768,651,1287,646,767,647],"class_list":{"0":"post-23441","1":"product","2":"type-product","3":"status-publish","4":"has-post-thumbnail","6":"product_cat-6-12-ans-ecole-a-domicile","7":"product_cat-6-12-ans","8":"product_cat-culture-sciences","9":"product_cat-domaines-du-curriculum","10":"product_cat-enrichissements","11":"product_cat-ensembles-dactivites","12":"product_cat-fournitures-scolaires-a-domicile","13":"product_cat-histoire-science","14":"product_cat-la-science","15":"product_cat-terre-et-univers","16":"product_cat-dinosaures","17":"product_cat-lignes-du-temps","18":"product_cat-materiel-indispensable","19":"product_cat-materiel-scolaire-montessori","20":"product_cat-methode-deducation","21":"product_cat-montessori-fr","22":"product_cat-nienhuis-montessori-materiel-fr","23":"product_cat-marques","24":"product_cat-pack-classe-6-12-ans","25":"product_cat-prehistoire","26":"product_cat-appui-au-curriculum","27":"product_cat-tranche-dage","28":"product_tag-le-ruban-noir-nienhuis-montessori-peut-etre-utilise-pour-creer-des-lignes-de-temps-levolution-de-lhomme-des-periodes-de-lhistoire-des-calendriers-et-le-systeme-solaire","29":"product_tag-lignes-de-temps-montessori","30":"product_tag-materiel-montessori-suisse","31":"product_tag-materiel-pedagogique-suisse","32":"product_tag-montessori-histoire","33":"product_tag-montessori-materiels-suisse-fr","34":"product_tag-nienhuis-montessori-suisse-fr-2","35":"product_tag-nienhuis-montessori-suisse-fr","37":"first","38":"onbackorder","39":"taxable","40":"shipping-taxable","41":"purchasable","42":"product-type-simple"},"yoast_head":"<!-- This site is optimized with the Yoast SEO Premium plugin v25.8 (Yoast SEO v27.4) - https:\/\/yoast.com\/product\/yoast-seo-premium-wordpress\/ -->\n<title>Le Ruban Noir - Nienhuis Montessori - Teia Education &amp; Play<\/title>\n<meta name=\"description\" content=\"Le ruban noir de Nienhuis Montessori est une toile noire repr\u00e9sentent 4.6 milliards d&#039;ann\u00e9es d&#039;\u00e9volution de la Terre et sert diverses activit\u00e9s.\" \/>\n<meta name=\"robots\" content=\"index, follow, max-snippet:-1, max-image-preview:large, max-video-preview:-1\" \/>\n<link rel=\"canonical\" href=\"https:\/\/teiaeducation.ch\/fr\/produit\/le-ruban-noir-nienhuis-montessori\/\" \/>\n<meta property=\"og:locale\" content=\"fr_FR\" \/>\n<meta property=\"og:type\" content=\"article\" \/>\n<meta property=\"og:title\" content=\"Le Ruban Noir - Nienhuis Montessori\" \/>\n<meta property=\"og:description\" content=\"Le ruban noir de Nienhuis Montessori est une toile noire repr\u00e9sentent 4.6 milliards d&#039;ann\u00e9es d&#039;\u00e9volution de la Terre et sert diverses activit\u00e9s.\" \/>\n<meta property=\"og:url\" content=\"https:\/\/teiaeducation.ch\/fr\/produit\/le-ruban-noir-nienhuis-montessori\/\" \/>\n<meta property=\"og:site_name\" content=\"Sustainable Educational Products &amp; Ecological Toys\u00a0\" \/>\n<meta property=\"article:publisher\" content=\"https:\/\/www.facebook.com\/teiaeducation\/\" \/>\n<meta property=\"article:modified_time\" content=\"2022-06-13T09:53:57+00:00\" \/>\n<meta property=\"og:image\" content=\"https:\/\/teiaeducation.ch\/wp-content\/uploads\/2019\/02\/069500-scaled-scaled.jpg\" \/>\n\t<meta property=\"og:image:width\" content=\"2048\" \/>\n\t<meta property=\"og:image:height\" content=\"2048\" \/>\n\t<meta property=\"og:image:type\" content=\"image\/jpeg\" \/>\n<script type=\"application\/ld+json\" class=\"yoast-schema-graph\">{\"@context\":\"https:\\\/\\\/schema.org\",\"@graph\":[{\"@type\":\"WebPage\",\"@id\":\"https:\\\/\\\/teiaeducation.ch\\\/fr\\\/produit\\\/le-ruban-noir-nienhuis-montessori\\\/\",\"url\":\"https:\\\/\\\/teiaeducation.ch\\\/fr\\\/produit\\\/le-ruban-noir-nienhuis-montessori\\\/\",\"name\":\"Le Ruban Noir - Nienhuis Montessori - Teia Education & Play\",\"isPartOf\":{\"@id\":\"https:\\\/\\\/teiaeducation.ch\\\/fr\\\/#website\"},\"primaryImageOfPage\":{\"@id\":\"https:\\\/\\\/teiaeducation.ch\\\/fr\\\/produit\\\/le-ruban-noir-nienhuis-montessori\\\/#primaryimage\"},\"image\":{\"@id\":\"https:\\\/\\\/teiaeducation.ch\\\/fr\\\/produit\\\/le-ruban-noir-nienhuis-montessori\\\/#primaryimage\"},\"thumbnailUrl\":\"https:\\\/\\\/teiaeducation.ch\\\/wp-content\\\/uploads\\\/2021\\\/01\\\/Montessori-history-timeline-material-The-black-ribbon-Nienhuis-Montessori-scaled.webp\",\"datePublished\":\"2021-01-29T11:00:46+00:00\",\"dateModified\":\"2022-06-13T09:53:57+00:00\",\"description\":\"Le ruban noir de Nienhuis Montessori est une toile noire repr\u00e9sentent 4.6 milliards d'ann\u00e9es d'\u00e9volution de la Terre et sert diverses activit\u00e9s.\",\"breadcrumb\":{\"@id\":\"https:\\\/\\\/teiaeducation.ch\\\/fr\\\/produit\\\/le-ruban-noir-nienhuis-montessori\\\/#breadcrumb\"},\"inLanguage\":\"fr-FR\",\"potentialAction\":[{\"@type\":\"ReadAction\",\"target\":[\"https:\\\/\\\/teiaeducation.ch\\\/fr\\\/produit\\\/le-ruban-noir-nienhuis-montessori\\\/\"]}]},{\"@type\":\"ImageObject\",\"inLanguage\":\"fr-FR\",\"@id\":\"https:\\\/\\\/teiaeducation.ch\\\/fr\\\/produit\\\/le-ruban-noir-nienhuis-montessori\\\/#primaryimage\",\"url\":\"https:\\\/\\\/teiaeducation.ch\\\/wp-content\\\/uploads\\\/2021\\\/01\\\/Montessori-history-timeline-material-The-black-ribbon-Nienhuis-Montessori-scaled.webp\",\"contentUrl\":\"https:\\\/\\\/teiaeducation.ch\\\/wp-content\\\/uploads\\\/2021\\\/01\\\/Montessori-history-timeline-material-The-black-ribbon-Nienhuis-Montessori-scaled.webp\",\"width\":2048,\"height\":2048,\"caption\":\"Montessori history timeline material The black ribbon - Nienhuis Montessori\"},{\"@type\":\"BreadcrumbList\",\"@id\":\"https:\\\/\\\/teiaeducation.ch\\\/fr\\\/produit\\\/le-ruban-noir-nienhuis-montessori\\\/#breadcrumb\",\"itemListElement\":[{\"@type\":\"ListItem\",\"position\":1,\"name\":\"Home\",\"item\":\"https:\\\/\\\/teiaeducation.ch\\\/fr\\\/\"},{\"@type\":\"ListItem\",\"position\":2,\"name\":\"Boutique Teia Education &amp; Play\",\"item\":\"https:\\\/\\\/teiaeducation.ch\\\/fr\\\/boutique\\\/\"},{\"@type\":\"ListItem\",\"position\":3,\"name\":\"Nos Marques\",\"item\":\"https:\\\/\\\/teiaeducation.ch\\\/fr\\\/categorie-produit\\\/marques\\\/\"},{\"@type\":\"ListItem\",\"position\":4,\"name\":\"Nienhuis Montessori Suisse\",\"item\":\"https:\\\/\\\/teiaeducation.ch\\\/fr\\\/categorie-produit\\\/marques\\\/nienhuis-montessori-materiel-fr\\\/\"},{\"@type\":\"ListItem\",\"position\":5,\"name\":\"Histoire &amp; Science\",\"item\":\"https:\\\/\\\/teiaeducation.ch\\\/fr\\\/categorie-produit\\\/marques\\\/nienhuis-montessori-materiel-fr\\\/histoire-science\\\/\"},{\"@type\":\"ListItem\",\"position\":6,\"name\":\"Le Ruban Noir &#8211; Nienhuis Montessori\"}]},{\"@type\":\"WebSite\",\"@id\":\"https:\\\/\\\/teiaeducation.ch\\\/fr\\\/#website\",\"url\":\"https:\\\/\\\/teiaeducation.ch\\\/fr\\\/\",\"name\":\"Sustainable Educational Products &amp; Ecological Toys\u00a0\",\"description\":\"Specialised Swiss shop selling sustainable educational toys and games, AMI certified Montessori materials, handmade ecological wooden Waldorf toys and arts &amp; crafts supplies, school supplies, children&#039;s furniture and Montessori reference and parenting books.\",\"publisher\":{\"@id\":\"https:\\\/\\\/teiaeducation.ch\\\/fr\\\/#organization\"},\"alternateName\":\"Teia Education & Play\",\"potentialAction\":[{\"@type\":\"SearchAction\",\"target\":{\"@type\":\"EntryPoint\",\"urlTemplate\":\"https:\\\/\\\/teiaeducation.ch\\\/fr\\\/?s={search_term_string}\"},\"query-input\":{\"@type\":\"PropertyValueSpecification\",\"valueRequired\":true,\"valueName\":\"search_term_string\"}}],\"inLanguage\":\"fr-FR\"},{\"@type\":\"Organization\",\"@id\":\"https:\\\/\\\/teiaeducation.ch\\\/fr\\\/#organization\",\"name\":\"Teia Education & Play\",\"url\":\"https:\\\/\\\/teiaeducation.ch\\\/fr\\\/\",\"logo\":{\"@type\":\"ImageObject\",\"inLanguage\":\"fr-FR\",\"@id\":\"https:\\\/\\\/teiaeducation.ch\\\/fr\\\/#\\\/schema\\\/logo\\\/image\\\/\",\"url\":\"https:\\\/\\\/teiaeducation.ch\\\/wp-content\\\/uploads\\\/2020\\\/11\\\/Teia-Education-Switzerland-e1620156442216.jpg\",\"contentUrl\":\"https:\\\/\\\/teiaeducation.ch\\\/wp-content\\\/uploads\\\/2020\\\/11\\\/Teia-Education-Switzerland-e1620156442216.jpg\",\"width\":166,\"height\":145,\"caption\":\"Teia Education & Play\"},\"image\":{\"@id\":\"https:\\\/\\\/teiaeducation.ch\\\/fr\\\/#\\\/schema\\\/logo\\\/image\\\/\"},\"sameAs\":[\"https:\\\/\\\/www.facebook.com\\\/teiaeducation\\\/\",\"https:\\\/\\\/x.com\\\/EducationTeia\",\"https:\\\/\\\/www.instagram.com\\\/teia.education\\\/\",\"https:\\\/\\\/www.linkedin.com\\\/company\\\/35501660\",\"https:\\\/\\\/www.pinterest.ch\\\/TeiaEducation\\\/\"]}]}<\/script>\n<meta property=\"product:price:amount\" content=\"224.90\" \/>\n<meta property=\"product:price:currency\" content=\"CHF\" \/>\n<meta property=\"og:availability\" content=\"backorder\" \/>\n<meta property=\"product:availability\" content=\"available for order\" \/>\n<meta property=\"product:retailer_item_id\" content=\"00000000000000000000000000000000000000000000003851\" \/>\n<meta property=\"product:condition\" content=\"new\" \/>\n<!-- \/ Yoast SEO Premium plugin. -->","yoast_head_json":{"title":"Le Ruban Noir - Nienhuis Montessori - Teia Education & Play","description":"Le ruban noir de Nienhuis Montessori est une toile noire repr\u00e9sentent 4.6 milliards d'ann\u00e9es d'\u00e9volution de la Terre et sert diverses activit\u00e9s.","robots":{"index":"index","follow":"follow","max-snippet":"max-snippet:-1","max-image-preview":"max-image-preview:large","max-video-preview":"max-video-preview:-1"},"canonical":"https:\/\/teiaeducation.ch\/fr\/produit\/le-ruban-noir-nienhuis-montessori\/","og_locale":"fr_FR","og_type":"article","og_title":"Le Ruban Noir - Nienhuis Montessori","og_description":"Le ruban noir de Nienhuis Montessori est une toile noire repr\u00e9sentent 4.6 milliards d'ann\u00e9es d'\u00e9volution de la Terre et sert diverses activit\u00e9s.","og_url":"https:\/\/teiaeducation.ch\/fr\/produit\/le-ruban-noir-nienhuis-montessori\/","og_site_name":"Sustainable Educational Products &amp; Ecological Toys\u00a0","article_publisher":"https:\/\/www.facebook.com\/teiaeducation\/","article_modified_time":"2022-06-13T09:53:57+00:00","og_image":[{"width":2048,"height":2048,"url":"https:\/\/teiaeducation.ch\/wp-content\/uploads\/2019\/02\/069500-scaled-scaled.jpg","type":"image\/jpeg"}],"schema":{"@context":"https:\/\/schema.org","@graph":[{"@type":"WebPage","@id":"https:\/\/teiaeducation.ch\/fr\/produit\/le-ruban-noir-nienhuis-montessori\/","url":"https:\/\/teiaeducation.ch\/fr\/produit\/le-ruban-noir-nienhuis-montessori\/","name":"Le Ruban Noir - Nienhuis Montessori - Teia Education & Play","isPartOf":{"@id":"https:\/\/teiaeducation.ch\/fr\/#website"},"primaryImageOfPage":{"@id":"https:\/\/teiaeducation.ch\/fr\/produit\/le-ruban-noir-nienhuis-montessori\/#primaryimage"},"image":{"@id":"https:\/\/teiaeducation.ch\/fr\/produit\/le-ruban-noir-nienhuis-montessori\/#primaryimage"},"thumbnailUrl":"https:\/\/teiaeducation.ch\/wp-content\/uploads\/2021\/01\/Montessori-history-timeline-material-The-black-ribbon-Nienhuis-Montessori-scaled.webp","datePublished":"2021-01-29T11:00:46+00:00","dateModified":"2022-06-13T09:53:57+00:00","description":"Le ruban noir de Nienhuis Montessori est une toile noire repr\u00e9sentent 4.6 milliards d'ann\u00e9es d'\u00e9volution de la Terre et sert diverses activit\u00e9s.","breadcrumb":{"@id":"https:\/\/teiaeducation.ch\/fr\/produit\/le-ruban-noir-nienhuis-montessori\/#breadcrumb"},"inLanguage":"fr-FR","potentialAction":[{"@type":"ReadAction","target":["https:\/\/teiaeducation.ch\/fr\/produit\/le-ruban-noir-nienhuis-montessori\/"]}]},{"@type":"ImageObject","inLanguage":"fr-FR","@id":"https:\/\/teiaeducation.ch\/fr\/produit\/le-ruban-noir-nienhuis-montessori\/#primaryimage","url":"https:\/\/teiaeducation.ch\/wp-content\/uploads\/2021\/01\/Montessori-history-timeline-material-The-black-ribbon-Nienhuis-Montessori-scaled.webp","contentUrl":"https:\/\/teiaeducation.ch\/wp-content\/uploads\/2021\/01\/Montessori-history-timeline-material-The-black-ribbon-Nienhuis-Montessori-scaled.webp","width":2048,"height":2048,"caption":"Montessori history timeline material The black ribbon - Nienhuis Montessori"},{"@type":"BreadcrumbList","@id":"https:\/\/teiaeducation.ch\/fr\/produit\/le-ruban-noir-nienhuis-montessori\/#breadcrumb","itemListElement":[{"@type":"ListItem","position":1,"name":"Home","item":"https:\/\/teiaeducation.ch\/fr\/"},{"@type":"ListItem","position":2,"name":"Boutique Teia Education &amp; Play","item":"https:\/\/teiaeducation.ch\/fr\/boutique\/"},{"@type":"ListItem","position":3,"name":"Nos Marques","item":"https:\/\/teiaeducation.ch\/fr\/categorie-produit\/marques\/"},{"@type":"ListItem","position":4,"name":"Nienhuis Montessori Suisse","item":"https:\/\/teiaeducation.ch\/fr\/categorie-produit\/marques\/nienhuis-montessori-materiel-fr\/"},{"@type":"ListItem","position":5,"name":"Histoire &amp; Science","item":"https:\/\/teiaeducation.ch\/fr\/categorie-produit\/marques\/nienhuis-montessori-materiel-fr\/histoire-science\/"},{"@type":"ListItem","position":6,"name":"Le Ruban Noir &#8211; Nienhuis Montessori"}]},{"@type":"WebSite","@id":"https:\/\/teiaeducation.ch\/fr\/#website","url":"https:\/\/teiaeducation.ch\/fr\/","name":"Sustainable Educational Products &amp; Ecological Toys\u00a0","description":"Specialised Swiss shop selling sustainable educational toys and games, AMI certified Montessori materials, handmade ecological wooden Waldorf toys and arts &amp; crafts supplies, school supplies, children&#039;s furniture and Montessori reference and parenting books.","publisher":{"@id":"https:\/\/teiaeducation.ch\/fr\/#organization"},"alternateName":"Teia Education & Play","potentialAction":[{"@type":"SearchAction","target":{"@type":"EntryPoint","urlTemplate":"https:\/\/teiaeducation.ch\/fr\/?s={search_term_string}"},"query-input":{"@type":"PropertyValueSpecification","valueRequired":true,"valueName":"search_term_string"}}],"inLanguage":"fr-FR"},{"@type":"Organization","@id":"https:\/\/teiaeducation.ch\/fr\/#organization","name":"Teia Education & Play","url":"https:\/\/teiaeducation.ch\/fr\/","logo":{"@type":"ImageObject","inLanguage":"fr-FR","@id":"https:\/\/teiaeducation.ch\/fr\/#\/schema\/logo\/image\/","url":"https:\/\/teiaeducation.ch\/wp-content\/uploads\/2020\/11\/Teia-Education-Switzerland-e1620156442216.jpg","contentUrl":"https:\/\/teiaeducation.ch\/wp-content\/uploads\/2020\/11\/Teia-Education-Switzerland-e1620156442216.jpg","width":166,"height":145,"caption":"Teia Education & Play"},"image":{"@id":"https:\/\/teiaeducation.ch\/fr\/#\/schema\/logo\/image\/"},"sameAs":["https:\/\/www.facebook.com\/teiaeducation\/","https:\/\/x.com\/EducationTeia","https:\/\/www.instagram.com\/teia.education\/","https:\/\/www.linkedin.com\/company\/35501660","https:\/\/www.pinterest.ch\/TeiaEducation\/"]}]},"product_price_amount":"224.90","product_price_currency":"CHF","og_availability":"backorder","product_availability":"available for order","product_retailer_item_id":"00000000000000000000000000000000000000000000003851","product_condition":"new"},"_links":{"self":[{"href":"https:\/\/teiaeducation.ch\/fr\/wp-json\/wp\/v2\/product\/23441","targetHints":{"allow":["GET"]}}],"collection":[{"href":"https:\/\/teiaeducation.ch\/fr\/wp-json\/wp\/v2\/product"}],"about":[{"href":"https:\/\/teiaeducation.ch\/fr\/wp-json\/wp\/v2\/types\/product"}],"replies":[{"embeddable":true,"href":"https:\/\/teiaeducation.ch\/fr\/wp-json\/wp\/v2\/comments?post=23441"}],"wp:featuredmedia":[{"embeddable":true,"href":"https:\/\/teiaeducation.ch\/fr\/wp-json\/wp\/v2\/media\/73373"}],"wp:attachment":[{"href":"https:\/\/teiaeducation.ch\/fr\/wp-json\/wp\/v2\/media?parent=23441"}],"wp:term":[{"taxonomy":"product_brand","embeddable":true,"href":"https:\/\/teiaeducation.ch\/fr\/wp-json\/wp\/v2\/product_brand?post=23441"},{"taxonomy":"product_cat","embeddable":true,"href":"https:\/\/teiaeducation.ch\/fr\/wp-json\/wp\/v2\/product_cat?post=23441"},{"taxonomy":"product_tag","embeddable":true,"href":"https:\/\/teiaeducation.ch\/fr\/wp-json\/wp\/v2\/product_tag?post=23441"}],"curies":[{"name":"wp","href":"https:\/\/api.w.org\/{rel}","templated":true}]}}