{"id":23443,"date":"2019-02-02T14:00:21","date_gmt":"2019-02-02T13:00:21","guid":{"rendered":"https:\/\/teiaeducation.ch\/product\/the-sun-looks-upon-nienhuis-montessori\/"},"modified":"2020-04-28T21:06:30","modified_gmt":"2020-04-28T19:06:30","slug":"livret-the-sun-looks-upon-nienhuis-montessori","status":"publish","type":"product","link":"https:\/\/teiaeducation.ch\/fr\/produit\/livret-the-sun-looks-upon-nienhuis-montessori\/","title":{"rendered":"Livret: the sun looks upon &#8211; Nienhuis Montessori"},"content":{"rendered":"<p>Livret: the sun looks upon &#8211; Nienhuis Montessori<\/p>\n<p>Le livret the\u00a0sun looks upon water, air and rocks (Le soleil regarde l&#8217;eau, l&#8217;air et les rochers) de Nienhuis Montessori (en Anglais) est un grand conte cosmique de Maria Montessori et la premi\u00e8re partie de &#8220;about the coming of the universe and the earth&#8221; (sur la venue de l&#8217;univers et de la terre). Ce livret fait partie de la s\u00e9rie des grands contes cosmiques de Nienhuis Montessori, qui raconte l&#8217;histoire de la naissance de l&#8217;univers, de l&#8217;\u00e9volution de la vie, du d\u00e9veloppement humain et des r\u00e9alisations telles que l&#8217;\u00e9criture et les chiffres. La s\u00e9rie comprend \u00e9galement les titres des livrets : timeline of life, about life on earth, the coming of the humans, the story of writing, the story of numbers and the plants tell a story (chronologie de la vie, sur la vie sur terre, l&#8217;arriv\u00e9e des humains, l&#8217;histoire de l&#8217;\u00e9criture, l&#8217;histoire des nombres et les plantes racontent une histoire). (disponible s\u00e9par\u00e9ment)<\/p>\n<p>En \u00e9coutant les histoires des livrets, les jeunes enfants de l&#8217;\u00e9cole primaire peuvent d\u00e9couvrir le monde qui les entoure tout en am\u00e9liorant leur vocabulaire et leur concentration. Chaque livret de la s\u00e9rie des grands r\u00e9cits cosmiques contient des textes faciles \u00e0 comprendre et comporte des images r\u00e9alistes utilis\u00e9es pour illustrer les histoires, soutenant ainsi l&#8217;imagination de l&#8217;enfant. Les livrets peuvent \u00e9galement servir de support au programme scolaire en tant qu&#8217;introduction aux le\u00e7ons et \u00e0 l&#8217;\u00e9tude d&#8217;objets li\u00e9s au conte, comme par exemple le <a href=\"https:\/\/teiaeducation.ch\/fr\/produit\/le-ruban-noir-nienhuis-montessori\/\">ruban noir<\/a>\u00a0et le <a href=\"https:\/\/teiaeducation.ch\/fr\/produit\/ligne-du-temps-devolution-anglais-nienhuis-montessori\/\">ligne du temps de l\u2019\u00e9volution<\/a>\u00a0de Nienhuis Montessori. Les grands livrets de contes cosmiques conviennent \u00e9galement \u00e0 la lecture individuelle par des enfants plus \u00e2g\u00e9s.<\/p>\n<p>Ce mat\u00e9riel convient aux enfants de 4 ans et plus.<\/p>\n<p>Contenu :<\/p>\n<p>1 livret (14 x 14 cm)<\/p>\n","protected":false},"excerpt":{"rendered":"<p>Num\u00e9ro d&#8217;article: 523111<\/p>\n","protected":false},"featured_media":3873,"comment_status":"closed","ping_status":"closed","template":"","meta":[],"product_brand":[],"product_cat":[215,8580,216,285,284,283,8526,594,299,271,311,20663,20666,18912,277,8567,7595,1218,207,217,13153,13154,297,597,611,292,212,612],"product_tag":[1375,1381,7605,768,651,7606,646,647,767,7821],"class_list":{"0":"post-23443","1":"product","2":"type-product","3":"status-publish","4":"has-post-thumbnail","6":"product_cat-3-6-ans","7":"product_cat-6-12-ans-ecole-a-domicile","8":"product_cat-6-12-ans","9":"product_cat-alphabetisation-langage","10":"product_cat-culture-sciences","11":"product_cat-domaines-du-curriculum","12":"product_cat-fournitures-scolaires-a-domicile","13":"product_cat-terre-et-univers","14":"product_cat-lignes-du-temps","15":"product_cat-livres","16":"product_cat-livres-appui-au-curriculum","17":"product_cat-livres-de-contes","18":"product_cat-livres-montessori","19":"product_cat-livres-pour-enfants","20":"product_cat-materiel-indispensable","21":"product_cat-materiel-scolaire-montessori","22":"product_cat-methode-deducation","23":"product_cat-montessori-fr","24":"product_cat-nienhuis-montessori-materiel-fr","25":"product_cat-marques","26":"product_cat-pack-classe-3-6-ans","27":"product_cat-pack-classe-6-12-ans","28":"product_cat-papier-livrets","29":"product_cat-prehistoire","30":"product_cat-raconter-des-histoires","31":"product_cat-appui-au-curriculum","32":"product_cat-tranche-dage","33":"product_cat-vocabulaire-fr","34":"product_tag-dr-maria-montessori-fr","35":"product_tag-livres-montessori","36":"product_tag-livret-nienhuis-montessori","37":"product_tag-materiel-montessori-suisse","38":"product_tag-materiel-pedagogique-suisse","39":"product_tag-montessori-la-terre-et-lunivers","40":"product_tag-montessori-materiels-suisse-fr","41":"product_tag-nienhuis-montessori-suisse-fr","42":"product_tag-nienhuis-montessori-suisse-fr-2","43":"product_tag-the-sun-looks-upon-nienhuis-montessori","45":"first","46":"instock","47":"taxable","48":"shipping-taxable","49":"purchasable","50":"product-type-simple"},"yoast_head":"<!-- This site is optimized with the Yoast SEO Premium plugin v25.8 (Yoast SEO v27.4) - https:\/\/yoast.com\/product\/yoast-seo-premium-wordpress\/ -->\n<title>Livret: the sun looks upon - Nienhuis Montessori - Teia Education &amp; Play<\/title>\n<meta name=\"description\" content=\"Le livret the\u00a0sun looks upon water, air and rocks (Le soleil regarde l&#039;eau, l&#039;air et les rochers) de Nienhuis Montessori est un grand conte cosmique.\" \/>\n<meta name=\"robots\" content=\"index, follow, max-snippet:-1, max-image-preview:large, max-video-preview:-1\" \/>\n<link rel=\"canonical\" href=\"https:\/\/teiaeducation.ch\/fr\/produit\/livret-the-sun-looks-upon-nienhuis-montessori\/\" \/>\n<meta property=\"og:locale\" content=\"fr_FR\" \/>\n<meta property=\"og:type\" content=\"article\" \/>\n<meta property=\"og:title\" content=\"Livret: the sun looks upon - Nienhuis Montessori\" \/>\n<meta property=\"og:description\" content=\"Le livret the\u00a0sun looks upon water, air and rocks (Le soleil regarde l&#039;eau, l&#039;air et les rochers) de Nienhuis Montessori est un grand conte cosmique.\" \/>\n<meta property=\"og:url\" content=\"https:\/\/teiaeducation.ch\/fr\/produit\/livret-the-sun-looks-upon-nienhuis-montessori\/\" \/>\n<meta property=\"og:site_name\" content=\"Sustainable Educational Products &amp; Ecological Toys\u00a0\" \/>\n<meta property=\"article:publisher\" content=\"https:\/\/www.facebook.com\/teiaeducation\/\" \/>\n<meta property=\"article:modified_time\" content=\"2020-04-28T19:06:30+00:00\" \/>\n<meta property=\"og:image\" content=\"https:\/\/teiaeducation.ch\/wp-content\/uploads\/2019\/02\/523111-scaled-scaled.jpg\" \/>\n\t<meta property=\"og:image:width\" content=\"2048\" \/>\n\t<meta property=\"og:image:height\" content=\"2048\" \/>\n\t<meta property=\"og:image:type\" content=\"image\/jpeg\" \/>\n<script type=\"application\/ld+json\" class=\"yoast-schema-graph\">{\"@context\":\"https:\\\/\\\/schema.org\",\"@graph\":[{\"@type\":\"WebPage\",\"@id\":\"https:\\\/\\\/teiaeducation.ch\\\/fr\\\/produit\\\/livret-the-sun-looks-upon-nienhuis-montessori\\\/\",\"url\":\"https:\\\/\\\/teiaeducation.ch\\\/fr\\\/produit\\\/livret-the-sun-looks-upon-nienhuis-montessori\\\/\",\"name\":\"Livret: the sun looks upon - Nienhuis Montessori - Teia Education & Play\",\"isPartOf\":{\"@id\":\"https:\\\/\\\/teiaeducation.ch\\\/fr\\\/#website\"},\"primaryImageOfPage\":{\"@id\":\"https:\\\/\\\/teiaeducation.ch\\\/fr\\\/produit\\\/livret-the-sun-looks-upon-nienhuis-montessori\\\/#primaryimage\"},\"image\":{\"@id\":\"https:\\\/\\\/teiaeducation.ch\\\/fr\\\/produit\\\/livret-the-sun-looks-upon-nienhuis-montessori\\\/#primaryimage\"},\"thumbnailUrl\":\"https:\\\/\\\/teiaeducation.ch\\\/wp-content\\\/uploads\\\/2019\\\/02\\\/523111-scaled-scaled.jpg\",\"datePublished\":\"2019-02-02T13:00:21+00:00\",\"dateModified\":\"2020-04-28T19:06:30+00:00\",\"description\":\"Le livret the\u00a0sun looks upon water, air and rocks (Le soleil regarde l'eau, l'air et les rochers) de Nienhuis Montessori est un grand conte cosmique.\",\"breadcrumb\":{\"@id\":\"https:\\\/\\\/teiaeducation.ch\\\/fr\\\/produit\\\/livret-the-sun-looks-upon-nienhuis-montessori\\\/#breadcrumb\"},\"inLanguage\":\"fr-FR\",\"potentialAction\":[{\"@type\":\"ReadAction\",\"target\":[\"https:\\\/\\\/teiaeducation.ch\\\/fr\\\/produit\\\/livret-the-sun-looks-upon-nienhuis-montessori\\\/\"]}]},{\"@type\":\"ImageObject\",\"inLanguage\":\"fr-FR\",\"@id\":\"https:\\\/\\\/teiaeducation.ch\\\/fr\\\/produit\\\/livret-the-sun-looks-upon-nienhuis-montessori\\\/#primaryimage\",\"url\":\"https:\\\/\\\/teiaeducation.ch\\\/wp-content\\\/uploads\\\/2019\\\/02\\\/523111-scaled-scaled.jpg\",\"contentUrl\":\"https:\\\/\\\/teiaeducation.ch\\\/wp-content\\\/uploads\\\/2019\\\/02\\\/523111-scaled-scaled.jpg\",\"width\":2048,\"height\":2048,\"caption\":\"The Sun Looks Upon - Nienhuis Montessori\"},{\"@type\":\"BreadcrumbList\",\"@id\":\"https:\\\/\\\/teiaeducation.ch\\\/fr\\\/produit\\\/livret-the-sun-looks-upon-nienhuis-montessori\\\/#breadcrumb\",\"itemListElement\":[{\"@type\":\"ListItem\",\"position\":1,\"name\":\"Home\",\"item\":\"https:\\\/\\\/teiaeducation.ch\\\/fr\\\/\"},{\"@type\":\"ListItem\",\"position\":2,\"name\":\"Boutique Teia Education &amp; Play\",\"item\":\"https:\\\/\\\/teiaeducation.ch\\\/fr\\\/boutique\\\/\"},{\"@type\":\"ListItem\",\"position\":3,\"name\":\"Domaines du Curriculum\",\"item\":\"https:\\\/\\\/teiaeducation.ch\\\/fr\\\/categorie-produit\\\/domaines-du-curriculum\\\/\"},{\"@type\":\"ListItem\",\"position\":4,\"name\":\"Culture &amp; Sciences\",\"item\":\"https:\\\/\\\/teiaeducation.ch\\\/fr\\\/categorie-produit\\\/domaines-du-curriculum\\\/culture-sciences\\\/\"},{\"@type\":\"ListItem\",\"position\":5,\"name\":\"La Terre et L'Univers\",\"item\":\"https:\\\/\\\/teiaeducation.ch\\\/fr\\\/categorie-produit\\\/domaines-du-curriculum\\\/culture-sciences\\\/terre-et-univers\\\/\"},{\"@type\":\"ListItem\",\"position\":6,\"name\":\"Livret: the sun looks upon &#8211; Nienhuis Montessori\"}]},{\"@type\":\"WebSite\",\"@id\":\"https:\\\/\\\/teiaeducation.ch\\\/fr\\\/#website\",\"url\":\"https:\\\/\\\/teiaeducation.ch\\\/fr\\\/\",\"name\":\"Sustainable Educational Products &amp; Ecological Toys\u00a0\",\"description\":\"Specialised Swiss shop selling sustainable educational toys and games, AMI certified Montessori materials, handmade ecological wooden Waldorf toys and arts &amp; crafts supplies, school supplies, children&#039;s furniture and Montessori reference and parenting books.\",\"publisher\":{\"@id\":\"https:\\\/\\\/teiaeducation.ch\\\/fr\\\/#organization\"},\"alternateName\":\"Teia Education & Play\",\"potentialAction\":[{\"@type\":\"SearchAction\",\"target\":{\"@type\":\"EntryPoint\",\"urlTemplate\":\"https:\\\/\\\/teiaeducation.ch\\\/fr\\\/?s={search_term_string}\"},\"query-input\":{\"@type\":\"PropertyValueSpecification\",\"valueRequired\":true,\"valueName\":\"search_term_string\"}}],\"inLanguage\":\"fr-FR\"},{\"@type\":\"Organization\",\"@id\":\"https:\\\/\\\/teiaeducation.ch\\\/fr\\\/#organization\",\"name\":\"Teia Education & Play\",\"url\":\"https:\\\/\\\/teiaeducation.ch\\\/fr\\\/\",\"logo\":{\"@type\":\"ImageObject\",\"inLanguage\":\"fr-FR\",\"@id\":\"https:\\\/\\\/teiaeducation.ch\\\/fr\\\/#\\\/schema\\\/logo\\\/image\\\/\",\"url\":\"https:\\\/\\\/teiaeducation.ch\\\/wp-content\\\/uploads\\\/2020\\\/11\\\/Teia-Education-Switzerland-e1620156442216.jpg\",\"contentUrl\":\"https:\\\/\\\/teiaeducation.ch\\\/wp-content\\\/uploads\\\/2020\\\/11\\\/Teia-Education-Switzerland-e1620156442216.jpg\",\"width\":166,\"height\":145,\"caption\":\"Teia Education & Play\"},\"image\":{\"@id\":\"https:\\\/\\\/teiaeducation.ch\\\/fr\\\/#\\\/schema\\\/logo\\\/image\\\/\"},\"sameAs\":[\"https:\\\/\\\/www.facebook.com\\\/teiaeducation\\\/\",\"https:\\\/\\\/x.com\\\/EducationTeia\",\"https:\\\/\\\/www.instagram.com\\\/teia.education\\\/\",\"https:\\\/\\\/www.linkedin.com\\\/company\\\/35501660\",\"https:\\\/\\\/www.pinterest.ch\\\/TeiaEducation\\\/\"]}]}<\/script>\n<meta property=\"product:price:amount\" content=\"20.95\" \/>\n<meta property=\"product:price:currency\" content=\"CHF\" \/>\n<meta property=\"og:availability\" content=\"instock\" \/>\n<meta property=\"product:availability\" content=\"instock\" \/>\n<meta property=\"product:retailer_item_id\" content=\"00000000000000000000000000000000000000000000003833\" \/>\n<meta property=\"product:condition\" content=\"new\" \/>\n<!-- \/ Yoast SEO Premium plugin. -->","yoast_head_json":{"title":"Livret: the sun looks upon - Nienhuis Montessori - Teia Education & Play","description":"Le livret the\u00a0sun looks upon water, air and rocks (Le soleil regarde l'eau, l'air et les rochers) de Nienhuis Montessori est un grand conte cosmique.","robots":{"index":"index","follow":"follow","max-snippet":"max-snippet:-1","max-image-preview":"max-image-preview:large","max-video-preview":"max-video-preview:-1"},"canonical":"https:\/\/teiaeducation.ch\/fr\/produit\/livret-the-sun-looks-upon-nienhuis-montessori\/","og_locale":"fr_FR","og_type":"article","og_title":"Livret: the sun looks upon - Nienhuis Montessori","og_description":"Le livret the\u00a0sun looks upon water, air and rocks (Le soleil regarde l'eau, l'air et les rochers) de Nienhuis Montessori est un grand conte cosmique.","og_url":"https:\/\/teiaeducation.ch\/fr\/produit\/livret-the-sun-looks-upon-nienhuis-montessori\/","og_site_name":"Sustainable Educational Products &amp; Ecological Toys\u00a0","article_publisher":"https:\/\/www.facebook.com\/teiaeducation\/","article_modified_time":"2020-04-28T19:06:30+00:00","og_image":[{"width":2048,"height":2048,"url":"https:\/\/teiaeducation.ch\/wp-content\/uploads\/2019\/02\/523111-scaled-scaled.jpg","type":"image\/jpeg"}],"schema":{"@context":"https:\/\/schema.org","@graph":[{"@type":"WebPage","@id":"https:\/\/teiaeducation.ch\/fr\/produit\/livret-the-sun-looks-upon-nienhuis-montessori\/","url":"https:\/\/teiaeducation.ch\/fr\/produit\/livret-the-sun-looks-upon-nienhuis-montessori\/","name":"Livret: the sun looks upon - Nienhuis Montessori - Teia Education & Play","isPartOf":{"@id":"https:\/\/teiaeducation.ch\/fr\/#website"},"primaryImageOfPage":{"@id":"https:\/\/teiaeducation.ch\/fr\/produit\/livret-the-sun-looks-upon-nienhuis-montessori\/#primaryimage"},"image":{"@id":"https:\/\/teiaeducation.ch\/fr\/produit\/livret-the-sun-looks-upon-nienhuis-montessori\/#primaryimage"},"thumbnailUrl":"https:\/\/teiaeducation.ch\/wp-content\/uploads\/2019\/02\/523111-scaled-scaled.jpg","datePublished":"2019-02-02T13:00:21+00:00","dateModified":"2020-04-28T19:06:30+00:00","description":"Le livret the\u00a0sun looks upon water, air and rocks (Le soleil regarde l'eau, l'air et les rochers) de Nienhuis Montessori est un grand conte cosmique.","breadcrumb":{"@id":"https:\/\/teiaeducation.ch\/fr\/produit\/livret-the-sun-looks-upon-nienhuis-montessori\/#breadcrumb"},"inLanguage":"fr-FR","potentialAction":[{"@type":"ReadAction","target":["https:\/\/teiaeducation.ch\/fr\/produit\/livret-the-sun-looks-upon-nienhuis-montessori\/"]}]},{"@type":"ImageObject","inLanguage":"fr-FR","@id":"https:\/\/teiaeducation.ch\/fr\/produit\/livret-the-sun-looks-upon-nienhuis-montessori\/#primaryimage","url":"https:\/\/teiaeducation.ch\/wp-content\/uploads\/2019\/02\/523111-scaled-scaled.jpg","contentUrl":"https:\/\/teiaeducation.ch\/wp-content\/uploads\/2019\/02\/523111-scaled-scaled.jpg","width":2048,"height":2048,"caption":"The Sun Looks Upon - Nienhuis Montessori"},{"@type":"BreadcrumbList","@id":"https:\/\/teiaeducation.ch\/fr\/produit\/livret-the-sun-looks-upon-nienhuis-montessori\/#breadcrumb","itemListElement":[{"@type":"ListItem","position":1,"name":"Home","item":"https:\/\/teiaeducation.ch\/fr\/"},{"@type":"ListItem","position":2,"name":"Boutique Teia Education &amp; Play","item":"https:\/\/teiaeducation.ch\/fr\/boutique\/"},{"@type":"ListItem","position":3,"name":"Domaines du Curriculum","item":"https:\/\/teiaeducation.ch\/fr\/categorie-produit\/domaines-du-curriculum\/"},{"@type":"ListItem","position":4,"name":"Culture &amp; Sciences","item":"https:\/\/teiaeducation.ch\/fr\/categorie-produit\/domaines-du-curriculum\/culture-sciences\/"},{"@type":"ListItem","position":5,"name":"La Terre et L'Univers","item":"https:\/\/teiaeducation.ch\/fr\/categorie-produit\/domaines-du-curriculum\/culture-sciences\/terre-et-univers\/"},{"@type":"ListItem","position":6,"name":"Livret: the sun looks upon &#8211; Nienhuis Montessori"}]},{"@type":"WebSite","@id":"https:\/\/teiaeducation.ch\/fr\/#website","url":"https:\/\/teiaeducation.ch\/fr\/","name":"Sustainable Educational Products &amp; Ecological Toys\u00a0","description":"Specialised Swiss shop selling sustainable educational toys and games, AMI certified Montessori materials, handmade ecological wooden Waldorf toys and arts &amp; crafts supplies, school supplies, children&#039;s furniture and Montessori reference and parenting books.","publisher":{"@id":"https:\/\/teiaeducation.ch\/fr\/#organization"},"alternateName":"Teia Education & Play","potentialAction":[{"@type":"SearchAction","target":{"@type":"EntryPoint","urlTemplate":"https:\/\/teiaeducation.ch\/fr\/?s={search_term_string}"},"query-input":{"@type":"PropertyValueSpecification","valueRequired":true,"valueName":"search_term_string"}}],"inLanguage":"fr-FR"},{"@type":"Organization","@id":"https:\/\/teiaeducation.ch\/fr\/#organization","name":"Teia Education & Play","url":"https:\/\/teiaeducation.ch\/fr\/","logo":{"@type":"ImageObject","inLanguage":"fr-FR","@id":"https:\/\/teiaeducation.ch\/fr\/#\/schema\/logo\/image\/","url":"https:\/\/teiaeducation.ch\/wp-content\/uploads\/2020\/11\/Teia-Education-Switzerland-e1620156442216.jpg","contentUrl":"https:\/\/teiaeducation.ch\/wp-content\/uploads\/2020\/11\/Teia-Education-Switzerland-e1620156442216.jpg","width":166,"height":145,"caption":"Teia Education & Play"},"image":{"@id":"https:\/\/teiaeducation.ch\/fr\/#\/schema\/logo\/image\/"},"sameAs":["https:\/\/www.facebook.com\/teiaeducation\/","https:\/\/x.com\/EducationTeia","https:\/\/www.instagram.com\/teia.education\/","https:\/\/www.linkedin.com\/company\/35501660","https:\/\/www.pinterest.ch\/TeiaEducation\/"]}]},"product_price_amount":"20.95","product_price_currency":"CHF","og_availability":"instock","product_availability":"instock","product_retailer_item_id":"00000000000000000000000000000000000000000000003833","product_condition":"new"},"_links":{"self":[{"href":"https:\/\/teiaeducation.ch\/fr\/wp-json\/wp\/v2\/product\/23443","targetHints":{"allow":["GET"]}}],"collection":[{"href":"https:\/\/teiaeducation.ch\/fr\/wp-json\/wp\/v2\/product"}],"about":[{"href":"https:\/\/teiaeducation.ch\/fr\/wp-json\/wp\/v2\/types\/product"}],"replies":[{"embeddable":true,"href":"https:\/\/teiaeducation.ch\/fr\/wp-json\/wp\/v2\/comments?post=23443"}],"wp:featuredmedia":[{"embeddable":true,"href":"https:\/\/teiaeducation.ch\/fr\/wp-json\/wp\/v2\/media\/3873"}],"wp:attachment":[{"href":"https:\/\/teiaeducation.ch\/fr\/wp-json\/wp\/v2\/media?parent=23443"}],"wp:term":[{"taxonomy":"product_brand","embeddable":true,"href":"https:\/\/teiaeducation.ch\/fr\/wp-json\/wp\/v2\/product_brand?post=23443"},{"taxonomy":"product_cat","embeddable":true,"href":"https:\/\/teiaeducation.ch\/fr\/wp-json\/wp\/v2\/product_cat?post=23443"},{"taxonomy":"product_tag","embeddable":true,"href":"https:\/\/teiaeducation.ch\/fr\/wp-json\/wp\/v2\/product_tag?post=23443"}],"curies":[{"name":"wp","href":"https:\/\/api.w.org\/{rel}","templated":true}]}}