{"id":23483,"date":"2021-01-27T14:00:09","date_gmt":"2021-01-27T13:00:09","guid":{"rendered":"https:\/\/teiaeducation.ch\/product\/carte-puzzle-de-la-suisse-nienhuis-montessori\/"},"modified":"2023-06-14T22:17:15","modified_gmt":"2023-06-14T20:17:15","slug":"carte-puzzle-de-la-suisse-nienhuis-montessori","status":"publish","type":"product","link":"https:\/\/teiaeducation.ch\/fr\/produit\/carte-puzzle-de-la-suisse-nienhuis-montessori\/","title":{"rendered":"Carte puzzle cantons de la Suisse &#8211; Nienhuis Montessori"},"content":{"rendered":"<p>Carte puzzle cantons de la Suisse &#8211; Nienhuis Montessori<\/p>\n<p>Gr\u00e2ce \u00e0 des activit\u00e9s sensorielles avec les carte-puzzles Montessori, les enfants commencent \u00e0 construire leur connaissance de la <a href=\"https:\/\/teiaeducation.ch\/fr\/categorie-produit\/marques\/nienhuis-montessori-materiel-fr\/geographie\/\">g\u00e9ographie<\/a> du monde. La carte puzzle de Nienhuis Montessori de la Suisse introduit la structure g\u00e9ographique de la Suisse et peut \u00eatre utilis\u00e9e comme un puzzle, mais les formes de chaque canton peuvent \u00e9galement \u00eatre touch\u00e9es, trac\u00e9es sur le papier et en suite colori\u00e9es. Un autre exercice courant consiste \u00e0 comparer la taille de chaque canton et \u00e0 conna\u00eetre sa situation g\u00e9ographique dans le pays.<\/p>\n<p>Chaque canton suisse a \u00e9t\u00e9 d\u00e9coup\u00e9 avec pr\u00e9cision dans la carte puzzle. Elle comprend les 26 cantons suisses : Appenzell Rhodes-Ext\u00e9rieures, Appenzell Rhodes-Int\u00e9rieures, Argovie, B\u00e2le-Campagne, B\u00e2le-Ville, Berne, Fribourg, Gen\u00e8ve, Glaris, Grisons, Jura, Lucerne, Neuch\u00e2tel, Nidwald, Obwald, Saint-Gall, Schaffhouse, Schwytz, Soleure, Tessin, Thurgovie, d&#8217;Uri, Valais, Vaud, Zoug et Zurich.<\/p>\n<p>La carte puzzle est enti\u00e8rement fait en bois et est d\u00e9coup\u00e9e au laser, ce qui garantit la pr\u00e9cision et un ajustement parfait des pi\u00e8ces qui doivent \u00eatre remplac\u00e9es par celles de la collection de <a href=\"https:\/\/teiaeducation.ch\/fr\/categorie-produit\/appui-au-curriculum\/pieces-detachees-fr\/\">pi\u00e8ces d\u00e9tach\u00e9es<\/a>. Des boutons sp\u00e9cialement con\u00e7us sur chaque pi\u00e8ce du puzzle sont positionn\u00e9s sur l&#8217;emplacement des capitales des cantons suisses.<\/p>\n<p>La marque n\u00e9erlandaise Nienhuis Montessori est la marque leader mondiale Montessori, qui honore et perp\u00e9tue l\u2019h\u00e9ritage de Maria Montessori et fabrique la gamme la plus vaste et la plus innovante du mat\u00e9riel \u00e9ducatif Montessori. Tout les mat\u00e9riaux de Nienhuis Montessori sont certifi\u00e9s par le comit\u00e9 des mat\u00e9riaux de l\u2019Association Montessori Internationale (<a href=\"https:\/\/montessori-ami.org\/\">AMI<\/a>) et sont m\u00e9ticuleusement con\u00e7us pour isoler les difficult\u00e9s afin que les enfants puissent se concentrer, se ma\u00eetriser et s\u2019\u00e9panouir.<\/p>\n<p>Nienhuis Montessori est l\u2019une des marques de la soci\u00e9t\u00e9 n\u00e9erlandaise Heutink International, qui propose les meilleures marques \u00e9ducatives mondiales, sp\u00e9cialis\u00e9s\u00a0dans l\u2019apprentissage par le jeu.<\/p>\n<p>La carte puzzle cantons de la Suisse est adapt\u00e9 aux enfants de 5 ans et plus.<\/p>\n<p>Contenu :<\/p>\n<p>1 carte puzzle (57 x 45 x 2 cm)<\/p>\n<p><em><span class=\"tlid-translation translation\" lang=\"fr\"><span title=\"\">Nous n'avons actuellement pas cet article en stock, mais il est disponible en pr\u00e9-commande.<\/span> <span class=\"\" title=\"\">Nous commanderons cet article pour vous aupr\u00e8s de notre fournisseur.<\/span> <span class=\"\" title=\"\">Veuillez allouer de 2 \u00e0 3 semaines maximum pour la livraison.<\/span><\/span><\/em><\/p>\n\t<div id=\"gap-819344621\" class=\"gap-element clearfix\" style=\"display:block; height:auto;\">\n\t\t\n<style>\n#gap-819344621 {\n  padding-top: 20px;\n}\n<\/style>\n\t<\/div>\n\t\n","protected":false},"excerpt":{"rendered":"<p>Num\u00e9ro d&#8217;article: 0175D0<\/p>\n<p>La carte puzzle cantons de la Suisse de Nienhuis Montessori est r\u00e9alis\u00e9e en bois et introduit la structure g\u00e9ographique de la Suisse.<\/p>\n","protected":false},"featured_media":3642,"comment_status":"closed","ping_status":"closed","template":"","meta":[],"product_brand":[],"product_cat":[8527,215,284,283,8526,272,596,594,638,8567,1218,207,217,599,212],"product_tag":[781,7854,807,650,768,651,646,767,647,648],"class_list":{"0":"post-23483","1":"product","2":"type-product","3":"status-publish","4":"has-post-thumbnail","6":"product_cat-3-6-ans-ecole-a-domicile","7":"product_cat-3-6-ans","8":"product_cat-culture-sciences","9":"product_cat-domaines-du-curriculum","10":"product_cat-fournitures-scolaires-a-domicile","11":"product_cat-geographie","12":"product_cat-geographie-humaine-culture","13":"product_cat-terre-et-univers","14":"product_cat-sens","15":"product_cat-materiel-scolaire-montessori","16":"product_cat-montessori-fr","17":"product_cat-nienhuis-montessori-materiel-fr","18":"product_cat-marques","19":"product_cat-topographie","20":"product_cat-tranche-dage","21":"product_tag-bois-educatif","22":"product_tag-carte-puzzle-de-la-suisse-nienhuis-montessori","23":"product_tag-geographie-montessori","24":"product_tag-jouets-educatifs-suisse","25":"product_tag-materiel-montessori-suisse","26":"product_tag-materiel-pedagogique-suisse","27":"product_tag-montessori-materiels-suisse-fr","28":"product_tag-nienhuis-montessori-suisse-fr-2","29":"product_tag-nienhuis-montessori-suisse-fr","30":"product_tag-produits-educatifs","32":"first","33":"onbackorder","34":"taxable","35":"shipping-taxable","36":"purchasable","37":"product-type-simple"},"yoast_head":"<!-- This site is optimized with the Yoast SEO plugin v27.1.1 - https:\/\/yoast.com\/product\/yoast-seo-wordpress\/ -->\n<title>Carte puzzle cantons de la Suisse - Nienhuis Montessori<\/title>\n<meta name=\"description\" content=\"La carte puzzle cantons de la Suisse de Nienhuis Montessori est r\u00e9alis\u00e9e en bois et introduit la structure g\u00e9ographique de la Suisse.\" \/>\n<meta name=\"robots\" content=\"index, follow, max-snippet:-1, max-image-preview:large, max-video-preview:-1\" \/>\n<link rel=\"canonical\" href=\"https:\/\/teiaeducation.ch\/fr\/produit\/carte-puzzle-de-la-suisse-nienhuis-montessori\/\" \/>\n<meta property=\"og:locale\" content=\"fr_FR\" \/>\n<meta property=\"og:type\" content=\"article\" \/>\n<meta property=\"og:title\" content=\"Carte puzzle cantons de la Suisse - Nienhuis Montessori\" \/>\n<meta property=\"og:description\" content=\"La carte puzzle cantons de la Suisse de Nienhuis Montessori est r\u00e9alis\u00e9e en bois et introduit la structure g\u00e9ographique de la Suisse.\" \/>\n<meta property=\"og:url\" content=\"https:\/\/teiaeducation.ch\/fr\/produit\/carte-puzzle-de-la-suisse-nienhuis-montessori\/\" \/>\n<meta property=\"og:site_name\" content=\"Sustainable Educational Products &amp; Ecological Toys\u00a0\" \/>\n<meta property=\"article:publisher\" content=\"https:\/\/www.facebook.com\/teiaeducation\/\" \/>\n<meta property=\"article:modified_time\" content=\"2023-06-14T20:17:15+00:00\" \/>\n<meta property=\"og:image\" content=\"https:\/\/teiaeducation.ch\/wp-content\/uploads\/2019\/01\/0175D0-scaled-scaled.jpg\" \/>\n\t<meta property=\"og:image:width\" content=\"2048\" \/>\n\t<meta property=\"og:image:height\" content=\"2048\" \/>\n\t<meta property=\"og:image:type\" content=\"image\/jpeg\" \/>\n<script type=\"application\/ld+json\" class=\"yoast-schema-graph\">{\"@context\":\"https:\/\/schema.org\",\"@graph\":[{\"@type\":\"WebPage\",\"@id\":\"https:\/\/teiaeducation.ch\/fr\/produit\/carte-puzzle-de-la-suisse-nienhuis-montessori\/\",\"url\":\"https:\/\/teiaeducation.ch\/fr\/produit\/carte-puzzle-de-la-suisse-nienhuis-montessori\/\",\"name\":\"Carte puzzle cantons de la Suisse - Nienhuis Montessori\",\"isPartOf\":{\"@id\":\"https:\/\/teiaeducation.ch\/fr\/#website\"},\"primaryImageOfPage\":{\"@id\":\"https:\/\/teiaeducation.ch\/fr\/produit\/carte-puzzle-de-la-suisse-nienhuis-montessori\/#primaryimage\"},\"image\":{\"@id\":\"https:\/\/teiaeducation.ch\/fr\/produit\/carte-puzzle-de-la-suisse-nienhuis-montessori\/#primaryimage\"},\"thumbnailUrl\":\"https:\/\/teiaeducation.ch\/wp-content\/uploads\/2019\/01\/0175D0-scaled-scaled.jpg\",\"datePublished\":\"2021-01-27T13:00:09+00:00\",\"dateModified\":\"2023-06-14T20:17:15+00:00\",\"description\":\"La carte puzzle cantons de la Suisse de Nienhuis Montessori est r\u00e9alis\u00e9e en bois et introduit la structure g\u00e9ographique de la Suisse.\",\"breadcrumb\":{\"@id\":\"https:\/\/teiaeducation.ch\/fr\/produit\/carte-puzzle-de-la-suisse-nienhuis-montessori\/#breadcrumb\"},\"inLanguage\":\"fr-FR\",\"potentialAction\":[{\"@type\":\"ReadAction\",\"target\":[\"https:\/\/teiaeducation.ch\/fr\/produit\/carte-puzzle-de-la-suisse-nienhuis-montessori\/\"]}]},{\"@type\":\"ImageObject\",\"inLanguage\":\"fr-FR\",\"@id\":\"https:\/\/teiaeducation.ch\/fr\/produit\/carte-puzzle-de-la-suisse-nienhuis-montessori\/#primaryimage\",\"url\":\"https:\/\/teiaeducation.ch\/wp-content\/uploads\/2019\/01\/0175D0-scaled-scaled.jpg\",\"contentUrl\":\"https:\/\/teiaeducation.ch\/wp-content\/uploads\/2019\/01\/0175D0-scaled-scaled.jpg\",\"width\":2048,\"height\":2048,\"caption\":\"Carte-puzzle de la Suisse - Nienhuis Montessori\"},{\"@type\":\"BreadcrumbList\",\"@id\":\"https:\/\/teiaeducation.ch\/fr\/produit\/carte-puzzle-de-la-suisse-nienhuis-montessori\/#breadcrumb\",\"itemListElement\":[{\"@type\":\"ListItem\",\"position\":1,\"name\":\"Home\",\"item\":\"https:\/\/teiaeducation.ch\/fr\/\"},{\"@type\":\"ListItem\",\"position\":2,\"name\":\"Boutique Teia Education &amp; Play\",\"item\":\"https:\/\/teiaeducation.ch\/fr\/boutique\/\"},{\"@type\":\"ListItem\",\"position\":3,\"name\":\"Nos Marques\",\"item\":\"https:\/\/teiaeducation.ch\/fr\/categorie-produit\/marques\/\"},{\"@type\":\"ListItem\",\"position\":4,\"name\":\"Nienhuis Montessori Suisse\",\"item\":\"https:\/\/teiaeducation.ch\/fr\/categorie-produit\/marques\/nienhuis-montessori-materiel-fr\/\"},{\"@type\":\"ListItem\",\"position\":5,\"name\":\"G\u00e9ographie\",\"item\":\"https:\/\/teiaeducation.ch\/fr\/categorie-produit\/marques\/nienhuis-montessori-materiel-fr\/geographie\/\"},{\"@type\":\"ListItem\",\"position\":6,\"name\":\"Carte puzzle cantons de la Suisse &#8211; Nienhuis Montessori\"}]},{\"@type\":\"WebSite\",\"@id\":\"https:\/\/teiaeducation.ch\/fr\/#website\",\"url\":\"https:\/\/teiaeducation.ch\/fr\/\",\"name\":\"Sustainable Educational Products &amp; Ecological Toys\u00a0\",\"description\":\"Specialised Swiss shop selling sustainable educational toys and games, AMI certified Montessori materials, handmade ecological wooden Waldorf toys and arts &amp; crafts supplies, school supplies, children&#039;s furniture and Montessori reference and parenting books.\",\"publisher\":{\"@id\":\"https:\/\/teiaeducation.ch\/fr\/#organization\"},\"alternateName\":\"Teia Education & Play\",\"potentialAction\":[{\"@type\":\"SearchAction\",\"target\":{\"@type\":\"EntryPoint\",\"urlTemplate\":\"https:\/\/teiaeducation.ch\/fr\/?s={search_term_string}\"},\"query-input\":{\"@type\":\"PropertyValueSpecification\",\"valueRequired\":true,\"valueName\":\"search_term_string\"}}],\"inLanguage\":\"fr-FR\"},{\"@type\":\"Organization\",\"@id\":\"https:\/\/teiaeducation.ch\/fr\/#organization\",\"name\":\"Teia Education & Play\",\"url\":\"https:\/\/teiaeducation.ch\/fr\/\",\"logo\":{\"@type\":\"ImageObject\",\"inLanguage\":\"fr-FR\",\"@id\":\"https:\/\/teiaeducation.ch\/fr\/#\/schema\/logo\/image\/\",\"url\":\"https:\/\/teiaeducation.ch\/wp-content\/uploads\/2020\/11\/Teia-Education-Switzerland-e1620156442216.jpg\",\"contentUrl\":\"https:\/\/teiaeducation.ch\/wp-content\/uploads\/2020\/11\/Teia-Education-Switzerland-e1620156442216.jpg\",\"width\":166,\"height\":145,\"caption\":\"Teia Education & Play\"},\"image\":{\"@id\":\"https:\/\/teiaeducation.ch\/fr\/#\/schema\/logo\/image\/\"},\"sameAs\":[\"https:\/\/www.facebook.com\/teiaeducation\/\",\"https:\/\/x.com\/EducationTeia\",\"https:\/\/www.instagram.com\/teia.education\/\",\"https:\/\/www.linkedin.com\/company\/35501660\",\"https:\/\/www.pinterest.ch\/TeiaEducation\/\"]}]}<\/script>\n<!-- \/ Yoast SEO plugin. -->","yoast_head_json":{"title":"Carte puzzle cantons de la Suisse - Nienhuis Montessori","description":"La carte puzzle cantons de la Suisse de Nienhuis Montessori est r\u00e9alis\u00e9e en bois et introduit la structure g\u00e9ographique de la Suisse.","robots":{"index":"index","follow":"follow","max-snippet":"max-snippet:-1","max-image-preview":"max-image-preview:large","max-video-preview":"max-video-preview:-1"},"canonical":"https:\/\/teiaeducation.ch\/fr\/produit\/carte-puzzle-de-la-suisse-nienhuis-montessori\/","og_locale":"fr_FR","og_type":"article","og_title":"Carte puzzle cantons de la Suisse - Nienhuis Montessori","og_description":"La carte puzzle cantons de la Suisse de Nienhuis Montessori est r\u00e9alis\u00e9e en bois et introduit la structure g\u00e9ographique de la Suisse.","og_url":"https:\/\/teiaeducation.ch\/fr\/produit\/carte-puzzle-de-la-suisse-nienhuis-montessori\/","og_site_name":"Sustainable Educational Products &amp; Ecological Toys\u00a0","article_publisher":"https:\/\/www.facebook.com\/teiaeducation\/","article_modified_time":"2023-06-14T20:17:15+00:00","og_image":[{"width":2048,"height":2048,"url":"https:\/\/teiaeducation.ch\/wp-content\/uploads\/2019\/01\/0175D0-scaled-scaled.jpg","type":"image\/jpeg"}],"schema":{"@context":"https:\/\/schema.org","@graph":[{"@type":"WebPage","@id":"https:\/\/teiaeducation.ch\/fr\/produit\/carte-puzzle-de-la-suisse-nienhuis-montessori\/","url":"https:\/\/teiaeducation.ch\/fr\/produit\/carte-puzzle-de-la-suisse-nienhuis-montessori\/","name":"Carte puzzle cantons de la Suisse - Nienhuis Montessori","isPartOf":{"@id":"https:\/\/teiaeducation.ch\/fr\/#website"},"primaryImageOfPage":{"@id":"https:\/\/teiaeducation.ch\/fr\/produit\/carte-puzzle-de-la-suisse-nienhuis-montessori\/#primaryimage"},"image":{"@id":"https:\/\/teiaeducation.ch\/fr\/produit\/carte-puzzle-de-la-suisse-nienhuis-montessori\/#primaryimage"},"thumbnailUrl":"https:\/\/teiaeducation.ch\/wp-content\/uploads\/2019\/01\/0175D0-scaled-scaled.jpg","datePublished":"2021-01-27T13:00:09+00:00","dateModified":"2023-06-14T20:17:15+00:00","description":"La carte puzzle cantons de la Suisse de Nienhuis Montessori est r\u00e9alis\u00e9e en bois et introduit la structure g\u00e9ographique de la Suisse.","breadcrumb":{"@id":"https:\/\/teiaeducation.ch\/fr\/produit\/carte-puzzle-de-la-suisse-nienhuis-montessori\/#breadcrumb"},"inLanguage":"fr-FR","potentialAction":[{"@type":"ReadAction","target":["https:\/\/teiaeducation.ch\/fr\/produit\/carte-puzzle-de-la-suisse-nienhuis-montessori\/"]}]},{"@type":"ImageObject","inLanguage":"fr-FR","@id":"https:\/\/teiaeducation.ch\/fr\/produit\/carte-puzzle-de-la-suisse-nienhuis-montessori\/#primaryimage","url":"https:\/\/teiaeducation.ch\/wp-content\/uploads\/2019\/01\/0175D0-scaled-scaled.jpg","contentUrl":"https:\/\/teiaeducation.ch\/wp-content\/uploads\/2019\/01\/0175D0-scaled-scaled.jpg","width":2048,"height":2048,"caption":"Carte-puzzle de la Suisse - Nienhuis Montessori"},{"@type":"BreadcrumbList","@id":"https:\/\/teiaeducation.ch\/fr\/produit\/carte-puzzle-de-la-suisse-nienhuis-montessori\/#breadcrumb","itemListElement":[{"@type":"ListItem","position":1,"name":"Home","item":"https:\/\/teiaeducation.ch\/fr\/"},{"@type":"ListItem","position":2,"name":"Boutique Teia Education &amp; Play","item":"https:\/\/teiaeducation.ch\/fr\/boutique\/"},{"@type":"ListItem","position":3,"name":"Nos Marques","item":"https:\/\/teiaeducation.ch\/fr\/categorie-produit\/marques\/"},{"@type":"ListItem","position":4,"name":"Nienhuis Montessori Suisse","item":"https:\/\/teiaeducation.ch\/fr\/categorie-produit\/marques\/nienhuis-montessori-materiel-fr\/"},{"@type":"ListItem","position":5,"name":"G\u00e9ographie","item":"https:\/\/teiaeducation.ch\/fr\/categorie-produit\/marques\/nienhuis-montessori-materiel-fr\/geographie\/"},{"@type":"ListItem","position":6,"name":"Carte puzzle cantons de la Suisse &#8211; Nienhuis Montessori"}]},{"@type":"WebSite","@id":"https:\/\/teiaeducation.ch\/fr\/#website","url":"https:\/\/teiaeducation.ch\/fr\/","name":"Sustainable Educational Products &amp; Ecological Toys\u00a0","description":"Specialised Swiss shop selling sustainable educational toys and games, AMI certified Montessori materials, handmade ecological wooden Waldorf toys and arts &amp; crafts supplies, school supplies, children&#039;s furniture and Montessori reference and parenting books.","publisher":{"@id":"https:\/\/teiaeducation.ch\/fr\/#organization"},"alternateName":"Teia Education & Play","potentialAction":[{"@type":"SearchAction","target":{"@type":"EntryPoint","urlTemplate":"https:\/\/teiaeducation.ch\/fr\/?s={search_term_string}"},"query-input":{"@type":"PropertyValueSpecification","valueRequired":true,"valueName":"search_term_string"}}],"inLanguage":"fr-FR"},{"@type":"Organization","@id":"https:\/\/teiaeducation.ch\/fr\/#organization","name":"Teia Education & Play","url":"https:\/\/teiaeducation.ch\/fr\/","logo":{"@type":"ImageObject","inLanguage":"fr-FR","@id":"https:\/\/teiaeducation.ch\/fr\/#\/schema\/logo\/image\/","url":"https:\/\/teiaeducation.ch\/wp-content\/uploads\/2020\/11\/Teia-Education-Switzerland-e1620156442216.jpg","contentUrl":"https:\/\/teiaeducation.ch\/wp-content\/uploads\/2020\/11\/Teia-Education-Switzerland-e1620156442216.jpg","width":166,"height":145,"caption":"Teia Education & Play"},"image":{"@id":"https:\/\/teiaeducation.ch\/fr\/#\/schema\/logo\/image\/"},"sameAs":["https:\/\/www.facebook.com\/teiaeducation\/","https:\/\/x.com\/EducationTeia","https:\/\/www.instagram.com\/teia.education\/","https:\/\/www.linkedin.com\/company\/35501660","https:\/\/www.pinterest.ch\/TeiaEducation\/"]}]}},"_links":{"self":[{"href":"https:\/\/teiaeducation.ch\/fr\/wp-json\/wp\/v2\/product\/23483","targetHints":{"allow":["GET"]}}],"collection":[{"href":"https:\/\/teiaeducation.ch\/fr\/wp-json\/wp\/v2\/product"}],"about":[{"href":"https:\/\/teiaeducation.ch\/fr\/wp-json\/wp\/v2\/types\/product"}],"replies":[{"embeddable":true,"href":"https:\/\/teiaeducation.ch\/fr\/wp-json\/wp\/v2\/comments?post=23483"}],"wp:featuredmedia":[{"embeddable":true,"href":"https:\/\/teiaeducation.ch\/fr\/wp-json\/wp\/v2\/media\/3642"}],"wp:attachment":[{"href":"https:\/\/teiaeducation.ch\/fr\/wp-json\/wp\/v2\/media?parent=23483"}],"wp:term":[{"taxonomy":"product_brand","embeddable":true,"href":"https:\/\/teiaeducation.ch\/fr\/wp-json\/wp\/v2\/product_brand?post=23483"},{"taxonomy":"product_cat","embeddable":true,"href":"https:\/\/teiaeducation.ch\/fr\/wp-json\/wp\/v2\/product_cat?post=23483"},{"taxonomy":"product_tag","embeddable":true,"href":"https:\/\/teiaeducation.ch\/fr\/wp-json\/wp\/v2\/product_tag?post=23483"}],"curies":[{"name":"wp","href":"https:\/\/api.w.org\/{rel}","templated":true}]}}