{"id":23484,"date":"2021-01-26T09:29:31","date_gmt":"2021-01-26T08:29:31","guid":{"rendered":"https:\/\/teiaeducation.ch\/product\/animaux-du-monde-nienhuis-montessori\/"},"modified":"2020-04-26T23:12:09","modified_gmt":"2020-04-26T21:12:09","slug":"animaux-du-monde-nienhuis-montessori","status":"publish","type":"product","link":"https:\/\/teiaeducation.ch\/fr\/produit\/animaux-du-monde-nienhuis-montessori\/","title":{"rendered":"Animaux du monde &#8211; Nienhuis Montessori"},"content":{"rendered":"<p>Animaux du monde &#8211; Nienhuis Montessori<\/p>\n<p>Animaux du monde de Nienhuis Montessori est un ensemble compl\u00e9mentaire \u00e0 la bo\u00eete des <a href=\"https:\/\/teiaeducation.ch\/fr\/produit\/boite-animaux-des-continents-nienhuis-montessori\/\">animaux des continents<\/a>. Con\u00e7u pour les enfants sachant lire, animaux du monde comprend du mat\u00e9riel illustrant et d\u00e9crivant les quatre esp\u00e8ces d&#8217;animaux de chacun des sept continents : vingt-huit cartes avec descriptions d&#8217;animaux, vingt-huit cartes illustr\u00e9es, sept cartes \u00e0 onglets de continents et un livret de contr\u00f4le reli\u00e9 en spirale.<\/p>\n<p>Faisant partie du mat\u00e9riel de biologie Montessori, l&#8217;ensemble des animaux du monde constitue une premi\u00e8re introduction aux esp\u00e8ces animales de chacun des sept continents du monde. En travaillant avec la bo\u00eete des continents animaux, et en r\u00e9fl\u00e9chissant aux continents, l&#8217;enfant est inspir\u00e9 \u00e0 travailler avec la carte-puzzle de parties du <a href=\"https:\/\/teiaeducation.ch\/fr\/produit\/carte-puzzle-des-parties-du-monde-nienhuis-montessori\/\">monde<\/a>.<\/p>\n<p>Ce mat\u00e9riel est adapt\u00e9 aux enfants de 6 ans et plus.<\/p>\n<p>Contenu :<\/p>\n<p>Descriptions de 28 animaux<br \/>\n28 cartes illustr\u00e9es<br \/>\n7 cartes \u00e0 onglet continent<br \/>\n1 livret de contr\u00f4le \u00e0 reliure spirale<br \/>\n1 bo\u00eete de rangement en bois<br \/>\nManuel d&#8217;instructions<\/p>\n<p><em><span class=\"tlid-translation translation\" lang=\"fr\"><span title=\"\">Nous n'avons actuellement pas cet article en stock, mais il est disponible en pr\u00e9-commande.<\/span> <span class=\"\" title=\"\">Nous commanderons cet article pour vous aupr\u00e8s de notre fournisseur.<\/span> <span class=\"\" title=\"\">Veuillez allouer de 2 \u00e0 3 semaines maximum pour la livraison.<\/span><\/span><\/em><\/p>\n\t<div id=\"gap-842206959\" class=\"gap-element clearfix\" style=\"display:block; height:auto;\">\n\t\t\n<style>\n#gap-842206959 {\n  padding-top: 20px;\n}\n<\/style>\n\t<\/div>\n\t\n","protected":false},"excerpt":{"rendered":"<p>Num\u00e9ro d&#8217;article : 066601<\/p>\n","protected":false},"featured_media":3650,"comment_status":"closed","ping_status":"closed","template":"","meta":[],"product_brand":[],"product_cat":[216,285,270,284,283,268,293,272,592,594,7595,1218,207,217,292,599,212,612],"product_tag":[7855,781,807,650,768,651,646,1114,647,767],"class_list":{"0":"post-23484","1":"product","2":"type-product","3":"status-publish","4":"has-post-thumbnail","6":"product_cat-6-12-ans","7":"product_cat-alphabetisation-langage","8":"product_cat-biologie","9":"product_cat-culture-sciences","10":"product_cat-domaines-du-curriculum","11":"product_cat-enrichissements","12":"product_cat-ensembles-dactivites","13":"product_cat-geographie","14":"product_cat-geographie-animale","15":"product_cat-terre-et-univers","16":"product_cat-methode-deducation","17":"product_cat-montessori-fr","18":"product_cat-nienhuis-montessori-materiel-fr","19":"product_cat-marques","20":"product_cat-appui-au-curriculum","21":"product_cat-topographie","22":"product_cat-tranche-dage","23":"product_cat-vocabulaire-fr","24":"product_tag-animaux-du-monde-nienhuis-montessori","25":"product_tag-bois-educatif","26":"product_tag-geographie-montessori","27":"product_tag-jouets-educatifs-suisse","28":"product_tag-materiel-montessori-suisse","29":"product_tag-materiel-pedagogique-suisse","30":"product_tag-montessori-materiels-suisse-fr","31":"product_tag-nienhuis-montessori-biologie","32":"product_tag-nienhuis-montessori-suisse-fr","33":"product_tag-nienhuis-montessori-suisse-fr-2","35":"first","36":"onbackorder","37":"taxable","38":"shipping-taxable","39":"purchasable","40":"product-type-simple"},"yoast_head":"<!-- This site is optimized with the Yoast SEO plugin v27.1.1 - https:\/\/yoast.com\/product\/yoast-seo-wordpress\/ -->\n<title>Animaux du monde - Nienhuis Montessori<\/title>\n<meta name=\"description\" content=\"Animaux du monde de Nienhuis Montessori est un ensemble compl\u00e9mentaire \u00e0 la bo\u00eete des animaux des continents et d\u00e9crivant 28 esp\u00e8ces d&#039;animaux.\" \/>\n<meta name=\"robots\" content=\"index, follow, max-snippet:-1, max-image-preview:large, max-video-preview:-1\" \/>\n<link rel=\"canonical\" href=\"https:\/\/teiaeducation.ch\/fr\/produit\/animaux-du-monde-nienhuis-montessori\/\" \/>\n<meta property=\"og:locale\" content=\"fr_FR\" \/>\n<meta property=\"og:type\" content=\"article\" \/>\n<meta property=\"og:title\" content=\"Animaux du monde - Nienhuis Montessori\" \/>\n<meta property=\"og:description\" content=\"Animaux du monde de Nienhuis Montessori est un ensemble compl\u00e9mentaire \u00e0 la bo\u00eete des animaux des continents et d\u00e9crivant 28 esp\u00e8ces d&#039;animaux.\" \/>\n<meta property=\"og:url\" content=\"https:\/\/teiaeducation.ch\/fr\/produit\/animaux-du-monde-nienhuis-montessori\/\" \/>\n<meta property=\"og:site_name\" content=\"Sustainable Educational Products &amp; Ecological Toys\u00a0\" \/>\n<meta property=\"article:publisher\" content=\"https:\/\/www.facebook.com\/teiaeducation\/\" \/>\n<meta property=\"og:image\" content=\"https:\/\/teiaeducation.ch\/wp-content\/uploads\/2019\/01\/066601-1-scaled-scaled.jpg\" \/>\n\t<meta property=\"og:image:width\" content=\"2048\" \/>\n\t<meta property=\"og:image:height\" content=\"2048\" \/>\n\t<meta property=\"og:image:type\" content=\"image\/jpeg\" \/>\n<script type=\"application\/ld+json\" class=\"yoast-schema-graph\">{\"@context\":\"https:\/\/schema.org\",\"@graph\":[{\"@type\":\"WebPage\",\"@id\":\"https:\/\/teiaeducation.ch\/fr\/produit\/animaux-du-monde-nienhuis-montessori\/\",\"url\":\"https:\/\/teiaeducation.ch\/fr\/produit\/animaux-du-monde-nienhuis-montessori\/\",\"name\":\"Animaux du monde - Nienhuis Montessori\",\"isPartOf\":{\"@id\":\"https:\/\/teiaeducation.ch\/fr\/#website\"},\"primaryImageOfPage\":{\"@id\":\"https:\/\/teiaeducation.ch\/fr\/produit\/animaux-du-monde-nienhuis-montessori\/#primaryimage\"},\"image\":{\"@id\":\"https:\/\/teiaeducation.ch\/fr\/produit\/animaux-du-monde-nienhuis-montessori\/#primaryimage\"},\"thumbnailUrl\":\"https:\/\/teiaeducation.ch\/wp-content\/uploads\/2019\/01\/066601-1-scaled-scaled.jpg\",\"datePublished\":\"2021-01-26T08:29:31+00:00\",\"description\":\"Animaux du monde de Nienhuis Montessori est un ensemble compl\u00e9mentaire \u00e0 la bo\u00eete des animaux des continents et d\u00e9crivant 28 esp\u00e8ces d'animaux.\",\"breadcrumb\":{\"@id\":\"https:\/\/teiaeducation.ch\/fr\/produit\/animaux-du-monde-nienhuis-montessori\/#breadcrumb\"},\"inLanguage\":\"fr-FR\",\"potentialAction\":[{\"@type\":\"ReadAction\",\"target\":[\"https:\/\/teiaeducation.ch\/fr\/produit\/animaux-du-monde-nienhuis-montessori\/\"]}]},{\"@type\":\"ImageObject\",\"inLanguage\":\"fr-FR\",\"@id\":\"https:\/\/teiaeducation.ch\/fr\/produit\/animaux-du-monde-nienhuis-montessori\/#primaryimage\",\"url\":\"https:\/\/teiaeducation.ch\/wp-content\/uploads\/2019\/01\/066601-1-scaled-scaled.jpg\",\"contentUrl\":\"https:\/\/teiaeducation.ch\/wp-content\/uploads\/2019\/01\/066601-1-scaled-scaled.jpg\",\"width\":2048,\"height\":2048,\"caption\":\"Animaux du monde - Nienhuis Montessori\"},{\"@type\":\"BreadcrumbList\",\"@id\":\"https:\/\/teiaeducation.ch\/fr\/produit\/animaux-du-monde-nienhuis-montessori\/#breadcrumb\",\"itemListElement\":[{\"@type\":\"ListItem\",\"position\":1,\"name\":\"Home\",\"item\":\"https:\/\/teiaeducation.ch\/fr\/\"},{\"@type\":\"ListItem\",\"position\":2,\"name\":\"Boutique Teia Education &amp; Play\",\"item\":\"https:\/\/teiaeducation.ch\/fr\/boutique\/\"},{\"@type\":\"ListItem\",\"position\":3,\"name\":\"Nos Marques\",\"item\":\"https:\/\/teiaeducation.ch\/fr\/categorie-produit\/marques\/\"},{\"@type\":\"ListItem\",\"position\":4,\"name\":\"Nienhuis Montessori Suisse\",\"item\":\"https:\/\/teiaeducation.ch\/fr\/categorie-produit\/marques\/nienhuis-montessori-materiel-fr\/\"},{\"@type\":\"ListItem\",\"position\":5,\"name\":\"G\u00e9ographie\",\"item\":\"https:\/\/teiaeducation.ch\/fr\/categorie-produit\/marques\/nienhuis-montessori-materiel-fr\/geographie\/\"},{\"@type\":\"ListItem\",\"position\":6,\"name\":\"Animaux du monde &#8211; Nienhuis Montessori\"}]},{\"@type\":\"WebSite\",\"@id\":\"https:\/\/teiaeducation.ch\/fr\/#website\",\"url\":\"https:\/\/teiaeducation.ch\/fr\/\",\"name\":\"Sustainable Educational Products &amp; Ecological Toys\u00a0\",\"description\":\"Specialised Swiss shop selling sustainable educational toys and games, AMI certified Montessori materials, handmade ecological wooden Waldorf toys and arts &amp; crafts supplies, school supplies, children&#039;s furniture and Montessori reference and parenting books.\",\"publisher\":{\"@id\":\"https:\/\/teiaeducation.ch\/fr\/#organization\"},\"alternateName\":\"Teia Education & Play\",\"potentialAction\":[{\"@type\":\"SearchAction\",\"target\":{\"@type\":\"EntryPoint\",\"urlTemplate\":\"https:\/\/teiaeducation.ch\/fr\/?s={search_term_string}\"},\"query-input\":{\"@type\":\"PropertyValueSpecification\",\"valueRequired\":true,\"valueName\":\"search_term_string\"}}],\"inLanguage\":\"fr-FR\"},{\"@type\":\"Organization\",\"@id\":\"https:\/\/teiaeducation.ch\/fr\/#organization\",\"name\":\"Teia Education & Play\",\"url\":\"https:\/\/teiaeducation.ch\/fr\/\",\"logo\":{\"@type\":\"ImageObject\",\"inLanguage\":\"fr-FR\",\"@id\":\"https:\/\/teiaeducation.ch\/fr\/#\/schema\/logo\/image\/\",\"url\":\"https:\/\/teiaeducation.ch\/wp-content\/uploads\/2020\/11\/Teia-Education-Switzerland-e1620156442216.jpg\",\"contentUrl\":\"https:\/\/teiaeducation.ch\/wp-content\/uploads\/2020\/11\/Teia-Education-Switzerland-e1620156442216.jpg\",\"width\":166,\"height\":145,\"caption\":\"Teia Education & Play\"},\"image\":{\"@id\":\"https:\/\/teiaeducation.ch\/fr\/#\/schema\/logo\/image\/\"},\"sameAs\":[\"https:\/\/www.facebook.com\/teiaeducation\/\",\"https:\/\/x.com\/EducationTeia\",\"https:\/\/www.instagram.com\/teia.education\/\",\"https:\/\/www.linkedin.com\/company\/35501660\",\"https:\/\/www.pinterest.ch\/TeiaEducation\/\"]}]}<\/script>\n<!-- \/ Yoast SEO plugin. -->","yoast_head_json":{"title":"Animaux du monde - Nienhuis Montessori","description":"Animaux du monde de Nienhuis Montessori est un ensemble compl\u00e9mentaire \u00e0 la bo\u00eete des animaux des continents et d\u00e9crivant 28 esp\u00e8ces d'animaux.","robots":{"index":"index","follow":"follow","max-snippet":"max-snippet:-1","max-image-preview":"max-image-preview:large","max-video-preview":"max-video-preview:-1"},"canonical":"https:\/\/teiaeducation.ch\/fr\/produit\/animaux-du-monde-nienhuis-montessori\/","og_locale":"fr_FR","og_type":"article","og_title":"Animaux du monde - Nienhuis Montessori","og_description":"Animaux du monde de Nienhuis Montessori est un ensemble compl\u00e9mentaire \u00e0 la bo\u00eete des animaux des continents et d\u00e9crivant 28 esp\u00e8ces d'animaux.","og_url":"https:\/\/teiaeducation.ch\/fr\/produit\/animaux-du-monde-nienhuis-montessori\/","og_site_name":"Sustainable Educational Products &amp; Ecological Toys\u00a0","article_publisher":"https:\/\/www.facebook.com\/teiaeducation\/","og_image":[{"width":2048,"height":2048,"url":"https:\/\/teiaeducation.ch\/wp-content\/uploads\/2019\/01\/066601-1-scaled-scaled.jpg","type":"image\/jpeg"}],"schema":{"@context":"https:\/\/schema.org","@graph":[{"@type":"WebPage","@id":"https:\/\/teiaeducation.ch\/fr\/produit\/animaux-du-monde-nienhuis-montessori\/","url":"https:\/\/teiaeducation.ch\/fr\/produit\/animaux-du-monde-nienhuis-montessori\/","name":"Animaux du monde - Nienhuis Montessori","isPartOf":{"@id":"https:\/\/teiaeducation.ch\/fr\/#website"},"primaryImageOfPage":{"@id":"https:\/\/teiaeducation.ch\/fr\/produit\/animaux-du-monde-nienhuis-montessori\/#primaryimage"},"image":{"@id":"https:\/\/teiaeducation.ch\/fr\/produit\/animaux-du-monde-nienhuis-montessori\/#primaryimage"},"thumbnailUrl":"https:\/\/teiaeducation.ch\/wp-content\/uploads\/2019\/01\/066601-1-scaled-scaled.jpg","datePublished":"2021-01-26T08:29:31+00:00","description":"Animaux du monde de Nienhuis Montessori est un ensemble compl\u00e9mentaire \u00e0 la bo\u00eete des animaux des continents et d\u00e9crivant 28 esp\u00e8ces d'animaux.","breadcrumb":{"@id":"https:\/\/teiaeducation.ch\/fr\/produit\/animaux-du-monde-nienhuis-montessori\/#breadcrumb"},"inLanguage":"fr-FR","potentialAction":[{"@type":"ReadAction","target":["https:\/\/teiaeducation.ch\/fr\/produit\/animaux-du-monde-nienhuis-montessori\/"]}]},{"@type":"ImageObject","inLanguage":"fr-FR","@id":"https:\/\/teiaeducation.ch\/fr\/produit\/animaux-du-monde-nienhuis-montessori\/#primaryimage","url":"https:\/\/teiaeducation.ch\/wp-content\/uploads\/2019\/01\/066601-1-scaled-scaled.jpg","contentUrl":"https:\/\/teiaeducation.ch\/wp-content\/uploads\/2019\/01\/066601-1-scaled-scaled.jpg","width":2048,"height":2048,"caption":"Animaux du monde - Nienhuis Montessori"},{"@type":"BreadcrumbList","@id":"https:\/\/teiaeducation.ch\/fr\/produit\/animaux-du-monde-nienhuis-montessori\/#breadcrumb","itemListElement":[{"@type":"ListItem","position":1,"name":"Home","item":"https:\/\/teiaeducation.ch\/fr\/"},{"@type":"ListItem","position":2,"name":"Boutique Teia Education &amp; Play","item":"https:\/\/teiaeducation.ch\/fr\/boutique\/"},{"@type":"ListItem","position":3,"name":"Nos Marques","item":"https:\/\/teiaeducation.ch\/fr\/categorie-produit\/marques\/"},{"@type":"ListItem","position":4,"name":"Nienhuis Montessori Suisse","item":"https:\/\/teiaeducation.ch\/fr\/categorie-produit\/marques\/nienhuis-montessori-materiel-fr\/"},{"@type":"ListItem","position":5,"name":"G\u00e9ographie","item":"https:\/\/teiaeducation.ch\/fr\/categorie-produit\/marques\/nienhuis-montessori-materiel-fr\/geographie\/"},{"@type":"ListItem","position":6,"name":"Animaux du monde &#8211; Nienhuis Montessori"}]},{"@type":"WebSite","@id":"https:\/\/teiaeducation.ch\/fr\/#website","url":"https:\/\/teiaeducation.ch\/fr\/","name":"Sustainable Educational Products &amp; Ecological Toys\u00a0","description":"Specialised Swiss shop selling sustainable educational toys and games, AMI certified Montessori materials, handmade ecological wooden Waldorf toys and arts &amp; crafts supplies, school supplies, children&#039;s furniture and Montessori reference and parenting books.","publisher":{"@id":"https:\/\/teiaeducation.ch\/fr\/#organization"},"alternateName":"Teia Education & Play","potentialAction":[{"@type":"SearchAction","target":{"@type":"EntryPoint","urlTemplate":"https:\/\/teiaeducation.ch\/fr\/?s={search_term_string}"},"query-input":{"@type":"PropertyValueSpecification","valueRequired":true,"valueName":"search_term_string"}}],"inLanguage":"fr-FR"},{"@type":"Organization","@id":"https:\/\/teiaeducation.ch\/fr\/#organization","name":"Teia Education & Play","url":"https:\/\/teiaeducation.ch\/fr\/","logo":{"@type":"ImageObject","inLanguage":"fr-FR","@id":"https:\/\/teiaeducation.ch\/fr\/#\/schema\/logo\/image\/","url":"https:\/\/teiaeducation.ch\/wp-content\/uploads\/2020\/11\/Teia-Education-Switzerland-e1620156442216.jpg","contentUrl":"https:\/\/teiaeducation.ch\/wp-content\/uploads\/2020\/11\/Teia-Education-Switzerland-e1620156442216.jpg","width":166,"height":145,"caption":"Teia Education & Play"},"image":{"@id":"https:\/\/teiaeducation.ch\/fr\/#\/schema\/logo\/image\/"},"sameAs":["https:\/\/www.facebook.com\/teiaeducation\/","https:\/\/x.com\/EducationTeia","https:\/\/www.instagram.com\/teia.education\/","https:\/\/www.linkedin.com\/company\/35501660","https:\/\/www.pinterest.ch\/TeiaEducation\/"]}]}},"_links":{"self":[{"href":"https:\/\/teiaeducation.ch\/fr\/wp-json\/wp\/v2\/product\/23484","targetHints":{"allow":["GET"]}}],"collection":[{"href":"https:\/\/teiaeducation.ch\/fr\/wp-json\/wp\/v2\/product"}],"about":[{"href":"https:\/\/teiaeducation.ch\/fr\/wp-json\/wp\/v2\/types\/product"}],"replies":[{"embeddable":true,"href":"https:\/\/teiaeducation.ch\/fr\/wp-json\/wp\/v2\/comments?post=23484"}],"wp:featuredmedia":[{"embeddable":true,"href":"https:\/\/teiaeducation.ch\/fr\/wp-json\/wp\/v2\/media\/3650"}],"wp:attachment":[{"href":"https:\/\/teiaeducation.ch\/fr\/wp-json\/wp\/v2\/media?parent=23484"}],"wp:term":[{"taxonomy":"product_brand","embeddable":true,"href":"https:\/\/teiaeducation.ch\/fr\/wp-json\/wp\/v2\/product_brand?post=23484"},{"taxonomy":"product_cat","embeddable":true,"href":"https:\/\/teiaeducation.ch\/fr\/wp-json\/wp\/v2\/product_cat?post=23484"},{"taxonomy":"product_tag","embeddable":true,"href":"https:\/\/teiaeducation.ch\/fr\/wp-json\/wp\/v2\/product_tag?post=23484"}],"curies":[{"name":"wp","href":"https:\/\/api.w.org\/{rel}","templated":true}]}}