{"id":23485,"date":"2021-01-26T09:30:01","date_gmt":"2021-01-26T08:30:01","guid":{"rendered":"https:\/\/teiaeducation.ch\/product\/boite-des-animaux-des-continents-nienhuis-montessori\/"},"modified":"2024-05-02T23:03:18","modified_gmt":"2024-05-02T21:03:18","slug":"boite-animaux-des-continents-nienhuis-montessori","status":"publish","type":"product","link":"https:\/\/teiaeducation.ch\/fr\/produit\/boite-animaux-des-continents-nienhuis-montessori\/","title":{"rendered":"Bo\u00eete animaux des continents &#8211; Nienhuis Montessori"},"content":{"rendered":"<p>Bo\u00eete animaux des continents &#8211; Nienhuis Montessori<\/p>\n<p>La boite animaux des continents de Nienhuis Montessori comprend vingt-huit animaux en plastique de haute qualit\u00e9, d&#8217;aspect r\u00e9aliste et \u00e0 l&#8217;\u00e9chelle, quatre animaux pour chaque continent. L&#8217;ensemble comprend aussi sept cartes de noms de continents en plastique, vingt-huit \u00e9tiquettes, une carte de copie et un manuel d&#8217;instructions, tous log\u00e9s dans deux bo\u00eetes en bois de h\u00eatre. Cet ensemble ne comprend pas le\u00a0<a href=\"https:\/\/teiaeducation.ch\/fr\/produit\/globe-colore-des-parties-du-monde-nienhuis-montessori\/\">globe color\u00e9<\/a> des parties du monde.<\/p>\n<p>Travailler avec ce mat\u00e9riel repr\u00e9sente une premi\u00e8re introduction aux esp\u00e8ces animales de chacun des sept continents du monde. En travaillant avec la bo\u00eete des continents animaux, et en r\u00e9fl\u00e9chissant aux continents, l&#8217;enfant est inspir\u00e9 \u00e0 travailler avec la carte-puzzle de parties du <a href=\"https:\/\/teiaeducation.ch\/fr\/produit\/carte-puzzle-des-parties-du-monde-nienhuis-montessori\/\">monde<\/a>. Un ensemble compl\u00e9mentaire \u00e0 la bo\u00eete des continents animaux ; l&#8217;ensemble <a href=\"https:\/\/teiaeducation.ch\/fr\/produit\/animaux-du-monde-nienhuis-montessori\/\">animaux du monde<\/a> est \u00e9galement disponible s\u00e9par\u00e9ment.<\/p>\n<p>Ce mat\u00e9riel convient aux enfants de 4 ans et plus.<\/p>\n<p>Contenu :<\/p>\n<p>28 animaux en plastique de haute qualit\u00e9<br \/>\n7 cartes d&#8217;identit\u00e9 continentales en plastique<br \/>\n28 cartes d&#8217;\u00e9tiquettes<br \/>\n1 carte de copie<br \/>\n2 nichoirs en bois de h\u00eatre (31 x 24,5 x 7 cm chacun)<br \/>\nManuel d&#8217;instructions<br \/>\n* Le globe des continents n&#8217;est pas inclus<\/p>\n<p><em><span class=\"tlid-translation translation\" lang=\"fr\"><span title=\"\">Nous n'avons actuellement pas cet article en stock, mais il est disponible en pr\u00e9-commande.<\/span> <span class=\"\" title=\"\">Nous commanderons cet article pour vous aupr\u00e8s de notre fournisseur.<\/span> <span class=\"\" title=\"\">Veuillez allouer de 2 \u00e0 3 semaines maximum pour la livraison.<\/span><\/span><\/em><\/p>\n\t<div id=\"gap-2090522255\" class=\"gap-element clearfix\" style=\"display:block; height:auto;\">\n\t\t\n<style>\n#gap-2090522255 {\n  padding-top: 20px;\n}\n<\/style>\n\t<\/div>\n\t\n","protected":false},"excerpt":{"rendered":"<p>Num\u00e9ro d&#8217;article: 066501<\/p>\n","protected":false},"featured_media":52638,"comment_status":"closed","ping_status":"closed","template":"","meta":[],"product_brand":[],"product_cat":[8527,215,216,285,270,284,283,268,293,8526,272,592,594,8567,7595,1218,207,217,292,599,212,612],"product_tag":[7856,807,650,768,651,646,767,647],"class_list":{"0":"post-23485","1":"product","2":"type-product","3":"status-publish","4":"has-post-thumbnail","6":"product_cat-3-6-ans-ecole-a-domicile","7":"product_cat-3-6-ans","8":"product_cat-6-12-ans","9":"product_cat-alphabetisation-langage","10":"product_cat-biologie","11":"product_cat-culture-sciences","12":"product_cat-domaines-du-curriculum","13":"product_cat-enrichissements","14":"product_cat-ensembles-dactivites","15":"product_cat-fournitures-scolaires-a-domicile","16":"product_cat-geographie","17":"product_cat-geographie-animale","18":"product_cat-terre-et-univers","19":"product_cat-materiel-scolaire-montessori","20":"product_cat-methode-deducation","21":"product_cat-montessori-fr","22":"product_cat-nienhuis-montessori-materiel-fr","23":"product_cat-marques","24":"product_cat-appui-au-curriculum","25":"product_cat-topographie","26":"product_cat-tranche-dage","27":"product_cat-vocabulaire-fr","28":"product_tag-boite-des-animaux-des-continents-nienhuis-montessori","29":"product_tag-geographie-montessori","30":"product_tag-jouets-educatifs-suisse","31":"product_tag-materiel-montessori-suisse","32":"product_tag-materiel-pedagogique-suisse","33":"product_tag-montessori-materiels-suisse-fr","34":"product_tag-nienhuis-montessori-suisse-fr-2","35":"product_tag-nienhuis-montessori-suisse-fr","37":"first","38":"onbackorder","39":"taxable","40":"shipping-taxable","41":"purchasable","42":"product-type-simple"},"yoast_head":"<!-- This site is optimized with the Yoast SEO plugin v27.1.1 - https:\/\/yoast.com\/product\/yoast-seo-wordpress\/ -->\n<title>Bo\u00eete animaux des continents - Nienhuis Montessori - Teia Education &amp; Play<\/title>\n<meta name=\"description\" content=\"La boite animaux des continents de Nienhuis Montessori est une premi\u00e8re introduction aux esp\u00e8ces animales de chacun des sept continents du monde.\" \/>\n<meta name=\"robots\" content=\"index, follow, max-snippet:-1, max-image-preview:large, max-video-preview:-1\" \/>\n<link rel=\"canonical\" href=\"https:\/\/teiaeducation.ch\/fr\/produit\/boite-animaux-des-continents-nienhuis-montessori\/\" \/>\n<meta property=\"og:locale\" content=\"fr_FR\" \/>\n<meta property=\"og:type\" content=\"article\" \/>\n<meta property=\"og:title\" content=\"Bo\u00eete animaux des continents - Nienhuis Montessori - Teia Education &amp; Play\" \/>\n<meta property=\"og:description\" content=\"La boite animaux des continents de Nienhuis Montessori est une premi\u00e8re introduction aux esp\u00e8ces animales de chacun des sept continents du monde.\" \/>\n<meta property=\"og:url\" content=\"https:\/\/teiaeducation.ch\/fr\/produit\/boite-animaux-des-continents-nienhuis-montessori\/\" \/>\n<meta property=\"og:site_name\" content=\"Sustainable Educational Products &amp; Ecological Toys\u00a0\" \/>\n<meta property=\"article:publisher\" content=\"https:\/\/www.facebook.com\/teiaeducation\/\" \/>\n<meta property=\"article:modified_time\" content=\"2024-05-02T21:03:18+00:00\" \/>\n<meta property=\"og:image\" content=\"https:\/\/teiaeducation.ch\/wp-content\/uploads\/2021\/01\/Montessori-geography-material-The-animal-continent-box-Nienhuis-Montessori-scaled.jpg\" \/>\n\t<meta property=\"og:image:width\" content=\"2048\" \/>\n\t<meta property=\"og:image:height\" content=\"2048\" \/>\n\t<meta property=\"og:image:type\" content=\"image\/jpeg\" \/>\n<script type=\"application\/ld+json\" class=\"yoast-schema-graph\">{\"@context\":\"https:\/\/schema.org\",\"@graph\":[{\"@type\":\"WebPage\",\"@id\":\"https:\/\/teiaeducation.ch\/fr\/produit\/boite-animaux-des-continents-nienhuis-montessori\/\",\"url\":\"https:\/\/teiaeducation.ch\/fr\/produit\/boite-animaux-des-continents-nienhuis-montessori\/\",\"name\":\"Bo\u00eete animaux des continents - Nienhuis Montessori - Teia Education & Play\",\"isPartOf\":{\"@id\":\"https:\/\/teiaeducation.ch\/fr\/#website\"},\"primaryImageOfPage\":{\"@id\":\"https:\/\/teiaeducation.ch\/fr\/produit\/boite-animaux-des-continents-nienhuis-montessori\/#primaryimage\"},\"image\":{\"@id\":\"https:\/\/teiaeducation.ch\/fr\/produit\/boite-animaux-des-continents-nienhuis-montessori\/#primaryimage\"},\"thumbnailUrl\":\"https:\/\/teiaeducation.ch\/wp-content\/uploads\/2021\/01\/Montessori-geography-material-The-animal-continent-box-Nienhuis-Montessori-scaled.jpg\",\"datePublished\":\"2021-01-26T08:30:01+00:00\",\"dateModified\":\"2024-05-02T21:03:18+00:00\",\"description\":\"La boite animaux des continents de Nienhuis Montessori est une premi\u00e8re introduction aux esp\u00e8ces animales de chacun des sept continents du monde.\",\"breadcrumb\":{\"@id\":\"https:\/\/teiaeducation.ch\/fr\/produit\/boite-animaux-des-continents-nienhuis-montessori\/#breadcrumb\"},\"inLanguage\":\"fr-FR\",\"potentialAction\":[{\"@type\":\"ReadAction\",\"target\":[\"https:\/\/teiaeducation.ch\/fr\/produit\/boite-animaux-des-continents-nienhuis-montessori\/\"]}]},{\"@type\":\"ImageObject\",\"inLanguage\":\"fr-FR\",\"@id\":\"https:\/\/teiaeducation.ch\/fr\/produit\/boite-animaux-des-continents-nienhuis-montessori\/#primaryimage\",\"url\":\"https:\/\/teiaeducation.ch\/wp-content\/uploads\/2021\/01\/Montessori-geography-material-The-animal-continent-box-Nienhuis-Montessori-scaled.jpg\",\"contentUrl\":\"https:\/\/teiaeducation.ch\/wp-content\/uploads\/2021\/01\/Montessori-geography-material-The-animal-continent-box-Nienhuis-Montessori-scaled.jpg\",\"width\":2048,\"height\":2048,\"caption\":\"Montessori geography material The animal continent box Nienhuis Montessori\"},{\"@type\":\"BreadcrumbList\",\"@id\":\"https:\/\/teiaeducation.ch\/fr\/produit\/boite-animaux-des-continents-nienhuis-montessori\/#breadcrumb\",\"itemListElement\":[{\"@type\":\"ListItem\",\"position\":1,\"name\":\"Home\",\"item\":\"https:\/\/teiaeducation.ch\/fr\/\"},{\"@type\":\"ListItem\",\"position\":2,\"name\":\"Boutique Teia Education &amp; Play\",\"item\":\"https:\/\/teiaeducation.ch\/fr\/boutique\/\"},{\"@type\":\"ListItem\",\"position\":3,\"name\":\"Nos Marques\",\"item\":\"https:\/\/teiaeducation.ch\/fr\/categorie-produit\/marques\/\"},{\"@type\":\"ListItem\",\"position\":4,\"name\":\"Nienhuis Montessori Suisse\",\"item\":\"https:\/\/teiaeducation.ch\/fr\/categorie-produit\/marques\/nienhuis-montessori-materiel-fr\/\"},{\"@type\":\"ListItem\",\"position\":5,\"name\":\"G\u00e9ographie\",\"item\":\"https:\/\/teiaeducation.ch\/fr\/categorie-produit\/marques\/nienhuis-montessori-materiel-fr\/geographie\/\"},{\"@type\":\"ListItem\",\"position\":6,\"name\":\"Bo\u00eete animaux des continents &#8211; Nienhuis Montessori\"}]},{\"@type\":\"WebSite\",\"@id\":\"https:\/\/teiaeducation.ch\/fr\/#website\",\"url\":\"https:\/\/teiaeducation.ch\/fr\/\",\"name\":\"Sustainable Educational Products &amp; Ecological Toys\u00a0\",\"description\":\"Specialised Swiss shop selling sustainable educational toys and games, AMI certified Montessori materials, handmade ecological wooden Waldorf toys and arts &amp; crafts supplies, school supplies, children&#039;s furniture and Montessori reference and parenting books.\",\"publisher\":{\"@id\":\"https:\/\/teiaeducation.ch\/fr\/#organization\"},\"alternateName\":\"Teia Education & Play\",\"potentialAction\":[{\"@type\":\"SearchAction\",\"target\":{\"@type\":\"EntryPoint\",\"urlTemplate\":\"https:\/\/teiaeducation.ch\/fr\/?s={search_term_string}\"},\"query-input\":{\"@type\":\"PropertyValueSpecification\",\"valueRequired\":true,\"valueName\":\"search_term_string\"}}],\"inLanguage\":\"fr-FR\"},{\"@type\":\"Organization\",\"@id\":\"https:\/\/teiaeducation.ch\/fr\/#organization\",\"name\":\"Teia Education & Play\",\"url\":\"https:\/\/teiaeducation.ch\/fr\/\",\"logo\":{\"@type\":\"ImageObject\",\"inLanguage\":\"fr-FR\",\"@id\":\"https:\/\/teiaeducation.ch\/fr\/#\/schema\/logo\/image\/\",\"url\":\"https:\/\/teiaeducation.ch\/wp-content\/uploads\/2020\/11\/Teia-Education-Switzerland-e1620156442216.jpg\",\"contentUrl\":\"https:\/\/teiaeducation.ch\/wp-content\/uploads\/2020\/11\/Teia-Education-Switzerland-e1620156442216.jpg\",\"width\":166,\"height\":145,\"caption\":\"Teia Education & Play\"},\"image\":{\"@id\":\"https:\/\/teiaeducation.ch\/fr\/#\/schema\/logo\/image\/\"},\"sameAs\":[\"https:\/\/www.facebook.com\/teiaeducation\/\",\"https:\/\/x.com\/EducationTeia\",\"https:\/\/www.instagram.com\/teia.education\/\",\"https:\/\/www.linkedin.com\/company\/35501660\",\"https:\/\/www.pinterest.ch\/TeiaEducation\/\"]}]}<\/script>\n<!-- \/ Yoast SEO plugin. -->","yoast_head_json":{"title":"Bo\u00eete animaux des continents - Nienhuis Montessori - Teia Education & Play","description":"La boite animaux des continents de Nienhuis Montessori est une premi\u00e8re introduction aux esp\u00e8ces animales de chacun des sept continents du monde.","robots":{"index":"index","follow":"follow","max-snippet":"max-snippet:-1","max-image-preview":"max-image-preview:large","max-video-preview":"max-video-preview:-1"},"canonical":"https:\/\/teiaeducation.ch\/fr\/produit\/boite-animaux-des-continents-nienhuis-montessori\/","og_locale":"fr_FR","og_type":"article","og_title":"Bo\u00eete animaux des continents - Nienhuis Montessori - Teia Education & Play","og_description":"La boite animaux des continents de Nienhuis Montessori est une premi\u00e8re introduction aux esp\u00e8ces animales de chacun des sept continents du monde.","og_url":"https:\/\/teiaeducation.ch\/fr\/produit\/boite-animaux-des-continents-nienhuis-montessori\/","og_site_name":"Sustainable Educational Products &amp; Ecological Toys\u00a0","article_publisher":"https:\/\/www.facebook.com\/teiaeducation\/","article_modified_time":"2024-05-02T21:03:18+00:00","og_image":[{"width":2048,"height":2048,"url":"https:\/\/teiaeducation.ch\/wp-content\/uploads\/2021\/01\/Montessori-geography-material-The-animal-continent-box-Nienhuis-Montessori-scaled.jpg","type":"image\/jpeg"}],"schema":{"@context":"https:\/\/schema.org","@graph":[{"@type":"WebPage","@id":"https:\/\/teiaeducation.ch\/fr\/produit\/boite-animaux-des-continents-nienhuis-montessori\/","url":"https:\/\/teiaeducation.ch\/fr\/produit\/boite-animaux-des-continents-nienhuis-montessori\/","name":"Bo\u00eete animaux des continents - Nienhuis Montessori - Teia Education & Play","isPartOf":{"@id":"https:\/\/teiaeducation.ch\/fr\/#website"},"primaryImageOfPage":{"@id":"https:\/\/teiaeducation.ch\/fr\/produit\/boite-animaux-des-continents-nienhuis-montessori\/#primaryimage"},"image":{"@id":"https:\/\/teiaeducation.ch\/fr\/produit\/boite-animaux-des-continents-nienhuis-montessori\/#primaryimage"},"thumbnailUrl":"https:\/\/teiaeducation.ch\/wp-content\/uploads\/2021\/01\/Montessori-geography-material-The-animal-continent-box-Nienhuis-Montessori-scaled.jpg","datePublished":"2021-01-26T08:30:01+00:00","dateModified":"2024-05-02T21:03:18+00:00","description":"La boite animaux des continents de Nienhuis Montessori est une premi\u00e8re introduction aux esp\u00e8ces animales de chacun des sept continents du monde.","breadcrumb":{"@id":"https:\/\/teiaeducation.ch\/fr\/produit\/boite-animaux-des-continents-nienhuis-montessori\/#breadcrumb"},"inLanguage":"fr-FR","potentialAction":[{"@type":"ReadAction","target":["https:\/\/teiaeducation.ch\/fr\/produit\/boite-animaux-des-continents-nienhuis-montessori\/"]}]},{"@type":"ImageObject","inLanguage":"fr-FR","@id":"https:\/\/teiaeducation.ch\/fr\/produit\/boite-animaux-des-continents-nienhuis-montessori\/#primaryimage","url":"https:\/\/teiaeducation.ch\/wp-content\/uploads\/2021\/01\/Montessori-geography-material-The-animal-continent-box-Nienhuis-Montessori-scaled.jpg","contentUrl":"https:\/\/teiaeducation.ch\/wp-content\/uploads\/2021\/01\/Montessori-geography-material-The-animal-continent-box-Nienhuis-Montessori-scaled.jpg","width":2048,"height":2048,"caption":"Montessori geography material The animal continent box Nienhuis Montessori"},{"@type":"BreadcrumbList","@id":"https:\/\/teiaeducation.ch\/fr\/produit\/boite-animaux-des-continents-nienhuis-montessori\/#breadcrumb","itemListElement":[{"@type":"ListItem","position":1,"name":"Home","item":"https:\/\/teiaeducation.ch\/fr\/"},{"@type":"ListItem","position":2,"name":"Boutique Teia Education &amp; Play","item":"https:\/\/teiaeducation.ch\/fr\/boutique\/"},{"@type":"ListItem","position":3,"name":"Nos Marques","item":"https:\/\/teiaeducation.ch\/fr\/categorie-produit\/marques\/"},{"@type":"ListItem","position":4,"name":"Nienhuis Montessori Suisse","item":"https:\/\/teiaeducation.ch\/fr\/categorie-produit\/marques\/nienhuis-montessori-materiel-fr\/"},{"@type":"ListItem","position":5,"name":"G\u00e9ographie","item":"https:\/\/teiaeducation.ch\/fr\/categorie-produit\/marques\/nienhuis-montessori-materiel-fr\/geographie\/"},{"@type":"ListItem","position":6,"name":"Bo\u00eete animaux des continents &#8211; Nienhuis Montessori"}]},{"@type":"WebSite","@id":"https:\/\/teiaeducation.ch\/fr\/#website","url":"https:\/\/teiaeducation.ch\/fr\/","name":"Sustainable Educational Products &amp; Ecological Toys\u00a0","description":"Specialised Swiss shop selling sustainable educational toys and games, AMI certified Montessori materials, handmade ecological wooden Waldorf toys and arts &amp; crafts supplies, school supplies, children&#039;s furniture and Montessori reference and parenting books.","publisher":{"@id":"https:\/\/teiaeducation.ch\/fr\/#organization"},"alternateName":"Teia Education & Play","potentialAction":[{"@type":"SearchAction","target":{"@type":"EntryPoint","urlTemplate":"https:\/\/teiaeducation.ch\/fr\/?s={search_term_string}"},"query-input":{"@type":"PropertyValueSpecification","valueRequired":true,"valueName":"search_term_string"}}],"inLanguage":"fr-FR"},{"@type":"Organization","@id":"https:\/\/teiaeducation.ch\/fr\/#organization","name":"Teia Education & Play","url":"https:\/\/teiaeducation.ch\/fr\/","logo":{"@type":"ImageObject","inLanguage":"fr-FR","@id":"https:\/\/teiaeducation.ch\/fr\/#\/schema\/logo\/image\/","url":"https:\/\/teiaeducation.ch\/wp-content\/uploads\/2020\/11\/Teia-Education-Switzerland-e1620156442216.jpg","contentUrl":"https:\/\/teiaeducation.ch\/wp-content\/uploads\/2020\/11\/Teia-Education-Switzerland-e1620156442216.jpg","width":166,"height":145,"caption":"Teia Education & Play"},"image":{"@id":"https:\/\/teiaeducation.ch\/fr\/#\/schema\/logo\/image\/"},"sameAs":["https:\/\/www.facebook.com\/teiaeducation\/","https:\/\/x.com\/EducationTeia","https:\/\/www.instagram.com\/teia.education\/","https:\/\/www.linkedin.com\/company\/35501660","https:\/\/www.pinterest.ch\/TeiaEducation\/"]}]}},"_links":{"self":[{"href":"https:\/\/teiaeducation.ch\/fr\/wp-json\/wp\/v2\/product\/23485","targetHints":{"allow":["GET"]}}],"collection":[{"href":"https:\/\/teiaeducation.ch\/fr\/wp-json\/wp\/v2\/product"}],"about":[{"href":"https:\/\/teiaeducation.ch\/fr\/wp-json\/wp\/v2\/types\/product"}],"replies":[{"embeddable":true,"href":"https:\/\/teiaeducation.ch\/fr\/wp-json\/wp\/v2\/comments?post=23485"}],"wp:featuredmedia":[{"embeddable":true,"href":"https:\/\/teiaeducation.ch\/fr\/wp-json\/wp\/v2\/media\/52638"}],"wp:attachment":[{"href":"https:\/\/teiaeducation.ch\/fr\/wp-json\/wp\/v2\/media?parent=23485"}],"wp:term":[{"taxonomy":"product_brand","embeddable":true,"href":"https:\/\/teiaeducation.ch\/fr\/wp-json\/wp\/v2\/product_brand?post=23485"},{"taxonomy":"product_cat","embeddable":true,"href":"https:\/\/teiaeducation.ch\/fr\/wp-json\/wp\/v2\/product_cat?post=23485"},{"taxonomy":"product_tag","embeddable":true,"href":"https:\/\/teiaeducation.ch\/fr\/wp-json\/wp\/v2\/product_tag?post=23485"}],"curies":[{"name":"wp","href":"https:\/\/api.w.org\/{rel}","templated":true}]}}