{"id":23487,"date":"2019-02-03T12:49:00","date_gmt":"2019-02-03T11:49:00","guid":{"rendered":"https:\/\/teiaeducation.ch\/product\/the-discovery-of-the-child-ballantine-nienhuis-montessori\/"},"modified":"2020-04-27T10:27:44","modified_gmt":"2020-04-27T08:27:44","slug":"livre-the-discovery-of-the-child-maria-montessori","status":"publish","type":"product","link":"https:\/\/teiaeducation.ch\/fr\/produit\/livre-the-discovery-of-the-child-maria-montessori\/","title":{"rendered":"Livre: The Discovery Of The Child : Maria Montessori"},"content":{"rendered":"<p>Livre: The Discovery Of The Child &#8211; Maria Montessori<\/p>\n<p>Publi\u00e9e pour la premi\u00e8re fois en 1948, le livre \u00e0 couverture souple The Discovery Of The Child \u00e9crit par Maria Montessori et publi\u00e9 par Ballantine Books d\u00e9limite lucidement les principes fondamentaux de l&#8217;approche Montessori de l&#8217;\u00e9ducation, qui \u00e9tait bas\u00e9e sur une s\u00e9rie de d\u00e9couvertes authentiques du Dr Maria Montessori.<\/p>\n<p>L&#8217;application de ces principes transcende les fronti\u00e8res de classe, de culture ou de croyance, et est pertinente pour l&#8217;ensemble du d\u00e9veloppement humain.<\/p>\n<p>Contenu :<\/p>\n<p>1 livre \u00e0 couverture souple &#8211; 339 pages &#8211; \u00e9dition de 1972 (Anglais)<\/p>\n","protected":false},"excerpt":{"rendered":"<p>Num\u00e9ro d&#8217;article : 540000<\/p>\n","protected":false},"featured_media":3816,"comment_status":"closed","ping_status":"closed","template":"","meta":[],"product_brand":[],"product_cat":[311,271,20666,7595,1218,207,217,292],"product_tag":[7859,1375,7858,1381,768,7815],"class_list":{"0":"post-23487","1":"product","2":"type-product","3":"status-publish","4":"has-post-thumbnail","6":"product_cat-livres-appui-au-curriculum","7":"product_cat-livres","8":"product_cat-livres-montessori","9":"product_cat-methode-deducation","10":"product_cat-montessori-fr","11":"product_cat-nienhuis-montessori-materiel-fr","12":"product_cat-marques","13":"product_cat-appui-au-curriculum","14":"product_tag-ballentine-books-fr","15":"product_tag-dr-maria-montessori-fr","16":"product_tag-le-livre-the-discovery-of-the-child","17":"product_tag-livres-montessori","18":"product_tag-materiel-montessori-suisse","19":"product_tag-support-au-programme-montessori","21":"first","22":"instock","23":"taxable","24":"shipping-taxable","25":"purchasable","26":"product-type-simple"},"yoast_head":"<!-- This site is optimized with the Yoast SEO Premium plugin v25.8 (Yoast SEO v27.4) - https:\/\/yoast.com\/product\/yoast-seo-premium-wordpress\/ -->\n<title>Livre: The Discovery Of The Child : Maria Montessori - Teia Education &amp; Play<\/title>\n<meta name=\"description\" content=\"Le livre the discovery of the child publi\u00e9 par Ballantine Books d\u00e9limite lucidement les principes fondamentaux de l&#039;approche Montessori de l&#039;\u00e9ducation.\" \/>\n<meta name=\"robots\" content=\"index, follow, max-snippet:-1, max-image-preview:large, max-video-preview:-1\" \/>\n<link rel=\"canonical\" href=\"https:\/\/teiaeducation.ch\/fr\/produit\/livre-the-discovery-of-the-child-maria-montessori\/\" \/>\n<meta property=\"og:locale\" content=\"fr_FR\" \/>\n<meta property=\"og:type\" content=\"article\" \/>\n<meta property=\"og:title\" content=\"Livre: The Discovery Of The Child : Maria Montessori\" \/>\n<meta property=\"og:description\" content=\"Le livre the discovery of the child publi\u00e9 par Ballantine Books d\u00e9limite lucidement les principes fondamentaux de l&#039;approche Montessori de l&#039;\u00e9ducation.\" \/>\n<meta property=\"og:url\" content=\"https:\/\/teiaeducation.ch\/fr\/produit\/livre-the-discovery-of-the-child-maria-montessori\/\" \/>\n<meta property=\"og:site_name\" content=\"Sustainable Educational Products &amp; Ecological Toys\u00a0\" \/>\n<meta property=\"article:publisher\" content=\"https:\/\/www.facebook.com\/teiaeducation\/\" \/>\n<meta property=\"article:modified_time\" content=\"2020-04-27T08:27:44+00:00\" \/>\n<meta property=\"og:image\" content=\"https:\/\/teiaeducation.ch\/wp-content\/uploads\/2019\/02\/540000-scaled-scaled.jpg\" \/>\n\t<meta property=\"og:image:width\" content=\"2048\" \/>\n\t<meta property=\"og:image:height\" content=\"2048\" \/>\n\t<meta property=\"og:image:type\" content=\"image\/jpeg\" \/>\n<script type=\"application\/ld+json\" class=\"yoast-schema-graph\">{\"@context\":\"https:\\\/\\\/schema.org\",\"@graph\":[{\"@type\":\"WebPage\",\"@id\":\"https:\\\/\\\/teiaeducation.ch\\\/fr\\\/produit\\\/livre-the-discovery-of-the-child-maria-montessori\\\/\",\"url\":\"https:\\\/\\\/teiaeducation.ch\\\/fr\\\/produit\\\/livre-the-discovery-of-the-child-maria-montessori\\\/\",\"name\":\"Livre: The Discovery Of The Child : Maria Montessori - Teia Education & Play\",\"isPartOf\":{\"@id\":\"https:\\\/\\\/teiaeducation.ch\\\/fr\\\/#website\"},\"primaryImageOfPage\":{\"@id\":\"https:\\\/\\\/teiaeducation.ch\\\/fr\\\/produit\\\/livre-the-discovery-of-the-child-maria-montessori\\\/#primaryimage\"},\"image\":{\"@id\":\"https:\\\/\\\/teiaeducation.ch\\\/fr\\\/produit\\\/livre-the-discovery-of-the-child-maria-montessori\\\/#primaryimage\"},\"thumbnailUrl\":\"https:\\\/\\\/teiaeducation.ch\\\/wp-content\\\/uploads\\\/2019\\\/02\\\/540000-scaled-scaled.jpg\",\"datePublished\":\"2019-02-03T11:49:00+00:00\",\"dateModified\":\"2020-04-27T08:27:44+00:00\",\"description\":\"Le livre the discovery of the child publi\u00e9 par Ballantine Books d\u00e9limite lucidement les principes fondamentaux de l'approche Montessori de l'\u00e9ducation.\",\"breadcrumb\":{\"@id\":\"https:\\\/\\\/teiaeducation.ch\\\/fr\\\/produit\\\/livre-the-discovery-of-the-child-maria-montessori\\\/#breadcrumb\"},\"inLanguage\":\"fr-FR\",\"potentialAction\":[{\"@type\":\"ReadAction\",\"target\":[\"https:\\\/\\\/teiaeducation.ch\\\/fr\\\/produit\\\/livre-the-discovery-of-the-child-maria-montessori\\\/\"]}]},{\"@type\":\"ImageObject\",\"inLanguage\":\"fr-FR\",\"@id\":\"https:\\\/\\\/teiaeducation.ch\\\/fr\\\/produit\\\/livre-the-discovery-of-the-child-maria-montessori\\\/#primaryimage\",\"url\":\"https:\\\/\\\/teiaeducation.ch\\\/wp-content\\\/uploads\\\/2019\\\/02\\\/540000-scaled-scaled.jpg\",\"contentUrl\":\"https:\\\/\\\/teiaeducation.ch\\\/wp-content\\\/uploads\\\/2019\\\/02\\\/540000-scaled-scaled.jpg\",\"width\":2048,\"height\":2048,\"caption\":\"Le livre : The Discovery Of The Child, Ballantine - Nienhuis Montessori\"},{\"@type\":\"BreadcrumbList\",\"@id\":\"https:\\\/\\\/teiaeducation.ch\\\/fr\\\/produit\\\/livre-the-discovery-of-the-child-maria-montessori\\\/#breadcrumb\",\"itemListElement\":[{\"@type\":\"ListItem\",\"position\":1,\"name\":\"Home\",\"item\":\"https:\\\/\\\/teiaeducation.ch\\\/fr\\\/\"},{\"@type\":\"ListItem\",\"position\":2,\"name\":\"Boutique Teia Education &amp; Play\",\"item\":\"https:\\\/\\\/teiaeducation.ch\\\/fr\\\/boutique\\\/\"},{\"@type\":\"ListItem\",\"position\":3,\"name\":\"Supports P\u00e9dagogiques\",\"item\":\"https:\\\/\\\/teiaeducation.ch\\\/fr\\\/categorie-produit\\\/appui-au-curriculum\\\/\"},{\"@type\":\"ListItem\",\"position\":4,\"name\":\"Livres\",\"item\":\"https:\\\/\\\/teiaeducation.ch\\\/fr\\\/categorie-produit\\\/appui-au-curriculum\\\/livres-appui-au-curriculum\\\/\"},{\"@type\":\"ListItem\",\"position\":5,\"name\":\"Livre: The Discovery Of The Child : Maria Montessori\"}]},{\"@type\":\"WebSite\",\"@id\":\"https:\\\/\\\/teiaeducation.ch\\\/fr\\\/#website\",\"url\":\"https:\\\/\\\/teiaeducation.ch\\\/fr\\\/\",\"name\":\"Sustainable Educational Products &amp; Ecological Toys\u00a0\",\"description\":\"Specialised Swiss shop selling sustainable educational toys and games, AMI certified Montessori materials, handmade ecological wooden Waldorf toys and arts &amp; crafts supplies, school supplies, children&#039;s furniture and Montessori reference and parenting books.\",\"publisher\":{\"@id\":\"https:\\\/\\\/teiaeducation.ch\\\/fr\\\/#organization\"},\"alternateName\":\"Teia Education & Play\",\"potentialAction\":[{\"@type\":\"SearchAction\",\"target\":{\"@type\":\"EntryPoint\",\"urlTemplate\":\"https:\\\/\\\/teiaeducation.ch\\\/fr\\\/?s={search_term_string}\"},\"query-input\":{\"@type\":\"PropertyValueSpecification\",\"valueRequired\":true,\"valueName\":\"search_term_string\"}}],\"inLanguage\":\"fr-FR\"},{\"@type\":\"Organization\",\"@id\":\"https:\\\/\\\/teiaeducation.ch\\\/fr\\\/#organization\",\"name\":\"Teia Education & Play\",\"url\":\"https:\\\/\\\/teiaeducation.ch\\\/fr\\\/\",\"logo\":{\"@type\":\"ImageObject\",\"inLanguage\":\"fr-FR\",\"@id\":\"https:\\\/\\\/teiaeducation.ch\\\/fr\\\/#\\\/schema\\\/logo\\\/image\\\/\",\"url\":\"https:\\\/\\\/teiaeducation.ch\\\/wp-content\\\/uploads\\\/2020\\\/11\\\/Teia-Education-Switzerland-e1620156442216.jpg\",\"contentUrl\":\"https:\\\/\\\/teiaeducation.ch\\\/wp-content\\\/uploads\\\/2020\\\/11\\\/Teia-Education-Switzerland-e1620156442216.jpg\",\"width\":166,\"height\":145,\"caption\":\"Teia Education & Play\"},\"image\":{\"@id\":\"https:\\\/\\\/teiaeducation.ch\\\/fr\\\/#\\\/schema\\\/logo\\\/image\\\/\"},\"sameAs\":[\"https:\\\/\\\/www.facebook.com\\\/teiaeducation\\\/\",\"https:\\\/\\\/x.com\\\/EducationTeia\",\"https:\\\/\\\/www.instagram.com\\\/teia.education\\\/\",\"https:\\\/\\\/www.linkedin.com\\\/company\\\/35501660\",\"https:\\\/\\\/www.pinterest.ch\\\/TeiaEducation\\\/\"]}]}<\/script>\n<meta property=\"product:price:amount\" content=\"23.75\" \/>\n<meta property=\"product:price:currency\" content=\"CHF\" \/>\n<meta property=\"og:availability\" content=\"instock\" \/>\n<meta property=\"product:availability\" content=\"instock\" \/>\n<meta property=\"product:retailer_item_id\" content=\"540000\" \/>\n<meta property=\"product:condition\" content=\"new\" \/>\n<!-- \/ Yoast SEO Premium plugin. -->","yoast_head_json":{"title":"Livre: The Discovery Of The Child : Maria Montessori - Teia Education & Play","description":"Le livre the discovery of the child publi\u00e9 par Ballantine Books d\u00e9limite lucidement les principes fondamentaux de l'approche Montessori de l'\u00e9ducation.","robots":{"index":"index","follow":"follow","max-snippet":"max-snippet:-1","max-image-preview":"max-image-preview:large","max-video-preview":"max-video-preview:-1"},"canonical":"https:\/\/teiaeducation.ch\/fr\/produit\/livre-the-discovery-of-the-child-maria-montessori\/","og_locale":"fr_FR","og_type":"article","og_title":"Livre: The Discovery Of The Child : Maria Montessori","og_description":"Le livre the discovery of the child publi\u00e9 par Ballantine Books d\u00e9limite lucidement les principes fondamentaux de l'approche Montessori de l'\u00e9ducation.","og_url":"https:\/\/teiaeducation.ch\/fr\/produit\/livre-the-discovery-of-the-child-maria-montessori\/","og_site_name":"Sustainable Educational Products &amp; Ecological Toys\u00a0","article_publisher":"https:\/\/www.facebook.com\/teiaeducation\/","article_modified_time":"2020-04-27T08:27:44+00:00","og_image":[{"width":2048,"height":2048,"url":"https:\/\/teiaeducation.ch\/wp-content\/uploads\/2019\/02\/540000-scaled-scaled.jpg","type":"image\/jpeg"}],"schema":{"@context":"https:\/\/schema.org","@graph":[{"@type":"WebPage","@id":"https:\/\/teiaeducation.ch\/fr\/produit\/livre-the-discovery-of-the-child-maria-montessori\/","url":"https:\/\/teiaeducation.ch\/fr\/produit\/livre-the-discovery-of-the-child-maria-montessori\/","name":"Livre: The Discovery Of The Child : Maria Montessori - Teia Education & Play","isPartOf":{"@id":"https:\/\/teiaeducation.ch\/fr\/#website"},"primaryImageOfPage":{"@id":"https:\/\/teiaeducation.ch\/fr\/produit\/livre-the-discovery-of-the-child-maria-montessori\/#primaryimage"},"image":{"@id":"https:\/\/teiaeducation.ch\/fr\/produit\/livre-the-discovery-of-the-child-maria-montessori\/#primaryimage"},"thumbnailUrl":"https:\/\/teiaeducation.ch\/wp-content\/uploads\/2019\/02\/540000-scaled-scaled.jpg","datePublished":"2019-02-03T11:49:00+00:00","dateModified":"2020-04-27T08:27:44+00:00","description":"Le livre the discovery of the child publi\u00e9 par Ballantine Books d\u00e9limite lucidement les principes fondamentaux de l'approche Montessori de l'\u00e9ducation.","breadcrumb":{"@id":"https:\/\/teiaeducation.ch\/fr\/produit\/livre-the-discovery-of-the-child-maria-montessori\/#breadcrumb"},"inLanguage":"fr-FR","potentialAction":[{"@type":"ReadAction","target":["https:\/\/teiaeducation.ch\/fr\/produit\/livre-the-discovery-of-the-child-maria-montessori\/"]}]},{"@type":"ImageObject","inLanguage":"fr-FR","@id":"https:\/\/teiaeducation.ch\/fr\/produit\/livre-the-discovery-of-the-child-maria-montessori\/#primaryimage","url":"https:\/\/teiaeducation.ch\/wp-content\/uploads\/2019\/02\/540000-scaled-scaled.jpg","contentUrl":"https:\/\/teiaeducation.ch\/wp-content\/uploads\/2019\/02\/540000-scaled-scaled.jpg","width":2048,"height":2048,"caption":"Le livre : The Discovery Of The Child, Ballantine - Nienhuis Montessori"},{"@type":"BreadcrumbList","@id":"https:\/\/teiaeducation.ch\/fr\/produit\/livre-the-discovery-of-the-child-maria-montessori\/#breadcrumb","itemListElement":[{"@type":"ListItem","position":1,"name":"Home","item":"https:\/\/teiaeducation.ch\/fr\/"},{"@type":"ListItem","position":2,"name":"Boutique Teia Education &amp; Play","item":"https:\/\/teiaeducation.ch\/fr\/boutique\/"},{"@type":"ListItem","position":3,"name":"Supports P\u00e9dagogiques","item":"https:\/\/teiaeducation.ch\/fr\/categorie-produit\/appui-au-curriculum\/"},{"@type":"ListItem","position":4,"name":"Livres","item":"https:\/\/teiaeducation.ch\/fr\/categorie-produit\/appui-au-curriculum\/livres-appui-au-curriculum\/"},{"@type":"ListItem","position":5,"name":"Livre: The Discovery Of The Child : Maria Montessori"}]},{"@type":"WebSite","@id":"https:\/\/teiaeducation.ch\/fr\/#website","url":"https:\/\/teiaeducation.ch\/fr\/","name":"Sustainable Educational Products &amp; Ecological Toys\u00a0","description":"Specialised Swiss shop selling sustainable educational toys and games, AMI certified Montessori materials, handmade ecological wooden Waldorf toys and arts &amp; crafts supplies, school supplies, children&#039;s furniture and Montessori reference and parenting books.","publisher":{"@id":"https:\/\/teiaeducation.ch\/fr\/#organization"},"alternateName":"Teia Education & Play","potentialAction":[{"@type":"SearchAction","target":{"@type":"EntryPoint","urlTemplate":"https:\/\/teiaeducation.ch\/fr\/?s={search_term_string}"},"query-input":{"@type":"PropertyValueSpecification","valueRequired":true,"valueName":"search_term_string"}}],"inLanguage":"fr-FR"},{"@type":"Organization","@id":"https:\/\/teiaeducation.ch\/fr\/#organization","name":"Teia Education & Play","url":"https:\/\/teiaeducation.ch\/fr\/","logo":{"@type":"ImageObject","inLanguage":"fr-FR","@id":"https:\/\/teiaeducation.ch\/fr\/#\/schema\/logo\/image\/","url":"https:\/\/teiaeducation.ch\/wp-content\/uploads\/2020\/11\/Teia-Education-Switzerland-e1620156442216.jpg","contentUrl":"https:\/\/teiaeducation.ch\/wp-content\/uploads\/2020\/11\/Teia-Education-Switzerland-e1620156442216.jpg","width":166,"height":145,"caption":"Teia Education & Play"},"image":{"@id":"https:\/\/teiaeducation.ch\/fr\/#\/schema\/logo\/image\/"},"sameAs":["https:\/\/www.facebook.com\/teiaeducation\/","https:\/\/x.com\/EducationTeia","https:\/\/www.instagram.com\/teia.education\/","https:\/\/www.linkedin.com\/company\/35501660","https:\/\/www.pinterest.ch\/TeiaEducation\/"]}]},"product_price_amount":"23.75","product_price_currency":"CHF","og_availability":"instock","product_availability":"instock","product_retailer_item_id":"540000","product_condition":"new"},"_links":{"self":[{"href":"https:\/\/teiaeducation.ch\/fr\/wp-json\/wp\/v2\/product\/23487","targetHints":{"allow":["GET"]}}],"collection":[{"href":"https:\/\/teiaeducation.ch\/fr\/wp-json\/wp\/v2\/product"}],"about":[{"href":"https:\/\/teiaeducation.ch\/fr\/wp-json\/wp\/v2\/types\/product"}],"replies":[{"embeddable":true,"href":"https:\/\/teiaeducation.ch\/fr\/wp-json\/wp\/v2\/comments?post=23487"}],"wp:featuredmedia":[{"embeddable":true,"href":"https:\/\/teiaeducation.ch\/fr\/wp-json\/wp\/v2\/media\/3816"}],"wp:attachment":[{"href":"https:\/\/teiaeducation.ch\/fr\/wp-json\/wp\/v2\/media?parent=23487"}],"wp:term":[{"taxonomy":"product_brand","embeddable":true,"href":"https:\/\/teiaeducation.ch\/fr\/wp-json\/wp\/v2\/product_brand?post=23487"},{"taxonomy":"product_cat","embeddable":true,"href":"https:\/\/teiaeducation.ch\/fr\/wp-json\/wp\/v2\/product_cat?post=23487"},{"taxonomy":"product_tag","embeddable":true,"href":"https:\/\/teiaeducation.ch\/fr\/wp-json\/wp\/v2\/product_tag?post=23487"}],"curies":[{"name":"wp","href":"https:\/\/api.w.org\/{rel}","templated":true}]}}