{"id":23488,"date":"2019-02-03T22:04:30","date_gmt":"2019-02-03T21:04:30","guid":{"rendered":"https:\/\/teiaeducation.ch\/product\/montessori-workshop-nienhuis-montessori\/"},"modified":"2020-04-27T10:29:57","modified_gmt":"2020-04-27T08:29:57","slug":"livre-montessori-workshop-carol-guy-james-barratt","status":"publish","type":"product","link":"https:\/\/teiaeducation.ch\/fr\/produit\/livre-montessori-workshop-carol-guy-james-barratt\/","title":{"rendered":"Livre: Montessori Workshop &#8211; Carol Guy &#038; James Barratt"},"content":{"rendered":"<p>Livre: Montessori Workshop &#8211; Carol Guy &amp; James Barratt<\/p>\n<p>Le livre \u00e0 couverture rigide Montessori Workshop de Carol Guy &amp; James Barratt (en Anglais) a \u00e9t\u00e9 \u00e9crit pour accompagner et am\u00e9liorer la formation pratique des enseignants de la maternelle Montessori travaillant avec des enfants de deux \u00e0 six ans. Le livre facilite \u00e9galement la compr\u00e9hension par les parents des activit\u00e9s de leurs enfants avec le mat\u00e9riel Montessori.<\/p>\n<p>Ce livre est \u00e9galement disponible en fran\u00e7ais.<\/p>\n<p>Contenu :<\/p>\n<p>1 livre \u00e0 couverture rigide &#8211; 281 pages &#8211; \u00e9dition 2007 (Anglais)<\/p>\n","protected":false},"excerpt":{"rendered":"<p>Num\u00e9ro d&#8217;article: 517600<\/p>\n","protected":false},"featured_media":3819,"comment_status":"closed","ping_status":"closed","template":"","meta":[],"product_brand":[],"product_cat":[311,271,20666,20667,7595,1218,207,217,292],"product_tag":[7739,1375,7860,1381,768,7815],"class_list":{"0":"post-23488","1":"product","2":"type-product","3":"status-publish","4":"has-post-thumbnail","6":"product_cat-livres-appui-au-curriculum","7":"product_cat-livres","8":"product_cat-livres-montessori","9":"product_cat-livres-sur-la-parentalite","10":"product_cat-methode-deducation","11":"product_cat-montessori-fr","12":"product_cat-nienhuis-montessori-materiel-fr","13":"product_cat-marques","14":"product_cat-appui-au-curriculum","15":"product_tag-carol-guy-james-barratt-fr","16":"product_tag-dr-maria-montessori-fr","17":"product_tag-livre-montessori-workshop","18":"product_tag-livres-montessori","19":"product_tag-materiel-montessori-suisse","20":"product_tag-support-au-programme-montessori","22":"first","23":"instock","24":"taxable","25":"shipping-taxable","26":"purchasable","27":"product-type-simple"},"yoast_head":"<!-- This site is optimized with the Yoast SEO plugin v27.1.1 - https:\/\/yoast.com\/product\/yoast-seo-wordpress\/ -->\n<title>Livre Montessori Workshop en anglais \u00e9crit par Carol Guy &amp; James Barratt<\/title>\n<meta name=\"description\" content=\"Le livre \u00e0 couverture rigide Montessori Workshop de Carol Guy &amp; James Barratt accompagne la formation pratique des \u00e9ducateurs pr\u00e9scolaires Montessori.\" \/>\n<meta name=\"robots\" content=\"index, follow, max-snippet:-1, max-image-preview:large, max-video-preview:-1\" \/>\n<link rel=\"canonical\" href=\"https:\/\/teiaeducation.ch\/fr\/produit\/livre-montessori-workshop-carol-guy-james-barratt\/\" \/>\n<meta property=\"og:locale\" content=\"fr_FR\" \/>\n<meta property=\"og:type\" content=\"article\" \/>\n<meta property=\"og:title\" content=\"Livre Montessori Workshop en anglais \u00e9crit par Carol Guy &amp; James Barratt\" \/>\n<meta property=\"og:description\" content=\"Le livre \u00e0 couverture rigide Montessori Workshop de Carol Guy &amp; James Barratt accompagne la formation pratique des \u00e9ducateurs pr\u00e9scolaires Montessori.\" \/>\n<meta property=\"og:url\" content=\"https:\/\/teiaeducation.ch\/fr\/produit\/livre-montessori-workshop-carol-guy-james-barratt\/\" \/>\n<meta property=\"og:site_name\" content=\"Sustainable Educational Products &amp; Ecological Toys\u00a0\" \/>\n<meta property=\"article:publisher\" content=\"https:\/\/www.facebook.com\/teiaeducation\/\" \/>\n<meta property=\"article:modified_time\" content=\"2020-04-27T08:29:57+00:00\" \/>\n<meta property=\"og:image\" content=\"https:\/\/teiaeducation.ch\/wp-content\/uploads\/2019\/02\/517600-scaled-scaled.jpg\" \/>\n\t<meta property=\"og:image:width\" content=\"2048\" \/>\n\t<meta property=\"og:image:height\" content=\"2048\" \/>\n\t<meta property=\"og:image:type\" content=\"image\/jpeg\" \/>\n<script type=\"application\/ld+json\" class=\"yoast-schema-graph\">{\"@context\":\"https:\/\/schema.org\",\"@graph\":[{\"@type\":\"WebPage\",\"@id\":\"https:\/\/teiaeducation.ch\/fr\/produit\/livre-montessori-workshop-carol-guy-james-barratt\/\",\"url\":\"https:\/\/teiaeducation.ch\/fr\/produit\/livre-montessori-workshop-carol-guy-james-barratt\/\",\"name\":\"Livre Montessori Workshop en anglais \u00e9crit par Carol Guy & James Barratt\",\"isPartOf\":{\"@id\":\"https:\/\/teiaeducation.ch\/fr\/#website\"},\"primaryImageOfPage\":{\"@id\":\"https:\/\/teiaeducation.ch\/fr\/produit\/livre-montessori-workshop-carol-guy-james-barratt\/#primaryimage\"},\"image\":{\"@id\":\"https:\/\/teiaeducation.ch\/fr\/produit\/livre-montessori-workshop-carol-guy-james-barratt\/#primaryimage\"},\"thumbnailUrl\":\"https:\/\/teiaeducation.ch\/wp-content\/uploads\/2019\/02\/517600-scaled-scaled.jpg\",\"datePublished\":\"2019-02-03T21:04:30+00:00\",\"dateModified\":\"2020-04-27T08:29:57+00:00\",\"description\":\"Le livre \u00e0 couverture rigide Montessori Workshop de Carol Guy & James Barratt accompagne la formation pratique des \u00e9ducateurs pr\u00e9scolaires Montessori.\",\"breadcrumb\":{\"@id\":\"https:\/\/teiaeducation.ch\/fr\/produit\/livre-montessori-workshop-carol-guy-james-barratt\/#breadcrumb\"},\"inLanguage\":\"fr-FR\",\"potentialAction\":[{\"@type\":\"ReadAction\",\"target\":[\"https:\/\/teiaeducation.ch\/fr\/produit\/livre-montessori-workshop-carol-guy-james-barratt\/\"]}]},{\"@type\":\"ImageObject\",\"inLanguage\":\"fr-FR\",\"@id\":\"https:\/\/teiaeducation.ch\/fr\/produit\/livre-montessori-workshop-carol-guy-james-barratt\/#primaryimage\",\"url\":\"https:\/\/teiaeducation.ch\/wp-content\/uploads\/2019\/02\/517600-scaled-scaled.jpg\",\"contentUrl\":\"https:\/\/teiaeducation.ch\/wp-content\/uploads\/2019\/02\/517600-scaled-scaled.jpg\",\"width\":2048,\"height\":2048,\"caption\":\"Livre : Montessori Workshop - Nienhuis Montessori\"},{\"@type\":\"BreadcrumbList\",\"@id\":\"https:\/\/teiaeducation.ch\/fr\/produit\/livre-montessori-workshop-carol-guy-james-barratt\/#breadcrumb\",\"itemListElement\":[{\"@type\":\"ListItem\",\"position\":1,\"name\":\"Home\",\"item\":\"https:\/\/teiaeducation.ch\/fr\/\"},{\"@type\":\"ListItem\",\"position\":2,\"name\":\"Boutique Teia Education &amp; Play\",\"item\":\"https:\/\/teiaeducation.ch\/fr\/boutique\/\"},{\"@type\":\"ListItem\",\"position\":3,\"name\":\"Supports P\u00e9dagogiques\",\"item\":\"https:\/\/teiaeducation.ch\/fr\/categorie-produit\/appui-au-curriculum\/\"},{\"@type\":\"ListItem\",\"position\":4,\"name\":\"Livres\",\"item\":\"https:\/\/teiaeducation.ch\/fr\/categorie-produit\/appui-au-curriculum\/livres-appui-au-curriculum\/\"},{\"@type\":\"ListItem\",\"position\":5,\"name\":\"Livre: Montessori Workshop &#8211; Carol Guy &#038; James Barratt\"}]},{\"@type\":\"WebSite\",\"@id\":\"https:\/\/teiaeducation.ch\/fr\/#website\",\"url\":\"https:\/\/teiaeducation.ch\/fr\/\",\"name\":\"Sustainable Educational Products &amp; Ecological Toys\u00a0\",\"description\":\"Specialised Swiss shop selling sustainable educational toys and games, AMI certified Montessori materials, handmade ecological wooden Waldorf toys and arts &amp; crafts supplies, school supplies, children&#039;s furniture and Montessori reference and parenting books.\",\"publisher\":{\"@id\":\"https:\/\/teiaeducation.ch\/fr\/#organization\"},\"alternateName\":\"Teia Education & Play\",\"potentialAction\":[{\"@type\":\"SearchAction\",\"target\":{\"@type\":\"EntryPoint\",\"urlTemplate\":\"https:\/\/teiaeducation.ch\/fr\/?s={search_term_string}\"},\"query-input\":{\"@type\":\"PropertyValueSpecification\",\"valueRequired\":true,\"valueName\":\"search_term_string\"}}],\"inLanguage\":\"fr-FR\"},{\"@type\":\"Organization\",\"@id\":\"https:\/\/teiaeducation.ch\/fr\/#organization\",\"name\":\"Teia Education & Play\",\"url\":\"https:\/\/teiaeducation.ch\/fr\/\",\"logo\":{\"@type\":\"ImageObject\",\"inLanguage\":\"fr-FR\",\"@id\":\"https:\/\/teiaeducation.ch\/fr\/#\/schema\/logo\/image\/\",\"url\":\"https:\/\/teiaeducation.ch\/wp-content\/uploads\/2020\/11\/Teia-Education-Switzerland-e1620156442216.jpg\",\"contentUrl\":\"https:\/\/teiaeducation.ch\/wp-content\/uploads\/2020\/11\/Teia-Education-Switzerland-e1620156442216.jpg\",\"width\":166,\"height\":145,\"caption\":\"Teia Education & Play\"},\"image\":{\"@id\":\"https:\/\/teiaeducation.ch\/fr\/#\/schema\/logo\/image\/\"},\"sameAs\":[\"https:\/\/www.facebook.com\/teiaeducation\/\",\"https:\/\/x.com\/EducationTeia\",\"https:\/\/www.instagram.com\/teia.education\/\",\"https:\/\/www.linkedin.com\/company\/35501660\",\"https:\/\/www.pinterest.ch\/TeiaEducation\/\"]}]}<\/script>\n<!-- \/ Yoast SEO plugin. -->","yoast_head_json":{"title":"Livre Montessori Workshop en anglais \u00e9crit par Carol Guy & James Barratt","description":"Le livre \u00e0 couverture rigide Montessori Workshop de Carol Guy & James Barratt accompagne la formation pratique des \u00e9ducateurs pr\u00e9scolaires Montessori.","robots":{"index":"index","follow":"follow","max-snippet":"max-snippet:-1","max-image-preview":"max-image-preview:large","max-video-preview":"max-video-preview:-1"},"canonical":"https:\/\/teiaeducation.ch\/fr\/produit\/livre-montessori-workshop-carol-guy-james-barratt\/","og_locale":"fr_FR","og_type":"article","og_title":"Livre Montessori Workshop en anglais \u00e9crit par Carol Guy & James Barratt","og_description":"Le livre \u00e0 couverture rigide Montessori Workshop de Carol Guy & James Barratt accompagne la formation pratique des \u00e9ducateurs pr\u00e9scolaires Montessori.","og_url":"https:\/\/teiaeducation.ch\/fr\/produit\/livre-montessori-workshop-carol-guy-james-barratt\/","og_site_name":"Sustainable Educational Products &amp; Ecological Toys\u00a0","article_publisher":"https:\/\/www.facebook.com\/teiaeducation\/","article_modified_time":"2020-04-27T08:29:57+00:00","og_image":[{"width":2048,"height":2048,"url":"https:\/\/teiaeducation.ch\/wp-content\/uploads\/2019\/02\/517600-scaled-scaled.jpg","type":"image\/jpeg"}],"schema":{"@context":"https:\/\/schema.org","@graph":[{"@type":"WebPage","@id":"https:\/\/teiaeducation.ch\/fr\/produit\/livre-montessori-workshop-carol-guy-james-barratt\/","url":"https:\/\/teiaeducation.ch\/fr\/produit\/livre-montessori-workshop-carol-guy-james-barratt\/","name":"Livre Montessori Workshop en anglais \u00e9crit par Carol Guy & James Barratt","isPartOf":{"@id":"https:\/\/teiaeducation.ch\/fr\/#website"},"primaryImageOfPage":{"@id":"https:\/\/teiaeducation.ch\/fr\/produit\/livre-montessori-workshop-carol-guy-james-barratt\/#primaryimage"},"image":{"@id":"https:\/\/teiaeducation.ch\/fr\/produit\/livre-montessori-workshop-carol-guy-james-barratt\/#primaryimage"},"thumbnailUrl":"https:\/\/teiaeducation.ch\/wp-content\/uploads\/2019\/02\/517600-scaled-scaled.jpg","datePublished":"2019-02-03T21:04:30+00:00","dateModified":"2020-04-27T08:29:57+00:00","description":"Le livre \u00e0 couverture rigide Montessori Workshop de Carol Guy & James Barratt accompagne la formation pratique des \u00e9ducateurs pr\u00e9scolaires Montessori.","breadcrumb":{"@id":"https:\/\/teiaeducation.ch\/fr\/produit\/livre-montessori-workshop-carol-guy-james-barratt\/#breadcrumb"},"inLanguage":"fr-FR","potentialAction":[{"@type":"ReadAction","target":["https:\/\/teiaeducation.ch\/fr\/produit\/livre-montessori-workshop-carol-guy-james-barratt\/"]}]},{"@type":"ImageObject","inLanguage":"fr-FR","@id":"https:\/\/teiaeducation.ch\/fr\/produit\/livre-montessori-workshop-carol-guy-james-barratt\/#primaryimage","url":"https:\/\/teiaeducation.ch\/wp-content\/uploads\/2019\/02\/517600-scaled-scaled.jpg","contentUrl":"https:\/\/teiaeducation.ch\/wp-content\/uploads\/2019\/02\/517600-scaled-scaled.jpg","width":2048,"height":2048,"caption":"Livre : Montessori Workshop - Nienhuis Montessori"},{"@type":"BreadcrumbList","@id":"https:\/\/teiaeducation.ch\/fr\/produit\/livre-montessori-workshop-carol-guy-james-barratt\/#breadcrumb","itemListElement":[{"@type":"ListItem","position":1,"name":"Home","item":"https:\/\/teiaeducation.ch\/fr\/"},{"@type":"ListItem","position":2,"name":"Boutique Teia Education &amp; Play","item":"https:\/\/teiaeducation.ch\/fr\/boutique\/"},{"@type":"ListItem","position":3,"name":"Supports P\u00e9dagogiques","item":"https:\/\/teiaeducation.ch\/fr\/categorie-produit\/appui-au-curriculum\/"},{"@type":"ListItem","position":4,"name":"Livres","item":"https:\/\/teiaeducation.ch\/fr\/categorie-produit\/appui-au-curriculum\/livres-appui-au-curriculum\/"},{"@type":"ListItem","position":5,"name":"Livre: Montessori Workshop &#8211; Carol Guy &#038; James Barratt"}]},{"@type":"WebSite","@id":"https:\/\/teiaeducation.ch\/fr\/#website","url":"https:\/\/teiaeducation.ch\/fr\/","name":"Sustainable Educational Products &amp; Ecological Toys\u00a0","description":"Specialised Swiss shop selling sustainable educational toys and games, AMI certified Montessori materials, handmade ecological wooden Waldorf toys and arts &amp; crafts supplies, school supplies, children&#039;s furniture and Montessori reference and parenting books.","publisher":{"@id":"https:\/\/teiaeducation.ch\/fr\/#organization"},"alternateName":"Teia Education & Play","potentialAction":[{"@type":"SearchAction","target":{"@type":"EntryPoint","urlTemplate":"https:\/\/teiaeducation.ch\/fr\/?s={search_term_string}"},"query-input":{"@type":"PropertyValueSpecification","valueRequired":true,"valueName":"search_term_string"}}],"inLanguage":"fr-FR"},{"@type":"Organization","@id":"https:\/\/teiaeducation.ch\/fr\/#organization","name":"Teia Education & Play","url":"https:\/\/teiaeducation.ch\/fr\/","logo":{"@type":"ImageObject","inLanguage":"fr-FR","@id":"https:\/\/teiaeducation.ch\/fr\/#\/schema\/logo\/image\/","url":"https:\/\/teiaeducation.ch\/wp-content\/uploads\/2020\/11\/Teia-Education-Switzerland-e1620156442216.jpg","contentUrl":"https:\/\/teiaeducation.ch\/wp-content\/uploads\/2020\/11\/Teia-Education-Switzerland-e1620156442216.jpg","width":166,"height":145,"caption":"Teia Education & Play"},"image":{"@id":"https:\/\/teiaeducation.ch\/fr\/#\/schema\/logo\/image\/"},"sameAs":["https:\/\/www.facebook.com\/teiaeducation\/","https:\/\/x.com\/EducationTeia","https:\/\/www.instagram.com\/teia.education\/","https:\/\/www.linkedin.com\/company\/35501660","https:\/\/www.pinterest.ch\/TeiaEducation\/"]}]}},"_links":{"self":[{"href":"https:\/\/teiaeducation.ch\/fr\/wp-json\/wp\/v2\/product\/23488","targetHints":{"allow":["GET"]}}],"collection":[{"href":"https:\/\/teiaeducation.ch\/fr\/wp-json\/wp\/v2\/product"}],"about":[{"href":"https:\/\/teiaeducation.ch\/fr\/wp-json\/wp\/v2\/types\/product"}],"replies":[{"embeddable":true,"href":"https:\/\/teiaeducation.ch\/fr\/wp-json\/wp\/v2\/comments?post=23488"}],"wp:featuredmedia":[{"embeddable":true,"href":"https:\/\/teiaeducation.ch\/fr\/wp-json\/wp\/v2\/media\/3819"}],"wp:attachment":[{"href":"https:\/\/teiaeducation.ch\/fr\/wp-json\/wp\/v2\/media?parent=23488"}],"wp:term":[{"taxonomy":"product_brand","embeddable":true,"href":"https:\/\/teiaeducation.ch\/fr\/wp-json\/wp\/v2\/product_brand?post=23488"},{"taxonomy":"product_cat","embeddable":true,"href":"https:\/\/teiaeducation.ch\/fr\/wp-json\/wp\/v2\/product_cat?post=23488"},{"taxonomy":"product_tag","embeddable":true,"href":"https:\/\/teiaeducation.ch\/fr\/wp-json\/wp\/v2\/product_tag?post=23488"}],"curies":[{"name":"wp","href":"https:\/\/api.w.org\/{rel}","templated":true}]}}