{"id":23489,"date":"2019-02-03T22:38:13","date_gmt":"2019-02-03T21:38:13","guid":{"rendered":"https:\/\/teiaeducation.ch\/product\/creative-development-in-the-child-volume-1-kalakshetra-nienhuis-montessori\/"},"modified":"2020-04-27T11:02:18","modified_gmt":"2020-04-27T09:02:18","slug":"livre-creative-development-in-the-child-volume-1-kalakshetra","status":"publish","type":"product","link":"https:\/\/teiaeducation.ch\/fr\/produit\/livre-creative-development-in-the-child-volume-1-kalakshetra\/","title":{"rendered":"Livre : Creative Development In The Child : Volume 1 &#8211; Kalakshetra"},"content":{"rendered":"<p>Livre : Creative Development In The Child : Volume 1 &#8211; Kalakshetra<\/p>\n<p>Le livre \u00e0 couverture rigide The creative development in the child, volume 1 (en Anglais), publi\u00e9 par Kalakshetra, est bas\u00e9 sur les conf\u00e9rences du Dr Maria Montessori lors de son premier cours en Inde en 1939. Ce livre, qui a \u00e9t\u00e9 divis\u00e9 en deux volumes (le <a href=\"https:\/\/teiaeducation.ch\/fr\/produit\/livre-creative-development-in-the-child-volume-2-kalakshetra\/\">volume 2<\/a> est \u00e9galement disponible s\u00e9par\u00e9ment), explore l&#8217;approche Montessori de l&#8217;\u00e9ducation des enfants de trois \u00e0 six ans.<\/p>\n<p>Contenu :<\/p>\n<p>1 livre \u00e0 couverture rigide &#8211; 249 pages &#8211; \u00e9dition 1994 (Anglais)<\/p>\n","protected":false},"excerpt":{"rendered":"<p>Num\u00e9ro d&#8217;article : 549400<\/p>\n","protected":false},"featured_media":3829,"comment_status":"closed","ping_status":"closed","template":"","meta":[],"product_brand":[],"product_cat":[311,271,20666,20667,7595,1218,207,217,292],"product_tag":[1375,7861,1381,768,7815],"class_list":{"0":"post-23489","1":"product","2":"type-product","3":"status-publish","4":"has-post-thumbnail","6":"product_cat-livres-appui-au-curriculum","7":"product_cat-livres","8":"product_cat-livres-montessori","9":"product_cat-livres-sur-la-parentalite","10":"product_cat-methode-deducation","11":"product_cat-montessori-fr","12":"product_cat-nienhuis-montessori-materiel-fr","13":"product_cat-marques","14":"product_cat-appui-au-curriculum","15":"product_tag-dr-maria-montessori-fr","16":"product_tag-livre-creative-development-child","17":"product_tag-livres-montessori","18":"product_tag-materiel-montessori-suisse","19":"product_tag-support-au-programme-montessori","21":"first","22":"instock","23":"taxable","24":"shipping-taxable","25":"purchasable","26":"product-type-simple"},"yoast_head":"<!-- This site is optimized with the Yoast SEO plugin v27.3 - https:\/\/yoast.com\/product\/yoast-seo-wordpress\/ -->\n<title>Livre: Creative Development In The Child : Volume 1 - Kalakshetra<\/title>\n<meta name=\"description\" content=\"The creative development in the child, volume 1, publi\u00e9 par Kalakshetra, explore l&#039;approche Montessori de l&#039;\u00e9ducation des enfants de trois \u00e0 six ans.\" \/>\n<meta name=\"robots\" content=\"index, follow, max-snippet:-1, max-image-preview:large, max-video-preview:-1\" \/>\n<link rel=\"canonical\" href=\"https:\/\/teiaeducation.ch\/fr\/produit\/livre-creative-development-in-the-child-volume-1-kalakshetra\/\" \/>\n<meta property=\"og:locale\" content=\"fr_FR\" \/>\n<meta property=\"og:type\" content=\"article\" \/>\n<meta property=\"og:title\" content=\"Livre: Creative Development In The Child : Volume 1 - Kalakshetra\" \/>\n<meta property=\"og:description\" content=\"The creative development in the child, volume 1, publi\u00e9 par Kalakshetra, explore l&#039;approche Montessori de l&#039;\u00e9ducation des enfants de trois \u00e0 six ans.\" \/>\n<meta property=\"og:url\" content=\"https:\/\/teiaeducation.ch\/fr\/produit\/livre-creative-development-in-the-child-volume-1-kalakshetra\/\" \/>\n<meta property=\"og:site_name\" content=\"Sustainable Educational Products &amp; Ecological Toys\u00a0\" \/>\n<meta property=\"article:publisher\" content=\"https:\/\/www.facebook.com\/teiaeducation\/\" \/>\n<meta property=\"article:modified_time\" content=\"2020-04-27T09:02:18+00:00\" \/>\n<meta property=\"og:image\" content=\"https:\/\/teiaeducation.ch\/wp-content\/uploads\/2019\/02\/549400-scaled-scaled.jpg\" \/>\n\t<meta property=\"og:image:width\" content=\"2048\" \/>\n\t<meta property=\"og:image:height\" content=\"2048\" \/>\n\t<meta property=\"og:image:type\" content=\"image\/jpeg\" \/>\n<script type=\"application\/ld+json\" class=\"yoast-schema-graph\">{\"@context\":\"https:\\\/\\\/schema.org\",\"@graph\":[{\"@type\":\"WebPage\",\"@id\":\"https:\\\/\\\/teiaeducation.ch\\\/fr\\\/produit\\\/livre-creative-development-in-the-child-volume-1-kalakshetra\\\/\",\"url\":\"https:\\\/\\\/teiaeducation.ch\\\/fr\\\/produit\\\/livre-creative-development-in-the-child-volume-1-kalakshetra\\\/\",\"name\":\"Livre: Creative Development In The Child : Volume 1 - Kalakshetra\",\"isPartOf\":{\"@id\":\"https:\\\/\\\/teiaeducation.ch\\\/fr\\\/#website\"},\"primaryImageOfPage\":{\"@id\":\"https:\\\/\\\/teiaeducation.ch\\\/fr\\\/produit\\\/livre-creative-development-in-the-child-volume-1-kalakshetra\\\/#primaryimage\"},\"image\":{\"@id\":\"https:\\\/\\\/teiaeducation.ch\\\/fr\\\/produit\\\/livre-creative-development-in-the-child-volume-1-kalakshetra\\\/#primaryimage\"},\"thumbnailUrl\":\"https:\\\/\\\/teiaeducation.ch\\\/wp-content\\\/uploads\\\/2019\\\/02\\\/549400-scaled-scaled.jpg\",\"datePublished\":\"2019-02-03T21:38:13+00:00\",\"dateModified\":\"2020-04-27T09:02:18+00:00\",\"description\":\"The creative development in the child, volume 1, publi\u00e9 par Kalakshetra, explore l'approche Montessori de l'\u00e9ducation des enfants de trois \u00e0 six ans.\",\"breadcrumb\":{\"@id\":\"https:\\\/\\\/teiaeducation.ch\\\/fr\\\/produit\\\/livre-creative-development-in-the-child-volume-1-kalakshetra\\\/#breadcrumb\"},\"inLanguage\":\"fr-FR\",\"potentialAction\":[{\"@type\":\"ReadAction\",\"target\":[\"https:\\\/\\\/teiaeducation.ch\\\/fr\\\/produit\\\/livre-creative-development-in-the-child-volume-1-kalakshetra\\\/\"]}]},{\"@type\":\"ImageObject\",\"inLanguage\":\"fr-FR\",\"@id\":\"https:\\\/\\\/teiaeducation.ch\\\/fr\\\/produit\\\/livre-creative-development-in-the-child-volume-1-kalakshetra\\\/#primaryimage\",\"url\":\"https:\\\/\\\/teiaeducation.ch\\\/wp-content\\\/uploads\\\/2019\\\/02\\\/549400-scaled-scaled.jpg\",\"contentUrl\":\"https:\\\/\\\/teiaeducation.ch\\\/wp-content\\\/uploads\\\/2019\\\/02\\\/549400-scaled-scaled.jpg\",\"width\":2048,\"height\":2048,\"caption\":\"Livre Creative Development In The Child : Volume 1 Kalakshetra - Nienhuis Montessori\"},{\"@type\":\"BreadcrumbList\",\"@id\":\"https:\\\/\\\/teiaeducation.ch\\\/fr\\\/produit\\\/livre-creative-development-in-the-child-volume-1-kalakshetra\\\/#breadcrumb\",\"itemListElement\":[{\"@type\":\"ListItem\",\"position\":1,\"name\":\"Home\",\"item\":\"https:\\\/\\\/teiaeducation.ch\\\/fr\\\/\"},{\"@type\":\"ListItem\",\"position\":2,\"name\":\"Boutique Teia Education &amp; Play\",\"item\":\"https:\\\/\\\/teiaeducation.ch\\\/fr\\\/boutique\\\/\"},{\"@type\":\"ListItem\",\"position\":3,\"name\":\"Supports P\u00e9dagogiques\",\"item\":\"https:\\\/\\\/teiaeducation.ch\\\/fr\\\/categorie-produit\\\/appui-au-curriculum\\\/\"},{\"@type\":\"ListItem\",\"position\":4,\"name\":\"Livres\",\"item\":\"https:\\\/\\\/teiaeducation.ch\\\/fr\\\/categorie-produit\\\/appui-au-curriculum\\\/livres-appui-au-curriculum\\\/\"},{\"@type\":\"ListItem\",\"position\":5,\"name\":\"Livre : Creative Development In The Child : Volume 1 &#8211; Kalakshetra\"}]},{\"@type\":\"WebSite\",\"@id\":\"https:\\\/\\\/teiaeducation.ch\\\/fr\\\/#website\",\"url\":\"https:\\\/\\\/teiaeducation.ch\\\/fr\\\/\",\"name\":\"Sustainable Educational Products &amp; Ecological Toys\u00a0\",\"description\":\"Specialised Swiss shop selling sustainable educational toys and games, AMI certified Montessori materials, handmade ecological wooden Waldorf toys and arts &amp; crafts supplies, school supplies, children&#039;s furniture and Montessori reference and parenting books.\",\"publisher\":{\"@id\":\"https:\\\/\\\/teiaeducation.ch\\\/fr\\\/#organization\"},\"alternateName\":\"Teia Education & Play\",\"potentialAction\":[{\"@type\":\"SearchAction\",\"target\":{\"@type\":\"EntryPoint\",\"urlTemplate\":\"https:\\\/\\\/teiaeducation.ch\\\/fr\\\/?s={search_term_string}\"},\"query-input\":{\"@type\":\"PropertyValueSpecification\",\"valueRequired\":true,\"valueName\":\"search_term_string\"}}],\"inLanguage\":\"fr-FR\"},{\"@type\":\"Organization\",\"@id\":\"https:\\\/\\\/teiaeducation.ch\\\/fr\\\/#organization\",\"name\":\"Teia Education & Play\",\"url\":\"https:\\\/\\\/teiaeducation.ch\\\/fr\\\/\",\"logo\":{\"@type\":\"ImageObject\",\"inLanguage\":\"fr-FR\",\"@id\":\"https:\\\/\\\/teiaeducation.ch\\\/fr\\\/#\\\/schema\\\/logo\\\/image\\\/\",\"url\":\"https:\\\/\\\/teiaeducation.ch\\\/wp-content\\\/uploads\\\/2020\\\/11\\\/Teia-Education-Switzerland-e1620156442216.jpg\",\"contentUrl\":\"https:\\\/\\\/teiaeducation.ch\\\/wp-content\\\/uploads\\\/2020\\\/11\\\/Teia-Education-Switzerland-e1620156442216.jpg\",\"width\":166,\"height\":145,\"caption\":\"Teia Education & Play\"},\"image\":{\"@id\":\"https:\\\/\\\/teiaeducation.ch\\\/fr\\\/#\\\/schema\\\/logo\\\/image\\\/\"},\"sameAs\":[\"https:\\\/\\\/www.facebook.com\\\/teiaeducation\\\/\",\"https:\\\/\\\/x.com\\\/EducationTeia\",\"https:\\\/\\\/www.instagram.com\\\/teia.education\\\/\",\"https:\\\/\\\/www.linkedin.com\\\/company\\\/35501660\",\"https:\\\/\\\/www.pinterest.ch\\\/TeiaEducation\\\/\"]}]}<\/script>\n<!-- \/ Yoast SEO plugin. -->","yoast_head_json":{"title":"Livre: Creative Development In The Child : Volume 1 - Kalakshetra","description":"The creative development in the child, volume 1, publi\u00e9 par Kalakshetra, explore l'approche Montessori de l'\u00e9ducation des enfants de trois \u00e0 six ans.","robots":{"index":"index","follow":"follow","max-snippet":"max-snippet:-1","max-image-preview":"max-image-preview:large","max-video-preview":"max-video-preview:-1"},"canonical":"https:\/\/teiaeducation.ch\/fr\/produit\/livre-creative-development-in-the-child-volume-1-kalakshetra\/","og_locale":"fr_FR","og_type":"article","og_title":"Livre: Creative Development In The Child : Volume 1 - Kalakshetra","og_description":"The creative development in the child, volume 1, publi\u00e9 par Kalakshetra, explore l'approche Montessori de l'\u00e9ducation des enfants de trois \u00e0 six ans.","og_url":"https:\/\/teiaeducation.ch\/fr\/produit\/livre-creative-development-in-the-child-volume-1-kalakshetra\/","og_site_name":"Sustainable Educational Products &amp; Ecological Toys\u00a0","article_publisher":"https:\/\/www.facebook.com\/teiaeducation\/","article_modified_time":"2020-04-27T09:02:18+00:00","og_image":[{"width":2048,"height":2048,"url":"https:\/\/teiaeducation.ch\/wp-content\/uploads\/2019\/02\/549400-scaled-scaled.jpg","type":"image\/jpeg"}],"schema":{"@context":"https:\/\/schema.org","@graph":[{"@type":"WebPage","@id":"https:\/\/teiaeducation.ch\/fr\/produit\/livre-creative-development-in-the-child-volume-1-kalakshetra\/","url":"https:\/\/teiaeducation.ch\/fr\/produit\/livre-creative-development-in-the-child-volume-1-kalakshetra\/","name":"Livre: Creative Development In The Child : Volume 1 - Kalakshetra","isPartOf":{"@id":"https:\/\/teiaeducation.ch\/fr\/#website"},"primaryImageOfPage":{"@id":"https:\/\/teiaeducation.ch\/fr\/produit\/livre-creative-development-in-the-child-volume-1-kalakshetra\/#primaryimage"},"image":{"@id":"https:\/\/teiaeducation.ch\/fr\/produit\/livre-creative-development-in-the-child-volume-1-kalakshetra\/#primaryimage"},"thumbnailUrl":"https:\/\/teiaeducation.ch\/wp-content\/uploads\/2019\/02\/549400-scaled-scaled.jpg","datePublished":"2019-02-03T21:38:13+00:00","dateModified":"2020-04-27T09:02:18+00:00","description":"The creative development in the child, volume 1, publi\u00e9 par Kalakshetra, explore l'approche Montessori de l'\u00e9ducation des enfants de trois \u00e0 six ans.","breadcrumb":{"@id":"https:\/\/teiaeducation.ch\/fr\/produit\/livre-creative-development-in-the-child-volume-1-kalakshetra\/#breadcrumb"},"inLanguage":"fr-FR","potentialAction":[{"@type":"ReadAction","target":["https:\/\/teiaeducation.ch\/fr\/produit\/livre-creative-development-in-the-child-volume-1-kalakshetra\/"]}]},{"@type":"ImageObject","inLanguage":"fr-FR","@id":"https:\/\/teiaeducation.ch\/fr\/produit\/livre-creative-development-in-the-child-volume-1-kalakshetra\/#primaryimage","url":"https:\/\/teiaeducation.ch\/wp-content\/uploads\/2019\/02\/549400-scaled-scaled.jpg","contentUrl":"https:\/\/teiaeducation.ch\/wp-content\/uploads\/2019\/02\/549400-scaled-scaled.jpg","width":2048,"height":2048,"caption":"Livre Creative Development In The Child : Volume 1 Kalakshetra - Nienhuis Montessori"},{"@type":"BreadcrumbList","@id":"https:\/\/teiaeducation.ch\/fr\/produit\/livre-creative-development-in-the-child-volume-1-kalakshetra\/#breadcrumb","itemListElement":[{"@type":"ListItem","position":1,"name":"Home","item":"https:\/\/teiaeducation.ch\/fr\/"},{"@type":"ListItem","position":2,"name":"Boutique Teia Education &amp; Play","item":"https:\/\/teiaeducation.ch\/fr\/boutique\/"},{"@type":"ListItem","position":3,"name":"Supports P\u00e9dagogiques","item":"https:\/\/teiaeducation.ch\/fr\/categorie-produit\/appui-au-curriculum\/"},{"@type":"ListItem","position":4,"name":"Livres","item":"https:\/\/teiaeducation.ch\/fr\/categorie-produit\/appui-au-curriculum\/livres-appui-au-curriculum\/"},{"@type":"ListItem","position":5,"name":"Livre : Creative Development In The Child : Volume 1 &#8211; Kalakshetra"}]},{"@type":"WebSite","@id":"https:\/\/teiaeducation.ch\/fr\/#website","url":"https:\/\/teiaeducation.ch\/fr\/","name":"Sustainable Educational Products &amp; Ecological Toys\u00a0","description":"Specialised Swiss shop selling sustainable educational toys and games, AMI certified Montessori materials, handmade ecological wooden Waldorf toys and arts &amp; crafts supplies, school supplies, children&#039;s furniture and Montessori reference and parenting books.","publisher":{"@id":"https:\/\/teiaeducation.ch\/fr\/#organization"},"alternateName":"Teia Education & Play","potentialAction":[{"@type":"SearchAction","target":{"@type":"EntryPoint","urlTemplate":"https:\/\/teiaeducation.ch\/fr\/?s={search_term_string}"},"query-input":{"@type":"PropertyValueSpecification","valueRequired":true,"valueName":"search_term_string"}}],"inLanguage":"fr-FR"},{"@type":"Organization","@id":"https:\/\/teiaeducation.ch\/fr\/#organization","name":"Teia Education & Play","url":"https:\/\/teiaeducation.ch\/fr\/","logo":{"@type":"ImageObject","inLanguage":"fr-FR","@id":"https:\/\/teiaeducation.ch\/fr\/#\/schema\/logo\/image\/","url":"https:\/\/teiaeducation.ch\/wp-content\/uploads\/2020\/11\/Teia-Education-Switzerland-e1620156442216.jpg","contentUrl":"https:\/\/teiaeducation.ch\/wp-content\/uploads\/2020\/11\/Teia-Education-Switzerland-e1620156442216.jpg","width":166,"height":145,"caption":"Teia Education & Play"},"image":{"@id":"https:\/\/teiaeducation.ch\/fr\/#\/schema\/logo\/image\/"},"sameAs":["https:\/\/www.facebook.com\/teiaeducation\/","https:\/\/x.com\/EducationTeia","https:\/\/www.instagram.com\/teia.education\/","https:\/\/www.linkedin.com\/company\/35501660","https:\/\/www.pinterest.ch\/TeiaEducation\/"]}]}},"_links":{"self":[{"href":"https:\/\/teiaeducation.ch\/fr\/wp-json\/wp\/v2\/product\/23489","targetHints":{"allow":["GET"]}}],"collection":[{"href":"https:\/\/teiaeducation.ch\/fr\/wp-json\/wp\/v2\/product"}],"about":[{"href":"https:\/\/teiaeducation.ch\/fr\/wp-json\/wp\/v2\/types\/product"}],"replies":[{"embeddable":true,"href":"https:\/\/teiaeducation.ch\/fr\/wp-json\/wp\/v2\/comments?post=23489"}],"wp:featuredmedia":[{"embeddable":true,"href":"https:\/\/teiaeducation.ch\/fr\/wp-json\/wp\/v2\/media\/3829"}],"wp:attachment":[{"href":"https:\/\/teiaeducation.ch\/fr\/wp-json\/wp\/v2\/media?parent=23489"}],"wp:term":[{"taxonomy":"product_brand","embeddable":true,"href":"https:\/\/teiaeducation.ch\/fr\/wp-json\/wp\/v2\/product_brand?post=23489"},{"taxonomy":"product_cat","embeddable":true,"href":"https:\/\/teiaeducation.ch\/fr\/wp-json\/wp\/v2\/product_cat?post=23489"},{"taxonomy":"product_tag","embeddable":true,"href":"https:\/\/teiaeducation.ch\/fr\/wp-json\/wp\/v2\/product_tag?post=23489"}],"curies":[{"name":"wp","href":"https:\/\/api.w.org\/{rel}","templated":true}]}}