{"id":23493,"date":"2021-05-26T15:23:31","date_gmt":"2021-05-26T13:23:31","guid":{"rendered":"https:\/\/teiaeducation.ch\/product\/serie-dencastrements-a-plusieurs-formes-nienhuis-montessori\/"},"modified":"2023-10-12T20:46:37","modified_gmt":"2023-10-12T18:46:37","slug":"serie-dencastrements-a-plusieurs-formes-nienhuis-montessori","status":"publish","type":"product","link":"https:\/\/teiaeducation.ch\/fr\/produit\/serie-dencastrements-a-plusieurs-formes-nienhuis-montessori\/","title":{"rendered":"S\u00e9rie d&#8217;encastrements \u00e0 plusieurs formes &#8211; Nienhuis Montessori"},"content":{"rendered":"<p>S\u00e9rie d&#8217;encastrements \u00e0 plusieurs formes &#8211; Nienhuis Montessori<\/p>\n<p>La s\u00e9rie d&#8217;encastrements \u00e0 plusieurs formes de Nienhuis Montessori sont deux simples puzzles en bois de trois pi\u00e8ces chacun qui stimulent la motricit\u00e9 globale et la coordination \u0153il-main.<\/p>\n<p>La marque n\u00e9erlandaise Nienhuis Montessori est la marque leader mondiale Montessori, qui honore et perp\u00e9tue l\u2019h\u00e9ritage de Maria Montessori et fabrique la gamme la plus vaste et la plus innovante du mat\u00e9riel \u00e9ducatif Montessori. Tout les mat\u00e9riaux de Nienhuis Montessori sont certifi\u00e9s par le comit\u00e9 des mat\u00e9riaux de l\u2019Association Montessori Internationale (<a href=\"https:\/\/montessori-ami.org\/\">AMI<\/a>) et sont m\u00e9ticuleusement con\u00e7us pour isoler les difficult\u00e9s afin que les enfants puissent se concentrer, se ma\u00eetriser et s\u2019\u00e9panouir.<\/p>\n<p>Nienhuis Montessori est l\u2019une des marques de la soci\u00e9t\u00e9 n\u00e9erlandaise Heutink International, qui propose les meilleures marques \u00e9ducatives mondiales, sp\u00e9cialis\u00e9s\u00a0dans l\u2019apprentissage par le jeu.<\/p>\n<p>Ce mat\u00e9riel convient aux tout-petits.<\/p>\n<p>Contenu :<\/p>\n<p>2 puzzles de forme en bois de 3 pi\u00e8ces chacun<\/p>\n","protected":false},"excerpt":{"rendered":"<p>Num\u00e9ro d&#8217;article : 044200<\/p>\n","protected":false},"featured_media":12855,"comment_status":"closed","ping_status":"closed","template":"","meta":[],"product_brand":[],"product_cat":[208,633,635,283,17242,17237,21257,13130,624,288,7595,1218,207,217,205,5851,13148,209,212],"product_tag":[768,651,645,769,646,649,767,647,648,6456,7865,7864,23603],"class_list":{"0":"post-23493","1":"product","2":"type-product","3":"status-publish","4":"has-post-thumbnail","6":"product_cat-1-3-ans","7":"product_cat-apprendre-les-couleurs","8":"product_cat-competences-motrices","9":"product_cat-domaines-du-curriculum","10":"product_cat-guide-cadeaux-1-3-ans","11":"product_cat-guide-cadeaux-puzzles-en-bois","12":"product_cat-guides-cadeaux","13":"product_cat-jouer","14":"product_cat-formes","15":"product_cat-mathematiques-calcul","16":"product_cat-methode-deducation","17":"product_cat-montessori-fr","18":"product_cat-nienhuis-montessori-materiel-fr","19":"product_cat-marques","20":"product_cat-nourrisson-enfant-bas-age","21":"product_cat-nouveautes","22":"product_cat-puzzles-en-bois","23":"product_cat-sensorielles-motrices","24":"product_cat-tranche-dage","25":"product_tag-materiel-montessori-suisse","26":"product_tag-materiel-pedagogique-suisse","27":"product_tag-montessori-fr","28":"product_tag-montessori-bambine","29":"product_tag-montessori-materiels-suisse-fr","30":"product_tag-montessori-premier-age-fr","31":"product_tag-nienhuis-montessori-suisse-fr-2","32":"product_tag-nienhuis-montessori-suisse-fr","33":"product_tag-produits-educatifs","34":"product_tag-puzzle-montessori","35":"product_tag-serie-dencastrements-a-plusieurs-formes-montessori","36":"product_tag-serie-dencastrements-a-plusieurs-formes-nienhuis-montessori","37":"product_tag-wooden-toys-fr","39":"first","40":"onbackorder","41":"taxable","42":"shipping-taxable","43":"purchasable","44":"product-type-simple"},"yoast_head":"<!-- This site is optimized with the Yoast SEO Premium plugin v25.8 (Yoast SEO v27.4) - https:\/\/yoast.com\/product\/yoast-seo-premium-wordpress\/ -->\n<title>S\u00e9rie d&#039;encastrements \u00e0 plusieurs formes - Nienhuis Montessori - Teia Education &amp; Play<\/title>\n<meta name=\"description\" content=\"Les encastrements \u00e0 plusieurs formes de Nienhuis Montessori sont 2 simples puzzles en bois qui stimulent la motricit\u00e9 globale et la coordination \u0153il-main.\" \/>\n<meta name=\"robots\" content=\"index, follow, max-snippet:-1, max-image-preview:large, max-video-preview:-1\" \/>\n<link rel=\"canonical\" href=\"https:\/\/teiaeducation.ch\/fr\/produit\/serie-dencastrements-a-plusieurs-formes-nienhuis-montessori\/\" \/>\n<meta property=\"og:locale\" content=\"fr_FR\" \/>\n<meta property=\"og:type\" content=\"article\" \/>\n<meta property=\"og:title\" content=\"S\u00e9rie d&#039;encastrements \u00e0 plusieurs formes - Nienhuis Montessori\" \/>\n<meta property=\"og:description\" content=\"Les encastrements \u00e0 plusieurs formes de Nienhuis Montessori sont 2 simples puzzles en bois qui stimulent la motricit\u00e9 globale et la coordination \u0153il-main.\" \/>\n<meta property=\"og:url\" content=\"https:\/\/teiaeducation.ch\/fr\/produit\/serie-dencastrements-a-plusieurs-formes-nienhuis-montessori\/\" \/>\n<meta property=\"og:site_name\" content=\"Sustainable Educational Products &amp; Ecological Toys\u00a0\" \/>\n<meta property=\"article:publisher\" content=\"https:\/\/www.facebook.com\/teiaeducation\/\" \/>\n<meta property=\"article:modified_time\" content=\"2023-10-12T18:46:37+00:00\" \/>\n<meta property=\"og:image\" content=\"https:\/\/teiaeducation.ch\/wp-content\/uploads\/2019\/05\/400_044200_main_or_1-scaled-scaled.jpg\" \/>\n\t<meta property=\"og:image:width\" content=\"2048\" \/>\n\t<meta property=\"og:image:height\" content=\"2048\" \/>\n\t<meta property=\"og:image:type\" content=\"image\/jpeg\" \/>\n<script type=\"application\/ld+json\" class=\"yoast-schema-graph\">{\"@context\":\"https:\\\/\\\/schema.org\",\"@graph\":[{\"@type\":\"WebPage\",\"@id\":\"https:\\\/\\\/teiaeducation.ch\\\/fr\\\/produit\\\/serie-dencastrements-a-plusieurs-formes-nienhuis-montessori\\\/\",\"url\":\"https:\\\/\\\/teiaeducation.ch\\\/fr\\\/produit\\\/serie-dencastrements-a-plusieurs-formes-nienhuis-montessori\\\/\",\"name\":\"S\u00e9rie d'encastrements \u00e0 plusieurs formes - Nienhuis Montessori - Teia Education & Play\",\"isPartOf\":{\"@id\":\"https:\\\/\\\/teiaeducation.ch\\\/fr\\\/#website\"},\"primaryImageOfPage\":{\"@id\":\"https:\\\/\\\/teiaeducation.ch\\\/fr\\\/produit\\\/serie-dencastrements-a-plusieurs-formes-nienhuis-montessori\\\/#primaryimage\"},\"image\":{\"@id\":\"https:\\\/\\\/teiaeducation.ch\\\/fr\\\/produit\\\/serie-dencastrements-a-plusieurs-formes-nienhuis-montessori\\\/#primaryimage\"},\"thumbnailUrl\":\"https:\\\/\\\/teiaeducation.ch\\\/wp-content\\\/uploads\\\/2019\\\/05\\\/400_044200_main_or_1-scaled-scaled.jpg\",\"datePublished\":\"2021-05-26T13:23:31+00:00\",\"dateModified\":\"2023-10-12T18:46:37+00:00\",\"description\":\"Les encastrements \u00e0 plusieurs formes de Nienhuis Montessori sont 2 simples puzzles en bois qui stimulent la motricit\u00e9 globale et la coordination \u0153il-main.\",\"breadcrumb\":{\"@id\":\"https:\\\/\\\/teiaeducation.ch\\\/fr\\\/produit\\\/serie-dencastrements-a-plusieurs-formes-nienhuis-montessori\\\/#breadcrumb\"},\"inLanguage\":\"fr-FR\",\"potentialAction\":[{\"@type\":\"ReadAction\",\"target\":[\"https:\\\/\\\/teiaeducation.ch\\\/fr\\\/produit\\\/serie-dencastrements-a-plusieurs-formes-nienhuis-montessori\\\/\"]}]},{\"@type\":\"ImageObject\",\"inLanguage\":\"fr-FR\",\"@id\":\"https:\\\/\\\/teiaeducation.ch\\\/fr\\\/produit\\\/serie-dencastrements-a-plusieurs-formes-nienhuis-montessori\\\/#primaryimage\",\"url\":\"https:\\\/\\\/teiaeducation.ch\\\/wp-content\\\/uploads\\\/2019\\\/05\\\/400_044200_main_or_1-scaled-scaled.jpg\",\"contentUrl\":\"https:\\\/\\\/teiaeducation.ch\\\/wp-content\\\/uploads\\\/2019\\\/05\\\/400_044200_main_or_1-scaled-scaled.jpg\",\"width\":2048,\"height\":2048,\"caption\":\"Multiple Shape Puzzle Set - Nienhuis Montessori\"},{\"@type\":\"BreadcrumbList\",\"@id\":\"https:\\\/\\\/teiaeducation.ch\\\/fr\\\/produit\\\/serie-dencastrements-a-plusieurs-formes-nienhuis-montessori\\\/#breadcrumb\",\"itemListElement\":[{\"@type\":\"ListItem\",\"position\":1,\"name\":\"Home\",\"item\":\"https:\\\/\\\/teiaeducation.ch\\\/fr\\\/\"},{\"@type\":\"ListItem\",\"position\":2,\"name\":\"Boutique Teia Education &amp; Play\",\"item\":\"https:\\\/\\\/teiaeducation.ch\\\/fr\\\/boutique\\\/\"},{\"@type\":\"ListItem\",\"position\":3,\"name\":\"Nos Marques\",\"item\":\"https:\\\/\\\/teiaeducation.ch\\\/fr\\\/categorie-produit\\\/marques\\\/\"},{\"@type\":\"ListItem\",\"position\":4,\"name\":\"Nienhuis Montessori Suisse\",\"item\":\"https:\\\/\\\/teiaeducation.ch\\\/fr\\\/categorie-produit\\\/marques\\\/nienhuis-montessori-materiel-fr\\\/\"},{\"@type\":\"ListItem\",\"position\":5,\"name\":\"Nourrisson &amp; Enfant Bas \u00c2ge\",\"item\":\"https:\\\/\\\/teiaeducation.ch\\\/fr\\\/categorie-produit\\\/marques\\\/nienhuis-montessori-materiel-fr\\\/nourrisson-enfant-bas-age\\\/\"},{\"@type\":\"ListItem\",\"position\":6,\"name\":\"S\u00e9rie d&#8217;encastrements \u00e0 plusieurs formes &#8211; Nienhuis Montessori\"}]},{\"@type\":\"WebSite\",\"@id\":\"https:\\\/\\\/teiaeducation.ch\\\/fr\\\/#website\",\"url\":\"https:\\\/\\\/teiaeducation.ch\\\/fr\\\/\",\"name\":\"Sustainable Educational Products &amp; Ecological Toys\u00a0\",\"description\":\"Specialised Swiss shop selling sustainable educational toys and games, AMI certified Montessori materials, handmade ecological wooden Waldorf toys and arts &amp; crafts supplies, school supplies, children&#039;s furniture and Montessori reference and parenting books.\",\"publisher\":{\"@id\":\"https:\\\/\\\/teiaeducation.ch\\\/fr\\\/#organization\"},\"alternateName\":\"Teia Education & Play\",\"potentialAction\":[{\"@type\":\"SearchAction\",\"target\":{\"@type\":\"EntryPoint\",\"urlTemplate\":\"https:\\\/\\\/teiaeducation.ch\\\/fr\\\/?s={search_term_string}\"},\"query-input\":{\"@type\":\"PropertyValueSpecification\",\"valueRequired\":true,\"valueName\":\"search_term_string\"}}],\"inLanguage\":\"fr-FR\"},{\"@type\":\"Organization\",\"@id\":\"https:\\\/\\\/teiaeducation.ch\\\/fr\\\/#organization\",\"name\":\"Teia Education & Play\",\"url\":\"https:\\\/\\\/teiaeducation.ch\\\/fr\\\/\",\"logo\":{\"@type\":\"ImageObject\",\"inLanguage\":\"fr-FR\",\"@id\":\"https:\\\/\\\/teiaeducation.ch\\\/fr\\\/#\\\/schema\\\/logo\\\/image\\\/\",\"url\":\"https:\\\/\\\/teiaeducation.ch\\\/wp-content\\\/uploads\\\/2020\\\/11\\\/Teia-Education-Switzerland-e1620156442216.jpg\",\"contentUrl\":\"https:\\\/\\\/teiaeducation.ch\\\/wp-content\\\/uploads\\\/2020\\\/11\\\/Teia-Education-Switzerland-e1620156442216.jpg\",\"width\":166,\"height\":145,\"caption\":\"Teia Education & Play\"},\"image\":{\"@id\":\"https:\\\/\\\/teiaeducation.ch\\\/fr\\\/#\\\/schema\\\/logo\\\/image\\\/\"},\"sameAs\":[\"https:\\\/\\\/www.facebook.com\\\/teiaeducation\\\/\",\"https:\\\/\\\/x.com\\\/EducationTeia\",\"https:\\\/\\\/www.instagram.com\\\/teia.education\\\/\",\"https:\\\/\\\/www.linkedin.com\\\/company\\\/35501660\",\"https:\\\/\\\/www.pinterest.ch\\\/TeiaEducation\\\/\"]}]}<\/script>\n<meta property=\"product:price:amount\" content=\"132.00\" \/>\n<meta property=\"product:price:currency\" content=\"CHF\" \/>\n<meta property=\"og:availability\" content=\"backorder\" \/>\n<meta property=\"product:availability\" content=\"available for order\" \/>\n<meta property=\"product:retailer_item_id\" content=\"00000000000000000000000000000000000000000000000477\" \/>\n<meta property=\"product:condition\" content=\"new\" \/>\n<!-- \/ Yoast SEO Premium plugin. -->","yoast_head_json":{"title":"S\u00e9rie d'encastrements \u00e0 plusieurs formes - Nienhuis Montessori - Teia Education & Play","description":"Les encastrements \u00e0 plusieurs formes de Nienhuis Montessori sont 2 simples puzzles en bois qui stimulent la motricit\u00e9 globale et la coordination \u0153il-main.","robots":{"index":"index","follow":"follow","max-snippet":"max-snippet:-1","max-image-preview":"max-image-preview:large","max-video-preview":"max-video-preview:-1"},"canonical":"https:\/\/teiaeducation.ch\/fr\/produit\/serie-dencastrements-a-plusieurs-formes-nienhuis-montessori\/","og_locale":"fr_FR","og_type":"article","og_title":"S\u00e9rie d'encastrements \u00e0 plusieurs formes - Nienhuis Montessori","og_description":"Les encastrements \u00e0 plusieurs formes de Nienhuis Montessori sont 2 simples puzzles en bois qui stimulent la motricit\u00e9 globale et la coordination \u0153il-main.","og_url":"https:\/\/teiaeducation.ch\/fr\/produit\/serie-dencastrements-a-plusieurs-formes-nienhuis-montessori\/","og_site_name":"Sustainable Educational Products &amp; Ecological Toys\u00a0","article_publisher":"https:\/\/www.facebook.com\/teiaeducation\/","article_modified_time":"2023-10-12T18:46:37+00:00","og_image":[{"width":2048,"height":2048,"url":"https:\/\/teiaeducation.ch\/wp-content\/uploads\/2019\/05\/400_044200_main_or_1-scaled-scaled.jpg","type":"image\/jpeg"}],"schema":{"@context":"https:\/\/schema.org","@graph":[{"@type":"WebPage","@id":"https:\/\/teiaeducation.ch\/fr\/produit\/serie-dencastrements-a-plusieurs-formes-nienhuis-montessori\/","url":"https:\/\/teiaeducation.ch\/fr\/produit\/serie-dencastrements-a-plusieurs-formes-nienhuis-montessori\/","name":"S\u00e9rie d'encastrements \u00e0 plusieurs formes - Nienhuis Montessori - Teia Education & Play","isPartOf":{"@id":"https:\/\/teiaeducation.ch\/fr\/#website"},"primaryImageOfPage":{"@id":"https:\/\/teiaeducation.ch\/fr\/produit\/serie-dencastrements-a-plusieurs-formes-nienhuis-montessori\/#primaryimage"},"image":{"@id":"https:\/\/teiaeducation.ch\/fr\/produit\/serie-dencastrements-a-plusieurs-formes-nienhuis-montessori\/#primaryimage"},"thumbnailUrl":"https:\/\/teiaeducation.ch\/wp-content\/uploads\/2019\/05\/400_044200_main_or_1-scaled-scaled.jpg","datePublished":"2021-05-26T13:23:31+00:00","dateModified":"2023-10-12T18:46:37+00:00","description":"Les encastrements \u00e0 plusieurs formes de Nienhuis Montessori sont 2 simples puzzles en bois qui stimulent la motricit\u00e9 globale et la coordination \u0153il-main.","breadcrumb":{"@id":"https:\/\/teiaeducation.ch\/fr\/produit\/serie-dencastrements-a-plusieurs-formes-nienhuis-montessori\/#breadcrumb"},"inLanguage":"fr-FR","potentialAction":[{"@type":"ReadAction","target":["https:\/\/teiaeducation.ch\/fr\/produit\/serie-dencastrements-a-plusieurs-formes-nienhuis-montessori\/"]}]},{"@type":"ImageObject","inLanguage":"fr-FR","@id":"https:\/\/teiaeducation.ch\/fr\/produit\/serie-dencastrements-a-plusieurs-formes-nienhuis-montessori\/#primaryimage","url":"https:\/\/teiaeducation.ch\/wp-content\/uploads\/2019\/05\/400_044200_main_or_1-scaled-scaled.jpg","contentUrl":"https:\/\/teiaeducation.ch\/wp-content\/uploads\/2019\/05\/400_044200_main_or_1-scaled-scaled.jpg","width":2048,"height":2048,"caption":"Multiple Shape Puzzle Set - Nienhuis Montessori"},{"@type":"BreadcrumbList","@id":"https:\/\/teiaeducation.ch\/fr\/produit\/serie-dencastrements-a-plusieurs-formes-nienhuis-montessori\/#breadcrumb","itemListElement":[{"@type":"ListItem","position":1,"name":"Home","item":"https:\/\/teiaeducation.ch\/fr\/"},{"@type":"ListItem","position":2,"name":"Boutique Teia Education &amp; Play","item":"https:\/\/teiaeducation.ch\/fr\/boutique\/"},{"@type":"ListItem","position":3,"name":"Nos Marques","item":"https:\/\/teiaeducation.ch\/fr\/categorie-produit\/marques\/"},{"@type":"ListItem","position":4,"name":"Nienhuis Montessori Suisse","item":"https:\/\/teiaeducation.ch\/fr\/categorie-produit\/marques\/nienhuis-montessori-materiel-fr\/"},{"@type":"ListItem","position":5,"name":"Nourrisson &amp; Enfant Bas \u00c2ge","item":"https:\/\/teiaeducation.ch\/fr\/categorie-produit\/marques\/nienhuis-montessori-materiel-fr\/nourrisson-enfant-bas-age\/"},{"@type":"ListItem","position":6,"name":"S\u00e9rie d&#8217;encastrements \u00e0 plusieurs formes &#8211; Nienhuis Montessori"}]},{"@type":"WebSite","@id":"https:\/\/teiaeducation.ch\/fr\/#website","url":"https:\/\/teiaeducation.ch\/fr\/","name":"Sustainable Educational Products &amp; Ecological Toys\u00a0","description":"Specialised Swiss shop selling sustainable educational toys and games, AMI certified Montessori materials, handmade ecological wooden Waldorf toys and arts &amp; crafts supplies, school supplies, children&#039;s furniture and Montessori reference and parenting books.","publisher":{"@id":"https:\/\/teiaeducation.ch\/fr\/#organization"},"alternateName":"Teia Education & Play","potentialAction":[{"@type":"SearchAction","target":{"@type":"EntryPoint","urlTemplate":"https:\/\/teiaeducation.ch\/fr\/?s={search_term_string}"},"query-input":{"@type":"PropertyValueSpecification","valueRequired":true,"valueName":"search_term_string"}}],"inLanguage":"fr-FR"},{"@type":"Organization","@id":"https:\/\/teiaeducation.ch\/fr\/#organization","name":"Teia Education & Play","url":"https:\/\/teiaeducation.ch\/fr\/","logo":{"@type":"ImageObject","inLanguage":"fr-FR","@id":"https:\/\/teiaeducation.ch\/fr\/#\/schema\/logo\/image\/","url":"https:\/\/teiaeducation.ch\/wp-content\/uploads\/2020\/11\/Teia-Education-Switzerland-e1620156442216.jpg","contentUrl":"https:\/\/teiaeducation.ch\/wp-content\/uploads\/2020\/11\/Teia-Education-Switzerland-e1620156442216.jpg","width":166,"height":145,"caption":"Teia Education & Play"},"image":{"@id":"https:\/\/teiaeducation.ch\/fr\/#\/schema\/logo\/image\/"},"sameAs":["https:\/\/www.facebook.com\/teiaeducation\/","https:\/\/x.com\/EducationTeia","https:\/\/www.instagram.com\/teia.education\/","https:\/\/www.linkedin.com\/company\/35501660","https:\/\/www.pinterest.ch\/TeiaEducation\/"]}]},"product_price_amount":"132.00","product_price_currency":"CHF","og_availability":"backorder","product_availability":"available for order","product_retailer_item_id":"00000000000000000000000000000000000000000000000477","product_condition":"new"},"_links":{"self":[{"href":"https:\/\/teiaeducation.ch\/fr\/wp-json\/wp\/v2\/product\/23493","targetHints":{"allow":["GET"]}}],"collection":[{"href":"https:\/\/teiaeducation.ch\/fr\/wp-json\/wp\/v2\/product"}],"about":[{"href":"https:\/\/teiaeducation.ch\/fr\/wp-json\/wp\/v2\/types\/product"}],"replies":[{"embeddable":true,"href":"https:\/\/teiaeducation.ch\/fr\/wp-json\/wp\/v2\/comments?post=23493"}],"wp:featuredmedia":[{"embeddable":true,"href":"https:\/\/teiaeducation.ch\/fr\/wp-json\/wp\/v2\/media\/12855"}],"wp:attachment":[{"href":"https:\/\/teiaeducation.ch\/fr\/wp-json\/wp\/v2\/media?parent=23493"}],"wp:term":[{"taxonomy":"product_brand","embeddable":true,"href":"https:\/\/teiaeducation.ch\/fr\/wp-json\/wp\/v2\/product_brand?post=23493"},{"taxonomy":"product_cat","embeddable":true,"href":"https:\/\/teiaeducation.ch\/fr\/wp-json\/wp\/v2\/product_cat?post=23493"},{"taxonomy":"product_tag","embeddable":true,"href":"https:\/\/teiaeducation.ch\/fr\/wp-json\/wp\/v2\/product_tag?post=23493"}],"curies":[{"name":"wp","href":"https:\/\/api.w.org\/{rel}","templated":true}]}}