{"id":23502,"date":"2018-12-01T20:38:11","date_gmt":"2018-12-01T19:38:11","guid":{"rendered":"https:\/\/teiaeducation.ch\/product\/deuxieme-boite-des-tablettes-de-couleurs-nienhuis-montessori\/"},"modified":"2023-01-13T21:09:02","modified_gmt":"2023-01-13T20:09:02","slug":"deuxieme-boite-des-tablettes-de-couleurs-nienhuis-montessori","status":"publish","type":"product","link":"https:\/\/teiaeducation.ch\/fr\/produit\/deuxieme-boite-des-tablettes-de-couleurs-nienhuis-montessori\/","title":{"rendered":"Deuxi\u00e8me boite des tablettes de couleurs &#8211; Nienhuis Montessori"},"content":{"rendered":"<p>La deuxi\u00e8me boite des tablettes de couleurs de Nienhuis Montessori ajoute les couleurs secondaires : vert, orange, violet, rose, gris, noir, brun et blanc apr\u00e8s que l&#8217;enfant ait ma\u00eetris\u00e9 la <span class=\"tlid-translation translation\" lang=\"fr\"><span class=\"\" title=\"\"><a href=\"https:\/\/teiaeducation.ch\/fr\/produit\/premiere-boite-des-tablettes-de-couleurs-nienhuis-montessori\/\">premi\u00e8re bo\u00eete<\/a> des tablettes de couleurs.<\/span><\/span><\/p>\n<p>La marque n\u00e9erlandaise Nienhuis Montessori est la marque leader mondiale Montessori, qui honore et perp\u00e9tue l\u2019h\u00e9ritage de Maria Montessori et fabrique la gamme la plus vaste et la plus innovante du mat\u00e9riel \u00e9ducatif Montessori. Tout les mat\u00e9riaux de Nienhuis Montessori sont certifi\u00e9s par le comit\u00e9 des mat\u00e9riaux de l\u2019Association Montessori Internationale (<a href=\"https:\/\/montessori-ami.org\/\">AMI<\/a>) et sont m\u00e9ticuleusement con\u00e7us pour isoler les difficult\u00e9s afin que les enfants puissent se concentrer, se ma\u00eetriser et s\u2019\u00e9panouir.<\/p>\n<p>Nienhuis Montessori est l\u2019une des marques de la soci\u00e9t\u00e9 n\u00e9erlandaise Heutink International, qui propose les meilleures marques \u00e9ducatives mondiales, sp\u00e9cialis\u00e9s\u00a0dans l\u2019apprentissage par le jeu.<\/p>\n<p>Ce mat\u00e9riel convient aux enfants \u00e2g\u00e9s de 3 \u00e0 6 ans.<\/p>\n<p>Contenu :<\/p>\n<p>22 tablettes en bois peintes &#8211; une paire de chacune des couleurs secondaires : vert, orange, violet, rose, gris, noir, marron et blanc<br \/>\n1 bo\u00eete de rangement en bois avec couvercle<\/p>\n","protected":false},"excerpt":{"rendered":"<p>Num\u00e9ro d&#8217;article: 005200<\/p>\n<p>La deuxi\u00e8me boite des tablettes de couleurs de Nienhuis Montessori ajoute les couleurs secondaires : vert, orange, violet, rose, gris, noir, brun et blanc.<\/p>\n","protected":false},"featured_media":2298,"comment_status":"closed","ping_status":"closed","template":"","meta":[],"product_brand":[],"product_cat":[8527,215,633,283,8526,277,8567,207,217,13153,276,209,212],"product_tag":[7869],"class_list":{"0":"post-23502","1":"product","2":"type-product","3":"status-publish","4":"has-post-thumbnail","6":"product_cat-3-6-ans-ecole-a-domicile","7":"product_cat-3-6-ans","8":"product_cat-apprendre-les-couleurs","9":"product_cat-domaines-du-curriculum","10":"product_cat-fournitures-scolaires-a-domicile","11":"product_cat-materiel-indispensable","12":"product_cat-materiel-scolaire-montessori","13":"product_cat-nienhuis-montessori-materiel-fr","14":"product_cat-marques","15":"product_cat-pack-classe-3-6-ans","16":"product_cat-sensoriel","17":"product_cat-sensorielles-motrices","18":"product_cat-tranche-dage","19":"product_tag-deuxieme-boite-des-tablettes-de-couleurs-nienhuis-montessori","21":"first","22":"instock","23":"taxable","24":"shipping-taxable","25":"purchasable","26":"product-type-simple"},"yoast_head":"<!-- This site is optimized with the Yoast SEO plugin v27.1.1 - https:\/\/yoast.com\/product\/yoast-seo-wordpress\/ -->\n<title>Deuxi\u00e8me boite tablettes de couleurs - Nienhuis Montessori - Teia Education &amp; Play<\/title>\n<meta name=\"description\" content=\"La deuxi\u00e8me boite des tablettes de couleurs de Nienhuis Montessori ajoute les couleurs secondaires : vert, orange, violet, rose, gris, noir, brun et blanc.\" \/>\n<meta name=\"robots\" content=\"index, follow, max-snippet:-1, max-image-preview:large, max-video-preview:-1\" \/>\n<link rel=\"canonical\" href=\"https:\/\/teiaeducation.ch\/fr\/produit\/deuxieme-boite-des-tablettes-de-couleurs-nienhuis-montessori\/\" \/>\n<meta property=\"og:locale\" content=\"fr_FR\" \/>\n<meta property=\"og:type\" content=\"article\" \/>\n<meta property=\"og:title\" content=\"Deuxi\u00e8me boite tablettes de couleurs - Nienhuis Montessori - Teia Education &amp; Play\" \/>\n<meta property=\"og:description\" content=\"La deuxi\u00e8me boite des tablettes de couleurs de Nienhuis Montessori ajoute les couleurs secondaires : vert, orange, violet, rose, gris, noir, brun et blanc.\" \/>\n<meta property=\"og:url\" content=\"https:\/\/teiaeducation.ch\/fr\/produit\/deuxieme-boite-des-tablettes-de-couleurs-nienhuis-montessori\/\" \/>\n<meta property=\"og:site_name\" content=\"Sustainable Educational Products &amp; Ecological Toys\u00a0\" \/>\n<meta property=\"article:publisher\" content=\"https:\/\/www.facebook.com\/teiaeducation\/\" \/>\n<meta property=\"article:modified_time\" content=\"2023-01-13T20:09:02+00:00\" \/>\n<meta property=\"og:image\" content=\"https:\/\/teiaeducation.ch\/wp-content\/uploads\/2018\/12\/005200-scaled-scaled.jpg\" \/>\n\t<meta property=\"og:image:width\" content=\"2048\" \/>\n\t<meta property=\"og:image:height\" content=\"2048\" \/>\n\t<meta property=\"og:image:type\" content=\"image\/jpeg\" \/>\n<script type=\"application\/ld+json\" class=\"yoast-schema-graph\">{\"@context\":\"https:\/\/schema.org\",\"@graph\":[{\"@type\":\"WebPage\",\"@id\":\"https:\/\/teiaeducation.ch\/fr\/produit\/deuxieme-boite-des-tablettes-de-couleurs-nienhuis-montessori\/\",\"url\":\"https:\/\/teiaeducation.ch\/fr\/produit\/deuxieme-boite-des-tablettes-de-couleurs-nienhuis-montessori\/\",\"name\":\"Deuxi\u00e8me boite tablettes de couleurs - Nienhuis Montessori - Teia Education & Play\",\"isPartOf\":{\"@id\":\"https:\/\/teiaeducation.ch\/fr\/#website\"},\"primaryImageOfPage\":{\"@id\":\"https:\/\/teiaeducation.ch\/fr\/produit\/deuxieme-boite-des-tablettes-de-couleurs-nienhuis-montessori\/#primaryimage\"},\"image\":{\"@id\":\"https:\/\/teiaeducation.ch\/fr\/produit\/deuxieme-boite-des-tablettes-de-couleurs-nienhuis-montessori\/#primaryimage\"},\"thumbnailUrl\":\"https:\/\/teiaeducation.ch\/wp-content\/uploads\/2018\/12\/005200-scaled-scaled.jpg\",\"datePublished\":\"2018-12-01T19:38:11+00:00\",\"dateModified\":\"2023-01-13T20:09:02+00:00\",\"description\":\"La deuxi\u00e8me boite des tablettes de couleurs de Nienhuis Montessori ajoute les couleurs secondaires : vert, orange, violet, rose, gris, noir, brun et blanc.\",\"breadcrumb\":{\"@id\":\"https:\/\/teiaeducation.ch\/fr\/produit\/deuxieme-boite-des-tablettes-de-couleurs-nienhuis-montessori\/#breadcrumb\"},\"inLanguage\":\"fr-FR\",\"potentialAction\":[{\"@type\":\"ReadAction\",\"target\":[\"https:\/\/teiaeducation.ch\/fr\/produit\/deuxieme-boite-des-tablettes-de-couleurs-nienhuis-montessori\/\"]}]},{\"@type\":\"ImageObject\",\"inLanguage\":\"fr-FR\",\"@id\":\"https:\/\/teiaeducation.ch\/fr\/produit\/deuxieme-boite-des-tablettes-de-couleurs-nienhuis-montessori\/#primaryimage\",\"url\":\"https:\/\/teiaeducation.ch\/wp-content\/uploads\/2018\/12\/005200-scaled-scaled.jpg\",\"contentUrl\":\"https:\/\/teiaeducation.ch\/wp-content\/uploads\/2018\/12\/005200-scaled-scaled.jpg\",\"width\":2048,\"height\":2048,\"caption\":\"Deuxi\u00e8me boite des tablettes de couleurs - Nienhuis Montessori\"},{\"@type\":\"BreadcrumbList\",\"@id\":\"https:\/\/teiaeducation.ch\/fr\/produit\/deuxieme-boite-des-tablettes-de-couleurs-nienhuis-montessori\/#breadcrumb\",\"itemListElement\":[{\"@type\":\"ListItem\",\"position\":1,\"name\":\"Home\",\"item\":\"https:\/\/teiaeducation.ch\/fr\/\"},{\"@type\":\"ListItem\",\"position\":2,\"name\":\"Boutique Teia Education &amp; Play\",\"item\":\"https:\/\/teiaeducation.ch\/fr\/boutique\/\"},{\"@type\":\"ListItem\",\"position\":3,\"name\":\"Nos Marques\",\"item\":\"https:\/\/teiaeducation.ch\/fr\/categorie-produit\/marques\/\"},{\"@type\":\"ListItem\",\"position\":4,\"name\":\"Nienhuis Montessori Suisse\",\"item\":\"https:\/\/teiaeducation.ch\/fr\/categorie-produit\/marques\/nienhuis-montessori-materiel-fr\/\"},{\"@type\":\"ListItem\",\"position\":5,\"name\":\"Sensoriel\",\"item\":\"https:\/\/teiaeducation.ch\/fr\/categorie-produit\/marques\/nienhuis-montessori-materiel-fr\/sensoriel\/\"},{\"@type\":\"ListItem\",\"position\":6,\"name\":\"Deuxi\u00e8me boite des tablettes de couleurs &#8211; Nienhuis Montessori\"}]},{\"@type\":\"WebSite\",\"@id\":\"https:\/\/teiaeducation.ch\/fr\/#website\",\"url\":\"https:\/\/teiaeducation.ch\/fr\/\",\"name\":\"Sustainable Educational Products &amp; Ecological Toys\u00a0\",\"description\":\"Specialised Swiss shop selling sustainable educational toys and games, AMI certified Montessori materials, handmade ecological wooden Waldorf toys and arts &amp; crafts supplies, school supplies, children&#039;s furniture and Montessori reference and parenting books.\",\"publisher\":{\"@id\":\"https:\/\/teiaeducation.ch\/fr\/#organization\"},\"alternateName\":\"Teia Education & Play\",\"potentialAction\":[{\"@type\":\"SearchAction\",\"target\":{\"@type\":\"EntryPoint\",\"urlTemplate\":\"https:\/\/teiaeducation.ch\/fr\/?s={search_term_string}\"},\"query-input\":{\"@type\":\"PropertyValueSpecification\",\"valueRequired\":true,\"valueName\":\"search_term_string\"}}],\"inLanguage\":\"fr-FR\"},{\"@type\":\"Organization\",\"@id\":\"https:\/\/teiaeducation.ch\/fr\/#organization\",\"name\":\"Teia Education & Play\",\"url\":\"https:\/\/teiaeducation.ch\/fr\/\",\"logo\":{\"@type\":\"ImageObject\",\"inLanguage\":\"fr-FR\",\"@id\":\"https:\/\/teiaeducation.ch\/fr\/#\/schema\/logo\/image\/\",\"url\":\"https:\/\/teiaeducation.ch\/wp-content\/uploads\/2020\/11\/Teia-Education-Switzerland-e1620156442216.jpg\",\"contentUrl\":\"https:\/\/teiaeducation.ch\/wp-content\/uploads\/2020\/11\/Teia-Education-Switzerland-e1620156442216.jpg\",\"width\":166,\"height\":145,\"caption\":\"Teia Education & Play\"},\"image\":{\"@id\":\"https:\/\/teiaeducation.ch\/fr\/#\/schema\/logo\/image\/\"},\"sameAs\":[\"https:\/\/www.facebook.com\/teiaeducation\/\",\"https:\/\/x.com\/EducationTeia\",\"https:\/\/www.instagram.com\/teia.education\/\",\"https:\/\/www.linkedin.com\/company\/35501660\",\"https:\/\/www.pinterest.ch\/TeiaEducation\/\"]}]}<\/script>\n<!-- \/ Yoast SEO plugin. -->","yoast_head_json":{"title":"Deuxi\u00e8me boite tablettes de couleurs - Nienhuis Montessori - Teia Education & Play","description":"La deuxi\u00e8me boite des tablettes de couleurs de Nienhuis Montessori ajoute les couleurs secondaires : vert, orange, violet, rose, gris, noir, brun et blanc.","robots":{"index":"index","follow":"follow","max-snippet":"max-snippet:-1","max-image-preview":"max-image-preview:large","max-video-preview":"max-video-preview:-1"},"canonical":"https:\/\/teiaeducation.ch\/fr\/produit\/deuxieme-boite-des-tablettes-de-couleurs-nienhuis-montessori\/","og_locale":"fr_FR","og_type":"article","og_title":"Deuxi\u00e8me boite tablettes de couleurs - Nienhuis Montessori - Teia Education & Play","og_description":"La deuxi\u00e8me boite des tablettes de couleurs de Nienhuis Montessori ajoute les couleurs secondaires : vert, orange, violet, rose, gris, noir, brun et blanc.","og_url":"https:\/\/teiaeducation.ch\/fr\/produit\/deuxieme-boite-des-tablettes-de-couleurs-nienhuis-montessori\/","og_site_name":"Sustainable Educational Products &amp; Ecological Toys\u00a0","article_publisher":"https:\/\/www.facebook.com\/teiaeducation\/","article_modified_time":"2023-01-13T20:09:02+00:00","og_image":[{"width":2048,"height":2048,"url":"https:\/\/teiaeducation.ch\/wp-content\/uploads\/2018\/12\/005200-scaled-scaled.jpg","type":"image\/jpeg"}],"schema":{"@context":"https:\/\/schema.org","@graph":[{"@type":"WebPage","@id":"https:\/\/teiaeducation.ch\/fr\/produit\/deuxieme-boite-des-tablettes-de-couleurs-nienhuis-montessori\/","url":"https:\/\/teiaeducation.ch\/fr\/produit\/deuxieme-boite-des-tablettes-de-couleurs-nienhuis-montessori\/","name":"Deuxi\u00e8me boite tablettes de couleurs - Nienhuis Montessori - Teia Education & Play","isPartOf":{"@id":"https:\/\/teiaeducation.ch\/fr\/#website"},"primaryImageOfPage":{"@id":"https:\/\/teiaeducation.ch\/fr\/produit\/deuxieme-boite-des-tablettes-de-couleurs-nienhuis-montessori\/#primaryimage"},"image":{"@id":"https:\/\/teiaeducation.ch\/fr\/produit\/deuxieme-boite-des-tablettes-de-couleurs-nienhuis-montessori\/#primaryimage"},"thumbnailUrl":"https:\/\/teiaeducation.ch\/wp-content\/uploads\/2018\/12\/005200-scaled-scaled.jpg","datePublished":"2018-12-01T19:38:11+00:00","dateModified":"2023-01-13T20:09:02+00:00","description":"La deuxi\u00e8me boite des tablettes de couleurs de Nienhuis Montessori ajoute les couleurs secondaires : vert, orange, violet, rose, gris, noir, brun et blanc.","breadcrumb":{"@id":"https:\/\/teiaeducation.ch\/fr\/produit\/deuxieme-boite-des-tablettes-de-couleurs-nienhuis-montessori\/#breadcrumb"},"inLanguage":"fr-FR","potentialAction":[{"@type":"ReadAction","target":["https:\/\/teiaeducation.ch\/fr\/produit\/deuxieme-boite-des-tablettes-de-couleurs-nienhuis-montessori\/"]}]},{"@type":"ImageObject","inLanguage":"fr-FR","@id":"https:\/\/teiaeducation.ch\/fr\/produit\/deuxieme-boite-des-tablettes-de-couleurs-nienhuis-montessori\/#primaryimage","url":"https:\/\/teiaeducation.ch\/wp-content\/uploads\/2018\/12\/005200-scaled-scaled.jpg","contentUrl":"https:\/\/teiaeducation.ch\/wp-content\/uploads\/2018\/12\/005200-scaled-scaled.jpg","width":2048,"height":2048,"caption":"Deuxi\u00e8me boite des tablettes de couleurs - Nienhuis Montessori"},{"@type":"BreadcrumbList","@id":"https:\/\/teiaeducation.ch\/fr\/produit\/deuxieme-boite-des-tablettes-de-couleurs-nienhuis-montessori\/#breadcrumb","itemListElement":[{"@type":"ListItem","position":1,"name":"Home","item":"https:\/\/teiaeducation.ch\/fr\/"},{"@type":"ListItem","position":2,"name":"Boutique Teia Education &amp; Play","item":"https:\/\/teiaeducation.ch\/fr\/boutique\/"},{"@type":"ListItem","position":3,"name":"Nos Marques","item":"https:\/\/teiaeducation.ch\/fr\/categorie-produit\/marques\/"},{"@type":"ListItem","position":4,"name":"Nienhuis Montessori Suisse","item":"https:\/\/teiaeducation.ch\/fr\/categorie-produit\/marques\/nienhuis-montessori-materiel-fr\/"},{"@type":"ListItem","position":5,"name":"Sensoriel","item":"https:\/\/teiaeducation.ch\/fr\/categorie-produit\/marques\/nienhuis-montessori-materiel-fr\/sensoriel\/"},{"@type":"ListItem","position":6,"name":"Deuxi\u00e8me boite des tablettes de couleurs &#8211; Nienhuis Montessori"}]},{"@type":"WebSite","@id":"https:\/\/teiaeducation.ch\/fr\/#website","url":"https:\/\/teiaeducation.ch\/fr\/","name":"Sustainable Educational Products &amp; Ecological Toys\u00a0","description":"Specialised Swiss shop selling sustainable educational toys and games, AMI certified Montessori materials, handmade ecological wooden Waldorf toys and arts &amp; crafts supplies, school supplies, children&#039;s furniture and Montessori reference and parenting books.","publisher":{"@id":"https:\/\/teiaeducation.ch\/fr\/#organization"},"alternateName":"Teia Education & Play","potentialAction":[{"@type":"SearchAction","target":{"@type":"EntryPoint","urlTemplate":"https:\/\/teiaeducation.ch\/fr\/?s={search_term_string}"},"query-input":{"@type":"PropertyValueSpecification","valueRequired":true,"valueName":"search_term_string"}}],"inLanguage":"fr-FR"},{"@type":"Organization","@id":"https:\/\/teiaeducation.ch\/fr\/#organization","name":"Teia Education & Play","url":"https:\/\/teiaeducation.ch\/fr\/","logo":{"@type":"ImageObject","inLanguage":"fr-FR","@id":"https:\/\/teiaeducation.ch\/fr\/#\/schema\/logo\/image\/","url":"https:\/\/teiaeducation.ch\/wp-content\/uploads\/2020\/11\/Teia-Education-Switzerland-e1620156442216.jpg","contentUrl":"https:\/\/teiaeducation.ch\/wp-content\/uploads\/2020\/11\/Teia-Education-Switzerland-e1620156442216.jpg","width":166,"height":145,"caption":"Teia Education & Play"},"image":{"@id":"https:\/\/teiaeducation.ch\/fr\/#\/schema\/logo\/image\/"},"sameAs":["https:\/\/www.facebook.com\/teiaeducation\/","https:\/\/x.com\/EducationTeia","https:\/\/www.instagram.com\/teia.education\/","https:\/\/www.linkedin.com\/company\/35501660","https:\/\/www.pinterest.ch\/TeiaEducation\/"]}]}},"_links":{"self":[{"href":"https:\/\/teiaeducation.ch\/fr\/wp-json\/wp\/v2\/product\/23502","targetHints":{"allow":["GET"]}}],"collection":[{"href":"https:\/\/teiaeducation.ch\/fr\/wp-json\/wp\/v2\/product"}],"about":[{"href":"https:\/\/teiaeducation.ch\/fr\/wp-json\/wp\/v2\/types\/product"}],"replies":[{"embeddable":true,"href":"https:\/\/teiaeducation.ch\/fr\/wp-json\/wp\/v2\/comments?post=23502"}],"wp:featuredmedia":[{"embeddable":true,"href":"https:\/\/teiaeducation.ch\/fr\/wp-json\/wp\/v2\/media\/2298"}],"wp:attachment":[{"href":"https:\/\/teiaeducation.ch\/fr\/wp-json\/wp\/v2\/media?parent=23502"}],"wp:term":[{"taxonomy":"product_brand","embeddable":true,"href":"https:\/\/teiaeducation.ch\/fr\/wp-json\/wp\/v2\/product_brand?post=23502"},{"taxonomy":"product_cat","embeddable":true,"href":"https:\/\/teiaeducation.ch\/fr\/wp-json\/wp\/v2\/product_cat?post=23502"},{"taxonomy":"product_tag","embeddable":true,"href":"https:\/\/teiaeducation.ch\/fr\/wp-json\/wp\/v2\/product_tag?post=23502"}],"curies":[{"name":"wp","href":"https:\/\/api.w.org\/{rel}","templated":true}]}}