{"id":23503,"date":"2018-12-01T20:36:50","date_gmt":"2018-12-01T19:36:50","guid":{"rendered":"https:\/\/teiaeducation.ch\/product\/boite-des-couleurs-supplementaire-32-paires-nienhuis-montessori\/"},"modified":"2021-11-29T15:14:55","modified_gmt":"2021-11-29T14:14:55","slug":"boite-des-couleurs-supplementaires-32-paires-nienhuis-montessori","status":"publish","type":"product","link":"https:\/\/teiaeducation.ch\/fr\/produit\/boite-des-couleurs-supplementaires-32-paires-nienhuis-montessori\/","title":{"rendered":"Boite des couleurs suppl\u00e9mentaires : 32 paires &#8211; Nienhuis Montessori"},"content":{"rendered":"<p>La boite des couleurs suppl\u00e9mentaires avec 32 paires contient des 4 nuances assorties de : rouge, bleu, jaune, violet, vert, marron, rose et gris des couleurs suppl\u00e9mentaires\u00a0et est un compl\u00e9ment aux la <a href=\"https:\/\/teiaeducation.ch\/fr\/produit\/premiere-boite-des-tablettes-de-couleurs-nienhuis-montessori\/\">premi\u00e8re<\/a>, <a href=\"https:\/\/teiaeducation.ch\/fr\/produit\/deuxieme-boite-des-tablettes-de-couleurs-nienhuis-montessori\/\">deuxi\u00e8me<\/a> et <a href=\"https:\/\/teiaeducation.ch\/fr\/produit\/troisieme-boite-des-tablettes-de-couleurs-nienhuis-montessori\/\">troisi\u00e8me<\/a>\u00a0bo\u00eete de tablettes de couleur de Nienhuis Montessori.<\/p>\n<p>La marque n\u00e9erlandaise Nienhuis Montessori est la marque leader mondiale Montessori, qui honore et perp\u00e9tue l\u2019h\u00e9ritage de Maria Montessori et fabrique la gamme la plus vaste et la plus innovante du mat\u00e9riel \u00e9ducatif Montessori. Tout les mat\u00e9riaux de Nienhuis Montessori sont certifi\u00e9s par le comit\u00e9 des mat\u00e9riaux de l\u2019Association Montessori Internationale (<a href=\"https:\/\/montessori-ami.org\/\">AMI<\/a>) et sont m\u00e9ticuleusement con\u00e7us pour isoler les difficult\u00e9s afin que les enfants puissent se concentrer, se ma\u00eetriser et s\u2019\u00e9panouir.<\/p>\n<p>Nienhuis Montessori est l\u2019une des marques de la soci\u00e9t\u00e9 n\u00e9erlandaise Heutink International, qui propose les meilleures marques \u00e9ducatives mondiales, sp\u00e9cialis\u00e9s\u00a0dans l\u2019apprentissage par le jeu.<\/p>\n<p>Ce mat\u00e9riel convient aux enfants \u00e2g\u00e9s de 3 \u00e0 6 ans.<\/p>\n<p>Contenu :<\/p>\n<p>64 tablettes en bois peint : 32 paires de 4 teintes assorties de chacune des couleurs : rouge, bleu, jaune, violet, vert, marron, rose et gris<br \/>\n1 bo\u00eete de rangement en bois avec couvercle (34 x 16 x 4 cm)<\/p>\n","protected":false},"excerpt":{"rendered":"<p>Num\u00e9ro d&#8217;article: 0053A0<\/p>\n<p>La boite des couleurs suppl\u00e9mentaires de Nienhuis Montessori contient 4 nuances assorties de : rouge, bleu, jaune, violet, vert, marron, rose et gris.<\/p>\n","protected":false},"featured_media":2294,"comment_status":"closed","ping_status":"closed","template":"","meta":[],"product_brand":[],"product_cat":[8527,215,633,16898,18893,283,8526,277,8567,7595,1218,207,217,13153,276,209,212],"product_tag":[7870,768,829,645,646,647,767,830,804,805],"class_list":{"0":"post-23503","1":"product","2":"type-product","3":"status-publish","4":"has-post-thumbnail","6":"product_cat-3-6-ans-ecole-a-domicile","7":"product_cat-3-6-ans","8":"product_cat-apprendre-les-couleurs","9":"product_cat-collection-automne","10":"product_cat-collection-printemps","11":"product_cat-domaines-du-curriculum","12":"product_cat-fournitures-scolaires-a-domicile","13":"product_cat-materiel-indispensable","14":"product_cat-materiel-scolaire-montessori","15":"product_cat-methode-deducation","16":"product_cat-montessori-fr","17":"product_cat-nienhuis-montessori-materiel-fr","18":"product_cat-marques","19":"product_cat-pack-classe-3-6-ans","20":"product_cat-sensoriel","21":"product_cat-sensorielles-motrices","22":"product_cat-tranche-dage","23":"product_tag-boite-des-couleurs-supplementaire-32-paires-nienhuis-montessori","24":"product_tag-materiel-montessori-suisse","25":"product_tag-materiel-sensoriels-montessori","26":"product_tag-montessori-fr","27":"product_tag-montessori-materiels-suisse-fr","28":"product_tag-nienhuis-montessori-suisse-fr","29":"product_tag-nienhuis-montessori-suisse-fr-2","30":"product_tag-sensorial-nienhuis-montessori-fr","31":"product_tag-sensorielle-montessori-fr","32":"product_tag-sensorielle-nienhuis-montessori-fr","34":"first","35":"instock","36":"taxable","37":"shipping-taxable","38":"purchasable","39":"product-type-simple"},"yoast_head":"<!-- This site is optimized with the Yoast SEO plugin v27.1.1 - https:\/\/yoast.com\/product\/yoast-seo-wordpress\/ -->\n<title>Boite des couleurs suppl\u00e9mentaires : 32 paires - Nienhuis Montessori - Teia Education &amp; Play<\/title>\n<meta name=\"description\" content=\"La boite des couleurs suppl\u00e9mentaires de Nienhuis Montessori contient 4 nuances assorties de : rouge, bleu, jaune, violet, vert, marron, rose et gris.\" \/>\n<meta name=\"robots\" content=\"index, follow, max-snippet:-1, max-image-preview:large, max-video-preview:-1\" \/>\n<link rel=\"canonical\" href=\"https:\/\/teiaeducation.ch\/fr\/produit\/boite-des-couleurs-supplementaires-32-paires-nienhuis-montessori\/\" \/>\n<meta property=\"og:locale\" content=\"fr_FR\" \/>\n<meta property=\"og:type\" content=\"article\" \/>\n<meta property=\"og:title\" content=\"Boite des couleurs suppl\u00e9mentaires : 32 paires - Nienhuis Montessori - Teia Education &amp; Play\" \/>\n<meta property=\"og:description\" content=\"La boite des couleurs suppl\u00e9mentaires de Nienhuis Montessori contient 4 nuances assorties de : rouge, bleu, jaune, violet, vert, marron, rose et gris.\" \/>\n<meta property=\"og:url\" content=\"https:\/\/teiaeducation.ch\/fr\/produit\/boite-des-couleurs-supplementaires-32-paires-nienhuis-montessori\/\" \/>\n<meta property=\"og:site_name\" content=\"Sustainable Educational Products &amp; Ecological Toys\u00a0\" \/>\n<meta property=\"article:publisher\" content=\"https:\/\/www.facebook.com\/teiaeducation\/\" \/>\n<meta property=\"article:modified_time\" content=\"2021-11-29T14:14:55+00:00\" \/>\n<meta property=\"og:image\" content=\"https:\/\/teiaeducation.ch\/wp-content\/uploads\/2018\/12\/0053A0-scaled-scaled.jpg\" \/>\n\t<meta property=\"og:image:width\" content=\"2048\" \/>\n\t<meta property=\"og:image:height\" content=\"2048\" \/>\n\t<meta property=\"og:image:type\" content=\"image\/jpeg\" \/>\n<script type=\"application\/ld+json\" class=\"yoast-schema-graph\">{\"@context\":\"https:\/\/schema.org\",\"@graph\":[{\"@type\":\"WebPage\",\"@id\":\"https:\/\/teiaeducation.ch\/fr\/produit\/boite-des-couleurs-supplementaires-32-paires-nienhuis-montessori\/\",\"url\":\"https:\/\/teiaeducation.ch\/fr\/produit\/boite-des-couleurs-supplementaires-32-paires-nienhuis-montessori\/\",\"name\":\"Boite des couleurs suppl\u00e9mentaires : 32 paires - Nienhuis Montessori - Teia Education & Play\",\"isPartOf\":{\"@id\":\"https:\/\/teiaeducation.ch\/fr\/#website\"},\"primaryImageOfPage\":{\"@id\":\"https:\/\/teiaeducation.ch\/fr\/produit\/boite-des-couleurs-supplementaires-32-paires-nienhuis-montessori\/#primaryimage\"},\"image\":{\"@id\":\"https:\/\/teiaeducation.ch\/fr\/produit\/boite-des-couleurs-supplementaires-32-paires-nienhuis-montessori\/#primaryimage\"},\"thumbnailUrl\":\"https:\/\/teiaeducation.ch\/wp-content\/uploads\/2018\/12\/0053A0-scaled-scaled.jpg\",\"datePublished\":\"2018-12-01T19:36:50+00:00\",\"dateModified\":\"2021-11-29T14:14:55+00:00\",\"description\":\"La boite des couleurs suppl\u00e9mentaires de Nienhuis Montessori contient 4 nuances assorties de : rouge, bleu, jaune, violet, vert, marron, rose et gris.\",\"breadcrumb\":{\"@id\":\"https:\/\/teiaeducation.ch\/fr\/produit\/boite-des-couleurs-supplementaires-32-paires-nienhuis-montessori\/#breadcrumb\"},\"inLanguage\":\"fr-FR\",\"potentialAction\":[{\"@type\":\"ReadAction\",\"target\":[\"https:\/\/teiaeducation.ch\/fr\/produit\/boite-des-couleurs-supplementaires-32-paires-nienhuis-montessori\/\"]}]},{\"@type\":\"ImageObject\",\"inLanguage\":\"fr-FR\",\"@id\":\"https:\/\/teiaeducation.ch\/fr\/produit\/boite-des-couleurs-supplementaires-32-paires-nienhuis-montessori\/#primaryimage\",\"url\":\"https:\/\/teiaeducation.ch\/wp-content\/uploads\/2018\/12\/0053A0-scaled-scaled.jpg\",\"contentUrl\":\"https:\/\/teiaeducation.ch\/wp-content\/uploads\/2018\/12\/0053A0-scaled-scaled.jpg\",\"width\":2048,\"height\":2048,\"caption\":\"Boite des couleurs suppl\u00e9mentaire, 32 paires - Nienhuis Montessori\"},{\"@type\":\"BreadcrumbList\",\"@id\":\"https:\/\/teiaeducation.ch\/fr\/produit\/boite-des-couleurs-supplementaires-32-paires-nienhuis-montessori\/#breadcrumb\",\"itemListElement\":[{\"@type\":\"ListItem\",\"position\":1,\"name\":\"Home\",\"item\":\"https:\/\/teiaeducation.ch\/fr\/\"},{\"@type\":\"ListItem\",\"position\":2,\"name\":\"Boutique Teia Education &amp; Play\",\"item\":\"https:\/\/teiaeducation.ch\/fr\/boutique\/\"},{\"@type\":\"ListItem\",\"position\":3,\"name\":\"Nos Marques\",\"item\":\"https:\/\/teiaeducation.ch\/fr\/categorie-produit\/marques\/\"},{\"@type\":\"ListItem\",\"position\":4,\"name\":\"Nienhuis Montessori Suisse\",\"item\":\"https:\/\/teiaeducation.ch\/fr\/categorie-produit\/marques\/nienhuis-montessori-materiel-fr\/\"},{\"@type\":\"ListItem\",\"position\":5,\"name\":\"Sensoriel\",\"item\":\"https:\/\/teiaeducation.ch\/fr\/categorie-produit\/marques\/nienhuis-montessori-materiel-fr\/sensoriel\/\"},{\"@type\":\"ListItem\",\"position\":6,\"name\":\"Boite des couleurs suppl\u00e9mentaires : 32 paires &#8211; Nienhuis Montessori\"}]},{\"@type\":\"WebSite\",\"@id\":\"https:\/\/teiaeducation.ch\/fr\/#website\",\"url\":\"https:\/\/teiaeducation.ch\/fr\/\",\"name\":\"Sustainable Educational Products &amp; Ecological Toys\u00a0\",\"description\":\"Specialised Swiss shop selling sustainable educational toys and games, AMI certified Montessori materials, handmade ecological wooden Waldorf toys and arts &amp; crafts supplies, school supplies, children&#039;s furniture and Montessori reference and parenting books.\",\"publisher\":{\"@id\":\"https:\/\/teiaeducation.ch\/fr\/#organization\"},\"alternateName\":\"Teia Education & Play\",\"potentialAction\":[{\"@type\":\"SearchAction\",\"target\":{\"@type\":\"EntryPoint\",\"urlTemplate\":\"https:\/\/teiaeducation.ch\/fr\/?s={search_term_string}\"},\"query-input\":{\"@type\":\"PropertyValueSpecification\",\"valueRequired\":true,\"valueName\":\"search_term_string\"}}],\"inLanguage\":\"fr-FR\"},{\"@type\":\"Organization\",\"@id\":\"https:\/\/teiaeducation.ch\/fr\/#organization\",\"name\":\"Teia Education & Play\",\"url\":\"https:\/\/teiaeducation.ch\/fr\/\",\"logo\":{\"@type\":\"ImageObject\",\"inLanguage\":\"fr-FR\",\"@id\":\"https:\/\/teiaeducation.ch\/fr\/#\/schema\/logo\/image\/\",\"url\":\"https:\/\/teiaeducation.ch\/wp-content\/uploads\/2020\/11\/Teia-Education-Switzerland-e1620156442216.jpg\",\"contentUrl\":\"https:\/\/teiaeducation.ch\/wp-content\/uploads\/2020\/11\/Teia-Education-Switzerland-e1620156442216.jpg\",\"width\":166,\"height\":145,\"caption\":\"Teia Education & Play\"},\"image\":{\"@id\":\"https:\/\/teiaeducation.ch\/fr\/#\/schema\/logo\/image\/\"},\"sameAs\":[\"https:\/\/www.facebook.com\/teiaeducation\/\",\"https:\/\/x.com\/EducationTeia\",\"https:\/\/www.instagram.com\/teia.education\/\",\"https:\/\/www.linkedin.com\/company\/35501660\",\"https:\/\/www.pinterest.ch\/TeiaEducation\/\"]}]}<\/script>\n<!-- \/ Yoast SEO plugin. -->","yoast_head_json":{"title":"Boite des couleurs suppl\u00e9mentaires : 32 paires - Nienhuis Montessori - Teia Education & Play","description":"La boite des couleurs suppl\u00e9mentaires de Nienhuis Montessori contient 4 nuances assorties de : rouge, bleu, jaune, violet, vert, marron, rose et gris.","robots":{"index":"index","follow":"follow","max-snippet":"max-snippet:-1","max-image-preview":"max-image-preview:large","max-video-preview":"max-video-preview:-1"},"canonical":"https:\/\/teiaeducation.ch\/fr\/produit\/boite-des-couleurs-supplementaires-32-paires-nienhuis-montessori\/","og_locale":"fr_FR","og_type":"article","og_title":"Boite des couleurs suppl\u00e9mentaires : 32 paires - Nienhuis Montessori - Teia Education & Play","og_description":"La boite des couleurs suppl\u00e9mentaires de Nienhuis Montessori contient 4 nuances assorties de : rouge, bleu, jaune, violet, vert, marron, rose et gris.","og_url":"https:\/\/teiaeducation.ch\/fr\/produit\/boite-des-couleurs-supplementaires-32-paires-nienhuis-montessori\/","og_site_name":"Sustainable Educational Products &amp; Ecological Toys\u00a0","article_publisher":"https:\/\/www.facebook.com\/teiaeducation\/","article_modified_time":"2021-11-29T14:14:55+00:00","og_image":[{"width":2048,"height":2048,"url":"https:\/\/teiaeducation.ch\/wp-content\/uploads\/2018\/12\/0053A0-scaled-scaled.jpg","type":"image\/jpeg"}],"schema":{"@context":"https:\/\/schema.org","@graph":[{"@type":"WebPage","@id":"https:\/\/teiaeducation.ch\/fr\/produit\/boite-des-couleurs-supplementaires-32-paires-nienhuis-montessori\/","url":"https:\/\/teiaeducation.ch\/fr\/produit\/boite-des-couleurs-supplementaires-32-paires-nienhuis-montessori\/","name":"Boite des couleurs suppl\u00e9mentaires : 32 paires - Nienhuis Montessori - Teia Education & Play","isPartOf":{"@id":"https:\/\/teiaeducation.ch\/fr\/#website"},"primaryImageOfPage":{"@id":"https:\/\/teiaeducation.ch\/fr\/produit\/boite-des-couleurs-supplementaires-32-paires-nienhuis-montessori\/#primaryimage"},"image":{"@id":"https:\/\/teiaeducation.ch\/fr\/produit\/boite-des-couleurs-supplementaires-32-paires-nienhuis-montessori\/#primaryimage"},"thumbnailUrl":"https:\/\/teiaeducation.ch\/wp-content\/uploads\/2018\/12\/0053A0-scaled-scaled.jpg","datePublished":"2018-12-01T19:36:50+00:00","dateModified":"2021-11-29T14:14:55+00:00","description":"La boite des couleurs suppl\u00e9mentaires de Nienhuis Montessori contient 4 nuances assorties de : rouge, bleu, jaune, violet, vert, marron, rose et gris.","breadcrumb":{"@id":"https:\/\/teiaeducation.ch\/fr\/produit\/boite-des-couleurs-supplementaires-32-paires-nienhuis-montessori\/#breadcrumb"},"inLanguage":"fr-FR","potentialAction":[{"@type":"ReadAction","target":["https:\/\/teiaeducation.ch\/fr\/produit\/boite-des-couleurs-supplementaires-32-paires-nienhuis-montessori\/"]}]},{"@type":"ImageObject","inLanguage":"fr-FR","@id":"https:\/\/teiaeducation.ch\/fr\/produit\/boite-des-couleurs-supplementaires-32-paires-nienhuis-montessori\/#primaryimage","url":"https:\/\/teiaeducation.ch\/wp-content\/uploads\/2018\/12\/0053A0-scaled-scaled.jpg","contentUrl":"https:\/\/teiaeducation.ch\/wp-content\/uploads\/2018\/12\/0053A0-scaled-scaled.jpg","width":2048,"height":2048,"caption":"Boite des couleurs suppl\u00e9mentaire, 32 paires - Nienhuis Montessori"},{"@type":"BreadcrumbList","@id":"https:\/\/teiaeducation.ch\/fr\/produit\/boite-des-couleurs-supplementaires-32-paires-nienhuis-montessori\/#breadcrumb","itemListElement":[{"@type":"ListItem","position":1,"name":"Home","item":"https:\/\/teiaeducation.ch\/fr\/"},{"@type":"ListItem","position":2,"name":"Boutique Teia Education &amp; Play","item":"https:\/\/teiaeducation.ch\/fr\/boutique\/"},{"@type":"ListItem","position":3,"name":"Nos Marques","item":"https:\/\/teiaeducation.ch\/fr\/categorie-produit\/marques\/"},{"@type":"ListItem","position":4,"name":"Nienhuis Montessori Suisse","item":"https:\/\/teiaeducation.ch\/fr\/categorie-produit\/marques\/nienhuis-montessori-materiel-fr\/"},{"@type":"ListItem","position":5,"name":"Sensoriel","item":"https:\/\/teiaeducation.ch\/fr\/categorie-produit\/marques\/nienhuis-montessori-materiel-fr\/sensoriel\/"},{"@type":"ListItem","position":6,"name":"Boite des couleurs suppl\u00e9mentaires : 32 paires &#8211; Nienhuis Montessori"}]},{"@type":"WebSite","@id":"https:\/\/teiaeducation.ch\/fr\/#website","url":"https:\/\/teiaeducation.ch\/fr\/","name":"Sustainable Educational Products &amp; Ecological Toys\u00a0","description":"Specialised Swiss shop selling sustainable educational toys and games, AMI certified Montessori materials, handmade ecological wooden Waldorf toys and arts &amp; crafts supplies, school supplies, children&#039;s furniture and Montessori reference and parenting books.","publisher":{"@id":"https:\/\/teiaeducation.ch\/fr\/#organization"},"alternateName":"Teia Education & Play","potentialAction":[{"@type":"SearchAction","target":{"@type":"EntryPoint","urlTemplate":"https:\/\/teiaeducation.ch\/fr\/?s={search_term_string}"},"query-input":{"@type":"PropertyValueSpecification","valueRequired":true,"valueName":"search_term_string"}}],"inLanguage":"fr-FR"},{"@type":"Organization","@id":"https:\/\/teiaeducation.ch\/fr\/#organization","name":"Teia Education & Play","url":"https:\/\/teiaeducation.ch\/fr\/","logo":{"@type":"ImageObject","inLanguage":"fr-FR","@id":"https:\/\/teiaeducation.ch\/fr\/#\/schema\/logo\/image\/","url":"https:\/\/teiaeducation.ch\/wp-content\/uploads\/2020\/11\/Teia-Education-Switzerland-e1620156442216.jpg","contentUrl":"https:\/\/teiaeducation.ch\/wp-content\/uploads\/2020\/11\/Teia-Education-Switzerland-e1620156442216.jpg","width":166,"height":145,"caption":"Teia Education & Play"},"image":{"@id":"https:\/\/teiaeducation.ch\/fr\/#\/schema\/logo\/image\/"},"sameAs":["https:\/\/www.facebook.com\/teiaeducation\/","https:\/\/x.com\/EducationTeia","https:\/\/www.instagram.com\/teia.education\/","https:\/\/www.linkedin.com\/company\/35501660","https:\/\/www.pinterest.ch\/TeiaEducation\/"]}]}},"_links":{"self":[{"href":"https:\/\/teiaeducation.ch\/fr\/wp-json\/wp\/v2\/product\/23503","targetHints":{"allow":["GET"]}}],"collection":[{"href":"https:\/\/teiaeducation.ch\/fr\/wp-json\/wp\/v2\/product"}],"about":[{"href":"https:\/\/teiaeducation.ch\/fr\/wp-json\/wp\/v2\/types\/product"}],"replies":[{"embeddable":true,"href":"https:\/\/teiaeducation.ch\/fr\/wp-json\/wp\/v2\/comments?post=23503"}],"wp:featuredmedia":[{"embeddable":true,"href":"https:\/\/teiaeducation.ch\/fr\/wp-json\/wp\/v2\/media\/2294"}],"wp:attachment":[{"href":"https:\/\/teiaeducation.ch\/fr\/wp-json\/wp\/v2\/media?parent=23503"}],"wp:term":[{"taxonomy":"product_brand","embeddable":true,"href":"https:\/\/teiaeducation.ch\/fr\/wp-json\/wp\/v2\/product_brand?post=23503"},{"taxonomy":"product_cat","embeddable":true,"href":"https:\/\/teiaeducation.ch\/fr\/wp-json\/wp\/v2\/product_cat?post=23503"},{"taxonomy":"product_tag","embeddable":true,"href":"https:\/\/teiaeducation.ch\/fr\/wp-json\/wp\/v2\/product_tag?post=23503"}],"curies":[{"name":"wp","href":"https:\/\/api.w.org\/{rel}","templated":true}]}}