{"id":23525,"date":"2019-05-26T21:59:19","date_gmt":"2019-05-26T19:59:19","guid":{"rendered":"https:\/\/teiaeducation.ch\/product\/marchande-educo\/"},"modified":"2024-09-09T13:21:22","modified_gmt":"2024-09-09T11:21:22","slug":"marchande-educo","status":"publish","type":"product","link":"https:\/\/teiaeducation.ch\/fr\/produit\/marchande-educo\/","title":{"rendered":"Maison de jeu marchande &#8211; Educo"},"content":{"rendered":"<p>Le meuble de maison de jeu marchande en bois d&#8217;Educo de haute qualit\u00e9 et tr\u00e8s robuste pour <a href=\"https:\/\/teiaeducation.ch\/fr\/categorie-produit\/jouer\/jeu-imaginatif-faire-semblant\/\">faire semblant<\/a> de jouer au marchand est facile \u00e0 assembler et id\u00e9al pour les salles de classe ou les espaces de jeu !<\/p>\n<p>La marchande\u00a0\u00e0 3 c\u00f4t\u00e9s en bois contreplaqu\u00e9 de bouleau contient des \u00e9tag\u00e8res qui peuvent contenir toutes sortes de produits d&#8217;achat, comme des <a href=\"https:\/\/teiaeducation.ch\/fr\/categorie-produit\/jouer\/nourriture-de-jeu-realiste-en-bois\/\">aliments de jeu en bois r\u00e9alistes<\/a>, un comptoir de service et un tableau noir pour les offres sp\u00e9ciales. Ce magasin permet de cr\u00e9er un nombre illimit\u00e9 de situations de jeux de r\u00f4les \u00e0 th\u00e8me, selon l&#8217;imagination de l&#8217;enfant.<\/p>\n<p>Le meuble est exp\u00e9di\u00e9 non mont\u00e9 et emball\u00e9 \u00e0 plat et mesure, une fois mont\u00e9, 120 x 105 x 51 cm.<\/p>\n<p>La marque n\u00e9erlandaise <a href=\"https:\/\/teiaeducation.ch\/fr\/categorie-produit\/marques\/educo-fr\/\">Educo<\/a> repr\u00e9sente un monde color\u00e9 d\u2019apprentissage ludique, de <a href=\"https:\/\/teiaeducation.ch\/fr\/categorie-produit\/domaines-du-curriculum\/\">jeux \u00e9ducatifs<\/a> stimulants et de jouets. De haute qualit\u00e9 et durables, les produits Educo tournent autour des situations quotidiennes et aident les enfants \u00e0 associer les jeux \u00e0 des sujets r\u00e9guliers, transformant le processus d\u2019apprentissage en une simulation de leur environnement naturel.<\/p>\n<p>Les produits \u00e9ducatifs actifs et pratiques d\u2019Educo sont principalement faits en bois, avec des mat\u00e9riaux durables tels que les encres et les peintures \u00e0 base d\u2019eau. Les jouets sont fabriqu\u00e9s pour supporter des ann\u00e9es d\u2019utilisation robuste, encourager l\u2019apprentissage bas\u00e9 sur le <a href=\"https:\/\/teiaeducation.ch\/fr\/categorie-produit\/jouer\/\">jeu<\/a> et inspirer la croissance et le succ\u00e8s chez les enfants \u00e2g\u00e9s de 1 \u00e0 6 ans. Ils r\u00e9pondent aux exigences de diverses r\u00e9glementations europ\u00e9ennes et internationales en mati\u00e8re de s\u00e9curit\u00e9 des jouets et se conforment \u00e0 la directive 2009\/48\/CE sur la s\u00e9curit\u00e9 des jouets, y compris EN81 et ASTM.<\/p>\n<p>Cette marchande\u00a0est adapt\u00e9 aux enfants de 3 ans et plus.<\/p>\n<p>Contenu :<\/p>\n<p>1 meuble emball\u00e9 \u00e0 plat<\/p>\n<p><em><span class=\"tlid-translation translation\" lang=\"fr\"><span title=\"\">Nous n'avons actuellement pas cet article en stock, mais il est disponible en pr\u00e9-commande.<\/span> <span class=\"\" title=\"\">Nous commanderons cet article pour vous aupr\u00e8s de notre fournisseur.<\/span> <span class=\"\" title=\"\">Veuillez allouer de 2 \u00e0 3 semaines maximum pour la livraison.<\/span><\/span><\/em><\/p>\n\t<div id=\"gap-1962681018\" class=\"gap-element clearfix\" style=\"display:block; height:auto;\">\n\t\t\n<style>\n#gap-1962681018 {\n  padding-top: 20px;\n}\n<\/style>\n\t<\/div>\n\t\n","protected":false},"excerpt":{"rendered":"<p>Num\u00e9ro d&#8217;article: E006706<\/p>\n<p>Le meuble de maison de jeu marchande en bois d&#8217;Educo de haute qualit\u00e9 et tr\u00e8s robuste pour faire semblant de jouer au marchand est facile \u00e0 assembler!<\/p>\n","protected":false},"featured_media":18680,"comment_status":"closed","ping_status":"closed","template":"","meta":[],"product_brand":[],"product_cat":[215,224,13130,249,13139,277,282,251,217,212],"product_tag":[781,775,7967,776,1483,1365,4366,650,1242,7963,651,783,4421,4318],"class_list":{"0":"post-23525","1":"product","2":"type-product","3":"status-publish","4":"has-post-thumbnail","6":"product_cat-3-6-ans","7":"product_cat-educo-fr","8":"product_cat-jouer","9":"product_cat-jouer-a-faire-semblant","10":"product_cat-jeu-imaginatif-faire-semblant","11":"product_cat-materiel-indispensable","12":"product_cat-meubles-rangement","13":"product_cat-meubles-jeu-semblant","14":"product_cat-marques","15":"product_cat-tranche-dage","16":"product_tag-bois-educatif","17":"product_tag-educo-suisse","18":"product_tag-feu-de-signalisation-dauto-evaluation-educo","19":"product_tag-heutink-international-suisse","20":"product_tag-jeu-dramatique","21":"product_tag-jeu-mathematique","22":"product_tag-jouer-a-faire-semblant","23":"product_tag-jouets-educatifs-suisse","24":"product_tag-jouets-en-bois-fr","25":"product_tag-maison-de-jeux-en-bois","26":"product_tag-materiel-pedagogique-suisse","27":"product_tag-materiels-educatifs-en-bois-educo","28":"product_tag-mesurer","29":"product_tag-meubles-et-accessoires","31":"first","32":"onbackorder","33":"taxable","34":"shipping-taxable","35":"purchasable","36":"product-type-simple"},"yoast_head":"<!-- This site is optimized with the Yoast SEO plugin v27.1.1 - https:\/\/yoast.com\/product\/yoast-seo-wordpress\/ -->\n<title>Marchande - Educo - Teia Education &amp; Play<\/title>\n<meta name=\"description\" content=\"Le meuble de maison de jeu marchande en bois d&#039;Educo de haute qualit\u00e9 et tr\u00e8s robuste pour faire semblant de jouer au marchand est facile \u00e0 assembler.\" \/>\n<meta name=\"robots\" content=\"index, follow, max-snippet:-1, max-image-preview:large, max-video-preview:-1\" \/>\n<link rel=\"canonical\" href=\"https:\/\/teiaeducation.ch\/fr\/produit\/marchande-educo\/\" \/>\n<meta property=\"og:locale\" content=\"fr_FR\" \/>\n<meta property=\"og:type\" content=\"article\" \/>\n<meta property=\"og:title\" content=\"Marchande - Educo - Teia Education &amp; Play\" \/>\n<meta property=\"og:description\" content=\"Le meuble de maison de jeu marchande en bois d&#039;Educo de haute qualit\u00e9 et tr\u00e8s robuste pour faire semblant de jouer au marchand est facile \u00e0 assembler.\" \/>\n<meta property=\"og:url\" content=\"https:\/\/teiaeducation.ch\/fr\/produit\/marchande-educo\/\" \/>\n<meta property=\"og:site_name\" content=\"Sustainable Educational Products &amp; Ecological Toys\u00a0\" \/>\n<meta property=\"article:publisher\" content=\"https:\/\/www.facebook.com\/teiaeducation\/\" \/>\n<meta property=\"article:modified_time\" content=\"2024-09-09T11:21:22+00:00\" \/>\n<meta property=\"og:image\" content=\"https:\/\/teiaeducation.ch\/wp-content\/uploads\/2019\/05\/Shop-playhouse-Educo.jpg\" \/>\n\t<meta property=\"og:image:width\" content=\"900\" \/>\n\t<meta property=\"og:image:height\" content=\"900\" \/>\n\t<meta property=\"og:image:type\" content=\"image\/jpeg\" \/>\n<script type=\"application\/ld+json\" class=\"yoast-schema-graph\">{\"@context\":\"https:\/\/schema.org\",\"@graph\":[{\"@type\":\"WebPage\",\"@id\":\"https:\/\/teiaeducation.ch\/fr\/produit\/marchande-educo\/\",\"url\":\"https:\/\/teiaeducation.ch\/fr\/produit\/marchande-educo\/\",\"name\":\"Marchande - Educo - Teia Education & Play\",\"isPartOf\":{\"@id\":\"https:\/\/teiaeducation.ch\/fr\/#website\"},\"primaryImageOfPage\":{\"@id\":\"https:\/\/teiaeducation.ch\/fr\/produit\/marchande-educo\/#primaryimage\"},\"image\":{\"@id\":\"https:\/\/teiaeducation.ch\/fr\/produit\/marchande-educo\/#primaryimage\"},\"thumbnailUrl\":\"https:\/\/teiaeducation.ch\/wp-content\/uploads\/2019\/05\/Shop-playhouse-Educo.jpg\",\"datePublished\":\"2019-05-26T19:59:19+00:00\",\"dateModified\":\"2024-09-09T11:21:22+00:00\",\"description\":\"Le meuble de maison de jeu marchande en bois d'Educo de haute qualit\u00e9 et tr\u00e8s robuste pour faire semblant de jouer au marchand est facile \u00e0 assembler.\",\"breadcrumb\":{\"@id\":\"https:\/\/teiaeducation.ch\/fr\/produit\/marchande-educo\/#breadcrumb\"},\"inLanguage\":\"fr-FR\",\"potentialAction\":[{\"@type\":\"ReadAction\",\"target\":[\"https:\/\/teiaeducation.ch\/fr\/produit\/marchande-educo\/\"]}]},{\"@type\":\"ImageObject\",\"inLanguage\":\"fr-FR\",\"@id\":\"https:\/\/teiaeducation.ch\/fr\/produit\/marchande-educo\/#primaryimage\",\"url\":\"https:\/\/teiaeducation.ch\/wp-content\/uploads\/2019\/05\/Shop-playhouse-Educo.jpg\",\"contentUrl\":\"https:\/\/teiaeducation.ch\/wp-content\/uploads\/2019\/05\/Shop-playhouse-Educo.jpg\",\"width\":900,\"height\":900,\"caption\":\"maison de jeu marchande en bois Educo\"},{\"@type\":\"BreadcrumbList\",\"@id\":\"https:\/\/teiaeducation.ch\/fr\/produit\/marchande-educo\/#breadcrumb\",\"itemListElement\":[{\"@type\":\"ListItem\",\"position\":1,\"name\":\"Home\",\"item\":\"https:\/\/teiaeducation.ch\/fr\/\"},{\"@type\":\"ListItem\",\"position\":2,\"name\":\"Boutique Teia Education &amp; Play\",\"item\":\"https:\/\/teiaeducation.ch\/fr\/boutique\/\"},{\"@type\":\"ListItem\",\"position\":3,\"name\":\"Nos Marques\",\"item\":\"https:\/\/teiaeducation.ch\/fr\/categorie-produit\/marques\/\"},{\"@type\":\"ListItem\",\"position\":4,\"name\":\"Educo\",\"item\":\"https:\/\/teiaeducation.ch\/fr\/categorie-produit\/marques\/educo-fr\/\"},{\"@type\":\"ListItem\",\"position\":5,\"name\":\"Jouer \u00e0 Faire Semblant\",\"item\":\"https:\/\/teiaeducation.ch\/fr\/categorie-produit\/marques\/educo-fr\/jouer-a-faire-semblant\/\"},{\"@type\":\"ListItem\",\"position\":6,\"name\":\"Meubles pour le Jeu Semblant\",\"item\":\"https:\/\/teiaeducation.ch\/fr\/categorie-produit\/marques\/educo-fr\/jouer-a-faire-semblant\/meubles-jeu-semblant\/\"},{\"@type\":\"ListItem\",\"position\":7,\"name\":\"Maison de jeu marchande &#8211; Educo\"}]},{\"@type\":\"WebSite\",\"@id\":\"https:\/\/teiaeducation.ch\/fr\/#website\",\"url\":\"https:\/\/teiaeducation.ch\/fr\/\",\"name\":\"Sustainable Educational Products &amp; Ecological Toys\u00a0\",\"description\":\"Specialised Swiss shop selling sustainable educational toys and games, AMI certified Montessori materials, handmade ecological wooden Waldorf toys and arts &amp; crafts supplies, school supplies, children&#039;s furniture and Montessori reference and parenting books.\",\"publisher\":{\"@id\":\"https:\/\/teiaeducation.ch\/fr\/#organization\"},\"alternateName\":\"Teia Education & Play\",\"potentialAction\":[{\"@type\":\"SearchAction\",\"target\":{\"@type\":\"EntryPoint\",\"urlTemplate\":\"https:\/\/teiaeducation.ch\/fr\/?s={search_term_string}\"},\"query-input\":{\"@type\":\"PropertyValueSpecification\",\"valueRequired\":true,\"valueName\":\"search_term_string\"}}],\"inLanguage\":\"fr-FR\"},{\"@type\":\"Organization\",\"@id\":\"https:\/\/teiaeducation.ch\/fr\/#organization\",\"name\":\"Teia Education & Play\",\"url\":\"https:\/\/teiaeducation.ch\/fr\/\",\"logo\":{\"@type\":\"ImageObject\",\"inLanguage\":\"fr-FR\",\"@id\":\"https:\/\/teiaeducation.ch\/fr\/#\/schema\/logo\/image\/\",\"url\":\"https:\/\/teiaeducation.ch\/wp-content\/uploads\/2020\/11\/Teia-Education-Switzerland-e1620156442216.jpg\",\"contentUrl\":\"https:\/\/teiaeducation.ch\/wp-content\/uploads\/2020\/11\/Teia-Education-Switzerland-e1620156442216.jpg\",\"width\":166,\"height\":145,\"caption\":\"Teia Education & Play\"},\"image\":{\"@id\":\"https:\/\/teiaeducation.ch\/fr\/#\/schema\/logo\/image\/\"},\"sameAs\":[\"https:\/\/www.facebook.com\/teiaeducation\/\",\"https:\/\/x.com\/EducationTeia\",\"https:\/\/www.instagram.com\/teia.education\/\",\"https:\/\/www.linkedin.com\/company\/35501660\",\"https:\/\/www.pinterest.ch\/TeiaEducation\/\"]}]}<\/script>\n<!-- \/ Yoast SEO plugin. -->","yoast_head_json":{"title":"Marchande - Educo - Teia Education & Play","description":"Le meuble de maison de jeu marchande en bois d'Educo de haute qualit\u00e9 et tr\u00e8s robuste pour faire semblant de jouer au marchand est facile \u00e0 assembler.","robots":{"index":"index","follow":"follow","max-snippet":"max-snippet:-1","max-image-preview":"max-image-preview:large","max-video-preview":"max-video-preview:-1"},"canonical":"https:\/\/teiaeducation.ch\/fr\/produit\/marchande-educo\/","og_locale":"fr_FR","og_type":"article","og_title":"Marchande - Educo - Teia Education & Play","og_description":"Le meuble de maison de jeu marchande en bois d'Educo de haute qualit\u00e9 et tr\u00e8s robuste pour faire semblant de jouer au marchand est facile \u00e0 assembler.","og_url":"https:\/\/teiaeducation.ch\/fr\/produit\/marchande-educo\/","og_site_name":"Sustainable Educational Products &amp; Ecological Toys\u00a0","article_publisher":"https:\/\/www.facebook.com\/teiaeducation\/","article_modified_time":"2024-09-09T11:21:22+00:00","og_image":[{"width":900,"height":900,"url":"https:\/\/teiaeducation.ch\/wp-content\/uploads\/2019\/05\/Shop-playhouse-Educo.jpg","type":"image\/jpeg"}],"schema":{"@context":"https:\/\/schema.org","@graph":[{"@type":"WebPage","@id":"https:\/\/teiaeducation.ch\/fr\/produit\/marchande-educo\/","url":"https:\/\/teiaeducation.ch\/fr\/produit\/marchande-educo\/","name":"Marchande - Educo - Teia Education & Play","isPartOf":{"@id":"https:\/\/teiaeducation.ch\/fr\/#website"},"primaryImageOfPage":{"@id":"https:\/\/teiaeducation.ch\/fr\/produit\/marchande-educo\/#primaryimage"},"image":{"@id":"https:\/\/teiaeducation.ch\/fr\/produit\/marchande-educo\/#primaryimage"},"thumbnailUrl":"https:\/\/teiaeducation.ch\/wp-content\/uploads\/2019\/05\/Shop-playhouse-Educo.jpg","datePublished":"2019-05-26T19:59:19+00:00","dateModified":"2024-09-09T11:21:22+00:00","description":"Le meuble de maison de jeu marchande en bois d'Educo de haute qualit\u00e9 et tr\u00e8s robuste pour faire semblant de jouer au marchand est facile \u00e0 assembler.","breadcrumb":{"@id":"https:\/\/teiaeducation.ch\/fr\/produit\/marchande-educo\/#breadcrumb"},"inLanguage":"fr-FR","potentialAction":[{"@type":"ReadAction","target":["https:\/\/teiaeducation.ch\/fr\/produit\/marchande-educo\/"]}]},{"@type":"ImageObject","inLanguage":"fr-FR","@id":"https:\/\/teiaeducation.ch\/fr\/produit\/marchande-educo\/#primaryimage","url":"https:\/\/teiaeducation.ch\/wp-content\/uploads\/2019\/05\/Shop-playhouse-Educo.jpg","contentUrl":"https:\/\/teiaeducation.ch\/wp-content\/uploads\/2019\/05\/Shop-playhouse-Educo.jpg","width":900,"height":900,"caption":"maison de jeu marchande en bois Educo"},{"@type":"BreadcrumbList","@id":"https:\/\/teiaeducation.ch\/fr\/produit\/marchande-educo\/#breadcrumb","itemListElement":[{"@type":"ListItem","position":1,"name":"Home","item":"https:\/\/teiaeducation.ch\/fr\/"},{"@type":"ListItem","position":2,"name":"Boutique Teia Education &amp; Play","item":"https:\/\/teiaeducation.ch\/fr\/boutique\/"},{"@type":"ListItem","position":3,"name":"Nos Marques","item":"https:\/\/teiaeducation.ch\/fr\/categorie-produit\/marques\/"},{"@type":"ListItem","position":4,"name":"Educo","item":"https:\/\/teiaeducation.ch\/fr\/categorie-produit\/marques\/educo-fr\/"},{"@type":"ListItem","position":5,"name":"Jouer \u00e0 Faire Semblant","item":"https:\/\/teiaeducation.ch\/fr\/categorie-produit\/marques\/educo-fr\/jouer-a-faire-semblant\/"},{"@type":"ListItem","position":6,"name":"Meubles pour le Jeu Semblant","item":"https:\/\/teiaeducation.ch\/fr\/categorie-produit\/marques\/educo-fr\/jouer-a-faire-semblant\/meubles-jeu-semblant\/"},{"@type":"ListItem","position":7,"name":"Maison de jeu marchande &#8211; Educo"}]},{"@type":"WebSite","@id":"https:\/\/teiaeducation.ch\/fr\/#website","url":"https:\/\/teiaeducation.ch\/fr\/","name":"Sustainable Educational Products &amp; Ecological Toys\u00a0","description":"Specialised Swiss shop selling sustainable educational toys and games, AMI certified Montessori materials, handmade ecological wooden Waldorf toys and arts &amp; crafts supplies, school supplies, children&#039;s furniture and Montessori reference and parenting books.","publisher":{"@id":"https:\/\/teiaeducation.ch\/fr\/#organization"},"alternateName":"Teia Education & Play","potentialAction":[{"@type":"SearchAction","target":{"@type":"EntryPoint","urlTemplate":"https:\/\/teiaeducation.ch\/fr\/?s={search_term_string}"},"query-input":{"@type":"PropertyValueSpecification","valueRequired":true,"valueName":"search_term_string"}}],"inLanguage":"fr-FR"},{"@type":"Organization","@id":"https:\/\/teiaeducation.ch\/fr\/#organization","name":"Teia Education & Play","url":"https:\/\/teiaeducation.ch\/fr\/","logo":{"@type":"ImageObject","inLanguage":"fr-FR","@id":"https:\/\/teiaeducation.ch\/fr\/#\/schema\/logo\/image\/","url":"https:\/\/teiaeducation.ch\/wp-content\/uploads\/2020\/11\/Teia-Education-Switzerland-e1620156442216.jpg","contentUrl":"https:\/\/teiaeducation.ch\/wp-content\/uploads\/2020\/11\/Teia-Education-Switzerland-e1620156442216.jpg","width":166,"height":145,"caption":"Teia Education & Play"},"image":{"@id":"https:\/\/teiaeducation.ch\/fr\/#\/schema\/logo\/image\/"},"sameAs":["https:\/\/www.facebook.com\/teiaeducation\/","https:\/\/x.com\/EducationTeia","https:\/\/www.instagram.com\/teia.education\/","https:\/\/www.linkedin.com\/company\/35501660","https:\/\/www.pinterest.ch\/TeiaEducation\/"]}]}},"_links":{"self":[{"href":"https:\/\/teiaeducation.ch\/fr\/wp-json\/wp\/v2\/product\/23525","targetHints":{"allow":["GET"]}}],"collection":[{"href":"https:\/\/teiaeducation.ch\/fr\/wp-json\/wp\/v2\/product"}],"about":[{"href":"https:\/\/teiaeducation.ch\/fr\/wp-json\/wp\/v2\/types\/product"}],"replies":[{"embeddable":true,"href":"https:\/\/teiaeducation.ch\/fr\/wp-json\/wp\/v2\/comments?post=23525"}],"wp:featuredmedia":[{"embeddable":true,"href":"https:\/\/teiaeducation.ch\/fr\/wp-json\/wp\/v2\/media\/18680"}],"wp:attachment":[{"href":"https:\/\/teiaeducation.ch\/fr\/wp-json\/wp\/v2\/media?parent=23525"}],"wp:term":[{"taxonomy":"product_brand","embeddable":true,"href":"https:\/\/teiaeducation.ch\/fr\/wp-json\/wp\/v2\/product_brand?post=23525"},{"taxonomy":"product_cat","embeddable":true,"href":"https:\/\/teiaeducation.ch\/fr\/wp-json\/wp\/v2\/product_cat?post=23525"},{"taxonomy":"product_tag","embeddable":true,"href":"https:\/\/teiaeducation.ch\/fr\/wp-json\/wp\/v2\/product_tag?post=23525"}],"curies":[{"name":"wp","href":"https:\/\/api.w.org\/{rel}","templated":true}]}}