{"id":23530,"date":"2019-05-27T08:01:54","date_gmt":"2019-05-27T06:01:54","guid":{"rendered":"https:\/\/teiaeducation.ch\/product\/manipulation-figures-educo\/"},"modified":"2025-03-10T10:06:03","modified_gmt":"2025-03-10T09:06:03","slug":"tableau-manipulation-motrices-figures-educo","status":"publish","type":"product","link":"https:\/\/teiaeducation.ch\/fr\/produit\/tableau-manipulation-motrices-figures-educo\/","title":{"rendered":"Tableau manipulation motrices : figures &#8211; Educo"},"content":{"rendered":"<p>Tableau manipulation motrices : figures &#8211; Educo<\/p>\n<p>Le grand tableau manipulation motrices : figures d&#8217;Educo comprend un tableau magn\u00e9tique en bois avec avec un verre en plexiglas, un stylo magn\u00e9tique attach\u00e9 au tableau par une ficelle rouge et six cartes d&#8217;exercices en carton.<\/p>\n<p>L&#8217;enfant d\u00e9place les boules de couleur dans le labyrinthe \u00e0 l&#8217;aide du stylo magn\u00e9tique ou la bouton tournant qui est plac\u00e9 au milieu du tableau. Les boules de couleur peuvent \u00eatre d\u00e9plac\u00e9es comme indiqu\u00e9 sur les cartes ou librement. Le tableau manipulation motrices permet de d\u00e9velopper les premi\u00e8res\u00a0comp\u00e9tences de la g\u00e9om\u00e9trie. Le travail avec ce mat\u00e9riel stimule \u00e9galement la motricit\u00e9 fine, la conscience spatiale et la capacit\u00e9 de concentration. Les versions du grand tableau des capacit\u00e9s motrices :\u00a0 <a href=\"https:\/\/teiaeducation.ch\/fr\/produit\/tableau-manipulation-motrices-nombres-educo\/\">nombres<\/a>, <a href=\"https:\/\/teiaeducation.ch\/fr\/produit\/tableau-manipulation-motrices-modeles-decriture-1-educo\/\">mod\u00e8les d&#8217;\u00e9criture 1<\/a>\u00a0et <a href=\"https:\/\/teiaeducation.ch\/fr\/produit\/tableau-manipulation-motrices-modeles-decriture-2-educo\/\">mod\u00e8les d&#8217;\u00e9criture 2<\/a> sont \u00e9galement disponible s\u00e9par\u00e9ment.<\/p>\n<p>Ce mat\u00e9riel est adapt\u00e9 aux enfants de 3 ans et plus.<\/p>\n<p><em><span class=\"tlid-translation translation\" lang=\"fr\"><span title=\"\">Nous n'avons actuellement pas cet article en stock, mais il est disponible en pr\u00e9-commande.<\/span> <span class=\"\" title=\"\">Nous commanderons cet article pour vous aupr\u00e8s de notre fournisseur.<\/span> <span class=\"\" title=\"\">Veuillez allouer de 2 \u00e0 3 semaines maximum pour la livraison.<\/span><\/span><\/em><\/p>\n\t<div id=\"gap-707584561\" class=\"gap-element clearfix\" style=\"display:block; height:auto;\">\n\t\t\n<style>\n#gap-707584561 {\n  padding-top: 20px;\n}\n<\/style>\n\t<\/div>\n\t\n<p>Contenu :<\/p>\n<p>1 tableau en bois (37,5 x 37,5 x 4 cm)<br \/>\n1 stylo magn\u00e9tique<br \/>\n6 cartes en carton \u00e9pais<\/p>\n","protected":false},"excerpt":{"rendered":"<p>Num\u00e9ro d&#8217;article: E522394<\/p>\n","protected":false},"featured_media":18168,"comment_status":"closed","ping_status":"closed","template":"","meta":[],"product_brand":[],"product_cat":[8527,215,285,606,635,283,224,8526,206,13130,22181,1220,624,288,7595,1218,217,209,212],"product_tag":[7974,4444,6108,23602,1363,7975,4445,650,651,7972,4443,648,7973,23603],"class_list":{"0":"post-23530","1":"product","2":"type-product","3":"status-publish","4":"has-post-thumbnail","6":"product_cat-3-6-ans-ecole-a-domicile","7":"product_cat-3-6-ans","8":"product_cat-alphabetisation-langage","9":"product_cat-apprendre-a-ecrire","10":"product_cat-competences-motrices","11":"product_cat-domaines-du-curriculum","12":"product_cat-educo-fr","13":"product_cat-fournitures-scolaires-a-domicile","14":"product_cat-jeu-motricite","15":"product_cat-jouer","16":"product_cat-jouets-montessori","17":"product_cat-traditionnelle","18":"product_cat-formes","19":"product_cat-mathematiques-calcul","20":"product_cat-methode-deducation","21":"product_cat-montessori-fr","22":"product_cat-marques","23":"product_cat-sensorielles-motrices","24":"product_cat-tranche-dage","25":"product_tag-competences-motrices","26":"product_tag-developpement-motricite","27":"product_tag-educatif-fr","28":"product_tag-educational-toys-fr","29":"product_tag-educo-fr","30":"product_tag-formes","31":"product_tag-jeu-motricite","32":"product_tag-jouets-educatifs-suisse","33":"product_tag-materiel-pedagogique-suisse","34":"product_tag-materiels-educatifs","35":"product_tag-motricite-fine","36":"product_tag-produits-educatifs","37":"product_tag-tableau-magnetique","38":"product_tag-wooden-toys-fr","40":"first","41":"onbackorder","42":"taxable","43":"shipping-taxable","44":"purchasable","45":"product-type-simple"},"yoast_head":"<!-- This site is optimized with the Yoast SEO Premium plugin v25.8 (Yoast SEO v27.4) - https:\/\/yoast.com\/product\/yoast-seo-premium-wordpress\/ -->\n<title>Tableau manipulation motrices : figures - Educo<\/title>\n<meta name=\"description\" content=\"Le grand tableau manipulation motrices : figures d&#039;Educo en bois et permet de d\u00e9velopper les premi\u00e8res\u00a0comp\u00e9tences de la g\u00e9om\u00e9trie.\" \/>\n<meta name=\"robots\" content=\"index, follow, max-snippet:-1, max-image-preview:large, max-video-preview:-1\" \/>\n<link rel=\"canonical\" href=\"https:\/\/teiaeducation.ch\/fr\/produit\/tableau-manipulation-motrices-figures-educo\/\" \/>\n<meta property=\"og:locale\" content=\"fr_FR\" \/>\n<meta property=\"og:type\" content=\"article\" \/>\n<meta property=\"og:title\" content=\"Tableau manipulation motrices : figures - Educo\" \/>\n<meta property=\"og:description\" content=\"Le grand tableau manipulation motrices : figures d&#039;Educo en bois et permet de d\u00e9velopper les premi\u00e8res\u00a0comp\u00e9tences de la g\u00e9om\u00e9trie.\" \/>\n<meta property=\"og:url\" content=\"https:\/\/teiaeducation.ch\/fr\/produit\/tableau-manipulation-motrices-figures-educo\/\" \/>\n<meta property=\"og:site_name\" content=\"Sustainable Educational Products &amp; Ecological Toys\u00a0\" \/>\n<meta property=\"article:publisher\" content=\"https:\/\/www.facebook.com\/teiaeducation\/\" \/>\n<meta property=\"article:modified_time\" content=\"2025-03-10T09:06:03+00:00\" \/>\n<meta property=\"og:image\" content=\"https:\/\/teiaeducation.ch\/wp-content\/uploads\/2019\/05\/Motor-skills-board-shapes-Educo-scaled-scaled.jpg\" \/>\n\t<meta property=\"og:image:width\" content=\"2048\" \/>\n\t<meta property=\"og:image:height\" content=\"2048\" \/>\n\t<meta property=\"og:image:type\" content=\"image\/jpeg\" \/>\n<script type=\"application\/ld+json\" class=\"yoast-schema-graph\">{\"@context\":\"https:\\\/\\\/schema.org\",\"@graph\":[{\"@type\":\"WebPage\",\"@id\":\"https:\\\/\\\/teiaeducation.ch\\\/fr\\\/produit\\\/tableau-manipulation-motrices-figures-educo\\\/\",\"url\":\"https:\\\/\\\/teiaeducation.ch\\\/fr\\\/produit\\\/tableau-manipulation-motrices-figures-educo\\\/\",\"name\":\"Tableau manipulation motrices : figures - Educo\",\"isPartOf\":{\"@id\":\"https:\\\/\\\/teiaeducation.ch\\\/fr\\\/#website\"},\"primaryImageOfPage\":{\"@id\":\"https:\\\/\\\/teiaeducation.ch\\\/fr\\\/produit\\\/tableau-manipulation-motrices-figures-educo\\\/#primaryimage\"},\"image\":{\"@id\":\"https:\\\/\\\/teiaeducation.ch\\\/fr\\\/produit\\\/tableau-manipulation-motrices-figures-educo\\\/#primaryimage\"},\"thumbnailUrl\":\"https:\\\/\\\/teiaeducation.ch\\\/wp-content\\\/uploads\\\/2019\\\/05\\\/Motor-skills-board-shapes-Educo-scaled-scaled.jpg\",\"datePublished\":\"2019-05-27T06:01:54+00:00\",\"dateModified\":\"2025-03-10T09:06:03+00:00\",\"description\":\"Le grand tableau manipulation motrices : figures d'Educo en bois et permet de d\u00e9velopper les premi\u00e8res\u00a0comp\u00e9tences de la g\u00e9om\u00e9trie.\",\"breadcrumb\":{\"@id\":\"https:\\\/\\\/teiaeducation.ch\\\/fr\\\/produit\\\/tableau-manipulation-motrices-figures-educo\\\/#breadcrumb\"},\"inLanguage\":\"fr-FR\",\"potentialAction\":[{\"@type\":\"ReadAction\",\"target\":[\"https:\\\/\\\/teiaeducation.ch\\\/fr\\\/produit\\\/tableau-manipulation-motrices-figures-educo\\\/\"]}]},{\"@type\":\"ImageObject\",\"inLanguage\":\"fr-FR\",\"@id\":\"https:\\\/\\\/teiaeducation.ch\\\/fr\\\/produit\\\/tableau-manipulation-motrices-figures-educo\\\/#primaryimage\",\"url\":\"https:\\\/\\\/teiaeducation.ch\\\/wp-content\\\/uploads\\\/2019\\\/05\\\/Motor-skills-board-shapes-Educo-scaled-scaled.jpg\",\"contentUrl\":\"https:\\\/\\\/teiaeducation.ch\\\/wp-content\\\/uploads\\\/2019\\\/05\\\/Motor-skills-board-shapes-Educo-scaled-scaled.jpg\",\"width\":2048,\"height\":2048,\"caption\":\"Manipulation : figures - Educo\"},{\"@type\":\"BreadcrumbList\",\"@id\":\"https:\\\/\\\/teiaeducation.ch\\\/fr\\\/produit\\\/tableau-manipulation-motrices-figures-educo\\\/#breadcrumb\",\"itemListElement\":[{\"@type\":\"ListItem\",\"position\":1,\"name\":\"Home\",\"item\":\"https:\\\/\\\/teiaeducation.ch\\\/fr\\\/\"},{\"@type\":\"ListItem\",\"position\":2,\"name\":\"Boutique Teia Education &amp; Play\",\"item\":\"https:\\\/\\\/teiaeducation.ch\\\/fr\\\/boutique\\\/\"},{\"@type\":\"ListItem\",\"position\":3,\"name\":\"Domaines du Curriculum\",\"item\":\"https:\\\/\\\/teiaeducation.ch\\\/fr\\\/categorie-produit\\\/domaines-du-curriculum\\\/\"},{\"@type\":\"ListItem\",\"position\":4,\"name\":\"Alphab\u00e9tisation &amp; Langage\",\"item\":\"https:\\\/\\\/teiaeducation.ch\\\/fr\\\/categorie-produit\\\/domaines-du-curriculum\\\/alphabetisation-langage\\\/\"},{\"@type\":\"ListItem\",\"position\":5,\"name\":\"Apprendre \u00e0 \u00c9crire\",\"item\":\"https:\\\/\\\/teiaeducation.ch\\\/fr\\\/categorie-produit\\\/domaines-du-curriculum\\\/alphabetisation-langage\\\/apprendre-a-ecrire\\\/\"},{\"@type\":\"ListItem\",\"position\":6,\"name\":\"Tableau manipulation motrices : figures &#8211; Educo\"}]},{\"@type\":\"WebSite\",\"@id\":\"https:\\\/\\\/teiaeducation.ch\\\/fr\\\/#website\",\"url\":\"https:\\\/\\\/teiaeducation.ch\\\/fr\\\/\",\"name\":\"Sustainable Educational Products &amp; Ecological Toys\u00a0\",\"description\":\"Specialised Swiss shop selling sustainable educational toys and games, AMI certified Montessori materials, handmade ecological wooden Waldorf toys and arts &amp; crafts supplies, school supplies, children&#039;s furniture and Montessori reference and parenting books.\",\"publisher\":{\"@id\":\"https:\\\/\\\/teiaeducation.ch\\\/fr\\\/#organization\"},\"alternateName\":\"Teia Education & Play\",\"potentialAction\":[{\"@type\":\"SearchAction\",\"target\":{\"@type\":\"EntryPoint\",\"urlTemplate\":\"https:\\\/\\\/teiaeducation.ch\\\/fr\\\/?s={search_term_string}\"},\"query-input\":{\"@type\":\"PropertyValueSpecification\",\"valueRequired\":true,\"valueName\":\"search_term_string\"}}],\"inLanguage\":\"fr-FR\"},{\"@type\":\"Organization\",\"@id\":\"https:\\\/\\\/teiaeducation.ch\\\/fr\\\/#organization\",\"name\":\"Teia Education & Play\",\"url\":\"https:\\\/\\\/teiaeducation.ch\\\/fr\\\/\",\"logo\":{\"@type\":\"ImageObject\",\"inLanguage\":\"fr-FR\",\"@id\":\"https:\\\/\\\/teiaeducation.ch\\\/fr\\\/#\\\/schema\\\/logo\\\/image\\\/\",\"url\":\"https:\\\/\\\/teiaeducation.ch\\\/wp-content\\\/uploads\\\/2020\\\/11\\\/Teia-Education-Switzerland-e1620156442216.jpg\",\"contentUrl\":\"https:\\\/\\\/teiaeducation.ch\\\/wp-content\\\/uploads\\\/2020\\\/11\\\/Teia-Education-Switzerland-e1620156442216.jpg\",\"width\":166,\"height\":145,\"caption\":\"Teia Education & Play\"},\"image\":{\"@id\":\"https:\\\/\\\/teiaeducation.ch\\\/fr\\\/#\\\/schema\\\/logo\\\/image\\\/\"},\"sameAs\":[\"https:\\\/\\\/www.facebook.com\\\/teiaeducation\\\/\",\"https:\\\/\\\/x.com\\\/EducationTeia\",\"https:\\\/\\\/www.instagram.com\\\/teia.education\\\/\",\"https:\\\/\\\/www.linkedin.com\\\/company\\\/35501660\",\"https:\\\/\\\/www.pinterest.ch\\\/TeiaEducation\\\/\"]}]}<\/script>\n<meta property=\"product:price:amount\" content=\"93.50\" \/>\n<meta property=\"product:price:currency\" content=\"CHF\" \/>\n<meta property=\"og:availability\" content=\"backorder\" \/>\n<meta property=\"product:availability\" content=\"available for order\" \/>\n<meta property=\"product:retailer_item_id\" content=\"00000000000000000000000000000000000000000000018167\" \/>\n<meta property=\"product:condition\" content=\"new\" \/>\n<!-- \/ Yoast SEO Premium plugin. -->","yoast_head_json":{"title":"Tableau manipulation motrices : figures - Educo","description":"Le grand tableau manipulation motrices : figures d'Educo en bois et permet de d\u00e9velopper les premi\u00e8res\u00a0comp\u00e9tences de la g\u00e9om\u00e9trie.","robots":{"index":"index","follow":"follow","max-snippet":"max-snippet:-1","max-image-preview":"max-image-preview:large","max-video-preview":"max-video-preview:-1"},"canonical":"https:\/\/teiaeducation.ch\/fr\/produit\/tableau-manipulation-motrices-figures-educo\/","og_locale":"fr_FR","og_type":"article","og_title":"Tableau manipulation motrices : figures - Educo","og_description":"Le grand tableau manipulation motrices : figures d'Educo en bois et permet de d\u00e9velopper les premi\u00e8res\u00a0comp\u00e9tences de la g\u00e9om\u00e9trie.","og_url":"https:\/\/teiaeducation.ch\/fr\/produit\/tableau-manipulation-motrices-figures-educo\/","og_site_name":"Sustainable Educational Products &amp; Ecological Toys\u00a0","article_publisher":"https:\/\/www.facebook.com\/teiaeducation\/","article_modified_time":"2025-03-10T09:06:03+00:00","og_image":[{"width":2048,"height":2048,"url":"https:\/\/teiaeducation.ch\/wp-content\/uploads\/2019\/05\/Motor-skills-board-shapes-Educo-scaled-scaled.jpg","type":"image\/jpeg"}],"schema":{"@context":"https:\/\/schema.org","@graph":[{"@type":"WebPage","@id":"https:\/\/teiaeducation.ch\/fr\/produit\/tableau-manipulation-motrices-figures-educo\/","url":"https:\/\/teiaeducation.ch\/fr\/produit\/tableau-manipulation-motrices-figures-educo\/","name":"Tableau manipulation motrices : figures - Educo","isPartOf":{"@id":"https:\/\/teiaeducation.ch\/fr\/#website"},"primaryImageOfPage":{"@id":"https:\/\/teiaeducation.ch\/fr\/produit\/tableau-manipulation-motrices-figures-educo\/#primaryimage"},"image":{"@id":"https:\/\/teiaeducation.ch\/fr\/produit\/tableau-manipulation-motrices-figures-educo\/#primaryimage"},"thumbnailUrl":"https:\/\/teiaeducation.ch\/wp-content\/uploads\/2019\/05\/Motor-skills-board-shapes-Educo-scaled-scaled.jpg","datePublished":"2019-05-27T06:01:54+00:00","dateModified":"2025-03-10T09:06:03+00:00","description":"Le grand tableau manipulation motrices : figures d'Educo en bois et permet de d\u00e9velopper les premi\u00e8res\u00a0comp\u00e9tences de la g\u00e9om\u00e9trie.","breadcrumb":{"@id":"https:\/\/teiaeducation.ch\/fr\/produit\/tableau-manipulation-motrices-figures-educo\/#breadcrumb"},"inLanguage":"fr-FR","potentialAction":[{"@type":"ReadAction","target":["https:\/\/teiaeducation.ch\/fr\/produit\/tableau-manipulation-motrices-figures-educo\/"]}]},{"@type":"ImageObject","inLanguage":"fr-FR","@id":"https:\/\/teiaeducation.ch\/fr\/produit\/tableau-manipulation-motrices-figures-educo\/#primaryimage","url":"https:\/\/teiaeducation.ch\/wp-content\/uploads\/2019\/05\/Motor-skills-board-shapes-Educo-scaled-scaled.jpg","contentUrl":"https:\/\/teiaeducation.ch\/wp-content\/uploads\/2019\/05\/Motor-skills-board-shapes-Educo-scaled-scaled.jpg","width":2048,"height":2048,"caption":"Manipulation : figures - Educo"},{"@type":"BreadcrumbList","@id":"https:\/\/teiaeducation.ch\/fr\/produit\/tableau-manipulation-motrices-figures-educo\/#breadcrumb","itemListElement":[{"@type":"ListItem","position":1,"name":"Home","item":"https:\/\/teiaeducation.ch\/fr\/"},{"@type":"ListItem","position":2,"name":"Boutique Teia Education &amp; Play","item":"https:\/\/teiaeducation.ch\/fr\/boutique\/"},{"@type":"ListItem","position":3,"name":"Domaines du Curriculum","item":"https:\/\/teiaeducation.ch\/fr\/categorie-produit\/domaines-du-curriculum\/"},{"@type":"ListItem","position":4,"name":"Alphab\u00e9tisation &amp; Langage","item":"https:\/\/teiaeducation.ch\/fr\/categorie-produit\/domaines-du-curriculum\/alphabetisation-langage\/"},{"@type":"ListItem","position":5,"name":"Apprendre \u00e0 \u00c9crire","item":"https:\/\/teiaeducation.ch\/fr\/categorie-produit\/domaines-du-curriculum\/alphabetisation-langage\/apprendre-a-ecrire\/"},{"@type":"ListItem","position":6,"name":"Tableau manipulation motrices : figures &#8211; Educo"}]},{"@type":"WebSite","@id":"https:\/\/teiaeducation.ch\/fr\/#website","url":"https:\/\/teiaeducation.ch\/fr\/","name":"Sustainable Educational Products &amp; Ecological Toys\u00a0","description":"Specialised Swiss shop selling sustainable educational toys and games, AMI certified Montessori materials, handmade ecological wooden Waldorf toys and arts &amp; crafts supplies, school supplies, children&#039;s furniture and Montessori reference and parenting books.","publisher":{"@id":"https:\/\/teiaeducation.ch\/fr\/#organization"},"alternateName":"Teia Education & Play","potentialAction":[{"@type":"SearchAction","target":{"@type":"EntryPoint","urlTemplate":"https:\/\/teiaeducation.ch\/fr\/?s={search_term_string}"},"query-input":{"@type":"PropertyValueSpecification","valueRequired":true,"valueName":"search_term_string"}}],"inLanguage":"fr-FR"},{"@type":"Organization","@id":"https:\/\/teiaeducation.ch\/fr\/#organization","name":"Teia Education & Play","url":"https:\/\/teiaeducation.ch\/fr\/","logo":{"@type":"ImageObject","inLanguage":"fr-FR","@id":"https:\/\/teiaeducation.ch\/fr\/#\/schema\/logo\/image\/","url":"https:\/\/teiaeducation.ch\/wp-content\/uploads\/2020\/11\/Teia-Education-Switzerland-e1620156442216.jpg","contentUrl":"https:\/\/teiaeducation.ch\/wp-content\/uploads\/2020\/11\/Teia-Education-Switzerland-e1620156442216.jpg","width":166,"height":145,"caption":"Teia Education & Play"},"image":{"@id":"https:\/\/teiaeducation.ch\/fr\/#\/schema\/logo\/image\/"},"sameAs":["https:\/\/www.facebook.com\/teiaeducation\/","https:\/\/x.com\/EducationTeia","https:\/\/www.instagram.com\/teia.education\/","https:\/\/www.linkedin.com\/company\/35501660","https:\/\/www.pinterest.ch\/TeiaEducation\/"]}]},"product_price_amount":"93.50","product_price_currency":"CHF","og_availability":"backorder","product_availability":"available for order","product_retailer_item_id":"00000000000000000000000000000000000000000000018167","product_condition":"new"},"_links":{"self":[{"href":"https:\/\/teiaeducation.ch\/fr\/wp-json\/wp\/v2\/product\/23530","targetHints":{"allow":["GET"]}}],"collection":[{"href":"https:\/\/teiaeducation.ch\/fr\/wp-json\/wp\/v2\/product"}],"about":[{"href":"https:\/\/teiaeducation.ch\/fr\/wp-json\/wp\/v2\/types\/product"}],"replies":[{"embeddable":true,"href":"https:\/\/teiaeducation.ch\/fr\/wp-json\/wp\/v2\/comments?post=23530"}],"wp:featuredmedia":[{"embeddable":true,"href":"https:\/\/teiaeducation.ch\/fr\/wp-json\/wp\/v2\/media\/18168"}],"wp:attachment":[{"href":"https:\/\/teiaeducation.ch\/fr\/wp-json\/wp\/v2\/media?parent=23530"}],"wp:term":[{"taxonomy":"product_brand","embeddable":true,"href":"https:\/\/teiaeducation.ch\/fr\/wp-json\/wp\/v2\/product_brand?post=23530"},{"taxonomy":"product_cat","embeddable":true,"href":"https:\/\/teiaeducation.ch\/fr\/wp-json\/wp\/v2\/product_cat?post=23530"},{"taxonomy":"product_tag","embeddable":true,"href":"https:\/\/teiaeducation.ch\/fr\/wp-json\/wp\/v2\/product_tag?post=23530"}],"curies":[{"name":"wp","href":"https:\/\/api.w.org\/{rel}","templated":true}]}}