{"id":23531,"date":"2019-05-29T09:53:39","date_gmt":"2019-05-29T07:53:39","guid":{"rendered":"https:\/\/teiaeducation.ch\/product\/puzzle-vie-quotidien-des-commerces-le-boulangerie-educo\/"},"modified":"2022-02-20T14:23:14","modified_gmt":"2022-02-20T13:23:14","slug":"puzzle-la-boulangerie-educo","status":"publish","type":"product","link":"https:\/\/teiaeducation.ch\/fr\/produit\/puzzle-la-boulangerie-educo\/","title":{"rendered":"Puzzle la boulangerie &#8211; Educo"},"content":{"rendered":"<p>Puzzle la boulangerie &#8211; Educo<\/p>\n<p>Le puzzle Educo ; la boulangerie\u00a0est un grand puzzle enti\u00e8rement en bois avec 81 pi\u00e8ces de puzzle. Il fait partie de la s\u00e9rie des quatre &#8220;commerces&#8221; : <a href=\"https:\/\/teiaeducation.ch\/fr\/produit\/puzzle-supermarche-educo\/\">supermarch\u00e9<\/a>, <a href=\"https:\/\/teiaeducation.ch\/fr\/produit\/puzzle-glacier-educo\/\">glacier<\/a>, <a href=\"https:\/\/teiaeducation.ch\/fr\/produit\/puzzle-magasin-de-jouets-educo\/\">magasin de jouets<\/a> et la boulangerie. Le puzzle permet \u00e0 l&#8217;enfant d&#8217;explorer le monde et est un bel ajout d&#8217;une\u00a0collection de jouets en bois \u00e0 toute salle de jeux \u00e0 la maison ou salle de classe.<\/p>\n<p>Ce grand puzzle de 40 x 40 centim\u00e8tres est magnifiquement illustr\u00e9 sur le th\u00e8me de la boulangerie, et est compos\u00e9 de 81 pi\u00e8ces de puzzle en bois solide, plac\u00e9es dans un cadre en bois de h\u00eatre. Le travail avec ce puzzle encourage les exercices associatifs centr\u00e9s sur des curiosit\u00e9s et des activit\u00e9s de la vie r\u00e9elle. Il facilite des discussions anim\u00e9es qui d\u00e9passent le cadre de la salle de classe, ce qui favorise la prise de conscience et une meilleure compr\u00e9hension du monde en g\u00e9n\u00e9ral.<\/p>\n<p>Les puzzles commerces d\u00e9veloppent la cr\u00e9ativit\u00e9, l&#8217;imagination, ainsi que les comp\u00e9tences linguistiques et l&#8217;alphab\u00e9tisation. Comme tous les jeux \u00e9ducatifs et puzzles de la gamme Educo, ce puzzle de haute qualit\u00e9 inspire la pens\u00e9e critique et les techniques de r\u00e9solution de probl\u00e8mes par le jeu et offre des heures de loisirs cr\u00e9atifs.<\/p>\n<p>Ce mat\u00e9riel convient aux enfants \u00e2g\u00e9s de 4 ans et plus.<\/p>\n<p>Contenu:<\/p>\n<p>1 cadre en bois (40 x 40 x 1 cm)<br \/>\n81 pi\u00e8ces de puzzle en bois contreplaqu\u00e9 de bouleau de 4 mm<\/p>\n","protected":false},"excerpt":{"rendered":"<p>Num\u00e9ro d&#8217;article: E522165<\/p>\n","protected":false},"featured_media":18197,"comment_status":"closed","ping_status":"closed","template":"","meta":[],"product_brand":[],"product_cat":[215,285,635,283,224,22355,13130,1220,7595,217,18970,13148,611,209,212,612],"product_tag":[785,784,782,775,776,4296,4298,650,651,7976,6555,4297],"class_list":{"0":"post-23531","1":"product","2":"type-product","3":"status-publish","4":"has-post-thumbnail","6":"product_cat-3-6-ans","7":"product_cat-alphabetisation-langage","8":"product_cat-competences-motrices","9":"product_cat-domaines-du-curriculum","10":"product_cat-educo-fr","11":"product_cat-jeu-de-puzzle","12":"product_cat-jouer","13":"product_cat-traditionnelle","14":"product_cat-methode-deducation","15":"product_cat-marques","16":"product_cat-puzzles-casse-tete","17":"product_cat-puzzles-en-bois","18":"product_cat-raconter-des-histoires","19":"product_cat-sensorielles-motrices","20":"product_cat-tranche-dage","21":"product_cat-vocabulaire-fr","22":"product_tag-educo-jeu-de-puzzle","23":"product_tag-educo-puzzle-a-incrustation-en-bois","24":"product_tag-educo-puzzle-en-bois","25":"product_tag-educo-suisse","26":"product_tag-heutink-international-suisse","27":"product_tag-jeu-de-puzzle","28":"product_tag-jouer-et-resoudre","29":"product_tag-jouets-educatifs-suisse","30":"product_tag-materiel-pedagogique-suisse","31":"product_tag-puzzle-boulangerie-en-bois","32":"product_tag-puzzle-en-bois-shopping","33":"product_tag-puzzles-a-formes","35":"first","36":"instock","37":"taxable","38":"shipping-taxable","39":"purchasable","40":"product-type-simple"},"yoast_head":"<!-- This site is optimized with the Yoast SEO plugin v27.1.1 - https:\/\/yoast.com\/product\/yoast-seo-wordpress\/ -->\n<title>Puzzle vie quotidien\/des commerces: le boulangerie - Educo<\/title>\n<meta name=\"description\" content=\"Le puzzle vie quotidien\/des commerces : le boulangerie d&#039;Educo est un grand puzzle enti\u00e8rement en bois, qui permet \u00e0 l&#039;enfant d&#039;explorer le monde.\" \/>\n<meta name=\"robots\" content=\"index, follow, max-snippet:-1, max-image-preview:large, max-video-preview:-1\" \/>\n<link rel=\"canonical\" href=\"https:\/\/teiaeducation.ch\/fr\/produit\/puzzle-la-boulangerie-educo\/\" \/>\n<meta property=\"og:locale\" content=\"fr_FR\" \/>\n<meta property=\"og:type\" content=\"article\" \/>\n<meta property=\"og:title\" content=\"Puzzle vie quotidien\/des commerces: le boulangerie - Educo\" \/>\n<meta property=\"og:description\" content=\"Le puzzle vie quotidien\/des commerces : le boulangerie d&#039;Educo est un grand puzzle enti\u00e8rement en bois, qui permet \u00e0 l&#039;enfant d&#039;explorer le monde.\" \/>\n<meta property=\"og:url\" content=\"https:\/\/teiaeducation.ch\/fr\/produit\/puzzle-la-boulangerie-educo\/\" \/>\n<meta property=\"og:site_name\" content=\"Sustainable Educational Products &amp; Ecological Toys\u00a0\" \/>\n<meta property=\"article:publisher\" content=\"https:\/\/www.facebook.com\/teiaeducation\/\" \/>\n<meta property=\"article:modified_time\" content=\"2022-02-20T13:23:14+00:00\" \/>\n<meta property=\"og:image\" content=\"https:\/\/teiaeducation.ch\/wp-content\/uploads\/2019\/05\/Shopping-puzzle-bakery-Educo-scaled-scaled.jpg\" \/>\n\t<meta property=\"og:image:width\" content=\"2048\" \/>\n\t<meta property=\"og:image:height\" content=\"2048\" \/>\n\t<meta property=\"og:image:type\" content=\"image\/jpeg\" \/>\n<script type=\"application\/ld+json\" class=\"yoast-schema-graph\">{\"@context\":\"https:\/\/schema.org\",\"@graph\":[{\"@type\":\"WebPage\",\"@id\":\"https:\/\/teiaeducation.ch\/fr\/produit\/puzzle-la-boulangerie-educo\/\",\"url\":\"https:\/\/teiaeducation.ch\/fr\/produit\/puzzle-la-boulangerie-educo\/\",\"name\":\"Puzzle vie quotidien\/des commerces: le boulangerie - Educo\",\"isPartOf\":{\"@id\":\"https:\/\/teiaeducation.ch\/fr\/#website\"},\"primaryImageOfPage\":{\"@id\":\"https:\/\/teiaeducation.ch\/fr\/produit\/puzzle-la-boulangerie-educo\/#primaryimage\"},\"image\":{\"@id\":\"https:\/\/teiaeducation.ch\/fr\/produit\/puzzle-la-boulangerie-educo\/#primaryimage\"},\"thumbnailUrl\":\"https:\/\/teiaeducation.ch\/wp-content\/uploads\/2019\/05\/Shopping-puzzle-bakery-Educo-scaled-scaled.jpg\",\"datePublished\":\"2019-05-29T07:53:39+00:00\",\"dateModified\":\"2022-02-20T13:23:14+00:00\",\"description\":\"Le puzzle vie quotidien\/des commerces : le boulangerie d'Educo est un grand puzzle enti\u00e8rement en bois, qui permet \u00e0 l'enfant d'explorer le monde.\",\"breadcrumb\":{\"@id\":\"https:\/\/teiaeducation.ch\/fr\/produit\/puzzle-la-boulangerie-educo\/#breadcrumb\"},\"inLanguage\":\"fr-FR\",\"potentialAction\":[{\"@type\":\"ReadAction\",\"target\":[\"https:\/\/teiaeducation.ch\/fr\/produit\/puzzle-la-boulangerie-educo\/\"]}]},{\"@type\":\"ImageObject\",\"inLanguage\":\"fr-FR\",\"@id\":\"https:\/\/teiaeducation.ch\/fr\/produit\/puzzle-la-boulangerie-educo\/#primaryimage\",\"url\":\"https:\/\/teiaeducation.ch\/wp-content\/uploads\/2019\/05\/Shopping-puzzle-bakery-Educo-scaled-scaled.jpg\",\"contentUrl\":\"https:\/\/teiaeducation.ch\/wp-content\/uploads\/2019\/05\/Shopping-puzzle-bakery-Educo-scaled-scaled.jpg\",\"width\":2048,\"height\":2048,\"caption\":\"Puzzle vie quotidien\/des commerces: le boulangerie - Educo\"},{\"@type\":\"BreadcrumbList\",\"@id\":\"https:\/\/teiaeducation.ch\/fr\/produit\/puzzle-la-boulangerie-educo\/#breadcrumb\",\"itemListElement\":[{\"@type\":\"ListItem\",\"position\":1,\"name\":\"Home\",\"item\":\"https:\/\/teiaeducation.ch\/fr\/\"},{\"@type\":\"ListItem\",\"position\":2,\"name\":\"Boutique Teia Education &amp; Play\",\"item\":\"https:\/\/teiaeducation.ch\/fr\/boutique\/\"},{\"@type\":\"ListItem\",\"position\":3,\"name\":\"Domaines du Curriculum\",\"item\":\"https:\/\/teiaeducation.ch\/fr\/categorie-produit\/domaines-du-curriculum\/\"},{\"@type\":\"ListItem\",\"position\":4,\"name\":\"Sensorielles &amp; Motrices\",\"item\":\"https:\/\/teiaeducation.ch\/fr\/categorie-produit\/domaines-du-curriculum\/sensorielles-motrices\/\"},{\"@type\":\"ListItem\",\"position\":5,\"name\":\"Comp\u00e9tences Motrices\",\"item\":\"https:\/\/teiaeducation.ch\/fr\/categorie-produit\/domaines-du-curriculum\/sensorielles-motrices\/competences-motrices\/\"},{\"@type\":\"ListItem\",\"position\":6,\"name\":\"Puzzle la boulangerie &#8211; Educo\"}]},{\"@type\":\"WebSite\",\"@id\":\"https:\/\/teiaeducation.ch\/fr\/#website\",\"url\":\"https:\/\/teiaeducation.ch\/fr\/\",\"name\":\"Sustainable Educational Products &amp; Ecological Toys\u00a0\",\"description\":\"Specialised Swiss shop selling sustainable educational toys and games, AMI certified Montessori materials, handmade ecological wooden Waldorf toys and arts &amp; crafts supplies, school supplies, children&#039;s furniture and Montessori reference and parenting books.\",\"publisher\":{\"@id\":\"https:\/\/teiaeducation.ch\/fr\/#organization\"},\"alternateName\":\"Teia Education & Play\",\"potentialAction\":[{\"@type\":\"SearchAction\",\"target\":{\"@type\":\"EntryPoint\",\"urlTemplate\":\"https:\/\/teiaeducation.ch\/fr\/?s={search_term_string}\"},\"query-input\":{\"@type\":\"PropertyValueSpecification\",\"valueRequired\":true,\"valueName\":\"search_term_string\"}}],\"inLanguage\":\"fr-FR\"},{\"@type\":\"Organization\",\"@id\":\"https:\/\/teiaeducation.ch\/fr\/#organization\",\"name\":\"Teia Education & Play\",\"url\":\"https:\/\/teiaeducation.ch\/fr\/\",\"logo\":{\"@type\":\"ImageObject\",\"inLanguage\":\"fr-FR\",\"@id\":\"https:\/\/teiaeducation.ch\/fr\/#\/schema\/logo\/image\/\",\"url\":\"https:\/\/teiaeducation.ch\/wp-content\/uploads\/2020\/11\/Teia-Education-Switzerland-e1620156442216.jpg\",\"contentUrl\":\"https:\/\/teiaeducation.ch\/wp-content\/uploads\/2020\/11\/Teia-Education-Switzerland-e1620156442216.jpg\",\"width\":166,\"height\":145,\"caption\":\"Teia Education & Play\"},\"image\":{\"@id\":\"https:\/\/teiaeducation.ch\/fr\/#\/schema\/logo\/image\/\"},\"sameAs\":[\"https:\/\/www.facebook.com\/teiaeducation\/\",\"https:\/\/x.com\/EducationTeia\",\"https:\/\/www.instagram.com\/teia.education\/\",\"https:\/\/www.linkedin.com\/company\/35501660\",\"https:\/\/www.pinterest.ch\/TeiaEducation\/\"]}]}<\/script>\n<!-- \/ Yoast SEO plugin. -->","yoast_head_json":{"title":"Puzzle vie quotidien\/des commerces: le boulangerie - Educo","description":"Le puzzle vie quotidien\/des commerces : le boulangerie d'Educo est un grand puzzle enti\u00e8rement en bois, qui permet \u00e0 l'enfant d'explorer le monde.","robots":{"index":"index","follow":"follow","max-snippet":"max-snippet:-1","max-image-preview":"max-image-preview:large","max-video-preview":"max-video-preview:-1"},"canonical":"https:\/\/teiaeducation.ch\/fr\/produit\/puzzle-la-boulangerie-educo\/","og_locale":"fr_FR","og_type":"article","og_title":"Puzzle vie quotidien\/des commerces: le boulangerie - Educo","og_description":"Le puzzle vie quotidien\/des commerces : le boulangerie d'Educo est un grand puzzle enti\u00e8rement en bois, qui permet \u00e0 l'enfant d'explorer le monde.","og_url":"https:\/\/teiaeducation.ch\/fr\/produit\/puzzle-la-boulangerie-educo\/","og_site_name":"Sustainable Educational Products &amp; Ecological Toys\u00a0","article_publisher":"https:\/\/www.facebook.com\/teiaeducation\/","article_modified_time":"2022-02-20T13:23:14+00:00","og_image":[{"width":2048,"height":2048,"url":"https:\/\/teiaeducation.ch\/wp-content\/uploads\/2019\/05\/Shopping-puzzle-bakery-Educo-scaled-scaled.jpg","type":"image\/jpeg"}],"schema":{"@context":"https:\/\/schema.org","@graph":[{"@type":"WebPage","@id":"https:\/\/teiaeducation.ch\/fr\/produit\/puzzle-la-boulangerie-educo\/","url":"https:\/\/teiaeducation.ch\/fr\/produit\/puzzle-la-boulangerie-educo\/","name":"Puzzle vie quotidien\/des commerces: le boulangerie - Educo","isPartOf":{"@id":"https:\/\/teiaeducation.ch\/fr\/#website"},"primaryImageOfPage":{"@id":"https:\/\/teiaeducation.ch\/fr\/produit\/puzzle-la-boulangerie-educo\/#primaryimage"},"image":{"@id":"https:\/\/teiaeducation.ch\/fr\/produit\/puzzle-la-boulangerie-educo\/#primaryimage"},"thumbnailUrl":"https:\/\/teiaeducation.ch\/wp-content\/uploads\/2019\/05\/Shopping-puzzle-bakery-Educo-scaled-scaled.jpg","datePublished":"2019-05-29T07:53:39+00:00","dateModified":"2022-02-20T13:23:14+00:00","description":"Le puzzle vie quotidien\/des commerces : le boulangerie d'Educo est un grand puzzle enti\u00e8rement en bois, qui permet \u00e0 l'enfant d'explorer le monde.","breadcrumb":{"@id":"https:\/\/teiaeducation.ch\/fr\/produit\/puzzle-la-boulangerie-educo\/#breadcrumb"},"inLanguage":"fr-FR","potentialAction":[{"@type":"ReadAction","target":["https:\/\/teiaeducation.ch\/fr\/produit\/puzzle-la-boulangerie-educo\/"]}]},{"@type":"ImageObject","inLanguage":"fr-FR","@id":"https:\/\/teiaeducation.ch\/fr\/produit\/puzzle-la-boulangerie-educo\/#primaryimage","url":"https:\/\/teiaeducation.ch\/wp-content\/uploads\/2019\/05\/Shopping-puzzle-bakery-Educo-scaled-scaled.jpg","contentUrl":"https:\/\/teiaeducation.ch\/wp-content\/uploads\/2019\/05\/Shopping-puzzle-bakery-Educo-scaled-scaled.jpg","width":2048,"height":2048,"caption":"Puzzle vie quotidien\/des commerces: le boulangerie - Educo"},{"@type":"BreadcrumbList","@id":"https:\/\/teiaeducation.ch\/fr\/produit\/puzzle-la-boulangerie-educo\/#breadcrumb","itemListElement":[{"@type":"ListItem","position":1,"name":"Home","item":"https:\/\/teiaeducation.ch\/fr\/"},{"@type":"ListItem","position":2,"name":"Boutique Teia Education &amp; Play","item":"https:\/\/teiaeducation.ch\/fr\/boutique\/"},{"@type":"ListItem","position":3,"name":"Domaines du Curriculum","item":"https:\/\/teiaeducation.ch\/fr\/categorie-produit\/domaines-du-curriculum\/"},{"@type":"ListItem","position":4,"name":"Sensorielles &amp; Motrices","item":"https:\/\/teiaeducation.ch\/fr\/categorie-produit\/domaines-du-curriculum\/sensorielles-motrices\/"},{"@type":"ListItem","position":5,"name":"Comp\u00e9tences Motrices","item":"https:\/\/teiaeducation.ch\/fr\/categorie-produit\/domaines-du-curriculum\/sensorielles-motrices\/competences-motrices\/"},{"@type":"ListItem","position":6,"name":"Puzzle la boulangerie &#8211; Educo"}]},{"@type":"WebSite","@id":"https:\/\/teiaeducation.ch\/fr\/#website","url":"https:\/\/teiaeducation.ch\/fr\/","name":"Sustainable Educational Products &amp; Ecological Toys\u00a0","description":"Specialised Swiss shop selling sustainable educational toys and games, AMI certified Montessori materials, handmade ecological wooden Waldorf toys and arts &amp; crafts supplies, school supplies, children&#039;s furniture and Montessori reference and parenting books.","publisher":{"@id":"https:\/\/teiaeducation.ch\/fr\/#organization"},"alternateName":"Teia Education & Play","potentialAction":[{"@type":"SearchAction","target":{"@type":"EntryPoint","urlTemplate":"https:\/\/teiaeducation.ch\/fr\/?s={search_term_string}"},"query-input":{"@type":"PropertyValueSpecification","valueRequired":true,"valueName":"search_term_string"}}],"inLanguage":"fr-FR"},{"@type":"Organization","@id":"https:\/\/teiaeducation.ch\/fr\/#organization","name":"Teia Education & Play","url":"https:\/\/teiaeducation.ch\/fr\/","logo":{"@type":"ImageObject","inLanguage":"fr-FR","@id":"https:\/\/teiaeducation.ch\/fr\/#\/schema\/logo\/image\/","url":"https:\/\/teiaeducation.ch\/wp-content\/uploads\/2020\/11\/Teia-Education-Switzerland-e1620156442216.jpg","contentUrl":"https:\/\/teiaeducation.ch\/wp-content\/uploads\/2020\/11\/Teia-Education-Switzerland-e1620156442216.jpg","width":166,"height":145,"caption":"Teia Education & Play"},"image":{"@id":"https:\/\/teiaeducation.ch\/fr\/#\/schema\/logo\/image\/"},"sameAs":["https:\/\/www.facebook.com\/teiaeducation\/","https:\/\/x.com\/EducationTeia","https:\/\/www.instagram.com\/teia.education\/","https:\/\/www.linkedin.com\/company\/35501660","https:\/\/www.pinterest.ch\/TeiaEducation\/"]}]}},"_links":{"self":[{"href":"https:\/\/teiaeducation.ch\/fr\/wp-json\/wp\/v2\/product\/23531","targetHints":{"allow":["GET"]}}],"collection":[{"href":"https:\/\/teiaeducation.ch\/fr\/wp-json\/wp\/v2\/product"}],"about":[{"href":"https:\/\/teiaeducation.ch\/fr\/wp-json\/wp\/v2\/types\/product"}],"replies":[{"embeddable":true,"href":"https:\/\/teiaeducation.ch\/fr\/wp-json\/wp\/v2\/comments?post=23531"}],"wp:featuredmedia":[{"embeddable":true,"href":"https:\/\/teiaeducation.ch\/fr\/wp-json\/wp\/v2\/media\/18197"}],"wp:attachment":[{"href":"https:\/\/teiaeducation.ch\/fr\/wp-json\/wp\/v2\/media?parent=23531"}],"wp:term":[{"taxonomy":"product_brand","embeddable":true,"href":"https:\/\/teiaeducation.ch\/fr\/wp-json\/wp\/v2\/product_brand?post=23531"},{"taxonomy":"product_cat","embeddable":true,"href":"https:\/\/teiaeducation.ch\/fr\/wp-json\/wp\/v2\/product_cat?post=23531"},{"taxonomy":"product_tag","embeddable":true,"href":"https:\/\/teiaeducation.ch\/fr\/wp-json\/wp\/v2\/product_tag?post=23531"}],"curies":[{"name":"wp","href":"https:\/\/api.w.org\/{rel}","templated":true}]}}