{"id":23532,"date":"2019-05-26T12:02:14","date_gmt":"2019-05-26T10:02:14","guid":{"rendered":"https:\/\/teiaeducation.ch\/product\/puzzle-les-saisons-lhiver-educo-2\/"},"modified":"2021-09-10T14:31:01","modified_gmt":"2021-09-10T12:31:01","slug":"puzzle-les-saisons-lhiver-educo-2","status":"publish","type":"product","link":"https:\/\/teiaeducation.ch\/fr\/produit\/puzzle-les-saisons-lhiver-educo-2\/","title":{"rendered":"Puzzle les saisons: l&#8217;hiver &#8211; Educo"},"content":{"rendered":"<p>Puzzle en bois les saisons: l&#8217;hiver &#8211; Educo<\/p>\n<p>Le puzzle les saisons d&#8217;hiver d&#8217;Educo, avec ses seize pi\u00e8ces, est un puzzle enti\u00e8rement en bois. Faisant partie de la s\u00e9rie des quatre saisons (printemps, \u00e9t\u00e9, automne et hiver), le puzzle permet \u00e0 l&#8217;enfant d&#8217;explorer la saison hivernale.<\/p>\n<p>Ce puzzle d&#8217;hiver magnifiquement illustr\u00e9 mesure 34 x 34 centim\u00e8tres et se compose de seize pi\u00e8ces de puzzle en bois robuste plac\u00e9es dans un cadre en bois de h\u00eatre. Le puzzle repr\u00e9sente une sc\u00e8ne d&#8217;hiver \u00e0 l&#8217;ext\u00e9rieur d&#8217;une maison ; la s\u00e9rie compl\u00e8te de quatre puzzles montre la m\u00eame maison mais \u00e0 des p\u00e9riodes diff\u00e9rentes de l&#8217;ann\u00e9e.<\/p>\n<p>Le travail avec les puzzles des saisons d&#8217;Educo encourage les exercices associatifs centr\u00e9s sur des curiosit\u00e9s et des activit\u00e9s de la vie r\u00e9elle. Il facilite des discussions anim\u00e9es qui d\u00e9passent le cadre de la classe, ce qui favorise la prise de conscience et une meilleure compr\u00e9hension des diff\u00e9rentes saisons. Les puzzles des saisons d\u00e9veloppent la cr\u00e9ativit\u00e9, l&#8217;imagination, ainsi que les comp\u00e9tences linguistiques et l&#8217;alphab\u00e9tisation. Comme tous les puzzles de la gamme Educo, ce puzzle de haute qualit\u00e9 inspire la pens\u00e9e critique et les techniques de r\u00e9solution de probl\u00e8mes par le jeu.<\/p>\n<p>Ce mat\u00e9riel convient aux enfants de 4 ans et plus.<\/p>\n<p>Contenu :<\/p>\n<p>1 cadre en bois (34 x 34 x 1 cm)<br \/>\n16 pi\u00e8ces de puzzle en contreplaqu\u00e9 de bouleau de 4 mm<\/p>\n","protected":false},"excerpt":{"rendered":"<p>Num\u00e9ro d&#8217;article: E522858<\/p>\n<p>Le puzzle les saisons hiver avec seize pi\u00e8ces d&#8217;Educo est un puzzle enti\u00e8rement en bois et permet \u00e0 l&#8217;enfant d&#8217;explorer la saison hivernale.<\/p>\n","protected":false},"featured_media":18268,"comment_status":"closed","ping_status":"closed","template":"","meta":[],"product_brand":[],"product_cat":[215,285,22343,22344,635,284,283,224,22355,13130,1220,7595,217,13148,611,598,209,212,612],"product_tag":[785,784,782,775,18434,776,4296,4298,650,651,7957,5850,4297],"class_list":{"0":"post-23532","1":"product","2":"type-product","3":"status-publish","4":"has-post-thumbnail","6":"product_cat-3-6-ans","7":"product_cat-alphabetisation-langage","8":"product_cat-collection-hiver","9":"product_cat-collections-saisonnieres","10":"product_cat-competences-motrices","11":"product_cat-culture-sciences","12":"product_cat-domaines-du-curriculum","13":"product_cat-educo-fr","14":"product_cat-jeu-de-puzzle","15":"product_cat-jouer","16":"product_cat-traditionnelle","17":"product_cat-methode-deducation","18":"product_cat-marques","19":"product_cat-puzzles-en-bois","20":"product_cat-raconter-des-histoires","21":"product_cat-saisons-meteo","22":"product_cat-sensorielles-motrices","23":"product_cat-tranche-dage","24":"product_cat-vocabulaire-fr","25":"product_tag-educo-jeu-de-puzzle","26":"product_tag-educo-puzzle-a-incrustation-en-bois","27":"product_tag-educo-puzzle-en-bois","28":"product_tag-educo-suisse","29":"product_tag-en-savoir-plus-sur-les-saisons","30":"product_tag-heutink-international-suisse","31":"product_tag-jeu-de-puzzle","32":"product_tag-jouer-et-resoudre","33":"product_tag-jouets-educatifs-suisse","34":"product_tag-materiel-pedagogique-suisse","35":"product_tag-puzzle-dautomne-en-bois","36":"product_tag-puzzle-en-bois-lhiver","37":"product_tag-puzzles-a-formes","39":"first","40":"instock","41":"taxable","42":"shipping-taxable","43":"purchasable","44":"product-type-simple"},"yoast_head":"<!-- This site is optimized with the Yoast SEO plugin v27.1.1 - https:\/\/yoast.com\/product\/yoast-seo-wordpress\/ -->\n<title>Puzzle les saisons: l&#039;hiver - Educo - Teia Education &amp; Play<\/title>\n<meta name=\"description\" content=\"Le puzzle les saisons hiver avec seize pi\u00e8ces d&#039;Educo est un puzzle enti\u00e8rement en bois et permet \u00e0 l&#039;enfant d&#039;explorer la saison hivernale.\" \/>\n<meta name=\"robots\" content=\"index, follow, max-snippet:-1, max-image-preview:large, max-video-preview:-1\" \/>\n<link rel=\"canonical\" href=\"https:\/\/teiaeducation.ch\/fr\/produit\/puzzle-les-saisons-lhiver-educo-2\/\" \/>\n<meta property=\"og:locale\" content=\"fr_FR\" \/>\n<meta property=\"og:type\" content=\"article\" \/>\n<meta property=\"og:title\" content=\"Puzzle les saisons: l&#039;hiver - Educo - Teia Education &amp; Play\" \/>\n<meta property=\"og:description\" content=\"Le puzzle les saisons hiver avec seize pi\u00e8ces d&#039;Educo est un puzzle enti\u00e8rement en bois et permet \u00e0 l&#039;enfant d&#039;explorer la saison hivernale.\" \/>\n<meta property=\"og:url\" content=\"https:\/\/teiaeducation.ch\/fr\/produit\/puzzle-les-saisons-lhiver-educo-2\/\" \/>\n<meta property=\"og:site_name\" content=\"Sustainable Educational Products &amp; Ecological Toys\u00a0\" \/>\n<meta property=\"article:publisher\" content=\"https:\/\/www.facebook.com\/teiaeducation\/\" \/>\n<meta property=\"article:modified_time\" content=\"2021-09-10T12:31:01+00:00\" \/>\n<meta property=\"og:image\" content=\"https:\/\/teiaeducation.ch\/wp-content\/uploads\/2019\/05\/Seasons-puzzle-1-winter-Educo-scaled-scaled.jpg\" \/>\n\t<meta property=\"og:image:width\" content=\"2048\" \/>\n\t<meta property=\"og:image:height\" content=\"2048\" \/>\n\t<meta property=\"og:image:type\" content=\"image\/jpeg\" \/>\n<script type=\"application\/ld+json\" class=\"yoast-schema-graph\">{\"@context\":\"https:\/\/schema.org\",\"@graph\":[{\"@type\":\"WebPage\",\"@id\":\"https:\/\/teiaeducation.ch\/fr\/produit\/puzzle-les-saisons-lhiver-educo-2\/\",\"url\":\"https:\/\/teiaeducation.ch\/fr\/produit\/puzzle-les-saisons-lhiver-educo-2\/\",\"name\":\"Puzzle les saisons: l'hiver - Educo - Teia Education & Play\",\"isPartOf\":{\"@id\":\"https:\/\/teiaeducation.ch\/fr\/#website\"},\"primaryImageOfPage\":{\"@id\":\"https:\/\/teiaeducation.ch\/fr\/produit\/puzzle-les-saisons-lhiver-educo-2\/#primaryimage\"},\"image\":{\"@id\":\"https:\/\/teiaeducation.ch\/fr\/produit\/puzzle-les-saisons-lhiver-educo-2\/#primaryimage\"},\"thumbnailUrl\":\"https:\/\/teiaeducation.ch\/wp-content\/uploads\/2019\/05\/Seasons-puzzle-1-winter-Educo-scaled-scaled.jpg\",\"datePublished\":\"2019-05-26T10:02:14+00:00\",\"dateModified\":\"2021-09-10T12:31:01+00:00\",\"description\":\"Le puzzle les saisons hiver avec seize pi\u00e8ces d'Educo est un puzzle enti\u00e8rement en bois et permet \u00e0 l'enfant d'explorer la saison hivernale.\",\"breadcrumb\":{\"@id\":\"https:\/\/teiaeducation.ch\/fr\/produit\/puzzle-les-saisons-lhiver-educo-2\/#breadcrumb\"},\"inLanguage\":\"fr-FR\",\"potentialAction\":[{\"@type\":\"ReadAction\",\"target\":[\"https:\/\/teiaeducation.ch\/fr\/produit\/puzzle-les-saisons-lhiver-educo-2\/\"]}]},{\"@type\":\"ImageObject\",\"inLanguage\":\"fr-FR\",\"@id\":\"https:\/\/teiaeducation.ch\/fr\/produit\/puzzle-les-saisons-lhiver-educo-2\/#primaryimage\",\"url\":\"https:\/\/teiaeducation.ch\/wp-content\/uploads\/2019\/05\/Seasons-puzzle-1-winter-Educo-scaled-scaled.jpg\",\"contentUrl\":\"https:\/\/teiaeducation.ch\/wp-content\/uploads\/2019\/05\/Seasons-puzzle-1-winter-Educo-scaled-scaled.jpg\",\"width\":2048,\"height\":2048,\"caption\":\"Puzzle en bois les saisons: l'hiver - Educo\"},{\"@type\":\"BreadcrumbList\",\"@id\":\"https:\/\/teiaeducation.ch\/fr\/produit\/puzzle-les-saisons-lhiver-educo-2\/#breadcrumb\",\"itemListElement\":[{\"@type\":\"ListItem\",\"position\":1,\"name\":\"Home\",\"item\":\"https:\/\/teiaeducation.ch\/fr\/\"},{\"@type\":\"ListItem\",\"position\":2,\"name\":\"Boutique Teia Education &amp; Play\",\"item\":\"https:\/\/teiaeducation.ch\/fr\/boutique\/\"},{\"@type\":\"ListItem\",\"position\":3,\"name\":\"Domaines du Curriculum\",\"item\":\"https:\/\/teiaeducation.ch\/fr\/categorie-produit\/domaines-du-curriculum\/\"},{\"@type\":\"ListItem\",\"position\":4,\"name\":\"Sensorielles &amp; Motrices\",\"item\":\"https:\/\/teiaeducation.ch\/fr\/categorie-produit\/domaines-du-curriculum\/sensorielles-motrices\/\"},{\"@type\":\"ListItem\",\"position\":5,\"name\":\"Comp\u00e9tences Motrices\",\"item\":\"https:\/\/teiaeducation.ch\/fr\/categorie-produit\/domaines-du-curriculum\/sensorielles-motrices\/competences-motrices\/\"},{\"@type\":\"ListItem\",\"position\":6,\"name\":\"Puzzle les saisons: l&#8217;hiver &#8211; Educo\"}]},{\"@type\":\"WebSite\",\"@id\":\"https:\/\/teiaeducation.ch\/fr\/#website\",\"url\":\"https:\/\/teiaeducation.ch\/fr\/\",\"name\":\"Sustainable Educational Products &amp; Ecological Toys\u00a0\",\"description\":\"Specialised Swiss shop selling sustainable educational toys and games, AMI certified Montessori materials, handmade ecological wooden Waldorf toys and arts &amp; crafts supplies, school supplies, children&#039;s furniture and Montessori reference and parenting books.\",\"publisher\":{\"@id\":\"https:\/\/teiaeducation.ch\/fr\/#organization\"},\"alternateName\":\"Teia Education & Play\",\"potentialAction\":[{\"@type\":\"SearchAction\",\"target\":{\"@type\":\"EntryPoint\",\"urlTemplate\":\"https:\/\/teiaeducation.ch\/fr\/?s={search_term_string}\"},\"query-input\":{\"@type\":\"PropertyValueSpecification\",\"valueRequired\":true,\"valueName\":\"search_term_string\"}}],\"inLanguage\":\"fr-FR\"},{\"@type\":\"Organization\",\"@id\":\"https:\/\/teiaeducation.ch\/fr\/#organization\",\"name\":\"Teia Education & Play\",\"url\":\"https:\/\/teiaeducation.ch\/fr\/\",\"logo\":{\"@type\":\"ImageObject\",\"inLanguage\":\"fr-FR\",\"@id\":\"https:\/\/teiaeducation.ch\/fr\/#\/schema\/logo\/image\/\",\"url\":\"https:\/\/teiaeducation.ch\/wp-content\/uploads\/2020\/11\/Teia-Education-Switzerland-e1620156442216.jpg\",\"contentUrl\":\"https:\/\/teiaeducation.ch\/wp-content\/uploads\/2020\/11\/Teia-Education-Switzerland-e1620156442216.jpg\",\"width\":166,\"height\":145,\"caption\":\"Teia Education & Play\"},\"image\":{\"@id\":\"https:\/\/teiaeducation.ch\/fr\/#\/schema\/logo\/image\/\"},\"sameAs\":[\"https:\/\/www.facebook.com\/teiaeducation\/\",\"https:\/\/x.com\/EducationTeia\",\"https:\/\/www.instagram.com\/teia.education\/\",\"https:\/\/www.linkedin.com\/company\/35501660\",\"https:\/\/www.pinterest.ch\/TeiaEducation\/\"]}]}<\/script>\n<!-- \/ Yoast SEO plugin. -->","yoast_head_json":{"title":"Puzzle les saisons: l'hiver - Educo - Teia Education & Play","description":"Le puzzle les saisons hiver avec seize pi\u00e8ces d'Educo est un puzzle enti\u00e8rement en bois et permet \u00e0 l'enfant d'explorer la saison hivernale.","robots":{"index":"index","follow":"follow","max-snippet":"max-snippet:-1","max-image-preview":"max-image-preview:large","max-video-preview":"max-video-preview:-1"},"canonical":"https:\/\/teiaeducation.ch\/fr\/produit\/puzzle-les-saisons-lhiver-educo-2\/","og_locale":"fr_FR","og_type":"article","og_title":"Puzzle les saisons: l'hiver - Educo - Teia Education & Play","og_description":"Le puzzle les saisons hiver avec seize pi\u00e8ces d'Educo est un puzzle enti\u00e8rement en bois et permet \u00e0 l'enfant d'explorer la saison hivernale.","og_url":"https:\/\/teiaeducation.ch\/fr\/produit\/puzzle-les-saisons-lhiver-educo-2\/","og_site_name":"Sustainable Educational Products &amp; Ecological Toys\u00a0","article_publisher":"https:\/\/www.facebook.com\/teiaeducation\/","article_modified_time":"2021-09-10T12:31:01+00:00","og_image":[{"width":2048,"height":2048,"url":"https:\/\/teiaeducation.ch\/wp-content\/uploads\/2019\/05\/Seasons-puzzle-1-winter-Educo-scaled-scaled.jpg","type":"image\/jpeg"}],"schema":{"@context":"https:\/\/schema.org","@graph":[{"@type":"WebPage","@id":"https:\/\/teiaeducation.ch\/fr\/produit\/puzzle-les-saisons-lhiver-educo-2\/","url":"https:\/\/teiaeducation.ch\/fr\/produit\/puzzle-les-saisons-lhiver-educo-2\/","name":"Puzzle les saisons: l'hiver - Educo - Teia Education & Play","isPartOf":{"@id":"https:\/\/teiaeducation.ch\/fr\/#website"},"primaryImageOfPage":{"@id":"https:\/\/teiaeducation.ch\/fr\/produit\/puzzle-les-saisons-lhiver-educo-2\/#primaryimage"},"image":{"@id":"https:\/\/teiaeducation.ch\/fr\/produit\/puzzle-les-saisons-lhiver-educo-2\/#primaryimage"},"thumbnailUrl":"https:\/\/teiaeducation.ch\/wp-content\/uploads\/2019\/05\/Seasons-puzzle-1-winter-Educo-scaled-scaled.jpg","datePublished":"2019-05-26T10:02:14+00:00","dateModified":"2021-09-10T12:31:01+00:00","description":"Le puzzle les saisons hiver avec seize pi\u00e8ces d'Educo est un puzzle enti\u00e8rement en bois et permet \u00e0 l'enfant d'explorer la saison hivernale.","breadcrumb":{"@id":"https:\/\/teiaeducation.ch\/fr\/produit\/puzzle-les-saisons-lhiver-educo-2\/#breadcrumb"},"inLanguage":"fr-FR","potentialAction":[{"@type":"ReadAction","target":["https:\/\/teiaeducation.ch\/fr\/produit\/puzzle-les-saisons-lhiver-educo-2\/"]}]},{"@type":"ImageObject","inLanguage":"fr-FR","@id":"https:\/\/teiaeducation.ch\/fr\/produit\/puzzle-les-saisons-lhiver-educo-2\/#primaryimage","url":"https:\/\/teiaeducation.ch\/wp-content\/uploads\/2019\/05\/Seasons-puzzle-1-winter-Educo-scaled-scaled.jpg","contentUrl":"https:\/\/teiaeducation.ch\/wp-content\/uploads\/2019\/05\/Seasons-puzzle-1-winter-Educo-scaled-scaled.jpg","width":2048,"height":2048,"caption":"Puzzle en bois les saisons: l'hiver - Educo"},{"@type":"BreadcrumbList","@id":"https:\/\/teiaeducation.ch\/fr\/produit\/puzzle-les-saisons-lhiver-educo-2\/#breadcrumb","itemListElement":[{"@type":"ListItem","position":1,"name":"Home","item":"https:\/\/teiaeducation.ch\/fr\/"},{"@type":"ListItem","position":2,"name":"Boutique Teia Education &amp; Play","item":"https:\/\/teiaeducation.ch\/fr\/boutique\/"},{"@type":"ListItem","position":3,"name":"Domaines du Curriculum","item":"https:\/\/teiaeducation.ch\/fr\/categorie-produit\/domaines-du-curriculum\/"},{"@type":"ListItem","position":4,"name":"Sensorielles &amp; Motrices","item":"https:\/\/teiaeducation.ch\/fr\/categorie-produit\/domaines-du-curriculum\/sensorielles-motrices\/"},{"@type":"ListItem","position":5,"name":"Comp\u00e9tences Motrices","item":"https:\/\/teiaeducation.ch\/fr\/categorie-produit\/domaines-du-curriculum\/sensorielles-motrices\/competences-motrices\/"},{"@type":"ListItem","position":6,"name":"Puzzle les saisons: l&#8217;hiver &#8211; Educo"}]},{"@type":"WebSite","@id":"https:\/\/teiaeducation.ch\/fr\/#website","url":"https:\/\/teiaeducation.ch\/fr\/","name":"Sustainable Educational Products &amp; Ecological Toys\u00a0","description":"Specialised Swiss shop selling sustainable educational toys and games, AMI certified Montessori materials, handmade ecological wooden Waldorf toys and arts &amp; crafts supplies, school supplies, children&#039;s furniture and Montessori reference and parenting books.","publisher":{"@id":"https:\/\/teiaeducation.ch\/fr\/#organization"},"alternateName":"Teia Education & Play","potentialAction":[{"@type":"SearchAction","target":{"@type":"EntryPoint","urlTemplate":"https:\/\/teiaeducation.ch\/fr\/?s={search_term_string}"},"query-input":{"@type":"PropertyValueSpecification","valueRequired":true,"valueName":"search_term_string"}}],"inLanguage":"fr-FR"},{"@type":"Organization","@id":"https:\/\/teiaeducation.ch\/fr\/#organization","name":"Teia Education & Play","url":"https:\/\/teiaeducation.ch\/fr\/","logo":{"@type":"ImageObject","inLanguage":"fr-FR","@id":"https:\/\/teiaeducation.ch\/fr\/#\/schema\/logo\/image\/","url":"https:\/\/teiaeducation.ch\/wp-content\/uploads\/2020\/11\/Teia-Education-Switzerland-e1620156442216.jpg","contentUrl":"https:\/\/teiaeducation.ch\/wp-content\/uploads\/2020\/11\/Teia-Education-Switzerland-e1620156442216.jpg","width":166,"height":145,"caption":"Teia Education & Play"},"image":{"@id":"https:\/\/teiaeducation.ch\/fr\/#\/schema\/logo\/image\/"},"sameAs":["https:\/\/www.facebook.com\/teiaeducation\/","https:\/\/x.com\/EducationTeia","https:\/\/www.instagram.com\/teia.education\/","https:\/\/www.linkedin.com\/company\/35501660","https:\/\/www.pinterest.ch\/TeiaEducation\/"]}]}},"_links":{"self":[{"href":"https:\/\/teiaeducation.ch\/fr\/wp-json\/wp\/v2\/product\/23532","targetHints":{"allow":["GET"]}}],"collection":[{"href":"https:\/\/teiaeducation.ch\/fr\/wp-json\/wp\/v2\/product"}],"about":[{"href":"https:\/\/teiaeducation.ch\/fr\/wp-json\/wp\/v2\/types\/product"}],"replies":[{"embeddable":true,"href":"https:\/\/teiaeducation.ch\/fr\/wp-json\/wp\/v2\/comments?post=23532"}],"wp:featuredmedia":[{"embeddable":true,"href":"https:\/\/teiaeducation.ch\/fr\/wp-json\/wp\/v2\/media\/18268"}],"wp:attachment":[{"href":"https:\/\/teiaeducation.ch\/fr\/wp-json\/wp\/v2\/media?parent=23532"}],"wp:term":[{"taxonomy":"product_brand","embeddable":true,"href":"https:\/\/teiaeducation.ch\/fr\/wp-json\/wp\/v2\/product_brand?post=23532"},{"taxonomy":"product_cat","embeddable":true,"href":"https:\/\/teiaeducation.ch\/fr\/wp-json\/wp\/v2\/product_cat?post=23532"},{"taxonomy":"product_tag","embeddable":true,"href":"https:\/\/teiaeducation.ch\/fr\/wp-json\/wp\/v2\/product_tag?post=23532"}],"curies":[{"name":"wp","href":"https:\/\/api.w.org\/{rel}","templated":true}]}}