{"id":23535,"date":"2019-02-10T22:55:25","date_gmt":"2019-02-10T21:55:25","guid":{"rendered":"https:\/\/teiaeducation.ch\/product\/puzzle-les-villes-deurope-la-tour-eiffel-a-paris-educo\/"},"modified":"2020-08-12T16:01:00","modified_gmt":"2020-08-12T14:01:00","slug":"puzzle-les-villes-deurope-paris-educo","status":"publish","type":"product","link":"https:\/\/teiaeducation.ch\/fr\/produit\/puzzle-les-villes-deurope-paris-educo\/","title":{"rendered":"Puzzle les villes d&#8217;Europe : Paris &#8211; Educo"},"content":{"rendered":"<p>Puzzle les villes d&#8217;Europe : Paris &#8211; Educo<\/p>\n<p>Le puzzle des villes d&#8217;Europe d&#8217;Educo : Paris est un grand puzzle enti\u00e8rement fait de bois. Faisant partie d&#8217;une s\u00e9rie des quatre villes europ\u00e9ennes (Paris, Moscou, Londres et Pise), le puzzle permet \u00e0 l&#8217;enfant d&#8217;explorer le monde.<\/p>\n<p>Ce grand puzzle de quarante centim\u00e8tres sur quarante, magnifiquement illustr\u00e9 sur le th\u00e8me des villes, est compos\u00e9 de quarante-neuf pi\u00e8ces de puzzle en bois solide, plac\u00e9es dans un plateau de bois de h\u00eatre. Le puzzle repr\u00e9sente la c\u00e9l\u00e8bre Tour Eiffel situ\u00e9e \u00e0 Paris, en France. Le travail avec ce puzzle encourage les exercices associatifs centr\u00e9s sur des curiosit\u00e9s et des activit\u00e9s de la vie r\u00e9elle. Il facilite des discussions anim\u00e9es qui d\u00e9passent le cadre de la salle de classe, ce qui favorise une prise de conscience et une meilleure compr\u00e9hension des diff\u00e9rentes cultures, du patrimoine, des modes de vie et du monde en g\u00e9n\u00e9ral.<\/p>\n<p>Les puzzles des villes europ\u00e9ennes d\u00e9veloppent la cr\u00e9ativit\u00e9, l&#8217;imagination, ainsi que les comp\u00e9tences linguistiques et l&#8217;alphab\u00e9tisation. Comme tous les puzzles de la gamme Educo, ce puzzle de haute qualit\u00e9 inspire la pens\u00e9e critique et les techniques de r\u00e9solution de probl\u00e8mes par le jeu.<\/p>\n<p>Ce mat\u00e9riel convient aux enfants de 4 ans et plus.<\/p>\n<p>Contenu :<\/p>\n<p>1 plateau en bois (40 x 40 x 1 cm)<br \/>\n49 pi\u00e8ces de puzzle en contreplaqu\u00e9 de bouleau de 4 mm<\/p>\n","protected":false},"excerpt":{"rendered":"<p>Num\u00e9ro d&#8217;article: E523257<\/p>\n","protected":false},"featured_media":4031,"comment_status":"closed","ping_status":"closed","template":"","meta":[],"product_brand":[],"product_cat":[215,216,285,635,284,283,224,596,13130,1220,7595,217,13148,611,209,7603,212,612],"product_tag":[781,785,784,775,776,650,651,783,7978],"class_list":{"0":"post-23535","1":"product","2":"type-product","3":"status-publish","4":"has-post-thumbnail","6":"product_cat-3-6-ans","7":"product_cat-6-12-ans","8":"product_cat-alphabetisation-langage","9":"product_cat-competences-motrices","10":"product_cat-culture-sciences","11":"product_cat-domaines-du-curriculum","12":"product_cat-educo-fr","13":"product_cat-geographie-humaine-culture","14":"product_cat-jouer","15":"product_cat-traditionnelle","16":"product_cat-methode-deducation","17":"product_cat-marques","18":"product_cat-puzzles-en-bois","19":"product_cat-raconter-des-histoires","20":"product_cat-sensorielles-motrices","21":"product_cat-soldes","22":"product_cat-tranche-dage","23":"product_cat-vocabulaire-fr","24":"product_tag-bois-educatif","25":"product_tag-educo-jeu-de-puzzle","26":"product_tag-educo-puzzle-a-incrustation-en-bois","27":"product_tag-educo-suisse","28":"product_tag-heutink-international-suisse","29":"product_tag-jouets-educatifs-suisse","30":"product_tag-materiel-pedagogique-suisse","31":"product_tag-materiels-educatifs-en-bois-educo","32":"product_tag-puzzle-les-villes-deurope-educo","34":"first","35":"outofstock","36":"sale","37":"taxable","38":"shipping-taxable","39":"purchasable","40":"product-type-simple"},"yoast_head":"<!-- This site is optimized with the Yoast SEO plugin v27.1.1 - https:\/\/yoast.com\/product\/yoast-seo-wordpress\/ -->\n<title>Puzzle les villes d&#039;Europe : Paris - Educo - Teia Education &amp; Play<\/title>\n<meta name=\"description\" content=\"Le puzzle des villes d&#039;Europe d&#039;Educo : Paris est un grand puzzle enti\u00e8rement fait de bois qui permet \u00e0 l&#039;enfant d&#039;explorer le monde.\" \/>\n<meta name=\"robots\" content=\"index, follow, max-snippet:-1, max-image-preview:large, max-video-preview:-1\" \/>\n<link rel=\"canonical\" href=\"https:\/\/teiaeducation.ch\/fr\/produit\/puzzle-les-villes-deurope-paris-educo\/\" \/>\n<meta property=\"og:locale\" content=\"fr_FR\" \/>\n<meta property=\"og:type\" content=\"article\" \/>\n<meta property=\"og:title\" content=\"Puzzle les villes d&#039;Europe : Paris - Educo - Teia Education &amp; Play\" \/>\n<meta property=\"og:description\" content=\"Le puzzle des villes d&#039;Europe d&#039;Educo : Paris est un grand puzzle enti\u00e8rement fait de bois qui permet \u00e0 l&#039;enfant d&#039;explorer le monde.\" \/>\n<meta property=\"og:url\" content=\"https:\/\/teiaeducation.ch\/fr\/produit\/puzzle-les-villes-deurope-paris-educo\/\" \/>\n<meta property=\"og:site_name\" content=\"Sustainable Educational Products &amp; Ecological Toys\u00a0\" \/>\n<meta property=\"article:publisher\" content=\"https:\/\/www.facebook.com\/teiaeducation\/\" \/>\n<meta property=\"article:modified_time\" content=\"2020-08-12T14:01:00+00:00\" \/>\n<meta property=\"og:image\" content=\"https:\/\/teiaeducation.ch\/wp-content\/uploads\/2019\/02\/E523257-scaled-scaled.jpg\" \/>\n\t<meta property=\"og:image:width\" content=\"2048\" \/>\n\t<meta property=\"og:image:height\" content=\"2048\" \/>\n\t<meta property=\"og:image:type\" content=\"image\/jpeg\" \/>\n<script type=\"application\/ld+json\" class=\"yoast-schema-graph\">{\"@context\":\"https:\/\/schema.org\",\"@graph\":[{\"@type\":\"WebPage\",\"@id\":\"https:\/\/teiaeducation.ch\/fr\/produit\/puzzle-les-villes-deurope-paris-educo\/\",\"url\":\"https:\/\/teiaeducation.ch\/fr\/produit\/puzzle-les-villes-deurope-paris-educo\/\",\"name\":\"Puzzle les villes d'Europe : Paris - Educo - Teia Education & Play\",\"isPartOf\":{\"@id\":\"https:\/\/teiaeducation.ch\/fr\/#website\"},\"primaryImageOfPage\":{\"@id\":\"https:\/\/teiaeducation.ch\/fr\/produit\/puzzle-les-villes-deurope-paris-educo\/#primaryimage\"},\"image\":{\"@id\":\"https:\/\/teiaeducation.ch\/fr\/produit\/puzzle-les-villes-deurope-paris-educo\/#primaryimage\"},\"thumbnailUrl\":\"https:\/\/teiaeducation.ch\/wp-content\/uploads\/2019\/02\/E523257-scaled-scaled.jpg\",\"datePublished\":\"2019-02-10T21:55:25+00:00\",\"dateModified\":\"2020-08-12T14:01:00+00:00\",\"description\":\"Le puzzle des villes d'Europe d'Educo : Paris est un grand puzzle enti\u00e8rement fait de bois qui permet \u00e0 l'enfant d'explorer le monde.\",\"breadcrumb\":{\"@id\":\"https:\/\/teiaeducation.ch\/fr\/produit\/puzzle-les-villes-deurope-paris-educo\/#breadcrumb\"},\"inLanguage\":\"fr-FR\",\"potentialAction\":[{\"@type\":\"ReadAction\",\"target\":[\"https:\/\/teiaeducation.ch\/fr\/produit\/puzzle-les-villes-deurope-paris-educo\/\"]}]},{\"@type\":\"ImageObject\",\"inLanguage\":\"fr-FR\",\"@id\":\"https:\/\/teiaeducation.ch\/fr\/produit\/puzzle-les-villes-deurope-paris-educo\/#primaryimage\",\"url\":\"https:\/\/teiaeducation.ch\/wp-content\/uploads\/2019\/02\/E523257-scaled-scaled.jpg\",\"contentUrl\":\"https:\/\/teiaeducation.ch\/wp-content\/uploads\/2019\/02\/E523257-scaled-scaled.jpg\",\"width\":2048,\"height\":2048,\"caption\":\"Puzzle les villes d'Europe, la tour Eiffel \u00e0 Paris - Educo\"},{\"@type\":\"BreadcrumbList\",\"@id\":\"https:\/\/teiaeducation.ch\/fr\/produit\/puzzle-les-villes-deurope-paris-educo\/#breadcrumb\",\"itemListElement\":[{\"@type\":\"ListItem\",\"position\":1,\"name\":\"Home\",\"item\":\"https:\/\/teiaeducation.ch\/fr\/\"},{\"@type\":\"ListItem\",\"position\":2,\"name\":\"Boutique Teia Education &amp; Play\",\"item\":\"https:\/\/teiaeducation.ch\/fr\/boutique\/\"},{\"@type\":\"ListItem\",\"position\":3,\"name\":\"Domaines du Curriculum\",\"item\":\"https:\/\/teiaeducation.ch\/fr\/categorie-produit\/domaines-du-curriculum\/\"},{\"@type\":\"ListItem\",\"position\":4,\"name\":\"Sensorielles &amp; Motrices\",\"item\":\"https:\/\/teiaeducation.ch\/fr\/categorie-produit\/domaines-du-curriculum\/sensorielles-motrices\/\"},{\"@type\":\"ListItem\",\"position\":5,\"name\":\"Comp\u00e9tences Motrices\",\"item\":\"https:\/\/teiaeducation.ch\/fr\/categorie-produit\/domaines-du-curriculum\/sensorielles-motrices\/competences-motrices\/\"},{\"@type\":\"ListItem\",\"position\":6,\"name\":\"Puzzle les villes d&#8217;Europe : Paris &#8211; Educo\"}]},{\"@type\":\"WebSite\",\"@id\":\"https:\/\/teiaeducation.ch\/fr\/#website\",\"url\":\"https:\/\/teiaeducation.ch\/fr\/\",\"name\":\"Sustainable Educational Products &amp; Ecological Toys\u00a0\",\"description\":\"Specialised Swiss shop selling sustainable educational toys and games, AMI certified Montessori materials, handmade ecological wooden Waldorf toys and arts &amp; crafts supplies, school supplies, children&#039;s furniture and Montessori reference and parenting books.\",\"publisher\":{\"@id\":\"https:\/\/teiaeducation.ch\/fr\/#organization\"},\"alternateName\":\"Teia Education & Play\",\"potentialAction\":[{\"@type\":\"SearchAction\",\"target\":{\"@type\":\"EntryPoint\",\"urlTemplate\":\"https:\/\/teiaeducation.ch\/fr\/?s={search_term_string}\"},\"query-input\":{\"@type\":\"PropertyValueSpecification\",\"valueRequired\":true,\"valueName\":\"search_term_string\"}}],\"inLanguage\":\"fr-FR\"},{\"@type\":\"Organization\",\"@id\":\"https:\/\/teiaeducation.ch\/fr\/#organization\",\"name\":\"Teia Education & Play\",\"url\":\"https:\/\/teiaeducation.ch\/fr\/\",\"logo\":{\"@type\":\"ImageObject\",\"inLanguage\":\"fr-FR\",\"@id\":\"https:\/\/teiaeducation.ch\/fr\/#\/schema\/logo\/image\/\",\"url\":\"https:\/\/teiaeducation.ch\/wp-content\/uploads\/2020\/11\/Teia-Education-Switzerland-e1620156442216.jpg\",\"contentUrl\":\"https:\/\/teiaeducation.ch\/wp-content\/uploads\/2020\/11\/Teia-Education-Switzerland-e1620156442216.jpg\",\"width\":166,\"height\":145,\"caption\":\"Teia Education & Play\"},\"image\":{\"@id\":\"https:\/\/teiaeducation.ch\/fr\/#\/schema\/logo\/image\/\"},\"sameAs\":[\"https:\/\/www.facebook.com\/teiaeducation\/\",\"https:\/\/x.com\/EducationTeia\",\"https:\/\/www.instagram.com\/teia.education\/\",\"https:\/\/www.linkedin.com\/company\/35501660\",\"https:\/\/www.pinterest.ch\/TeiaEducation\/\"]}]}<\/script>\n<!-- \/ Yoast SEO plugin. -->","yoast_head_json":{"title":"Puzzle les villes d'Europe : Paris - Educo - Teia Education & Play","description":"Le puzzle des villes d'Europe d'Educo : Paris est un grand puzzle enti\u00e8rement fait de bois qui permet \u00e0 l'enfant d'explorer le monde.","robots":{"index":"index","follow":"follow","max-snippet":"max-snippet:-1","max-image-preview":"max-image-preview:large","max-video-preview":"max-video-preview:-1"},"canonical":"https:\/\/teiaeducation.ch\/fr\/produit\/puzzle-les-villes-deurope-paris-educo\/","og_locale":"fr_FR","og_type":"article","og_title":"Puzzle les villes d'Europe : Paris - Educo - Teia Education & Play","og_description":"Le puzzle des villes d'Europe d'Educo : Paris est un grand puzzle enti\u00e8rement fait de bois qui permet \u00e0 l'enfant d'explorer le monde.","og_url":"https:\/\/teiaeducation.ch\/fr\/produit\/puzzle-les-villes-deurope-paris-educo\/","og_site_name":"Sustainable Educational Products &amp; Ecological Toys\u00a0","article_publisher":"https:\/\/www.facebook.com\/teiaeducation\/","article_modified_time":"2020-08-12T14:01:00+00:00","og_image":[{"width":2048,"height":2048,"url":"https:\/\/teiaeducation.ch\/wp-content\/uploads\/2019\/02\/E523257-scaled-scaled.jpg","type":"image\/jpeg"}],"schema":{"@context":"https:\/\/schema.org","@graph":[{"@type":"WebPage","@id":"https:\/\/teiaeducation.ch\/fr\/produit\/puzzle-les-villes-deurope-paris-educo\/","url":"https:\/\/teiaeducation.ch\/fr\/produit\/puzzle-les-villes-deurope-paris-educo\/","name":"Puzzle les villes d'Europe : Paris - Educo - Teia Education & Play","isPartOf":{"@id":"https:\/\/teiaeducation.ch\/fr\/#website"},"primaryImageOfPage":{"@id":"https:\/\/teiaeducation.ch\/fr\/produit\/puzzle-les-villes-deurope-paris-educo\/#primaryimage"},"image":{"@id":"https:\/\/teiaeducation.ch\/fr\/produit\/puzzle-les-villes-deurope-paris-educo\/#primaryimage"},"thumbnailUrl":"https:\/\/teiaeducation.ch\/wp-content\/uploads\/2019\/02\/E523257-scaled-scaled.jpg","datePublished":"2019-02-10T21:55:25+00:00","dateModified":"2020-08-12T14:01:00+00:00","description":"Le puzzle des villes d'Europe d'Educo : Paris est un grand puzzle enti\u00e8rement fait de bois qui permet \u00e0 l'enfant d'explorer le monde.","breadcrumb":{"@id":"https:\/\/teiaeducation.ch\/fr\/produit\/puzzle-les-villes-deurope-paris-educo\/#breadcrumb"},"inLanguage":"fr-FR","potentialAction":[{"@type":"ReadAction","target":["https:\/\/teiaeducation.ch\/fr\/produit\/puzzle-les-villes-deurope-paris-educo\/"]}]},{"@type":"ImageObject","inLanguage":"fr-FR","@id":"https:\/\/teiaeducation.ch\/fr\/produit\/puzzle-les-villes-deurope-paris-educo\/#primaryimage","url":"https:\/\/teiaeducation.ch\/wp-content\/uploads\/2019\/02\/E523257-scaled-scaled.jpg","contentUrl":"https:\/\/teiaeducation.ch\/wp-content\/uploads\/2019\/02\/E523257-scaled-scaled.jpg","width":2048,"height":2048,"caption":"Puzzle les villes d'Europe, la tour Eiffel \u00e0 Paris - Educo"},{"@type":"BreadcrumbList","@id":"https:\/\/teiaeducation.ch\/fr\/produit\/puzzle-les-villes-deurope-paris-educo\/#breadcrumb","itemListElement":[{"@type":"ListItem","position":1,"name":"Home","item":"https:\/\/teiaeducation.ch\/fr\/"},{"@type":"ListItem","position":2,"name":"Boutique Teia Education &amp; Play","item":"https:\/\/teiaeducation.ch\/fr\/boutique\/"},{"@type":"ListItem","position":3,"name":"Domaines du Curriculum","item":"https:\/\/teiaeducation.ch\/fr\/categorie-produit\/domaines-du-curriculum\/"},{"@type":"ListItem","position":4,"name":"Sensorielles &amp; Motrices","item":"https:\/\/teiaeducation.ch\/fr\/categorie-produit\/domaines-du-curriculum\/sensorielles-motrices\/"},{"@type":"ListItem","position":5,"name":"Comp\u00e9tences Motrices","item":"https:\/\/teiaeducation.ch\/fr\/categorie-produit\/domaines-du-curriculum\/sensorielles-motrices\/competences-motrices\/"},{"@type":"ListItem","position":6,"name":"Puzzle les villes d&#8217;Europe : Paris &#8211; Educo"}]},{"@type":"WebSite","@id":"https:\/\/teiaeducation.ch\/fr\/#website","url":"https:\/\/teiaeducation.ch\/fr\/","name":"Sustainable Educational Products &amp; Ecological Toys\u00a0","description":"Specialised Swiss shop selling sustainable educational toys and games, AMI certified Montessori materials, handmade ecological wooden Waldorf toys and arts &amp; crafts supplies, school supplies, children&#039;s furniture and Montessori reference and parenting books.","publisher":{"@id":"https:\/\/teiaeducation.ch\/fr\/#organization"},"alternateName":"Teia Education & Play","potentialAction":[{"@type":"SearchAction","target":{"@type":"EntryPoint","urlTemplate":"https:\/\/teiaeducation.ch\/fr\/?s={search_term_string}"},"query-input":{"@type":"PropertyValueSpecification","valueRequired":true,"valueName":"search_term_string"}}],"inLanguage":"fr-FR"},{"@type":"Organization","@id":"https:\/\/teiaeducation.ch\/fr\/#organization","name":"Teia Education & Play","url":"https:\/\/teiaeducation.ch\/fr\/","logo":{"@type":"ImageObject","inLanguage":"fr-FR","@id":"https:\/\/teiaeducation.ch\/fr\/#\/schema\/logo\/image\/","url":"https:\/\/teiaeducation.ch\/wp-content\/uploads\/2020\/11\/Teia-Education-Switzerland-e1620156442216.jpg","contentUrl":"https:\/\/teiaeducation.ch\/wp-content\/uploads\/2020\/11\/Teia-Education-Switzerland-e1620156442216.jpg","width":166,"height":145,"caption":"Teia Education & Play"},"image":{"@id":"https:\/\/teiaeducation.ch\/fr\/#\/schema\/logo\/image\/"},"sameAs":["https:\/\/www.facebook.com\/teiaeducation\/","https:\/\/x.com\/EducationTeia","https:\/\/www.instagram.com\/teia.education\/","https:\/\/www.linkedin.com\/company\/35501660","https:\/\/www.pinterest.ch\/TeiaEducation\/"]}]}},"_links":{"self":[{"href":"https:\/\/teiaeducation.ch\/fr\/wp-json\/wp\/v2\/product\/23535","targetHints":{"allow":["GET"]}}],"collection":[{"href":"https:\/\/teiaeducation.ch\/fr\/wp-json\/wp\/v2\/product"}],"about":[{"href":"https:\/\/teiaeducation.ch\/fr\/wp-json\/wp\/v2\/types\/product"}],"replies":[{"embeddable":true,"href":"https:\/\/teiaeducation.ch\/fr\/wp-json\/wp\/v2\/comments?post=23535"}],"wp:featuredmedia":[{"embeddable":true,"href":"https:\/\/teiaeducation.ch\/fr\/wp-json\/wp\/v2\/media\/4031"}],"wp:attachment":[{"href":"https:\/\/teiaeducation.ch\/fr\/wp-json\/wp\/v2\/media?parent=23535"}],"wp:term":[{"taxonomy":"product_brand","embeddable":true,"href":"https:\/\/teiaeducation.ch\/fr\/wp-json\/wp\/v2\/product_brand?post=23535"},{"taxonomy":"product_cat","embeddable":true,"href":"https:\/\/teiaeducation.ch\/fr\/wp-json\/wp\/v2\/product_cat?post=23535"},{"taxonomy":"product_tag","embeddable":true,"href":"https:\/\/teiaeducation.ch\/fr\/wp-json\/wp\/v2\/product_tag?post=23535"}],"curies":[{"name":"wp","href":"https:\/\/api.w.org\/{rel}","templated":true}]}}