{"id":23540,"date":"2019-05-27T09:01:54","date_gmt":"2019-05-27T07:01:54","guid":{"rendered":"https:\/\/teiaeducation.ch\/product\/jeu-des-4-saisons-printemps-ete-educo\/"},"modified":"2020-08-05T11:42:10","modified_gmt":"2020-08-05T09:42:10","slug":"jeu-des-4-saisons-printemps-ete-educo","status":"publish","type":"product","link":"https:\/\/teiaeducation.ch\/fr\/produit\/jeu-des-4-saisons-printemps-ete-educo\/","title":{"rendered":"Jeu des 4 saisons : printemps\/\u00e9t\u00e9 &#8211; Educo"},"content":{"rendered":"<p>Jeu des 4 saisons : printemps\/\u00e9t\u00e9 &#8211; Educo<\/p>\n<p>Le jeu des quatre saisons d&#8217;Educo est un triage du loto printemps\/\u00e9t\u00e9 bas\u00e9 sur les th\u00e8mes des saisons. L&#8217;ensemble comprend un cadre en bois, deux cartes th\u00e9matiques et seize cartes images en plastique \u00e9pais. Travailler avec le loto de triage permet aux enfants de d\u00e9couvrir les caract\u00e9ristiques de chaque saison, de d\u00e9velopper leur sens du temps et d&#8217;explorer le monde qui les entoure.<\/p>\n<p>Les cartes images sont analys\u00e9es et tri\u00e9es pour correspondre \u00e0 l&#8217;une des deux cartes th\u00e9matiques repr\u00e9sentant une sc\u00e8ne de printemps et une sc\u00e8ne d&#8217;\u00e9t\u00e9. Chaque carte th\u00e9matique est associ\u00e9e \u00e0 huit cartes-images. Le loto de triage convient au travail individuel ou peut \u00eatre pr\u00e9sent\u00e9 dans un cadre de groupe facilitant l&#8217;exploration de divers sc\u00e9narios et les discussions de groupe sur le type de caract\u00e9ristique que l&#8217;on pourrait trouver avec un th\u00e8me par comparaison avec l&#8217;autre.<\/p>\n<p>Ce mat\u00e9riel convient aux enfants \u00e2g\u00e9s de 4 ans et plus.<\/p>\n<p>Contenu :<\/p>\n<p>2 cartes th\u00e9matiques en plastique \u00e9pais<br \/>\n16 cartes d&#8217;images en plastique<br \/>\n1 cadre en bois (40 x 28 cm)<\/p>\n","protected":false},"excerpt":{"rendered":"<p>Num\u00e9ro d&#8217;article: E522815<\/p>\n","protected":false},"featured_media":18156,"comment_status":"closed","ping_status":"closed","template":"","meta":[],"product_brand":[],"product_cat":[8527,215,285,601,23635,18893,22344,284,283,224,8526,235,21257,22421,234,1220,288,7595,217,611,598,629,212,612],"product_tag":[18434,7985,7986,1365,650,1242,7984,4421,7983],"class_list":{"0":"post-23540","1":"product","2":"type-product","3":"status-publish","4":"has-post-thumbnail","6":"product_cat-3-6-ans-ecole-a-domicile","7":"product_cat-3-6-ans","8":"product_cat-alphabetisation-langage","9":"product_cat-classification-fr","10":"product_cat-collection-dete","11":"product_cat-collection-printemps","12":"product_cat-collections-saisonnieres","13":"product_cat-culture-sciences","14":"product_cat-domaines-du-curriculum","15":"product_cat-educo-fr","16":"product_cat-fournitures-scolaires-a-domicile","17":"product_cat-geometrie-jeu-mathematique","18":"product_cat-guides-cadeaux","19":"product_cat-idees-cadeaux-pour-paques","20":"product_cat-jeu-mathematique","21":"product_cat-traditionnelle","22":"product_cat-mathematiques-calcul","23":"product_cat-methode-deducation","24":"product_cat-marques","25":"product_cat-raconter-des-histoires","26":"product_cat-saisons-meteo","27":"product_cat-temps-fr","28":"product_cat-tranche-dage","29":"product_cat-vocabulaire-fr","30":"product_tag-en-savoir-plus-sur-les-saisons","31":"product_tag-jeu-des-4-saisons","32":"product_tag-jeu-des-4-saisons-printemps-ete-educo","33":"product_tag-jeu-mathematique","34":"product_tag-jouets-educatifs-suisse","35":"product_tag-jouets-en-bois-fr","36":"product_tag-les-saisons","37":"product_tag-mesurer","38":"product_tag-temps-et-planification","40":"first","41":"instock","42":"taxable","43":"shipping-taxable","44":"purchasable","45":"product-type-simple"},"yoast_head":"<!-- This site is optimized with the Yoast SEO plugin v27.1.1 - https:\/\/yoast.com\/product\/yoast-seo-wordpress\/ -->\n<title>Jeu des 4 saisons, printemps\/\u00e9t\u00e9 - Educo<\/title>\n<meta name=\"description\" content=\"Le Jeu des 4 saisons, printemps\/\u00e9t\u00e9 Educo permet aux enfants de d\u00e9couvrir les caract\u00e9ristiques de chaque saison et de d\u00e9velopper le sens du temps.\" \/>\n<meta name=\"robots\" content=\"index, follow, max-snippet:-1, max-image-preview:large, max-video-preview:-1\" \/>\n<link rel=\"canonical\" href=\"https:\/\/teiaeducation.ch\/fr\/produit\/jeu-des-4-saisons-printemps-ete-educo\/\" \/>\n<meta property=\"og:locale\" content=\"fr_FR\" \/>\n<meta property=\"og:type\" content=\"article\" \/>\n<meta property=\"og:title\" content=\"Jeu des 4 saisons, printemps\/\u00e9t\u00e9 - Educo\" \/>\n<meta property=\"og:description\" content=\"Le Jeu des 4 saisons, printemps\/\u00e9t\u00e9 Educo permet aux enfants de d\u00e9couvrir les caract\u00e9ristiques de chaque saison et de d\u00e9velopper le sens du temps.\" \/>\n<meta property=\"og:url\" content=\"https:\/\/teiaeducation.ch\/fr\/produit\/jeu-des-4-saisons-printemps-ete-educo\/\" \/>\n<meta property=\"og:site_name\" content=\"Sustainable Educational Products &amp; Ecological Toys\u00a0\" \/>\n<meta property=\"article:publisher\" content=\"https:\/\/www.facebook.com\/teiaeducation\/\" \/>\n<meta property=\"article:modified_time\" content=\"2020-08-05T09:42:10+00:00\" \/>\n<meta property=\"og:image\" content=\"https:\/\/teiaeducation.ch\/wp-content\/uploads\/2019\/05\/Sorting-lotto-seasons-springsummer-Educo-scaled-scaled.jpg\" \/>\n\t<meta property=\"og:image:width\" content=\"2048\" \/>\n\t<meta property=\"og:image:height\" content=\"2048\" \/>\n\t<meta property=\"og:image:type\" content=\"image\/jpeg\" \/>\n<script type=\"application\/ld+json\" class=\"yoast-schema-graph\">{\"@context\":\"https:\/\/schema.org\",\"@graph\":[{\"@type\":\"WebPage\",\"@id\":\"https:\/\/teiaeducation.ch\/fr\/produit\/jeu-des-4-saisons-printemps-ete-educo\/\",\"url\":\"https:\/\/teiaeducation.ch\/fr\/produit\/jeu-des-4-saisons-printemps-ete-educo\/\",\"name\":\"Jeu des 4 saisons, printemps\/\u00e9t\u00e9 - Educo\",\"isPartOf\":{\"@id\":\"https:\/\/teiaeducation.ch\/fr\/#website\"},\"primaryImageOfPage\":{\"@id\":\"https:\/\/teiaeducation.ch\/fr\/produit\/jeu-des-4-saisons-printemps-ete-educo\/#primaryimage\"},\"image\":{\"@id\":\"https:\/\/teiaeducation.ch\/fr\/produit\/jeu-des-4-saisons-printemps-ete-educo\/#primaryimage\"},\"thumbnailUrl\":\"https:\/\/teiaeducation.ch\/wp-content\/uploads\/2019\/05\/Sorting-lotto-seasons-springsummer-Educo-scaled-scaled.jpg\",\"datePublished\":\"2019-05-27T07:01:54+00:00\",\"dateModified\":\"2020-08-05T09:42:10+00:00\",\"description\":\"Le Jeu des 4 saisons, printemps\/\u00e9t\u00e9 Educo permet aux enfants de d\u00e9couvrir les caract\u00e9ristiques de chaque saison et de d\u00e9velopper le sens du temps.\",\"breadcrumb\":{\"@id\":\"https:\/\/teiaeducation.ch\/fr\/produit\/jeu-des-4-saisons-printemps-ete-educo\/#breadcrumb\"},\"inLanguage\":\"fr-FR\",\"potentialAction\":[{\"@type\":\"ReadAction\",\"target\":[\"https:\/\/teiaeducation.ch\/fr\/produit\/jeu-des-4-saisons-printemps-ete-educo\/\"]}]},{\"@type\":\"ImageObject\",\"inLanguage\":\"fr-FR\",\"@id\":\"https:\/\/teiaeducation.ch\/fr\/produit\/jeu-des-4-saisons-printemps-ete-educo\/#primaryimage\",\"url\":\"https:\/\/teiaeducation.ch\/wp-content\/uploads\/2019\/05\/Sorting-lotto-seasons-springsummer-Educo-scaled-scaled.jpg\",\"contentUrl\":\"https:\/\/teiaeducation.ch\/wp-content\/uploads\/2019\/05\/Sorting-lotto-seasons-springsummer-Educo-scaled-scaled.jpg\",\"width\":2048,\"height\":2048,\"caption\":\"Jeu des 4 saisons, printemps\/\u00e9t\u00e9 - Educo\"},{\"@type\":\"BreadcrumbList\",\"@id\":\"https:\/\/teiaeducation.ch\/fr\/produit\/jeu-des-4-saisons-printemps-ete-educo\/#breadcrumb\",\"itemListElement\":[{\"@type\":\"ListItem\",\"position\":1,\"name\":\"Home\",\"item\":\"https:\/\/teiaeducation.ch\/fr\/\"},{\"@type\":\"ListItem\",\"position\":2,\"name\":\"Boutique Teia Education &amp; Play\",\"item\":\"https:\/\/teiaeducation.ch\/fr\/boutique\/\"},{\"@type\":\"ListItem\",\"position\":3,\"name\":\"Nos Marques\",\"item\":\"https:\/\/teiaeducation.ch\/fr\/categorie-produit\/marques\/\"},{\"@type\":\"ListItem\",\"position\":4,\"name\":\"Educo\",\"item\":\"https:\/\/teiaeducation.ch\/fr\/categorie-produit\/marques\/educo-fr\/\"},{\"@type\":\"ListItem\",\"position\":5,\"name\":\"Jeu Math\u00e9matique\",\"item\":\"https:\/\/teiaeducation.ch\/fr\/categorie-produit\/marques\/educo-fr\/jeu-mathematique\/\"},{\"@type\":\"ListItem\",\"position\":6,\"name\":\"G\u00e9om\u00e9trie\",\"item\":\"https:\/\/teiaeducation.ch\/fr\/categorie-produit\/marques\/educo-fr\/jeu-mathematique\/geometrie-jeu-mathematique\/\"},{\"@type\":\"ListItem\",\"position\":7,\"name\":\"Jeu des 4 saisons : printemps\/\u00e9t\u00e9 &#8211; Educo\"}]},{\"@type\":\"WebSite\",\"@id\":\"https:\/\/teiaeducation.ch\/fr\/#website\",\"url\":\"https:\/\/teiaeducation.ch\/fr\/\",\"name\":\"Sustainable Educational Products &amp; Ecological Toys\u00a0\",\"description\":\"Specialised Swiss shop selling sustainable educational toys and games, AMI certified Montessori materials, handmade ecological wooden Waldorf toys and arts &amp; crafts supplies, school supplies, children&#039;s furniture and Montessori reference and parenting books.\",\"publisher\":{\"@id\":\"https:\/\/teiaeducation.ch\/fr\/#organization\"},\"alternateName\":\"Teia Education & Play\",\"potentialAction\":[{\"@type\":\"SearchAction\",\"target\":{\"@type\":\"EntryPoint\",\"urlTemplate\":\"https:\/\/teiaeducation.ch\/fr\/?s={search_term_string}\"},\"query-input\":{\"@type\":\"PropertyValueSpecification\",\"valueRequired\":true,\"valueName\":\"search_term_string\"}}],\"inLanguage\":\"fr-FR\"},{\"@type\":\"Organization\",\"@id\":\"https:\/\/teiaeducation.ch\/fr\/#organization\",\"name\":\"Teia Education & Play\",\"url\":\"https:\/\/teiaeducation.ch\/fr\/\",\"logo\":{\"@type\":\"ImageObject\",\"inLanguage\":\"fr-FR\",\"@id\":\"https:\/\/teiaeducation.ch\/fr\/#\/schema\/logo\/image\/\",\"url\":\"https:\/\/teiaeducation.ch\/wp-content\/uploads\/2020\/11\/Teia-Education-Switzerland-e1620156442216.jpg\",\"contentUrl\":\"https:\/\/teiaeducation.ch\/wp-content\/uploads\/2020\/11\/Teia-Education-Switzerland-e1620156442216.jpg\",\"width\":166,\"height\":145,\"caption\":\"Teia Education & Play\"},\"image\":{\"@id\":\"https:\/\/teiaeducation.ch\/fr\/#\/schema\/logo\/image\/\"},\"sameAs\":[\"https:\/\/www.facebook.com\/teiaeducation\/\",\"https:\/\/x.com\/EducationTeia\",\"https:\/\/www.instagram.com\/teia.education\/\",\"https:\/\/www.linkedin.com\/company\/35501660\",\"https:\/\/www.pinterest.ch\/TeiaEducation\/\"]}]}<\/script>\n<!-- \/ Yoast SEO plugin. -->","yoast_head_json":{"title":"Jeu des 4 saisons, printemps\/\u00e9t\u00e9 - Educo","description":"Le Jeu des 4 saisons, printemps\/\u00e9t\u00e9 Educo permet aux enfants de d\u00e9couvrir les caract\u00e9ristiques de chaque saison et de d\u00e9velopper le sens du temps.","robots":{"index":"index","follow":"follow","max-snippet":"max-snippet:-1","max-image-preview":"max-image-preview:large","max-video-preview":"max-video-preview:-1"},"canonical":"https:\/\/teiaeducation.ch\/fr\/produit\/jeu-des-4-saisons-printemps-ete-educo\/","og_locale":"fr_FR","og_type":"article","og_title":"Jeu des 4 saisons, printemps\/\u00e9t\u00e9 - Educo","og_description":"Le Jeu des 4 saisons, printemps\/\u00e9t\u00e9 Educo permet aux enfants de d\u00e9couvrir les caract\u00e9ristiques de chaque saison et de d\u00e9velopper le sens du temps.","og_url":"https:\/\/teiaeducation.ch\/fr\/produit\/jeu-des-4-saisons-printemps-ete-educo\/","og_site_name":"Sustainable Educational Products &amp; Ecological Toys\u00a0","article_publisher":"https:\/\/www.facebook.com\/teiaeducation\/","article_modified_time":"2020-08-05T09:42:10+00:00","og_image":[{"width":2048,"height":2048,"url":"https:\/\/teiaeducation.ch\/wp-content\/uploads\/2019\/05\/Sorting-lotto-seasons-springsummer-Educo-scaled-scaled.jpg","type":"image\/jpeg"}],"schema":{"@context":"https:\/\/schema.org","@graph":[{"@type":"WebPage","@id":"https:\/\/teiaeducation.ch\/fr\/produit\/jeu-des-4-saisons-printemps-ete-educo\/","url":"https:\/\/teiaeducation.ch\/fr\/produit\/jeu-des-4-saisons-printemps-ete-educo\/","name":"Jeu des 4 saisons, printemps\/\u00e9t\u00e9 - Educo","isPartOf":{"@id":"https:\/\/teiaeducation.ch\/fr\/#website"},"primaryImageOfPage":{"@id":"https:\/\/teiaeducation.ch\/fr\/produit\/jeu-des-4-saisons-printemps-ete-educo\/#primaryimage"},"image":{"@id":"https:\/\/teiaeducation.ch\/fr\/produit\/jeu-des-4-saisons-printemps-ete-educo\/#primaryimage"},"thumbnailUrl":"https:\/\/teiaeducation.ch\/wp-content\/uploads\/2019\/05\/Sorting-lotto-seasons-springsummer-Educo-scaled-scaled.jpg","datePublished":"2019-05-27T07:01:54+00:00","dateModified":"2020-08-05T09:42:10+00:00","description":"Le Jeu des 4 saisons, printemps\/\u00e9t\u00e9 Educo permet aux enfants de d\u00e9couvrir les caract\u00e9ristiques de chaque saison et de d\u00e9velopper le sens du temps.","breadcrumb":{"@id":"https:\/\/teiaeducation.ch\/fr\/produit\/jeu-des-4-saisons-printemps-ete-educo\/#breadcrumb"},"inLanguage":"fr-FR","potentialAction":[{"@type":"ReadAction","target":["https:\/\/teiaeducation.ch\/fr\/produit\/jeu-des-4-saisons-printemps-ete-educo\/"]}]},{"@type":"ImageObject","inLanguage":"fr-FR","@id":"https:\/\/teiaeducation.ch\/fr\/produit\/jeu-des-4-saisons-printemps-ete-educo\/#primaryimage","url":"https:\/\/teiaeducation.ch\/wp-content\/uploads\/2019\/05\/Sorting-lotto-seasons-springsummer-Educo-scaled-scaled.jpg","contentUrl":"https:\/\/teiaeducation.ch\/wp-content\/uploads\/2019\/05\/Sorting-lotto-seasons-springsummer-Educo-scaled-scaled.jpg","width":2048,"height":2048,"caption":"Jeu des 4 saisons, printemps\/\u00e9t\u00e9 - Educo"},{"@type":"BreadcrumbList","@id":"https:\/\/teiaeducation.ch\/fr\/produit\/jeu-des-4-saisons-printemps-ete-educo\/#breadcrumb","itemListElement":[{"@type":"ListItem","position":1,"name":"Home","item":"https:\/\/teiaeducation.ch\/fr\/"},{"@type":"ListItem","position":2,"name":"Boutique Teia Education &amp; Play","item":"https:\/\/teiaeducation.ch\/fr\/boutique\/"},{"@type":"ListItem","position":3,"name":"Nos Marques","item":"https:\/\/teiaeducation.ch\/fr\/categorie-produit\/marques\/"},{"@type":"ListItem","position":4,"name":"Educo","item":"https:\/\/teiaeducation.ch\/fr\/categorie-produit\/marques\/educo-fr\/"},{"@type":"ListItem","position":5,"name":"Jeu Math\u00e9matique","item":"https:\/\/teiaeducation.ch\/fr\/categorie-produit\/marques\/educo-fr\/jeu-mathematique\/"},{"@type":"ListItem","position":6,"name":"G\u00e9om\u00e9trie","item":"https:\/\/teiaeducation.ch\/fr\/categorie-produit\/marques\/educo-fr\/jeu-mathematique\/geometrie-jeu-mathematique\/"},{"@type":"ListItem","position":7,"name":"Jeu des 4 saisons : printemps\/\u00e9t\u00e9 &#8211; Educo"}]},{"@type":"WebSite","@id":"https:\/\/teiaeducation.ch\/fr\/#website","url":"https:\/\/teiaeducation.ch\/fr\/","name":"Sustainable Educational Products &amp; Ecological Toys\u00a0","description":"Specialised Swiss shop selling sustainable educational toys and games, AMI certified Montessori materials, handmade ecological wooden Waldorf toys and arts &amp; crafts supplies, school supplies, children&#039;s furniture and Montessori reference and parenting books.","publisher":{"@id":"https:\/\/teiaeducation.ch\/fr\/#organization"},"alternateName":"Teia Education & Play","potentialAction":[{"@type":"SearchAction","target":{"@type":"EntryPoint","urlTemplate":"https:\/\/teiaeducation.ch\/fr\/?s={search_term_string}"},"query-input":{"@type":"PropertyValueSpecification","valueRequired":true,"valueName":"search_term_string"}}],"inLanguage":"fr-FR"},{"@type":"Organization","@id":"https:\/\/teiaeducation.ch\/fr\/#organization","name":"Teia Education & Play","url":"https:\/\/teiaeducation.ch\/fr\/","logo":{"@type":"ImageObject","inLanguage":"fr-FR","@id":"https:\/\/teiaeducation.ch\/fr\/#\/schema\/logo\/image\/","url":"https:\/\/teiaeducation.ch\/wp-content\/uploads\/2020\/11\/Teia-Education-Switzerland-e1620156442216.jpg","contentUrl":"https:\/\/teiaeducation.ch\/wp-content\/uploads\/2020\/11\/Teia-Education-Switzerland-e1620156442216.jpg","width":166,"height":145,"caption":"Teia Education & Play"},"image":{"@id":"https:\/\/teiaeducation.ch\/fr\/#\/schema\/logo\/image\/"},"sameAs":["https:\/\/www.facebook.com\/teiaeducation\/","https:\/\/x.com\/EducationTeia","https:\/\/www.instagram.com\/teia.education\/","https:\/\/www.linkedin.com\/company\/35501660","https:\/\/www.pinterest.ch\/TeiaEducation\/"]}]}},"_links":{"self":[{"href":"https:\/\/teiaeducation.ch\/fr\/wp-json\/wp\/v2\/product\/23540","targetHints":{"allow":["GET"]}}],"collection":[{"href":"https:\/\/teiaeducation.ch\/fr\/wp-json\/wp\/v2\/product"}],"about":[{"href":"https:\/\/teiaeducation.ch\/fr\/wp-json\/wp\/v2\/types\/product"}],"replies":[{"embeddable":true,"href":"https:\/\/teiaeducation.ch\/fr\/wp-json\/wp\/v2\/comments?post=23540"}],"wp:featuredmedia":[{"embeddable":true,"href":"https:\/\/teiaeducation.ch\/fr\/wp-json\/wp\/v2\/media\/18156"}],"wp:attachment":[{"href":"https:\/\/teiaeducation.ch\/fr\/wp-json\/wp\/v2\/media?parent=23540"}],"wp:term":[{"taxonomy":"product_brand","embeddable":true,"href":"https:\/\/teiaeducation.ch\/fr\/wp-json\/wp\/v2\/product_brand?post=23540"},{"taxonomy":"product_cat","embeddable":true,"href":"https:\/\/teiaeducation.ch\/fr\/wp-json\/wp\/v2\/product_cat?post=23540"},{"taxonomy":"product_tag","embeddable":true,"href":"https:\/\/teiaeducation.ch\/fr\/wp-json\/wp\/v2\/product_tag?post=23540"}],"curies":[{"name":"wp","href":"https:\/\/api.w.org\/{rel}","templated":true}]}}