{"id":23547,"date":"2019-01-25T12:00:02","date_gmt":"2019-01-25T21:16:02","guid":{"rendered":"https:\/\/teiaeducation.ch\/product\/maison-de-poupees-salle-a-manger-educo\/"},"modified":"2020-04-26T21:44:20","modified_gmt":"2020-04-26T19:44:20","slug":"meubles-maison-de-poupees-salle-a-manger-educo","status":"publish","type":"product","link":"https:\/\/teiaeducation.ch\/fr\/produit\/meubles-maison-de-poupees-salle-a-manger-educo\/","title":{"rendered":"Meubles maison de poup\u00e9es : salle \u00e0 manger &#8211; Educo"},"content":{"rendered":"<p>Meubles maison de poup\u00e9es : salle \u00e0 manger &#8211; Educo<\/p>\n<p>L&#8217;ensemble de meubles de salle \u00e0 manger pour la maison de poup\u00e9es \u00a0d&#8217;Educo comprend une plante d\u00e9corative, une table \u00e0 manger, quatre chaises avec des coussins de si\u00e8ge incluses, un buffet et deux consoles d&#8217;\u00e9tag\u00e8res d&#8217;angle. Les meubles inclus sont enti\u00e8rement fabriqu\u00e9s en bois ponc\u00e9 et non laqu\u00e9 et sont tr\u00e8s robustes ; ils sont con\u00e7us pour r\u00e9sister \u00e0 des ann\u00e9es d&#8217;utilisation intensive.<\/p>\n<p>L&#8217;ensemble de meubles de salle \u00e0 manger est recommand\u00e9 pour la <a href=\"https:\/\/teiaeducation.ch\/fr\/produit\/maison-de-poupees-en-bois-educo\/\">maison de poup\u00e9es<\/a> d&#8217;Educo en bois.<\/p>\n<p>Ce mat\u00e9riel est adapt\u00e9 aux enfants d&#8217;\u00e2ges divers, l&#8217;\u00e2ge minimum recommand\u00e9 et de 3 ans.<\/p>\n<p>Contenu :<\/p>\n<p>1 plante d\u00e9corative en bois<br \/>\n1 table \u00e0 manger en bois<br \/>\n1 console de buffet en bois<br \/>\n2 consoles d&#8217;angle en bois<br \/>\n4 chaises de salle \u00e0 manger avec des coussins de si\u00e8ge en tissu<\/p>\n<p><em><span class=\"tlid-translation translation\" lang=\"fr\"><span title=\"\">Nous n'avons actuellement pas cet article en stock, mais il est disponible en pr\u00e9-commande.<\/span> <span class=\"\" title=\"\">Nous commanderons cet article pour vous aupr\u00e8s de notre fournisseur.<\/span> <span class=\"\" title=\"\">Veuillez allouer de 2 \u00e0 3 semaines maximum pour la livraison.<\/span><\/span><\/em><\/p>\n\t<div id=\"gap-1933386537\" class=\"gap-element clearfix\" style=\"display:block; height:auto;\">\n\t\t\n<style>\n#gap-1933386537 {\n  padding-top: 20px;\n}\n<\/style>\n\t<\/div>\n\t\n","protected":false},"excerpt":{"rendered":"<p>Num\u00e9ro d&#8217;article: E525018<\/p>\n","protected":false},"featured_media":3590,"comment_status":"closed","ping_status":"closed","template":"","meta":[],"product_brand":[],"product_cat":[215,216,224,1281,13130,249,13139,13136,217,212],"product_tag":[775,1483,4366,7866,7999,8000,6746,651,783],"class_list":{"0":"post-23547","1":"product","2":"type-product","3":"status-publish","4":"has-post-thumbnail","6":"product_cat-3-6-ans","7":"product_cat-6-12-ans","8":"product_cat-educo-fr","9":"product_cat-jeux-de-simulation-accessoires","10":"product_cat-jouer","11":"product_cat-jouer-a-faire-semblant","12":"product_cat-jeu-imaginatif-faire-semblant","13":"product_cat-maisons-de-poupees-batiments","14":"product_cat-marques","15":"product_cat-tranche-dage","16":"product_tag-educo-suisse","17":"product_tag-jeu-dramatique","18":"product_tag-jouer-a-faire-semblant","19":"product_tag-jouets-educatifs","20":"product_tag-maison-de-poupees-en-bois-educo-fr","21":"product_tag-maison-de-poupees-en-bois-educo-fr-2","22":"product_tag-maison-de-poupees-en-bois-educo","23":"product_tag-materiel-pedagogique-suisse","24":"product_tag-materiels-educatifs-en-bois-educo","26":"first","27":"onbackorder","28":"taxable","29":"shipping-taxable","30":"purchasable","31":"product-type-simple"},"yoast_head":"<!-- This site is optimized with the Yoast SEO plugin v27.1.1 - https:\/\/yoast.com\/product\/yoast-seo-wordpress\/ -->\n<title>Meubles maison de poup\u00e9es : salle \u00e0 manger - Educo - Teia Education &amp; Play<\/title>\n<meta name=\"description\" content=\"La maison de poup\u00e9es: salle \u00e0 manger d&#039;Educo comprend une plante, une table \u00e0 manger, quatre chaises, un buffet et deux consoles \u00e0 \u00e9tag\u00e8res d&#039;angle.\" \/>\n<meta name=\"robots\" content=\"index, follow, max-snippet:-1, max-image-preview:large, max-video-preview:-1\" \/>\n<link rel=\"canonical\" href=\"https:\/\/teiaeducation.ch\/fr\/produit\/meubles-maison-de-poupees-salle-a-manger-educo\/\" \/>\n<meta property=\"og:locale\" content=\"fr_FR\" \/>\n<meta property=\"og:type\" content=\"article\" \/>\n<meta property=\"og:title\" content=\"Meubles maison de poup\u00e9es : salle \u00e0 manger - Educo - Teia Education &amp; Play\" \/>\n<meta property=\"og:description\" content=\"La maison de poup\u00e9es: salle \u00e0 manger d&#039;Educo comprend une plante, une table \u00e0 manger, quatre chaises, un buffet et deux consoles \u00e0 \u00e9tag\u00e8res d&#039;angle.\" \/>\n<meta property=\"og:url\" content=\"https:\/\/teiaeducation.ch\/fr\/produit\/meubles-maison-de-poupees-salle-a-manger-educo\/\" \/>\n<meta property=\"og:site_name\" content=\"Sustainable Educational Products &amp; Ecological Toys\u00a0\" \/>\n<meta property=\"article:publisher\" content=\"https:\/\/www.facebook.com\/teiaeducation\/\" \/>\n<meta property=\"article:modified_time\" content=\"2020-04-26T19:44:20+00:00\" \/>\n<meta property=\"og:image\" content=\"https:\/\/teiaeducation.ch\/wp-content\/uploads\/2019\/01\/E525018-scaled-scaled.jpg\" \/>\n\t<meta property=\"og:image:width\" content=\"2048\" \/>\n\t<meta property=\"og:image:height\" content=\"2048\" \/>\n\t<meta property=\"og:image:type\" content=\"image\/jpeg\" \/>\n<script type=\"application\/ld+json\" class=\"yoast-schema-graph\">{\"@context\":\"https:\/\/schema.org\",\"@graph\":[{\"@type\":\"WebPage\",\"@id\":\"https:\/\/teiaeducation.ch\/fr\/produit\/meubles-maison-de-poupees-salle-a-manger-educo\/\",\"url\":\"https:\/\/teiaeducation.ch\/fr\/produit\/meubles-maison-de-poupees-salle-a-manger-educo\/\",\"name\":\"Meubles maison de poup\u00e9es : salle \u00e0 manger - Educo - Teia Education & Play\",\"isPartOf\":{\"@id\":\"https:\/\/teiaeducation.ch\/fr\/#website\"},\"primaryImageOfPage\":{\"@id\":\"https:\/\/teiaeducation.ch\/fr\/produit\/meubles-maison-de-poupees-salle-a-manger-educo\/#primaryimage\"},\"image\":{\"@id\":\"https:\/\/teiaeducation.ch\/fr\/produit\/meubles-maison-de-poupees-salle-a-manger-educo\/#primaryimage\"},\"thumbnailUrl\":\"https:\/\/teiaeducation.ch\/wp-content\/uploads\/2019\/01\/E525018-scaled-scaled.jpg\",\"datePublished\":\"2019-01-25T21:16:02+00:00\",\"dateModified\":\"2020-04-26T19:44:20+00:00\",\"description\":\"La maison de poup\u00e9es: salle \u00e0 manger d'Educo comprend une plante, une table \u00e0 manger, quatre chaises, un buffet et deux consoles \u00e0 \u00e9tag\u00e8res d'angle.\",\"breadcrumb\":{\"@id\":\"https:\/\/teiaeducation.ch\/fr\/produit\/meubles-maison-de-poupees-salle-a-manger-educo\/#breadcrumb\"},\"inLanguage\":\"fr-FR\",\"potentialAction\":[{\"@type\":\"ReadAction\",\"target\":[\"https:\/\/teiaeducation.ch\/fr\/produit\/meubles-maison-de-poupees-salle-a-manger-educo\/\"]}]},{\"@type\":\"ImageObject\",\"inLanguage\":\"fr-FR\",\"@id\":\"https:\/\/teiaeducation.ch\/fr\/produit\/meubles-maison-de-poupees-salle-a-manger-educo\/#primaryimage\",\"url\":\"https:\/\/teiaeducation.ch\/wp-content\/uploads\/2019\/01\/E525018-scaled-scaled.jpg\",\"contentUrl\":\"https:\/\/teiaeducation.ch\/wp-content\/uploads\/2019\/01\/E525018-scaled-scaled.jpg\",\"width\":2048,\"height\":2048,\"caption\":\"Maison de poup\u00e9es: salle \u00e0 manger - Educo\"},{\"@type\":\"BreadcrumbList\",\"@id\":\"https:\/\/teiaeducation.ch\/fr\/produit\/meubles-maison-de-poupees-salle-a-manger-educo\/#breadcrumb\",\"itemListElement\":[{\"@type\":\"ListItem\",\"position\":1,\"name\":\"Home\",\"item\":\"https:\/\/teiaeducation.ch\/fr\/\"},{\"@type\":\"ListItem\",\"position\":2,\"name\":\"Boutique Teia Education &amp; Play\",\"item\":\"https:\/\/teiaeducation.ch\/fr\/boutique\/\"},{\"@type\":\"ListItem\",\"position\":3,\"name\":\"Nos Marques\",\"item\":\"https:\/\/teiaeducation.ch\/fr\/categorie-produit\/marques\/\"},{\"@type\":\"ListItem\",\"position\":4,\"name\":\"Educo\",\"item\":\"https:\/\/teiaeducation.ch\/fr\/categorie-produit\/marques\/educo-fr\/\"},{\"@type\":\"ListItem\",\"position\":5,\"name\":\"Jouer \u00e0 Faire Semblant\",\"item\":\"https:\/\/teiaeducation.ch\/fr\/categorie-produit\/marques\/educo-fr\/jouer-a-faire-semblant\/\"},{\"@type\":\"ListItem\",\"position\":6,\"name\":\"Jeux de Simulation &amp; Accessoires\",\"item\":\"https:\/\/teiaeducation.ch\/fr\/categorie-produit\/marques\/educo-fr\/jouer-a-faire-semblant\/jeux-de-simulation-accessoires\/\"},{\"@type\":\"ListItem\",\"position\":7,\"name\":\"Meubles maison de poup\u00e9es : salle \u00e0 manger &#8211; Educo\"}]},{\"@type\":\"WebSite\",\"@id\":\"https:\/\/teiaeducation.ch\/fr\/#website\",\"url\":\"https:\/\/teiaeducation.ch\/fr\/\",\"name\":\"Sustainable Educational Products &amp; Ecological Toys\u00a0\",\"description\":\"Specialised Swiss shop selling sustainable educational toys and games, AMI certified Montessori materials, handmade ecological wooden Waldorf toys and arts &amp; crafts supplies, school supplies, children&#039;s furniture and Montessori reference and parenting books.\",\"publisher\":{\"@id\":\"https:\/\/teiaeducation.ch\/fr\/#organization\"},\"alternateName\":\"Teia Education & Play\",\"potentialAction\":[{\"@type\":\"SearchAction\",\"target\":{\"@type\":\"EntryPoint\",\"urlTemplate\":\"https:\/\/teiaeducation.ch\/fr\/?s={search_term_string}\"},\"query-input\":{\"@type\":\"PropertyValueSpecification\",\"valueRequired\":true,\"valueName\":\"search_term_string\"}}],\"inLanguage\":\"fr-FR\"},{\"@type\":\"Organization\",\"@id\":\"https:\/\/teiaeducation.ch\/fr\/#organization\",\"name\":\"Teia Education & Play\",\"url\":\"https:\/\/teiaeducation.ch\/fr\/\",\"logo\":{\"@type\":\"ImageObject\",\"inLanguage\":\"fr-FR\",\"@id\":\"https:\/\/teiaeducation.ch\/fr\/#\/schema\/logo\/image\/\",\"url\":\"https:\/\/teiaeducation.ch\/wp-content\/uploads\/2020\/11\/Teia-Education-Switzerland-e1620156442216.jpg\",\"contentUrl\":\"https:\/\/teiaeducation.ch\/wp-content\/uploads\/2020\/11\/Teia-Education-Switzerland-e1620156442216.jpg\",\"width\":166,\"height\":145,\"caption\":\"Teia Education & Play\"},\"image\":{\"@id\":\"https:\/\/teiaeducation.ch\/fr\/#\/schema\/logo\/image\/\"},\"sameAs\":[\"https:\/\/www.facebook.com\/teiaeducation\/\",\"https:\/\/x.com\/EducationTeia\",\"https:\/\/www.instagram.com\/teia.education\/\",\"https:\/\/www.linkedin.com\/company\/35501660\",\"https:\/\/www.pinterest.ch\/TeiaEducation\/\"]}]}<\/script>\n<!-- \/ Yoast SEO plugin. -->","yoast_head_json":{"title":"Meubles maison de poup\u00e9es : salle \u00e0 manger - Educo - Teia Education & Play","description":"La maison de poup\u00e9es: salle \u00e0 manger d'Educo comprend une plante, une table \u00e0 manger, quatre chaises, un buffet et deux consoles \u00e0 \u00e9tag\u00e8res d'angle.","robots":{"index":"index","follow":"follow","max-snippet":"max-snippet:-1","max-image-preview":"max-image-preview:large","max-video-preview":"max-video-preview:-1"},"canonical":"https:\/\/teiaeducation.ch\/fr\/produit\/meubles-maison-de-poupees-salle-a-manger-educo\/","og_locale":"fr_FR","og_type":"article","og_title":"Meubles maison de poup\u00e9es : salle \u00e0 manger - Educo - Teia Education & Play","og_description":"La maison de poup\u00e9es: salle \u00e0 manger d'Educo comprend une plante, une table \u00e0 manger, quatre chaises, un buffet et deux consoles \u00e0 \u00e9tag\u00e8res d'angle.","og_url":"https:\/\/teiaeducation.ch\/fr\/produit\/meubles-maison-de-poupees-salle-a-manger-educo\/","og_site_name":"Sustainable Educational Products &amp; Ecological Toys\u00a0","article_publisher":"https:\/\/www.facebook.com\/teiaeducation\/","article_modified_time":"2020-04-26T19:44:20+00:00","og_image":[{"width":2048,"height":2048,"url":"https:\/\/teiaeducation.ch\/wp-content\/uploads\/2019\/01\/E525018-scaled-scaled.jpg","type":"image\/jpeg"}],"schema":{"@context":"https:\/\/schema.org","@graph":[{"@type":"WebPage","@id":"https:\/\/teiaeducation.ch\/fr\/produit\/meubles-maison-de-poupees-salle-a-manger-educo\/","url":"https:\/\/teiaeducation.ch\/fr\/produit\/meubles-maison-de-poupees-salle-a-manger-educo\/","name":"Meubles maison de poup\u00e9es : salle \u00e0 manger - Educo - Teia Education & Play","isPartOf":{"@id":"https:\/\/teiaeducation.ch\/fr\/#website"},"primaryImageOfPage":{"@id":"https:\/\/teiaeducation.ch\/fr\/produit\/meubles-maison-de-poupees-salle-a-manger-educo\/#primaryimage"},"image":{"@id":"https:\/\/teiaeducation.ch\/fr\/produit\/meubles-maison-de-poupees-salle-a-manger-educo\/#primaryimage"},"thumbnailUrl":"https:\/\/teiaeducation.ch\/wp-content\/uploads\/2019\/01\/E525018-scaled-scaled.jpg","datePublished":"2019-01-25T21:16:02+00:00","dateModified":"2020-04-26T19:44:20+00:00","description":"La maison de poup\u00e9es: salle \u00e0 manger d'Educo comprend une plante, une table \u00e0 manger, quatre chaises, un buffet et deux consoles \u00e0 \u00e9tag\u00e8res d'angle.","breadcrumb":{"@id":"https:\/\/teiaeducation.ch\/fr\/produit\/meubles-maison-de-poupees-salle-a-manger-educo\/#breadcrumb"},"inLanguage":"fr-FR","potentialAction":[{"@type":"ReadAction","target":["https:\/\/teiaeducation.ch\/fr\/produit\/meubles-maison-de-poupees-salle-a-manger-educo\/"]}]},{"@type":"ImageObject","inLanguage":"fr-FR","@id":"https:\/\/teiaeducation.ch\/fr\/produit\/meubles-maison-de-poupees-salle-a-manger-educo\/#primaryimage","url":"https:\/\/teiaeducation.ch\/wp-content\/uploads\/2019\/01\/E525018-scaled-scaled.jpg","contentUrl":"https:\/\/teiaeducation.ch\/wp-content\/uploads\/2019\/01\/E525018-scaled-scaled.jpg","width":2048,"height":2048,"caption":"Maison de poup\u00e9es: salle \u00e0 manger - Educo"},{"@type":"BreadcrumbList","@id":"https:\/\/teiaeducation.ch\/fr\/produit\/meubles-maison-de-poupees-salle-a-manger-educo\/#breadcrumb","itemListElement":[{"@type":"ListItem","position":1,"name":"Home","item":"https:\/\/teiaeducation.ch\/fr\/"},{"@type":"ListItem","position":2,"name":"Boutique Teia Education &amp; Play","item":"https:\/\/teiaeducation.ch\/fr\/boutique\/"},{"@type":"ListItem","position":3,"name":"Nos Marques","item":"https:\/\/teiaeducation.ch\/fr\/categorie-produit\/marques\/"},{"@type":"ListItem","position":4,"name":"Educo","item":"https:\/\/teiaeducation.ch\/fr\/categorie-produit\/marques\/educo-fr\/"},{"@type":"ListItem","position":5,"name":"Jouer \u00e0 Faire Semblant","item":"https:\/\/teiaeducation.ch\/fr\/categorie-produit\/marques\/educo-fr\/jouer-a-faire-semblant\/"},{"@type":"ListItem","position":6,"name":"Jeux de Simulation &amp; Accessoires","item":"https:\/\/teiaeducation.ch\/fr\/categorie-produit\/marques\/educo-fr\/jouer-a-faire-semblant\/jeux-de-simulation-accessoires\/"},{"@type":"ListItem","position":7,"name":"Meubles maison de poup\u00e9es : salle \u00e0 manger &#8211; Educo"}]},{"@type":"WebSite","@id":"https:\/\/teiaeducation.ch\/fr\/#website","url":"https:\/\/teiaeducation.ch\/fr\/","name":"Sustainable Educational Products &amp; Ecological Toys\u00a0","description":"Specialised Swiss shop selling sustainable educational toys and games, AMI certified Montessori materials, handmade ecological wooden Waldorf toys and arts &amp; crafts supplies, school supplies, children&#039;s furniture and Montessori reference and parenting books.","publisher":{"@id":"https:\/\/teiaeducation.ch\/fr\/#organization"},"alternateName":"Teia Education & Play","potentialAction":[{"@type":"SearchAction","target":{"@type":"EntryPoint","urlTemplate":"https:\/\/teiaeducation.ch\/fr\/?s={search_term_string}"},"query-input":{"@type":"PropertyValueSpecification","valueRequired":true,"valueName":"search_term_string"}}],"inLanguage":"fr-FR"},{"@type":"Organization","@id":"https:\/\/teiaeducation.ch\/fr\/#organization","name":"Teia Education & Play","url":"https:\/\/teiaeducation.ch\/fr\/","logo":{"@type":"ImageObject","inLanguage":"fr-FR","@id":"https:\/\/teiaeducation.ch\/fr\/#\/schema\/logo\/image\/","url":"https:\/\/teiaeducation.ch\/wp-content\/uploads\/2020\/11\/Teia-Education-Switzerland-e1620156442216.jpg","contentUrl":"https:\/\/teiaeducation.ch\/wp-content\/uploads\/2020\/11\/Teia-Education-Switzerland-e1620156442216.jpg","width":166,"height":145,"caption":"Teia Education & Play"},"image":{"@id":"https:\/\/teiaeducation.ch\/fr\/#\/schema\/logo\/image\/"},"sameAs":["https:\/\/www.facebook.com\/teiaeducation\/","https:\/\/x.com\/EducationTeia","https:\/\/www.instagram.com\/teia.education\/","https:\/\/www.linkedin.com\/company\/35501660","https:\/\/www.pinterest.ch\/TeiaEducation\/"]}]}},"_links":{"self":[{"href":"https:\/\/teiaeducation.ch\/fr\/wp-json\/wp\/v2\/product\/23547","targetHints":{"allow":["GET"]}}],"collection":[{"href":"https:\/\/teiaeducation.ch\/fr\/wp-json\/wp\/v2\/product"}],"about":[{"href":"https:\/\/teiaeducation.ch\/fr\/wp-json\/wp\/v2\/types\/product"}],"replies":[{"embeddable":true,"href":"https:\/\/teiaeducation.ch\/fr\/wp-json\/wp\/v2\/comments?post=23547"}],"wp:featuredmedia":[{"embeddable":true,"href":"https:\/\/teiaeducation.ch\/fr\/wp-json\/wp\/v2\/media\/3590"}],"wp:attachment":[{"href":"https:\/\/teiaeducation.ch\/fr\/wp-json\/wp\/v2\/media?parent=23547"}],"wp:term":[{"taxonomy":"product_brand","embeddable":true,"href":"https:\/\/teiaeducation.ch\/fr\/wp-json\/wp\/v2\/product_brand?post=23547"},{"taxonomy":"product_cat","embeddable":true,"href":"https:\/\/teiaeducation.ch\/fr\/wp-json\/wp\/v2\/product_cat?post=23547"},{"taxonomy":"product_tag","embeddable":true,"href":"https:\/\/teiaeducation.ch\/fr\/wp-json\/wp\/v2\/product_tag?post=23547"}],"curies":[{"name":"wp","href":"https:\/\/api.w.org\/{rel}","templated":true}]}}