{"id":23548,"date":"2019-01-25T12:01:49","date_gmt":"2019-01-26T20:40:49","guid":{"rendered":"https:\/\/teiaeducation.ch\/product\/maison-de-poupees-chambre-enfant-educo\/"},"modified":"2020-04-26T21:57:45","modified_gmt":"2020-04-26T19:57:45","slug":"meubles-maison-de-poupees-chambre-enfant-educo","status":"publish","type":"product","link":"https:\/\/teiaeducation.ch\/fr\/produit\/meubles-maison-de-poupees-chambre-enfant-educo\/","title":{"rendered":"Meubles maison de poup\u00e9es : chambre enfant &#8211; Educo"},"content":{"rendered":"<p>Meubles maison de poup\u00e9es : chambre enfant &#8211; Educo<\/p>\n<p>L&#8217;ensemble de meubles de chambre enfant pour la maison de poup\u00e9es \u00a0d&#8217;Educo comprend un\u00a0lit superpos\u00e9, un coffre \u00e0 jouets, un cheval \u00e0 bascule, une poussette, une table, deux tabourets et deux voitures jouets. Les meubles et accessoires inclus sont enti\u00e8rement fabriqu\u00e9s en bois ponc\u00e9 et non laqu\u00e9 et sont tr\u00e8s robustes ; ils sont con\u00e7us pour r\u00e9sister \u00e0 des ann\u00e9es d&#8217;utilisation intensive.<\/p>\n<p>L&#8217;ensemble de meubles de chambre enfant est recommand\u00e9 pour la <a href=\"https:\/\/teiaeducation.ch\/fr\/produit\/maison-de-poupees-en-bois-educo\/\">maison de poup\u00e9es<\/a> d&#8217;Educo en bois.<\/p>\n<p>Ce mat\u00e9riel est adapt\u00e9 aux enfants d&#8217;\u00e2ges divers, l&#8217;\u00e2ge minimum recommand\u00e9 et de 3 ans.<\/p>\n<p>Contenu :<\/p>\n<p>1 lit superpos\u00e9<br \/>\n2 oreillers en tissu et 2 couettes<br \/>\n1 coffre \u00e0 jouets<br \/>\n1 cheval \u00e0 bascule<br \/>\n1 chariot \u00e0 pousser<br \/>\n1 table ronde<br \/>\n2 selles<br \/>\n2 voitures jouets (1 rouge et 1 bleue)<\/p>\n<p><em><span class=\"tlid-translation translation\" lang=\"fr\"><span title=\"\">Nous n'avons actuellement pas cet article en stock, mais il est disponible en pr\u00e9-commande.<\/span> <span class=\"\" title=\"\">Nous commanderons cet article pour vous aupr\u00e8s de notre fournisseur.<\/span> <span class=\"\" title=\"\">Veuillez allouer de 2 \u00e0 3 semaines maximum pour la livraison.<\/span><\/span><\/em><\/p>\n\t<div id=\"gap-1663585714\" class=\"gap-element clearfix\" style=\"display:block; height:auto;\">\n\t\t\n<style>\n#gap-1663585714 {\n  padding-top: 20px;\n}\n<\/style>\n\t<\/div>\n\t\n","protected":false},"excerpt":{"rendered":"<p>Num\u00e9ro d&#8217;article: E525019<\/p>\n","protected":false},"featured_media":3594,"comment_status":"closed","ping_status":"closed","template":"","meta":[],"product_brand":[],"product_cat":[215,216,224,1281,13130,249,13139,13136,217,212],"product_tag":[781,787,775,1483,4366,650,7999,6746,651,783],"class_list":{"0":"post-23548","1":"product","2":"type-product","3":"status-publish","4":"has-post-thumbnail","6":"product_cat-3-6-ans","7":"product_cat-6-12-ans","8":"product_cat-educo-fr","9":"product_cat-jeux-de-simulation-accessoires","10":"product_cat-jouer","11":"product_cat-jouer-a-faire-semblant","12":"product_cat-jeu-imaginatif-faire-semblant","13":"product_cat-maisons-de-poupees-batiments","14":"product_cat-marques","15":"product_cat-tranche-dage","16":"product_tag-bois-educatif","17":"product_tag-educo-langage","18":"product_tag-educo-suisse","19":"product_tag-jeu-dramatique","20":"product_tag-jouer-a-faire-semblant","21":"product_tag-jouets-educatifs-suisse","22":"product_tag-maison-de-poupees-en-bois-educo-fr","23":"product_tag-maison-de-poupees-en-bois-educo","24":"product_tag-materiel-pedagogique-suisse","25":"product_tag-materiels-educatifs-en-bois-educo","27":"first","28":"onbackorder","29":"taxable","30":"shipping-taxable","31":"purchasable","32":"product-type-simple"},"yoast_head":"<!-- This site is optimized with the Yoast SEO plugin v27.1.1 - https:\/\/yoast.com\/product\/yoast-seo-wordpress\/ -->\n<title>Meubles maison de poup\u00e9es : chambre enfant - Educo - Teia Education &amp; Play<\/title>\n<meta name=\"description\" content=\"Les meubles maison de poup\u00e9es: chambre enfant d&#039;Educo et accessoires inclus sont enti\u00e8rement fabriqu\u00e9s en bois ponc\u00e9 et non laqu\u00e9 et sont tr\u00e8s robustes.\" \/>\n<meta name=\"robots\" content=\"index, follow, max-snippet:-1, max-image-preview:large, max-video-preview:-1\" \/>\n<link rel=\"canonical\" href=\"https:\/\/teiaeducation.ch\/fr\/produit\/meubles-maison-de-poupees-chambre-enfant-educo\/\" \/>\n<meta property=\"og:locale\" content=\"fr_FR\" \/>\n<meta property=\"og:type\" content=\"article\" \/>\n<meta property=\"og:title\" content=\"Meubles maison de poup\u00e9es : chambre enfant - Educo - Teia Education &amp; Play\" \/>\n<meta property=\"og:description\" content=\"Les meubles maison de poup\u00e9es: chambre enfant d&#039;Educo et accessoires inclus sont enti\u00e8rement fabriqu\u00e9s en bois ponc\u00e9 et non laqu\u00e9 et sont tr\u00e8s robustes.\" \/>\n<meta property=\"og:url\" content=\"https:\/\/teiaeducation.ch\/fr\/produit\/meubles-maison-de-poupees-chambre-enfant-educo\/\" \/>\n<meta property=\"og:site_name\" content=\"Sustainable Educational Products &amp; Ecological Toys\u00a0\" \/>\n<meta property=\"article:publisher\" content=\"https:\/\/www.facebook.com\/teiaeducation\/\" \/>\n<meta property=\"article:modified_time\" content=\"2020-04-26T19:57:45+00:00\" \/>\n<meta property=\"og:image\" content=\"https:\/\/teiaeducation.ch\/wp-content\/uploads\/2019\/01\/E525019-scaled-scaled.jpg\" \/>\n\t<meta property=\"og:image:width\" content=\"2048\" \/>\n\t<meta property=\"og:image:height\" content=\"2048\" \/>\n\t<meta property=\"og:image:type\" content=\"image\/jpeg\" \/>\n<script type=\"application\/ld+json\" class=\"yoast-schema-graph\">{\"@context\":\"https:\/\/schema.org\",\"@graph\":[{\"@type\":\"WebPage\",\"@id\":\"https:\/\/teiaeducation.ch\/fr\/produit\/meubles-maison-de-poupees-chambre-enfant-educo\/\",\"url\":\"https:\/\/teiaeducation.ch\/fr\/produit\/meubles-maison-de-poupees-chambre-enfant-educo\/\",\"name\":\"Meubles maison de poup\u00e9es : chambre enfant - Educo - Teia Education & Play\",\"isPartOf\":{\"@id\":\"https:\/\/teiaeducation.ch\/fr\/#website\"},\"primaryImageOfPage\":{\"@id\":\"https:\/\/teiaeducation.ch\/fr\/produit\/meubles-maison-de-poupees-chambre-enfant-educo\/#primaryimage\"},\"image\":{\"@id\":\"https:\/\/teiaeducation.ch\/fr\/produit\/meubles-maison-de-poupees-chambre-enfant-educo\/#primaryimage\"},\"thumbnailUrl\":\"https:\/\/teiaeducation.ch\/wp-content\/uploads\/2019\/01\/E525019-scaled-scaled.jpg\",\"datePublished\":\"2019-01-26T20:40:49+00:00\",\"dateModified\":\"2020-04-26T19:57:45+00:00\",\"description\":\"Les meubles maison de poup\u00e9es: chambre enfant d'Educo et accessoires inclus sont enti\u00e8rement fabriqu\u00e9s en bois ponc\u00e9 et non laqu\u00e9 et sont tr\u00e8s robustes.\",\"breadcrumb\":{\"@id\":\"https:\/\/teiaeducation.ch\/fr\/produit\/meubles-maison-de-poupees-chambre-enfant-educo\/#breadcrumb\"},\"inLanguage\":\"fr-FR\",\"potentialAction\":[{\"@type\":\"ReadAction\",\"target\":[\"https:\/\/teiaeducation.ch\/fr\/produit\/meubles-maison-de-poupees-chambre-enfant-educo\/\"]}]},{\"@type\":\"ImageObject\",\"inLanguage\":\"fr-FR\",\"@id\":\"https:\/\/teiaeducation.ch\/fr\/produit\/meubles-maison-de-poupees-chambre-enfant-educo\/#primaryimage\",\"url\":\"https:\/\/teiaeducation.ch\/wp-content\/uploads\/2019\/01\/E525019-scaled-scaled.jpg\",\"contentUrl\":\"https:\/\/teiaeducation.ch\/wp-content\/uploads\/2019\/01\/E525019-scaled-scaled.jpg\",\"width\":2048,\"height\":2048,\"caption\":\"Maison de poup\u00e9es: chambre enfant - Educo\"},{\"@type\":\"BreadcrumbList\",\"@id\":\"https:\/\/teiaeducation.ch\/fr\/produit\/meubles-maison-de-poupees-chambre-enfant-educo\/#breadcrumb\",\"itemListElement\":[{\"@type\":\"ListItem\",\"position\":1,\"name\":\"Home\",\"item\":\"https:\/\/teiaeducation.ch\/fr\/\"},{\"@type\":\"ListItem\",\"position\":2,\"name\":\"Boutique Teia Education &amp; Play\",\"item\":\"https:\/\/teiaeducation.ch\/fr\/boutique\/\"},{\"@type\":\"ListItem\",\"position\":3,\"name\":\"Nos Marques\",\"item\":\"https:\/\/teiaeducation.ch\/fr\/categorie-produit\/marques\/\"},{\"@type\":\"ListItem\",\"position\":4,\"name\":\"Educo\",\"item\":\"https:\/\/teiaeducation.ch\/fr\/categorie-produit\/marques\/educo-fr\/\"},{\"@type\":\"ListItem\",\"position\":5,\"name\":\"Jouer \u00e0 Faire Semblant\",\"item\":\"https:\/\/teiaeducation.ch\/fr\/categorie-produit\/marques\/educo-fr\/jouer-a-faire-semblant\/\"},{\"@type\":\"ListItem\",\"position\":6,\"name\":\"Jeux de Simulation &amp; Accessoires\",\"item\":\"https:\/\/teiaeducation.ch\/fr\/categorie-produit\/marques\/educo-fr\/jouer-a-faire-semblant\/jeux-de-simulation-accessoires\/\"},{\"@type\":\"ListItem\",\"position\":7,\"name\":\"Meubles maison de poup\u00e9es : chambre enfant &#8211; Educo\"}]},{\"@type\":\"WebSite\",\"@id\":\"https:\/\/teiaeducation.ch\/fr\/#website\",\"url\":\"https:\/\/teiaeducation.ch\/fr\/\",\"name\":\"Sustainable Educational Products &amp; Ecological Toys\u00a0\",\"description\":\"Specialised Swiss shop selling sustainable educational toys and games, AMI certified Montessori materials, handmade ecological wooden Waldorf toys and arts &amp; crafts supplies, school supplies, children&#039;s furniture and Montessori reference and parenting books.\",\"publisher\":{\"@id\":\"https:\/\/teiaeducation.ch\/fr\/#organization\"},\"alternateName\":\"Teia Education & Play\",\"potentialAction\":[{\"@type\":\"SearchAction\",\"target\":{\"@type\":\"EntryPoint\",\"urlTemplate\":\"https:\/\/teiaeducation.ch\/fr\/?s={search_term_string}\"},\"query-input\":{\"@type\":\"PropertyValueSpecification\",\"valueRequired\":true,\"valueName\":\"search_term_string\"}}],\"inLanguage\":\"fr-FR\"},{\"@type\":\"Organization\",\"@id\":\"https:\/\/teiaeducation.ch\/fr\/#organization\",\"name\":\"Teia Education & Play\",\"url\":\"https:\/\/teiaeducation.ch\/fr\/\",\"logo\":{\"@type\":\"ImageObject\",\"inLanguage\":\"fr-FR\",\"@id\":\"https:\/\/teiaeducation.ch\/fr\/#\/schema\/logo\/image\/\",\"url\":\"https:\/\/teiaeducation.ch\/wp-content\/uploads\/2020\/11\/Teia-Education-Switzerland-e1620156442216.jpg\",\"contentUrl\":\"https:\/\/teiaeducation.ch\/wp-content\/uploads\/2020\/11\/Teia-Education-Switzerland-e1620156442216.jpg\",\"width\":166,\"height\":145,\"caption\":\"Teia Education & Play\"},\"image\":{\"@id\":\"https:\/\/teiaeducation.ch\/fr\/#\/schema\/logo\/image\/\"},\"sameAs\":[\"https:\/\/www.facebook.com\/teiaeducation\/\",\"https:\/\/x.com\/EducationTeia\",\"https:\/\/www.instagram.com\/teia.education\/\",\"https:\/\/www.linkedin.com\/company\/35501660\",\"https:\/\/www.pinterest.ch\/TeiaEducation\/\"]}]}<\/script>\n<!-- \/ Yoast SEO plugin. -->","yoast_head_json":{"title":"Meubles maison de poup\u00e9es : chambre enfant - Educo - Teia Education & Play","description":"Les meubles maison de poup\u00e9es: chambre enfant d'Educo et accessoires inclus sont enti\u00e8rement fabriqu\u00e9s en bois ponc\u00e9 et non laqu\u00e9 et sont tr\u00e8s robustes.","robots":{"index":"index","follow":"follow","max-snippet":"max-snippet:-1","max-image-preview":"max-image-preview:large","max-video-preview":"max-video-preview:-1"},"canonical":"https:\/\/teiaeducation.ch\/fr\/produit\/meubles-maison-de-poupees-chambre-enfant-educo\/","og_locale":"fr_FR","og_type":"article","og_title":"Meubles maison de poup\u00e9es : chambre enfant - Educo - Teia Education & Play","og_description":"Les meubles maison de poup\u00e9es: chambre enfant d'Educo et accessoires inclus sont enti\u00e8rement fabriqu\u00e9s en bois ponc\u00e9 et non laqu\u00e9 et sont tr\u00e8s robustes.","og_url":"https:\/\/teiaeducation.ch\/fr\/produit\/meubles-maison-de-poupees-chambre-enfant-educo\/","og_site_name":"Sustainable Educational Products &amp; Ecological Toys\u00a0","article_publisher":"https:\/\/www.facebook.com\/teiaeducation\/","article_modified_time":"2020-04-26T19:57:45+00:00","og_image":[{"width":2048,"height":2048,"url":"https:\/\/teiaeducation.ch\/wp-content\/uploads\/2019\/01\/E525019-scaled-scaled.jpg","type":"image\/jpeg"}],"schema":{"@context":"https:\/\/schema.org","@graph":[{"@type":"WebPage","@id":"https:\/\/teiaeducation.ch\/fr\/produit\/meubles-maison-de-poupees-chambre-enfant-educo\/","url":"https:\/\/teiaeducation.ch\/fr\/produit\/meubles-maison-de-poupees-chambre-enfant-educo\/","name":"Meubles maison de poup\u00e9es : chambre enfant - Educo - Teia Education & Play","isPartOf":{"@id":"https:\/\/teiaeducation.ch\/fr\/#website"},"primaryImageOfPage":{"@id":"https:\/\/teiaeducation.ch\/fr\/produit\/meubles-maison-de-poupees-chambre-enfant-educo\/#primaryimage"},"image":{"@id":"https:\/\/teiaeducation.ch\/fr\/produit\/meubles-maison-de-poupees-chambre-enfant-educo\/#primaryimage"},"thumbnailUrl":"https:\/\/teiaeducation.ch\/wp-content\/uploads\/2019\/01\/E525019-scaled-scaled.jpg","datePublished":"2019-01-26T20:40:49+00:00","dateModified":"2020-04-26T19:57:45+00:00","description":"Les meubles maison de poup\u00e9es: chambre enfant d'Educo et accessoires inclus sont enti\u00e8rement fabriqu\u00e9s en bois ponc\u00e9 et non laqu\u00e9 et sont tr\u00e8s robustes.","breadcrumb":{"@id":"https:\/\/teiaeducation.ch\/fr\/produit\/meubles-maison-de-poupees-chambre-enfant-educo\/#breadcrumb"},"inLanguage":"fr-FR","potentialAction":[{"@type":"ReadAction","target":["https:\/\/teiaeducation.ch\/fr\/produit\/meubles-maison-de-poupees-chambre-enfant-educo\/"]}]},{"@type":"ImageObject","inLanguage":"fr-FR","@id":"https:\/\/teiaeducation.ch\/fr\/produit\/meubles-maison-de-poupees-chambre-enfant-educo\/#primaryimage","url":"https:\/\/teiaeducation.ch\/wp-content\/uploads\/2019\/01\/E525019-scaled-scaled.jpg","contentUrl":"https:\/\/teiaeducation.ch\/wp-content\/uploads\/2019\/01\/E525019-scaled-scaled.jpg","width":2048,"height":2048,"caption":"Maison de poup\u00e9es: chambre enfant - Educo"},{"@type":"BreadcrumbList","@id":"https:\/\/teiaeducation.ch\/fr\/produit\/meubles-maison-de-poupees-chambre-enfant-educo\/#breadcrumb","itemListElement":[{"@type":"ListItem","position":1,"name":"Home","item":"https:\/\/teiaeducation.ch\/fr\/"},{"@type":"ListItem","position":2,"name":"Boutique Teia Education &amp; Play","item":"https:\/\/teiaeducation.ch\/fr\/boutique\/"},{"@type":"ListItem","position":3,"name":"Nos Marques","item":"https:\/\/teiaeducation.ch\/fr\/categorie-produit\/marques\/"},{"@type":"ListItem","position":4,"name":"Educo","item":"https:\/\/teiaeducation.ch\/fr\/categorie-produit\/marques\/educo-fr\/"},{"@type":"ListItem","position":5,"name":"Jouer \u00e0 Faire Semblant","item":"https:\/\/teiaeducation.ch\/fr\/categorie-produit\/marques\/educo-fr\/jouer-a-faire-semblant\/"},{"@type":"ListItem","position":6,"name":"Jeux de Simulation &amp; Accessoires","item":"https:\/\/teiaeducation.ch\/fr\/categorie-produit\/marques\/educo-fr\/jouer-a-faire-semblant\/jeux-de-simulation-accessoires\/"},{"@type":"ListItem","position":7,"name":"Meubles maison de poup\u00e9es : chambre enfant &#8211; Educo"}]},{"@type":"WebSite","@id":"https:\/\/teiaeducation.ch\/fr\/#website","url":"https:\/\/teiaeducation.ch\/fr\/","name":"Sustainable Educational Products &amp; Ecological Toys\u00a0","description":"Specialised Swiss shop selling sustainable educational toys and games, AMI certified Montessori materials, handmade ecological wooden Waldorf toys and arts &amp; crafts supplies, school supplies, children&#039;s furniture and Montessori reference and parenting books.","publisher":{"@id":"https:\/\/teiaeducation.ch\/fr\/#organization"},"alternateName":"Teia Education & Play","potentialAction":[{"@type":"SearchAction","target":{"@type":"EntryPoint","urlTemplate":"https:\/\/teiaeducation.ch\/fr\/?s={search_term_string}"},"query-input":{"@type":"PropertyValueSpecification","valueRequired":true,"valueName":"search_term_string"}}],"inLanguage":"fr-FR"},{"@type":"Organization","@id":"https:\/\/teiaeducation.ch\/fr\/#organization","name":"Teia Education & Play","url":"https:\/\/teiaeducation.ch\/fr\/","logo":{"@type":"ImageObject","inLanguage":"fr-FR","@id":"https:\/\/teiaeducation.ch\/fr\/#\/schema\/logo\/image\/","url":"https:\/\/teiaeducation.ch\/wp-content\/uploads\/2020\/11\/Teia-Education-Switzerland-e1620156442216.jpg","contentUrl":"https:\/\/teiaeducation.ch\/wp-content\/uploads\/2020\/11\/Teia-Education-Switzerland-e1620156442216.jpg","width":166,"height":145,"caption":"Teia Education & Play"},"image":{"@id":"https:\/\/teiaeducation.ch\/fr\/#\/schema\/logo\/image\/"},"sameAs":["https:\/\/www.facebook.com\/teiaeducation\/","https:\/\/x.com\/EducationTeia","https:\/\/www.instagram.com\/teia.education\/","https:\/\/www.linkedin.com\/company\/35501660","https:\/\/www.pinterest.ch\/TeiaEducation\/"]}]}},"_links":{"self":[{"href":"https:\/\/teiaeducation.ch\/fr\/wp-json\/wp\/v2\/product\/23548","targetHints":{"allow":["GET"]}}],"collection":[{"href":"https:\/\/teiaeducation.ch\/fr\/wp-json\/wp\/v2\/product"}],"about":[{"href":"https:\/\/teiaeducation.ch\/fr\/wp-json\/wp\/v2\/types\/product"}],"replies":[{"embeddable":true,"href":"https:\/\/teiaeducation.ch\/fr\/wp-json\/wp\/v2\/comments?post=23548"}],"wp:featuredmedia":[{"embeddable":true,"href":"https:\/\/teiaeducation.ch\/fr\/wp-json\/wp\/v2\/media\/3594"}],"wp:attachment":[{"href":"https:\/\/teiaeducation.ch\/fr\/wp-json\/wp\/v2\/media?parent=23548"}],"wp:term":[{"taxonomy":"product_brand","embeddable":true,"href":"https:\/\/teiaeducation.ch\/fr\/wp-json\/wp\/v2\/product_brand?post=23548"},{"taxonomy":"product_cat","embeddable":true,"href":"https:\/\/teiaeducation.ch\/fr\/wp-json\/wp\/v2\/product_cat?post=23548"},{"taxonomy":"product_tag","embeddable":true,"href":"https:\/\/teiaeducation.ch\/fr\/wp-json\/wp\/v2\/product_tag?post=23548"}],"curies":[{"name":"wp","href":"https:\/\/api.w.org\/{rel}","templated":true}]}}