{"id":23550,"date":"2019-05-27T08:03:21","date_gmt":"2019-05-27T06:03:21","guid":{"rendered":"https:\/\/teiaeducation.ch\/product\/manipulation-nombres-educo\/"},"modified":"2022-12-02T13:58:22","modified_gmt":"2022-12-02T12:58:22","slug":"tableau-manipulation-motrices-nombres-educo","status":"publish","type":"product","link":"https:\/\/teiaeducation.ch\/fr\/produit\/tableau-manipulation-motrices-nombres-educo\/","title":{"rendered":"Tableau manipulation motrices : nombres &#8211; Educo"},"content":{"rendered":"<p>Le grand tableau manipulation motrices avec nombres d&#8217;Educo comprend un tableau magn\u00e9tique en bois avec avec un verre en plexiglas, un stylo magn\u00e9tique attach\u00e9 au tableau par une ficelle rouge et six cartes d&#8217;exercices en carton.<\/p>\n<p>L&#8217;enfant d\u00e9place les boules de couleur dans le labyrinthe \u00e0 l&#8217;aide du stylo magn\u00e9tique ou la bouton tournant qui est plac\u00e9 au milieu du tableau. Les boules de couleur peuvent \u00eatre d\u00e9plac\u00e9es comme indiqu\u00e9 sur les cartes ou librement. Le tableau manipulation motrices permet de d\u00e9velopper les premi\u00e8res capacit\u00e9s de <a href=\"https:\/\/teiaeducation.ch\/fr\/categorie-produit\/domaines-du-curriculum\/mathematiques-calcul\/apprendre-a-compter\/\">comptage<\/a> et apprendre les <a href=\"https:\/\/teiaeducation.ch\/fr\/categorie-produit\/domaines-du-curriculum\/mathematiques-calcul\/nombres\/\">chiffres<\/a> de 1 \u00e0 8.<\/p>\n<p>Le travail avec ce jeu \u00e9ducatif stimule \u00e9galement la <a href=\"https:\/\/teiaeducation.ch\/fr\/categorie-produit\/domaines-du-curriculum\/sensorielles-motrices\/competences-motrices\/\">motricit\u00e9<\/a> fine, la conscience spatiale et la capacit\u00e9 de concentration. Les versions du grand tableau des capacit\u00e9s motrices :\u00a0 <a href=\"https:\/\/teiaeducation.ch\/fr\/produit\/tableau-manipulation-motrices-modeles-decriture-1-educo\/\">mod\u00e8les d&#8217;\u00e9criture 1<\/a>, <a href=\"https:\/\/teiaeducation.ch\/fr\/produit\/tableau-manipulation-motrices-modeles-decriture-2-educo\/\">mod\u00e8les d&#8217;\u00e9criture 2<\/a> et <a href=\"https:\/\/teiaeducation.ch\/fr\/produit\/tableau-manipulation-motrices-figures-educo\/\">figures<\/a> sont \u00e9galement disponible s\u00e9par\u00e9ment.<\/p>\n<p>La marque n\u00e9erlandaise <a href=\"https:\/\/teiaeducation.ch\/fr\/categorie-produit\/marques\/educo-fr\/\">Educo<\/a> repr\u00e9sente un monde color\u00e9 d\u2019apprentissage ludique, de <a href=\"https:\/\/teiaeducation.ch\/fr\/categorie-produit\/domaines-du-curriculum\/\">jeux \u00e9ducatifs<\/a> stimulants et de jouets. De haute qualit\u00e9 et durables, les produits Educo tournent autour des situations quotidiennes et aident les enfants \u00e0 associer les jeux \u00e0 des sujets r\u00e9guliers, transformant le processus d\u2019apprentissage en une simulation de leur environnement naturel.<\/p>\n<p>Les produits \u00e9ducatifs actifs et pratiques d\u2019Educo sont principalement faits en bois, avec des mat\u00e9riaux durables tels que les encres et les peintures \u00e0 base d\u2019eau. Les jouets sont fabriqu\u00e9s pour supporter des ann\u00e9es d\u2019utilisation robuste, encourager l\u2019apprentissage bas\u00e9 sur le <a href=\"https:\/\/teiaeducation.ch\/fr\/categorie-produit\/jouer\/\">jeu<\/a> et inspirer la croissance et le succ\u00e8s chez les enfants \u00e2g\u00e9s de 1 \u00e0 6 ans. Ils r\u00e9pondent aux exigences de diverses r\u00e9glementations europ\u00e9ennes et internationales en mati\u00e8re de s\u00e9curit\u00e9 des jouets et se conforment \u00e0 la directive 2009\/48\/CE sur la s\u00e9curit\u00e9 des jouets, y compris EN81 et ASTM.<\/p>\n<p>Le tableau manipulation motrices nombres est adapt\u00e9 aux enfants de 3 ans et plus.<\/p>\n<p>Contenu :<\/p>\n<p>1 tableau en bois (37,5 x 37,5 x 4 cm)<br \/>\n1 stylo magn\u00e9tique<br \/>\n6 cartes en carton \u00e9pais<\/p>\n<p><em><span class=\"tlid-translation translation\" lang=\"fr\"><span title=\"\">Nous n'avons actuellement pas cet article en stock, mais il est disponible en pr\u00e9-commande.<\/span> <span class=\"\" title=\"\">Nous commanderons cet article pour vous aupr\u00e8s de notre fournisseur.<\/span> <span class=\"\" title=\"\">Veuillez allouer de 2 \u00e0 3 semaines maximum pour la livraison.<\/span><\/span><\/em><\/p>\n\t<div id=\"gap-2006362996\" class=\"gap-element clearfix\" style=\"display:block; height:auto;\">\n\t\t\n<style>\n#gap-2006362996 {\n  padding-top: 20px;\n}\n<\/style>\n\t<\/div>\n\t\n","protected":false},"excerpt":{"rendered":"<p>Num\u00e9ro d&#8217;article: E522391<\/p>\n<p>Le grand tableau manipulation motrices nombres d&#8217;Educo permet de d\u00e9velopper les premi\u00e8res capacit\u00e9s de comptage et apprendre les chiffres de 1 \u00e0 8.<\/p>\n","protected":false},"featured_media":3368,"comment_status":"closed","ping_status":"closed","template":"","meta":[],"product_brand":[],"product_cat":[8527,215,285,606,635,283,224,8526,225,206,1220,624,630,288,7595,217,209,212],"product_tag":[7974,6108,23602,1363,650,651,7972,8004,648,7973,23603],"class_list":{"0":"post-23550","1":"product","2":"type-product","3":"status-publish","4":"has-post-thumbnail","6":"product_cat-3-6-ans-ecole-a-domicile","7":"product_cat-3-6-ans","8":"product_cat-alphabetisation-langage","9":"product_cat-apprendre-a-ecrire","10":"product_cat-competences-motrices","11":"product_cat-domaines-du-curriculum","12":"product_cat-educo-fr","13":"product_cat-fournitures-scolaires-a-domicile","14":"product_cat-jeu-de-langage","15":"product_cat-jeu-motricite","16":"product_cat-traditionnelle","17":"product_cat-formes","18":"product_cat-nombres","19":"product_cat-mathematiques-calcul","20":"product_cat-methode-deducation","21":"product_cat-marques","22":"product_cat-sensorielles-motrices","23":"product_cat-tranche-dage","24":"product_tag-competences-motrices","25":"product_tag-educatif-fr","26":"product_tag-educational-toys-fr","27":"product_tag-educo-fr","28":"product_tag-jouets-educatifs-suisse","29":"product_tag-materiel-pedagogique-suisse","30":"product_tag-materiels-educatifs","31":"product_tag-nombre","32":"product_tag-produits-educatifs","33":"product_tag-tableau-magnetique","34":"product_tag-wooden-toys-fr","36":"first","37":"onbackorder","38":"taxable","39":"shipping-taxable","40":"purchasable","41":"product-type-simple"},"yoast_head":"<!-- This site is optimized with the Yoast SEO Premium plugin v25.8 (Yoast SEO v27.4) - https:\/\/yoast.com\/product\/yoast-seo-premium-wordpress\/ -->\n<title>Tableau manipulation motrices : nombres - Educo<\/title>\n<meta name=\"description\" content=\"Le grand tableau manipulation motrices nombres d&#039;Educo permet de d\u00e9velopper les premi\u00e8res capacit\u00e9s de comptage et apprendre les chiffres de 1 \u00e0 8.\" \/>\n<meta name=\"robots\" content=\"index, follow, max-snippet:-1, max-image-preview:large, max-video-preview:-1\" \/>\n<link rel=\"canonical\" href=\"https:\/\/teiaeducation.ch\/fr\/produit\/tableau-manipulation-motrices-nombres-educo\/\" \/>\n<meta property=\"og:locale\" content=\"fr_FR\" \/>\n<meta property=\"og:type\" content=\"article\" \/>\n<meta property=\"og:title\" content=\"Tableau manipulation motrices : nombres - Educo\" \/>\n<meta property=\"og:description\" content=\"Le grand tableau manipulation motrices nombres d&#039;Educo permet de d\u00e9velopper les premi\u00e8res capacit\u00e9s de comptage et apprendre les chiffres de 1 \u00e0 8.\" \/>\n<meta property=\"og:url\" content=\"https:\/\/teiaeducation.ch\/fr\/produit\/tableau-manipulation-motrices-nombres-educo\/\" \/>\n<meta property=\"og:site_name\" content=\"Sustainable Educational Products &amp; Ecological Toys\u00a0\" \/>\n<meta property=\"article:publisher\" content=\"https:\/\/www.facebook.com\/teiaeducation\/\" \/>\n<meta property=\"article:modified_time\" content=\"2022-12-02T12:58:22+00:00\" \/>\n<meta property=\"og:image\" content=\"https:\/\/teiaeducation.ch\/wp-content\/uploads\/2019\/01\/E522391-scaled-scaled.jpg\" \/>\n\t<meta property=\"og:image:width\" content=\"2048\" \/>\n\t<meta property=\"og:image:height\" content=\"2048\" \/>\n\t<meta property=\"og:image:type\" content=\"image\/jpeg\" \/>\n<script type=\"application\/ld+json\" class=\"yoast-schema-graph\">{\"@context\":\"https:\\\/\\\/schema.org\",\"@graph\":[{\"@type\":\"WebPage\",\"@id\":\"https:\\\/\\\/teiaeducation.ch\\\/fr\\\/produit\\\/tableau-manipulation-motrices-nombres-educo\\\/\",\"url\":\"https:\\\/\\\/teiaeducation.ch\\\/fr\\\/produit\\\/tableau-manipulation-motrices-nombres-educo\\\/\",\"name\":\"Tableau manipulation motrices : nombres - Educo\",\"isPartOf\":{\"@id\":\"https:\\\/\\\/teiaeducation.ch\\\/fr\\\/#website\"},\"primaryImageOfPage\":{\"@id\":\"https:\\\/\\\/teiaeducation.ch\\\/fr\\\/produit\\\/tableau-manipulation-motrices-nombres-educo\\\/#primaryimage\"},\"image\":{\"@id\":\"https:\\\/\\\/teiaeducation.ch\\\/fr\\\/produit\\\/tableau-manipulation-motrices-nombres-educo\\\/#primaryimage\"},\"thumbnailUrl\":\"https:\\\/\\\/teiaeducation.ch\\\/wp-content\\\/uploads\\\/2019\\\/01\\\/E522391-scaled-scaled.jpg\",\"datePublished\":\"2019-05-27T06:03:21+00:00\",\"dateModified\":\"2022-12-02T12:58:22+00:00\",\"description\":\"Le grand tableau manipulation motrices nombres d'Educo permet de d\u00e9velopper les premi\u00e8res capacit\u00e9s de comptage et apprendre les chiffres de 1 \u00e0 8.\",\"breadcrumb\":{\"@id\":\"https:\\\/\\\/teiaeducation.ch\\\/fr\\\/produit\\\/tableau-manipulation-motrices-nombres-educo\\\/#breadcrumb\"},\"inLanguage\":\"fr-FR\",\"potentialAction\":[{\"@type\":\"ReadAction\",\"target\":[\"https:\\\/\\\/teiaeducation.ch\\\/fr\\\/produit\\\/tableau-manipulation-motrices-nombres-educo\\\/\"]}]},{\"@type\":\"ImageObject\",\"inLanguage\":\"fr-FR\",\"@id\":\"https:\\\/\\\/teiaeducation.ch\\\/fr\\\/produit\\\/tableau-manipulation-motrices-nombres-educo\\\/#primaryimage\",\"url\":\"https:\\\/\\\/teiaeducation.ch\\\/wp-content\\\/uploads\\\/2019\\\/01\\\/E522391-scaled-scaled.jpg\",\"contentUrl\":\"https:\\\/\\\/teiaeducation.ch\\\/wp-content\\\/uploads\\\/2019\\\/01\\\/E522391-scaled-scaled.jpg\",\"width\":2048,\"height\":2048,\"caption\":\"Manipulation: nombres - Educo\"},{\"@type\":\"BreadcrumbList\",\"@id\":\"https:\\\/\\\/teiaeducation.ch\\\/fr\\\/produit\\\/tableau-manipulation-motrices-nombres-educo\\\/#breadcrumb\",\"itemListElement\":[{\"@type\":\"ListItem\",\"position\":1,\"name\":\"Home\",\"item\":\"https:\\\/\\\/teiaeducation.ch\\\/fr\\\/\"},{\"@type\":\"ListItem\",\"position\":2,\"name\":\"Boutique Teia Education &amp; Play\",\"item\":\"https:\\\/\\\/teiaeducation.ch\\\/fr\\\/boutique\\\/\"},{\"@type\":\"ListItem\",\"position\":3,\"name\":\"Nos Marques\",\"item\":\"https:\\\/\\\/teiaeducation.ch\\\/fr\\\/categorie-produit\\\/marques\\\/\"},{\"@type\":\"ListItem\",\"position\":4,\"name\":\"Educo\",\"item\":\"https:\\\/\\\/teiaeducation.ch\\\/fr\\\/categorie-produit\\\/marques\\\/educo-fr\\\/\"},{\"@type\":\"ListItem\",\"position\":5,\"name\":\"Jeu Motricit\u00e9\",\"item\":\"https:\\\/\\\/teiaeducation.ch\\\/fr\\\/categorie-produit\\\/marques\\\/educo-fr\\\/jeu-motricite\\\/\"},{\"@type\":\"ListItem\",\"position\":6,\"name\":\"Tableau manipulation motrices : nombres &#8211; Educo\"}]},{\"@type\":\"WebSite\",\"@id\":\"https:\\\/\\\/teiaeducation.ch\\\/fr\\\/#website\",\"url\":\"https:\\\/\\\/teiaeducation.ch\\\/fr\\\/\",\"name\":\"Sustainable Educational Products &amp; Ecological Toys\u00a0\",\"description\":\"Specialised Swiss shop selling sustainable educational toys and games, AMI certified Montessori materials, handmade ecological wooden Waldorf toys and arts &amp; crafts supplies, school supplies, children&#039;s furniture and Montessori reference and parenting books.\",\"publisher\":{\"@id\":\"https:\\\/\\\/teiaeducation.ch\\\/fr\\\/#organization\"},\"alternateName\":\"Teia Education & Play\",\"potentialAction\":[{\"@type\":\"SearchAction\",\"target\":{\"@type\":\"EntryPoint\",\"urlTemplate\":\"https:\\\/\\\/teiaeducation.ch\\\/fr\\\/?s={search_term_string}\"},\"query-input\":{\"@type\":\"PropertyValueSpecification\",\"valueRequired\":true,\"valueName\":\"search_term_string\"}}],\"inLanguage\":\"fr-FR\"},{\"@type\":\"Organization\",\"@id\":\"https:\\\/\\\/teiaeducation.ch\\\/fr\\\/#organization\",\"name\":\"Teia Education & Play\",\"url\":\"https:\\\/\\\/teiaeducation.ch\\\/fr\\\/\",\"logo\":{\"@type\":\"ImageObject\",\"inLanguage\":\"fr-FR\",\"@id\":\"https:\\\/\\\/teiaeducation.ch\\\/fr\\\/#\\\/schema\\\/logo\\\/image\\\/\",\"url\":\"https:\\\/\\\/teiaeducation.ch\\\/wp-content\\\/uploads\\\/2020\\\/11\\\/Teia-Education-Switzerland-e1620156442216.jpg\",\"contentUrl\":\"https:\\\/\\\/teiaeducation.ch\\\/wp-content\\\/uploads\\\/2020\\\/11\\\/Teia-Education-Switzerland-e1620156442216.jpg\",\"width\":166,\"height\":145,\"caption\":\"Teia Education & Play\"},\"image\":{\"@id\":\"https:\\\/\\\/teiaeducation.ch\\\/fr\\\/#\\\/schema\\\/logo\\\/image\\\/\"},\"sameAs\":[\"https:\\\/\\\/www.facebook.com\\\/teiaeducation\\\/\",\"https:\\\/\\\/x.com\\\/EducationTeia\",\"https:\\\/\\\/www.instagram.com\\\/teia.education\\\/\",\"https:\\\/\\\/www.linkedin.com\\\/company\\\/35501660\",\"https:\\\/\\\/www.pinterest.ch\\\/TeiaEducation\\\/\"]}]}<\/script>\n<meta property=\"product:price:amount\" content=\"93.50\" \/>\n<meta property=\"product:price:currency\" content=\"CHF\" \/>\n<meta property=\"og:availability\" content=\"backorder\" \/>\n<meta property=\"product:availability\" content=\"available for order\" \/>\n<meta property=\"product:retailer_item_id\" content=\"00000000000000000000000000000000000000000000003364\" \/>\n<meta property=\"product:condition\" content=\"new\" \/>\n<!-- \/ Yoast SEO Premium plugin. -->","yoast_head_json":{"title":"Tableau manipulation motrices : nombres - Educo","description":"Le grand tableau manipulation motrices nombres d'Educo permet de d\u00e9velopper les premi\u00e8res capacit\u00e9s de comptage et apprendre les chiffres de 1 \u00e0 8.","robots":{"index":"index","follow":"follow","max-snippet":"max-snippet:-1","max-image-preview":"max-image-preview:large","max-video-preview":"max-video-preview:-1"},"canonical":"https:\/\/teiaeducation.ch\/fr\/produit\/tableau-manipulation-motrices-nombres-educo\/","og_locale":"fr_FR","og_type":"article","og_title":"Tableau manipulation motrices : nombres - Educo","og_description":"Le grand tableau manipulation motrices nombres d'Educo permet de d\u00e9velopper les premi\u00e8res capacit\u00e9s de comptage et apprendre les chiffres de 1 \u00e0 8.","og_url":"https:\/\/teiaeducation.ch\/fr\/produit\/tableau-manipulation-motrices-nombres-educo\/","og_site_name":"Sustainable Educational Products &amp; Ecological Toys\u00a0","article_publisher":"https:\/\/www.facebook.com\/teiaeducation\/","article_modified_time":"2022-12-02T12:58:22+00:00","og_image":[{"width":2048,"height":2048,"url":"https:\/\/teiaeducation.ch\/wp-content\/uploads\/2019\/01\/E522391-scaled-scaled.jpg","type":"image\/jpeg"}],"schema":{"@context":"https:\/\/schema.org","@graph":[{"@type":"WebPage","@id":"https:\/\/teiaeducation.ch\/fr\/produit\/tableau-manipulation-motrices-nombres-educo\/","url":"https:\/\/teiaeducation.ch\/fr\/produit\/tableau-manipulation-motrices-nombres-educo\/","name":"Tableau manipulation motrices : nombres - Educo","isPartOf":{"@id":"https:\/\/teiaeducation.ch\/fr\/#website"},"primaryImageOfPage":{"@id":"https:\/\/teiaeducation.ch\/fr\/produit\/tableau-manipulation-motrices-nombres-educo\/#primaryimage"},"image":{"@id":"https:\/\/teiaeducation.ch\/fr\/produit\/tableau-manipulation-motrices-nombres-educo\/#primaryimage"},"thumbnailUrl":"https:\/\/teiaeducation.ch\/wp-content\/uploads\/2019\/01\/E522391-scaled-scaled.jpg","datePublished":"2019-05-27T06:03:21+00:00","dateModified":"2022-12-02T12:58:22+00:00","description":"Le grand tableau manipulation motrices nombres d'Educo permet de d\u00e9velopper les premi\u00e8res capacit\u00e9s de comptage et apprendre les chiffres de 1 \u00e0 8.","breadcrumb":{"@id":"https:\/\/teiaeducation.ch\/fr\/produit\/tableau-manipulation-motrices-nombres-educo\/#breadcrumb"},"inLanguage":"fr-FR","potentialAction":[{"@type":"ReadAction","target":["https:\/\/teiaeducation.ch\/fr\/produit\/tableau-manipulation-motrices-nombres-educo\/"]}]},{"@type":"ImageObject","inLanguage":"fr-FR","@id":"https:\/\/teiaeducation.ch\/fr\/produit\/tableau-manipulation-motrices-nombres-educo\/#primaryimage","url":"https:\/\/teiaeducation.ch\/wp-content\/uploads\/2019\/01\/E522391-scaled-scaled.jpg","contentUrl":"https:\/\/teiaeducation.ch\/wp-content\/uploads\/2019\/01\/E522391-scaled-scaled.jpg","width":2048,"height":2048,"caption":"Manipulation: nombres - Educo"},{"@type":"BreadcrumbList","@id":"https:\/\/teiaeducation.ch\/fr\/produit\/tableau-manipulation-motrices-nombres-educo\/#breadcrumb","itemListElement":[{"@type":"ListItem","position":1,"name":"Home","item":"https:\/\/teiaeducation.ch\/fr\/"},{"@type":"ListItem","position":2,"name":"Boutique Teia Education &amp; Play","item":"https:\/\/teiaeducation.ch\/fr\/boutique\/"},{"@type":"ListItem","position":3,"name":"Nos Marques","item":"https:\/\/teiaeducation.ch\/fr\/categorie-produit\/marques\/"},{"@type":"ListItem","position":4,"name":"Educo","item":"https:\/\/teiaeducation.ch\/fr\/categorie-produit\/marques\/educo-fr\/"},{"@type":"ListItem","position":5,"name":"Jeu Motricit\u00e9","item":"https:\/\/teiaeducation.ch\/fr\/categorie-produit\/marques\/educo-fr\/jeu-motricite\/"},{"@type":"ListItem","position":6,"name":"Tableau manipulation motrices : nombres &#8211; Educo"}]},{"@type":"WebSite","@id":"https:\/\/teiaeducation.ch\/fr\/#website","url":"https:\/\/teiaeducation.ch\/fr\/","name":"Sustainable Educational Products &amp; Ecological Toys\u00a0","description":"Specialised Swiss shop selling sustainable educational toys and games, AMI certified Montessori materials, handmade ecological wooden Waldorf toys and arts &amp; crafts supplies, school supplies, children&#039;s furniture and Montessori reference and parenting books.","publisher":{"@id":"https:\/\/teiaeducation.ch\/fr\/#organization"},"alternateName":"Teia Education & Play","potentialAction":[{"@type":"SearchAction","target":{"@type":"EntryPoint","urlTemplate":"https:\/\/teiaeducation.ch\/fr\/?s={search_term_string}"},"query-input":{"@type":"PropertyValueSpecification","valueRequired":true,"valueName":"search_term_string"}}],"inLanguage":"fr-FR"},{"@type":"Organization","@id":"https:\/\/teiaeducation.ch\/fr\/#organization","name":"Teia Education & Play","url":"https:\/\/teiaeducation.ch\/fr\/","logo":{"@type":"ImageObject","inLanguage":"fr-FR","@id":"https:\/\/teiaeducation.ch\/fr\/#\/schema\/logo\/image\/","url":"https:\/\/teiaeducation.ch\/wp-content\/uploads\/2020\/11\/Teia-Education-Switzerland-e1620156442216.jpg","contentUrl":"https:\/\/teiaeducation.ch\/wp-content\/uploads\/2020\/11\/Teia-Education-Switzerland-e1620156442216.jpg","width":166,"height":145,"caption":"Teia Education & Play"},"image":{"@id":"https:\/\/teiaeducation.ch\/fr\/#\/schema\/logo\/image\/"},"sameAs":["https:\/\/www.facebook.com\/teiaeducation\/","https:\/\/x.com\/EducationTeia","https:\/\/www.instagram.com\/teia.education\/","https:\/\/www.linkedin.com\/company\/35501660","https:\/\/www.pinterest.ch\/TeiaEducation\/"]}]},"product_price_amount":"93.50","product_price_currency":"CHF","og_availability":"backorder","product_availability":"available for order","product_retailer_item_id":"00000000000000000000000000000000000000000000003364","product_condition":"new"},"_links":{"self":[{"href":"https:\/\/teiaeducation.ch\/fr\/wp-json\/wp\/v2\/product\/23550","targetHints":{"allow":["GET"]}}],"collection":[{"href":"https:\/\/teiaeducation.ch\/fr\/wp-json\/wp\/v2\/product"}],"about":[{"href":"https:\/\/teiaeducation.ch\/fr\/wp-json\/wp\/v2\/types\/product"}],"replies":[{"embeddable":true,"href":"https:\/\/teiaeducation.ch\/fr\/wp-json\/wp\/v2\/comments?post=23550"}],"wp:featuredmedia":[{"embeddable":true,"href":"https:\/\/teiaeducation.ch\/fr\/wp-json\/wp\/v2\/media\/3368"}],"wp:attachment":[{"href":"https:\/\/teiaeducation.ch\/fr\/wp-json\/wp\/v2\/media?parent=23550"}],"wp:term":[{"taxonomy":"product_brand","embeddable":true,"href":"https:\/\/teiaeducation.ch\/fr\/wp-json\/wp\/v2\/product_brand?post=23550"},{"taxonomy":"product_cat","embeddable":true,"href":"https:\/\/teiaeducation.ch\/fr\/wp-json\/wp\/v2\/product_cat?post=23550"},{"taxonomy":"product_tag","embeddable":true,"href":"https:\/\/teiaeducation.ch\/fr\/wp-json\/wp\/v2\/product_tag?post=23550"}],"curies":[{"name":"wp","href":"https:\/\/api.w.org\/{rel}","templated":true}]}}