{"id":23558,"date":"2019-01-09T14:11:54","date_gmt":"2019-01-09T13:11:54","guid":{"rendered":"https:\/\/teiaeducation.ch\/product\/materiel-de-palpation-formes-geometriques-educo\/"},"modified":"2021-09-10T15:08:30","modified_gmt":"2021-09-10T13:08:30","slug":"formes-geometriques-tactiles-educo","status":"publish","type":"product","link":"https:\/\/teiaeducation.ch\/fr\/produit\/formes-geometriques-tactiles-educo\/","title":{"rendered":"Formes g\u00e9ometriques tactiles &#8211; Educo"},"content":{"rendered":"<p>Formes g\u00e9ometriques tactiles &#8211; Educo<\/p>\n<p>Les formes g\u00e9om\u00e9triques tactiles d&#8217;Educo initient l&#8217;enfant \u00e0 la g\u00e9om\u00e9trie des solides avec un ensemble comprenant dix formes en bois massif, permettant de comprendre les formes en 3D en en faisant des objets tangibles. Elles remettent en question et fa\u00e7onnent le sens st\u00e9r\u00e9ognostique de l&#8217;enfant, qui est la capacit\u00e9 \u00e0 percevoir et \u00e0 comprendre \u00e0 la fois la forme et la nature des objets par le toucher. Cela conduit \u00e0 une prise de conscience de la fa\u00e7on dont les formes forment la base des objets quotidiens, jetant ainsi les bases de futurs travaux en g\u00e9om\u00e9trie.<\/p>\n<p>Pour \u00e9viter que l&#8217;enfant ne confonde la forme et la couleur, les formes g\u00e9om\u00e9triques n&#8217;ont pas \u00e9t\u00e9 color\u00e9es \u00e0 des fins d&#8217;isolation. Cet ensemble comprend \u00e9galement dix cartes de contour de forme, chacune correspondant \u00e0 une forme g\u00e9om\u00e9trique ; l&#8217;enfant place une forme solide sur la carte correspondante, ce qui lui permet de comprendre sa forme. Pour prolonger l&#8217;exercice, ce mat\u00e9riel de langage tactile peut \u00e9galement \u00eatre utilis\u00e9 en combinaison avec la <a href=\"https:\/\/teiaeducation.ch\/fr\/produit\/boite-en-bois-tactile-educo\/\">bo\u00eete en bois tactile<\/a> ou les <a href=\"https:\/\/teiaeducation.ch\/fr\/produit\/masques-lot-de-4-educo\/\">masques<\/a>\u00a0d&#8217;Educo (vendus s\u00e9par\u00e9ment).<\/p>\n<p>Ce mat\u00e9riel convient aux enfants \u00e2g\u00e9s de 3 et plus.<\/p>\n<p>Contenu :<\/p>\n<p>10 formes g\u00e9om\u00e9triques solides en bois massif<br \/>\n10 cartes de contour de forme<br \/>\n1 bo\u00eete de rangement en bois (19 x 16 x 3 cm)<\/p>\n","protected":false},"excerpt":{"rendered":"<p>Num\u00e9ro d&#8217;article: 324300<\/p>\n<p>Les formes g\u00e9om\u00e9triques tactiles d&#8217;Educo initient l&#8217;enfant \u00e0 la g\u00e9om\u00e9trie des solides avec un ensemble de dix formes en bois massif en 3D.<\/p>\n","protected":false},"featured_media":2969,"comment_status":"closed","ping_status":"closed","template":"","meta":[],"product_brand":[],"product_cat":[8527,215,285,22344,13118,283,224,8526,225,8572,603,13130,22181,1220,289,23650,13142,624,638,288,7595,1218,217,5851,209,212],"product_tag":[],"class_list":{"0":"post-23558","1":"product","2":"type-product","3":"status-publish","4":"has-post-thumbnail","6":"product_cat-3-6-ans-ecole-a-domicile","7":"product_cat-3-6-ans","8":"product_cat-alphabetisation-langage","9":"product_cat-collections-saisonnieres","10":"product_cat-discrimination-fr","11":"product_cat-domaines-du-curriculum","12":"product_cat-educo-fr","13":"product_cat-fournitures-scolaires-a-domicile","14":"product_cat-jeu-de-langage","15":"product_cat-jeu-et-apprentissage-pour-bebes-et-jeunes-enfants","16":"product_cat-jeux-de-discrimination-fr","17":"product_cat-jouer","18":"product_cat-jouets-montessori","19":"product_cat-traditionnelle","20":"product_cat-geometrie","21":"product_cat-la-rentree-scolaire","22":"product_cat-jeu-sensoriel","23":"product_cat-formes","24":"product_cat-sens","25":"product_cat-mathematiques-calcul","26":"product_cat-methode-deducation","27":"product_cat-montessori-fr","28":"product_cat-marques","29":"product_cat-nouveautes","30":"product_cat-sensorielles-motrices","31":"product_cat-tranche-dage","33":"first","34":"instock","35":"taxable","36":"shipping-taxable","37":"purchasable","38":"product-type-simple"},"yoast_head":"<!-- This site is optimized with the Yoast SEO Premium plugin v25.8 (Yoast SEO v27.4) - https:\/\/yoast.com\/product\/yoast-seo-premium-wordpress\/ -->\n<title>Formes g\u00e9ometriques tactiles - Educo - Teia Education &amp; Play<\/title>\n<meta name=\"description\" content=\"Les formes g\u00e9om\u00e9triques tactiles d&#039;Educo initient l&#039;enfant \u00e0 la g\u00e9om\u00e9trie des solides avec un ensemble de dix formes en bois massif en 3D.\" \/>\n<meta name=\"robots\" content=\"index, follow, max-snippet:-1, max-image-preview:large, max-video-preview:-1\" \/>\n<link rel=\"canonical\" href=\"https:\/\/teiaeducation.ch\/fr\/produit\/formes-geometriques-tactiles-educo\/\" \/>\n<meta property=\"og:locale\" content=\"fr_FR\" \/>\n<meta property=\"og:type\" content=\"article\" \/>\n<meta property=\"og:title\" content=\"Formes g\u00e9ometriques tactiles - Educo\" \/>\n<meta property=\"og:description\" content=\"Les formes g\u00e9om\u00e9triques tactiles d&#039;Educo initient l&#039;enfant \u00e0 la g\u00e9om\u00e9trie des solides avec un ensemble de dix formes en bois massif en 3D.\" \/>\n<meta property=\"og:url\" content=\"https:\/\/teiaeducation.ch\/fr\/produit\/formes-geometriques-tactiles-educo\/\" \/>\n<meta property=\"og:site_name\" content=\"Sustainable Educational Products &amp; Ecological Toys\u00a0\" \/>\n<meta property=\"article:publisher\" content=\"https:\/\/www.facebook.com\/teiaeducation\/\" \/>\n<meta property=\"article:modified_time\" content=\"2021-09-10T13:08:30+00:00\" \/>\n<meta property=\"og:image\" content=\"https:\/\/teiaeducation.ch\/wp-content\/uploads\/2019\/01\/324300-scaled-scaled.jpg\" \/>\n\t<meta property=\"og:image:width\" content=\"2048\" \/>\n\t<meta property=\"og:image:height\" content=\"2048\" \/>\n\t<meta property=\"og:image:type\" content=\"image\/jpeg\" \/>\n<script type=\"application\/ld+json\" class=\"yoast-schema-graph\">{\"@context\":\"https:\\\/\\\/schema.org\",\"@graph\":[{\"@type\":\"WebPage\",\"@id\":\"https:\\\/\\\/teiaeducation.ch\\\/fr\\\/produit\\\/formes-geometriques-tactiles-educo\\\/\",\"url\":\"https:\\\/\\\/teiaeducation.ch\\\/fr\\\/produit\\\/formes-geometriques-tactiles-educo\\\/\",\"name\":\"Formes g\u00e9ometriques tactiles - Educo - Teia Education & Play\",\"isPartOf\":{\"@id\":\"https:\\\/\\\/teiaeducation.ch\\\/fr\\\/#website\"},\"primaryImageOfPage\":{\"@id\":\"https:\\\/\\\/teiaeducation.ch\\\/fr\\\/produit\\\/formes-geometriques-tactiles-educo\\\/#primaryimage\"},\"image\":{\"@id\":\"https:\\\/\\\/teiaeducation.ch\\\/fr\\\/produit\\\/formes-geometriques-tactiles-educo\\\/#primaryimage\"},\"thumbnailUrl\":\"https:\\\/\\\/teiaeducation.ch\\\/wp-content\\\/uploads\\\/2019\\\/01\\\/324300-scaled-scaled.jpg\",\"datePublished\":\"2019-01-09T13:11:54+00:00\",\"dateModified\":\"2021-09-10T13:08:30+00:00\",\"description\":\"Les formes g\u00e9om\u00e9triques tactiles d'Educo initient l'enfant \u00e0 la g\u00e9om\u00e9trie des solides avec un ensemble de dix formes en bois massif en 3D.\",\"breadcrumb\":{\"@id\":\"https:\\\/\\\/teiaeducation.ch\\\/fr\\\/produit\\\/formes-geometriques-tactiles-educo\\\/#breadcrumb\"},\"inLanguage\":\"fr-FR\",\"potentialAction\":[{\"@type\":\"ReadAction\",\"target\":[\"https:\\\/\\\/teiaeducation.ch\\\/fr\\\/produit\\\/formes-geometriques-tactiles-educo\\\/\"]}]},{\"@type\":\"ImageObject\",\"inLanguage\":\"fr-FR\",\"@id\":\"https:\\\/\\\/teiaeducation.ch\\\/fr\\\/produit\\\/formes-geometriques-tactiles-educo\\\/#primaryimage\",\"url\":\"https:\\\/\\\/teiaeducation.ch\\\/wp-content\\\/uploads\\\/2019\\\/01\\\/324300-scaled-scaled.jpg\",\"contentUrl\":\"https:\\\/\\\/teiaeducation.ch\\\/wp-content\\\/uploads\\\/2019\\\/01\\\/324300-scaled-scaled.jpg\",\"width\":2048,\"height\":2048,\"caption\":\"Mat\u00e9riel de palpation, formes g\u00e9ometriques - Educo\"},{\"@type\":\"BreadcrumbList\",\"@id\":\"https:\\\/\\\/teiaeducation.ch\\\/fr\\\/produit\\\/formes-geometriques-tactiles-educo\\\/#breadcrumb\",\"itemListElement\":[{\"@type\":\"ListItem\",\"position\":1,\"name\":\"Home\",\"item\":\"https:\\\/\\\/teiaeducation.ch\\\/fr\\\/\"},{\"@type\":\"ListItem\",\"position\":2,\"name\":\"Boutique Teia Education &amp; Play\",\"item\":\"https:\\\/\\\/teiaeducation.ch\\\/fr\\\/boutique\\\/\"},{\"@type\":\"ListItem\",\"position\":3,\"name\":\"Nos Marques\",\"item\":\"https:\\\/\\\/teiaeducation.ch\\\/fr\\\/categorie-produit\\\/marques\\\/\"},{\"@type\":\"ListItem\",\"position\":4,\"name\":\"Educo\",\"item\":\"https:\\\/\\\/teiaeducation.ch\\\/fr\\\/categorie-produit\\\/marques\\\/educo-fr\\\/\"},{\"@type\":\"ListItem\",\"position\":5,\"name\":\"Jeu de Langage\",\"item\":\"https:\\\/\\\/teiaeducation.ch\\\/fr\\\/categorie-produit\\\/marques\\\/educo-fr\\\/jeu-de-langage\\\/\"},{\"@type\":\"ListItem\",\"position\":6,\"name\":\"Discrimination\",\"item\":\"https:\\\/\\\/teiaeducation.ch\\\/fr\\\/categorie-produit\\\/marques\\\/educo-fr\\\/jeu-de-langage\\\/discrimination-fr\\\/\"},{\"@type\":\"ListItem\",\"position\":7,\"name\":\"Formes g\u00e9ometriques tactiles &#8211; Educo\"}]},{\"@type\":\"WebSite\",\"@id\":\"https:\\\/\\\/teiaeducation.ch\\\/fr\\\/#website\",\"url\":\"https:\\\/\\\/teiaeducation.ch\\\/fr\\\/\",\"name\":\"Sustainable Educational Products &amp; Ecological Toys\u00a0\",\"description\":\"Specialised Swiss shop selling sustainable educational toys and games, AMI certified Montessori materials, handmade ecological wooden Waldorf toys and arts &amp; crafts supplies, school supplies, children&#039;s furniture and Montessori reference and parenting books.\",\"publisher\":{\"@id\":\"https:\\\/\\\/teiaeducation.ch\\\/fr\\\/#organization\"},\"alternateName\":\"Teia Education & Play\",\"potentialAction\":[{\"@type\":\"SearchAction\",\"target\":{\"@type\":\"EntryPoint\",\"urlTemplate\":\"https:\\\/\\\/teiaeducation.ch\\\/fr\\\/?s={search_term_string}\"},\"query-input\":{\"@type\":\"PropertyValueSpecification\",\"valueRequired\":true,\"valueName\":\"search_term_string\"}}],\"inLanguage\":\"fr-FR\"},{\"@type\":\"Organization\",\"@id\":\"https:\\\/\\\/teiaeducation.ch\\\/fr\\\/#organization\",\"name\":\"Teia Education & Play\",\"url\":\"https:\\\/\\\/teiaeducation.ch\\\/fr\\\/\",\"logo\":{\"@type\":\"ImageObject\",\"inLanguage\":\"fr-FR\",\"@id\":\"https:\\\/\\\/teiaeducation.ch\\\/fr\\\/#\\\/schema\\\/logo\\\/image\\\/\",\"url\":\"https:\\\/\\\/teiaeducation.ch\\\/wp-content\\\/uploads\\\/2020\\\/11\\\/Teia-Education-Switzerland-e1620156442216.jpg\",\"contentUrl\":\"https:\\\/\\\/teiaeducation.ch\\\/wp-content\\\/uploads\\\/2020\\\/11\\\/Teia-Education-Switzerland-e1620156442216.jpg\",\"width\":166,\"height\":145,\"caption\":\"Teia Education & Play\"},\"image\":{\"@id\":\"https:\\\/\\\/teiaeducation.ch\\\/fr\\\/#\\\/schema\\\/logo\\\/image\\\/\"},\"sameAs\":[\"https:\\\/\\\/www.facebook.com\\\/teiaeducation\\\/\",\"https:\\\/\\\/x.com\\\/EducationTeia\",\"https:\\\/\\\/www.instagram.com\\\/teia.education\\\/\",\"https:\\\/\\\/www.linkedin.com\\\/company\\\/35501660\",\"https:\\\/\\\/www.pinterest.ch\\\/TeiaEducation\\\/\"]}]}<\/script>\n<meta property=\"product:price:amount\" content=\"49.50\" \/>\n<meta property=\"product:price:currency\" content=\"CHF\" \/>\n<meta property=\"og:availability\" content=\"instock\" \/>\n<meta property=\"product:availability\" content=\"instock\" \/>\n<meta property=\"product:retailer_item_id\" content=\"00000000000000000000000000000000000000000000002965\" \/>\n<meta property=\"product:condition\" content=\"new\" \/>\n<!-- \/ Yoast SEO Premium plugin. -->","yoast_head_json":{"title":"Formes g\u00e9ometriques tactiles - Educo - Teia Education & Play","description":"Les formes g\u00e9om\u00e9triques tactiles d'Educo initient l'enfant \u00e0 la g\u00e9om\u00e9trie des solides avec un ensemble de dix formes en bois massif en 3D.","robots":{"index":"index","follow":"follow","max-snippet":"max-snippet:-1","max-image-preview":"max-image-preview:large","max-video-preview":"max-video-preview:-1"},"canonical":"https:\/\/teiaeducation.ch\/fr\/produit\/formes-geometriques-tactiles-educo\/","og_locale":"fr_FR","og_type":"article","og_title":"Formes g\u00e9ometriques tactiles - Educo","og_description":"Les formes g\u00e9om\u00e9triques tactiles d'Educo initient l'enfant \u00e0 la g\u00e9om\u00e9trie des solides avec un ensemble de dix formes en bois massif en 3D.","og_url":"https:\/\/teiaeducation.ch\/fr\/produit\/formes-geometriques-tactiles-educo\/","og_site_name":"Sustainable Educational Products &amp; Ecological Toys\u00a0","article_publisher":"https:\/\/www.facebook.com\/teiaeducation\/","article_modified_time":"2021-09-10T13:08:30+00:00","og_image":[{"width":2048,"height":2048,"url":"https:\/\/teiaeducation.ch\/wp-content\/uploads\/2019\/01\/324300-scaled-scaled.jpg","type":"image\/jpeg"}],"schema":{"@context":"https:\/\/schema.org","@graph":[{"@type":"WebPage","@id":"https:\/\/teiaeducation.ch\/fr\/produit\/formes-geometriques-tactiles-educo\/","url":"https:\/\/teiaeducation.ch\/fr\/produit\/formes-geometriques-tactiles-educo\/","name":"Formes g\u00e9ometriques tactiles - Educo - Teia Education & Play","isPartOf":{"@id":"https:\/\/teiaeducation.ch\/fr\/#website"},"primaryImageOfPage":{"@id":"https:\/\/teiaeducation.ch\/fr\/produit\/formes-geometriques-tactiles-educo\/#primaryimage"},"image":{"@id":"https:\/\/teiaeducation.ch\/fr\/produit\/formes-geometriques-tactiles-educo\/#primaryimage"},"thumbnailUrl":"https:\/\/teiaeducation.ch\/wp-content\/uploads\/2019\/01\/324300-scaled-scaled.jpg","datePublished":"2019-01-09T13:11:54+00:00","dateModified":"2021-09-10T13:08:30+00:00","description":"Les formes g\u00e9om\u00e9triques tactiles d'Educo initient l'enfant \u00e0 la g\u00e9om\u00e9trie des solides avec un ensemble de dix formes en bois massif en 3D.","breadcrumb":{"@id":"https:\/\/teiaeducation.ch\/fr\/produit\/formes-geometriques-tactiles-educo\/#breadcrumb"},"inLanguage":"fr-FR","potentialAction":[{"@type":"ReadAction","target":["https:\/\/teiaeducation.ch\/fr\/produit\/formes-geometriques-tactiles-educo\/"]}]},{"@type":"ImageObject","inLanguage":"fr-FR","@id":"https:\/\/teiaeducation.ch\/fr\/produit\/formes-geometriques-tactiles-educo\/#primaryimage","url":"https:\/\/teiaeducation.ch\/wp-content\/uploads\/2019\/01\/324300-scaled-scaled.jpg","contentUrl":"https:\/\/teiaeducation.ch\/wp-content\/uploads\/2019\/01\/324300-scaled-scaled.jpg","width":2048,"height":2048,"caption":"Mat\u00e9riel de palpation, formes g\u00e9ometriques - Educo"},{"@type":"BreadcrumbList","@id":"https:\/\/teiaeducation.ch\/fr\/produit\/formes-geometriques-tactiles-educo\/#breadcrumb","itemListElement":[{"@type":"ListItem","position":1,"name":"Home","item":"https:\/\/teiaeducation.ch\/fr\/"},{"@type":"ListItem","position":2,"name":"Boutique Teia Education &amp; Play","item":"https:\/\/teiaeducation.ch\/fr\/boutique\/"},{"@type":"ListItem","position":3,"name":"Nos Marques","item":"https:\/\/teiaeducation.ch\/fr\/categorie-produit\/marques\/"},{"@type":"ListItem","position":4,"name":"Educo","item":"https:\/\/teiaeducation.ch\/fr\/categorie-produit\/marques\/educo-fr\/"},{"@type":"ListItem","position":5,"name":"Jeu de Langage","item":"https:\/\/teiaeducation.ch\/fr\/categorie-produit\/marques\/educo-fr\/jeu-de-langage\/"},{"@type":"ListItem","position":6,"name":"Discrimination","item":"https:\/\/teiaeducation.ch\/fr\/categorie-produit\/marques\/educo-fr\/jeu-de-langage\/discrimination-fr\/"},{"@type":"ListItem","position":7,"name":"Formes g\u00e9ometriques tactiles &#8211; Educo"}]},{"@type":"WebSite","@id":"https:\/\/teiaeducation.ch\/fr\/#website","url":"https:\/\/teiaeducation.ch\/fr\/","name":"Sustainable Educational Products &amp; Ecological Toys\u00a0","description":"Specialised Swiss shop selling sustainable educational toys and games, AMI certified Montessori materials, handmade ecological wooden Waldorf toys and arts &amp; crafts supplies, school supplies, children&#039;s furniture and Montessori reference and parenting books.","publisher":{"@id":"https:\/\/teiaeducation.ch\/fr\/#organization"},"alternateName":"Teia Education & Play","potentialAction":[{"@type":"SearchAction","target":{"@type":"EntryPoint","urlTemplate":"https:\/\/teiaeducation.ch\/fr\/?s={search_term_string}"},"query-input":{"@type":"PropertyValueSpecification","valueRequired":true,"valueName":"search_term_string"}}],"inLanguage":"fr-FR"},{"@type":"Organization","@id":"https:\/\/teiaeducation.ch\/fr\/#organization","name":"Teia Education & Play","url":"https:\/\/teiaeducation.ch\/fr\/","logo":{"@type":"ImageObject","inLanguage":"fr-FR","@id":"https:\/\/teiaeducation.ch\/fr\/#\/schema\/logo\/image\/","url":"https:\/\/teiaeducation.ch\/wp-content\/uploads\/2020\/11\/Teia-Education-Switzerland-e1620156442216.jpg","contentUrl":"https:\/\/teiaeducation.ch\/wp-content\/uploads\/2020\/11\/Teia-Education-Switzerland-e1620156442216.jpg","width":166,"height":145,"caption":"Teia Education & Play"},"image":{"@id":"https:\/\/teiaeducation.ch\/fr\/#\/schema\/logo\/image\/"},"sameAs":["https:\/\/www.facebook.com\/teiaeducation\/","https:\/\/x.com\/EducationTeia","https:\/\/www.instagram.com\/teia.education\/","https:\/\/www.linkedin.com\/company\/35501660","https:\/\/www.pinterest.ch\/TeiaEducation\/"]}]},"product_price_amount":"49.50","product_price_currency":"CHF","og_availability":"instock","product_availability":"instock","product_retailer_item_id":"00000000000000000000000000000000000000000000002965","product_condition":"new"},"_links":{"self":[{"href":"https:\/\/teiaeducation.ch\/fr\/wp-json\/wp\/v2\/product\/23558","targetHints":{"allow":["GET"]}}],"collection":[{"href":"https:\/\/teiaeducation.ch\/fr\/wp-json\/wp\/v2\/product"}],"about":[{"href":"https:\/\/teiaeducation.ch\/fr\/wp-json\/wp\/v2\/types\/product"}],"replies":[{"embeddable":true,"href":"https:\/\/teiaeducation.ch\/fr\/wp-json\/wp\/v2\/comments?post=23558"}],"wp:featuredmedia":[{"embeddable":true,"href":"https:\/\/teiaeducation.ch\/fr\/wp-json\/wp\/v2\/media\/2969"}],"wp:attachment":[{"href":"https:\/\/teiaeducation.ch\/fr\/wp-json\/wp\/v2\/media?parent=23558"}],"wp:term":[{"taxonomy":"product_brand","embeddable":true,"href":"https:\/\/teiaeducation.ch\/fr\/wp-json\/wp\/v2\/product_brand?post=23558"},{"taxonomy":"product_cat","embeddable":true,"href":"https:\/\/teiaeducation.ch\/fr\/wp-json\/wp\/v2\/product_cat?post=23558"},{"taxonomy":"product_tag","embeddable":true,"href":"https:\/\/teiaeducation.ch\/fr\/wp-json\/wp\/v2\/product_tag?post=23558"}],"curies":[{"name":"wp","href":"https:\/\/api.w.org\/{rel}","templated":true}]}}