{"id":23559,"date":"2023-11-07T14:08:19","date_gmt":"2023-11-07T13:08:19","guid":{"rendered":"https:\/\/teiaeducation.ch\/product\/touchez-le-chiffre-educo\/"},"modified":"2023-11-23T14:32:02","modified_gmt":"2023-11-23T13:32:02","slug":"touche-le-chiffre-educo","status":"publish","type":"product","link":"https:\/\/teiaeducation.ch\/fr\/produit\/touche-le-chiffre-educo\/","title":{"rendered":"Touche le chiffre &#8211; Educo"},"content":{"rendered":"<p>Touche le chiffre \/ Planches en bois chiffres grav\u00e9s &#8211; Educo<\/p>\n<p>Le jeu \u00e9ducatif touche le chiffre d&#8217;Educo est compos\u00e9 de dix planches en bois sur lesquelles sont grav\u00e9s les chiffres de z\u00e9ro \u00e0 neuf en cursive ainsi que d&#8217;un crayon en bois. L&#8217;enfant suit la forme des chiffres avec son doigt ou avec le crayon. Ces tablettes sensorielles stimulent les capacit\u00e9s de pr\u00e9-\u00e9criture en utilisant les sens, ce qui pose les bases de la reconnaissance des formes des symboles num\u00e9riques et d\u00e9veloppe \u00e9galement la motricit\u00e9 fine. Les <a href=\"https:\/\/teiaeducation.ch\/fr\/produit\/masques-lot-de-4-educo\/\">masques<\/a> d&#8217;Educo peuvent \u00eatre ajout\u00e9s au travail avec ouche le chiffre. Ce mat\u00e9riel de langage sensoriel est similaire aux <a href=\"https:\/\/teiaeducation.ch\/fr\/produit\/chiffres-rugueux-ecriture-internationale-nienhuis-montessori\/\">chiffres rugueux<\/a> de Nienhuis Montessori.<\/p>\n<p>La marque n\u00e9erlandaise Educo repr\u00e9sente un monde color\u00e9 d\u2019apprentissage ludique, de jeux \u00e9ducatifs stimulants et de jouets. De haute qualit\u00e9 et durables, les produits Educo tournent autour des situations quotidiennes et aident les enfants \u00e0 associer les jeux \u00e0 des sujets r\u00e9guliers, transformant le processus d\u2019apprentissage en une simulation de leur environnement naturel.<\/p>\n<p>Les produits \u00e9ducatifs actifs et pratiques d\u2019Educo sont principalement faits en bois, avec des mat\u00e9riaux durables tels que les encres et les peintures \u00e0 base d\u2019eau. Les jouets sont fabriqu\u00e9s pour supporter des ann\u00e9es d\u2019utilisation robuste, encourager l\u2019apprentissage bas\u00e9 sur le jeu et inspirer la croissance et le succ\u00e8s chez les enfants \u00e2g\u00e9s de 1 \u00e0 6 ans. Ils r\u00e9pondent aux exigences de diverses r\u00e9glementations europ\u00e9ennes et internationales en mati\u00e8re de s\u00e9curit\u00e9 des jouets et se conforment \u00e0 la directive 2009\/48\/CE sur la s\u00e9curit\u00e9 des jouets, y compris EN81 et ASTM.<\/p>\n<p>Ce mat\u00e9riel convient aux enfants \u00e2g\u00e9s de 4 \u00e0 6 ans.<\/p>\n<p>Contenu :<\/p>\n<p>10 planches en bois<br \/>\n1 stylo en bois<br \/>\n1 bo\u00eete de rangement en bois (15 x 11,5 x 7 cm)<\/p>\n","protected":false},"excerpt":{"rendered":"<p>Num\u00e9ro d&#8217;article: 1312000<\/p>\n<p>Le jeu \u00e9ducatif touche le chiffre Educo est compos\u00e9 de dix planches en bois sur lesquelles sont grav\u00e9s les chiffres de 0 \u00e0 9 et d&#8217;un crayon en bois.<\/p>\n","protected":false},"featured_media":57783,"comment_status":"closed","ping_status":"closed","template":"","meta":[],"product_brand":[],"product_cat":[8527,215,285,13128,606,605,22344,635,283,224,8526,225,206,13130,22181,1220,23650,630,638,288,7595,1218,217,5851,209,212],"product_tag":[23602,1363,8007,7972,8010,801,645,820,8006,648,1229,8008,8009],"class_list":{"0":"post-23559","1":"product","2":"type-product","3":"status-publish","4":"has-post-thumbnail","6":"product_cat-3-6-ans-ecole-a-domicile","7":"product_cat-3-6-ans","8":"product_cat-alphabetisation-langage","9":"product_cat-apprendre-a-compter","10":"product_cat-apprendre-a-ecrire","11":"product_cat-apprendre-a-lire","12":"product_cat-collections-saisonnieres","13":"product_cat-competences-motrices","14":"product_cat-domaines-du-curriculum","15":"product_cat-educo-fr","16":"product_cat-fournitures-scolaires-a-domicile","17":"product_cat-jeu-de-langage","18":"product_cat-jeu-motricite","19":"product_cat-jouer","20":"product_cat-jouets-montessori","21":"product_cat-traditionnelle","22":"product_cat-la-rentree-scolaire","23":"product_cat-nombres","24":"product_cat-sens","25":"product_cat-mathematiques-calcul","26":"product_cat-methode-deducation","27":"product_cat-montessori-fr","28":"product_cat-marques","29":"product_cat-nouveautes","30":"product_cat-sensorielles-motrices","31":"product_cat-tranche-dage","32":"product_tag-educational-toys-fr","33":"product_tag-educo-fr","34":"product_tag-formes-numeriques","35":"product_tag-materiels-educatifs","36":"product_tag-materiels-sensoriels","37":"product_tag-mathematiques-montessori","38":"product_tag-montessori-fr","39":"product_tag-montessori-langage","40":"product_tag-nombres-vides","41":"product_tag-produits-educatifs","42":"product_tag-sensoriel","43":"product_tag-touchez-le-chiffre","44":"product_tag-touchez-le-chiffre-educo","46":"first","47":"instock","48":"taxable","49":"shipping-taxable","50":"purchasable","51":"product-type-simple"},"yoast_head":"<!-- This site is optimized with the Yoast SEO plugin v27.1.1 - https:\/\/yoast.com\/product\/yoast-seo-wordpress\/ -->\n<title>Touche le chiffre - Educo - Teia Education &amp; Play<\/title>\n<meta name=\"description\" content=\"Le jeu \u00e9ducatif touche le chiffre Educo est compos\u00e9 de dix planches en bois sur lesquelles sont grav\u00e9s les chiffres de 0 \u00e0 9 et d&#039;un crayon en bois.\" \/>\n<meta name=\"robots\" content=\"index, follow, max-snippet:-1, max-image-preview:large, max-video-preview:-1\" \/>\n<link rel=\"canonical\" href=\"https:\/\/teiaeducation.ch\/fr\/produit\/touche-le-chiffre-educo\/\" \/>\n<meta property=\"og:locale\" content=\"fr_FR\" \/>\n<meta property=\"og:type\" content=\"article\" \/>\n<meta property=\"og:title\" content=\"Touche le chiffre - Educo - Teia Education &amp; Play\" \/>\n<meta property=\"og:description\" content=\"Le jeu \u00e9ducatif touche le chiffre Educo est compos\u00e9 de dix planches en bois sur lesquelles sont grav\u00e9s les chiffres de 0 \u00e0 9 et d&#039;un crayon en bois.\" \/>\n<meta property=\"og:url\" content=\"https:\/\/teiaeducation.ch\/fr\/produit\/touche-le-chiffre-educo\/\" \/>\n<meta property=\"og:site_name\" content=\"Sustainable Educational Products &amp; Ecological Toys\u00a0\" \/>\n<meta property=\"article:publisher\" content=\"https:\/\/www.facebook.com\/teiaeducation\/\" \/>\n<meta property=\"article:modified_time\" content=\"2023-11-23T13:32:02+00:00\" \/>\n<meta property=\"og:image\" content=\"https:\/\/teiaeducation.ch\/wp-content\/uploads\/2019\/01\/High-quality-mathematical-material-Educo-feel-the-number-hollow-numbers-scaled.jpg\" \/>\n\t<meta property=\"og:image:width\" content=\"2048\" \/>\n\t<meta property=\"og:image:height\" content=\"2048\" \/>\n\t<meta property=\"og:image:type\" content=\"image\/jpeg\" \/>\n<script type=\"application\/ld+json\" class=\"yoast-schema-graph\">{\"@context\":\"https:\/\/schema.org\",\"@graph\":[{\"@type\":\"WebPage\",\"@id\":\"https:\/\/teiaeducation.ch\/fr\/produit\/touche-le-chiffre-educo\/\",\"url\":\"https:\/\/teiaeducation.ch\/fr\/produit\/touche-le-chiffre-educo\/\",\"name\":\"Touche le chiffre - Educo - Teia Education & Play\",\"isPartOf\":{\"@id\":\"https:\/\/teiaeducation.ch\/fr\/#website\"},\"primaryImageOfPage\":{\"@id\":\"https:\/\/teiaeducation.ch\/fr\/produit\/touche-le-chiffre-educo\/#primaryimage\"},\"image\":{\"@id\":\"https:\/\/teiaeducation.ch\/fr\/produit\/touche-le-chiffre-educo\/#primaryimage\"},\"thumbnailUrl\":\"https:\/\/teiaeducation.ch\/wp-content\/uploads\/2019\/01\/High-quality-mathematical-material-Educo-feel-the-number-hollow-numbers-scaled.jpg\",\"datePublished\":\"2023-11-07T13:08:19+00:00\",\"dateModified\":\"2023-11-23T13:32:02+00:00\",\"description\":\"Le jeu \u00e9ducatif touche le chiffre Educo est compos\u00e9 de dix planches en bois sur lesquelles sont grav\u00e9s les chiffres de 0 \u00e0 9 et d'un crayon en bois.\",\"breadcrumb\":{\"@id\":\"https:\/\/teiaeducation.ch\/fr\/produit\/touche-le-chiffre-educo\/#breadcrumb\"},\"inLanguage\":\"fr-FR\",\"potentialAction\":[{\"@type\":\"ReadAction\",\"target\":[\"https:\/\/teiaeducation.ch\/fr\/produit\/touche-le-chiffre-educo\/\"]}]},{\"@type\":\"ImageObject\",\"inLanguage\":\"fr-FR\",\"@id\":\"https:\/\/teiaeducation.ch\/fr\/produit\/touche-le-chiffre-educo\/#primaryimage\",\"url\":\"https:\/\/teiaeducation.ch\/wp-content\/uploads\/2019\/01\/High-quality-mathematical-material-Educo-feel-the-number-hollow-numbers-scaled.jpg\",\"contentUrl\":\"https:\/\/teiaeducation.ch\/wp-content\/uploads\/2019\/01\/High-quality-mathematical-material-Educo-feel-the-number-hollow-numbers-scaled.jpg\",\"width\":2048,\"height\":2048,\"caption\":\"High quality mathematical material Educo feel the number hollow numbers\"},{\"@type\":\"BreadcrumbList\",\"@id\":\"https:\/\/teiaeducation.ch\/fr\/produit\/touche-le-chiffre-educo\/#breadcrumb\",\"itemListElement\":[{\"@type\":\"ListItem\",\"position\":1,\"name\":\"Home\",\"item\":\"https:\/\/teiaeducation.ch\/fr\/\"},{\"@type\":\"ListItem\",\"position\":2,\"name\":\"Boutique Teia Education &amp; Play\",\"item\":\"https:\/\/teiaeducation.ch\/fr\/boutique\/\"},{\"@type\":\"ListItem\",\"position\":3,\"name\":\"Domaines du Curriculum\",\"item\":\"https:\/\/teiaeducation.ch\/fr\/categorie-produit\/domaines-du-curriculum\/\"},{\"@type\":\"ListItem\",\"position\":4,\"name\":\"Math\u00e9matiques &amp; Calcul\",\"item\":\"https:\/\/teiaeducation.ch\/fr\/categorie-produit\/domaines-du-curriculum\/mathematiques-calcul\/\"},{\"@type\":\"ListItem\",\"position\":5,\"name\":\"Apprendre \u00e0 Compter\",\"item\":\"https:\/\/teiaeducation.ch\/fr\/categorie-produit\/domaines-du-curriculum\/mathematiques-calcul\/apprendre-a-compter\/\"},{\"@type\":\"ListItem\",\"position\":6,\"name\":\"Touche le chiffre &#8211; Educo\"}]},{\"@type\":\"WebSite\",\"@id\":\"https:\/\/teiaeducation.ch\/fr\/#website\",\"url\":\"https:\/\/teiaeducation.ch\/fr\/\",\"name\":\"Sustainable Educational Products &amp; Ecological Toys\u00a0\",\"description\":\"Specialised Swiss shop selling sustainable educational toys and games, AMI certified Montessori materials, handmade ecological wooden Waldorf toys and arts &amp; crafts supplies, school supplies, children&#039;s furniture and Montessori reference and parenting books.\",\"publisher\":{\"@id\":\"https:\/\/teiaeducation.ch\/fr\/#organization\"},\"alternateName\":\"Teia Education & Play\",\"potentialAction\":[{\"@type\":\"SearchAction\",\"target\":{\"@type\":\"EntryPoint\",\"urlTemplate\":\"https:\/\/teiaeducation.ch\/fr\/?s={search_term_string}\"},\"query-input\":{\"@type\":\"PropertyValueSpecification\",\"valueRequired\":true,\"valueName\":\"search_term_string\"}}],\"inLanguage\":\"fr-FR\"},{\"@type\":\"Organization\",\"@id\":\"https:\/\/teiaeducation.ch\/fr\/#organization\",\"name\":\"Teia Education & Play\",\"url\":\"https:\/\/teiaeducation.ch\/fr\/\",\"logo\":{\"@type\":\"ImageObject\",\"inLanguage\":\"fr-FR\",\"@id\":\"https:\/\/teiaeducation.ch\/fr\/#\/schema\/logo\/image\/\",\"url\":\"https:\/\/teiaeducation.ch\/wp-content\/uploads\/2020\/11\/Teia-Education-Switzerland-e1620156442216.jpg\",\"contentUrl\":\"https:\/\/teiaeducation.ch\/wp-content\/uploads\/2020\/11\/Teia-Education-Switzerland-e1620156442216.jpg\",\"width\":166,\"height\":145,\"caption\":\"Teia Education & Play\"},\"image\":{\"@id\":\"https:\/\/teiaeducation.ch\/fr\/#\/schema\/logo\/image\/\"},\"sameAs\":[\"https:\/\/www.facebook.com\/teiaeducation\/\",\"https:\/\/x.com\/EducationTeia\",\"https:\/\/www.instagram.com\/teia.education\/\",\"https:\/\/www.linkedin.com\/company\/35501660\",\"https:\/\/www.pinterest.ch\/TeiaEducation\/\"]}]}<\/script>\n<!-- \/ Yoast SEO plugin. -->","yoast_head_json":{"title":"Touche le chiffre - Educo - Teia Education & Play","description":"Le jeu \u00e9ducatif touche le chiffre Educo est compos\u00e9 de dix planches en bois sur lesquelles sont grav\u00e9s les chiffres de 0 \u00e0 9 et d'un crayon en bois.","robots":{"index":"index","follow":"follow","max-snippet":"max-snippet:-1","max-image-preview":"max-image-preview:large","max-video-preview":"max-video-preview:-1"},"canonical":"https:\/\/teiaeducation.ch\/fr\/produit\/touche-le-chiffre-educo\/","og_locale":"fr_FR","og_type":"article","og_title":"Touche le chiffre - Educo - Teia Education & Play","og_description":"Le jeu \u00e9ducatif touche le chiffre Educo est compos\u00e9 de dix planches en bois sur lesquelles sont grav\u00e9s les chiffres de 0 \u00e0 9 et d'un crayon en bois.","og_url":"https:\/\/teiaeducation.ch\/fr\/produit\/touche-le-chiffre-educo\/","og_site_name":"Sustainable Educational Products &amp; Ecological Toys\u00a0","article_publisher":"https:\/\/www.facebook.com\/teiaeducation\/","article_modified_time":"2023-11-23T13:32:02+00:00","og_image":[{"width":2048,"height":2048,"url":"https:\/\/teiaeducation.ch\/wp-content\/uploads\/2019\/01\/High-quality-mathematical-material-Educo-feel-the-number-hollow-numbers-scaled.jpg","type":"image\/jpeg"}],"schema":{"@context":"https:\/\/schema.org","@graph":[{"@type":"WebPage","@id":"https:\/\/teiaeducation.ch\/fr\/produit\/touche-le-chiffre-educo\/","url":"https:\/\/teiaeducation.ch\/fr\/produit\/touche-le-chiffre-educo\/","name":"Touche le chiffre - Educo - Teia Education & Play","isPartOf":{"@id":"https:\/\/teiaeducation.ch\/fr\/#website"},"primaryImageOfPage":{"@id":"https:\/\/teiaeducation.ch\/fr\/produit\/touche-le-chiffre-educo\/#primaryimage"},"image":{"@id":"https:\/\/teiaeducation.ch\/fr\/produit\/touche-le-chiffre-educo\/#primaryimage"},"thumbnailUrl":"https:\/\/teiaeducation.ch\/wp-content\/uploads\/2019\/01\/High-quality-mathematical-material-Educo-feel-the-number-hollow-numbers-scaled.jpg","datePublished":"2023-11-07T13:08:19+00:00","dateModified":"2023-11-23T13:32:02+00:00","description":"Le jeu \u00e9ducatif touche le chiffre Educo est compos\u00e9 de dix planches en bois sur lesquelles sont grav\u00e9s les chiffres de 0 \u00e0 9 et d'un crayon en bois.","breadcrumb":{"@id":"https:\/\/teiaeducation.ch\/fr\/produit\/touche-le-chiffre-educo\/#breadcrumb"},"inLanguage":"fr-FR","potentialAction":[{"@type":"ReadAction","target":["https:\/\/teiaeducation.ch\/fr\/produit\/touche-le-chiffre-educo\/"]}]},{"@type":"ImageObject","inLanguage":"fr-FR","@id":"https:\/\/teiaeducation.ch\/fr\/produit\/touche-le-chiffre-educo\/#primaryimage","url":"https:\/\/teiaeducation.ch\/wp-content\/uploads\/2019\/01\/High-quality-mathematical-material-Educo-feel-the-number-hollow-numbers-scaled.jpg","contentUrl":"https:\/\/teiaeducation.ch\/wp-content\/uploads\/2019\/01\/High-quality-mathematical-material-Educo-feel-the-number-hollow-numbers-scaled.jpg","width":2048,"height":2048,"caption":"High quality mathematical material Educo feel the number hollow numbers"},{"@type":"BreadcrumbList","@id":"https:\/\/teiaeducation.ch\/fr\/produit\/touche-le-chiffre-educo\/#breadcrumb","itemListElement":[{"@type":"ListItem","position":1,"name":"Home","item":"https:\/\/teiaeducation.ch\/fr\/"},{"@type":"ListItem","position":2,"name":"Boutique Teia Education &amp; Play","item":"https:\/\/teiaeducation.ch\/fr\/boutique\/"},{"@type":"ListItem","position":3,"name":"Domaines du Curriculum","item":"https:\/\/teiaeducation.ch\/fr\/categorie-produit\/domaines-du-curriculum\/"},{"@type":"ListItem","position":4,"name":"Math\u00e9matiques &amp; Calcul","item":"https:\/\/teiaeducation.ch\/fr\/categorie-produit\/domaines-du-curriculum\/mathematiques-calcul\/"},{"@type":"ListItem","position":5,"name":"Apprendre \u00e0 Compter","item":"https:\/\/teiaeducation.ch\/fr\/categorie-produit\/domaines-du-curriculum\/mathematiques-calcul\/apprendre-a-compter\/"},{"@type":"ListItem","position":6,"name":"Touche le chiffre &#8211; Educo"}]},{"@type":"WebSite","@id":"https:\/\/teiaeducation.ch\/fr\/#website","url":"https:\/\/teiaeducation.ch\/fr\/","name":"Sustainable Educational Products &amp; Ecological Toys\u00a0","description":"Specialised Swiss shop selling sustainable educational toys and games, AMI certified Montessori materials, handmade ecological wooden Waldorf toys and arts &amp; crafts supplies, school supplies, children&#039;s furniture and Montessori reference and parenting books.","publisher":{"@id":"https:\/\/teiaeducation.ch\/fr\/#organization"},"alternateName":"Teia Education & Play","potentialAction":[{"@type":"SearchAction","target":{"@type":"EntryPoint","urlTemplate":"https:\/\/teiaeducation.ch\/fr\/?s={search_term_string}"},"query-input":{"@type":"PropertyValueSpecification","valueRequired":true,"valueName":"search_term_string"}}],"inLanguage":"fr-FR"},{"@type":"Organization","@id":"https:\/\/teiaeducation.ch\/fr\/#organization","name":"Teia Education & Play","url":"https:\/\/teiaeducation.ch\/fr\/","logo":{"@type":"ImageObject","inLanguage":"fr-FR","@id":"https:\/\/teiaeducation.ch\/fr\/#\/schema\/logo\/image\/","url":"https:\/\/teiaeducation.ch\/wp-content\/uploads\/2020\/11\/Teia-Education-Switzerland-e1620156442216.jpg","contentUrl":"https:\/\/teiaeducation.ch\/wp-content\/uploads\/2020\/11\/Teia-Education-Switzerland-e1620156442216.jpg","width":166,"height":145,"caption":"Teia Education & Play"},"image":{"@id":"https:\/\/teiaeducation.ch\/fr\/#\/schema\/logo\/image\/"},"sameAs":["https:\/\/www.facebook.com\/teiaeducation\/","https:\/\/x.com\/EducationTeia","https:\/\/www.instagram.com\/teia.education\/","https:\/\/www.linkedin.com\/company\/35501660","https:\/\/www.pinterest.ch\/TeiaEducation\/"]}]}},"_links":{"self":[{"href":"https:\/\/teiaeducation.ch\/fr\/wp-json\/wp\/v2\/product\/23559","targetHints":{"allow":["GET"]}}],"collection":[{"href":"https:\/\/teiaeducation.ch\/fr\/wp-json\/wp\/v2\/product"}],"about":[{"href":"https:\/\/teiaeducation.ch\/fr\/wp-json\/wp\/v2\/types\/product"}],"replies":[{"embeddable":true,"href":"https:\/\/teiaeducation.ch\/fr\/wp-json\/wp\/v2\/comments?post=23559"}],"wp:featuredmedia":[{"embeddable":true,"href":"https:\/\/teiaeducation.ch\/fr\/wp-json\/wp\/v2\/media\/57783"}],"wp:attachment":[{"href":"https:\/\/teiaeducation.ch\/fr\/wp-json\/wp\/v2\/media?parent=23559"}],"wp:term":[{"taxonomy":"product_brand","embeddable":true,"href":"https:\/\/teiaeducation.ch\/fr\/wp-json\/wp\/v2\/product_brand?post=23559"},{"taxonomy":"product_cat","embeddable":true,"href":"https:\/\/teiaeducation.ch\/fr\/wp-json\/wp\/v2\/product_cat?post=23559"},{"taxonomy":"product_tag","embeddable":true,"href":"https:\/\/teiaeducation.ch\/fr\/wp-json\/wp\/v2\/product_tag?post=23559"}],"curies":[{"name":"wp","href":"https:\/\/api.w.org\/{rel}","templated":true}]}}