{"id":23561,"date":"2023-11-07T14:06:22","date_gmt":"2023-11-07T13:06:22","guid":{"rendered":"https:\/\/teiaeducation.ch\/product\/tableaux-de-nombres-educo\/"},"modified":"2022-12-04T15:55:37","modified_gmt":"2022-12-04T14:55:37","slug":"tableaux-de-nombres-educo","status":"publish","type":"product","link":"https:\/\/teiaeducation.ch\/fr\/produit\/tableaux-de-nombres-educo\/","title":{"rendered":"Tableaux de nombres &#8211; Educo"},"content":{"rendered":"<p>Tableaux de nombres &#8211; Educo<\/p>\n<p>Le jeu \u00e9ducatif tableaux de nombres\u00a0d&#8217;Educo est du mat\u00e9riel de langage sensoriel d\u00e9veloppant des comp\u00e9tences d&#8217;\u00e9criture pr\u00e9coce, la reconnaissance des nombres ainsi que la motricit\u00e9 fine. Un ensemble de <a href=\"https:\/\/teiaeducation.ch\/fr\/produit\/tableaux-decriture-educo\/\">tableaux d&#8217;\u00e9criture<\/a> est \u00e9galement disponible s\u00e9par\u00e9ment.<\/p>\n<p>Ce mat\u00e9riel convient aux enfants \u00e2g\u00e9s de 4 \u00e0 6 ans.<\/p>\n<p>Contenu :<\/p>\n<p>10 assiettes en plastique bleu<br \/>\n1 stylo en bois<br \/>\n1 bo\u00eete de rangement en bois (29,5 x 20,5 x 7 cm)<\/p>\n","protected":false},"excerpt":{"rendered":"<p>Num\u00e9ro d&#8217;article: 1315000<\/p>\n","protected":false},"featured_media":3330,"comment_status":"closed","ping_status":"closed","template":"","meta":[],"product_brand":[],"product_cat":[8527,215,285,13128,606,605,22344,635,283,224,8526,206,13130,22181,1220,23650,630,638,288,7595,1218,217,209,7603,212],"product_tag":[8012,4442,6108,23602,1363,7972,8010,8005,645,4441,648,1229,8015],"class_list":{"0":"post-23561","1":"product","2":"type-product","3":"status-publish","4":"has-post-thumbnail","6":"product_cat-3-6-ans-ecole-a-domicile","7":"product_cat-3-6-ans","8":"product_cat-alphabetisation-langage","9":"product_cat-apprendre-a-compter","10":"product_cat-apprendre-a-ecrire","11":"product_cat-apprendre-a-lire","12":"product_cat-collections-saisonnieres","13":"product_cat-competences-motrices","14":"product_cat-domaines-du-curriculum","15":"product_cat-educo-fr","16":"product_cat-fournitures-scolaires-a-domicile","17":"product_cat-jeu-motricite","18":"product_cat-jouer","19":"product_cat-jouets-montessori","20":"product_cat-traditionnelle","21":"product_cat-la-rentree-scolaire","22":"product_cat-nombres","23":"product_cat-sens","24":"product_cat-mathematiques-calcul","25":"product_cat-methode-deducation","26":"product_cat-montessori-fr","27":"product_cat-marques","28":"product_cat-sensorielles-motrices","29":"product_cat-soldes","30":"product_cat-tranche-dage","31":"product_tag-competences-en-ecriture","32":"product_tag-competences-en-ecriture-precoce","33":"product_tag-educatif-fr","34":"product_tag-educational-toys-fr","35":"product_tag-educo-fr","36":"product_tag-materiels-educatifs","37":"product_tag-materiels-sensoriels","38":"product_tag-modeles-decriture","39":"product_tag-montessori-fr","40":"product_tag-pre-ecriture","41":"product_tag-produits-educatifs","42":"product_tag-sensoriel","43":"product_tag-tableaux-de-nombres-educo","45":"first","46":"instock","47":"sale","48":"taxable","49":"shipping-taxable","50":"purchasable","51":"product-type-simple"},"yoast_head":"<!-- This site is optimized with the Yoast SEO plugin v27.1.1 - https:\/\/yoast.com\/product\/yoast-seo-wordpress\/ -->\n<title>Tableaux de nombres - Educo - Teia Education &amp; Play<\/title>\n<meta name=\"description\" content=\"Le jeu \u00e9ducatif tableaux d&#039;\u00e9criture d&#039;Educo est du mat\u00e9riel de langage sensoriel d\u00e9veloppant des comp\u00e9tences d&#039;\u00e9criture et la reconnaissance des nombres.\" \/>\n<meta name=\"robots\" content=\"index, follow, max-snippet:-1, max-image-preview:large, max-video-preview:-1\" \/>\n<link rel=\"canonical\" href=\"https:\/\/teiaeducation.ch\/fr\/produit\/tableaux-de-nombres-educo\/\" \/>\n<meta property=\"og:locale\" content=\"fr_FR\" \/>\n<meta property=\"og:type\" content=\"article\" \/>\n<meta property=\"og:title\" content=\"Tableaux de nombres - Educo - Teia Education &amp; Play\" \/>\n<meta property=\"og:description\" content=\"Le jeu \u00e9ducatif tableaux d&#039;\u00e9criture d&#039;Educo est du mat\u00e9riel de langage sensoriel d\u00e9veloppant des comp\u00e9tences d&#039;\u00e9criture et la reconnaissance des nombres.\" \/>\n<meta property=\"og:url\" content=\"https:\/\/teiaeducation.ch\/fr\/produit\/tableaux-de-nombres-educo\/\" \/>\n<meta property=\"og:site_name\" content=\"Sustainable Educational Products &amp; Ecological Toys\u00a0\" \/>\n<meta property=\"article:publisher\" content=\"https:\/\/www.facebook.com\/teiaeducation\/\" \/>\n<meta property=\"og:image\" content=\"https:\/\/teiaeducation.ch\/wp-content\/uploads\/2019\/01\/1315000-scaled-scaled.jpg\" \/>\n\t<meta property=\"og:image:width\" content=\"2048\" \/>\n\t<meta property=\"og:image:height\" content=\"2048\" \/>\n\t<meta property=\"og:image:type\" content=\"image\/jpeg\" \/>\n<script type=\"application\/ld+json\" class=\"yoast-schema-graph\">{\"@context\":\"https:\/\/schema.org\",\"@graph\":[{\"@type\":\"WebPage\",\"@id\":\"https:\/\/teiaeducation.ch\/fr\/produit\/tableaux-de-nombres-educo\/\",\"url\":\"https:\/\/teiaeducation.ch\/fr\/produit\/tableaux-de-nombres-educo\/\",\"name\":\"Tableaux de nombres - Educo - Teia Education & Play\",\"isPartOf\":{\"@id\":\"https:\/\/teiaeducation.ch\/fr\/#website\"},\"primaryImageOfPage\":{\"@id\":\"https:\/\/teiaeducation.ch\/fr\/produit\/tableaux-de-nombres-educo\/#primaryimage\"},\"image\":{\"@id\":\"https:\/\/teiaeducation.ch\/fr\/produit\/tableaux-de-nombres-educo\/#primaryimage\"},\"thumbnailUrl\":\"https:\/\/teiaeducation.ch\/wp-content\/uploads\/2019\/01\/1315000-scaled-scaled.jpg\",\"datePublished\":\"2023-11-07T13:06:22+00:00\",\"description\":\"Le jeu \u00e9ducatif tableaux d'\u00e9criture d'Educo est du mat\u00e9riel de langage sensoriel d\u00e9veloppant des comp\u00e9tences d'\u00e9criture et la reconnaissance des nombres.\",\"breadcrumb\":{\"@id\":\"https:\/\/teiaeducation.ch\/fr\/produit\/tableaux-de-nombres-educo\/#breadcrumb\"},\"inLanguage\":\"fr-FR\",\"potentialAction\":[{\"@type\":\"ReadAction\",\"target\":[\"https:\/\/teiaeducation.ch\/fr\/produit\/tableaux-de-nombres-educo\/\"]}]},{\"@type\":\"ImageObject\",\"inLanguage\":\"fr-FR\",\"@id\":\"https:\/\/teiaeducation.ch\/fr\/produit\/tableaux-de-nombres-educo\/#primaryimage\",\"url\":\"https:\/\/teiaeducation.ch\/wp-content\/uploads\/2019\/01\/1315000-scaled-scaled.jpg\",\"contentUrl\":\"https:\/\/teiaeducation.ch\/wp-content\/uploads\/2019\/01\/1315000-scaled-scaled.jpg\",\"width\":2048,\"height\":2048,\"caption\":\"Tableaux de nombres - Educo\"},{\"@type\":\"BreadcrumbList\",\"@id\":\"https:\/\/teiaeducation.ch\/fr\/produit\/tableaux-de-nombres-educo\/#breadcrumb\",\"itemListElement\":[{\"@type\":\"ListItem\",\"position\":1,\"name\":\"Home\",\"item\":\"https:\/\/teiaeducation.ch\/fr\/\"},{\"@type\":\"ListItem\",\"position\":2,\"name\":\"Boutique Teia Education &amp; Play\",\"item\":\"https:\/\/teiaeducation.ch\/fr\/boutique\/\"},{\"@type\":\"ListItem\",\"position\":3,\"name\":\"Domaines du Curriculum\",\"item\":\"https:\/\/teiaeducation.ch\/fr\/categorie-produit\/domaines-du-curriculum\/\"},{\"@type\":\"ListItem\",\"position\":4,\"name\":\"Math\u00e9matiques &amp; Calcul\",\"item\":\"https:\/\/teiaeducation.ch\/fr\/categorie-produit\/domaines-du-curriculum\/mathematiques-calcul\/\"},{\"@type\":\"ListItem\",\"position\":5,\"name\":\"Apprendre \u00e0 Compter\",\"item\":\"https:\/\/teiaeducation.ch\/fr\/categorie-produit\/domaines-du-curriculum\/mathematiques-calcul\/apprendre-a-compter\/\"},{\"@type\":\"ListItem\",\"position\":6,\"name\":\"Tableaux de nombres &#8211; Educo\"}]},{\"@type\":\"WebSite\",\"@id\":\"https:\/\/teiaeducation.ch\/fr\/#website\",\"url\":\"https:\/\/teiaeducation.ch\/fr\/\",\"name\":\"Sustainable Educational Products &amp; Ecological Toys\u00a0\",\"description\":\"Specialised Swiss shop selling sustainable educational toys and games, AMI certified Montessori materials, handmade ecological wooden Waldorf toys and arts &amp; crafts supplies, school supplies, children&#039;s furniture and Montessori reference and parenting books.\",\"publisher\":{\"@id\":\"https:\/\/teiaeducation.ch\/fr\/#organization\"},\"alternateName\":\"Teia Education & Play\",\"potentialAction\":[{\"@type\":\"SearchAction\",\"target\":{\"@type\":\"EntryPoint\",\"urlTemplate\":\"https:\/\/teiaeducation.ch\/fr\/?s={search_term_string}\"},\"query-input\":{\"@type\":\"PropertyValueSpecification\",\"valueRequired\":true,\"valueName\":\"search_term_string\"}}],\"inLanguage\":\"fr-FR\"},{\"@type\":\"Organization\",\"@id\":\"https:\/\/teiaeducation.ch\/fr\/#organization\",\"name\":\"Teia Education & Play\",\"url\":\"https:\/\/teiaeducation.ch\/fr\/\",\"logo\":{\"@type\":\"ImageObject\",\"inLanguage\":\"fr-FR\",\"@id\":\"https:\/\/teiaeducation.ch\/fr\/#\/schema\/logo\/image\/\",\"url\":\"https:\/\/teiaeducation.ch\/wp-content\/uploads\/2020\/11\/Teia-Education-Switzerland-e1620156442216.jpg\",\"contentUrl\":\"https:\/\/teiaeducation.ch\/wp-content\/uploads\/2020\/11\/Teia-Education-Switzerland-e1620156442216.jpg\",\"width\":166,\"height\":145,\"caption\":\"Teia Education & Play\"},\"image\":{\"@id\":\"https:\/\/teiaeducation.ch\/fr\/#\/schema\/logo\/image\/\"},\"sameAs\":[\"https:\/\/www.facebook.com\/teiaeducation\/\",\"https:\/\/x.com\/EducationTeia\",\"https:\/\/www.instagram.com\/teia.education\/\",\"https:\/\/www.linkedin.com\/company\/35501660\",\"https:\/\/www.pinterest.ch\/TeiaEducation\/\"]}]}<\/script>\n<!-- \/ Yoast SEO plugin. -->","yoast_head_json":{"title":"Tableaux de nombres - Educo - Teia Education & Play","description":"Le jeu \u00e9ducatif tableaux d'\u00e9criture d'Educo est du mat\u00e9riel de langage sensoriel d\u00e9veloppant des comp\u00e9tences d'\u00e9criture et la reconnaissance des nombres.","robots":{"index":"index","follow":"follow","max-snippet":"max-snippet:-1","max-image-preview":"max-image-preview:large","max-video-preview":"max-video-preview:-1"},"canonical":"https:\/\/teiaeducation.ch\/fr\/produit\/tableaux-de-nombres-educo\/","og_locale":"fr_FR","og_type":"article","og_title":"Tableaux de nombres - Educo - Teia Education & Play","og_description":"Le jeu \u00e9ducatif tableaux d'\u00e9criture d'Educo est du mat\u00e9riel de langage sensoriel d\u00e9veloppant des comp\u00e9tences d'\u00e9criture et la reconnaissance des nombres.","og_url":"https:\/\/teiaeducation.ch\/fr\/produit\/tableaux-de-nombres-educo\/","og_site_name":"Sustainable Educational Products &amp; Ecological Toys\u00a0","article_publisher":"https:\/\/www.facebook.com\/teiaeducation\/","og_image":[{"width":2048,"height":2048,"url":"https:\/\/teiaeducation.ch\/wp-content\/uploads\/2019\/01\/1315000-scaled-scaled.jpg","type":"image\/jpeg"}],"schema":{"@context":"https:\/\/schema.org","@graph":[{"@type":"WebPage","@id":"https:\/\/teiaeducation.ch\/fr\/produit\/tableaux-de-nombres-educo\/","url":"https:\/\/teiaeducation.ch\/fr\/produit\/tableaux-de-nombres-educo\/","name":"Tableaux de nombres - Educo - Teia Education & Play","isPartOf":{"@id":"https:\/\/teiaeducation.ch\/fr\/#website"},"primaryImageOfPage":{"@id":"https:\/\/teiaeducation.ch\/fr\/produit\/tableaux-de-nombres-educo\/#primaryimage"},"image":{"@id":"https:\/\/teiaeducation.ch\/fr\/produit\/tableaux-de-nombres-educo\/#primaryimage"},"thumbnailUrl":"https:\/\/teiaeducation.ch\/wp-content\/uploads\/2019\/01\/1315000-scaled-scaled.jpg","datePublished":"2023-11-07T13:06:22+00:00","description":"Le jeu \u00e9ducatif tableaux d'\u00e9criture d'Educo est du mat\u00e9riel de langage sensoriel d\u00e9veloppant des comp\u00e9tences d'\u00e9criture et la reconnaissance des nombres.","breadcrumb":{"@id":"https:\/\/teiaeducation.ch\/fr\/produit\/tableaux-de-nombres-educo\/#breadcrumb"},"inLanguage":"fr-FR","potentialAction":[{"@type":"ReadAction","target":["https:\/\/teiaeducation.ch\/fr\/produit\/tableaux-de-nombres-educo\/"]}]},{"@type":"ImageObject","inLanguage":"fr-FR","@id":"https:\/\/teiaeducation.ch\/fr\/produit\/tableaux-de-nombres-educo\/#primaryimage","url":"https:\/\/teiaeducation.ch\/wp-content\/uploads\/2019\/01\/1315000-scaled-scaled.jpg","contentUrl":"https:\/\/teiaeducation.ch\/wp-content\/uploads\/2019\/01\/1315000-scaled-scaled.jpg","width":2048,"height":2048,"caption":"Tableaux de nombres - Educo"},{"@type":"BreadcrumbList","@id":"https:\/\/teiaeducation.ch\/fr\/produit\/tableaux-de-nombres-educo\/#breadcrumb","itemListElement":[{"@type":"ListItem","position":1,"name":"Home","item":"https:\/\/teiaeducation.ch\/fr\/"},{"@type":"ListItem","position":2,"name":"Boutique Teia Education &amp; Play","item":"https:\/\/teiaeducation.ch\/fr\/boutique\/"},{"@type":"ListItem","position":3,"name":"Domaines du Curriculum","item":"https:\/\/teiaeducation.ch\/fr\/categorie-produit\/domaines-du-curriculum\/"},{"@type":"ListItem","position":4,"name":"Math\u00e9matiques &amp; Calcul","item":"https:\/\/teiaeducation.ch\/fr\/categorie-produit\/domaines-du-curriculum\/mathematiques-calcul\/"},{"@type":"ListItem","position":5,"name":"Apprendre \u00e0 Compter","item":"https:\/\/teiaeducation.ch\/fr\/categorie-produit\/domaines-du-curriculum\/mathematiques-calcul\/apprendre-a-compter\/"},{"@type":"ListItem","position":6,"name":"Tableaux de nombres &#8211; Educo"}]},{"@type":"WebSite","@id":"https:\/\/teiaeducation.ch\/fr\/#website","url":"https:\/\/teiaeducation.ch\/fr\/","name":"Sustainable Educational Products &amp; Ecological Toys\u00a0","description":"Specialised Swiss shop selling sustainable educational toys and games, AMI certified Montessori materials, handmade ecological wooden Waldorf toys and arts &amp; crafts supplies, school supplies, children&#039;s furniture and Montessori reference and parenting books.","publisher":{"@id":"https:\/\/teiaeducation.ch\/fr\/#organization"},"alternateName":"Teia Education & Play","potentialAction":[{"@type":"SearchAction","target":{"@type":"EntryPoint","urlTemplate":"https:\/\/teiaeducation.ch\/fr\/?s={search_term_string}"},"query-input":{"@type":"PropertyValueSpecification","valueRequired":true,"valueName":"search_term_string"}}],"inLanguage":"fr-FR"},{"@type":"Organization","@id":"https:\/\/teiaeducation.ch\/fr\/#organization","name":"Teia Education & Play","url":"https:\/\/teiaeducation.ch\/fr\/","logo":{"@type":"ImageObject","inLanguage":"fr-FR","@id":"https:\/\/teiaeducation.ch\/fr\/#\/schema\/logo\/image\/","url":"https:\/\/teiaeducation.ch\/wp-content\/uploads\/2020\/11\/Teia-Education-Switzerland-e1620156442216.jpg","contentUrl":"https:\/\/teiaeducation.ch\/wp-content\/uploads\/2020\/11\/Teia-Education-Switzerland-e1620156442216.jpg","width":166,"height":145,"caption":"Teia Education & Play"},"image":{"@id":"https:\/\/teiaeducation.ch\/fr\/#\/schema\/logo\/image\/"},"sameAs":["https:\/\/www.facebook.com\/teiaeducation\/","https:\/\/x.com\/EducationTeia","https:\/\/www.instagram.com\/teia.education\/","https:\/\/www.linkedin.com\/company\/35501660","https:\/\/www.pinterest.ch\/TeiaEducation\/"]}]}},"_links":{"self":[{"href":"https:\/\/teiaeducation.ch\/fr\/wp-json\/wp\/v2\/product\/23561","targetHints":{"allow":["GET"]}}],"collection":[{"href":"https:\/\/teiaeducation.ch\/fr\/wp-json\/wp\/v2\/product"}],"about":[{"href":"https:\/\/teiaeducation.ch\/fr\/wp-json\/wp\/v2\/types\/product"}],"replies":[{"embeddable":true,"href":"https:\/\/teiaeducation.ch\/fr\/wp-json\/wp\/v2\/comments?post=23561"}],"wp:featuredmedia":[{"embeddable":true,"href":"https:\/\/teiaeducation.ch\/fr\/wp-json\/wp\/v2\/media\/3330"}],"wp:attachment":[{"href":"https:\/\/teiaeducation.ch\/fr\/wp-json\/wp\/v2\/media?parent=23561"}],"wp:term":[{"taxonomy":"product_brand","embeddable":true,"href":"https:\/\/teiaeducation.ch\/fr\/wp-json\/wp\/v2\/product_brand?post=23561"},{"taxonomy":"product_cat","embeddable":true,"href":"https:\/\/teiaeducation.ch\/fr\/wp-json\/wp\/v2\/product_cat?post=23561"},{"taxonomy":"product_tag","embeddable":true,"href":"https:\/\/teiaeducation.ch\/fr\/wp-json\/wp\/v2\/product_tag?post=23561"}],"curies":[{"name":"wp","href":"https:\/\/api.w.org\/{rel}","templated":true}]}}