{"id":23562,"date":"2019-01-19T09:37:36","date_gmt":"2019-01-19T08:37:36","guid":{"rendered":"https:\/\/teiaeducation.ch\/product\/modeles-de-disques-a-sable-educo\/"},"modified":"2020-04-25T23:10:45","modified_gmt":"2020-04-25T21:10:45","slug":"modeles-decriture-dans-le-sable-educo","status":"publish","type":"product","link":"https:\/\/teiaeducation.ch\/fr\/produit\/modeles-decriture-dans-le-sable-educo\/","title":{"rendered":"Mod\u00e8les d&#8217;\u00e9criture dans le sable &#8211; Educo"},"content":{"rendered":"<p>Mod\u00e8les d&#8217;\u00e9criture dans le sable &#8211; Educo<\/p>\n<p>Le ensemble de mod\u00e8les d&#8217;\u00e9criture\u00a0dans le sable d&#8217;Educo se composent de quatre cartes d&#8217;exercices plastifi\u00e9es et color\u00e9es et d\u00e9veloppent les premi\u00e8res aptitudes \u00e0 l&#8217;\u00e9criture et la motricit\u00e9 fine.<\/p>\n<p>Ce mat\u00e9riel est adapt\u00e9 aux enfants de 3 ans et plus.<\/p>\n<p>Contenu :<\/p>\n<p>4 cartes d&#8217;exercices\u00a0en plastique (10 x 20 x 8 cm)<\/p>\n<p><em><span class=\"tlid-translation translation\" lang=\"fr\"><span title=\"\">Nous n'avons actuellement pas cet article en stock, mais il est disponible en pr\u00e9-commande.<\/span> <span class=\"\" title=\"\">Nous commanderons cet article pour vous aupr\u00e8s de notre fournisseur.<\/span> <span class=\"\" title=\"\">Veuillez allouer de 2 \u00e0 3 semaines maximum pour la livraison.<\/span><\/span><\/em><\/p>\n\t<div id=\"gap-1486039556\" class=\"gap-element clearfix\" style=\"display:block; height:auto;\">\n\t\t\n<style>\n#gap-1486039556 {\n  padding-top: 20px;\n}\n<\/style>\n\t<\/div>\n\t\n","protected":false},"excerpt":{"rendered":"<p>Num\u00e9ro d&#8217;article: 3021420<\/p>\n","protected":false},"featured_media":3347,"comment_status":"closed","ping_status":"closed","template":"","meta":[],"product_brand":[],"product_cat":[215,285,606,635,283,224,206,638,607,217,209,212],"product_tag":[6108,1363,7866,7972,8010,8016,8017,645,820,648,1229,804],"class_list":{"0":"post-23562","1":"product","2":"type-product","3":"status-publish","4":"has-post-thumbnail","6":"product_cat-3-6-ans","7":"product_cat-alphabetisation-langage","8":"product_cat-apprendre-a-ecrire","9":"product_cat-competences-motrices","10":"product_cat-domaines-du-curriculum","11":"product_cat-educo-fr","12":"product_cat-jeu-motricite","13":"product_cat-sens","14":"product_cat-des-lettres","15":"product_cat-marques","16":"product_cat-sensorielles-motrices","17":"product_cat-tranche-dage","18":"product_tag-educatif-fr","19":"product_tag-educo-fr","20":"product_tag-jouets-educatifs","21":"product_tag-materiels-educatifs","22":"product_tag-materiels-sensoriels","23":"product_tag-modeles-de-disques-a-sable-educo","24":"product_tag-modeles-de-disques-a-sable-educo-fr","25":"product_tag-montessori-fr","26":"product_tag-montessori-langage","27":"product_tag-produits-educatifs","28":"product_tag-sensoriel","29":"product_tag-sensorielle-montessori-fr","31":"first","32":"onbackorder","33":"taxable","34":"shipping-taxable","35":"purchasable","36":"product-type-simple"},"yoast_head":"<!-- This site is optimized with the Yoast SEO plugin v27.1.1 - https:\/\/yoast.com\/product\/yoast-seo-wordpress\/ -->\n<title>Mod\u00e8les d&#039;\u00e9criture dans le sable - Educo - Teia Education &amp; Play<\/title>\n<meta name=\"description\" content=\"Le ensemble de mod\u00e8les d&#039;\u00e9criture\u00a0dans le sable d&#039;Educo se composent de quatre cartes d&#039;exercices plastifi\u00e9es et color\u00e9es et d\u00e9veloppent l&#039;\u00e9criture.\" \/>\n<meta name=\"robots\" content=\"index, follow, max-snippet:-1, max-image-preview:large, max-video-preview:-1\" \/>\n<link rel=\"canonical\" href=\"https:\/\/teiaeducation.ch\/fr\/produit\/modeles-decriture-dans-le-sable-educo\/\" \/>\n<meta property=\"og:locale\" content=\"fr_FR\" \/>\n<meta property=\"og:type\" content=\"article\" \/>\n<meta property=\"og:title\" content=\"Mod\u00e8les d&#039;\u00e9criture dans le sable - Educo - Teia Education &amp; Play\" \/>\n<meta property=\"og:description\" content=\"Le ensemble de mod\u00e8les d&#039;\u00e9criture\u00a0dans le sable d&#039;Educo se composent de quatre cartes d&#039;exercices plastifi\u00e9es et color\u00e9es et d\u00e9veloppent l&#039;\u00e9criture.\" \/>\n<meta property=\"og:url\" content=\"https:\/\/teiaeducation.ch\/fr\/produit\/modeles-decriture-dans-le-sable-educo\/\" \/>\n<meta property=\"og:site_name\" content=\"Sustainable Educational Products &amp; Ecological Toys\u00a0\" \/>\n<meta property=\"article:publisher\" content=\"https:\/\/www.facebook.com\/teiaeducation\/\" \/>\n<meta property=\"article:modified_time\" content=\"2020-04-25T21:10:45+00:00\" \/>\n<meta property=\"og:image\" content=\"https:\/\/teiaeducation.ch\/wp-content\/uploads\/2019\/01\/3021420-scaled-scaled.jpg\" \/>\n\t<meta property=\"og:image:width\" content=\"2048\" \/>\n\t<meta property=\"og:image:height\" content=\"2048\" \/>\n\t<meta property=\"og:image:type\" content=\"image\/jpeg\" \/>\n<script type=\"application\/ld+json\" class=\"yoast-schema-graph\">{\"@context\":\"https:\/\/schema.org\",\"@graph\":[{\"@type\":\"WebPage\",\"@id\":\"https:\/\/teiaeducation.ch\/fr\/produit\/modeles-decriture-dans-le-sable-educo\/\",\"url\":\"https:\/\/teiaeducation.ch\/fr\/produit\/modeles-decriture-dans-le-sable-educo\/\",\"name\":\"Mod\u00e8les d'\u00e9criture dans le sable - Educo - Teia Education & Play\",\"isPartOf\":{\"@id\":\"https:\/\/teiaeducation.ch\/fr\/#website\"},\"primaryImageOfPage\":{\"@id\":\"https:\/\/teiaeducation.ch\/fr\/produit\/modeles-decriture-dans-le-sable-educo\/#primaryimage\"},\"image\":{\"@id\":\"https:\/\/teiaeducation.ch\/fr\/produit\/modeles-decriture-dans-le-sable-educo\/#primaryimage\"},\"thumbnailUrl\":\"https:\/\/teiaeducation.ch\/wp-content\/uploads\/2019\/01\/3021420-scaled-scaled.jpg\",\"datePublished\":\"2019-01-19T08:37:36+00:00\",\"dateModified\":\"2020-04-25T21:10:45+00:00\",\"description\":\"Le ensemble de mod\u00e8les d'\u00e9criture\u00a0dans le sable d'Educo se composent de quatre cartes d'exercices plastifi\u00e9es et color\u00e9es et d\u00e9veloppent l'\u00e9criture.\",\"breadcrumb\":{\"@id\":\"https:\/\/teiaeducation.ch\/fr\/produit\/modeles-decriture-dans-le-sable-educo\/#breadcrumb\"},\"inLanguage\":\"fr-FR\",\"potentialAction\":[{\"@type\":\"ReadAction\",\"target\":[\"https:\/\/teiaeducation.ch\/fr\/produit\/modeles-decriture-dans-le-sable-educo\/\"]}]},{\"@type\":\"ImageObject\",\"inLanguage\":\"fr-FR\",\"@id\":\"https:\/\/teiaeducation.ch\/fr\/produit\/modeles-decriture-dans-le-sable-educo\/#primaryimage\",\"url\":\"https:\/\/teiaeducation.ch\/wp-content\/uploads\/2019\/01\/3021420-scaled-scaled.jpg\",\"contentUrl\":\"https:\/\/teiaeducation.ch\/wp-content\/uploads\/2019\/01\/3021420-scaled-scaled.jpg\",\"width\":2048,\"height\":2048,\"caption\":\"Mod\u00e8les de disques \u00e0 sable - Educo\"},{\"@type\":\"BreadcrumbList\",\"@id\":\"https:\/\/teiaeducation.ch\/fr\/produit\/modeles-decriture-dans-le-sable-educo\/#breadcrumb\",\"itemListElement\":[{\"@type\":\"ListItem\",\"position\":1,\"name\":\"Home\",\"item\":\"https:\/\/teiaeducation.ch\/fr\/\"},{\"@type\":\"ListItem\",\"position\":2,\"name\":\"Boutique Teia Education &amp; Play\",\"item\":\"https:\/\/teiaeducation.ch\/fr\/boutique\/\"},{\"@type\":\"ListItem\",\"position\":3,\"name\":\"Nos Marques\",\"item\":\"https:\/\/teiaeducation.ch\/fr\/categorie-produit\/marques\/\"},{\"@type\":\"ListItem\",\"position\":4,\"name\":\"Educo\",\"item\":\"https:\/\/teiaeducation.ch\/fr\/categorie-produit\/marques\/educo-fr\/\"},{\"@type\":\"ListItem\",\"position\":5,\"name\":\"Jeu Motricit\u00e9\",\"item\":\"https:\/\/teiaeducation.ch\/fr\/categorie-produit\/marques\/educo-fr\/jeu-motricite\/\"},{\"@type\":\"ListItem\",\"position\":6,\"name\":\"Mod\u00e8les d&#8217;\u00e9criture dans le sable &#8211; Educo\"}]},{\"@type\":\"WebSite\",\"@id\":\"https:\/\/teiaeducation.ch\/fr\/#website\",\"url\":\"https:\/\/teiaeducation.ch\/fr\/\",\"name\":\"Sustainable Educational Products &amp; Ecological Toys\u00a0\",\"description\":\"Specialised Swiss shop selling sustainable educational toys and games, AMI certified Montessori materials, handmade ecological wooden Waldorf toys and arts &amp; crafts supplies, school supplies, children&#039;s furniture and Montessori reference and parenting books.\",\"publisher\":{\"@id\":\"https:\/\/teiaeducation.ch\/fr\/#organization\"},\"alternateName\":\"Teia Education & Play\",\"potentialAction\":[{\"@type\":\"SearchAction\",\"target\":{\"@type\":\"EntryPoint\",\"urlTemplate\":\"https:\/\/teiaeducation.ch\/fr\/?s={search_term_string}\"},\"query-input\":{\"@type\":\"PropertyValueSpecification\",\"valueRequired\":true,\"valueName\":\"search_term_string\"}}],\"inLanguage\":\"fr-FR\"},{\"@type\":\"Organization\",\"@id\":\"https:\/\/teiaeducation.ch\/fr\/#organization\",\"name\":\"Teia Education & Play\",\"url\":\"https:\/\/teiaeducation.ch\/fr\/\",\"logo\":{\"@type\":\"ImageObject\",\"inLanguage\":\"fr-FR\",\"@id\":\"https:\/\/teiaeducation.ch\/fr\/#\/schema\/logo\/image\/\",\"url\":\"https:\/\/teiaeducation.ch\/wp-content\/uploads\/2020\/11\/Teia-Education-Switzerland-e1620156442216.jpg\",\"contentUrl\":\"https:\/\/teiaeducation.ch\/wp-content\/uploads\/2020\/11\/Teia-Education-Switzerland-e1620156442216.jpg\",\"width\":166,\"height\":145,\"caption\":\"Teia Education & Play\"},\"image\":{\"@id\":\"https:\/\/teiaeducation.ch\/fr\/#\/schema\/logo\/image\/\"},\"sameAs\":[\"https:\/\/www.facebook.com\/teiaeducation\/\",\"https:\/\/x.com\/EducationTeia\",\"https:\/\/www.instagram.com\/teia.education\/\",\"https:\/\/www.linkedin.com\/company\/35501660\",\"https:\/\/www.pinterest.ch\/TeiaEducation\/\"]}]}<\/script>\n<!-- \/ Yoast SEO plugin. -->","yoast_head_json":{"title":"Mod\u00e8les d'\u00e9criture dans le sable - Educo - Teia Education & Play","description":"Le ensemble de mod\u00e8les d'\u00e9criture\u00a0dans le sable d'Educo se composent de quatre cartes d'exercices plastifi\u00e9es et color\u00e9es et d\u00e9veloppent l'\u00e9criture.","robots":{"index":"index","follow":"follow","max-snippet":"max-snippet:-1","max-image-preview":"max-image-preview:large","max-video-preview":"max-video-preview:-1"},"canonical":"https:\/\/teiaeducation.ch\/fr\/produit\/modeles-decriture-dans-le-sable-educo\/","og_locale":"fr_FR","og_type":"article","og_title":"Mod\u00e8les d'\u00e9criture dans le sable - Educo - Teia Education & Play","og_description":"Le ensemble de mod\u00e8les d'\u00e9criture\u00a0dans le sable d'Educo se composent de quatre cartes d'exercices plastifi\u00e9es et color\u00e9es et d\u00e9veloppent l'\u00e9criture.","og_url":"https:\/\/teiaeducation.ch\/fr\/produit\/modeles-decriture-dans-le-sable-educo\/","og_site_name":"Sustainable Educational Products &amp; Ecological Toys\u00a0","article_publisher":"https:\/\/www.facebook.com\/teiaeducation\/","article_modified_time":"2020-04-25T21:10:45+00:00","og_image":[{"width":2048,"height":2048,"url":"https:\/\/teiaeducation.ch\/wp-content\/uploads\/2019\/01\/3021420-scaled-scaled.jpg","type":"image\/jpeg"}],"schema":{"@context":"https:\/\/schema.org","@graph":[{"@type":"WebPage","@id":"https:\/\/teiaeducation.ch\/fr\/produit\/modeles-decriture-dans-le-sable-educo\/","url":"https:\/\/teiaeducation.ch\/fr\/produit\/modeles-decriture-dans-le-sable-educo\/","name":"Mod\u00e8les d'\u00e9criture dans le sable - Educo - Teia Education & Play","isPartOf":{"@id":"https:\/\/teiaeducation.ch\/fr\/#website"},"primaryImageOfPage":{"@id":"https:\/\/teiaeducation.ch\/fr\/produit\/modeles-decriture-dans-le-sable-educo\/#primaryimage"},"image":{"@id":"https:\/\/teiaeducation.ch\/fr\/produit\/modeles-decriture-dans-le-sable-educo\/#primaryimage"},"thumbnailUrl":"https:\/\/teiaeducation.ch\/wp-content\/uploads\/2019\/01\/3021420-scaled-scaled.jpg","datePublished":"2019-01-19T08:37:36+00:00","dateModified":"2020-04-25T21:10:45+00:00","description":"Le ensemble de mod\u00e8les d'\u00e9criture\u00a0dans le sable d'Educo se composent de quatre cartes d'exercices plastifi\u00e9es et color\u00e9es et d\u00e9veloppent l'\u00e9criture.","breadcrumb":{"@id":"https:\/\/teiaeducation.ch\/fr\/produit\/modeles-decriture-dans-le-sable-educo\/#breadcrumb"},"inLanguage":"fr-FR","potentialAction":[{"@type":"ReadAction","target":["https:\/\/teiaeducation.ch\/fr\/produit\/modeles-decriture-dans-le-sable-educo\/"]}]},{"@type":"ImageObject","inLanguage":"fr-FR","@id":"https:\/\/teiaeducation.ch\/fr\/produit\/modeles-decriture-dans-le-sable-educo\/#primaryimage","url":"https:\/\/teiaeducation.ch\/wp-content\/uploads\/2019\/01\/3021420-scaled-scaled.jpg","contentUrl":"https:\/\/teiaeducation.ch\/wp-content\/uploads\/2019\/01\/3021420-scaled-scaled.jpg","width":2048,"height":2048,"caption":"Mod\u00e8les de disques \u00e0 sable - Educo"},{"@type":"BreadcrumbList","@id":"https:\/\/teiaeducation.ch\/fr\/produit\/modeles-decriture-dans-le-sable-educo\/#breadcrumb","itemListElement":[{"@type":"ListItem","position":1,"name":"Home","item":"https:\/\/teiaeducation.ch\/fr\/"},{"@type":"ListItem","position":2,"name":"Boutique Teia Education &amp; Play","item":"https:\/\/teiaeducation.ch\/fr\/boutique\/"},{"@type":"ListItem","position":3,"name":"Nos Marques","item":"https:\/\/teiaeducation.ch\/fr\/categorie-produit\/marques\/"},{"@type":"ListItem","position":4,"name":"Educo","item":"https:\/\/teiaeducation.ch\/fr\/categorie-produit\/marques\/educo-fr\/"},{"@type":"ListItem","position":5,"name":"Jeu Motricit\u00e9","item":"https:\/\/teiaeducation.ch\/fr\/categorie-produit\/marques\/educo-fr\/jeu-motricite\/"},{"@type":"ListItem","position":6,"name":"Mod\u00e8les d&#8217;\u00e9criture dans le sable &#8211; Educo"}]},{"@type":"WebSite","@id":"https:\/\/teiaeducation.ch\/fr\/#website","url":"https:\/\/teiaeducation.ch\/fr\/","name":"Sustainable Educational Products &amp; Ecological Toys\u00a0","description":"Specialised Swiss shop selling sustainable educational toys and games, AMI certified Montessori materials, handmade ecological wooden Waldorf toys and arts &amp; crafts supplies, school supplies, children&#039;s furniture and Montessori reference and parenting books.","publisher":{"@id":"https:\/\/teiaeducation.ch\/fr\/#organization"},"alternateName":"Teia Education & Play","potentialAction":[{"@type":"SearchAction","target":{"@type":"EntryPoint","urlTemplate":"https:\/\/teiaeducation.ch\/fr\/?s={search_term_string}"},"query-input":{"@type":"PropertyValueSpecification","valueRequired":true,"valueName":"search_term_string"}}],"inLanguage":"fr-FR"},{"@type":"Organization","@id":"https:\/\/teiaeducation.ch\/fr\/#organization","name":"Teia Education & Play","url":"https:\/\/teiaeducation.ch\/fr\/","logo":{"@type":"ImageObject","inLanguage":"fr-FR","@id":"https:\/\/teiaeducation.ch\/fr\/#\/schema\/logo\/image\/","url":"https:\/\/teiaeducation.ch\/wp-content\/uploads\/2020\/11\/Teia-Education-Switzerland-e1620156442216.jpg","contentUrl":"https:\/\/teiaeducation.ch\/wp-content\/uploads\/2020\/11\/Teia-Education-Switzerland-e1620156442216.jpg","width":166,"height":145,"caption":"Teia Education & Play"},"image":{"@id":"https:\/\/teiaeducation.ch\/fr\/#\/schema\/logo\/image\/"},"sameAs":["https:\/\/www.facebook.com\/teiaeducation\/","https:\/\/x.com\/EducationTeia","https:\/\/www.instagram.com\/teia.education\/","https:\/\/www.linkedin.com\/company\/35501660","https:\/\/www.pinterest.ch\/TeiaEducation\/"]}]}},"_links":{"self":[{"href":"https:\/\/teiaeducation.ch\/fr\/wp-json\/wp\/v2\/product\/23562","targetHints":{"allow":["GET"]}}],"collection":[{"href":"https:\/\/teiaeducation.ch\/fr\/wp-json\/wp\/v2\/product"}],"about":[{"href":"https:\/\/teiaeducation.ch\/fr\/wp-json\/wp\/v2\/types\/product"}],"replies":[{"embeddable":true,"href":"https:\/\/teiaeducation.ch\/fr\/wp-json\/wp\/v2\/comments?post=23562"}],"wp:featuredmedia":[{"embeddable":true,"href":"https:\/\/teiaeducation.ch\/fr\/wp-json\/wp\/v2\/media\/3347"}],"wp:attachment":[{"href":"https:\/\/teiaeducation.ch\/fr\/wp-json\/wp\/v2\/media?parent=23562"}],"wp:term":[{"taxonomy":"product_brand","embeddable":true,"href":"https:\/\/teiaeducation.ch\/fr\/wp-json\/wp\/v2\/product_brand?post=23562"},{"taxonomy":"product_cat","embeddable":true,"href":"https:\/\/teiaeducation.ch\/fr\/wp-json\/wp\/v2\/product_cat?post=23562"},{"taxonomy":"product_tag","embeddable":true,"href":"https:\/\/teiaeducation.ch\/fr\/wp-json\/wp\/v2\/product_tag?post=23562"}],"curies":[{"name":"wp","href":"https:\/\/api.w.org\/{rel}","templated":true}]}}