{"id":23578,"date":"2019-01-08T20:56:06","date_gmt":"2019-01-08T19:56:06","guid":{"rendered":"https:\/\/teiaeducation.ch\/product\/theatre-vocabulaire-en-bois-educo\/"},"modified":"2020-09-24T13:21:09","modified_gmt":"2020-09-24T11:21:09","slug":"theatre-kamishibai-en-bois-educo","status":"publish","type":"product","link":"https:\/\/teiaeducation.ch\/fr\/produit\/theatre-kamishibai-en-bois-educo\/","title":{"rendered":"Th\u00e9\u00e2tre Kamishibai en bois &#8211; Educo"},"content":{"rendered":"<p>Th\u00e9\u00e2tre Kamishibai en bois &#8211; Educo<\/p>\n<p>Le charmant th\u00e9\u00e2tre de table Kamishibai d&#8217;Educo en bois est id\u00e9al pour donner vie aux histoires et aux le\u00e7ons. <a href=\"https:\/\/www.google.com\/url?sa=t&amp;rct=j&amp;q=&amp;esrc=s&amp;source=web&amp;cd=&amp;ved=2ahUKEwjssOr91YHsAhUE3KQKHYDxAsYQFjACegQIDRAF&amp;url=https%3A%2F%2Ffr.wikipedia.org%2Fwiki%2FKamishibai&amp;usg=AOvVaw3Uu8tSakzNgUfFjNqxH6n3\">Kamishibai<\/a>, pour kami, qui signifie papier, et shibai, qui signifie pi\u00e8ce de th\u00e9\u00e2tre, font participer le public et suscitent ses r\u00e9actions et ses r\u00e9ponses. Le th\u00e9\u00e2tre pliable est un ancien outil de narration japonais et performances\u00a0Kamishibai que l&#8217;on trouve dans les \u00e9coles et les maisons de retraite ainsi que dans les biblioth\u00e8ques.<\/p>\n<p>L&#8217;arche du th\u00e9\u00e2tre Kamishibai agit comme un cadre d&#8217;image qui attire l&#8217;attention des enfants. Cet outil d&#8217;enseignement cr\u00e9atif peut \u00eatre utilis\u00e9 avec les <a href=\"https:\/\/teiaeducation.ch\/fr\/produit\/panneaux-theatre-kamishibai-educo\/\">panneaux<\/a> d&#8217;histoires (vendues s\u00e9par\u00e9ment) pour soutenir visuellement le r\u00e9cit. Il peut \u00e9galement servir de th\u00e9\u00e2tre de marionnettes avec des marionnettes \u00e0 main et \u00e0 doigt, pour y accrocher des croquis et des images, ou comme tableau blanc d&#8217;\u00e9criture. Les contes aident \u00e0 d\u00e9velopper les comp\u00e9tences linguistiques des jeunes enfants et enrichissent leur vocabulaire.<\/p>\n<p>Ce mat\u00e9riel est adapt\u00e9 aux enfants de 2 ans et plus.<\/p>\n<p>Contenu :<\/p>\n<p>1 th\u00e9\u00e2tre de table Kamishibai en bois (47 x 37 x 9 cm)<br \/>\n1 tableau blanc<\/p>\n","protected":false},"excerpt":{"rendered":"<p>Num\u00e9ro d&#8217;article: E522182<\/p>\n<p>Ce charmant th\u00e9\u00e2tre de table Kamishibai en bois d&#8217;Educo est id\u00e9al pour donner vie aux histoires et aux le\u00e7ons!<\/p>\n","protected":false},"featured_media":2904,"comment_status":"closed","ping_status":"closed","template":"","meta":[],"product_brand":[],"product_cat":[8527,215,285,283,224,8526,17242,225,8572,13130,1220,13139,7595,1218,232,217,611,212,612,1219],"product_tag":[1363,8021,8022],"class_list":{"0":"post-23578","1":"product","2":"type-product","3":"status-publish","4":"has-post-thumbnail","6":"product_cat-3-6-ans-ecole-a-domicile","7":"product_cat-3-6-ans","8":"product_cat-alphabetisation-langage","9":"product_cat-domaines-du-curriculum","10":"product_cat-educo-fr","11":"product_cat-fournitures-scolaires-a-domicile","12":"product_cat-guide-cadeaux-1-3-ans","13":"product_cat-jeu-de-langage","14":"product_cat-jeu-et-apprentissage-pour-bebes-et-jeunes-enfants","15":"product_cat-jouer","16":"product_cat-traditionnelle","17":"product_cat-jeu-imaginatif-faire-semblant","18":"product_cat-methode-deducation","19":"product_cat-montessori-fr","20":"product_cat-mots-vocabulaire","21":"product_cat-marques","22":"product_cat-raconter-des-histoires","23":"product_cat-tranche-dage","24":"product_cat-vocabulaire-fr","25":"product_cat-waldorf-fr","26":"product_tag-educo-fr","27":"product_tag-kamishibai-fr","28":"product_tag-recits","30":"first","31":"instock","32":"taxable","33":"shipping-taxable","34":"purchasable","35":"product-type-simple"},"yoast_head":"<!-- This site is optimized with the Yoast SEO plugin v27.1.1 - https:\/\/yoast.com\/product\/yoast-seo-wordpress\/ -->\n<title>Th\u00e9\u00e2tre Kamishibai en bois - Educo - Teia Education &amp; Play<\/title>\n<meta name=\"description\" content=\"Le th\u00e9\u00e2tre Kamishibai en bois d&#039;Educo est id\u00e9al pour donner vie aux histoires, performances et aux le\u00e7ons et suscitent ses r\u00e9actions et ses r\u00e9ponses.\" \/>\n<meta name=\"robots\" content=\"index, follow, max-snippet:-1, max-image-preview:large, max-video-preview:-1\" \/>\n<link rel=\"canonical\" href=\"https:\/\/teiaeducation.ch\/fr\/produit\/theatre-kamishibai-en-bois-educo\/\" \/>\n<meta property=\"og:locale\" content=\"fr_FR\" \/>\n<meta property=\"og:type\" content=\"article\" \/>\n<meta property=\"og:title\" content=\"Th\u00e9\u00e2tre Kamishibai en bois - Educo - Teia Education &amp; Play\" \/>\n<meta property=\"og:description\" content=\"Le th\u00e9\u00e2tre Kamishibai en bois d&#039;Educo est id\u00e9al pour donner vie aux histoires, performances et aux le\u00e7ons et suscitent ses r\u00e9actions et ses r\u00e9ponses.\" \/>\n<meta property=\"og:url\" content=\"https:\/\/teiaeducation.ch\/fr\/produit\/theatre-kamishibai-en-bois-educo\/\" \/>\n<meta property=\"og:site_name\" content=\"Sustainable Educational Products &amp; Ecological Toys\u00a0\" \/>\n<meta property=\"article:publisher\" content=\"https:\/\/www.facebook.com\/teiaeducation\/\" \/>\n<meta property=\"article:modified_time\" content=\"2020-09-24T11:21:09+00:00\" \/>\n<meta property=\"og:image\" content=\"https:\/\/teiaeducation.ch\/wp-content\/uploads\/2019\/01\/E522182-3-scaled-scaled.jpg\" \/>\n\t<meta property=\"og:image:width\" content=\"2048\" \/>\n\t<meta property=\"og:image:height\" content=\"2048\" \/>\n\t<meta property=\"og:image:type\" content=\"image\/jpeg\" \/>\n<script type=\"application\/ld+json\" class=\"yoast-schema-graph\">{\"@context\":\"https:\/\/schema.org\",\"@graph\":[{\"@type\":\"WebPage\",\"@id\":\"https:\/\/teiaeducation.ch\/fr\/produit\/theatre-kamishibai-en-bois-educo\/\",\"url\":\"https:\/\/teiaeducation.ch\/fr\/produit\/theatre-kamishibai-en-bois-educo\/\",\"name\":\"Th\u00e9\u00e2tre Kamishibai en bois - Educo - Teia Education & Play\",\"isPartOf\":{\"@id\":\"https:\/\/teiaeducation.ch\/fr\/#website\"},\"primaryImageOfPage\":{\"@id\":\"https:\/\/teiaeducation.ch\/fr\/produit\/theatre-kamishibai-en-bois-educo\/#primaryimage\"},\"image\":{\"@id\":\"https:\/\/teiaeducation.ch\/fr\/produit\/theatre-kamishibai-en-bois-educo\/#primaryimage\"},\"thumbnailUrl\":\"https:\/\/teiaeducation.ch\/wp-content\/uploads\/2019\/01\/E522182-3-scaled-scaled.jpg\",\"datePublished\":\"2019-01-08T19:56:06+00:00\",\"dateModified\":\"2020-09-24T11:21:09+00:00\",\"description\":\"Le th\u00e9\u00e2tre Kamishibai en bois d'Educo est id\u00e9al pour donner vie aux histoires, performances et aux le\u00e7ons et suscitent ses r\u00e9actions et ses r\u00e9ponses.\",\"breadcrumb\":{\"@id\":\"https:\/\/teiaeducation.ch\/fr\/produit\/theatre-kamishibai-en-bois-educo\/#breadcrumb\"},\"inLanguage\":\"fr-FR\",\"potentialAction\":[{\"@type\":\"ReadAction\",\"target\":[\"https:\/\/teiaeducation.ch\/fr\/produit\/theatre-kamishibai-en-bois-educo\/\"]}]},{\"@type\":\"ImageObject\",\"inLanguage\":\"fr-FR\",\"@id\":\"https:\/\/teiaeducation.ch\/fr\/produit\/theatre-kamishibai-en-bois-educo\/#primaryimage\",\"url\":\"https:\/\/teiaeducation.ch\/wp-content\/uploads\/2019\/01\/E522182-3-scaled-scaled.jpg\",\"contentUrl\":\"https:\/\/teiaeducation.ch\/wp-content\/uploads\/2019\/01\/E522182-3-scaled-scaled.jpg\",\"width\":2048,\"height\":2048,\"caption\":\"Th\u00e9\u00e2tre vocabulaire en bois - Educo\"},{\"@type\":\"BreadcrumbList\",\"@id\":\"https:\/\/teiaeducation.ch\/fr\/produit\/theatre-kamishibai-en-bois-educo\/#breadcrumb\",\"itemListElement\":[{\"@type\":\"ListItem\",\"position\":1,\"name\":\"Home\",\"item\":\"https:\/\/teiaeducation.ch\/fr\/\"},{\"@type\":\"ListItem\",\"position\":2,\"name\":\"Boutique Teia Education &amp; Play\",\"item\":\"https:\/\/teiaeducation.ch\/fr\/boutique\/\"},{\"@type\":\"ListItem\",\"position\":3,\"name\":\"Nos Marques\",\"item\":\"https:\/\/teiaeducation.ch\/fr\/categorie-produit\/marques\/\"},{\"@type\":\"ListItem\",\"position\":4,\"name\":\"Educo\",\"item\":\"https:\/\/teiaeducation.ch\/fr\/categorie-produit\/marques\/educo-fr\/\"},{\"@type\":\"ListItem\",\"position\":5,\"name\":\"Jeu de Langage\",\"item\":\"https:\/\/teiaeducation.ch\/fr\/categorie-produit\/marques\/educo-fr\/jeu-de-langage\/\"},{\"@type\":\"ListItem\",\"position\":6,\"name\":\"Mots &amp; Vocabulaire\",\"item\":\"https:\/\/teiaeducation.ch\/fr\/categorie-produit\/marques\/educo-fr\/jeu-de-langage\/mots-vocabulaire\/\"},{\"@type\":\"ListItem\",\"position\":7,\"name\":\"Th\u00e9\u00e2tre Kamishibai en bois &#8211; Educo\"}]},{\"@type\":\"WebSite\",\"@id\":\"https:\/\/teiaeducation.ch\/fr\/#website\",\"url\":\"https:\/\/teiaeducation.ch\/fr\/\",\"name\":\"Sustainable Educational Products &amp; Ecological Toys\u00a0\",\"description\":\"Specialised Swiss shop selling sustainable educational toys and games, AMI certified Montessori materials, handmade ecological wooden Waldorf toys and arts &amp; crafts supplies, school supplies, children&#039;s furniture and Montessori reference and parenting books.\",\"publisher\":{\"@id\":\"https:\/\/teiaeducation.ch\/fr\/#organization\"},\"alternateName\":\"Teia Education & Play\",\"potentialAction\":[{\"@type\":\"SearchAction\",\"target\":{\"@type\":\"EntryPoint\",\"urlTemplate\":\"https:\/\/teiaeducation.ch\/fr\/?s={search_term_string}\"},\"query-input\":{\"@type\":\"PropertyValueSpecification\",\"valueRequired\":true,\"valueName\":\"search_term_string\"}}],\"inLanguage\":\"fr-FR\"},{\"@type\":\"Organization\",\"@id\":\"https:\/\/teiaeducation.ch\/fr\/#organization\",\"name\":\"Teia Education & Play\",\"url\":\"https:\/\/teiaeducation.ch\/fr\/\",\"logo\":{\"@type\":\"ImageObject\",\"inLanguage\":\"fr-FR\",\"@id\":\"https:\/\/teiaeducation.ch\/fr\/#\/schema\/logo\/image\/\",\"url\":\"https:\/\/teiaeducation.ch\/wp-content\/uploads\/2020\/11\/Teia-Education-Switzerland-e1620156442216.jpg\",\"contentUrl\":\"https:\/\/teiaeducation.ch\/wp-content\/uploads\/2020\/11\/Teia-Education-Switzerland-e1620156442216.jpg\",\"width\":166,\"height\":145,\"caption\":\"Teia Education & Play\"},\"image\":{\"@id\":\"https:\/\/teiaeducation.ch\/fr\/#\/schema\/logo\/image\/\"},\"sameAs\":[\"https:\/\/www.facebook.com\/teiaeducation\/\",\"https:\/\/x.com\/EducationTeia\",\"https:\/\/www.instagram.com\/teia.education\/\",\"https:\/\/www.linkedin.com\/company\/35501660\",\"https:\/\/www.pinterest.ch\/TeiaEducation\/\"]}]}<\/script>\n<!-- \/ Yoast SEO plugin. -->","yoast_head_json":{"title":"Th\u00e9\u00e2tre Kamishibai en bois - Educo - Teia Education & Play","description":"Le th\u00e9\u00e2tre Kamishibai en bois d'Educo est id\u00e9al pour donner vie aux histoires, performances et aux le\u00e7ons et suscitent ses r\u00e9actions et ses r\u00e9ponses.","robots":{"index":"index","follow":"follow","max-snippet":"max-snippet:-1","max-image-preview":"max-image-preview:large","max-video-preview":"max-video-preview:-1"},"canonical":"https:\/\/teiaeducation.ch\/fr\/produit\/theatre-kamishibai-en-bois-educo\/","og_locale":"fr_FR","og_type":"article","og_title":"Th\u00e9\u00e2tre Kamishibai en bois - Educo - Teia Education & Play","og_description":"Le th\u00e9\u00e2tre Kamishibai en bois d'Educo est id\u00e9al pour donner vie aux histoires, performances et aux le\u00e7ons et suscitent ses r\u00e9actions et ses r\u00e9ponses.","og_url":"https:\/\/teiaeducation.ch\/fr\/produit\/theatre-kamishibai-en-bois-educo\/","og_site_name":"Sustainable Educational Products &amp; Ecological Toys\u00a0","article_publisher":"https:\/\/www.facebook.com\/teiaeducation\/","article_modified_time":"2020-09-24T11:21:09+00:00","og_image":[{"width":2048,"height":2048,"url":"https:\/\/teiaeducation.ch\/wp-content\/uploads\/2019\/01\/E522182-3-scaled-scaled.jpg","type":"image\/jpeg"}],"schema":{"@context":"https:\/\/schema.org","@graph":[{"@type":"WebPage","@id":"https:\/\/teiaeducation.ch\/fr\/produit\/theatre-kamishibai-en-bois-educo\/","url":"https:\/\/teiaeducation.ch\/fr\/produit\/theatre-kamishibai-en-bois-educo\/","name":"Th\u00e9\u00e2tre Kamishibai en bois - Educo - Teia Education & Play","isPartOf":{"@id":"https:\/\/teiaeducation.ch\/fr\/#website"},"primaryImageOfPage":{"@id":"https:\/\/teiaeducation.ch\/fr\/produit\/theatre-kamishibai-en-bois-educo\/#primaryimage"},"image":{"@id":"https:\/\/teiaeducation.ch\/fr\/produit\/theatre-kamishibai-en-bois-educo\/#primaryimage"},"thumbnailUrl":"https:\/\/teiaeducation.ch\/wp-content\/uploads\/2019\/01\/E522182-3-scaled-scaled.jpg","datePublished":"2019-01-08T19:56:06+00:00","dateModified":"2020-09-24T11:21:09+00:00","description":"Le th\u00e9\u00e2tre Kamishibai en bois d'Educo est id\u00e9al pour donner vie aux histoires, performances et aux le\u00e7ons et suscitent ses r\u00e9actions et ses r\u00e9ponses.","breadcrumb":{"@id":"https:\/\/teiaeducation.ch\/fr\/produit\/theatre-kamishibai-en-bois-educo\/#breadcrumb"},"inLanguage":"fr-FR","potentialAction":[{"@type":"ReadAction","target":["https:\/\/teiaeducation.ch\/fr\/produit\/theatre-kamishibai-en-bois-educo\/"]}]},{"@type":"ImageObject","inLanguage":"fr-FR","@id":"https:\/\/teiaeducation.ch\/fr\/produit\/theatre-kamishibai-en-bois-educo\/#primaryimage","url":"https:\/\/teiaeducation.ch\/wp-content\/uploads\/2019\/01\/E522182-3-scaled-scaled.jpg","contentUrl":"https:\/\/teiaeducation.ch\/wp-content\/uploads\/2019\/01\/E522182-3-scaled-scaled.jpg","width":2048,"height":2048,"caption":"Th\u00e9\u00e2tre vocabulaire en bois - Educo"},{"@type":"BreadcrumbList","@id":"https:\/\/teiaeducation.ch\/fr\/produit\/theatre-kamishibai-en-bois-educo\/#breadcrumb","itemListElement":[{"@type":"ListItem","position":1,"name":"Home","item":"https:\/\/teiaeducation.ch\/fr\/"},{"@type":"ListItem","position":2,"name":"Boutique Teia Education &amp; Play","item":"https:\/\/teiaeducation.ch\/fr\/boutique\/"},{"@type":"ListItem","position":3,"name":"Nos Marques","item":"https:\/\/teiaeducation.ch\/fr\/categorie-produit\/marques\/"},{"@type":"ListItem","position":4,"name":"Educo","item":"https:\/\/teiaeducation.ch\/fr\/categorie-produit\/marques\/educo-fr\/"},{"@type":"ListItem","position":5,"name":"Jeu de Langage","item":"https:\/\/teiaeducation.ch\/fr\/categorie-produit\/marques\/educo-fr\/jeu-de-langage\/"},{"@type":"ListItem","position":6,"name":"Mots &amp; Vocabulaire","item":"https:\/\/teiaeducation.ch\/fr\/categorie-produit\/marques\/educo-fr\/jeu-de-langage\/mots-vocabulaire\/"},{"@type":"ListItem","position":7,"name":"Th\u00e9\u00e2tre Kamishibai en bois &#8211; Educo"}]},{"@type":"WebSite","@id":"https:\/\/teiaeducation.ch\/fr\/#website","url":"https:\/\/teiaeducation.ch\/fr\/","name":"Sustainable Educational Products &amp; Ecological Toys\u00a0","description":"Specialised Swiss shop selling sustainable educational toys and games, AMI certified Montessori materials, handmade ecological wooden Waldorf toys and arts &amp; crafts supplies, school supplies, children&#039;s furniture and Montessori reference and parenting books.","publisher":{"@id":"https:\/\/teiaeducation.ch\/fr\/#organization"},"alternateName":"Teia Education & Play","potentialAction":[{"@type":"SearchAction","target":{"@type":"EntryPoint","urlTemplate":"https:\/\/teiaeducation.ch\/fr\/?s={search_term_string}"},"query-input":{"@type":"PropertyValueSpecification","valueRequired":true,"valueName":"search_term_string"}}],"inLanguage":"fr-FR"},{"@type":"Organization","@id":"https:\/\/teiaeducation.ch\/fr\/#organization","name":"Teia Education & Play","url":"https:\/\/teiaeducation.ch\/fr\/","logo":{"@type":"ImageObject","inLanguage":"fr-FR","@id":"https:\/\/teiaeducation.ch\/fr\/#\/schema\/logo\/image\/","url":"https:\/\/teiaeducation.ch\/wp-content\/uploads\/2020\/11\/Teia-Education-Switzerland-e1620156442216.jpg","contentUrl":"https:\/\/teiaeducation.ch\/wp-content\/uploads\/2020\/11\/Teia-Education-Switzerland-e1620156442216.jpg","width":166,"height":145,"caption":"Teia Education & Play"},"image":{"@id":"https:\/\/teiaeducation.ch\/fr\/#\/schema\/logo\/image\/"},"sameAs":["https:\/\/www.facebook.com\/teiaeducation\/","https:\/\/x.com\/EducationTeia","https:\/\/www.instagram.com\/teia.education\/","https:\/\/www.linkedin.com\/company\/35501660","https:\/\/www.pinterest.ch\/TeiaEducation\/"]}]}},"_links":{"self":[{"href":"https:\/\/teiaeducation.ch\/fr\/wp-json\/wp\/v2\/product\/23578","targetHints":{"allow":["GET"]}}],"collection":[{"href":"https:\/\/teiaeducation.ch\/fr\/wp-json\/wp\/v2\/product"}],"about":[{"href":"https:\/\/teiaeducation.ch\/fr\/wp-json\/wp\/v2\/types\/product"}],"replies":[{"embeddable":true,"href":"https:\/\/teiaeducation.ch\/fr\/wp-json\/wp\/v2\/comments?post=23578"}],"wp:featuredmedia":[{"embeddable":true,"href":"https:\/\/teiaeducation.ch\/fr\/wp-json\/wp\/v2\/media\/2904"}],"wp:attachment":[{"href":"https:\/\/teiaeducation.ch\/fr\/wp-json\/wp\/v2\/media?parent=23578"}],"wp:term":[{"taxonomy":"product_brand","embeddable":true,"href":"https:\/\/teiaeducation.ch\/fr\/wp-json\/wp\/v2\/product_brand?post=23578"},{"taxonomy":"product_cat","embeddable":true,"href":"https:\/\/teiaeducation.ch\/fr\/wp-json\/wp\/v2\/product_cat?post=23578"},{"taxonomy":"product_tag","embeddable":true,"href":"https:\/\/teiaeducation.ch\/fr\/wp-json\/wp\/v2\/product_tag?post=23578"}],"curies":[{"name":"wp","href":"https:\/\/api.w.org\/{rel}","templated":true}]}}