{"id":23610,"date":"2020-03-04T14:59:21","date_gmt":"2020-03-04T13:59:21","guid":{"rendered":"https:\/\/teiaeducation.ch\/product\/carte-cadeau-teia-education\/"},"modified":"2022-11-09T10:12:43","modified_gmt":"2022-11-09T09:12:43","slug":"carte-cadeau-teia-education","status":"publish","type":"product","link":"https:\/\/teiaeducation.ch\/fr\/produit\/carte-cadeau-teia-education\/","title":{"rendered":"Carte Cadeau Teia Education"},"content":{"rendered":"<p>Carte Cadeau Teia Education<\/p>\n<p>Vous f\u00eatez l&#8217;anniversaire de quelqu&#8217;un\u00a0ou vous cherchez un cadeau pour une occasion sp\u00e9ciale et vous ne savez pas quoi offrir ? Une carte cadeau peut \u00eatre la solution id\u00e9ale pour rendre quelqu&#8217;un heureux. Offrez le cadeau de choix avec une carte cadeau de Teia Education !<\/p>\n<p>Nos cartes cadeaux sont \u00e9changeables sur l&#8217;ensemble de notre collection et sont livr\u00e9es par e-mail avec des instructions comment appliquer la carte cadeau \u00e0 la caisse.<\/p>\n<p>Si vous le pr\u00e9f\u00e9rez, la carte cadeau peut \u00e9galement \u00eatre envoy\u00e9e directement \u00e0 votre destinataire. Veuillez indiquer les instructions sp\u00e9ciales dans le champ &#8220;notes de commande&#8221; sur notre page de validation.<\/p>\n","protected":false},"excerpt":{"rendered":"<p>Num\u00e9ro d&#8217;article: GC2020001E<\/p>\n","protected":false},"featured_media":23595,"comment_status":"closed","ping_status":"closed","template":"","meta":[],"product_brand":[],"product_cat":[217,5851],"product_tag":[8045],"class_list":{"0":"post-23610","1":"product","2":"type-product","3":"status-publish","4":"has-post-thumbnail","6":"product_cat-marques","7":"product_cat-nouveautes","8":"product_tag-carte-cadeau","10":"first","11":"instock","12":"taxable","13":"shipping-taxable","14":"purchasable","15":"product-type-variable"},"yoast_head":"<!-- This site is optimized with the Yoast SEO plugin v27.1.1 - https:\/\/yoast.com\/product\/yoast-seo-wordpress\/ -->\n<title>Carte Cadeau Teia Education - Teia Education &amp; Play<\/title>\n<meta name=\"description\" content=\"Vous cherchez un cadeau pour une occasion sp\u00e9ciale ou anniversaire et vous ne savez pas quoi offrir ? Offrez le cadeau de choix avec une carte cadeau !\" \/>\n<meta name=\"robots\" content=\"index, follow, max-snippet:-1, max-image-preview:large, max-video-preview:-1\" \/>\n<link rel=\"canonical\" href=\"https:\/\/teiaeducation.ch\/fr\/produit\/carte-cadeau-teia-education\/\" \/>\n<meta property=\"og:locale\" content=\"fr_FR\" \/>\n<meta property=\"og:type\" content=\"article\" \/>\n<meta property=\"og:title\" content=\"Carte Cadeau Teia Education - Teia Education &amp; Play\" \/>\n<meta property=\"og:description\" content=\"Vous cherchez un cadeau pour une occasion sp\u00e9ciale ou anniversaire et vous ne savez pas quoi offrir ? Offrez le cadeau de choix avec une carte cadeau !\" \/>\n<meta property=\"og:url\" content=\"https:\/\/teiaeducation.ch\/fr\/produit\/carte-cadeau-teia-education\/\" \/>\n<meta property=\"og:site_name\" content=\"Sustainable Educational Products &amp; Ecological Toys\u00a0\" \/>\n<meta property=\"article:publisher\" content=\"https:\/\/www.facebook.com\/teiaeducation\/\" \/>\n<meta property=\"article:modified_time\" content=\"2022-11-09T09:12:43+00:00\" \/>\n<meta property=\"og:image\" content=\"https:\/\/teiaeducation.ch\/wp-content\/uploads\/2020\/03\/Teia-Education-Gift-Card.png\" \/>\n\t<meta property=\"og:image:width\" content=\"2000\" \/>\n\t<meta property=\"og:image:height\" content=\"1600\" \/>\n\t<meta property=\"og:image:type\" content=\"image\/png\" \/>\n<script type=\"application\/ld+json\" class=\"yoast-schema-graph\">{\"@context\":\"https:\/\/schema.org\",\"@graph\":[{\"@type\":\"WebPage\",\"@id\":\"https:\/\/teiaeducation.ch\/fr\/produit\/carte-cadeau-teia-education\/\",\"url\":\"https:\/\/teiaeducation.ch\/fr\/produit\/carte-cadeau-teia-education\/\",\"name\":\"Carte Cadeau Teia Education - Teia Education & Play\",\"isPartOf\":{\"@id\":\"https:\/\/teiaeducation.ch\/fr\/#website\"},\"primaryImageOfPage\":{\"@id\":\"https:\/\/teiaeducation.ch\/fr\/produit\/carte-cadeau-teia-education\/#primaryimage\"},\"image\":{\"@id\":\"https:\/\/teiaeducation.ch\/fr\/produit\/carte-cadeau-teia-education\/#primaryimage\"},\"thumbnailUrl\":\"https:\/\/teiaeducation.ch\/wp-content\/uploads\/2020\/03\/Teia-Education-Gift-Card.png\",\"datePublished\":\"2020-03-04T13:59:21+00:00\",\"dateModified\":\"2022-11-09T09:12:43+00:00\",\"description\":\"Vous cherchez un cadeau pour une occasion sp\u00e9ciale ou anniversaire et vous ne savez pas quoi offrir ? Offrez le cadeau de choix avec une carte cadeau !\",\"breadcrumb\":{\"@id\":\"https:\/\/teiaeducation.ch\/fr\/produit\/carte-cadeau-teia-education\/#breadcrumb\"},\"inLanguage\":\"fr-FR\",\"potentialAction\":[{\"@type\":\"ReadAction\",\"target\":[\"https:\/\/teiaeducation.ch\/fr\/produit\/carte-cadeau-teia-education\/\"]}]},{\"@type\":\"ImageObject\",\"inLanguage\":\"fr-FR\",\"@id\":\"https:\/\/teiaeducation.ch\/fr\/produit\/carte-cadeau-teia-education\/#primaryimage\",\"url\":\"https:\/\/teiaeducation.ch\/wp-content\/uploads\/2020\/03\/Teia-Education-Gift-Card.png\",\"contentUrl\":\"https:\/\/teiaeducation.ch\/wp-content\/uploads\/2020\/03\/Teia-Education-Gift-Card.png\",\"width\":2000,\"height\":1600,\"caption\":\"Gift Card Teia Education\u00a0\"},{\"@type\":\"BreadcrumbList\",\"@id\":\"https:\/\/teiaeducation.ch\/fr\/produit\/carte-cadeau-teia-education\/#breadcrumb\",\"itemListElement\":[{\"@type\":\"ListItem\",\"position\":1,\"name\":\"Home\",\"item\":\"https:\/\/teiaeducation.ch\/fr\/\"},{\"@type\":\"ListItem\",\"position\":2,\"name\":\"Boutique Teia Education &amp; Play\",\"item\":\"https:\/\/teiaeducation.ch\/fr\/boutique\/\"},{\"@type\":\"ListItem\",\"position\":3,\"name\":\"Nos Marques\",\"item\":\"https:\/\/teiaeducation.ch\/fr\/categorie-produit\/marques\/\"},{\"@type\":\"ListItem\",\"position\":4,\"name\":\"Carte Cadeau Teia Education\"}]},{\"@type\":\"WebSite\",\"@id\":\"https:\/\/teiaeducation.ch\/fr\/#website\",\"url\":\"https:\/\/teiaeducation.ch\/fr\/\",\"name\":\"Sustainable Educational Products &amp; Ecological Toys\u00a0\",\"description\":\"Specialised Swiss shop selling sustainable educational toys and games, AMI certified Montessori materials, handmade ecological wooden Waldorf toys and arts &amp; crafts supplies, school supplies, children&#039;s furniture and Montessori reference and parenting books.\",\"publisher\":{\"@id\":\"https:\/\/teiaeducation.ch\/fr\/#organization\"},\"alternateName\":\"Teia Education & Play\",\"potentialAction\":[{\"@type\":\"SearchAction\",\"target\":{\"@type\":\"EntryPoint\",\"urlTemplate\":\"https:\/\/teiaeducation.ch\/fr\/?s={search_term_string}\"},\"query-input\":{\"@type\":\"PropertyValueSpecification\",\"valueRequired\":true,\"valueName\":\"search_term_string\"}}],\"inLanguage\":\"fr-FR\"},{\"@type\":\"Organization\",\"@id\":\"https:\/\/teiaeducation.ch\/fr\/#organization\",\"name\":\"Teia Education & Play\",\"url\":\"https:\/\/teiaeducation.ch\/fr\/\",\"logo\":{\"@type\":\"ImageObject\",\"inLanguage\":\"fr-FR\",\"@id\":\"https:\/\/teiaeducation.ch\/fr\/#\/schema\/logo\/image\/\",\"url\":\"https:\/\/teiaeducation.ch\/wp-content\/uploads\/2020\/11\/Teia-Education-Switzerland-e1620156442216.jpg\",\"contentUrl\":\"https:\/\/teiaeducation.ch\/wp-content\/uploads\/2020\/11\/Teia-Education-Switzerland-e1620156442216.jpg\",\"width\":166,\"height\":145,\"caption\":\"Teia Education & Play\"},\"image\":{\"@id\":\"https:\/\/teiaeducation.ch\/fr\/#\/schema\/logo\/image\/\"},\"sameAs\":[\"https:\/\/www.facebook.com\/teiaeducation\/\",\"https:\/\/x.com\/EducationTeia\",\"https:\/\/www.instagram.com\/teia.education\/\",\"https:\/\/www.linkedin.com\/company\/35501660\",\"https:\/\/www.pinterest.ch\/TeiaEducation\/\"]}]}<\/script>\n<!-- \/ Yoast SEO plugin. -->","yoast_head_json":{"title":"Carte Cadeau Teia Education - Teia Education & Play","description":"Vous cherchez un cadeau pour une occasion sp\u00e9ciale ou anniversaire et vous ne savez pas quoi offrir ? Offrez le cadeau de choix avec une carte cadeau !","robots":{"index":"index","follow":"follow","max-snippet":"max-snippet:-1","max-image-preview":"max-image-preview:large","max-video-preview":"max-video-preview:-1"},"canonical":"https:\/\/teiaeducation.ch\/fr\/produit\/carte-cadeau-teia-education\/","og_locale":"fr_FR","og_type":"article","og_title":"Carte Cadeau Teia Education - Teia Education & Play","og_description":"Vous cherchez un cadeau pour une occasion sp\u00e9ciale ou anniversaire et vous ne savez pas quoi offrir ? Offrez le cadeau de choix avec une carte cadeau !","og_url":"https:\/\/teiaeducation.ch\/fr\/produit\/carte-cadeau-teia-education\/","og_site_name":"Sustainable Educational Products &amp; Ecological Toys\u00a0","article_publisher":"https:\/\/www.facebook.com\/teiaeducation\/","article_modified_time":"2022-11-09T09:12:43+00:00","og_image":[{"width":2000,"height":1600,"url":"https:\/\/teiaeducation.ch\/wp-content\/uploads\/2020\/03\/Teia-Education-Gift-Card.png","type":"image\/png"}],"schema":{"@context":"https:\/\/schema.org","@graph":[{"@type":"WebPage","@id":"https:\/\/teiaeducation.ch\/fr\/produit\/carte-cadeau-teia-education\/","url":"https:\/\/teiaeducation.ch\/fr\/produit\/carte-cadeau-teia-education\/","name":"Carte Cadeau Teia Education - Teia Education & Play","isPartOf":{"@id":"https:\/\/teiaeducation.ch\/fr\/#website"},"primaryImageOfPage":{"@id":"https:\/\/teiaeducation.ch\/fr\/produit\/carte-cadeau-teia-education\/#primaryimage"},"image":{"@id":"https:\/\/teiaeducation.ch\/fr\/produit\/carte-cadeau-teia-education\/#primaryimage"},"thumbnailUrl":"https:\/\/teiaeducation.ch\/wp-content\/uploads\/2020\/03\/Teia-Education-Gift-Card.png","datePublished":"2020-03-04T13:59:21+00:00","dateModified":"2022-11-09T09:12:43+00:00","description":"Vous cherchez un cadeau pour une occasion sp\u00e9ciale ou anniversaire et vous ne savez pas quoi offrir ? Offrez le cadeau de choix avec une carte cadeau !","breadcrumb":{"@id":"https:\/\/teiaeducation.ch\/fr\/produit\/carte-cadeau-teia-education\/#breadcrumb"},"inLanguage":"fr-FR","potentialAction":[{"@type":"ReadAction","target":["https:\/\/teiaeducation.ch\/fr\/produit\/carte-cadeau-teia-education\/"]}]},{"@type":"ImageObject","inLanguage":"fr-FR","@id":"https:\/\/teiaeducation.ch\/fr\/produit\/carte-cadeau-teia-education\/#primaryimage","url":"https:\/\/teiaeducation.ch\/wp-content\/uploads\/2020\/03\/Teia-Education-Gift-Card.png","contentUrl":"https:\/\/teiaeducation.ch\/wp-content\/uploads\/2020\/03\/Teia-Education-Gift-Card.png","width":2000,"height":1600,"caption":"Gift Card Teia Education\u00a0"},{"@type":"BreadcrumbList","@id":"https:\/\/teiaeducation.ch\/fr\/produit\/carte-cadeau-teia-education\/#breadcrumb","itemListElement":[{"@type":"ListItem","position":1,"name":"Home","item":"https:\/\/teiaeducation.ch\/fr\/"},{"@type":"ListItem","position":2,"name":"Boutique Teia Education &amp; Play","item":"https:\/\/teiaeducation.ch\/fr\/boutique\/"},{"@type":"ListItem","position":3,"name":"Nos Marques","item":"https:\/\/teiaeducation.ch\/fr\/categorie-produit\/marques\/"},{"@type":"ListItem","position":4,"name":"Carte Cadeau Teia Education"}]},{"@type":"WebSite","@id":"https:\/\/teiaeducation.ch\/fr\/#website","url":"https:\/\/teiaeducation.ch\/fr\/","name":"Sustainable Educational Products &amp; Ecological Toys\u00a0","description":"Specialised Swiss shop selling sustainable educational toys and games, AMI certified Montessori materials, handmade ecological wooden Waldorf toys and arts &amp; crafts supplies, school supplies, children&#039;s furniture and Montessori reference and parenting books.","publisher":{"@id":"https:\/\/teiaeducation.ch\/fr\/#organization"},"alternateName":"Teia Education & Play","potentialAction":[{"@type":"SearchAction","target":{"@type":"EntryPoint","urlTemplate":"https:\/\/teiaeducation.ch\/fr\/?s={search_term_string}"},"query-input":{"@type":"PropertyValueSpecification","valueRequired":true,"valueName":"search_term_string"}}],"inLanguage":"fr-FR"},{"@type":"Organization","@id":"https:\/\/teiaeducation.ch\/fr\/#organization","name":"Teia Education & Play","url":"https:\/\/teiaeducation.ch\/fr\/","logo":{"@type":"ImageObject","inLanguage":"fr-FR","@id":"https:\/\/teiaeducation.ch\/fr\/#\/schema\/logo\/image\/","url":"https:\/\/teiaeducation.ch\/wp-content\/uploads\/2020\/11\/Teia-Education-Switzerland-e1620156442216.jpg","contentUrl":"https:\/\/teiaeducation.ch\/wp-content\/uploads\/2020\/11\/Teia-Education-Switzerland-e1620156442216.jpg","width":166,"height":145,"caption":"Teia Education & Play"},"image":{"@id":"https:\/\/teiaeducation.ch\/fr\/#\/schema\/logo\/image\/"},"sameAs":["https:\/\/www.facebook.com\/teiaeducation\/","https:\/\/x.com\/EducationTeia","https:\/\/www.instagram.com\/teia.education\/","https:\/\/www.linkedin.com\/company\/35501660","https:\/\/www.pinterest.ch\/TeiaEducation\/"]}]}},"_links":{"self":[{"href":"https:\/\/teiaeducation.ch\/fr\/wp-json\/wp\/v2\/product\/23610","targetHints":{"allow":["GET"]}}],"collection":[{"href":"https:\/\/teiaeducation.ch\/fr\/wp-json\/wp\/v2\/product"}],"about":[{"href":"https:\/\/teiaeducation.ch\/fr\/wp-json\/wp\/v2\/types\/product"}],"replies":[{"embeddable":true,"href":"https:\/\/teiaeducation.ch\/fr\/wp-json\/wp\/v2\/comments?post=23610"}],"wp:featuredmedia":[{"embeddable":true,"href":"https:\/\/teiaeducation.ch\/fr\/wp-json\/wp\/v2\/media\/23595"}],"wp:attachment":[{"href":"https:\/\/teiaeducation.ch\/fr\/wp-json\/wp\/v2\/media?parent=23610"}],"wp:term":[{"taxonomy":"product_brand","embeddable":true,"href":"https:\/\/teiaeducation.ch\/fr\/wp-json\/wp\/v2\/product_brand?post=23610"},{"taxonomy":"product_cat","embeddable":true,"href":"https:\/\/teiaeducation.ch\/fr\/wp-json\/wp\/v2\/product_cat?post=23610"},{"taxonomy":"product_tag","embeddable":true,"href":"https:\/\/teiaeducation.ch\/fr\/wp-json\/wp\/v2\/product_tag?post=23610"}],"curies":[{"name":"wp","href":"https:\/\/api.w.org\/{rel}","templated":true}]}}