{"id":23702,"date":"2020-03-04T19:16:46","date_gmt":"2020-03-04T18:16:46","guid":{"rendered":"https:\/\/teiaeducation.ch\/product\/flock-complet-32-pieces-flockmen\/"},"modified":"2023-02-14T13:07:33","modified_gmt":"2023-02-14T12:07:33","slug":"flock-complet-32-pieces-flockmen","status":"publish","type":"product","link":"https:\/\/teiaeducation.ch\/fr\/produit\/flock-complet-32-pieces-flockmen\/","title":{"rendered":"Flock complet 32 pi\u00e8ces &#8211; Flockmen"},"content":{"rendered":"<p>Flock complet 32 pi\u00e8ces &#8211; Flockmen<\/p>\n<p>L\u2019ensemble Flock complet de Flockmen est compos\u00e9 de 32 Flockmen parfaitement faits \u00e0 la main, en bois 100% naturel, pour commencer \u00e0 construire d\u2019incroyables tours, ponts ou monuments. Le Flock complet est parfaitement adapt\u00e9 aux familles avec plusieurs enfants, aux structures d\u2019accueil, aux cabinets m\u00e9dicaux ou m\u00eame aux salles de r\u00e9union de bureau, ce qui constitue un excellent point de d\u00e9part pour un exercice de concentration pour les adultes. D&#8217;autres Flockmen peuvent \u00eatre ajout\u00e9es au fur et \u00e0 mesure des vos besoins et de vos enfants.<\/p>\n<p>Chaque homme Flockmen en bois est enti\u00e8rement fabriqu\u00e9 \u00e0 la main \u00e0 partir de bois naturel et mesure : 50 mm de large, 70 mm de haut et 15 mm d\u2019\u00e9paisseur. Les Flockmen sont con\u00e7us pour \u00eatre impossibles \u00e0 avaler et il est donc possible de jouer en toute s\u00e9curit\u00e9 autour des b\u00e9b\u00e9s.<\/p>\n<p>L\u2019ensemble comprend un sac de rangement pratique et renforc\u00e9 en lin naturel pour ranger les Flockmen en toute s\u00e9curit\u00e9 lorsqu\u2019ils ne sont pas utilis\u00e9s, ainsi qu\u2019une carte d\u2019inspiration avec des id\u00e9es et des ressources pour se lancer des d\u00e9fis avec les Flockmen.<\/p>\n<p>Les Flockmen conviennent aux enfants \u00e2g\u00e9s de 2 ans et plus.<\/p>\n<p>Contenu :<\/p>\n<p>32 Flockmen<br \/>\n1 sac de rangement en lin<br \/>\nUne carte d\u2019inspiration<br \/>\nInstructions de soins<\/p>\n<p><strong>Flockmen \u2013 ce n\u2019est pas seulement un jouet !<\/strong><\/p>\n<p><iframe loading=\"lazy\" title=\"Flockmen- this is not just a Toy!\" width=\"1020\" height=\"574\" src=\"https:\/\/www.youtube.com\/embed\/UaIVx873u6w?start=18&#038;feature=oembed\" frameborder=\"0\" allow=\"accelerometer; autoplay; clipboard-write; encrypted-media; gyroscope; picture-in-picture\" allowfullscreen><\/iframe><\/p>\n","protected":false},"excerpt":{"rendered":"<p>Num\u00e9ro d&#8217;article: FM0002<\/p>\n<p>L\u2019ensemble Flock complet de Flockmen est compos\u00e9 de 32 Flockmen parfaitement fabriqu\u00e9es \u00e0 la main, en bois 100% naturel.<\/p>\n","protected":false},"featured_media":23656,"comment_status":"closed","ping_status":"closed","template":"","meta":[],"product_brand":[],"product_cat":[208,8527,215,216,13128,635,283,13146,8105,8526,17241,17239,8572,13130,13144,23020,23021,1220,627,13140,288,7595,1218,217,209,212,1219],"product_tag":[8129,8133,8154,8131,8130,8128,6714,1227,8132,23582],"class_list":{"0":"post-23702","1":"product","2":"type-product","3":"status-publish","4":"has-post-thumbnail","6":"product_cat-1-3-ans","7":"product_cat-3-6-ans-ecole-a-domicile","8":"product_cat-3-6-ans","9":"product_cat-6-12-ans","10":"product_cat-apprendre-a-compter","11":"product_cat-competences-motrices","12":"product_cat-domaines-du-curriculum","13":"product_cat-figurines-en-bois","14":"product_cat-flockmen-fr","15":"product_cat-fournitures-scolaires-a-domicile","16":"product_cat-guide-cadeaux-3-6-ans","17":"product_cat-guide-cadeaux-educatifs","18":"product_cat-jeu-et-apprentissage-pour-bebes-et-jeunes-enfants","19":"product_cat-jouer","20":"product_cat-jouets-a-empiler","21":"product_cat-jouets-en-bois","22":"product_cat-jouets-waldorf","23":"product_cat-traditionnelle","24":"product_cat-orientation-spatiale-fr","25":"product_cat-jeu-libre","26":"product_cat-mathematiques-calcul","27":"product_cat-methode-deducation","28":"product_cat-montessori-fr","29":"product_cat-marques","30":"product_cat-sensorielles-motrices","31":"product_cat-tranche-dage","32":"product_cat-waldorf-fr","33":"product_tag-flockmen-fr","34":"product_tag-flockmen-32-pieces-fr","35":"product_tag-flockmen-demi-flock","36":"product_tag-flockmen-suisse-fr","37":"product_tag-flockmen-switzerland-fr","38":"product_tag-jouets-en-bois-fabriques-a-la-main","39":"product_tag-jouets-en-bois-faits-a-la-main","40":"product_tag-jouets-ouverts","41":"product_tag-montessori-jouets","42":"product_tag-open-ended-play-fr","44":"first","45":"outofstock","46":"taxable","47":"shipping-taxable","48":"purchasable","49":"product-type-simple"},"yoast_head":"<!-- This site is optimized with the Yoast SEO plugin v27.3 - https:\/\/yoast.com\/product\/yoast-seo-wordpress\/ -->\n<title>Flock complet 32 pi\u00e8ces - Flockmen - Teia Education &amp; Play<\/title>\n<meta name=\"description\" content=\"L\u2019ensemble Flock complet de Flockmen est compos\u00e9 de 32 Flockmen parfaitement fabriqu\u00e9es \u00e0 la main, en bois 100% naturel.\" \/>\n<meta name=\"robots\" content=\"index, follow, max-snippet:-1, max-image-preview:large, max-video-preview:-1\" \/>\n<link rel=\"canonical\" href=\"https:\/\/teiaeducation.ch\/fr\/produit\/flock-complet-32-pieces-flockmen\/\" \/>\n<meta property=\"og:locale\" content=\"fr_FR\" \/>\n<meta property=\"og:type\" content=\"article\" \/>\n<meta property=\"og:title\" content=\"Flock complet 32 pi\u00e8ces - Flockmen - Teia Education &amp; Play\" \/>\n<meta property=\"og:description\" content=\"L\u2019ensemble Flock complet de Flockmen est compos\u00e9 de 32 Flockmen parfaitement fabriqu\u00e9es \u00e0 la main, en bois 100% naturel.\" \/>\n<meta property=\"og:url\" content=\"https:\/\/teiaeducation.ch\/fr\/produit\/flock-complet-32-pieces-flockmen\/\" \/>\n<meta property=\"og:site_name\" content=\"Sustainable Educational Products &amp; Ecological Toys\u00a0\" \/>\n<meta property=\"article:publisher\" content=\"https:\/\/www.facebook.com\/teiaeducation\/\" \/>\n<meta property=\"article:modified_time\" content=\"2023-02-14T12:07:33+00:00\" \/>\n<meta property=\"og:image\" content=\"https:\/\/teiaeducation.ch\/wp-content\/uploads\/2020\/03\/Flockmen-Full-Flock-32-Pieces-scaled-scaled.jpg\" \/>\n\t<meta property=\"og:image:width\" content=\"2048\" \/>\n\t<meta property=\"og:image:height\" content=\"2048\" \/>\n\t<meta property=\"og:image:type\" content=\"image\/jpeg\" \/>\n<script type=\"application\/ld+json\" class=\"yoast-schema-graph\">{\"@context\":\"https:\\\/\\\/schema.org\",\"@graph\":[{\"@type\":\"WebPage\",\"@id\":\"https:\\\/\\\/teiaeducation.ch\\\/fr\\\/produit\\\/flock-complet-32-pieces-flockmen\\\/\",\"url\":\"https:\\\/\\\/teiaeducation.ch\\\/fr\\\/produit\\\/flock-complet-32-pieces-flockmen\\\/\",\"name\":\"Flock complet 32 pi\u00e8ces - Flockmen - Teia Education & Play\",\"isPartOf\":{\"@id\":\"https:\\\/\\\/teiaeducation.ch\\\/fr\\\/#website\"},\"primaryImageOfPage\":{\"@id\":\"https:\\\/\\\/teiaeducation.ch\\\/fr\\\/produit\\\/flock-complet-32-pieces-flockmen\\\/#primaryimage\"},\"image\":{\"@id\":\"https:\\\/\\\/teiaeducation.ch\\\/fr\\\/produit\\\/flock-complet-32-pieces-flockmen\\\/#primaryimage\"},\"thumbnailUrl\":\"https:\\\/\\\/teiaeducation.ch\\\/wp-content\\\/uploads\\\/2020\\\/03\\\/Flockmen-Full-Flock-32-Pieces-scaled-scaled.jpg\",\"datePublished\":\"2020-03-04T18:16:46+00:00\",\"dateModified\":\"2023-02-14T12:07:33+00:00\",\"description\":\"L\u2019ensemble Flock complet de Flockmen est compos\u00e9 de 32 Flockmen parfaitement fabriqu\u00e9es \u00e0 la main, en bois 100% naturel.\",\"breadcrumb\":{\"@id\":\"https:\\\/\\\/teiaeducation.ch\\\/fr\\\/produit\\\/flock-complet-32-pieces-flockmen\\\/#breadcrumb\"},\"inLanguage\":\"fr-FR\",\"potentialAction\":[{\"@type\":\"ReadAction\",\"target\":[\"https:\\\/\\\/teiaeducation.ch\\\/fr\\\/produit\\\/flock-complet-32-pieces-flockmen\\\/\"]}]},{\"@type\":\"ImageObject\",\"inLanguage\":\"fr-FR\",\"@id\":\"https:\\\/\\\/teiaeducation.ch\\\/fr\\\/produit\\\/flock-complet-32-pieces-flockmen\\\/#primaryimage\",\"url\":\"https:\\\/\\\/teiaeducation.ch\\\/wp-content\\\/uploads\\\/2020\\\/03\\\/Flockmen-Full-Flock-32-Pieces-scaled-scaled.jpg\",\"contentUrl\":\"https:\\\/\\\/teiaeducation.ch\\\/wp-content\\\/uploads\\\/2020\\\/03\\\/Flockmen-Full-Flock-32-Pieces-scaled-scaled.jpg\",\"width\":2048,\"height\":2048,\"caption\":\"Flock complet 32 pi\u00e8ces - Flockmen\"},{\"@type\":\"BreadcrumbList\",\"@id\":\"https:\\\/\\\/teiaeducation.ch\\\/fr\\\/produit\\\/flock-complet-32-pieces-flockmen\\\/#breadcrumb\",\"itemListElement\":[{\"@type\":\"ListItem\",\"position\":1,\"name\":\"Home\",\"item\":\"https:\\\/\\\/teiaeducation.ch\\\/fr\\\/\"},{\"@type\":\"ListItem\",\"position\":2,\"name\":\"Boutique Teia Education &amp; Play\",\"item\":\"https:\\\/\\\/teiaeducation.ch\\\/fr\\\/boutique\\\/\"},{\"@type\":\"ListItem\",\"position\":3,\"name\":\"Domaines du Curriculum\",\"item\":\"https:\\\/\\\/teiaeducation.ch\\\/fr\\\/categorie-produit\\\/domaines-du-curriculum\\\/\"},{\"@type\":\"ListItem\",\"position\":4,\"name\":\"Math\u00e9matiques &amp; Calcul\",\"item\":\"https:\\\/\\\/teiaeducation.ch\\\/fr\\\/categorie-produit\\\/domaines-du-curriculum\\\/mathematiques-calcul\\\/\"},{\"@type\":\"ListItem\",\"position\":5,\"name\":\"Apprendre \u00e0 Compter\",\"item\":\"https:\\\/\\\/teiaeducation.ch\\\/fr\\\/categorie-produit\\\/domaines-du-curriculum\\\/mathematiques-calcul\\\/apprendre-a-compter\\\/\"},{\"@type\":\"ListItem\",\"position\":6,\"name\":\"Flock complet 32 pi\u00e8ces &#8211; Flockmen\"}]},{\"@type\":\"WebSite\",\"@id\":\"https:\\\/\\\/teiaeducation.ch\\\/fr\\\/#website\",\"url\":\"https:\\\/\\\/teiaeducation.ch\\\/fr\\\/\",\"name\":\"Sustainable Educational Products &amp; Ecological Toys\u00a0\",\"description\":\"Specialised Swiss shop selling sustainable educational toys and games, AMI certified Montessori materials, handmade ecological wooden Waldorf toys and arts &amp; crafts supplies, school supplies, children&#039;s furniture and Montessori reference and parenting books.\",\"publisher\":{\"@id\":\"https:\\\/\\\/teiaeducation.ch\\\/fr\\\/#organization\"},\"alternateName\":\"Teia Education & Play\",\"potentialAction\":[{\"@type\":\"SearchAction\",\"target\":{\"@type\":\"EntryPoint\",\"urlTemplate\":\"https:\\\/\\\/teiaeducation.ch\\\/fr\\\/?s={search_term_string}\"},\"query-input\":{\"@type\":\"PropertyValueSpecification\",\"valueRequired\":true,\"valueName\":\"search_term_string\"}}],\"inLanguage\":\"fr-FR\"},{\"@type\":\"Organization\",\"@id\":\"https:\\\/\\\/teiaeducation.ch\\\/fr\\\/#organization\",\"name\":\"Teia Education & Play\",\"url\":\"https:\\\/\\\/teiaeducation.ch\\\/fr\\\/\",\"logo\":{\"@type\":\"ImageObject\",\"inLanguage\":\"fr-FR\",\"@id\":\"https:\\\/\\\/teiaeducation.ch\\\/fr\\\/#\\\/schema\\\/logo\\\/image\\\/\",\"url\":\"https:\\\/\\\/teiaeducation.ch\\\/wp-content\\\/uploads\\\/2020\\\/11\\\/Teia-Education-Switzerland-e1620156442216.jpg\",\"contentUrl\":\"https:\\\/\\\/teiaeducation.ch\\\/wp-content\\\/uploads\\\/2020\\\/11\\\/Teia-Education-Switzerland-e1620156442216.jpg\",\"width\":166,\"height\":145,\"caption\":\"Teia Education & Play\"},\"image\":{\"@id\":\"https:\\\/\\\/teiaeducation.ch\\\/fr\\\/#\\\/schema\\\/logo\\\/image\\\/\"},\"sameAs\":[\"https:\\\/\\\/www.facebook.com\\\/teiaeducation\\\/\",\"https:\\\/\\\/x.com\\\/EducationTeia\",\"https:\\\/\\\/www.instagram.com\\\/teia.education\\\/\",\"https:\\\/\\\/www.linkedin.com\\\/company\\\/35501660\",\"https:\\\/\\\/www.pinterest.ch\\\/TeiaEducation\\\/\"]}]}<\/script>\n<!-- \/ Yoast SEO plugin. -->","yoast_head_json":{"title":"Flock complet 32 pi\u00e8ces - Flockmen - Teia Education & Play","description":"L\u2019ensemble Flock complet de Flockmen est compos\u00e9 de 32 Flockmen parfaitement fabriqu\u00e9es \u00e0 la main, en bois 100% naturel.","robots":{"index":"index","follow":"follow","max-snippet":"max-snippet:-1","max-image-preview":"max-image-preview:large","max-video-preview":"max-video-preview:-1"},"canonical":"https:\/\/teiaeducation.ch\/fr\/produit\/flock-complet-32-pieces-flockmen\/","og_locale":"fr_FR","og_type":"article","og_title":"Flock complet 32 pi\u00e8ces - Flockmen - Teia Education & Play","og_description":"L\u2019ensemble Flock complet de Flockmen est compos\u00e9 de 32 Flockmen parfaitement fabriqu\u00e9es \u00e0 la main, en bois 100% naturel.","og_url":"https:\/\/teiaeducation.ch\/fr\/produit\/flock-complet-32-pieces-flockmen\/","og_site_name":"Sustainable Educational Products &amp; Ecological Toys\u00a0","article_publisher":"https:\/\/www.facebook.com\/teiaeducation\/","article_modified_time":"2023-02-14T12:07:33+00:00","og_image":[{"width":2048,"height":2048,"url":"https:\/\/teiaeducation.ch\/wp-content\/uploads\/2020\/03\/Flockmen-Full-Flock-32-Pieces-scaled-scaled.jpg","type":"image\/jpeg"}],"schema":{"@context":"https:\/\/schema.org","@graph":[{"@type":"WebPage","@id":"https:\/\/teiaeducation.ch\/fr\/produit\/flock-complet-32-pieces-flockmen\/","url":"https:\/\/teiaeducation.ch\/fr\/produit\/flock-complet-32-pieces-flockmen\/","name":"Flock complet 32 pi\u00e8ces - Flockmen - Teia Education & Play","isPartOf":{"@id":"https:\/\/teiaeducation.ch\/fr\/#website"},"primaryImageOfPage":{"@id":"https:\/\/teiaeducation.ch\/fr\/produit\/flock-complet-32-pieces-flockmen\/#primaryimage"},"image":{"@id":"https:\/\/teiaeducation.ch\/fr\/produit\/flock-complet-32-pieces-flockmen\/#primaryimage"},"thumbnailUrl":"https:\/\/teiaeducation.ch\/wp-content\/uploads\/2020\/03\/Flockmen-Full-Flock-32-Pieces-scaled-scaled.jpg","datePublished":"2020-03-04T18:16:46+00:00","dateModified":"2023-02-14T12:07:33+00:00","description":"L\u2019ensemble Flock complet de Flockmen est compos\u00e9 de 32 Flockmen parfaitement fabriqu\u00e9es \u00e0 la main, en bois 100% naturel.","breadcrumb":{"@id":"https:\/\/teiaeducation.ch\/fr\/produit\/flock-complet-32-pieces-flockmen\/#breadcrumb"},"inLanguage":"fr-FR","potentialAction":[{"@type":"ReadAction","target":["https:\/\/teiaeducation.ch\/fr\/produit\/flock-complet-32-pieces-flockmen\/"]}]},{"@type":"ImageObject","inLanguage":"fr-FR","@id":"https:\/\/teiaeducation.ch\/fr\/produit\/flock-complet-32-pieces-flockmen\/#primaryimage","url":"https:\/\/teiaeducation.ch\/wp-content\/uploads\/2020\/03\/Flockmen-Full-Flock-32-Pieces-scaled-scaled.jpg","contentUrl":"https:\/\/teiaeducation.ch\/wp-content\/uploads\/2020\/03\/Flockmen-Full-Flock-32-Pieces-scaled-scaled.jpg","width":2048,"height":2048,"caption":"Flock complet 32 pi\u00e8ces - Flockmen"},{"@type":"BreadcrumbList","@id":"https:\/\/teiaeducation.ch\/fr\/produit\/flock-complet-32-pieces-flockmen\/#breadcrumb","itemListElement":[{"@type":"ListItem","position":1,"name":"Home","item":"https:\/\/teiaeducation.ch\/fr\/"},{"@type":"ListItem","position":2,"name":"Boutique Teia Education &amp; Play","item":"https:\/\/teiaeducation.ch\/fr\/boutique\/"},{"@type":"ListItem","position":3,"name":"Domaines du Curriculum","item":"https:\/\/teiaeducation.ch\/fr\/categorie-produit\/domaines-du-curriculum\/"},{"@type":"ListItem","position":4,"name":"Math\u00e9matiques &amp; Calcul","item":"https:\/\/teiaeducation.ch\/fr\/categorie-produit\/domaines-du-curriculum\/mathematiques-calcul\/"},{"@type":"ListItem","position":5,"name":"Apprendre \u00e0 Compter","item":"https:\/\/teiaeducation.ch\/fr\/categorie-produit\/domaines-du-curriculum\/mathematiques-calcul\/apprendre-a-compter\/"},{"@type":"ListItem","position":6,"name":"Flock complet 32 pi\u00e8ces &#8211; Flockmen"}]},{"@type":"WebSite","@id":"https:\/\/teiaeducation.ch\/fr\/#website","url":"https:\/\/teiaeducation.ch\/fr\/","name":"Sustainable Educational Products &amp; Ecological Toys\u00a0","description":"Specialised Swiss shop selling sustainable educational toys and games, AMI certified Montessori materials, handmade ecological wooden Waldorf toys and arts &amp; crafts supplies, school supplies, children&#039;s furniture and Montessori reference and parenting books.","publisher":{"@id":"https:\/\/teiaeducation.ch\/fr\/#organization"},"alternateName":"Teia Education & Play","potentialAction":[{"@type":"SearchAction","target":{"@type":"EntryPoint","urlTemplate":"https:\/\/teiaeducation.ch\/fr\/?s={search_term_string}"},"query-input":{"@type":"PropertyValueSpecification","valueRequired":true,"valueName":"search_term_string"}}],"inLanguage":"fr-FR"},{"@type":"Organization","@id":"https:\/\/teiaeducation.ch\/fr\/#organization","name":"Teia Education & Play","url":"https:\/\/teiaeducation.ch\/fr\/","logo":{"@type":"ImageObject","inLanguage":"fr-FR","@id":"https:\/\/teiaeducation.ch\/fr\/#\/schema\/logo\/image\/","url":"https:\/\/teiaeducation.ch\/wp-content\/uploads\/2020\/11\/Teia-Education-Switzerland-e1620156442216.jpg","contentUrl":"https:\/\/teiaeducation.ch\/wp-content\/uploads\/2020\/11\/Teia-Education-Switzerland-e1620156442216.jpg","width":166,"height":145,"caption":"Teia Education & Play"},"image":{"@id":"https:\/\/teiaeducation.ch\/fr\/#\/schema\/logo\/image\/"},"sameAs":["https:\/\/www.facebook.com\/teiaeducation\/","https:\/\/x.com\/EducationTeia","https:\/\/www.instagram.com\/teia.education\/","https:\/\/www.linkedin.com\/company\/35501660","https:\/\/www.pinterest.ch\/TeiaEducation\/"]}]}},"_links":{"self":[{"href":"https:\/\/teiaeducation.ch\/fr\/wp-json\/wp\/v2\/product\/23702","targetHints":{"allow":["GET"]}}],"collection":[{"href":"https:\/\/teiaeducation.ch\/fr\/wp-json\/wp\/v2\/product"}],"about":[{"href":"https:\/\/teiaeducation.ch\/fr\/wp-json\/wp\/v2\/types\/product"}],"replies":[{"embeddable":true,"href":"https:\/\/teiaeducation.ch\/fr\/wp-json\/wp\/v2\/comments?post=23702"}],"wp:featuredmedia":[{"embeddable":true,"href":"https:\/\/teiaeducation.ch\/fr\/wp-json\/wp\/v2\/media\/23656"}],"wp:attachment":[{"href":"https:\/\/teiaeducation.ch\/fr\/wp-json\/wp\/v2\/media?parent=23702"}],"wp:term":[{"taxonomy":"product_brand","embeddable":true,"href":"https:\/\/teiaeducation.ch\/fr\/wp-json\/wp\/v2\/product_brand?post=23702"},{"taxonomy":"product_cat","embeddable":true,"href":"https:\/\/teiaeducation.ch\/fr\/wp-json\/wp\/v2\/product_cat?post=23702"},{"taxonomy":"product_tag","embeddable":true,"href":"https:\/\/teiaeducation.ch\/fr\/wp-json\/wp\/v2\/product_tag?post=23702"}],"curies":[{"name":"wp","href":"https:\/\/api.w.org\/{rel}","templated":true}]}}