{"id":23705,"date":"2020-03-04T18:09:58","date_gmt":"2020-03-04T17:09:58","guid":{"rendered":"https:\/\/teiaeducation.ch\/product\/flock-demi-16-pieces-flockmen\/"},"modified":"2024-11-21T17:06:02","modified_gmt":"2024-11-21T16:06:02","slug":"flock-demi-16-pieces-flockmen","status":"publish","type":"product","link":"https:\/\/teiaeducation.ch\/fr\/produit\/flock-demi-16-pieces-flockmen\/","title":{"rendered":"Flock demi 16 pi\u00e8ces &#8211; Flockmen"},"content":{"rendered":"<p>Flock demi 16 pi\u00e8ces &#8211; Flockmen<\/p>\n<p>L\u2019ensemble Flock demi de Flockmen est compos\u00e9 de 16 Flockmen parfaitement faits \u00e0 la main, en bois 100% naturel, pour commencer \u00e0 \u00eatre cr\u00e9atif. Le Flock demi est parfaitement adapt\u00e9 \u00e0 prendre en vacances ou \u00e0 offrir en cadeau pour\u00a0une\u00a0r\u00e9ception-cadeau pour b\u00e9b\u00e9 ou pour un premier anniversaire. D\u2019autres Flockmen peuvent \u00eatre ajout\u00e9es au fur et \u00e0 mesure des vos besoins et de vos enfants.<\/p>\n<p>Le Flock demi sert \u00e9galement de point de d\u00e9part \u00e0 un exercice de pleine conscience pour les adultes. L&#8217;ensemble est suffisamment petit pour \u00eatre rang\u00e9 dans un tiroir de bureau au travail et tient m\u00eame dans un sac \u00e0 main.<\/p>\n<p>Chaque homme Flockmen en bois est enti\u00e8rement fabriqu\u00e9 \u00e0 la main \u00e0 partir de bois naturel et mesure : 50 mm de large, 70 mm de haut et 15 mm d\u2019\u00e9paisseur. Les Flockmen sont con\u00e7us pour \u00eatre impossibles \u00e0 avaler et il est donc possible de jouer en toute s\u00e9curit\u00e9 autour des b\u00e9b\u00e9s.<\/p>\n<p>L\u2019ensemble comprend un sac de rangement pratique et renforc\u00e9 en lin naturel pour ranger les Flockmen en toute s\u00e9curit\u00e9 lorsqu\u2019ils ne sont pas utilis\u00e9s, ainsi qu\u2019une carte d\u2019inspiration avec des id\u00e9es et des ressources pour se lancer des d\u00e9fis avec les Flockmen.<\/p>\n<p>Les Flockmen conviennent aux enfants \u00e2g\u00e9s de 2 ans et plus.<\/p>\n<p>Contenu :<\/p>\n<p>16 Flockmen<br \/>\n1 sac de rangement en lin<br \/>\nUne carte d\u2019inspiration<br \/>\nInstructions de soins<\/p>\n<p><strong>Flockmen \u2013 ce n\u2019est pas seulement un jouet !<\/strong><\/p>\n<p><iframe loading=\"lazy\" title=\"Flockmen- this is not just a Toy!\" width=\"1020\" height=\"574\" src=\"https:\/\/www.youtube.com\/embed\/UaIVx873u6w?start=18&#038;feature=oembed\" frameborder=\"0\" allow=\"accelerometer; autoplay; clipboard-write; encrypted-media; gyroscope; picture-in-picture\" allowfullscreen><\/iframe><\/p>\n","protected":false},"excerpt":{"rendered":"<p>Num\u00e9ro d&#8217;article: FM0001<\/p>\n<p>Le Flock demi de Flockmen est compos\u00e9 de 16 Flockmen parfaitement fabriqu\u00e9es \u00e0 la main, en bois 100% naturel, pour commencer \u00e0 \u00eatre cr\u00e9atif.<\/p>\n","protected":false},"featured_media":23634,"comment_status":"closed","ping_status":"closed","template":"","meta":[],"product_brand":[],"product_cat":[208,8527,215,216,13128,635,283,13146,8105,8526,8572,13130,13144,23020,23021,1220,627,13140,288,7595,217,209,7603,212,1219],"product_tag":[8129,8177,8154,8131,8130,8128,6714,1227,8132,23582],"class_list":{"0":"post-23705","1":"product","2":"type-product","3":"status-publish","4":"has-post-thumbnail","6":"product_cat-1-3-ans","7":"product_cat-3-6-ans-ecole-a-domicile","8":"product_cat-3-6-ans","9":"product_cat-6-12-ans","10":"product_cat-apprendre-a-compter","11":"product_cat-competences-motrices","12":"product_cat-domaines-du-curriculum","13":"product_cat-figurines-en-bois","14":"product_cat-flockmen-fr","15":"product_cat-fournitures-scolaires-a-domicile","16":"product_cat-jeu-et-apprentissage-pour-bebes-et-jeunes-enfants","17":"product_cat-jouer","18":"product_cat-jouets-a-empiler","19":"product_cat-jouets-en-bois","20":"product_cat-jouets-waldorf","21":"product_cat-traditionnelle","22":"product_cat-orientation-spatiale-fr","23":"product_cat-jeu-libre","24":"product_cat-mathematiques-calcul","25":"product_cat-methode-deducation","26":"product_cat-marques","27":"product_cat-sensorielles-motrices","28":"product_cat-soldes","29":"product_cat-tranche-dage","30":"product_cat-waldorf-fr","31":"product_tag-flockmen-fr","32":"product_tag-flockmen-16-pieces-fr","33":"product_tag-flockmen-demi-flock","34":"product_tag-flockmen-suisse-fr","35":"product_tag-flockmen-switzerland-fr","36":"product_tag-jouets-en-bois-fabriques-a-la-main","37":"product_tag-jouets-en-bois-faits-a-la-main","38":"product_tag-jouets-ouverts","39":"product_tag-montessori-jouets","40":"product_tag-open-ended-play-fr","42":"first","43":"instock","44":"sale","45":"taxable","46":"shipping-taxable","47":"purchasable","48":"product-type-simple"},"yoast_head":"<!-- This site is optimized with the Yoast SEO plugin v27.3 - https:\/\/yoast.com\/product\/yoast-seo-wordpress\/ -->\n<title>Flock demi 16 pi\u00e8ces - Flockmen - Teia Education &amp; Play<\/title>\n<meta name=\"description\" content=\"Le Flock demi de Flockmen est compos\u00e9 de 16 Flockmen parfaitement fabriqu\u00e9es \u00e0 la main, en bois 100% naturel, pour commencer \u00e0 \u00eatre cr\u00e9atif.\" \/>\n<meta name=\"robots\" content=\"index, follow, max-snippet:-1, max-image-preview:large, max-video-preview:-1\" \/>\n<link rel=\"canonical\" href=\"https:\/\/teiaeducation.ch\/fr\/produit\/flock-demi-16-pieces-flockmen\/\" \/>\n<meta property=\"og:locale\" content=\"fr_FR\" \/>\n<meta property=\"og:type\" content=\"article\" \/>\n<meta property=\"og:title\" content=\"Flock demi 16 pi\u00e8ces - Flockmen - Teia Education &amp; Play\" \/>\n<meta property=\"og:description\" content=\"Le Flock demi de Flockmen est compos\u00e9 de 16 Flockmen parfaitement fabriqu\u00e9es \u00e0 la main, en bois 100% naturel, pour commencer \u00e0 \u00eatre cr\u00e9atif.\" \/>\n<meta property=\"og:url\" content=\"https:\/\/teiaeducation.ch\/fr\/produit\/flock-demi-16-pieces-flockmen\/\" \/>\n<meta property=\"og:site_name\" content=\"Sustainable Educational Products &amp; Ecological Toys\u00a0\" \/>\n<meta property=\"article:publisher\" content=\"https:\/\/www.facebook.com\/teiaeducation\/\" \/>\n<meta property=\"article:modified_time\" content=\"2024-11-21T16:06:02+00:00\" \/>\n<meta property=\"og:image\" content=\"https:\/\/teiaeducation.ch\/wp-content\/uploads\/2020\/03\/flockmen-half-flock-16-pieces-Teia-Education.jpg\" \/>\n\t<meta property=\"og:image:width\" content=\"1200\" \/>\n\t<meta property=\"og:image:height\" content=\"1200\" \/>\n\t<meta property=\"og:image:type\" content=\"image\/jpeg\" \/>\n<script type=\"application\/ld+json\" class=\"yoast-schema-graph\">{\"@context\":\"https:\\\/\\\/schema.org\",\"@graph\":[{\"@type\":\"WebPage\",\"@id\":\"https:\\\/\\\/teiaeducation.ch\\\/fr\\\/produit\\\/flock-demi-16-pieces-flockmen\\\/\",\"url\":\"https:\\\/\\\/teiaeducation.ch\\\/fr\\\/produit\\\/flock-demi-16-pieces-flockmen\\\/\",\"name\":\"Flock demi 16 pi\u00e8ces - Flockmen - Teia Education & Play\",\"isPartOf\":{\"@id\":\"https:\\\/\\\/teiaeducation.ch\\\/fr\\\/#website\"},\"primaryImageOfPage\":{\"@id\":\"https:\\\/\\\/teiaeducation.ch\\\/fr\\\/produit\\\/flock-demi-16-pieces-flockmen\\\/#primaryimage\"},\"image\":{\"@id\":\"https:\\\/\\\/teiaeducation.ch\\\/fr\\\/produit\\\/flock-demi-16-pieces-flockmen\\\/#primaryimage\"},\"thumbnailUrl\":\"https:\\\/\\\/teiaeducation.ch\\\/wp-content\\\/uploads\\\/2020\\\/03\\\/flockmen-half-flock-16-pieces-Teia-Education.jpg\",\"datePublished\":\"2020-03-04T17:09:58+00:00\",\"dateModified\":\"2024-11-21T16:06:02+00:00\",\"description\":\"Le Flock demi de Flockmen est compos\u00e9 de 16 Flockmen parfaitement fabriqu\u00e9es \u00e0 la main, en bois 100% naturel, pour commencer \u00e0 \u00eatre cr\u00e9atif.\",\"breadcrumb\":{\"@id\":\"https:\\\/\\\/teiaeducation.ch\\\/fr\\\/produit\\\/flock-demi-16-pieces-flockmen\\\/#breadcrumb\"},\"inLanguage\":\"fr-FR\",\"potentialAction\":[{\"@type\":\"ReadAction\",\"target\":[\"https:\\\/\\\/teiaeducation.ch\\\/fr\\\/produit\\\/flock-demi-16-pieces-flockmen\\\/\"]}]},{\"@type\":\"ImageObject\",\"inLanguage\":\"fr-FR\",\"@id\":\"https:\\\/\\\/teiaeducation.ch\\\/fr\\\/produit\\\/flock-demi-16-pieces-flockmen\\\/#primaryimage\",\"url\":\"https:\\\/\\\/teiaeducation.ch\\\/wp-content\\\/uploads\\\/2020\\\/03\\\/flockmen-half-flock-16-pieces-Teia-Education.jpg\",\"contentUrl\":\"https:\\\/\\\/teiaeducation.ch\\\/wp-content\\\/uploads\\\/2020\\\/03\\\/flockmen-half-flock-16-pieces-Teia-Education.jpg\",\"width\":1200,\"height\":1200,\"caption\":\"Flock demi 16 pi\u00e8ces - Flockmen\"},{\"@type\":\"BreadcrumbList\",\"@id\":\"https:\\\/\\\/teiaeducation.ch\\\/fr\\\/produit\\\/flock-demi-16-pieces-flockmen\\\/#breadcrumb\",\"itemListElement\":[{\"@type\":\"ListItem\",\"position\":1,\"name\":\"Home\",\"item\":\"https:\\\/\\\/teiaeducation.ch\\\/fr\\\/\"},{\"@type\":\"ListItem\",\"position\":2,\"name\":\"Boutique Teia Education &amp; Play\",\"item\":\"https:\\\/\\\/teiaeducation.ch\\\/fr\\\/boutique\\\/\"},{\"@type\":\"ListItem\",\"position\":3,\"name\":\"Domaines du Curriculum\",\"item\":\"https:\\\/\\\/teiaeducation.ch\\\/fr\\\/categorie-produit\\\/domaines-du-curriculum\\\/\"},{\"@type\":\"ListItem\",\"position\":4,\"name\":\"Math\u00e9matiques &amp; Calcul\",\"item\":\"https:\\\/\\\/teiaeducation.ch\\\/fr\\\/categorie-produit\\\/domaines-du-curriculum\\\/mathematiques-calcul\\\/\"},{\"@type\":\"ListItem\",\"position\":5,\"name\":\"Apprendre \u00e0 Compter\",\"item\":\"https:\\\/\\\/teiaeducation.ch\\\/fr\\\/categorie-produit\\\/domaines-du-curriculum\\\/mathematiques-calcul\\\/apprendre-a-compter\\\/\"},{\"@type\":\"ListItem\",\"position\":6,\"name\":\"Flock demi 16 pi\u00e8ces &#8211; Flockmen\"}]},{\"@type\":\"WebSite\",\"@id\":\"https:\\\/\\\/teiaeducation.ch\\\/fr\\\/#website\",\"url\":\"https:\\\/\\\/teiaeducation.ch\\\/fr\\\/\",\"name\":\"Sustainable Educational Products &amp; Ecological Toys\u00a0\",\"description\":\"Specialised Swiss shop selling sustainable educational toys and games, AMI certified Montessori materials, handmade ecological wooden Waldorf toys and arts &amp; crafts supplies, school supplies, children&#039;s furniture and Montessori reference and parenting books.\",\"publisher\":{\"@id\":\"https:\\\/\\\/teiaeducation.ch\\\/fr\\\/#organization\"},\"alternateName\":\"Teia Education & Play\",\"potentialAction\":[{\"@type\":\"SearchAction\",\"target\":{\"@type\":\"EntryPoint\",\"urlTemplate\":\"https:\\\/\\\/teiaeducation.ch\\\/fr\\\/?s={search_term_string}\"},\"query-input\":{\"@type\":\"PropertyValueSpecification\",\"valueRequired\":true,\"valueName\":\"search_term_string\"}}],\"inLanguage\":\"fr-FR\"},{\"@type\":\"Organization\",\"@id\":\"https:\\\/\\\/teiaeducation.ch\\\/fr\\\/#organization\",\"name\":\"Teia Education & Play\",\"url\":\"https:\\\/\\\/teiaeducation.ch\\\/fr\\\/\",\"logo\":{\"@type\":\"ImageObject\",\"inLanguage\":\"fr-FR\",\"@id\":\"https:\\\/\\\/teiaeducation.ch\\\/fr\\\/#\\\/schema\\\/logo\\\/image\\\/\",\"url\":\"https:\\\/\\\/teiaeducation.ch\\\/wp-content\\\/uploads\\\/2020\\\/11\\\/Teia-Education-Switzerland-e1620156442216.jpg\",\"contentUrl\":\"https:\\\/\\\/teiaeducation.ch\\\/wp-content\\\/uploads\\\/2020\\\/11\\\/Teia-Education-Switzerland-e1620156442216.jpg\",\"width\":166,\"height\":145,\"caption\":\"Teia Education & Play\"},\"image\":{\"@id\":\"https:\\\/\\\/teiaeducation.ch\\\/fr\\\/#\\\/schema\\\/logo\\\/image\\\/\"},\"sameAs\":[\"https:\\\/\\\/www.facebook.com\\\/teiaeducation\\\/\",\"https:\\\/\\\/x.com\\\/EducationTeia\",\"https:\\\/\\\/www.instagram.com\\\/teia.education\\\/\",\"https:\\\/\\\/www.linkedin.com\\\/company\\\/35501660\",\"https:\\\/\\\/www.pinterest.ch\\\/TeiaEducation\\\/\"]}]}<\/script>\n<!-- \/ Yoast SEO plugin. -->","yoast_head_json":{"title":"Flock demi 16 pi\u00e8ces - Flockmen - Teia Education & Play","description":"Le Flock demi de Flockmen est compos\u00e9 de 16 Flockmen parfaitement fabriqu\u00e9es \u00e0 la main, en bois 100% naturel, pour commencer \u00e0 \u00eatre cr\u00e9atif.","robots":{"index":"index","follow":"follow","max-snippet":"max-snippet:-1","max-image-preview":"max-image-preview:large","max-video-preview":"max-video-preview:-1"},"canonical":"https:\/\/teiaeducation.ch\/fr\/produit\/flock-demi-16-pieces-flockmen\/","og_locale":"fr_FR","og_type":"article","og_title":"Flock demi 16 pi\u00e8ces - Flockmen - Teia Education & Play","og_description":"Le Flock demi de Flockmen est compos\u00e9 de 16 Flockmen parfaitement fabriqu\u00e9es \u00e0 la main, en bois 100% naturel, pour commencer \u00e0 \u00eatre cr\u00e9atif.","og_url":"https:\/\/teiaeducation.ch\/fr\/produit\/flock-demi-16-pieces-flockmen\/","og_site_name":"Sustainable Educational Products &amp; Ecological Toys\u00a0","article_publisher":"https:\/\/www.facebook.com\/teiaeducation\/","article_modified_time":"2024-11-21T16:06:02+00:00","og_image":[{"width":1200,"height":1200,"url":"https:\/\/teiaeducation.ch\/wp-content\/uploads\/2020\/03\/flockmen-half-flock-16-pieces-Teia-Education.jpg","type":"image\/jpeg"}],"schema":{"@context":"https:\/\/schema.org","@graph":[{"@type":"WebPage","@id":"https:\/\/teiaeducation.ch\/fr\/produit\/flock-demi-16-pieces-flockmen\/","url":"https:\/\/teiaeducation.ch\/fr\/produit\/flock-demi-16-pieces-flockmen\/","name":"Flock demi 16 pi\u00e8ces - Flockmen - Teia Education & Play","isPartOf":{"@id":"https:\/\/teiaeducation.ch\/fr\/#website"},"primaryImageOfPage":{"@id":"https:\/\/teiaeducation.ch\/fr\/produit\/flock-demi-16-pieces-flockmen\/#primaryimage"},"image":{"@id":"https:\/\/teiaeducation.ch\/fr\/produit\/flock-demi-16-pieces-flockmen\/#primaryimage"},"thumbnailUrl":"https:\/\/teiaeducation.ch\/wp-content\/uploads\/2020\/03\/flockmen-half-flock-16-pieces-Teia-Education.jpg","datePublished":"2020-03-04T17:09:58+00:00","dateModified":"2024-11-21T16:06:02+00:00","description":"Le Flock demi de Flockmen est compos\u00e9 de 16 Flockmen parfaitement fabriqu\u00e9es \u00e0 la main, en bois 100% naturel, pour commencer \u00e0 \u00eatre cr\u00e9atif.","breadcrumb":{"@id":"https:\/\/teiaeducation.ch\/fr\/produit\/flock-demi-16-pieces-flockmen\/#breadcrumb"},"inLanguage":"fr-FR","potentialAction":[{"@type":"ReadAction","target":["https:\/\/teiaeducation.ch\/fr\/produit\/flock-demi-16-pieces-flockmen\/"]}]},{"@type":"ImageObject","inLanguage":"fr-FR","@id":"https:\/\/teiaeducation.ch\/fr\/produit\/flock-demi-16-pieces-flockmen\/#primaryimage","url":"https:\/\/teiaeducation.ch\/wp-content\/uploads\/2020\/03\/flockmen-half-flock-16-pieces-Teia-Education.jpg","contentUrl":"https:\/\/teiaeducation.ch\/wp-content\/uploads\/2020\/03\/flockmen-half-flock-16-pieces-Teia-Education.jpg","width":1200,"height":1200,"caption":"Flock demi 16 pi\u00e8ces - Flockmen"},{"@type":"BreadcrumbList","@id":"https:\/\/teiaeducation.ch\/fr\/produit\/flock-demi-16-pieces-flockmen\/#breadcrumb","itemListElement":[{"@type":"ListItem","position":1,"name":"Home","item":"https:\/\/teiaeducation.ch\/fr\/"},{"@type":"ListItem","position":2,"name":"Boutique Teia Education &amp; Play","item":"https:\/\/teiaeducation.ch\/fr\/boutique\/"},{"@type":"ListItem","position":3,"name":"Domaines du Curriculum","item":"https:\/\/teiaeducation.ch\/fr\/categorie-produit\/domaines-du-curriculum\/"},{"@type":"ListItem","position":4,"name":"Math\u00e9matiques &amp; Calcul","item":"https:\/\/teiaeducation.ch\/fr\/categorie-produit\/domaines-du-curriculum\/mathematiques-calcul\/"},{"@type":"ListItem","position":5,"name":"Apprendre \u00e0 Compter","item":"https:\/\/teiaeducation.ch\/fr\/categorie-produit\/domaines-du-curriculum\/mathematiques-calcul\/apprendre-a-compter\/"},{"@type":"ListItem","position":6,"name":"Flock demi 16 pi\u00e8ces &#8211; Flockmen"}]},{"@type":"WebSite","@id":"https:\/\/teiaeducation.ch\/fr\/#website","url":"https:\/\/teiaeducation.ch\/fr\/","name":"Sustainable Educational Products &amp; Ecological Toys\u00a0","description":"Specialised Swiss shop selling sustainable educational toys and games, AMI certified Montessori materials, handmade ecological wooden Waldorf toys and arts &amp; crafts supplies, school supplies, children&#039;s furniture and Montessori reference and parenting books.","publisher":{"@id":"https:\/\/teiaeducation.ch\/fr\/#organization"},"alternateName":"Teia Education & Play","potentialAction":[{"@type":"SearchAction","target":{"@type":"EntryPoint","urlTemplate":"https:\/\/teiaeducation.ch\/fr\/?s={search_term_string}"},"query-input":{"@type":"PropertyValueSpecification","valueRequired":true,"valueName":"search_term_string"}}],"inLanguage":"fr-FR"},{"@type":"Organization","@id":"https:\/\/teiaeducation.ch\/fr\/#organization","name":"Teia Education & Play","url":"https:\/\/teiaeducation.ch\/fr\/","logo":{"@type":"ImageObject","inLanguage":"fr-FR","@id":"https:\/\/teiaeducation.ch\/fr\/#\/schema\/logo\/image\/","url":"https:\/\/teiaeducation.ch\/wp-content\/uploads\/2020\/11\/Teia-Education-Switzerland-e1620156442216.jpg","contentUrl":"https:\/\/teiaeducation.ch\/wp-content\/uploads\/2020\/11\/Teia-Education-Switzerland-e1620156442216.jpg","width":166,"height":145,"caption":"Teia Education & Play"},"image":{"@id":"https:\/\/teiaeducation.ch\/fr\/#\/schema\/logo\/image\/"},"sameAs":["https:\/\/www.facebook.com\/teiaeducation\/","https:\/\/x.com\/EducationTeia","https:\/\/www.instagram.com\/teia.education\/","https:\/\/www.linkedin.com\/company\/35501660","https:\/\/www.pinterest.ch\/TeiaEducation\/"]}]}},"_links":{"self":[{"href":"https:\/\/teiaeducation.ch\/fr\/wp-json\/wp\/v2\/product\/23705","targetHints":{"allow":["GET"]}}],"collection":[{"href":"https:\/\/teiaeducation.ch\/fr\/wp-json\/wp\/v2\/product"}],"about":[{"href":"https:\/\/teiaeducation.ch\/fr\/wp-json\/wp\/v2\/types\/product"}],"replies":[{"embeddable":true,"href":"https:\/\/teiaeducation.ch\/fr\/wp-json\/wp\/v2\/comments?post=23705"}],"wp:featuredmedia":[{"embeddable":true,"href":"https:\/\/teiaeducation.ch\/fr\/wp-json\/wp\/v2\/media\/23634"}],"wp:attachment":[{"href":"https:\/\/teiaeducation.ch\/fr\/wp-json\/wp\/v2\/media?parent=23705"}],"wp:term":[{"taxonomy":"product_brand","embeddable":true,"href":"https:\/\/teiaeducation.ch\/fr\/wp-json\/wp\/v2\/product_brand?post=23705"},{"taxonomy":"product_cat","embeddable":true,"href":"https:\/\/teiaeducation.ch\/fr\/wp-json\/wp\/v2\/product_cat?post=23705"},{"taxonomy":"product_tag","embeddable":true,"href":"https:\/\/teiaeducation.ch\/fr\/wp-json\/wp\/v2\/product_tag?post=23705"}],"curies":[{"name":"wp","href":"https:\/\/api.w.org\/{rel}","templated":true}]}}