{"id":24185,"date":"2020-01-20T10:38:53","date_gmt":"2020-01-20T09:38:53","guid":{"rendered":"https:\/\/teiaeducation.ch\/product\/trier-les-ours-toys-for-life\/"},"modified":"2022-12-05T11:22:08","modified_gmt":"2022-12-05T10:22:08","slug":"trier-les-ours-toys-for-life","status":"publish","type":"product","link":"https:\/\/teiaeducation.ch\/fr\/produit\/trier-les-ours-toys-for-life\/","title":{"rendered":"Trier les ours &#8211; Toys for Life"},"content":{"rendered":"<p>En jouant au jeu \u00e9ducatif trier les ours de Toys for Life, les enfants apprennent les <a href=\"https:\/\/teiaeducation.ch\/fr\/categorie-produit\/domaines-du-curriculum\/mathematiques-calcul\/formes\/\">formes<\/a> et les <a href=\"https:\/\/teiaeducation.ch\/fr\/categorie-produit\/domaines-du-curriculum\/sensorielles-motrices\/apprendre-les-couleurs\/\">couleurs<\/a> !<\/p>\n<p>Le but du jeu est de placer les ours de la m\u00eame couleur et de la m\u00eame taille pour qu&#8217;ils correspondent au mod\u00e8le illustr\u00e9 sur la carte d&#8217;exercice en bois. Les ours peuvent \u00eatre plac\u00e9s \u00e0 la main ou \u00e0 l&#8217;aide de la pince en bois incluse, ce qui d\u00e9veloppe \u00e9galement la <a href=\"https:\/\/teiaeducation.ch\/fr\/categorie-produit\/domaines-du-curriculum\/sensorielles-motrices\/competences-motrices\/\">motricit\u00e9<\/a> fine.<\/p>\n<p><a href=\"https:\/\/teiaeducation.ch\/fr\/categorie-produit\/marques\/toys-for-life-fr\/\">Toys for Life<\/a> offre une gamme de produits \u00e9ducatifs abordables \u00e0 appliquer dans le domaine de l\u2019\u00e9ducation \u00e0 domicile pour Enfants enfants \u00e2g\u00e9s de 1 \u00e0 6 ans. Les produits Toys for Life ont \u00e9t\u00e9 d\u00e9velopp\u00e9s en \u00e9troite collaboration avec l\u2019\u00e9quipe \u00e0 l\u2019origine de la marque Educo de Heutink International.<\/p>\n<p>La gamme de produits Toys for Life est divis\u00e9e en trois domaines de programmes scolaires : les <a href=\"https:\/\/teiaeducation.ch\/fr\/categorie-produit\/marques\/toys-for-life-fr\/mathematiques-toys-for-life-fr\/\">math\u00e9matiques<\/a>, le <a href=\"https:\/\/teiaeducation.ch\/fr\/categorie-produit\/marques\/toys-for-life-fr\/langage-toys-for-life-fr\/\">langage<\/a> et la <a href=\"https:\/\/teiaeducation.ch\/fr\/categorie-produit\/marques\/toys-for-life-fr\/motricite-toys-for-life-fr\/\">motricit\u00e9<\/a>. Tous les produits Toys for Life par <a href=\"https:\/\/teiaeducation.ch\/fr\/categorie-produit\/marques\/educo-fr\/\">Educo<\/a> r\u00e9pondent aux exigences de diverses r\u00e9glementations en mati\u00e8re de s\u00e9curit\u00e9 des jouets et sont conformes \u00e0 la directive europ\u00e9enne 2009\/48\/CE sur la s\u00e9curit\u00e9 des jouets et aux normes EN71, ASTM et GB.<\/p>\n<p>Trier les ours\u00a0est adapt\u00e9 aux enfants de 3 ans et plus.<\/p>\n<p>Contenu :<\/p>\n<p>5 cartes d&#8217;exercice\u00a0en bois \u00e0 deux faces avec 10 devoirs au total (28 x 7 cm)<br \/>\n32 ours en plastique de 4 couleurs et 4 tailles diff\u00e9rentes<br \/>\n1 pince en bois<br \/>\nUne bo\u00eete de rangement magn\u00e9tique (31 x 23 x 6 cm)<br \/>\nManuel d&#8217;instructions<\/p>\n","protected":false},"excerpt":{"rendered":"<p>Num\u00e9ro d&#8217;article: 900000083<\/p>\n<p>En jouant au jeu \u00e9ducatif trier les ours de Toys for Life, enfants apprennent les formes et les couleurs par placer les ours de la m\u00eame couleur et de la m\u00eame taille.<\/p>\n","protected":false},"featured_media":21888,"comment_status":"closed","ping_status":"closed","template":"","meta":[],"product_brand":[],"product_cat":[8527,215,216,285,633,601,635,283,8526,1220,624,630,7592,288,7595,217,5851,608,209,623,7590,212],"product_tag":[1366,23602,776,651,8525,8529,8528],"class_list":{"0":"post-24185","1":"product","2":"type-product","3":"status-publish","4":"has-post-thumbnail","6":"product_cat-3-6-ans-ecole-a-domicile","7":"product_cat-3-6-ans","8":"product_cat-6-12-ans","9":"product_cat-alphabetisation-langage","10":"product_cat-apprendre-les-couleurs","11":"product_cat-classification-fr","12":"product_cat-competences-motrices","13":"product_cat-domaines-du-curriculum","14":"product_cat-fournitures-scolaires-a-domicile","15":"product_cat-traditionnelle","16":"product_cat-formes","17":"product_cat-nombres","18":"product_cat-mathematiques-toys-for-life-fr","19":"product_cat-mathematiques-calcul","20":"product_cat-methode-deducation","21":"product_cat-marques","22":"product_cat-nouveautes","23":"product_cat-oppositions-combinaisons","24":"product_cat-sensorielles-motrices","25":"product_cat-serialisation","26":"product_cat-toys-for-life-fr","27":"product_cat-tranche-dage","28":"product_tag-couleur-et-forme","29":"product_tag-educational-toys-fr","30":"product_tag-heutink-international-suisse","31":"product_tag-materiel-pedagogique-suisse","32":"product_tag-toys-for-life-fr","33":"product_tag-tri-par-taille-et-couleur","34":"product_tag-trier-les-ours","36":"first","37":"outofstock","38":"taxable","39":"shipping-taxable","40":"purchasable","41":"product-type-simple"},"yoast_head":"<!-- This site is optimized with the Yoast SEO plugin v27.1.1 - https:\/\/yoast.com\/product\/yoast-seo-wordpress\/ -->\n<title>Trier les ours - Toys for Life - Teia Education &amp; Play<\/title>\n<meta name=\"description\" content=\"En jouant au jeu \u00e9ducatif trier les ours de Toys for Life, enfants apprennent les formes et les couleurs par placer les ours de la m\u00eame couleur et taille.\" \/>\n<meta name=\"robots\" content=\"index, follow, max-snippet:-1, max-image-preview:large, max-video-preview:-1\" \/>\n<link rel=\"canonical\" href=\"https:\/\/teiaeducation.ch\/fr\/produit\/trier-les-ours-toys-for-life\/\" \/>\n<meta property=\"og:locale\" content=\"fr_FR\" \/>\n<meta property=\"og:type\" content=\"article\" \/>\n<meta property=\"og:title\" content=\"Trier les ours - Toys for Life - Teia Education &amp; Play\" \/>\n<meta property=\"og:description\" content=\"En jouant au jeu \u00e9ducatif trier les ours de Toys for Life, enfants apprennent les formes et les couleurs par placer les ours de la m\u00eame couleur et taille.\" \/>\n<meta property=\"og:url\" content=\"https:\/\/teiaeducation.ch\/fr\/produit\/trier-les-ours-toys-for-life\/\" \/>\n<meta property=\"og:site_name\" content=\"Sustainable Educational Products &amp; Ecological Toys\u00a0\" \/>\n<meta property=\"article:publisher\" content=\"https:\/\/www.facebook.com\/teiaeducation\/\" \/>\n<meta property=\"article:modified_time\" content=\"2022-12-05T10:22:08+00:00\" \/>\n<meta property=\"og:image\" content=\"https:\/\/teiaeducation.ch\/wp-content\/uploads\/2020\/01\/Toys-for-Life_Mathematics_Sort-the-bears_900000083.jpg\" \/>\n\t<meta property=\"og:image:width\" content=\"500\" \/>\n\t<meta property=\"og:image:height\" content=\"500\" \/>\n\t<meta property=\"og:image:type\" content=\"image\/jpeg\" \/>\n<script type=\"application\/ld+json\" class=\"yoast-schema-graph\">{\"@context\":\"https:\/\/schema.org\",\"@graph\":[{\"@type\":\"WebPage\",\"@id\":\"https:\/\/teiaeducation.ch\/fr\/produit\/trier-les-ours-toys-for-life\/\",\"url\":\"https:\/\/teiaeducation.ch\/fr\/produit\/trier-les-ours-toys-for-life\/\",\"name\":\"Trier les ours - Toys for Life - Teia Education & Play\",\"isPartOf\":{\"@id\":\"https:\/\/teiaeducation.ch\/fr\/#website\"},\"primaryImageOfPage\":{\"@id\":\"https:\/\/teiaeducation.ch\/fr\/produit\/trier-les-ours-toys-for-life\/#primaryimage\"},\"image\":{\"@id\":\"https:\/\/teiaeducation.ch\/fr\/produit\/trier-les-ours-toys-for-life\/#primaryimage\"},\"thumbnailUrl\":\"https:\/\/teiaeducation.ch\/wp-content\/uploads\/2020\/01\/Toys-for-Life_Mathematics_Sort-the-bears_900000083.jpg\",\"datePublished\":\"2020-01-20T09:38:53+00:00\",\"dateModified\":\"2022-12-05T10:22:08+00:00\",\"description\":\"En jouant au jeu \u00e9ducatif trier les ours de Toys for Life, enfants apprennent les formes et les couleurs par placer les ours de la m\u00eame couleur et taille.\",\"breadcrumb\":{\"@id\":\"https:\/\/teiaeducation.ch\/fr\/produit\/trier-les-ours-toys-for-life\/#breadcrumb\"},\"inLanguage\":\"fr-FR\",\"potentialAction\":[{\"@type\":\"ReadAction\",\"target\":[\"https:\/\/teiaeducation.ch\/fr\/produit\/trier-les-ours-toys-for-life\/\"]}]},{\"@type\":\"ImageObject\",\"inLanguage\":\"fr-FR\",\"@id\":\"https:\/\/teiaeducation.ch\/fr\/produit\/trier-les-ours-toys-for-life\/#primaryimage\",\"url\":\"https:\/\/teiaeducation.ch\/wp-content\/uploads\/2020\/01\/Toys-for-Life_Mathematics_Sort-the-bears_900000083.jpg\",\"contentUrl\":\"https:\/\/teiaeducation.ch\/wp-content\/uploads\/2020\/01\/Toys-for-Life_Mathematics_Sort-the-bears_900000083.jpg\",\"width\":500,\"height\":500,\"caption\":\"Trier les ours jeu \u00e9ducatif - Toys for Life\"},{\"@type\":\"BreadcrumbList\",\"@id\":\"https:\/\/teiaeducation.ch\/fr\/produit\/trier-les-ours-toys-for-life\/#breadcrumb\",\"itemListElement\":[{\"@type\":\"ListItem\",\"position\":1,\"name\":\"Home\",\"item\":\"https:\/\/teiaeducation.ch\/fr\/\"},{\"@type\":\"ListItem\",\"position\":2,\"name\":\"Boutique Teia Education &amp; Play\",\"item\":\"https:\/\/teiaeducation.ch\/fr\/boutique\/\"},{\"@type\":\"ListItem\",\"position\":3,\"name\":\"Domaines du Curriculum\",\"item\":\"https:\/\/teiaeducation.ch\/fr\/categorie-produit\/domaines-du-curriculum\/\"},{\"@type\":\"ListItem\",\"position\":4,\"name\":\"Sensorielles &amp; Motrices\",\"item\":\"https:\/\/teiaeducation.ch\/fr\/categorie-produit\/domaines-du-curriculum\/sensorielles-motrices\/\"},{\"@type\":\"ListItem\",\"position\":5,\"name\":\"Apprendre les Couleurs\",\"item\":\"https:\/\/teiaeducation.ch\/fr\/categorie-produit\/domaines-du-curriculum\/sensorielles-motrices\/apprendre-les-couleurs\/\"},{\"@type\":\"ListItem\",\"position\":6,\"name\":\"Trier les ours &#8211; Toys for Life\"}]},{\"@type\":\"WebSite\",\"@id\":\"https:\/\/teiaeducation.ch\/fr\/#website\",\"url\":\"https:\/\/teiaeducation.ch\/fr\/\",\"name\":\"Sustainable Educational Products &amp; Ecological Toys\u00a0\",\"description\":\"Specialised Swiss shop selling sustainable educational toys and games, AMI certified Montessori materials, handmade ecological wooden Waldorf toys and arts &amp; crafts supplies, school supplies, children&#039;s furniture and Montessori reference and parenting books.\",\"publisher\":{\"@id\":\"https:\/\/teiaeducation.ch\/fr\/#organization\"},\"alternateName\":\"Teia Education & Play\",\"potentialAction\":[{\"@type\":\"SearchAction\",\"target\":{\"@type\":\"EntryPoint\",\"urlTemplate\":\"https:\/\/teiaeducation.ch\/fr\/?s={search_term_string}\"},\"query-input\":{\"@type\":\"PropertyValueSpecification\",\"valueRequired\":true,\"valueName\":\"search_term_string\"}}],\"inLanguage\":\"fr-FR\"},{\"@type\":\"Organization\",\"@id\":\"https:\/\/teiaeducation.ch\/fr\/#organization\",\"name\":\"Teia Education & Play\",\"url\":\"https:\/\/teiaeducation.ch\/fr\/\",\"logo\":{\"@type\":\"ImageObject\",\"inLanguage\":\"fr-FR\",\"@id\":\"https:\/\/teiaeducation.ch\/fr\/#\/schema\/logo\/image\/\",\"url\":\"https:\/\/teiaeducation.ch\/wp-content\/uploads\/2020\/11\/Teia-Education-Switzerland-e1620156442216.jpg\",\"contentUrl\":\"https:\/\/teiaeducation.ch\/wp-content\/uploads\/2020\/11\/Teia-Education-Switzerland-e1620156442216.jpg\",\"width\":166,\"height\":145,\"caption\":\"Teia Education & Play\"},\"image\":{\"@id\":\"https:\/\/teiaeducation.ch\/fr\/#\/schema\/logo\/image\/\"},\"sameAs\":[\"https:\/\/www.facebook.com\/teiaeducation\/\",\"https:\/\/x.com\/EducationTeia\",\"https:\/\/www.instagram.com\/teia.education\/\",\"https:\/\/www.linkedin.com\/company\/35501660\",\"https:\/\/www.pinterest.ch\/TeiaEducation\/\"]}]}<\/script>\n<!-- \/ Yoast SEO plugin. -->","yoast_head_json":{"title":"Trier les ours - Toys for Life - Teia Education & Play","description":"En jouant au jeu \u00e9ducatif trier les ours de Toys for Life, enfants apprennent les formes et les couleurs par placer les ours de la m\u00eame couleur et taille.","robots":{"index":"index","follow":"follow","max-snippet":"max-snippet:-1","max-image-preview":"max-image-preview:large","max-video-preview":"max-video-preview:-1"},"canonical":"https:\/\/teiaeducation.ch\/fr\/produit\/trier-les-ours-toys-for-life\/","og_locale":"fr_FR","og_type":"article","og_title":"Trier les ours - Toys for Life - Teia Education & Play","og_description":"En jouant au jeu \u00e9ducatif trier les ours de Toys for Life, enfants apprennent les formes et les couleurs par placer les ours de la m\u00eame couleur et taille.","og_url":"https:\/\/teiaeducation.ch\/fr\/produit\/trier-les-ours-toys-for-life\/","og_site_name":"Sustainable Educational Products &amp; Ecological Toys\u00a0","article_publisher":"https:\/\/www.facebook.com\/teiaeducation\/","article_modified_time":"2022-12-05T10:22:08+00:00","og_image":[{"width":500,"height":500,"url":"https:\/\/teiaeducation.ch\/wp-content\/uploads\/2020\/01\/Toys-for-Life_Mathematics_Sort-the-bears_900000083.jpg","type":"image\/jpeg"}],"schema":{"@context":"https:\/\/schema.org","@graph":[{"@type":"WebPage","@id":"https:\/\/teiaeducation.ch\/fr\/produit\/trier-les-ours-toys-for-life\/","url":"https:\/\/teiaeducation.ch\/fr\/produit\/trier-les-ours-toys-for-life\/","name":"Trier les ours - Toys for Life - Teia Education & Play","isPartOf":{"@id":"https:\/\/teiaeducation.ch\/fr\/#website"},"primaryImageOfPage":{"@id":"https:\/\/teiaeducation.ch\/fr\/produit\/trier-les-ours-toys-for-life\/#primaryimage"},"image":{"@id":"https:\/\/teiaeducation.ch\/fr\/produit\/trier-les-ours-toys-for-life\/#primaryimage"},"thumbnailUrl":"https:\/\/teiaeducation.ch\/wp-content\/uploads\/2020\/01\/Toys-for-Life_Mathematics_Sort-the-bears_900000083.jpg","datePublished":"2020-01-20T09:38:53+00:00","dateModified":"2022-12-05T10:22:08+00:00","description":"En jouant au jeu \u00e9ducatif trier les ours de Toys for Life, enfants apprennent les formes et les couleurs par placer les ours de la m\u00eame couleur et taille.","breadcrumb":{"@id":"https:\/\/teiaeducation.ch\/fr\/produit\/trier-les-ours-toys-for-life\/#breadcrumb"},"inLanguage":"fr-FR","potentialAction":[{"@type":"ReadAction","target":["https:\/\/teiaeducation.ch\/fr\/produit\/trier-les-ours-toys-for-life\/"]}]},{"@type":"ImageObject","inLanguage":"fr-FR","@id":"https:\/\/teiaeducation.ch\/fr\/produit\/trier-les-ours-toys-for-life\/#primaryimage","url":"https:\/\/teiaeducation.ch\/wp-content\/uploads\/2020\/01\/Toys-for-Life_Mathematics_Sort-the-bears_900000083.jpg","contentUrl":"https:\/\/teiaeducation.ch\/wp-content\/uploads\/2020\/01\/Toys-for-Life_Mathematics_Sort-the-bears_900000083.jpg","width":500,"height":500,"caption":"Trier les ours jeu \u00e9ducatif - Toys for Life"},{"@type":"BreadcrumbList","@id":"https:\/\/teiaeducation.ch\/fr\/produit\/trier-les-ours-toys-for-life\/#breadcrumb","itemListElement":[{"@type":"ListItem","position":1,"name":"Home","item":"https:\/\/teiaeducation.ch\/fr\/"},{"@type":"ListItem","position":2,"name":"Boutique Teia Education &amp; Play","item":"https:\/\/teiaeducation.ch\/fr\/boutique\/"},{"@type":"ListItem","position":3,"name":"Domaines du Curriculum","item":"https:\/\/teiaeducation.ch\/fr\/categorie-produit\/domaines-du-curriculum\/"},{"@type":"ListItem","position":4,"name":"Sensorielles &amp; Motrices","item":"https:\/\/teiaeducation.ch\/fr\/categorie-produit\/domaines-du-curriculum\/sensorielles-motrices\/"},{"@type":"ListItem","position":5,"name":"Apprendre les Couleurs","item":"https:\/\/teiaeducation.ch\/fr\/categorie-produit\/domaines-du-curriculum\/sensorielles-motrices\/apprendre-les-couleurs\/"},{"@type":"ListItem","position":6,"name":"Trier les ours &#8211; Toys for Life"}]},{"@type":"WebSite","@id":"https:\/\/teiaeducation.ch\/fr\/#website","url":"https:\/\/teiaeducation.ch\/fr\/","name":"Sustainable Educational Products &amp; Ecological Toys\u00a0","description":"Specialised Swiss shop selling sustainable educational toys and games, AMI certified Montessori materials, handmade ecological wooden Waldorf toys and arts &amp; crafts supplies, school supplies, children&#039;s furniture and Montessori reference and parenting books.","publisher":{"@id":"https:\/\/teiaeducation.ch\/fr\/#organization"},"alternateName":"Teia Education & Play","potentialAction":[{"@type":"SearchAction","target":{"@type":"EntryPoint","urlTemplate":"https:\/\/teiaeducation.ch\/fr\/?s={search_term_string}"},"query-input":{"@type":"PropertyValueSpecification","valueRequired":true,"valueName":"search_term_string"}}],"inLanguage":"fr-FR"},{"@type":"Organization","@id":"https:\/\/teiaeducation.ch\/fr\/#organization","name":"Teia Education & Play","url":"https:\/\/teiaeducation.ch\/fr\/","logo":{"@type":"ImageObject","inLanguage":"fr-FR","@id":"https:\/\/teiaeducation.ch\/fr\/#\/schema\/logo\/image\/","url":"https:\/\/teiaeducation.ch\/wp-content\/uploads\/2020\/11\/Teia-Education-Switzerland-e1620156442216.jpg","contentUrl":"https:\/\/teiaeducation.ch\/wp-content\/uploads\/2020\/11\/Teia-Education-Switzerland-e1620156442216.jpg","width":166,"height":145,"caption":"Teia Education & Play"},"image":{"@id":"https:\/\/teiaeducation.ch\/fr\/#\/schema\/logo\/image\/"},"sameAs":["https:\/\/www.facebook.com\/teiaeducation\/","https:\/\/x.com\/EducationTeia","https:\/\/www.instagram.com\/teia.education\/","https:\/\/www.linkedin.com\/company\/35501660","https:\/\/www.pinterest.ch\/TeiaEducation\/"]}]}},"_links":{"self":[{"href":"https:\/\/teiaeducation.ch\/fr\/wp-json\/wp\/v2\/product\/24185","targetHints":{"allow":["GET"]}}],"collection":[{"href":"https:\/\/teiaeducation.ch\/fr\/wp-json\/wp\/v2\/product"}],"about":[{"href":"https:\/\/teiaeducation.ch\/fr\/wp-json\/wp\/v2\/types\/product"}],"replies":[{"embeddable":true,"href":"https:\/\/teiaeducation.ch\/fr\/wp-json\/wp\/v2\/comments?post=24185"}],"wp:featuredmedia":[{"embeddable":true,"href":"https:\/\/teiaeducation.ch\/fr\/wp-json\/wp\/v2\/media\/21888"}],"wp:attachment":[{"href":"https:\/\/teiaeducation.ch\/fr\/wp-json\/wp\/v2\/media?parent=24185"}],"wp:term":[{"taxonomy":"product_brand","embeddable":true,"href":"https:\/\/teiaeducation.ch\/fr\/wp-json\/wp\/v2\/product_brand?post=24185"},{"taxonomy":"product_cat","embeddable":true,"href":"https:\/\/teiaeducation.ch\/fr\/wp-json\/wp\/v2\/product_cat?post=24185"},{"taxonomy":"product_tag","embeddable":true,"href":"https:\/\/teiaeducation.ch\/fr\/wp-json\/wp\/v2\/product_tag?post=24185"}],"curies":[{"name":"wp","href":"https:\/\/api.w.org\/{rel}","templated":true}]}}