{"id":24188,"date":"2020-01-20T13:41:28","date_gmt":"2020-01-20T12:41:28","guid":{"rendered":"https:\/\/teiaeducation.ch\/product\/trier-les-perles-toys-for-life\/"},"modified":"2022-12-05T11:22:23","modified_gmt":"2022-12-05T10:22:23","slug":"trier-les-perles-toys-for-life","status":"publish","type":"product","link":"https:\/\/teiaeducation.ch\/fr\/produit\/trier-les-perles-toys-for-life\/","title":{"rendered":"Trier les perles &#8211; Toys for Life"},"content":{"rendered":"<p>En jouant au jeu \u00e9ducatif trier les perles de Toys for Life, les enfants apprennent les <a href=\"https:\/\/teiaeducation.ch\/fr\/categorie-produit\/domaines-du-curriculum\/mathematiques-calcul\/formes\/\">formes<\/a>, les <a href=\"https:\/\/teiaeducation.ch\/fr\/categorie-produit\/domaines-du-curriculum\/sensorielles-motrices\/apprendre-les-couleurs\/\">couleurs<\/a>, l&#8217;ordre et les motifs !<\/p>\n<p>Le but du jeu est de reproduire les motifs indiqu\u00e9s sur les cartes d&#8217;exercice en enfilant les perles soit sur le b\u00e2ton sur le support en bois, soit sur un lacet en coton. Les cartes illustrant des motifs en noir et blanc peuvent \u00eatre utilis\u00e9es pour choisir librement les couleurs.<\/p>\n<p><a href=\"https:\/\/teiaeducation.ch\/fr\/categorie-produit\/marques\/toys-for-life-fr\/\">Toys for Life<\/a> offre une gamme de produits \u00e9ducatifs abordables \u00e0 appliquer dans le domaine de l\u2019\u00e9ducation \u00e0 domicile pour Enfants enfants \u00e2g\u00e9s de 1 \u00e0 6 ans. Les produits Toys for Life ont \u00e9t\u00e9 d\u00e9velopp\u00e9s en \u00e9troite collaboration avec l\u2019\u00e9quipe \u00e0 l\u2019origine de la marque Educo de Heutink International.<\/p>\n<p>La gamme de produits Toys for Life est divis\u00e9e en trois domaines de programmes scolaires : les <a href=\"https:\/\/teiaeducation.ch\/fr\/categorie-produit\/marques\/toys-for-life-fr\/mathematiques-toys-for-life-fr\/\">math\u00e9matiques<\/a>, le <a href=\"https:\/\/teiaeducation.ch\/fr\/categorie-produit\/marques\/toys-for-life-fr\/langage-toys-for-life-fr\/\">langage<\/a> et la <a href=\"https:\/\/teiaeducation.ch\/fr\/categorie-produit\/marques\/toys-for-life-fr\/motricite-toys-for-life-fr\/\">motricit\u00e9<\/a>. Tous les produits Toys for Life par <a href=\"https:\/\/teiaeducation.ch\/fr\/categorie-produit\/marques\/educo-fr\/\">Educo<\/a> r\u00e9pondent aux exigences de diverses r\u00e9glementations en mati\u00e8re de s\u00e9curit\u00e9 des jouets et sont conformes \u00e0 la directive europ\u00e9enne 2009\/48\/CE sur la s\u00e9curit\u00e9 des jouets et aux normes EN71, ASTM et GB.<\/p>\n<p>Trier les perles est adapt\u00e9 aux enfants de 3 ans et plus.<\/p>\n<p>Contenu :<\/p>\n<p>8 cartes d&#8217;exercice en bois recto-verso avec 16 devoirs au total (24 x 6 cm)<br \/>\n2 lacets rouges en coton (50 cm)<br \/>\n40 perles en bois de 5 couleurs et 4 formes diff\u00e9rentes<br \/>\n1 support en bois avec un b\u00e2ton en plastique (8,3 x 8,3 x 1,7 cm)<br \/>\nUne bo\u00eete de rangement magn\u00e9tique (31 x 23 x 6 cm)<br \/>\nManuel d&#8217;instructions<\/p>\n","protected":false},"excerpt":{"rendered":"<p>Num\u00e9ro d&#8217;article: 900000086<\/p>\n<p>En jouant au jeu \u00e9ducatif trier les perles de Toys for Life, les enfants apprennent les formes, les couleurs, l&#8217;ordre en reproduisant des mod\u00e8les.<\/p>\n","protected":false},"featured_media":21917,"comment_status":"closed","ping_status":"closed","template":"","meta":[],"product_brand":[],"product_cat":[8527,215,216,285,633,635,283,13145,8526,13130,1220,624,7592,288,7595,217,5851,209,623,7590,212],"product_tag":[1366,8525,8534],"class_list":{"0":"post-24188","1":"product","2":"type-product","3":"status-publish","4":"has-post-thumbnail","6":"product_cat-3-6-ans-ecole-a-domicile","7":"product_cat-3-6-ans","8":"product_cat-6-12-ans","9":"product_cat-alphabetisation-langage","10":"product_cat-apprendre-les-couleurs","11":"product_cat-competences-motrices","12":"product_cat-domaines-du-curriculum","13":"product_cat-enfiler","14":"product_cat-fournitures-scolaires-a-domicile","15":"product_cat-jouer","16":"product_cat-traditionnelle","17":"product_cat-formes","18":"product_cat-mathematiques-toys-for-life-fr","19":"product_cat-mathematiques-calcul","20":"product_cat-methode-deducation","21":"product_cat-marques","22":"product_cat-nouveautes","23":"product_cat-sensorielles-motrices","24":"product_cat-serialisation","25":"product_cat-toys-for-life-fr","26":"product_cat-tranche-dage","27":"product_tag-couleur-et-forme","28":"product_tag-toys-for-life-fr","29":"product_tag-trier-les-perles","31":"first","32":"outofstock","33":"taxable","34":"shipping-taxable","35":"purchasable","36":"product-type-simple"},"yoast_head":"<!-- This site is optimized with the Yoast SEO plugin v27.1.1 - https:\/\/yoast.com\/product\/yoast-seo-wordpress\/ -->\n<title>Trier les perles - Toys for Life - Teia Education &amp; Play<\/title>\n<meta name=\"description\" content=\"En jouant au jeu \u00e9ducatif trier les perles de Toys for Life, les enfants apprennent les formes, les couleurs, l&#039;ordre en reproduisant des mod\u00e8les.\" \/>\n<meta name=\"robots\" content=\"index, follow, max-snippet:-1, max-image-preview:large, max-video-preview:-1\" \/>\n<link rel=\"canonical\" href=\"https:\/\/teiaeducation.ch\/fr\/produit\/trier-les-perles-toys-for-life\/\" \/>\n<meta property=\"og:locale\" content=\"fr_FR\" \/>\n<meta property=\"og:type\" content=\"article\" \/>\n<meta property=\"og:title\" content=\"Trier les perles - Toys for Life - Teia Education &amp; Play\" \/>\n<meta property=\"og:description\" content=\"En jouant au jeu \u00e9ducatif trier les perles de Toys for Life, les enfants apprennent les formes, les couleurs, l&#039;ordre en reproduisant des mod\u00e8les.\" \/>\n<meta property=\"og:url\" content=\"https:\/\/teiaeducation.ch\/fr\/produit\/trier-les-perles-toys-for-life\/\" \/>\n<meta property=\"og:site_name\" content=\"Sustainable Educational Products &amp; Ecological Toys\u00a0\" \/>\n<meta property=\"article:publisher\" content=\"https:\/\/www.facebook.com\/teiaeducation\/\" \/>\n<meta property=\"article:modified_time\" content=\"2022-12-05T10:22:23+00:00\" \/>\n<meta property=\"og:image\" content=\"https:\/\/teiaeducation.ch\/wp-content\/uploads\/2020\/01\/Toys-for-Life_Mathematics_Sort-the-Beads_900000086_1.jpg\" \/>\n\t<meta property=\"og:image:width\" content=\"500\" \/>\n\t<meta property=\"og:image:height\" content=\"500\" \/>\n\t<meta property=\"og:image:type\" content=\"image\/jpeg\" \/>\n<script type=\"application\/ld+json\" class=\"yoast-schema-graph\">{\"@context\":\"https:\/\/schema.org\",\"@graph\":[{\"@type\":\"WebPage\",\"@id\":\"https:\/\/teiaeducation.ch\/fr\/produit\/trier-les-perles-toys-for-life\/\",\"url\":\"https:\/\/teiaeducation.ch\/fr\/produit\/trier-les-perles-toys-for-life\/\",\"name\":\"Trier les perles - Toys for Life - Teia Education & Play\",\"isPartOf\":{\"@id\":\"https:\/\/teiaeducation.ch\/fr\/#website\"},\"primaryImageOfPage\":{\"@id\":\"https:\/\/teiaeducation.ch\/fr\/produit\/trier-les-perles-toys-for-life\/#primaryimage\"},\"image\":{\"@id\":\"https:\/\/teiaeducation.ch\/fr\/produit\/trier-les-perles-toys-for-life\/#primaryimage\"},\"thumbnailUrl\":\"https:\/\/teiaeducation.ch\/wp-content\/uploads\/2020\/01\/Toys-for-Life_Mathematics_Sort-the-Beads_900000086_1.jpg\",\"datePublished\":\"2020-01-20T12:41:28+00:00\",\"dateModified\":\"2022-12-05T10:22:23+00:00\",\"description\":\"En jouant au jeu \u00e9ducatif trier les perles de Toys for Life, les enfants apprennent les formes, les couleurs, l'ordre en reproduisant des mod\u00e8les.\",\"breadcrumb\":{\"@id\":\"https:\/\/teiaeducation.ch\/fr\/produit\/trier-les-perles-toys-for-life\/#breadcrumb\"},\"inLanguage\":\"fr-FR\",\"potentialAction\":[{\"@type\":\"ReadAction\",\"target\":[\"https:\/\/teiaeducation.ch\/fr\/produit\/trier-les-perles-toys-for-life\/\"]}]},{\"@type\":\"ImageObject\",\"inLanguage\":\"fr-FR\",\"@id\":\"https:\/\/teiaeducation.ch\/fr\/produit\/trier-les-perles-toys-for-life\/#primaryimage\",\"url\":\"https:\/\/teiaeducation.ch\/wp-content\/uploads\/2020\/01\/Toys-for-Life_Mathematics_Sort-the-Beads_900000086_1.jpg\",\"contentUrl\":\"https:\/\/teiaeducation.ch\/wp-content\/uploads\/2020\/01\/Toys-for-Life_Mathematics_Sort-the-Beads_900000086_1.jpg\",\"width\":500,\"height\":500,\"caption\":\"Trier les perles jeu \u00e9ducatif Toys for Life\"},{\"@type\":\"BreadcrumbList\",\"@id\":\"https:\/\/teiaeducation.ch\/fr\/produit\/trier-les-perles-toys-for-life\/#breadcrumb\",\"itemListElement\":[{\"@type\":\"ListItem\",\"position\":1,\"name\":\"Home\",\"item\":\"https:\/\/teiaeducation.ch\/fr\/\"},{\"@type\":\"ListItem\",\"position\":2,\"name\":\"Boutique Teia Education &amp; Play\",\"item\":\"https:\/\/teiaeducation.ch\/fr\/boutique\/\"},{\"@type\":\"ListItem\",\"position\":3,\"name\":\"Domaines du Curriculum\",\"item\":\"https:\/\/teiaeducation.ch\/fr\/categorie-produit\/domaines-du-curriculum\/\"},{\"@type\":\"ListItem\",\"position\":4,\"name\":\"Sensorielles &amp; Motrices\",\"item\":\"https:\/\/teiaeducation.ch\/fr\/categorie-produit\/domaines-du-curriculum\/sensorielles-motrices\/\"},{\"@type\":\"ListItem\",\"position\":5,\"name\":\"Apprendre les Couleurs\",\"item\":\"https:\/\/teiaeducation.ch\/fr\/categorie-produit\/domaines-du-curriculum\/sensorielles-motrices\/apprendre-les-couleurs\/\"},{\"@type\":\"ListItem\",\"position\":6,\"name\":\"Trier les perles &#8211; Toys for Life\"}]},{\"@type\":\"WebSite\",\"@id\":\"https:\/\/teiaeducation.ch\/fr\/#website\",\"url\":\"https:\/\/teiaeducation.ch\/fr\/\",\"name\":\"Sustainable Educational Products &amp; Ecological Toys\u00a0\",\"description\":\"Specialised Swiss shop selling sustainable educational toys and games, AMI certified Montessori materials, handmade ecological wooden Waldorf toys and arts &amp; crafts supplies, school supplies, children&#039;s furniture and Montessori reference and parenting books.\",\"publisher\":{\"@id\":\"https:\/\/teiaeducation.ch\/fr\/#organization\"},\"alternateName\":\"Teia Education & Play\",\"potentialAction\":[{\"@type\":\"SearchAction\",\"target\":{\"@type\":\"EntryPoint\",\"urlTemplate\":\"https:\/\/teiaeducation.ch\/fr\/?s={search_term_string}\"},\"query-input\":{\"@type\":\"PropertyValueSpecification\",\"valueRequired\":true,\"valueName\":\"search_term_string\"}}],\"inLanguage\":\"fr-FR\"},{\"@type\":\"Organization\",\"@id\":\"https:\/\/teiaeducation.ch\/fr\/#organization\",\"name\":\"Teia Education & Play\",\"url\":\"https:\/\/teiaeducation.ch\/fr\/\",\"logo\":{\"@type\":\"ImageObject\",\"inLanguage\":\"fr-FR\",\"@id\":\"https:\/\/teiaeducation.ch\/fr\/#\/schema\/logo\/image\/\",\"url\":\"https:\/\/teiaeducation.ch\/wp-content\/uploads\/2020\/11\/Teia-Education-Switzerland-e1620156442216.jpg\",\"contentUrl\":\"https:\/\/teiaeducation.ch\/wp-content\/uploads\/2020\/11\/Teia-Education-Switzerland-e1620156442216.jpg\",\"width\":166,\"height\":145,\"caption\":\"Teia Education & Play\"},\"image\":{\"@id\":\"https:\/\/teiaeducation.ch\/fr\/#\/schema\/logo\/image\/\"},\"sameAs\":[\"https:\/\/www.facebook.com\/teiaeducation\/\",\"https:\/\/x.com\/EducationTeia\",\"https:\/\/www.instagram.com\/teia.education\/\",\"https:\/\/www.linkedin.com\/company\/35501660\",\"https:\/\/www.pinterest.ch\/TeiaEducation\/\"]}]}<\/script>\n<!-- \/ Yoast SEO plugin. -->","yoast_head_json":{"title":"Trier les perles - Toys for Life - Teia Education & Play","description":"En jouant au jeu \u00e9ducatif trier les perles de Toys for Life, les enfants apprennent les formes, les couleurs, l'ordre en reproduisant des mod\u00e8les.","robots":{"index":"index","follow":"follow","max-snippet":"max-snippet:-1","max-image-preview":"max-image-preview:large","max-video-preview":"max-video-preview:-1"},"canonical":"https:\/\/teiaeducation.ch\/fr\/produit\/trier-les-perles-toys-for-life\/","og_locale":"fr_FR","og_type":"article","og_title":"Trier les perles - Toys for Life - Teia Education & Play","og_description":"En jouant au jeu \u00e9ducatif trier les perles de Toys for Life, les enfants apprennent les formes, les couleurs, l'ordre en reproduisant des mod\u00e8les.","og_url":"https:\/\/teiaeducation.ch\/fr\/produit\/trier-les-perles-toys-for-life\/","og_site_name":"Sustainable Educational Products &amp; Ecological Toys\u00a0","article_publisher":"https:\/\/www.facebook.com\/teiaeducation\/","article_modified_time":"2022-12-05T10:22:23+00:00","og_image":[{"width":500,"height":500,"url":"https:\/\/teiaeducation.ch\/wp-content\/uploads\/2020\/01\/Toys-for-Life_Mathematics_Sort-the-Beads_900000086_1.jpg","type":"image\/jpeg"}],"schema":{"@context":"https:\/\/schema.org","@graph":[{"@type":"WebPage","@id":"https:\/\/teiaeducation.ch\/fr\/produit\/trier-les-perles-toys-for-life\/","url":"https:\/\/teiaeducation.ch\/fr\/produit\/trier-les-perles-toys-for-life\/","name":"Trier les perles - Toys for Life - Teia Education & Play","isPartOf":{"@id":"https:\/\/teiaeducation.ch\/fr\/#website"},"primaryImageOfPage":{"@id":"https:\/\/teiaeducation.ch\/fr\/produit\/trier-les-perles-toys-for-life\/#primaryimage"},"image":{"@id":"https:\/\/teiaeducation.ch\/fr\/produit\/trier-les-perles-toys-for-life\/#primaryimage"},"thumbnailUrl":"https:\/\/teiaeducation.ch\/wp-content\/uploads\/2020\/01\/Toys-for-Life_Mathematics_Sort-the-Beads_900000086_1.jpg","datePublished":"2020-01-20T12:41:28+00:00","dateModified":"2022-12-05T10:22:23+00:00","description":"En jouant au jeu \u00e9ducatif trier les perles de Toys for Life, les enfants apprennent les formes, les couleurs, l'ordre en reproduisant des mod\u00e8les.","breadcrumb":{"@id":"https:\/\/teiaeducation.ch\/fr\/produit\/trier-les-perles-toys-for-life\/#breadcrumb"},"inLanguage":"fr-FR","potentialAction":[{"@type":"ReadAction","target":["https:\/\/teiaeducation.ch\/fr\/produit\/trier-les-perles-toys-for-life\/"]}]},{"@type":"ImageObject","inLanguage":"fr-FR","@id":"https:\/\/teiaeducation.ch\/fr\/produit\/trier-les-perles-toys-for-life\/#primaryimage","url":"https:\/\/teiaeducation.ch\/wp-content\/uploads\/2020\/01\/Toys-for-Life_Mathematics_Sort-the-Beads_900000086_1.jpg","contentUrl":"https:\/\/teiaeducation.ch\/wp-content\/uploads\/2020\/01\/Toys-for-Life_Mathematics_Sort-the-Beads_900000086_1.jpg","width":500,"height":500,"caption":"Trier les perles jeu \u00e9ducatif Toys for Life"},{"@type":"BreadcrumbList","@id":"https:\/\/teiaeducation.ch\/fr\/produit\/trier-les-perles-toys-for-life\/#breadcrumb","itemListElement":[{"@type":"ListItem","position":1,"name":"Home","item":"https:\/\/teiaeducation.ch\/fr\/"},{"@type":"ListItem","position":2,"name":"Boutique Teia Education &amp; Play","item":"https:\/\/teiaeducation.ch\/fr\/boutique\/"},{"@type":"ListItem","position":3,"name":"Domaines du Curriculum","item":"https:\/\/teiaeducation.ch\/fr\/categorie-produit\/domaines-du-curriculum\/"},{"@type":"ListItem","position":4,"name":"Sensorielles &amp; Motrices","item":"https:\/\/teiaeducation.ch\/fr\/categorie-produit\/domaines-du-curriculum\/sensorielles-motrices\/"},{"@type":"ListItem","position":5,"name":"Apprendre les Couleurs","item":"https:\/\/teiaeducation.ch\/fr\/categorie-produit\/domaines-du-curriculum\/sensorielles-motrices\/apprendre-les-couleurs\/"},{"@type":"ListItem","position":6,"name":"Trier les perles &#8211; Toys for Life"}]},{"@type":"WebSite","@id":"https:\/\/teiaeducation.ch\/fr\/#website","url":"https:\/\/teiaeducation.ch\/fr\/","name":"Sustainable Educational Products &amp; Ecological Toys\u00a0","description":"Specialised Swiss shop selling sustainable educational toys and games, AMI certified Montessori materials, handmade ecological wooden Waldorf toys and arts &amp; crafts supplies, school supplies, children&#039;s furniture and Montessori reference and parenting books.","publisher":{"@id":"https:\/\/teiaeducation.ch\/fr\/#organization"},"alternateName":"Teia Education & Play","potentialAction":[{"@type":"SearchAction","target":{"@type":"EntryPoint","urlTemplate":"https:\/\/teiaeducation.ch\/fr\/?s={search_term_string}"},"query-input":{"@type":"PropertyValueSpecification","valueRequired":true,"valueName":"search_term_string"}}],"inLanguage":"fr-FR"},{"@type":"Organization","@id":"https:\/\/teiaeducation.ch\/fr\/#organization","name":"Teia Education & Play","url":"https:\/\/teiaeducation.ch\/fr\/","logo":{"@type":"ImageObject","inLanguage":"fr-FR","@id":"https:\/\/teiaeducation.ch\/fr\/#\/schema\/logo\/image\/","url":"https:\/\/teiaeducation.ch\/wp-content\/uploads\/2020\/11\/Teia-Education-Switzerland-e1620156442216.jpg","contentUrl":"https:\/\/teiaeducation.ch\/wp-content\/uploads\/2020\/11\/Teia-Education-Switzerland-e1620156442216.jpg","width":166,"height":145,"caption":"Teia Education & Play"},"image":{"@id":"https:\/\/teiaeducation.ch\/fr\/#\/schema\/logo\/image\/"},"sameAs":["https:\/\/www.facebook.com\/teiaeducation\/","https:\/\/x.com\/EducationTeia","https:\/\/www.instagram.com\/teia.education\/","https:\/\/www.linkedin.com\/company\/35501660","https:\/\/www.pinterest.ch\/TeiaEducation\/"]}]}},"_links":{"self":[{"href":"https:\/\/teiaeducation.ch\/fr\/wp-json\/wp\/v2\/product\/24188","targetHints":{"allow":["GET"]}}],"collection":[{"href":"https:\/\/teiaeducation.ch\/fr\/wp-json\/wp\/v2\/product"}],"about":[{"href":"https:\/\/teiaeducation.ch\/fr\/wp-json\/wp\/v2\/types\/product"}],"replies":[{"embeddable":true,"href":"https:\/\/teiaeducation.ch\/fr\/wp-json\/wp\/v2\/comments?post=24188"}],"wp:featuredmedia":[{"embeddable":true,"href":"https:\/\/teiaeducation.ch\/fr\/wp-json\/wp\/v2\/media\/21917"}],"wp:attachment":[{"href":"https:\/\/teiaeducation.ch\/fr\/wp-json\/wp\/v2\/media?parent=24188"}],"wp:term":[{"taxonomy":"product_brand","embeddable":true,"href":"https:\/\/teiaeducation.ch\/fr\/wp-json\/wp\/v2\/product_brand?post=24188"},{"taxonomy":"product_cat","embeddable":true,"href":"https:\/\/teiaeducation.ch\/fr\/wp-json\/wp\/v2\/product_cat?post=24188"},{"taxonomy":"product_tag","embeddable":true,"href":"https:\/\/teiaeducation.ch\/fr\/wp-json\/wp\/v2\/product_tag?post=24188"}],"curies":[{"name":"wp","href":"https:\/\/api.w.org\/{rel}","templated":true}]}}