{"id":24198,"date":"2020-01-21T10:18:22","date_gmt":"2020-01-21T09:18:22","guid":{"rendered":"https:\/\/teiaeducation.ch\/product\/construire-des-figures-geometriques-toys-for-life\/"},"modified":"2020-12-29T10:25:15","modified_gmt":"2020-12-29T09:25:15","slug":"construire-des-figures-geometriques-toys-for-life","status":"publish","type":"product","link":"https:\/\/teiaeducation.ch\/fr\/produit\/construire-des-figures-geometriques-toys-for-life\/","title":{"rendered":"Construire des figures g\u00e9om\u00e9triques &#8211; Toys for Life"},"content":{"rendered":"<p>Construire des figures g\u00e9om\u00e9triques &#8211; Toys for Life<\/p>\n<p>&nbsp;<\/p>\n<p>Ce mat\u00e9riel est adapt\u00e9 aux enfants de 3 ans et plus.<\/p>\n<p>Contenu :<\/p>\n<p>48 formes en bois de 3 formes diff\u00e9rentes et 4 couleurs<br \/>\n6 cartes d&#8217;affectation en bois recto-verso avec 12 affectations au total (16 x 16 cm)<br \/>\n1 miroir de s\u00e9curit\u00e9 en plastique<br \/>\nUne bo\u00eete de rangement magn\u00e9tique (31 x 23 x 6 cm)<br \/>\nManuel d&#8217;instructions<\/p>\n","protected":false},"excerpt":{"rendered":"<p>Num\u00e9ro d&#8217;article : 900000094<\/p>\n","protected":false},"featured_media":22002,"comment_status":"closed","ping_status":"closed","template":"","meta":[],"product_brand":[],"product_cat":[8527,215,216,633,635,283,8526,1220,289,624,7592,288,7595,217,5851,209,625,7590,212],"product_tag":[8554,8555,776,8525,23603],"class_list":{"0":"post-24198","1":"product","2":"type-product","3":"status-publish","4":"has-post-thumbnail","6":"product_cat-3-6-ans-ecole-a-domicile","7":"product_cat-3-6-ans","8":"product_cat-6-12-ans","9":"product_cat-apprendre-les-couleurs","10":"product_cat-competences-motrices","11":"product_cat-domaines-du-curriculum","12":"product_cat-fournitures-scolaires-a-domicile","13":"product_cat-traditionnelle","14":"product_cat-geometrie","15":"product_cat-formes","16":"product_cat-mathematiques-toys-for-life-fr","17":"product_cat-mathematiques-calcul","18":"product_cat-methode-deducation","19":"product_cat-marques","20":"product_cat-nouveautes","21":"product_cat-sensorielles-motrices","22":"product_cat-taille","23":"product_cat-toys-for-life-fr","24":"product_cat-tranche-dage","25":"product_tag-construire-des-figures-geometriques","26":"product_tag-geometriques-toys","27":"product_tag-heutink-international-suisse","28":"product_tag-toys-for-life-fr","29":"product_tag-wooden-toys-fr","31":"first","32":"instock","33":"taxable","34":"shipping-taxable","35":"purchasable","36":"product-type-simple"},"yoast_head":"<!-- This site is optimized with the Yoast SEO plugin v27.1.1 - https:\/\/yoast.com\/product\/yoast-seo-wordpress\/ -->\n<title>Construire des figures g\u00e9om\u00e9triques - Toys for Life - Teia Education &amp; Play<\/title>\n<meta name=\"description\" content=\"En jouant au jeu &quot;Construire les figures&quot; de Toys for Life, les enfants apprennent \u00e0 construire et \u00e0 concevoir des figures g\u00e9om\u00e9triques tout en am\u00e9liorant leur motricit\u00e9 fine.\" \/>\n<meta name=\"robots\" content=\"index, follow, max-snippet:-1, max-image-preview:large, max-video-preview:-1\" \/>\n<link rel=\"canonical\" href=\"https:\/\/teiaeducation.ch\/fr\/produit\/construire-des-figures-geometriques-toys-for-life\/\" \/>\n<meta property=\"og:locale\" content=\"fr_FR\" \/>\n<meta property=\"og:type\" content=\"article\" \/>\n<meta property=\"og:title\" content=\"Construire des figures g\u00e9om\u00e9triques - Toys for Life - Teia Education &amp; Play\" \/>\n<meta property=\"og:description\" content=\"En jouant au jeu &quot;Construire les figures&quot; de Toys for Life, les enfants apprennent \u00e0 construire et \u00e0 concevoir des figures g\u00e9om\u00e9triques tout en am\u00e9liorant leur motricit\u00e9 fine.\" \/>\n<meta property=\"og:url\" content=\"https:\/\/teiaeducation.ch\/fr\/produit\/construire-des-figures-geometriques-toys-for-life\/\" \/>\n<meta property=\"og:site_name\" content=\"Sustainable Educational Products &amp; Ecological Toys\u00a0\" \/>\n<meta property=\"article:publisher\" content=\"https:\/\/www.facebook.com\/teiaeducation\/\" \/>\n<meta property=\"article:modified_time\" content=\"2020-12-29T09:25:15+00:00\" \/>\n<meta property=\"og:image\" content=\"https:\/\/teiaeducation.ch\/wp-content\/uploads\/2020\/01\/Toys-for-Life_Mathematics_Build-the-Figures_900000094_1-1.jpg\" \/>\n\t<meta property=\"og:image:width\" content=\"500\" \/>\n\t<meta property=\"og:image:height\" content=\"500\" \/>\n\t<meta property=\"og:image:type\" content=\"image\/jpeg\" \/>\n<script type=\"application\/ld+json\" class=\"yoast-schema-graph\">{\"@context\":\"https:\/\/schema.org\",\"@graph\":[{\"@type\":\"WebPage\",\"@id\":\"https:\/\/teiaeducation.ch\/fr\/produit\/construire-des-figures-geometriques-toys-for-life\/\",\"url\":\"https:\/\/teiaeducation.ch\/fr\/produit\/construire-des-figures-geometriques-toys-for-life\/\",\"name\":\"Construire des figures g\u00e9om\u00e9triques - Toys for Life - Teia Education & Play\",\"isPartOf\":{\"@id\":\"https:\/\/teiaeducation.ch\/fr\/#website\"},\"primaryImageOfPage\":{\"@id\":\"https:\/\/teiaeducation.ch\/fr\/produit\/construire-des-figures-geometriques-toys-for-life\/#primaryimage\"},\"image\":{\"@id\":\"https:\/\/teiaeducation.ch\/fr\/produit\/construire-des-figures-geometriques-toys-for-life\/#primaryimage\"},\"thumbnailUrl\":\"https:\/\/teiaeducation.ch\/wp-content\/uploads\/2020\/01\/Toys-for-Life_Mathematics_Build-the-Figures_900000094_1-1.jpg\",\"datePublished\":\"2020-01-21T09:18:22+00:00\",\"dateModified\":\"2020-12-29T09:25:15+00:00\",\"description\":\"En jouant au jeu \\\"Construire les figures\\\" de Toys for Life, les enfants apprennent \u00e0 construire et \u00e0 concevoir des figures g\u00e9om\u00e9triques tout en am\u00e9liorant leur motricit\u00e9 fine.\",\"breadcrumb\":{\"@id\":\"https:\/\/teiaeducation.ch\/fr\/produit\/construire-des-figures-geometriques-toys-for-life\/#breadcrumb\"},\"inLanguage\":\"fr-FR\",\"potentialAction\":[{\"@type\":\"ReadAction\",\"target\":[\"https:\/\/teiaeducation.ch\/fr\/produit\/construire-des-figures-geometriques-toys-for-life\/\"]}]},{\"@type\":\"ImageObject\",\"inLanguage\":\"fr-FR\",\"@id\":\"https:\/\/teiaeducation.ch\/fr\/produit\/construire-des-figures-geometriques-toys-for-life\/#primaryimage\",\"url\":\"https:\/\/teiaeducation.ch\/wp-content\/uploads\/2020\/01\/Toys-for-Life_Mathematics_Build-the-Figures_900000094_1-1.jpg\",\"contentUrl\":\"https:\/\/teiaeducation.ch\/wp-content\/uploads\/2020\/01\/Toys-for-Life_Mathematics_Build-the-Figures_900000094_1-1.jpg\",\"width\":500,\"height\":500,\"caption\":\"Construire des figures g\u00e9om\u00e9triques - Toys for Life\"},{\"@type\":\"BreadcrumbList\",\"@id\":\"https:\/\/teiaeducation.ch\/fr\/produit\/construire-des-figures-geometriques-toys-for-life\/#breadcrumb\",\"itemListElement\":[{\"@type\":\"ListItem\",\"position\":1,\"name\":\"Home\",\"item\":\"https:\/\/teiaeducation.ch\/fr\/\"},{\"@type\":\"ListItem\",\"position\":2,\"name\":\"Boutique Teia Education &amp; Play\",\"item\":\"https:\/\/teiaeducation.ch\/fr\/boutique\/\"},{\"@type\":\"ListItem\",\"position\":3,\"name\":\"Domaines du Curriculum\",\"item\":\"https:\/\/teiaeducation.ch\/fr\/categorie-produit\/domaines-du-curriculum\/\"},{\"@type\":\"ListItem\",\"position\":4,\"name\":\"Sensorielles &amp; Motrices\",\"item\":\"https:\/\/teiaeducation.ch\/fr\/categorie-produit\/domaines-du-curriculum\/sensorielles-motrices\/\"},{\"@type\":\"ListItem\",\"position\":5,\"name\":\"Apprendre les Couleurs\",\"item\":\"https:\/\/teiaeducation.ch\/fr\/categorie-produit\/domaines-du-curriculum\/sensorielles-motrices\/apprendre-les-couleurs\/\"},{\"@type\":\"ListItem\",\"position\":6,\"name\":\"Construire des figures g\u00e9om\u00e9triques &#8211; Toys for Life\"}]},{\"@type\":\"WebSite\",\"@id\":\"https:\/\/teiaeducation.ch\/fr\/#website\",\"url\":\"https:\/\/teiaeducation.ch\/fr\/\",\"name\":\"Sustainable Educational Products &amp; Ecological Toys\u00a0\",\"description\":\"Specialised Swiss shop selling sustainable educational toys and games, AMI certified Montessori materials, handmade ecological wooden Waldorf toys and arts &amp; crafts supplies, school supplies, children&#039;s furniture and Montessori reference and parenting books.\",\"publisher\":{\"@id\":\"https:\/\/teiaeducation.ch\/fr\/#organization\"},\"alternateName\":\"Teia Education & Play\",\"potentialAction\":[{\"@type\":\"SearchAction\",\"target\":{\"@type\":\"EntryPoint\",\"urlTemplate\":\"https:\/\/teiaeducation.ch\/fr\/?s={search_term_string}\"},\"query-input\":{\"@type\":\"PropertyValueSpecification\",\"valueRequired\":true,\"valueName\":\"search_term_string\"}}],\"inLanguage\":\"fr-FR\"},{\"@type\":\"Organization\",\"@id\":\"https:\/\/teiaeducation.ch\/fr\/#organization\",\"name\":\"Teia Education & Play\",\"url\":\"https:\/\/teiaeducation.ch\/fr\/\",\"logo\":{\"@type\":\"ImageObject\",\"inLanguage\":\"fr-FR\",\"@id\":\"https:\/\/teiaeducation.ch\/fr\/#\/schema\/logo\/image\/\",\"url\":\"https:\/\/teiaeducation.ch\/wp-content\/uploads\/2020\/11\/Teia-Education-Switzerland-e1620156442216.jpg\",\"contentUrl\":\"https:\/\/teiaeducation.ch\/wp-content\/uploads\/2020\/11\/Teia-Education-Switzerland-e1620156442216.jpg\",\"width\":166,\"height\":145,\"caption\":\"Teia Education & Play\"},\"image\":{\"@id\":\"https:\/\/teiaeducation.ch\/fr\/#\/schema\/logo\/image\/\"},\"sameAs\":[\"https:\/\/www.facebook.com\/teiaeducation\/\",\"https:\/\/x.com\/EducationTeia\",\"https:\/\/www.instagram.com\/teia.education\/\",\"https:\/\/www.linkedin.com\/company\/35501660\",\"https:\/\/www.pinterest.ch\/TeiaEducation\/\"]}]}<\/script>\n<!-- \/ Yoast SEO plugin. -->","yoast_head_json":{"title":"Construire des figures g\u00e9om\u00e9triques - Toys for Life - Teia Education & Play","description":"En jouant au jeu \"Construire les figures\" de Toys for Life, les enfants apprennent \u00e0 construire et \u00e0 concevoir des figures g\u00e9om\u00e9triques tout en am\u00e9liorant leur motricit\u00e9 fine.","robots":{"index":"index","follow":"follow","max-snippet":"max-snippet:-1","max-image-preview":"max-image-preview:large","max-video-preview":"max-video-preview:-1"},"canonical":"https:\/\/teiaeducation.ch\/fr\/produit\/construire-des-figures-geometriques-toys-for-life\/","og_locale":"fr_FR","og_type":"article","og_title":"Construire des figures g\u00e9om\u00e9triques - Toys for Life - Teia Education & Play","og_description":"En jouant au jeu \"Construire les figures\" de Toys for Life, les enfants apprennent \u00e0 construire et \u00e0 concevoir des figures g\u00e9om\u00e9triques tout en am\u00e9liorant leur motricit\u00e9 fine.","og_url":"https:\/\/teiaeducation.ch\/fr\/produit\/construire-des-figures-geometriques-toys-for-life\/","og_site_name":"Sustainable Educational Products &amp; Ecological Toys\u00a0","article_publisher":"https:\/\/www.facebook.com\/teiaeducation\/","article_modified_time":"2020-12-29T09:25:15+00:00","og_image":[{"width":500,"height":500,"url":"https:\/\/teiaeducation.ch\/wp-content\/uploads\/2020\/01\/Toys-for-Life_Mathematics_Build-the-Figures_900000094_1-1.jpg","type":"image\/jpeg"}],"schema":{"@context":"https:\/\/schema.org","@graph":[{"@type":"WebPage","@id":"https:\/\/teiaeducation.ch\/fr\/produit\/construire-des-figures-geometriques-toys-for-life\/","url":"https:\/\/teiaeducation.ch\/fr\/produit\/construire-des-figures-geometriques-toys-for-life\/","name":"Construire des figures g\u00e9om\u00e9triques - Toys for Life - Teia Education & Play","isPartOf":{"@id":"https:\/\/teiaeducation.ch\/fr\/#website"},"primaryImageOfPage":{"@id":"https:\/\/teiaeducation.ch\/fr\/produit\/construire-des-figures-geometriques-toys-for-life\/#primaryimage"},"image":{"@id":"https:\/\/teiaeducation.ch\/fr\/produit\/construire-des-figures-geometriques-toys-for-life\/#primaryimage"},"thumbnailUrl":"https:\/\/teiaeducation.ch\/wp-content\/uploads\/2020\/01\/Toys-for-Life_Mathematics_Build-the-Figures_900000094_1-1.jpg","datePublished":"2020-01-21T09:18:22+00:00","dateModified":"2020-12-29T09:25:15+00:00","description":"En jouant au jeu \"Construire les figures\" de Toys for Life, les enfants apprennent \u00e0 construire et \u00e0 concevoir des figures g\u00e9om\u00e9triques tout en am\u00e9liorant leur motricit\u00e9 fine.","breadcrumb":{"@id":"https:\/\/teiaeducation.ch\/fr\/produit\/construire-des-figures-geometriques-toys-for-life\/#breadcrumb"},"inLanguage":"fr-FR","potentialAction":[{"@type":"ReadAction","target":["https:\/\/teiaeducation.ch\/fr\/produit\/construire-des-figures-geometriques-toys-for-life\/"]}]},{"@type":"ImageObject","inLanguage":"fr-FR","@id":"https:\/\/teiaeducation.ch\/fr\/produit\/construire-des-figures-geometriques-toys-for-life\/#primaryimage","url":"https:\/\/teiaeducation.ch\/wp-content\/uploads\/2020\/01\/Toys-for-Life_Mathematics_Build-the-Figures_900000094_1-1.jpg","contentUrl":"https:\/\/teiaeducation.ch\/wp-content\/uploads\/2020\/01\/Toys-for-Life_Mathematics_Build-the-Figures_900000094_1-1.jpg","width":500,"height":500,"caption":"Construire des figures g\u00e9om\u00e9triques - Toys for Life"},{"@type":"BreadcrumbList","@id":"https:\/\/teiaeducation.ch\/fr\/produit\/construire-des-figures-geometriques-toys-for-life\/#breadcrumb","itemListElement":[{"@type":"ListItem","position":1,"name":"Home","item":"https:\/\/teiaeducation.ch\/fr\/"},{"@type":"ListItem","position":2,"name":"Boutique Teia Education &amp; Play","item":"https:\/\/teiaeducation.ch\/fr\/boutique\/"},{"@type":"ListItem","position":3,"name":"Domaines du Curriculum","item":"https:\/\/teiaeducation.ch\/fr\/categorie-produit\/domaines-du-curriculum\/"},{"@type":"ListItem","position":4,"name":"Sensorielles &amp; Motrices","item":"https:\/\/teiaeducation.ch\/fr\/categorie-produit\/domaines-du-curriculum\/sensorielles-motrices\/"},{"@type":"ListItem","position":5,"name":"Apprendre les Couleurs","item":"https:\/\/teiaeducation.ch\/fr\/categorie-produit\/domaines-du-curriculum\/sensorielles-motrices\/apprendre-les-couleurs\/"},{"@type":"ListItem","position":6,"name":"Construire des figures g\u00e9om\u00e9triques &#8211; Toys for Life"}]},{"@type":"WebSite","@id":"https:\/\/teiaeducation.ch\/fr\/#website","url":"https:\/\/teiaeducation.ch\/fr\/","name":"Sustainable Educational Products &amp; Ecological Toys\u00a0","description":"Specialised Swiss shop selling sustainable educational toys and games, AMI certified Montessori materials, handmade ecological wooden Waldorf toys and arts &amp; crafts supplies, school supplies, children&#039;s furniture and Montessori reference and parenting books.","publisher":{"@id":"https:\/\/teiaeducation.ch\/fr\/#organization"},"alternateName":"Teia Education & Play","potentialAction":[{"@type":"SearchAction","target":{"@type":"EntryPoint","urlTemplate":"https:\/\/teiaeducation.ch\/fr\/?s={search_term_string}"},"query-input":{"@type":"PropertyValueSpecification","valueRequired":true,"valueName":"search_term_string"}}],"inLanguage":"fr-FR"},{"@type":"Organization","@id":"https:\/\/teiaeducation.ch\/fr\/#organization","name":"Teia Education & Play","url":"https:\/\/teiaeducation.ch\/fr\/","logo":{"@type":"ImageObject","inLanguage":"fr-FR","@id":"https:\/\/teiaeducation.ch\/fr\/#\/schema\/logo\/image\/","url":"https:\/\/teiaeducation.ch\/wp-content\/uploads\/2020\/11\/Teia-Education-Switzerland-e1620156442216.jpg","contentUrl":"https:\/\/teiaeducation.ch\/wp-content\/uploads\/2020\/11\/Teia-Education-Switzerland-e1620156442216.jpg","width":166,"height":145,"caption":"Teia Education & Play"},"image":{"@id":"https:\/\/teiaeducation.ch\/fr\/#\/schema\/logo\/image\/"},"sameAs":["https:\/\/www.facebook.com\/teiaeducation\/","https:\/\/x.com\/EducationTeia","https:\/\/www.instagram.com\/teia.education\/","https:\/\/www.linkedin.com\/company\/35501660","https:\/\/www.pinterest.ch\/TeiaEducation\/"]}]}},"_links":{"self":[{"href":"https:\/\/teiaeducation.ch\/fr\/wp-json\/wp\/v2\/product\/24198","targetHints":{"allow":["GET"]}}],"collection":[{"href":"https:\/\/teiaeducation.ch\/fr\/wp-json\/wp\/v2\/product"}],"about":[{"href":"https:\/\/teiaeducation.ch\/fr\/wp-json\/wp\/v2\/types\/product"}],"replies":[{"embeddable":true,"href":"https:\/\/teiaeducation.ch\/fr\/wp-json\/wp\/v2\/comments?post=24198"}],"wp:featuredmedia":[{"embeddable":true,"href":"https:\/\/teiaeducation.ch\/fr\/wp-json\/wp\/v2\/media\/22002"}],"wp:attachment":[{"href":"https:\/\/teiaeducation.ch\/fr\/wp-json\/wp\/v2\/media?parent=24198"}],"wp:term":[{"taxonomy":"product_brand","embeddable":true,"href":"https:\/\/teiaeducation.ch\/fr\/wp-json\/wp\/v2\/product_brand?post=24198"},{"taxonomy":"product_cat","embeddable":true,"href":"https:\/\/teiaeducation.ch\/fr\/wp-json\/wp\/v2\/product_cat?post=24198"},{"taxonomy":"product_tag","embeddable":true,"href":"https:\/\/teiaeducation.ch\/fr\/wp-json\/wp\/v2\/product_tag?post=24198"}],"curies":[{"name":"wp","href":"https:\/\/api.w.org\/{rel}","templated":true}]}}