{"id":24199,"date":"2020-01-21T10:48:30","date_gmt":"2020-01-21T09:48:30","guid":{"rendered":"https:\/\/teiaeducation.ch\/product\/faire-correspondre-trois-des-memes-toys-for-life\/"},"modified":"2025-10-01T11:20:41","modified_gmt":"2025-10-01T09:20:41","slug":"faire-correspondre-trois-des-memes-toys-for-life","status":"publish","type":"product","link":"https:\/\/teiaeducation.ch\/fr\/produit\/faire-correspondre-trois-des-memes-toys-for-life\/","title":{"rendered":"Faire correspondre trois des m\u00eames &#8211; Toys for Life"},"content":{"rendered":"<p>Faire correspondre trois des m\u00eames &#8211; Toys for Life<\/p>\n<p>&nbsp;<\/p>\n<p>Ce mat\u00e9riel est adapt\u00e9 aux enfants de 3 ans et plus.<\/p>\n<p>Contenu :<\/p>\n<p>36 cartes d&#8217;images en bois (5 x 5 cm)<br \/>\nUne bo\u00eete de rangement magn\u00e9tique (21 x 12 x 6 cm)<br \/>\nManuel d&#8217;instructions<\/p>\n","protected":false},"excerpt":{"rendered":"<p>Num\u00e9ro d&#8217;article : 900000095<\/p>\n","protected":false},"featured_media":22005,"comment_status":"closed","ping_status":"closed","template":"","meta":[],"product_brand":[],"product_cat":[8527,215,216,285,601,283,8526,1220,7591,288,7595,217,5851,7590,212,612],"product_tag":[23602,8556,776,8557,8525,23603],"class_list":{"0":"post-24199","1":"product","2":"type-product","3":"status-publish","4":"has-post-thumbnail","6":"product_cat-3-6-ans-ecole-a-domicile","7":"product_cat-3-6-ans","8":"product_cat-6-12-ans","9":"product_cat-alphabetisation-langage","10":"product_cat-classification-fr","11":"product_cat-domaines-du-curriculum","12":"product_cat-fournitures-scolaires-a-domicile","13":"product_cat-traditionnelle","14":"product_cat-langage-toys-for-life-fr","15":"product_cat-mathematiques-calcul","16":"product_cat-methode-deducation","17":"product_cat-marques","18":"product_cat-nouveautes","19":"product_cat-toys-for-life-fr","20":"product_cat-tranche-dage","21":"product_cat-vocabulaire-fr","22":"product_tag-educational-toys-fr","23":"product_tag-faire-correspondre-trois-des-memes","24":"product_tag-heutink-international-suisse","25":"product_tag-images-correspondantes","26":"product_tag-toys-for-life-fr","27":"product_tag-wooden-toys-fr","29":"first","30":"instock","31":"taxable","32":"shipping-taxable","33":"purchasable","34":"product-type-simple"},"yoast_head":"<!-- This site is optimized with the Yoast SEO plugin v27.1.1 - https:\/\/yoast.com\/product\/yoast-seo-wordpress\/ -->\n<title>Faire correspondre trois des m\u00eames - Toys for Life - Teia Education &amp; Play<\/title>\n<meta name=\"description\" content=\"En jouant au jeu Faire correspondre trois des m\u00eames de Toys for Life, les enfants apprennent \u00e0 trier et \u00e0 classer tout en \u00e9largissant leur vocabulaire en assemblant des ensembles de cartes assorties.\" \/>\n<meta name=\"robots\" content=\"index, follow, max-snippet:-1, max-image-preview:large, max-video-preview:-1\" \/>\n<link rel=\"canonical\" href=\"https:\/\/teiaeducation.ch\/fr\/produit\/faire-correspondre-trois-des-memes-toys-for-life\/\" \/>\n<meta property=\"og:locale\" content=\"fr_FR\" \/>\n<meta property=\"og:type\" content=\"article\" \/>\n<meta property=\"og:title\" content=\"Faire correspondre trois des m\u00eames - Toys for Life - Teia Education &amp; Play\" \/>\n<meta property=\"og:description\" content=\"En jouant au jeu Faire correspondre trois des m\u00eames de Toys for Life, les enfants apprennent \u00e0 trier et \u00e0 classer tout en \u00e9largissant leur vocabulaire en assemblant des ensembles de cartes assorties.\" \/>\n<meta property=\"og:url\" content=\"https:\/\/teiaeducation.ch\/fr\/produit\/faire-correspondre-trois-des-memes-toys-for-life\/\" \/>\n<meta property=\"og:site_name\" content=\"Sustainable Educational Products &amp; Ecological Toys\u00a0\" \/>\n<meta property=\"article:publisher\" content=\"https:\/\/www.facebook.com\/teiaeducation\/\" \/>\n<meta property=\"article:modified_time\" content=\"2025-10-01T09:20:41+00:00\" \/>\n<meta property=\"og:image\" content=\"https:\/\/teiaeducation.ch\/wp-content\/uploads\/2020\/01\/Toys-for-Life_Language_Match-Three_900000095_1.jpg\" \/>\n\t<meta property=\"og:image:width\" content=\"500\" \/>\n\t<meta property=\"og:image:height\" content=\"500\" \/>\n\t<meta property=\"og:image:type\" content=\"image\/jpeg\" \/>\n<script type=\"application\/ld+json\" class=\"yoast-schema-graph\">{\"@context\":\"https:\/\/schema.org\",\"@graph\":[{\"@type\":\"WebPage\",\"@id\":\"https:\/\/teiaeducation.ch\/fr\/produit\/faire-correspondre-trois-des-memes-toys-for-life\/\",\"url\":\"https:\/\/teiaeducation.ch\/fr\/produit\/faire-correspondre-trois-des-memes-toys-for-life\/\",\"name\":\"Faire correspondre trois des m\u00eames - Toys for Life - Teia Education & Play\",\"isPartOf\":{\"@id\":\"https:\/\/teiaeducation.ch\/fr\/#website\"},\"primaryImageOfPage\":{\"@id\":\"https:\/\/teiaeducation.ch\/fr\/produit\/faire-correspondre-trois-des-memes-toys-for-life\/#primaryimage\"},\"image\":{\"@id\":\"https:\/\/teiaeducation.ch\/fr\/produit\/faire-correspondre-trois-des-memes-toys-for-life\/#primaryimage\"},\"thumbnailUrl\":\"https:\/\/teiaeducation.ch\/wp-content\/uploads\/2020\/01\/Toys-for-Life_Language_Match-Three_900000095_1.jpg\",\"datePublished\":\"2020-01-21T09:48:30+00:00\",\"dateModified\":\"2025-10-01T09:20:41+00:00\",\"description\":\"En jouant au jeu Faire correspondre trois des m\u00eames de Toys for Life, les enfants apprennent \u00e0 trier et \u00e0 classer tout en \u00e9largissant leur vocabulaire en assemblant des ensembles de cartes assorties.\",\"breadcrumb\":{\"@id\":\"https:\/\/teiaeducation.ch\/fr\/produit\/faire-correspondre-trois-des-memes-toys-for-life\/#breadcrumb\"},\"inLanguage\":\"fr-FR\",\"potentialAction\":[{\"@type\":\"ReadAction\",\"target\":[\"https:\/\/teiaeducation.ch\/fr\/produit\/faire-correspondre-trois-des-memes-toys-for-life\/\"]}]},{\"@type\":\"ImageObject\",\"inLanguage\":\"fr-FR\",\"@id\":\"https:\/\/teiaeducation.ch\/fr\/produit\/faire-correspondre-trois-des-memes-toys-for-life\/#primaryimage\",\"url\":\"https:\/\/teiaeducation.ch\/wp-content\/uploads\/2020\/01\/Toys-for-Life_Language_Match-Three_900000095_1.jpg\",\"contentUrl\":\"https:\/\/teiaeducation.ch\/wp-content\/uploads\/2020\/01\/Toys-for-Life_Language_Match-Three_900000095_1.jpg\",\"width\":500,\"height\":500,\"caption\":\"Faire correspondre trois des m\u00eames - Toys for Life\"},{\"@type\":\"BreadcrumbList\",\"@id\":\"https:\/\/teiaeducation.ch\/fr\/produit\/faire-correspondre-trois-des-memes-toys-for-life\/#breadcrumb\",\"itemListElement\":[{\"@type\":\"ListItem\",\"position\":1,\"name\":\"Home\",\"item\":\"https:\/\/teiaeducation.ch\/fr\/\"},{\"@type\":\"ListItem\",\"position\":2,\"name\":\"Boutique Teia Education &amp; Play\",\"item\":\"https:\/\/teiaeducation.ch\/fr\/boutique\/\"},{\"@type\":\"ListItem\",\"position\":3,\"name\":\"Domaines du Curriculum\",\"item\":\"https:\/\/teiaeducation.ch\/fr\/categorie-produit\/domaines-du-curriculum\/\"},{\"@type\":\"ListItem\",\"position\":4,\"name\":\"Alphab\u00e9tisation &amp; Langage\",\"item\":\"https:\/\/teiaeducation.ch\/fr\/categorie-produit\/domaines-du-curriculum\/alphabetisation-langage\/\"},{\"@type\":\"ListItem\",\"position\":5,\"name\":\"Classification\",\"item\":\"https:\/\/teiaeducation.ch\/fr\/categorie-produit\/domaines-du-curriculum\/alphabetisation-langage\/classification-fr\/\"},{\"@type\":\"ListItem\",\"position\":6,\"name\":\"Faire correspondre trois des m\u00eames &#8211; Toys for Life\"}]},{\"@type\":\"WebSite\",\"@id\":\"https:\/\/teiaeducation.ch\/fr\/#website\",\"url\":\"https:\/\/teiaeducation.ch\/fr\/\",\"name\":\"Sustainable Educational Products &amp; Ecological Toys\u00a0\",\"description\":\"Specialised Swiss shop selling sustainable educational toys and games, AMI certified Montessori materials, handmade ecological wooden Waldorf toys and arts &amp; crafts supplies, school supplies, children&#039;s furniture and Montessori reference and parenting books.\",\"publisher\":{\"@id\":\"https:\/\/teiaeducation.ch\/fr\/#organization\"},\"alternateName\":\"Teia Education & Play\",\"potentialAction\":[{\"@type\":\"SearchAction\",\"target\":{\"@type\":\"EntryPoint\",\"urlTemplate\":\"https:\/\/teiaeducation.ch\/fr\/?s={search_term_string}\"},\"query-input\":{\"@type\":\"PropertyValueSpecification\",\"valueRequired\":true,\"valueName\":\"search_term_string\"}}],\"inLanguage\":\"fr-FR\"},{\"@type\":\"Organization\",\"@id\":\"https:\/\/teiaeducation.ch\/fr\/#organization\",\"name\":\"Teia Education & Play\",\"url\":\"https:\/\/teiaeducation.ch\/fr\/\",\"logo\":{\"@type\":\"ImageObject\",\"inLanguage\":\"fr-FR\",\"@id\":\"https:\/\/teiaeducation.ch\/fr\/#\/schema\/logo\/image\/\",\"url\":\"https:\/\/teiaeducation.ch\/wp-content\/uploads\/2020\/11\/Teia-Education-Switzerland-e1620156442216.jpg\",\"contentUrl\":\"https:\/\/teiaeducation.ch\/wp-content\/uploads\/2020\/11\/Teia-Education-Switzerland-e1620156442216.jpg\",\"width\":166,\"height\":145,\"caption\":\"Teia Education & Play\"},\"image\":{\"@id\":\"https:\/\/teiaeducation.ch\/fr\/#\/schema\/logo\/image\/\"},\"sameAs\":[\"https:\/\/www.facebook.com\/teiaeducation\/\",\"https:\/\/x.com\/EducationTeia\",\"https:\/\/www.instagram.com\/teia.education\/\",\"https:\/\/www.linkedin.com\/company\/35501660\",\"https:\/\/www.pinterest.ch\/TeiaEducation\/\"]}]}<\/script>\n<!-- \/ Yoast SEO plugin. -->","yoast_head_json":{"title":"Faire correspondre trois des m\u00eames - Toys for Life - Teia Education & Play","description":"En jouant au jeu Faire correspondre trois des m\u00eames de Toys for Life, les enfants apprennent \u00e0 trier et \u00e0 classer tout en \u00e9largissant leur vocabulaire en assemblant des ensembles de cartes assorties.","robots":{"index":"index","follow":"follow","max-snippet":"max-snippet:-1","max-image-preview":"max-image-preview:large","max-video-preview":"max-video-preview:-1"},"canonical":"https:\/\/teiaeducation.ch\/fr\/produit\/faire-correspondre-trois-des-memes-toys-for-life\/","og_locale":"fr_FR","og_type":"article","og_title":"Faire correspondre trois des m\u00eames - Toys for Life - Teia Education & Play","og_description":"En jouant au jeu Faire correspondre trois des m\u00eames de Toys for Life, les enfants apprennent \u00e0 trier et \u00e0 classer tout en \u00e9largissant leur vocabulaire en assemblant des ensembles de cartes assorties.","og_url":"https:\/\/teiaeducation.ch\/fr\/produit\/faire-correspondre-trois-des-memes-toys-for-life\/","og_site_name":"Sustainable Educational Products &amp; Ecological Toys\u00a0","article_publisher":"https:\/\/www.facebook.com\/teiaeducation\/","article_modified_time":"2025-10-01T09:20:41+00:00","og_image":[{"width":500,"height":500,"url":"https:\/\/teiaeducation.ch\/wp-content\/uploads\/2020\/01\/Toys-for-Life_Language_Match-Three_900000095_1.jpg","type":"image\/jpeg"}],"schema":{"@context":"https:\/\/schema.org","@graph":[{"@type":"WebPage","@id":"https:\/\/teiaeducation.ch\/fr\/produit\/faire-correspondre-trois-des-memes-toys-for-life\/","url":"https:\/\/teiaeducation.ch\/fr\/produit\/faire-correspondre-trois-des-memes-toys-for-life\/","name":"Faire correspondre trois des m\u00eames - Toys for Life - Teia Education & Play","isPartOf":{"@id":"https:\/\/teiaeducation.ch\/fr\/#website"},"primaryImageOfPage":{"@id":"https:\/\/teiaeducation.ch\/fr\/produit\/faire-correspondre-trois-des-memes-toys-for-life\/#primaryimage"},"image":{"@id":"https:\/\/teiaeducation.ch\/fr\/produit\/faire-correspondre-trois-des-memes-toys-for-life\/#primaryimage"},"thumbnailUrl":"https:\/\/teiaeducation.ch\/wp-content\/uploads\/2020\/01\/Toys-for-Life_Language_Match-Three_900000095_1.jpg","datePublished":"2020-01-21T09:48:30+00:00","dateModified":"2025-10-01T09:20:41+00:00","description":"En jouant au jeu Faire correspondre trois des m\u00eames de Toys for Life, les enfants apprennent \u00e0 trier et \u00e0 classer tout en \u00e9largissant leur vocabulaire en assemblant des ensembles de cartes assorties.","breadcrumb":{"@id":"https:\/\/teiaeducation.ch\/fr\/produit\/faire-correspondre-trois-des-memes-toys-for-life\/#breadcrumb"},"inLanguage":"fr-FR","potentialAction":[{"@type":"ReadAction","target":["https:\/\/teiaeducation.ch\/fr\/produit\/faire-correspondre-trois-des-memes-toys-for-life\/"]}]},{"@type":"ImageObject","inLanguage":"fr-FR","@id":"https:\/\/teiaeducation.ch\/fr\/produit\/faire-correspondre-trois-des-memes-toys-for-life\/#primaryimage","url":"https:\/\/teiaeducation.ch\/wp-content\/uploads\/2020\/01\/Toys-for-Life_Language_Match-Three_900000095_1.jpg","contentUrl":"https:\/\/teiaeducation.ch\/wp-content\/uploads\/2020\/01\/Toys-for-Life_Language_Match-Three_900000095_1.jpg","width":500,"height":500,"caption":"Faire correspondre trois des m\u00eames - Toys for Life"},{"@type":"BreadcrumbList","@id":"https:\/\/teiaeducation.ch\/fr\/produit\/faire-correspondre-trois-des-memes-toys-for-life\/#breadcrumb","itemListElement":[{"@type":"ListItem","position":1,"name":"Home","item":"https:\/\/teiaeducation.ch\/fr\/"},{"@type":"ListItem","position":2,"name":"Boutique Teia Education &amp; Play","item":"https:\/\/teiaeducation.ch\/fr\/boutique\/"},{"@type":"ListItem","position":3,"name":"Domaines du Curriculum","item":"https:\/\/teiaeducation.ch\/fr\/categorie-produit\/domaines-du-curriculum\/"},{"@type":"ListItem","position":4,"name":"Alphab\u00e9tisation &amp; Langage","item":"https:\/\/teiaeducation.ch\/fr\/categorie-produit\/domaines-du-curriculum\/alphabetisation-langage\/"},{"@type":"ListItem","position":5,"name":"Classification","item":"https:\/\/teiaeducation.ch\/fr\/categorie-produit\/domaines-du-curriculum\/alphabetisation-langage\/classification-fr\/"},{"@type":"ListItem","position":6,"name":"Faire correspondre trois des m\u00eames &#8211; Toys for Life"}]},{"@type":"WebSite","@id":"https:\/\/teiaeducation.ch\/fr\/#website","url":"https:\/\/teiaeducation.ch\/fr\/","name":"Sustainable Educational Products &amp; Ecological Toys\u00a0","description":"Specialised Swiss shop selling sustainable educational toys and games, AMI certified Montessori materials, handmade ecological wooden Waldorf toys and arts &amp; crafts supplies, school supplies, children&#039;s furniture and Montessori reference and parenting books.","publisher":{"@id":"https:\/\/teiaeducation.ch\/fr\/#organization"},"alternateName":"Teia Education & Play","potentialAction":[{"@type":"SearchAction","target":{"@type":"EntryPoint","urlTemplate":"https:\/\/teiaeducation.ch\/fr\/?s={search_term_string}"},"query-input":{"@type":"PropertyValueSpecification","valueRequired":true,"valueName":"search_term_string"}}],"inLanguage":"fr-FR"},{"@type":"Organization","@id":"https:\/\/teiaeducation.ch\/fr\/#organization","name":"Teia Education & Play","url":"https:\/\/teiaeducation.ch\/fr\/","logo":{"@type":"ImageObject","inLanguage":"fr-FR","@id":"https:\/\/teiaeducation.ch\/fr\/#\/schema\/logo\/image\/","url":"https:\/\/teiaeducation.ch\/wp-content\/uploads\/2020\/11\/Teia-Education-Switzerland-e1620156442216.jpg","contentUrl":"https:\/\/teiaeducation.ch\/wp-content\/uploads\/2020\/11\/Teia-Education-Switzerland-e1620156442216.jpg","width":166,"height":145,"caption":"Teia Education & Play"},"image":{"@id":"https:\/\/teiaeducation.ch\/fr\/#\/schema\/logo\/image\/"},"sameAs":["https:\/\/www.facebook.com\/teiaeducation\/","https:\/\/x.com\/EducationTeia","https:\/\/www.instagram.com\/teia.education\/","https:\/\/www.linkedin.com\/company\/35501660","https:\/\/www.pinterest.ch\/TeiaEducation\/"]}]}},"_links":{"self":[{"href":"https:\/\/teiaeducation.ch\/fr\/wp-json\/wp\/v2\/product\/24199","targetHints":{"allow":["GET"]}}],"collection":[{"href":"https:\/\/teiaeducation.ch\/fr\/wp-json\/wp\/v2\/product"}],"about":[{"href":"https:\/\/teiaeducation.ch\/fr\/wp-json\/wp\/v2\/types\/product"}],"replies":[{"embeddable":true,"href":"https:\/\/teiaeducation.ch\/fr\/wp-json\/wp\/v2\/comments?post=24199"}],"wp:featuredmedia":[{"embeddable":true,"href":"https:\/\/teiaeducation.ch\/fr\/wp-json\/wp\/v2\/media\/22005"}],"wp:attachment":[{"href":"https:\/\/teiaeducation.ch\/fr\/wp-json\/wp\/v2\/media?parent=24199"}],"wp:term":[{"taxonomy":"product_brand","embeddable":true,"href":"https:\/\/teiaeducation.ch\/fr\/wp-json\/wp\/v2\/product_brand?post=24199"},{"taxonomy":"product_cat","embeddable":true,"href":"https:\/\/teiaeducation.ch\/fr\/wp-json\/wp\/v2\/product_cat?post=24199"},{"taxonomy":"product_tag","embeddable":true,"href":"https:\/\/teiaeducation.ch\/fr\/wp-json\/wp\/v2\/product_tag?post=24199"}],"curies":[{"name":"wp","href":"https:\/\/api.w.org\/{rel}","templated":true}]}}