{"id":24202,"date":"2020-01-21T13:37:54","date_gmt":"2020-01-21T12:37:54","guid":{"rendered":"https:\/\/teiaeducation.ch\/product\/completer-des-cartes-toys-for-life\/"},"modified":"2023-09-22T13:11:31","modified_gmt":"2023-09-22T11:11:31","slug":"completer-lobjet-toys-for-life","status":"publish","type":"product","link":"https:\/\/teiaeducation.ch\/fr\/produit\/completer-lobjet-toys-for-life\/","title":{"rendered":"Compl\u00e9ter l&#8217;objet &#8211; Toys for Life"},"content":{"rendered":"<p>En jouant au jeu \u00e9ducatif &#8220;compl\u00e9ter l&#8217;objet&#8221; de Toys for Life, les enfants apprennent \u00e0 compl\u00e9ter des images tout en enrichissant leur <a href=\"https:\/\/teiaeducation.ch\/product-category\/learning-themes\/literacy-language\/vocabulary-2\/\">vocabulaire<\/a>.<\/p>\n<p>L&#8217;objectif du jeu est de faire correspondre une carte-image transparente \u00e0 une image sur une carte d&#8217;exercise en bois. Pour prolonger l&#8217;exercice, chaque carte-image est nomm\u00c3\u00a9e et l&#8217;image est d\u00c3\u00a9crite par l&#8217;enfant.<\/p>\n<p>Compl\u00c3\u00a9ter l&#8217;objet convient aux enfants \u00c3\u00a2g\u00c3\u00a9s de 3 ans et plus.<\/p>\n<p>Contenu:<\/p>\n<p>4 cartes d&#8217;exercises en bois (24 x 12 cm)<br \/>\n32 cartes-images transparentes (6 x 6 cm)<br \/>\nUne bo\u00eete de rangement magn\u00e9tique (31 x 23 x 6 cm)<br \/>\nManuel d&#8217;instruction<\/p>\n<h2>\u00c0 propos de Toys for Life<\/h2>\n<p>La marque \u00e9ducative n\u00e9erlandaise <a href=\"https:\/\/teiaeducation.ch\/product-category\/brands\/toys-for-life\/\">Toys for Life<\/a> propose une gamme de jeux et de jouets <a href=\"https:\/\/teiaeducation.ch\/product-category\/education-method\/traditional\/\">\u00e9ducatifs<\/a> abordables destin\u00e9s \u00e0 \u00eatre utilis\u00e9s dans le domaine de l&#8217;<a href=\"https:\/\/teiaeducation.ch\/product-category\/homeschool-supplies\/\">\u00e9ducation \u00e0 domicile<\/a>. La gamme de produits Toys for Life est divis\u00e9e en trois domaines : <a href=\"https:\/\/teiaeducation.ch\/product-category\/brands\/toys-for-life\/mathematics-toys-for-life\/\">Math\u00e9matiques<\/a>,  <a href=\"https:\/\/teiaeducation.ch\/product-category\/brands\/toys-for-life\/language-toys-for-life\/\">Langue<\/a> et <a href=\"https:\/\/teiaeducation.ch\/product-category\/brands\/toys-for-life\/motor-development-toys-for-life\/\">D\u00e9veloppement moteur<\/a> et sont d\u00e9velopp\u00e9s en \u00e9troite collaboration avec l&#8217;\u00e9quipe de la marque Heutink International <a href=\"https:\/\/teiaeducation.ch\/fr\/heutink-international\/educo\/\">Educo<\/a>: une marque bien connue dont les produits sont utilis\u00e9s dans la plupart des \u00e9coles primaires des Pays-Bas et dont l&#8217;objectif est de soutenir l&#8217;apprentissage par le jeu gr\u00e2ce \u00e0 des mat\u00e9riaux actifs, inspirant la croissance et la r\u00e9ussite des enfants \u00e2g\u00e9s de 1 \u00e0 6 ans.<\/p>\n<p>Tous les produits Toys for Life r\u00e9pondent aux exigences des diverses r\u00e9glementations en mati\u00e8re de s\u00e9curit\u00e9 des jouets et sont conformes \u00e0 la directive europ\u00e9enne 2009\/48\/CE relative \u00e0 la s\u00e9curit\u00e9 des jouets, ainsi qu&#8217;aux normes EN71, ASTM et GB.<\/p>\n","protected":false},"excerpt":{"rendered":"<p>Num\u00e9ro d&#8217;article: 900000098<\/p>\n<p>En jouant au jeu \u00e9ducatif &#8220;compl\u00e9ter l&#8217;objet&#8221; de Toys for Life, les enfants apprennent \u00e0 compl\u00e9ter des images tout en enrichissant leur vocabulaire.<\/p>\n","protected":false},"featured_media":22033,"comment_status":"closed","ping_status":"closed","template":"","meta":[],"product_brand":[],"product_cat":[8527,215,216,285,601,283,8526,603,1220,7591,7595,217,5851,7590,212,612],"product_tag":[26097,776,8560,8561,650,8525,23603],"class_list":{"0":"post-24202","1":"product","2":"type-product","3":"status-publish","4":"has-post-thumbnail","6":"product_cat-3-6-ans-ecole-a-domicile","7":"product_cat-3-6-ans","8":"product_cat-6-12-ans","9":"product_cat-alphabetisation-langage","10":"product_cat-classification-fr","11":"product_cat-domaines-du-curriculum","12":"product_cat-fournitures-scolaires-a-domicile","13":"product_cat-jeux-de-discrimination-fr","14":"product_cat-traditionnelle","15":"product_cat-langage-toys-for-life-fr","16":"product_cat-methode-deducation","17":"product_cat-marques","18":"product_cat-nouveautes","19":"product_cat-toys-for-life-fr","20":"product_cat-tranche-dage","21":"product_cat-vocabulaire-fr","22":"product_tag-completer-lobjet-toys-for-life","23":"product_tag-heutink-international-suisse","24":"product_tag-jeu-de-correspondance","25":"product_tag-jeu-educatif","26":"product_tag-jouets-educatifs-suisse","27":"product_tag-toys-for-life-fr","28":"product_tag-wooden-toys-fr","30":"first","31":"instock","32":"taxable","33":"shipping-taxable","34":"purchasable","35":"product-type-simple"},"yoast_head":"<!-- This site is optimized with the Yoast SEO plugin v27.1.1 - https:\/\/yoast.com\/product\/yoast-seo-wordpress\/ -->\n<title>Compl\u00e9ter l&#039;objet - Toys for Life - Teia Education &amp; Play<\/title>\n<meta name=\"description\" content=\"En jouant au jeu \u00e9ducatif &quot;compl\u00e9ter l&#039;objet&quot; de Toys for Life, les enfants apprennent \u00e0 compl\u00e9ter des images tout en enrichissant leur vocabulaire.\" \/>\n<meta name=\"robots\" content=\"index, follow, max-snippet:-1, max-image-preview:large, max-video-preview:-1\" \/>\n<link rel=\"canonical\" href=\"https:\/\/teiaeducation.ch\/fr\/produit\/completer-lobjet-toys-for-life\/\" \/>\n<meta property=\"og:locale\" content=\"fr_FR\" \/>\n<meta property=\"og:type\" content=\"article\" \/>\n<meta property=\"og:title\" content=\"Compl\u00e9ter l&#039;objet - Toys for Life - Teia Education &amp; Play\" \/>\n<meta property=\"og:description\" content=\"En jouant au jeu \u00e9ducatif &quot;compl\u00e9ter l&#039;objet&quot; de Toys for Life, les enfants apprennent \u00e0 compl\u00e9ter des images tout en enrichissant leur vocabulaire.\" \/>\n<meta property=\"og:url\" content=\"https:\/\/teiaeducation.ch\/fr\/produit\/completer-lobjet-toys-for-life\/\" \/>\n<meta property=\"og:site_name\" content=\"Sustainable Educational Products &amp; Ecological Toys\u00a0\" \/>\n<meta property=\"article:publisher\" content=\"https:\/\/www.facebook.com\/teiaeducation\/\" \/>\n<meta property=\"article:modified_time\" content=\"2023-09-22T11:11:31+00:00\" \/>\n<meta property=\"og:image\" content=\"https:\/\/teiaeducation.ch\/wp-content\/uploads\/2020\/01\/Toys-for-Life_Language_Complete-the-item_900000098_1.jpg\" \/>\n\t<meta property=\"og:image:width\" content=\"500\" \/>\n\t<meta property=\"og:image:height\" content=\"500\" \/>\n\t<meta property=\"og:image:type\" content=\"image\/jpeg\" \/>\n<script type=\"application\/ld+json\" class=\"yoast-schema-graph\">{\"@context\":\"https:\/\/schema.org\",\"@graph\":[{\"@type\":\"WebPage\",\"@id\":\"https:\/\/teiaeducation.ch\/fr\/produit\/completer-lobjet-toys-for-life\/\",\"url\":\"https:\/\/teiaeducation.ch\/fr\/produit\/completer-lobjet-toys-for-life\/\",\"name\":\"Compl\u00e9ter l'objet - Toys for Life - Teia Education & Play\",\"isPartOf\":{\"@id\":\"https:\/\/teiaeducation.ch\/fr\/#website\"},\"primaryImageOfPage\":{\"@id\":\"https:\/\/teiaeducation.ch\/fr\/produit\/completer-lobjet-toys-for-life\/#primaryimage\"},\"image\":{\"@id\":\"https:\/\/teiaeducation.ch\/fr\/produit\/completer-lobjet-toys-for-life\/#primaryimage\"},\"thumbnailUrl\":\"https:\/\/teiaeducation.ch\/wp-content\/uploads\/2020\/01\/Toys-for-Life_Language_Complete-the-item_900000098_1.jpg\",\"datePublished\":\"2020-01-21T12:37:54+00:00\",\"dateModified\":\"2023-09-22T11:11:31+00:00\",\"description\":\"En jouant au jeu \u00e9ducatif \\\"compl\u00e9ter l'objet\\\" de Toys for Life, les enfants apprennent \u00e0 compl\u00e9ter des images tout en enrichissant leur vocabulaire.\",\"breadcrumb\":{\"@id\":\"https:\/\/teiaeducation.ch\/fr\/produit\/completer-lobjet-toys-for-life\/#breadcrumb\"},\"inLanguage\":\"fr-FR\",\"potentialAction\":[{\"@type\":\"ReadAction\",\"target\":[\"https:\/\/teiaeducation.ch\/fr\/produit\/completer-lobjet-toys-for-life\/\"]}]},{\"@type\":\"ImageObject\",\"inLanguage\":\"fr-FR\",\"@id\":\"https:\/\/teiaeducation.ch\/fr\/produit\/completer-lobjet-toys-for-life\/#primaryimage\",\"url\":\"https:\/\/teiaeducation.ch\/wp-content\/uploads\/2020\/01\/Toys-for-Life_Language_Complete-the-item_900000098_1.jpg\",\"contentUrl\":\"https:\/\/teiaeducation.ch\/wp-content\/uploads\/2020\/01\/Toys-for-Life_Language_Complete-the-item_900000098_1.jpg\",\"width\":500,\"height\":500,\"caption\":\"Compl\u00e9ter l'objet Toys for Life\"},{\"@type\":\"BreadcrumbList\",\"@id\":\"https:\/\/teiaeducation.ch\/fr\/produit\/completer-lobjet-toys-for-life\/#breadcrumb\",\"itemListElement\":[{\"@type\":\"ListItem\",\"position\":1,\"name\":\"Home\",\"item\":\"https:\/\/teiaeducation.ch\/fr\/\"},{\"@type\":\"ListItem\",\"position\":2,\"name\":\"Boutique Teia Education &amp; Play\",\"item\":\"https:\/\/teiaeducation.ch\/fr\/boutique\/\"},{\"@type\":\"ListItem\",\"position\":3,\"name\":\"Nos Marques\",\"item\":\"https:\/\/teiaeducation.ch\/fr\/categorie-produit\/marques\/\"},{\"@type\":\"ListItem\",\"position\":4,\"name\":\"Toys for Life\",\"item\":\"https:\/\/teiaeducation.ch\/fr\/categorie-produit\/marques\/toys-for-life-fr\/\"},{\"@type\":\"ListItem\",\"position\":5,\"name\":\"Langage\",\"item\":\"https:\/\/teiaeducation.ch\/fr\/categorie-produit\/marques\/toys-for-life-fr\/langage-toys-for-life-fr\/\"},{\"@type\":\"ListItem\",\"position\":6,\"name\":\"Compl\u00e9ter l&#8217;objet &#8211; Toys for Life\"}]},{\"@type\":\"WebSite\",\"@id\":\"https:\/\/teiaeducation.ch\/fr\/#website\",\"url\":\"https:\/\/teiaeducation.ch\/fr\/\",\"name\":\"Sustainable Educational Products &amp; Ecological Toys\u00a0\",\"description\":\"Specialised Swiss shop selling sustainable educational toys and games, AMI certified Montessori materials, handmade ecological wooden Waldorf toys and arts &amp; crafts supplies, school supplies, children&#039;s furniture and Montessori reference and parenting books.\",\"publisher\":{\"@id\":\"https:\/\/teiaeducation.ch\/fr\/#organization\"},\"alternateName\":\"Teia Education & Play\",\"potentialAction\":[{\"@type\":\"SearchAction\",\"target\":{\"@type\":\"EntryPoint\",\"urlTemplate\":\"https:\/\/teiaeducation.ch\/fr\/?s={search_term_string}\"},\"query-input\":{\"@type\":\"PropertyValueSpecification\",\"valueRequired\":true,\"valueName\":\"search_term_string\"}}],\"inLanguage\":\"fr-FR\"},{\"@type\":\"Organization\",\"@id\":\"https:\/\/teiaeducation.ch\/fr\/#organization\",\"name\":\"Teia Education & Play\",\"url\":\"https:\/\/teiaeducation.ch\/fr\/\",\"logo\":{\"@type\":\"ImageObject\",\"inLanguage\":\"fr-FR\",\"@id\":\"https:\/\/teiaeducation.ch\/fr\/#\/schema\/logo\/image\/\",\"url\":\"https:\/\/teiaeducation.ch\/wp-content\/uploads\/2020\/11\/Teia-Education-Switzerland-e1620156442216.jpg\",\"contentUrl\":\"https:\/\/teiaeducation.ch\/wp-content\/uploads\/2020\/11\/Teia-Education-Switzerland-e1620156442216.jpg\",\"width\":166,\"height\":145,\"caption\":\"Teia Education & Play\"},\"image\":{\"@id\":\"https:\/\/teiaeducation.ch\/fr\/#\/schema\/logo\/image\/\"},\"sameAs\":[\"https:\/\/www.facebook.com\/teiaeducation\/\",\"https:\/\/x.com\/EducationTeia\",\"https:\/\/www.instagram.com\/teia.education\/\",\"https:\/\/www.linkedin.com\/company\/35501660\",\"https:\/\/www.pinterest.ch\/TeiaEducation\/\"]}]}<\/script>\n<!-- \/ Yoast SEO plugin. -->","yoast_head_json":{"title":"Compl\u00e9ter l'objet - Toys for Life - Teia Education & Play","description":"En jouant au jeu \u00e9ducatif \"compl\u00e9ter l'objet\" de Toys for Life, les enfants apprennent \u00e0 compl\u00e9ter des images tout en enrichissant leur vocabulaire.","robots":{"index":"index","follow":"follow","max-snippet":"max-snippet:-1","max-image-preview":"max-image-preview:large","max-video-preview":"max-video-preview:-1"},"canonical":"https:\/\/teiaeducation.ch\/fr\/produit\/completer-lobjet-toys-for-life\/","og_locale":"fr_FR","og_type":"article","og_title":"Compl\u00e9ter l'objet - Toys for Life - Teia Education & Play","og_description":"En jouant au jeu \u00e9ducatif \"compl\u00e9ter l'objet\" de Toys for Life, les enfants apprennent \u00e0 compl\u00e9ter des images tout en enrichissant leur vocabulaire.","og_url":"https:\/\/teiaeducation.ch\/fr\/produit\/completer-lobjet-toys-for-life\/","og_site_name":"Sustainable Educational Products &amp; Ecological Toys\u00a0","article_publisher":"https:\/\/www.facebook.com\/teiaeducation\/","article_modified_time":"2023-09-22T11:11:31+00:00","og_image":[{"width":500,"height":500,"url":"https:\/\/teiaeducation.ch\/wp-content\/uploads\/2020\/01\/Toys-for-Life_Language_Complete-the-item_900000098_1.jpg","type":"image\/jpeg"}],"schema":{"@context":"https:\/\/schema.org","@graph":[{"@type":"WebPage","@id":"https:\/\/teiaeducation.ch\/fr\/produit\/completer-lobjet-toys-for-life\/","url":"https:\/\/teiaeducation.ch\/fr\/produit\/completer-lobjet-toys-for-life\/","name":"Compl\u00e9ter l'objet - Toys for Life - Teia Education & Play","isPartOf":{"@id":"https:\/\/teiaeducation.ch\/fr\/#website"},"primaryImageOfPage":{"@id":"https:\/\/teiaeducation.ch\/fr\/produit\/completer-lobjet-toys-for-life\/#primaryimage"},"image":{"@id":"https:\/\/teiaeducation.ch\/fr\/produit\/completer-lobjet-toys-for-life\/#primaryimage"},"thumbnailUrl":"https:\/\/teiaeducation.ch\/wp-content\/uploads\/2020\/01\/Toys-for-Life_Language_Complete-the-item_900000098_1.jpg","datePublished":"2020-01-21T12:37:54+00:00","dateModified":"2023-09-22T11:11:31+00:00","description":"En jouant au jeu \u00e9ducatif \"compl\u00e9ter l'objet\" de Toys for Life, les enfants apprennent \u00e0 compl\u00e9ter des images tout en enrichissant leur vocabulaire.","breadcrumb":{"@id":"https:\/\/teiaeducation.ch\/fr\/produit\/completer-lobjet-toys-for-life\/#breadcrumb"},"inLanguage":"fr-FR","potentialAction":[{"@type":"ReadAction","target":["https:\/\/teiaeducation.ch\/fr\/produit\/completer-lobjet-toys-for-life\/"]}]},{"@type":"ImageObject","inLanguage":"fr-FR","@id":"https:\/\/teiaeducation.ch\/fr\/produit\/completer-lobjet-toys-for-life\/#primaryimage","url":"https:\/\/teiaeducation.ch\/wp-content\/uploads\/2020\/01\/Toys-for-Life_Language_Complete-the-item_900000098_1.jpg","contentUrl":"https:\/\/teiaeducation.ch\/wp-content\/uploads\/2020\/01\/Toys-for-Life_Language_Complete-the-item_900000098_1.jpg","width":500,"height":500,"caption":"Compl\u00e9ter l'objet Toys for Life"},{"@type":"BreadcrumbList","@id":"https:\/\/teiaeducation.ch\/fr\/produit\/completer-lobjet-toys-for-life\/#breadcrumb","itemListElement":[{"@type":"ListItem","position":1,"name":"Home","item":"https:\/\/teiaeducation.ch\/fr\/"},{"@type":"ListItem","position":2,"name":"Boutique Teia Education &amp; Play","item":"https:\/\/teiaeducation.ch\/fr\/boutique\/"},{"@type":"ListItem","position":3,"name":"Nos Marques","item":"https:\/\/teiaeducation.ch\/fr\/categorie-produit\/marques\/"},{"@type":"ListItem","position":4,"name":"Toys for Life","item":"https:\/\/teiaeducation.ch\/fr\/categorie-produit\/marques\/toys-for-life-fr\/"},{"@type":"ListItem","position":5,"name":"Langage","item":"https:\/\/teiaeducation.ch\/fr\/categorie-produit\/marques\/toys-for-life-fr\/langage-toys-for-life-fr\/"},{"@type":"ListItem","position":6,"name":"Compl\u00e9ter l&#8217;objet &#8211; Toys for Life"}]},{"@type":"WebSite","@id":"https:\/\/teiaeducation.ch\/fr\/#website","url":"https:\/\/teiaeducation.ch\/fr\/","name":"Sustainable Educational Products &amp; Ecological Toys\u00a0","description":"Specialised Swiss shop selling sustainable educational toys and games, AMI certified Montessori materials, handmade ecological wooden Waldorf toys and arts &amp; crafts supplies, school supplies, children&#039;s furniture and Montessori reference and parenting books.","publisher":{"@id":"https:\/\/teiaeducation.ch\/fr\/#organization"},"alternateName":"Teia Education & Play","potentialAction":[{"@type":"SearchAction","target":{"@type":"EntryPoint","urlTemplate":"https:\/\/teiaeducation.ch\/fr\/?s={search_term_string}"},"query-input":{"@type":"PropertyValueSpecification","valueRequired":true,"valueName":"search_term_string"}}],"inLanguage":"fr-FR"},{"@type":"Organization","@id":"https:\/\/teiaeducation.ch\/fr\/#organization","name":"Teia Education & Play","url":"https:\/\/teiaeducation.ch\/fr\/","logo":{"@type":"ImageObject","inLanguage":"fr-FR","@id":"https:\/\/teiaeducation.ch\/fr\/#\/schema\/logo\/image\/","url":"https:\/\/teiaeducation.ch\/wp-content\/uploads\/2020\/11\/Teia-Education-Switzerland-e1620156442216.jpg","contentUrl":"https:\/\/teiaeducation.ch\/wp-content\/uploads\/2020\/11\/Teia-Education-Switzerland-e1620156442216.jpg","width":166,"height":145,"caption":"Teia Education & Play"},"image":{"@id":"https:\/\/teiaeducation.ch\/fr\/#\/schema\/logo\/image\/"},"sameAs":["https:\/\/www.facebook.com\/teiaeducation\/","https:\/\/x.com\/EducationTeia","https:\/\/www.instagram.com\/teia.education\/","https:\/\/www.linkedin.com\/company\/35501660","https:\/\/www.pinterest.ch\/TeiaEducation\/"]}]}},"_links":{"self":[{"href":"https:\/\/teiaeducation.ch\/fr\/wp-json\/wp\/v2\/product\/24202","targetHints":{"allow":["GET"]}}],"collection":[{"href":"https:\/\/teiaeducation.ch\/fr\/wp-json\/wp\/v2\/product"}],"about":[{"href":"https:\/\/teiaeducation.ch\/fr\/wp-json\/wp\/v2\/types\/product"}],"replies":[{"embeddable":true,"href":"https:\/\/teiaeducation.ch\/fr\/wp-json\/wp\/v2\/comments?post=24202"}],"wp:featuredmedia":[{"embeddable":true,"href":"https:\/\/teiaeducation.ch\/fr\/wp-json\/wp\/v2\/media\/22033"}],"wp:attachment":[{"href":"https:\/\/teiaeducation.ch\/fr\/wp-json\/wp\/v2\/media?parent=24202"}],"wp:term":[{"taxonomy":"product_brand","embeddable":true,"href":"https:\/\/teiaeducation.ch\/fr\/wp-json\/wp\/v2\/product_brand?post=24202"},{"taxonomy":"product_cat","embeddable":true,"href":"https:\/\/teiaeducation.ch\/fr\/wp-json\/wp\/v2\/product_cat?post=24202"},{"taxonomy":"product_tag","embeddable":true,"href":"https:\/\/teiaeducation.ch\/fr\/wp-json\/wp\/v2\/product_tag?post=24202"}],"curies":[{"name":"wp","href":"https:\/\/api.w.org\/{rel}","templated":true}]}}