{"id":24203,"date":"2020-01-21T15:44:40","date_gmt":"2020-01-21T14:44:40","guid":{"rendered":"https:\/\/teiaeducation.ch\/product\/lettres-incrustees-toys-for-life\/"},"modified":"2023-09-22T08:42:10","modified_gmt":"2023-09-22T06:42:10","slug":"lettres-tactiles-a-tracer-toys-for-life","status":"publish","type":"product","link":"https:\/\/teiaeducation.ch\/fr\/produit\/lettres-tactiles-a-tracer-toys-for-life\/","title":{"rendered":"Lettres tactiles \u00e0 tracer &#8211; Toys for Life"},"content":{"rendered":"<p>En utilisant le jeu \u00e9ducatif &#8220;lettres tactiles \u00e0 tracer&#8221; de Toys for Life, les enfants apprennent l&#8217;<a href=\"https:\/\/teiaeducation.ch\/fr\/categorie-produit\/domaines-du-curriculum\/alphabetisation-langage\/des-lettres\/\">alphabet<\/a> en reconnaissant la forme des lettres. Travailler avec les lettres am\u00e9liore \u00e9galement la pr\u00e9-\u00e9criture et la <a href=\"https:\/\/teiaeducation.ch\/fr\/categorie-produit\/domaines-du-curriculum\/sensorielles-motrices\/competences-motrices\/\">motricit\u00e9<\/a> fine.<\/p>\n<p>L&#8217;enfant suit la forme des lettres avec son doigt index ou avec le stylo en bois inclus.<\/p>\n<p>Les lettres tactiles \u00e0 tracer de Toys for Life de est une version compacte de &#8221; <a href=\"https:\/\/teiaeducation.ch\/fr\/produit\/toucher-la-lettre-educo\/\">feel the letter&#8221; d&#8217;Educo<\/a>.<\/p>\n<p>Ils conviennent aux enfants de 3 ans et plus.<\/p>\n<p>Contenu:<\/p>\n<p>26 planches en bois avec les lettres de l&#8217;alphabet grav\u00e9es (8 x 10cm)<br \/>\n2 stylos en bois<br \/>\nUne bo\u00eete de rangement magn\u00e9tique (31 x 23 x 6 cm)<br \/>\nManuel d&#8217;instruction<\/p>\n<h2>\u00c0 propos de Toys for Life<\/h2>\n<p>La marque \u00e9ducative n\u00e9erlandaise <a href=\"https:\/\/teiaeducation.ch\/fr\/categorie-produit\/marques\/toys-for-life-fr\/\">Toys for Life<\/a> propose une gamme de jeux et de <a href=\"https:\/\/teiaeducation.ch\/fr\/categorie-produit\/methode-deducation\/traditionnelle\/\">jouets \u00e9ducatifs<\/a> abordables destin\u00e9s \u00e0 \u00eatre utilis\u00e9s dans le domaine de l&#8217;<a href=\"https:\/\/teiaeducation.ch\/fr\/categorie-produit\/fournitures-scolaires-a-domicile\/\">\u00e9ducation \u00e0 domicile<\/a>. La gamme de produits Toys for Life est divis\u00e9e en trois domaines : <a href=\"https:\/\/teiaeducation.ch\/fr\/categorie-produit\/marques\/toys-for-life-fr\/mathematiques-toys-for-life-fr\/\">Math\u00e9matiques<\/a>, <a href=\"https:\/\/teiaeducation.ch\/fr\/categorie-produit\/marques\/toys-for-life-fr\/langage-toys-for-life-fr\/\">Langage<\/a>\u00a0et la <a href=\"https:\/\/teiaeducation.ch\/fr\/categorie-produit\/marques\/toys-for-life-fr\/motricite-toys-for-life-fr\/\">Motricit\u00e9<\/a> et sont d\u00e9velopp\u00e9s en \u00e9troite collaboration avec l&#8217;\u00e9quipe de la marque Heutink International <a href=\"https:\/\/teiaeducation.ch\/fr\/categorie-produit\/marques\/educo-fr\/\">Educo<\/a>: une marque bien connue dont les produits sont utilis\u00e9s dans la plupart des \u00e9coles primaires des Pays-Bas et dont l&#8217;objectif est de soutenir l&#8217;apprentissage par le jeu gr\u00e2ce \u00e0 des mat\u00e9riaux actifs, inspirant la croissance et la r\u00e9ussite des enfants \u00e2g\u00e9s de 1 \u00e0 6 ans.<\/p>\n<p>Tous les produits Toys for Life r\u00e9pondent aux exigences des diverses r\u00e9glementations en mati\u00e8re de s\u00e9curit\u00e9 des jouets et sont conformes \u00e0 la directive europ\u00e9enne 2009\/48\/CE relative \u00e0 la s\u00e9curit\u00e9 des jouets, ainsi qu&#8217;aux normes EN71, ASTM et GB.<\/p>\n","protected":false},"excerpt":{"rendered":"<p>Num\u00e9ro d&#8217;article: 900000099<\/p>\n<p>Avec les lettres tactiles \u00e0 tracer de Toys for Life, la pr\u00e9-\u00e9criture et l&#8217;alphabet est appris par la reconnaissance de la forme des lettres !<\/p>\n","protected":false},"featured_media":0,"comment_status":"closed","ping_status":"closed","template":"","meta":[],"product_brand":[],"product_cat":[8527,215,216,285,606,22344,635,283,8526,1220,23650,7591,607,7595,217,5851,209,7590,212],"product_tag":[8562,776,8563,26086,8525,23603],"class_list":{"0":"post-24203","1":"product","2":"type-product","3":"status-publish","5":"product_cat-3-6-ans-ecole-a-domicile","6":"product_cat-3-6-ans","7":"product_cat-6-12-ans","8":"product_cat-alphabetisation-langage","9":"product_cat-apprendre-a-ecrire","10":"product_cat-collections-saisonnieres","11":"product_cat-competences-motrices","12":"product_cat-domaines-du-curriculum","13":"product_cat-fournitures-scolaires-a-domicile","14":"product_cat-traditionnelle","15":"product_cat-la-rentree-scolaire","16":"product_cat-langage-toys-for-life-fr","17":"product_cat-des-lettres","18":"product_cat-methode-deducation","19":"product_cat-marques","20":"product_cat-nouveautes","21":"product_cat-sensorielles-motrices","22":"product_cat-toys-for-life-fr","23":"product_cat-tranche-dage","24":"product_tag-apprentissage-de-lalphabet","25":"product_tag-heutink-international-suisse","26":"product_tag-jouets-educatifs-en-bois","27":"product_tag-lettres-tactiles-a-tracer-toys-for-life","28":"product_tag-toys-for-life-fr","29":"product_tag-wooden-toys-fr","31":"first","32":"instock","33":"taxable","34":"shipping-taxable","35":"purchasable","36":"product-type-simple"},"yoast_head":"<!-- This site is optimized with the Yoast SEO Premium plugin v25.8 (Yoast SEO v27.4) - https:\/\/yoast.com\/product\/yoast-seo-premium-wordpress\/ -->\n<title>Lettres tactiles \u00e0 tracer - Toys for Life<\/title>\n<meta name=\"description\" content=\"Avec les lettres tactiles \u00e0 tracer de Toys for Life, la pr\u00e9-\u00e9criture et l&#039;alphabet est appris par la reconnaissance de la forme des lettres.\" \/>\n<meta name=\"robots\" content=\"index, follow, max-snippet:-1, max-image-preview:large, max-video-preview:-1\" \/>\n<link rel=\"canonical\" href=\"https:\/\/teiaeducation.ch\/fr\/produit\/lettres-tactiles-a-tracer-toys-for-life\/\" \/>\n<meta property=\"og:locale\" content=\"fr_FR\" \/>\n<meta property=\"og:type\" content=\"article\" \/>\n<meta property=\"og:title\" content=\"Lettres tactiles \u00e0 tracer - Toys for Life\" \/>\n<meta property=\"og:description\" content=\"Avec les lettres tactiles \u00e0 tracer de Toys for Life, la pr\u00e9-\u00e9criture et l&#039;alphabet est appris par la reconnaissance de la forme des lettres.\" \/>\n<meta property=\"og:url\" content=\"https:\/\/teiaeducation.ch\/fr\/produit\/lettres-tactiles-a-tracer-toys-for-life\/\" \/>\n<meta property=\"og:site_name\" content=\"Sustainable Educational Products &amp; Ecological Toys\u00a0\" \/>\n<meta property=\"article:publisher\" content=\"https:\/\/www.facebook.com\/teiaeducation\/\" \/>\n<meta property=\"article:modified_time\" content=\"2023-09-22T06:42:10+00:00\" \/>\n<meta property=\"og:image\" content=\"https:\/\/teiaeducation.ch\/wp-content\/uploads\/2020\/01\/Toys-for-Life_Language_Feel-the-letter_900000099_1.jpg\" \/>\n\t<meta property=\"og:image:width\" content=\"500\" \/>\n\t<meta property=\"og:image:height\" content=\"500\" \/>\n\t<meta property=\"og:image:type\" content=\"image\/jpeg\" \/>\n<script type=\"application\/ld+json\" class=\"yoast-schema-graph\">{\"@context\":\"https:\\\/\\\/schema.org\",\"@graph\":[{\"@type\":\"WebPage\",\"@id\":\"https:\\\/\\\/teiaeducation.ch\\\/fr\\\/produit\\\/lettres-tactiles-a-tracer-toys-for-life\\\/\",\"url\":\"https:\\\/\\\/teiaeducation.ch\\\/fr\\\/produit\\\/lettres-tactiles-a-tracer-toys-for-life\\\/\",\"name\":\"Lettres tactiles \u00e0 tracer - Toys for Life\",\"isPartOf\":{\"@id\":\"https:\\\/\\\/teiaeducation.ch\\\/fr\\\/#website\"},\"datePublished\":\"2020-01-21T14:44:40+00:00\",\"dateModified\":\"2023-09-22T06:42:10+00:00\",\"description\":\"Avec les lettres tactiles \u00e0 tracer de Toys for Life, la pr\u00e9-\u00e9criture et l'alphabet est appris par la reconnaissance de la forme des lettres.\",\"breadcrumb\":{\"@id\":\"https:\\\/\\\/teiaeducation.ch\\\/fr\\\/produit\\\/lettres-tactiles-a-tracer-toys-for-life\\\/#breadcrumb\"},\"inLanguage\":\"fr-FR\",\"potentialAction\":[{\"@type\":\"ReadAction\",\"target\":[\"https:\\\/\\\/teiaeducation.ch\\\/fr\\\/produit\\\/lettres-tactiles-a-tracer-toys-for-life\\\/\"]}]},{\"@type\":\"BreadcrumbList\",\"@id\":\"https:\\\/\\\/teiaeducation.ch\\\/fr\\\/produit\\\/lettres-tactiles-a-tracer-toys-for-life\\\/#breadcrumb\",\"itemListElement\":[{\"@type\":\"ListItem\",\"position\":1,\"name\":\"Home\",\"item\":\"https:\\\/\\\/teiaeducation.ch\\\/fr\\\/\"},{\"@type\":\"ListItem\",\"position\":2,\"name\":\"Boutique Teia Education &amp; Play\",\"item\":\"https:\\\/\\\/teiaeducation.ch\\\/fr\\\/boutique\\\/\"},{\"@type\":\"ListItem\",\"position\":3,\"name\":\"Domaines du Curriculum\",\"item\":\"https:\\\/\\\/teiaeducation.ch\\\/fr\\\/categorie-produit\\\/domaines-du-curriculum\\\/\"},{\"@type\":\"ListItem\",\"position\":4,\"name\":\"Alphab\u00e9tisation &amp; Langage\",\"item\":\"https:\\\/\\\/teiaeducation.ch\\\/fr\\\/categorie-produit\\\/domaines-du-curriculum\\\/alphabetisation-langage\\\/\"},{\"@type\":\"ListItem\",\"position\":5,\"name\":\"Apprendre \u00e0 \u00c9crire\",\"item\":\"https:\\\/\\\/teiaeducation.ch\\\/fr\\\/categorie-produit\\\/domaines-du-curriculum\\\/alphabetisation-langage\\\/apprendre-a-ecrire\\\/\"},{\"@type\":\"ListItem\",\"position\":6,\"name\":\"Lettres tactiles \u00e0 tracer &#8211; Toys for Life\"}]},{\"@type\":\"WebSite\",\"@id\":\"https:\\\/\\\/teiaeducation.ch\\\/fr\\\/#website\",\"url\":\"https:\\\/\\\/teiaeducation.ch\\\/fr\\\/\",\"name\":\"Sustainable Educational Products &amp; Ecological Toys\u00a0\",\"description\":\"Specialised Swiss shop selling sustainable educational toys and games, AMI certified Montessori materials, handmade ecological wooden Waldorf toys and arts &amp; crafts supplies, school supplies, children&#039;s furniture and Montessori reference and parenting books.\",\"publisher\":{\"@id\":\"https:\\\/\\\/teiaeducation.ch\\\/fr\\\/#organization\"},\"alternateName\":\"Teia Education & Play\",\"potentialAction\":[{\"@type\":\"SearchAction\",\"target\":{\"@type\":\"EntryPoint\",\"urlTemplate\":\"https:\\\/\\\/teiaeducation.ch\\\/fr\\\/?s={search_term_string}\"},\"query-input\":{\"@type\":\"PropertyValueSpecification\",\"valueRequired\":true,\"valueName\":\"search_term_string\"}}],\"inLanguage\":\"fr-FR\"},{\"@type\":\"Organization\",\"@id\":\"https:\\\/\\\/teiaeducation.ch\\\/fr\\\/#organization\",\"name\":\"Teia Education & Play\",\"url\":\"https:\\\/\\\/teiaeducation.ch\\\/fr\\\/\",\"logo\":{\"@type\":\"ImageObject\",\"inLanguage\":\"fr-FR\",\"@id\":\"https:\\\/\\\/teiaeducation.ch\\\/fr\\\/#\\\/schema\\\/logo\\\/image\\\/\",\"url\":\"https:\\\/\\\/teiaeducation.ch\\\/wp-content\\\/uploads\\\/2020\\\/11\\\/Teia-Education-Switzerland-e1620156442216.jpg\",\"contentUrl\":\"https:\\\/\\\/teiaeducation.ch\\\/wp-content\\\/uploads\\\/2020\\\/11\\\/Teia-Education-Switzerland-e1620156442216.jpg\",\"width\":166,\"height\":145,\"caption\":\"Teia Education & Play\"},\"image\":{\"@id\":\"https:\\\/\\\/teiaeducation.ch\\\/fr\\\/#\\\/schema\\\/logo\\\/image\\\/\"},\"sameAs\":[\"https:\\\/\\\/www.facebook.com\\\/teiaeducation\\\/\",\"https:\\\/\\\/x.com\\\/EducationTeia\",\"https:\\\/\\\/www.instagram.com\\\/teia.education\\\/\",\"https:\\\/\\\/www.linkedin.com\\\/company\\\/35501660\",\"https:\\\/\\\/www.pinterest.ch\\\/TeiaEducation\\\/\"]}]}<\/script>\n<meta property=\"product:price:amount\" content=\"44.00\" \/>\n<meta property=\"product:price:currency\" content=\"CHF\" \/>\n<meta property=\"og:availability\" content=\"instock\" \/>\n<meta property=\"product:availability\" content=\"instock\" \/>\n<meta property=\"product:retailer_item_id\" content=\"00000000000000000000000000000000000000000000022041\" \/>\n<meta property=\"product:condition\" content=\"new\" \/>\n<!-- \/ Yoast SEO Premium plugin. -->","yoast_head_json":{"title":"Lettres tactiles \u00e0 tracer - Toys for Life","description":"Avec les lettres tactiles \u00e0 tracer de Toys for Life, la pr\u00e9-\u00e9criture et l'alphabet est appris par la reconnaissance de la forme des lettres.","robots":{"index":"index","follow":"follow","max-snippet":"max-snippet:-1","max-image-preview":"max-image-preview:large","max-video-preview":"max-video-preview:-1"},"canonical":"https:\/\/teiaeducation.ch\/fr\/produit\/lettres-tactiles-a-tracer-toys-for-life\/","og_locale":"fr_FR","og_type":"article","og_title":"Lettres tactiles \u00e0 tracer - Toys for Life","og_description":"Avec les lettres tactiles \u00e0 tracer de Toys for Life, la pr\u00e9-\u00e9criture et l'alphabet est appris par la reconnaissance de la forme des lettres.","og_url":"https:\/\/teiaeducation.ch\/fr\/produit\/lettres-tactiles-a-tracer-toys-for-life\/","og_site_name":"Sustainable Educational Products &amp; Ecological Toys\u00a0","article_publisher":"https:\/\/www.facebook.com\/teiaeducation\/","article_modified_time":"2023-09-22T06:42:10+00:00","og_image":[{"width":500,"height":500,"url":"https:\/\/teiaeducation.ch\/wp-content\/uploads\/2020\/01\/Toys-for-Life_Language_Feel-the-letter_900000099_1.jpg","type":"image\/jpeg"}],"schema":{"@context":"https:\/\/schema.org","@graph":[{"@type":"WebPage","@id":"https:\/\/teiaeducation.ch\/fr\/produit\/lettres-tactiles-a-tracer-toys-for-life\/","url":"https:\/\/teiaeducation.ch\/fr\/produit\/lettres-tactiles-a-tracer-toys-for-life\/","name":"Lettres tactiles \u00e0 tracer - Toys for Life","isPartOf":{"@id":"https:\/\/teiaeducation.ch\/fr\/#website"},"datePublished":"2020-01-21T14:44:40+00:00","dateModified":"2023-09-22T06:42:10+00:00","description":"Avec les lettres tactiles \u00e0 tracer de Toys for Life, la pr\u00e9-\u00e9criture et l'alphabet est appris par la reconnaissance de la forme des lettres.","breadcrumb":{"@id":"https:\/\/teiaeducation.ch\/fr\/produit\/lettres-tactiles-a-tracer-toys-for-life\/#breadcrumb"},"inLanguage":"fr-FR","potentialAction":[{"@type":"ReadAction","target":["https:\/\/teiaeducation.ch\/fr\/produit\/lettres-tactiles-a-tracer-toys-for-life\/"]}]},{"@type":"BreadcrumbList","@id":"https:\/\/teiaeducation.ch\/fr\/produit\/lettres-tactiles-a-tracer-toys-for-life\/#breadcrumb","itemListElement":[{"@type":"ListItem","position":1,"name":"Home","item":"https:\/\/teiaeducation.ch\/fr\/"},{"@type":"ListItem","position":2,"name":"Boutique Teia Education &amp; Play","item":"https:\/\/teiaeducation.ch\/fr\/boutique\/"},{"@type":"ListItem","position":3,"name":"Domaines du Curriculum","item":"https:\/\/teiaeducation.ch\/fr\/categorie-produit\/domaines-du-curriculum\/"},{"@type":"ListItem","position":4,"name":"Alphab\u00e9tisation &amp; Langage","item":"https:\/\/teiaeducation.ch\/fr\/categorie-produit\/domaines-du-curriculum\/alphabetisation-langage\/"},{"@type":"ListItem","position":5,"name":"Apprendre \u00e0 \u00c9crire","item":"https:\/\/teiaeducation.ch\/fr\/categorie-produit\/domaines-du-curriculum\/alphabetisation-langage\/apprendre-a-ecrire\/"},{"@type":"ListItem","position":6,"name":"Lettres tactiles \u00e0 tracer &#8211; Toys for Life"}]},{"@type":"WebSite","@id":"https:\/\/teiaeducation.ch\/fr\/#website","url":"https:\/\/teiaeducation.ch\/fr\/","name":"Sustainable Educational Products &amp; Ecological Toys\u00a0","description":"Specialised Swiss shop selling sustainable educational toys and games, AMI certified Montessori materials, handmade ecological wooden Waldorf toys and arts &amp; crafts supplies, school supplies, children&#039;s furniture and Montessori reference and parenting books.","publisher":{"@id":"https:\/\/teiaeducation.ch\/fr\/#organization"},"alternateName":"Teia Education & Play","potentialAction":[{"@type":"SearchAction","target":{"@type":"EntryPoint","urlTemplate":"https:\/\/teiaeducation.ch\/fr\/?s={search_term_string}"},"query-input":{"@type":"PropertyValueSpecification","valueRequired":true,"valueName":"search_term_string"}}],"inLanguage":"fr-FR"},{"@type":"Organization","@id":"https:\/\/teiaeducation.ch\/fr\/#organization","name":"Teia Education & Play","url":"https:\/\/teiaeducation.ch\/fr\/","logo":{"@type":"ImageObject","inLanguage":"fr-FR","@id":"https:\/\/teiaeducation.ch\/fr\/#\/schema\/logo\/image\/","url":"https:\/\/teiaeducation.ch\/wp-content\/uploads\/2020\/11\/Teia-Education-Switzerland-e1620156442216.jpg","contentUrl":"https:\/\/teiaeducation.ch\/wp-content\/uploads\/2020\/11\/Teia-Education-Switzerland-e1620156442216.jpg","width":166,"height":145,"caption":"Teia Education & Play"},"image":{"@id":"https:\/\/teiaeducation.ch\/fr\/#\/schema\/logo\/image\/"},"sameAs":["https:\/\/www.facebook.com\/teiaeducation\/","https:\/\/x.com\/EducationTeia","https:\/\/www.instagram.com\/teia.education\/","https:\/\/www.linkedin.com\/company\/35501660","https:\/\/www.pinterest.ch\/TeiaEducation\/"]}]},"product_price_amount":"44.00","product_price_currency":"CHF","og_availability":"instock","product_availability":"instock","product_retailer_item_id":"00000000000000000000000000000000000000000000022041","product_condition":"new"},"_links":{"self":[{"href":"https:\/\/teiaeducation.ch\/fr\/wp-json\/wp\/v2\/product\/24203","targetHints":{"allow":["GET"]}}],"collection":[{"href":"https:\/\/teiaeducation.ch\/fr\/wp-json\/wp\/v2\/product"}],"about":[{"href":"https:\/\/teiaeducation.ch\/fr\/wp-json\/wp\/v2\/types\/product"}],"replies":[{"embeddable":true,"href":"https:\/\/teiaeducation.ch\/fr\/wp-json\/wp\/v2\/comments?post=24203"}],"wp:attachment":[{"href":"https:\/\/teiaeducation.ch\/fr\/wp-json\/wp\/v2\/media?parent=24203"}],"wp:term":[{"taxonomy":"product_brand","embeddable":true,"href":"https:\/\/teiaeducation.ch\/fr\/wp-json\/wp\/v2\/product_brand?post=24203"},{"taxonomy":"product_cat","embeddable":true,"href":"https:\/\/teiaeducation.ch\/fr\/wp-json\/wp\/v2\/product_cat?post=24203"},{"taxonomy":"product_tag","embeddable":true,"href":"https:\/\/teiaeducation.ch\/fr\/wp-json\/wp\/v2\/product_tag?post=24203"}],"curies":[{"name":"wp","href":"https:\/\/api.w.org\/{rel}","templated":true}]}}