{"id":24204,"date":"2020-01-29T13:19:19","date_gmt":"2020-01-29T12:19:19","guid":{"rendered":"https:\/\/teiaeducation.ch\/product\/la-tour-rose-gonzagarredi-montessori\/"},"modified":"2022-12-05T11:49:47","modified_gmt":"2022-12-05T10:49:47","slug":"la-tour-rose-gonzagarredi-montessori","status":"publish","type":"product","link":"https:\/\/teiaeducation.ch\/fr\/produit\/la-tour-rose-gonzagarredi-montessori\/","title":{"rendered":"La tour rose &#8211; Gonzagarredi Montessori"},"content":{"rendered":"<p>La tour rose de Gonzagarredi Montessori (GAM) fait partie de la gamme <a href=\"https:\/\/teiaeducation.ch\/fr\/categorie-produit\/marques\/gonzagarredi-montessori-fr\/sensoriel-gonzagarredi-montessori-fr\/\">sensoriel<\/a> et repr\u00e9sente une s\u00e9rie de cubes qui d\u00e9veloppe la discrimination visuelle de la <a href=\"https:\/\/teiaeducation.ch\/fr\/categorie-produit\/domaines-du-curriculum\/mathematiques-calcul\/taille\/\">taille<\/a> en 3 dimensions.<\/p>\n<p>L&#8217;exploration de ce mat\u00e9riel pr\u00e9pare l&#8217;enfant aux concepts math\u00e9matiques du syst\u00e8me d\u00e9cimal, de la g\u00e9om\u00e9trie et du volume. La tour rose se compose de dix cubes en bois peints en rose, par paliers croissants de 1 cm\u00b3 \u00e0 1000 cm\u00b3.<\/p>\n<p><a href=\"https:\/\/teiaeducation.ch\/fr\/categorie-produit\/marques\/gonzagarredi-montessori-fr\/\">Gonzagarredi Montessori<\/a> (GAM) se d\u00e9finit comme &#8220;l&#8217;histoire du mat\u00e9riel Montessori&#8221; car c&#8217;est en collaboration avec cette entreprise que Maria Montessori a produit ses premiers <a href=\"https:\/\/teiaeducation.ch\/fr\/categorie-produit\/domaines-du-curriculum\/\">mat\u00e9riaux \u00e9ducatifs<\/a> en bois.\u00a0La marque a \u00e9t\u00e9 fond\u00e9e en Italie en 1911 sous le nom d'&#8221;Ernesto Bassoli e Figli&#8221;, puis de &#8220;Societ\u00e0 Anonima per il Materiale Montessori&#8221;, et est l&#8217;une des trois seules entreprises au monde \u00e0 produire du mat\u00e9riel \u00e9ducatif Montessori sous la supervision et la certification de l&#8217;Association Montessori Internationale (AMI), dont le si\u00e8ge est \u00e0 Amsterdam.<\/p>\n<p>Gonzagarredi produit des meubles pour enfants et du mat\u00e9riel Montessori de la plus haute qualit\u00e9, en bois naturel et dans des couleurs intentionnellement sourdes, tous conformes aux directives de Maria Montessori et certifi\u00e9s par l&#8217;<a href=\"https:\/\/montessori-ami.org\">AMI<\/a>.<\/p>\n<p>La tour rose Montessori de Gonzagarredi convient aux enfants \u00e2g\u00e9s de 3 \u00e0 6 ans.<\/p>\n<p>Contenu :<\/p>\n<p>10 cubes en bois massif peints en rose clair, de 1 cm de c\u00f4t\u00e9 \u00e0 10 cm de c\u00f4t\u00e9.<\/p>\n<p><em><span class=\"tlid-translation translation\" lang=\"fr\"><span title=\"\">Nous n'avons actuellement pas cet article en stock, mais il est disponible en pr\u00e9-commande.<\/span> <span class=\"\" title=\"\">Nous commanderons cet article pour vous aupr\u00e8s de notre fournisseur.<\/span> <span class=\"\" title=\"\">Veuillez allouer de 2 \u00e0 3 semaines maximum pour la livraison.<\/span><\/span><\/em><\/p>\n\t<div id=\"gap-1500342667\" class=\"gap-element clearfix\" style=\"display:block; height:auto;\">\n\t\t\n<style>\n#gap-1500342667 {\n  padding-top: 20px;\n}\n<\/style>\n\t<\/div>\n\t\n","protected":false},"excerpt":{"rendered":"<p>Num\u00e9ro d&#8217;article: 1MM022<\/p>\n<p>La tour rose Gonzagarredi Montessori repr\u00e9sente une s\u00e9rie de cubes qui d\u00e9veloppe une discrimination visuelle de la taille et des concepts math\u00e9matiques.<\/p>\n","protected":false},"featured_media":22578,"comment_status":"closed","ping_status":"closed","template":"","meta":[],"product_brand":[],"product_cat":[215,283,8526,7586,8567,288,620,7595,1218,217,5851,7588,209,623,625,212],"product_tag":[8566,8565,8564,829],"class_list":{"0":"post-24204","1":"product","2":"type-product","3":"status-publish","4":"has-post-thumbnail","6":"product_cat-3-6-ans","7":"product_cat-domaines-du-curriculum","8":"product_cat-fournitures-scolaires-a-domicile","9":"product_cat-gonzagarredi-montessori-fr","10":"product_cat-materiel-scolaire-montessori","11":"product_cat-mathematiques-calcul","12":"product_cat-mesurer","13":"product_cat-methode-deducation","14":"product_cat-montessori-fr","15":"product_cat-marques","16":"product_cat-nouveautes","17":"product_cat-sensoriel-gonzagarredi-montessori-fr","18":"product_cat-sensorielles-motrices","19":"product_cat-serialisation","20":"product_cat-taille","21":"product_cat-tranche-dage","22":"product_tag-gam-sensoriel","23":"product_tag-gonzagarredi-montessori-fr","24":"product_tag-la-tour-rose","25":"product_tag-materiel-sensoriels-montessori","27":"first","28":"onbackorder","29":"taxable","30":"shipping-taxable","31":"purchasable","32":"product-type-simple"},"yoast_head":"<!-- This site is optimized with the Yoast SEO plugin v27.3 - https:\/\/yoast.com\/product\/yoast-seo-wordpress\/ -->\n<title>La tour rose - Gonzagarredi Montessori - Teia Education &amp; Play<\/title>\n<meta name=\"description\" content=\"La tour rose Gonzagarredi Montessori repr\u00e9sente une s\u00e9rie de cubes qui d\u00e9veloppe une discrimination visuelle de la taille et des concepts math\u00e9matiques.\" \/>\n<meta name=\"robots\" content=\"index, follow, max-snippet:-1, max-image-preview:large, max-video-preview:-1\" \/>\n<link rel=\"canonical\" href=\"https:\/\/teiaeducation.ch\/fr\/produit\/la-tour-rose-gonzagarredi-montessori\/\" \/>\n<meta property=\"og:locale\" content=\"fr_FR\" \/>\n<meta property=\"og:type\" content=\"article\" \/>\n<meta property=\"og:title\" content=\"La tour rose - Gonzagarredi Montessori - Teia Education &amp; Play\" \/>\n<meta property=\"og:description\" content=\"La tour rose Gonzagarredi Montessori repr\u00e9sente une s\u00e9rie de cubes qui d\u00e9veloppe une discrimination visuelle de la taille et des concepts math\u00e9matiques.\" \/>\n<meta property=\"og:url\" content=\"https:\/\/teiaeducation.ch\/fr\/produit\/la-tour-rose-gonzagarredi-montessori\/\" \/>\n<meta property=\"og:site_name\" content=\"Sustainable Educational Products &amp; Ecological Toys\u00a0\" \/>\n<meta property=\"article:publisher\" content=\"https:\/\/www.facebook.com\/teiaeducation\/\" \/>\n<meta property=\"article:modified_time\" content=\"2022-12-05T10:49:47+00:00\" \/>\n<meta property=\"og:image\" content=\"https:\/\/teiaeducation.ch\/wp-content\/uploads\/2020\/01\/Gonzagarredi-Montessori_The-Pink-Tower_GM0220000.jpg\" \/>\n\t<meta property=\"og:image:width\" content=\"1024\" \/>\n\t<meta property=\"og:image:height\" content=\"1280\" \/>\n\t<meta property=\"og:image:type\" content=\"image\/jpeg\" \/>\n<script type=\"application\/ld+json\" class=\"yoast-schema-graph\">{\"@context\":\"https:\\\/\\\/schema.org\",\"@graph\":[{\"@type\":\"WebPage\",\"@id\":\"https:\\\/\\\/teiaeducation.ch\\\/fr\\\/produit\\\/la-tour-rose-gonzagarredi-montessori\\\/\",\"url\":\"https:\\\/\\\/teiaeducation.ch\\\/fr\\\/produit\\\/la-tour-rose-gonzagarredi-montessori\\\/\",\"name\":\"La tour rose - Gonzagarredi Montessori - Teia Education & Play\",\"isPartOf\":{\"@id\":\"https:\\\/\\\/teiaeducation.ch\\\/fr\\\/#website\"},\"primaryImageOfPage\":{\"@id\":\"https:\\\/\\\/teiaeducation.ch\\\/fr\\\/produit\\\/la-tour-rose-gonzagarredi-montessori\\\/#primaryimage\"},\"image\":{\"@id\":\"https:\\\/\\\/teiaeducation.ch\\\/fr\\\/produit\\\/la-tour-rose-gonzagarredi-montessori\\\/#primaryimage\"},\"thumbnailUrl\":\"https:\\\/\\\/teiaeducation.ch\\\/wp-content\\\/uploads\\\/2020\\\/01\\\/Gonzagarredi-Montessori_The-Pink-Tower_GM0220000.jpg\",\"datePublished\":\"2020-01-29T12:19:19+00:00\",\"dateModified\":\"2022-12-05T10:49:47+00:00\",\"description\":\"La tour rose Gonzagarredi Montessori repr\u00e9sente une s\u00e9rie de cubes qui d\u00e9veloppe une discrimination visuelle de la taille et des concepts math\u00e9matiques.\",\"breadcrumb\":{\"@id\":\"https:\\\/\\\/teiaeducation.ch\\\/fr\\\/produit\\\/la-tour-rose-gonzagarredi-montessori\\\/#breadcrumb\"},\"inLanguage\":\"fr-FR\",\"potentialAction\":[{\"@type\":\"ReadAction\",\"target\":[\"https:\\\/\\\/teiaeducation.ch\\\/fr\\\/produit\\\/la-tour-rose-gonzagarredi-montessori\\\/\"]}]},{\"@type\":\"ImageObject\",\"inLanguage\":\"fr-FR\",\"@id\":\"https:\\\/\\\/teiaeducation.ch\\\/fr\\\/produit\\\/la-tour-rose-gonzagarredi-montessori\\\/#primaryimage\",\"url\":\"https:\\\/\\\/teiaeducation.ch\\\/wp-content\\\/uploads\\\/2020\\\/01\\\/Gonzagarredi-Montessori_The-Pink-Tower_GM0220000.jpg\",\"contentUrl\":\"https:\\\/\\\/teiaeducation.ch\\\/wp-content\\\/uploads\\\/2020\\\/01\\\/Gonzagarredi-Montessori_The-Pink-Tower_GM0220000.jpg\",\"width\":1024,\"height\":1280,\"caption\":\"La tour rose - Gonzagarredi Montessori\"},{\"@type\":\"BreadcrumbList\",\"@id\":\"https:\\\/\\\/teiaeducation.ch\\\/fr\\\/produit\\\/la-tour-rose-gonzagarredi-montessori\\\/#breadcrumb\",\"itemListElement\":[{\"@type\":\"ListItem\",\"position\":1,\"name\":\"Home\",\"item\":\"https:\\\/\\\/teiaeducation.ch\\\/fr\\\/\"},{\"@type\":\"ListItem\",\"position\":2,\"name\":\"Boutique Teia Education &amp; Play\",\"item\":\"https:\\\/\\\/teiaeducation.ch\\\/fr\\\/boutique\\\/\"},{\"@type\":\"ListItem\",\"position\":3,\"name\":\"Nos Marques\",\"item\":\"https:\\\/\\\/teiaeducation.ch\\\/fr\\\/categorie-produit\\\/marques\\\/\"},{\"@type\":\"ListItem\",\"position\":4,\"name\":\"Gonzagarredi Montessori\",\"item\":\"https:\\\/\\\/teiaeducation.ch\\\/fr\\\/categorie-produit\\\/marques\\\/gonzagarredi-montessori-fr\\\/\"},{\"@type\":\"ListItem\",\"position\":5,\"name\":\"Sensoriel\",\"item\":\"https:\\\/\\\/teiaeducation.ch\\\/fr\\\/categorie-produit\\\/marques\\\/gonzagarredi-montessori-fr\\\/sensoriel-gonzagarredi-montessori-fr\\\/\"},{\"@type\":\"ListItem\",\"position\":6,\"name\":\"La tour rose &#8211; Gonzagarredi Montessori\"}]},{\"@type\":\"WebSite\",\"@id\":\"https:\\\/\\\/teiaeducation.ch\\\/fr\\\/#website\",\"url\":\"https:\\\/\\\/teiaeducation.ch\\\/fr\\\/\",\"name\":\"Sustainable Educational Products &amp; Ecological Toys\u00a0\",\"description\":\"Specialised Swiss shop selling sustainable educational toys and games, AMI certified Montessori materials, handmade ecological wooden Waldorf toys and arts &amp; crafts supplies, school supplies, children&#039;s furniture and Montessori reference and parenting books.\",\"publisher\":{\"@id\":\"https:\\\/\\\/teiaeducation.ch\\\/fr\\\/#organization\"},\"alternateName\":\"Teia Education & Play\",\"potentialAction\":[{\"@type\":\"SearchAction\",\"target\":{\"@type\":\"EntryPoint\",\"urlTemplate\":\"https:\\\/\\\/teiaeducation.ch\\\/fr\\\/?s={search_term_string}\"},\"query-input\":{\"@type\":\"PropertyValueSpecification\",\"valueRequired\":true,\"valueName\":\"search_term_string\"}}],\"inLanguage\":\"fr-FR\"},{\"@type\":\"Organization\",\"@id\":\"https:\\\/\\\/teiaeducation.ch\\\/fr\\\/#organization\",\"name\":\"Teia Education & Play\",\"url\":\"https:\\\/\\\/teiaeducation.ch\\\/fr\\\/\",\"logo\":{\"@type\":\"ImageObject\",\"inLanguage\":\"fr-FR\",\"@id\":\"https:\\\/\\\/teiaeducation.ch\\\/fr\\\/#\\\/schema\\\/logo\\\/image\\\/\",\"url\":\"https:\\\/\\\/teiaeducation.ch\\\/wp-content\\\/uploads\\\/2020\\\/11\\\/Teia-Education-Switzerland-e1620156442216.jpg\",\"contentUrl\":\"https:\\\/\\\/teiaeducation.ch\\\/wp-content\\\/uploads\\\/2020\\\/11\\\/Teia-Education-Switzerland-e1620156442216.jpg\",\"width\":166,\"height\":145,\"caption\":\"Teia Education & Play\"},\"image\":{\"@id\":\"https:\\\/\\\/teiaeducation.ch\\\/fr\\\/#\\\/schema\\\/logo\\\/image\\\/\"},\"sameAs\":[\"https:\\\/\\\/www.facebook.com\\\/teiaeducation\\\/\",\"https:\\\/\\\/x.com\\\/EducationTeia\",\"https:\\\/\\\/www.instagram.com\\\/teia.education\\\/\",\"https:\\\/\\\/www.linkedin.com\\\/company\\\/35501660\",\"https:\\\/\\\/www.pinterest.ch\\\/TeiaEducation\\\/\"]}]}<\/script>\n<!-- \/ Yoast SEO plugin. -->","yoast_head_json":{"title":"La tour rose - Gonzagarredi Montessori - Teia Education & Play","description":"La tour rose Gonzagarredi Montessori repr\u00e9sente une s\u00e9rie de cubes qui d\u00e9veloppe une discrimination visuelle de la taille et des concepts math\u00e9matiques.","robots":{"index":"index","follow":"follow","max-snippet":"max-snippet:-1","max-image-preview":"max-image-preview:large","max-video-preview":"max-video-preview:-1"},"canonical":"https:\/\/teiaeducation.ch\/fr\/produit\/la-tour-rose-gonzagarredi-montessori\/","og_locale":"fr_FR","og_type":"article","og_title":"La tour rose - Gonzagarredi Montessori - Teia Education & Play","og_description":"La tour rose Gonzagarredi Montessori repr\u00e9sente une s\u00e9rie de cubes qui d\u00e9veloppe une discrimination visuelle de la taille et des concepts math\u00e9matiques.","og_url":"https:\/\/teiaeducation.ch\/fr\/produit\/la-tour-rose-gonzagarredi-montessori\/","og_site_name":"Sustainable Educational Products &amp; Ecological Toys\u00a0","article_publisher":"https:\/\/www.facebook.com\/teiaeducation\/","article_modified_time":"2022-12-05T10:49:47+00:00","og_image":[{"width":1024,"height":1280,"url":"https:\/\/teiaeducation.ch\/wp-content\/uploads\/2020\/01\/Gonzagarredi-Montessori_The-Pink-Tower_GM0220000.jpg","type":"image\/jpeg"}],"schema":{"@context":"https:\/\/schema.org","@graph":[{"@type":"WebPage","@id":"https:\/\/teiaeducation.ch\/fr\/produit\/la-tour-rose-gonzagarredi-montessori\/","url":"https:\/\/teiaeducation.ch\/fr\/produit\/la-tour-rose-gonzagarredi-montessori\/","name":"La tour rose - Gonzagarredi Montessori - Teia Education & Play","isPartOf":{"@id":"https:\/\/teiaeducation.ch\/fr\/#website"},"primaryImageOfPage":{"@id":"https:\/\/teiaeducation.ch\/fr\/produit\/la-tour-rose-gonzagarredi-montessori\/#primaryimage"},"image":{"@id":"https:\/\/teiaeducation.ch\/fr\/produit\/la-tour-rose-gonzagarredi-montessori\/#primaryimage"},"thumbnailUrl":"https:\/\/teiaeducation.ch\/wp-content\/uploads\/2020\/01\/Gonzagarredi-Montessori_The-Pink-Tower_GM0220000.jpg","datePublished":"2020-01-29T12:19:19+00:00","dateModified":"2022-12-05T10:49:47+00:00","description":"La tour rose Gonzagarredi Montessori repr\u00e9sente une s\u00e9rie de cubes qui d\u00e9veloppe une discrimination visuelle de la taille et des concepts math\u00e9matiques.","breadcrumb":{"@id":"https:\/\/teiaeducation.ch\/fr\/produit\/la-tour-rose-gonzagarredi-montessori\/#breadcrumb"},"inLanguage":"fr-FR","potentialAction":[{"@type":"ReadAction","target":["https:\/\/teiaeducation.ch\/fr\/produit\/la-tour-rose-gonzagarredi-montessori\/"]}]},{"@type":"ImageObject","inLanguage":"fr-FR","@id":"https:\/\/teiaeducation.ch\/fr\/produit\/la-tour-rose-gonzagarredi-montessori\/#primaryimage","url":"https:\/\/teiaeducation.ch\/wp-content\/uploads\/2020\/01\/Gonzagarredi-Montessori_The-Pink-Tower_GM0220000.jpg","contentUrl":"https:\/\/teiaeducation.ch\/wp-content\/uploads\/2020\/01\/Gonzagarredi-Montessori_The-Pink-Tower_GM0220000.jpg","width":1024,"height":1280,"caption":"La tour rose - Gonzagarredi Montessori"},{"@type":"BreadcrumbList","@id":"https:\/\/teiaeducation.ch\/fr\/produit\/la-tour-rose-gonzagarredi-montessori\/#breadcrumb","itemListElement":[{"@type":"ListItem","position":1,"name":"Home","item":"https:\/\/teiaeducation.ch\/fr\/"},{"@type":"ListItem","position":2,"name":"Boutique Teia Education &amp; Play","item":"https:\/\/teiaeducation.ch\/fr\/boutique\/"},{"@type":"ListItem","position":3,"name":"Nos Marques","item":"https:\/\/teiaeducation.ch\/fr\/categorie-produit\/marques\/"},{"@type":"ListItem","position":4,"name":"Gonzagarredi Montessori","item":"https:\/\/teiaeducation.ch\/fr\/categorie-produit\/marques\/gonzagarredi-montessori-fr\/"},{"@type":"ListItem","position":5,"name":"Sensoriel","item":"https:\/\/teiaeducation.ch\/fr\/categorie-produit\/marques\/gonzagarredi-montessori-fr\/sensoriel-gonzagarredi-montessori-fr\/"},{"@type":"ListItem","position":6,"name":"La tour rose &#8211; Gonzagarredi Montessori"}]},{"@type":"WebSite","@id":"https:\/\/teiaeducation.ch\/fr\/#website","url":"https:\/\/teiaeducation.ch\/fr\/","name":"Sustainable Educational Products &amp; Ecological Toys\u00a0","description":"Specialised Swiss shop selling sustainable educational toys and games, AMI certified Montessori materials, handmade ecological wooden Waldorf toys and arts &amp; crafts supplies, school supplies, children&#039;s furniture and Montessori reference and parenting books.","publisher":{"@id":"https:\/\/teiaeducation.ch\/fr\/#organization"},"alternateName":"Teia Education & Play","potentialAction":[{"@type":"SearchAction","target":{"@type":"EntryPoint","urlTemplate":"https:\/\/teiaeducation.ch\/fr\/?s={search_term_string}"},"query-input":{"@type":"PropertyValueSpecification","valueRequired":true,"valueName":"search_term_string"}}],"inLanguage":"fr-FR"},{"@type":"Organization","@id":"https:\/\/teiaeducation.ch\/fr\/#organization","name":"Teia Education & Play","url":"https:\/\/teiaeducation.ch\/fr\/","logo":{"@type":"ImageObject","inLanguage":"fr-FR","@id":"https:\/\/teiaeducation.ch\/fr\/#\/schema\/logo\/image\/","url":"https:\/\/teiaeducation.ch\/wp-content\/uploads\/2020\/11\/Teia-Education-Switzerland-e1620156442216.jpg","contentUrl":"https:\/\/teiaeducation.ch\/wp-content\/uploads\/2020\/11\/Teia-Education-Switzerland-e1620156442216.jpg","width":166,"height":145,"caption":"Teia Education & Play"},"image":{"@id":"https:\/\/teiaeducation.ch\/fr\/#\/schema\/logo\/image\/"},"sameAs":["https:\/\/www.facebook.com\/teiaeducation\/","https:\/\/x.com\/EducationTeia","https:\/\/www.instagram.com\/teia.education\/","https:\/\/www.linkedin.com\/company\/35501660","https:\/\/www.pinterest.ch\/TeiaEducation\/"]}]}},"_links":{"self":[{"href":"https:\/\/teiaeducation.ch\/fr\/wp-json\/wp\/v2\/product\/24204","targetHints":{"allow":["GET"]}}],"collection":[{"href":"https:\/\/teiaeducation.ch\/fr\/wp-json\/wp\/v2\/product"}],"about":[{"href":"https:\/\/teiaeducation.ch\/fr\/wp-json\/wp\/v2\/types\/product"}],"replies":[{"embeddable":true,"href":"https:\/\/teiaeducation.ch\/fr\/wp-json\/wp\/v2\/comments?post=24204"}],"wp:featuredmedia":[{"embeddable":true,"href":"https:\/\/teiaeducation.ch\/fr\/wp-json\/wp\/v2\/media\/22578"}],"wp:attachment":[{"href":"https:\/\/teiaeducation.ch\/fr\/wp-json\/wp\/v2\/media?parent=24204"}],"wp:term":[{"taxonomy":"product_brand","embeddable":true,"href":"https:\/\/teiaeducation.ch\/fr\/wp-json\/wp\/v2\/product_brand?post=24204"},{"taxonomy":"product_cat","embeddable":true,"href":"https:\/\/teiaeducation.ch\/fr\/wp-json\/wp\/v2\/product_cat?post=24204"},{"taxonomy":"product_tag","embeddable":true,"href":"https:\/\/teiaeducation.ch\/fr\/wp-json\/wp\/v2\/product_tag?post=24204"}],"curies":[{"name":"wp","href":"https:\/\/api.w.org\/{rel}","templated":true}]}}