{"id":24205,"date":"2020-01-29T13:33:30","date_gmt":"2020-01-29T12:33:30","guid":{"rendered":"https:\/\/teiaeducation.ch\/product\/bloc-cylindres-1-gonzagarredi-montessori\/"},"modified":"2022-12-05T12:05:13","modified_gmt":"2022-12-05T11:05:13","slug":"bloc-cylindres-1-gonzagarredi-montessori","status":"publish","type":"product","link":"https:\/\/teiaeducation.ch\/fr\/produit\/bloc-cylindres-1-gonzagarredi-montessori\/","title":{"rendered":"Bloc-cylindres 1 &#8211; Gonzagarredi Montessori"},"content":{"rendered":"<p>Les blocs cylindres de Gonzagarredi Montessori font partie de la gamme <a href=\"https:\/\/teiaeducation.ch\/fr\/categorie-produit\/marques\/gonzagarredi-montessori-fr\/sensoriel-gonzagarredi-montessori-fr\/\">sensoriel<\/a> et initient les enfants \u00e0 la premi\u00e8re \u00e9tape de la discrimination visuelle de la taille. Le bloc cylindres no. 1 contient des cylindres dont la hauteur et le diam\u00e8tre progressent du petit au grand.<\/p>\n<p>Le bloc cylindres est fini avec une laque lisse satin\u00e9e et a des bords l\u00e9g\u00e8rement arrondis. Chaque cylindre \u00e0 boutons est ponc\u00e9 et laqu\u00e9 individuellement.<\/p>\n<p><a href=\"https:\/\/teiaeducation.ch\/fr\/categorie-produit\/marques\/gonzagarredi-montessori-fr\/\">Gonzagarredi Montessori<\/a> (GAM) se d\u00e9finit comme &#8220;l&#8217;histoire du mat\u00e9riel Montessori&#8221; car c&#8217;est en collaboration avec cette entreprise que Maria Montessori a produit ses premiers <a href=\"https:\/\/teiaeducation.ch\/fr\/categorie-produit\/domaines-du-curriculum\/\">mat\u00e9riaux \u00e9ducatifs<\/a> en bois.\u00a0La marque a \u00e9t\u00e9 fond\u00e9e en Italie en 1911 sous le nom d'&#8221;Ernesto Bassoli e Figli&#8221;, puis de &#8220;Societ\u00e0 Anonima per il Materiale Montessori&#8221;, et est l&#8217;une des trois seules entreprises au monde \u00e0 produire du mat\u00e9riel \u00e9ducatif Montessori sous la supervision et la certification de l&#8217;Association Montessori Internationale (AMI), dont le si\u00e8ge est \u00e0 Amsterdam.<\/p>\n<p>Gonzagarredi produit des meubles pour enfants et du mat\u00e9riel Montessori de la plus haute qualit\u00e9, en bois naturel et dans des couleurs intentionnellement sourdes, tous conformes aux directives de Maria Montessori et certifi\u00e9s par l&#8217;<a href=\"https:\/\/montessori-ami.org\">AMI<\/a>.<\/p>\n<p>La bloc cylindres no. 1 Montessori de Gonzagarredi convient aux enfants \u00e2g\u00e9s de 3 \u00e0 6 ans.<\/p>\n<p>Contenu :<\/p>\n<p>1 bloc-cylindres (n\u00b0 1) en bois de h\u00eatre massif avec 10 cylindres avec boutons de diff\u00e9rentes tailles<\/p>\n<p><em><span class=\"tlid-translation translation\" lang=\"fr\"><span title=\"\">Nous n'avons actuellement pas cet article en stock, mais il est disponible en pr\u00e9-commande.<\/span> <span class=\"\" title=\"\">Nous commanderons cet article pour vous aupr\u00e8s de notre fournisseur.<\/span> <span class=\"\" title=\"\">Veuillez allouer de 2 \u00e0 3 semaines maximum pour la livraison.<\/span><\/span><\/em><\/p>\n\t<div id=\"gap-881981133\" class=\"gap-element clearfix\" style=\"display:block; height:auto;\">\n\t\t\n<style>\n#gap-881981133 {\n  padding-top: 20px;\n}\n<\/style>\n\t<\/div>\n\t\n","protected":false},"excerpt":{"rendered":"<p>Num\u00e9ro d&#8217;article: 1MM0201<\/p>\n<p>Le bloc-cylindres n\u00b0. 1 de Gonzagarredi Montessori initie \u00e0 la premi\u00e8re \u00e9tape de la discrimination visuelle de la taille, en passant du petit au grand.<\/p>\n","protected":false},"featured_media":22581,"comment_status":"closed","ping_status":"closed","template":"","meta":[],"product_brand":[],"product_cat":[215,283,8526,7586,624,8567,288,620,7595,1218,217,5851,7588,209,623,625,212],"product_tag":[8568,8566,8565,651,829],"class_list":{"0":"post-24205","1":"product","2":"type-product","3":"status-publish","4":"has-post-thumbnail","6":"product_cat-3-6-ans","7":"product_cat-domaines-du-curriculum","8":"product_cat-fournitures-scolaires-a-domicile","9":"product_cat-gonzagarredi-montessori-fr","10":"product_cat-formes","11":"product_cat-materiel-scolaire-montessori","12":"product_cat-mathematiques-calcul","13":"product_cat-mesurer","14":"product_cat-methode-deducation","15":"product_cat-montessori-fr","16":"product_cat-marques","17":"product_cat-nouveautes","18":"product_cat-sensoriel-gonzagarredi-montessori-fr","19":"product_cat-sensorielles-motrices","20":"product_cat-serialisation","21":"product_cat-taille","22":"product_cat-tranche-dage","23":"product_tag-bloc-cylindres-1-gonzagarredi-montessori","24":"product_tag-gam-sensoriel","25":"product_tag-gonzagarredi-montessori-fr","26":"product_tag-materiel-pedagogique-suisse","27":"product_tag-materiel-sensoriels-montessori","29":"first","30":"onbackorder","31":"taxable","32":"shipping-taxable","33":"purchasable","34":"product-type-simple"},"yoast_head":"<!-- This site is optimized with the Yoast SEO plugin v27.1.1 - https:\/\/yoast.com\/product\/yoast-seo-wordpress\/ -->\n<title>Bloc-cylindres 1 - Gonzagarredi Montessori - Teia Education &amp; Play<\/title>\n<meta name=\"description\" content=\"Le bloc-cylindres n\u00b0. 1 de Gonzagarredi Montessori initie \u00e0 la premi\u00e8re \u00e9tape de la discrimination visuelle de la taille, en passant du petit au grand.\" \/>\n<meta name=\"robots\" content=\"index, follow, max-snippet:-1, max-image-preview:large, max-video-preview:-1\" \/>\n<link rel=\"canonical\" href=\"https:\/\/teiaeducation.ch\/fr\/produit\/bloc-cylindres-1-gonzagarredi-montessori\/\" \/>\n<meta property=\"og:locale\" content=\"fr_FR\" \/>\n<meta property=\"og:type\" content=\"article\" \/>\n<meta property=\"og:title\" content=\"Bloc-cylindres 1 - Gonzagarredi Montessori - Teia Education &amp; Play\" \/>\n<meta property=\"og:description\" content=\"Le bloc-cylindres n\u00b0. 1 de Gonzagarredi Montessori initie \u00e0 la premi\u00e8re \u00e9tape de la discrimination visuelle de la taille, en passant du petit au grand.\" \/>\n<meta property=\"og:url\" content=\"https:\/\/teiaeducation.ch\/fr\/produit\/bloc-cylindres-1-gonzagarredi-montessori\/\" \/>\n<meta property=\"og:site_name\" content=\"Sustainable Educational Products &amp; Ecological Toys\u00a0\" \/>\n<meta property=\"article:publisher\" content=\"https:\/\/www.facebook.com\/teiaeducation\/\" \/>\n<meta property=\"article:modified_time\" content=\"2022-12-05T11:05:13+00:00\" \/>\n<meta property=\"og:image\" content=\"https:\/\/teiaeducation.ch\/wp-content\/uploads\/2020\/01\/Cylinder-block-no.-1-\u2013-Gonzagarredi-Montessori_GM0201000.jpg\" \/>\n\t<meta property=\"og:image:width\" content=\"1024\" \/>\n\t<meta property=\"og:image:height\" content=\"1280\" \/>\n\t<meta property=\"og:image:type\" content=\"image\/jpeg\" \/>\n<script type=\"application\/ld+json\" class=\"yoast-schema-graph\">{\"@context\":\"https:\/\/schema.org\",\"@graph\":[{\"@type\":\"WebPage\",\"@id\":\"https:\/\/teiaeducation.ch\/fr\/produit\/bloc-cylindres-1-gonzagarredi-montessori\/\",\"url\":\"https:\/\/teiaeducation.ch\/fr\/produit\/bloc-cylindres-1-gonzagarredi-montessori\/\",\"name\":\"Bloc-cylindres 1 - Gonzagarredi Montessori - Teia Education & Play\",\"isPartOf\":{\"@id\":\"https:\/\/teiaeducation.ch\/fr\/#website\"},\"primaryImageOfPage\":{\"@id\":\"https:\/\/teiaeducation.ch\/fr\/produit\/bloc-cylindres-1-gonzagarredi-montessori\/#primaryimage\"},\"image\":{\"@id\":\"https:\/\/teiaeducation.ch\/fr\/produit\/bloc-cylindres-1-gonzagarredi-montessori\/#primaryimage\"},\"thumbnailUrl\":\"https:\/\/teiaeducation.ch\/wp-content\/uploads\/2020\/01\/Cylinder-block-no.-1-\u2013-Gonzagarredi-Montessori_GM0201000.jpg\",\"datePublished\":\"2020-01-29T12:33:30+00:00\",\"dateModified\":\"2022-12-05T11:05:13+00:00\",\"description\":\"Le bloc-cylindres n\u00b0. 1 de Gonzagarredi Montessori initie \u00e0 la premi\u00e8re \u00e9tape de la discrimination visuelle de la taille, en passant du petit au grand.\",\"breadcrumb\":{\"@id\":\"https:\/\/teiaeducation.ch\/fr\/produit\/bloc-cylindres-1-gonzagarredi-montessori\/#breadcrumb\"},\"inLanguage\":\"fr-FR\",\"potentialAction\":[{\"@type\":\"ReadAction\",\"target\":[\"https:\/\/teiaeducation.ch\/fr\/produit\/bloc-cylindres-1-gonzagarredi-montessori\/\"]}]},{\"@type\":\"ImageObject\",\"inLanguage\":\"fr-FR\",\"@id\":\"https:\/\/teiaeducation.ch\/fr\/produit\/bloc-cylindres-1-gonzagarredi-montessori\/#primaryimage\",\"url\":\"https:\/\/teiaeducation.ch\/wp-content\/uploads\/2020\/01\/Cylinder-block-no.-1-\u2013-Gonzagarredi-Montessori_GM0201000.jpg\",\"contentUrl\":\"https:\/\/teiaeducation.ch\/wp-content\/uploads\/2020\/01\/Cylinder-block-no.-1-\u2013-Gonzagarredi-Montessori_GM0201000.jpg\",\"width\":1024,\"height\":1280,\"caption\":\"Bloc-cylindres 1 - Gonzagarredi Montessori\"},{\"@type\":\"BreadcrumbList\",\"@id\":\"https:\/\/teiaeducation.ch\/fr\/produit\/bloc-cylindres-1-gonzagarredi-montessori\/#breadcrumb\",\"itemListElement\":[{\"@type\":\"ListItem\",\"position\":1,\"name\":\"Home\",\"item\":\"https:\/\/teiaeducation.ch\/fr\/\"},{\"@type\":\"ListItem\",\"position\":2,\"name\":\"Boutique Teia Education &amp; Play\",\"item\":\"https:\/\/teiaeducation.ch\/fr\/boutique\/\"},{\"@type\":\"ListItem\",\"position\":3,\"name\":\"Nos Marques\",\"item\":\"https:\/\/teiaeducation.ch\/fr\/categorie-produit\/marques\/\"},{\"@type\":\"ListItem\",\"position\":4,\"name\":\"Gonzagarredi Montessori\",\"item\":\"https:\/\/teiaeducation.ch\/fr\/categorie-produit\/marques\/gonzagarredi-montessori-fr\/\"},{\"@type\":\"ListItem\",\"position\":5,\"name\":\"Sensoriel\",\"item\":\"https:\/\/teiaeducation.ch\/fr\/categorie-produit\/marques\/gonzagarredi-montessori-fr\/sensoriel-gonzagarredi-montessori-fr\/\"},{\"@type\":\"ListItem\",\"position\":6,\"name\":\"Bloc-cylindres 1 &#8211; Gonzagarredi Montessori\"}]},{\"@type\":\"WebSite\",\"@id\":\"https:\/\/teiaeducation.ch\/fr\/#website\",\"url\":\"https:\/\/teiaeducation.ch\/fr\/\",\"name\":\"Sustainable Educational Products &amp; Ecological Toys\u00a0\",\"description\":\"Specialised Swiss shop selling sustainable educational toys and games, AMI certified Montessori materials, handmade ecological wooden Waldorf toys and arts &amp; crafts supplies, school supplies, children&#039;s furniture and Montessori reference and parenting books.\",\"publisher\":{\"@id\":\"https:\/\/teiaeducation.ch\/fr\/#organization\"},\"alternateName\":\"Teia Education & Play\",\"potentialAction\":[{\"@type\":\"SearchAction\",\"target\":{\"@type\":\"EntryPoint\",\"urlTemplate\":\"https:\/\/teiaeducation.ch\/fr\/?s={search_term_string}\"},\"query-input\":{\"@type\":\"PropertyValueSpecification\",\"valueRequired\":true,\"valueName\":\"search_term_string\"}}],\"inLanguage\":\"fr-FR\"},{\"@type\":\"Organization\",\"@id\":\"https:\/\/teiaeducation.ch\/fr\/#organization\",\"name\":\"Teia Education & Play\",\"url\":\"https:\/\/teiaeducation.ch\/fr\/\",\"logo\":{\"@type\":\"ImageObject\",\"inLanguage\":\"fr-FR\",\"@id\":\"https:\/\/teiaeducation.ch\/fr\/#\/schema\/logo\/image\/\",\"url\":\"https:\/\/teiaeducation.ch\/wp-content\/uploads\/2020\/11\/Teia-Education-Switzerland-e1620156442216.jpg\",\"contentUrl\":\"https:\/\/teiaeducation.ch\/wp-content\/uploads\/2020\/11\/Teia-Education-Switzerland-e1620156442216.jpg\",\"width\":166,\"height\":145,\"caption\":\"Teia Education & Play\"},\"image\":{\"@id\":\"https:\/\/teiaeducation.ch\/fr\/#\/schema\/logo\/image\/\"},\"sameAs\":[\"https:\/\/www.facebook.com\/teiaeducation\/\",\"https:\/\/x.com\/EducationTeia\",\"https:\/\/www.instagram.com\/teia.education\/\",\"https:\/\/www.linkedin.com\/company\/35501660\",\"https:\/\/www.pinterest.ch\/TeiaEducation\/\"]}]}<\/script>\n<!-- \/ Yoast SEO plugin. -->","yoast_head_json":{"title":"Bloc-cylindres 1 - Gonzagarredi Montessori - Teia Education & Play","description":"Le bloc-cylindres n\u00b0. 1 de Gonzagarredi Montessori initie \u00e0 la premi\u00e8re \u00e9tape de la discrimination visuelle de la taille, en passant du petit au grand.","robots":{"index":"index","follow":"follow","max-snippet":"max-snippet:-1","max-image-preview":"max-image-preview:large","max-video-preview":"max-video-preview:-1"},"canonical":"https:\/\/teiaeducation.ch\/fr\/produit\/bloc-cylindres-1-gonzagarredi-montessori\/","og_locale":"fr_FR","og_type":"article","og_title":"Bloc-cylindres 1 - Gonzagarredi Montessori - Teia Education & Play","og_description":"Le bloc-cylindres n\u00b0. 1 de Gonzagarredi Montessori initie \u00e0 la premi\u00e8re \u00e9tape de la discrimination visuelle de la taille, en passant du petit au grand.","og_url":"https:\/\/teiaeducation.ch\/fr\/produit\/bloc-cylindres-1-gonzagarredi-montessori\/","og_site_name":"Sustainable Educational Products &amp; Ecological Toys\u00a0","article_publisher":"https:\/\/www.facebook.com\/teiaeducation\/","article_modified_time":"2022-12-05T11:05:13+00:00","og_image":[{"width":1024,"height":1280,"url":"https:\/\/teiaeducation.ch\/wp-content\/uploads\/2020\/01\/Cylinder-block-no.-1-\u2013-Gonzagarredi-Montessori_GM0201000.jpg","type":"image\/jpeg"}],"schema":{"@context":"https:\/\/schema.org","@graph":[{"@type":"WebPage","@id":"https:\/\/teiaeducation.ch\/fr\/produit\/bloc-cylindres-1-gonzagarredi-montessori\/","url":"https:\/\/teiaeducation.ch\/fr\/produit\/bloc-cylindres-1-gonzagarredi-montessori\/","name":"Bloc-cylindres 1 - Gonzagarredi Montessori - Teia Education & Play","isPartOf":{"@id":"https:\/\/teiaeducation.ch\/fr\/#website"},"primaryImageOfPage":{"@id":"https:\/\/teiaeducation.ch\/fr\/produit\/bloc-cylindres-1-gonzagarredi-montessori\/#primaryimage"},"image":{"@id":"https:\/\/teiaeducation.ch\/fr\/produit\/bloc-cylindres-1-gonzagarredi-montessori\/#primaryimage"},"thumbnailUrl":"https:\/\/teiaeducation.ch\/wp-content\/uploads\/2020\/01\/Cylinder-block-no.-1-\u2013-Gonzagarredi-Montessori_GM0201000.jpg","datePublished":"2020-01-29T12:33:30+00:00","dateModified":"2022-12-05T11:05:13+00:00","description":"Le bloc-cylindres n\u00b0. 1 de Gonzagarredi Montessori initie \u00e0 la premi\u00e8re \u00e9tape de la discrimination visuelle de la taille, en passant du petit au grand.","breadcrumb":{"@id":"https:\/\/teiaeducation.ch\/fr\/produit\/bloc-cylindres-1-gonzagarredi-montessori\/#breadcrumb"},"inLanguage":"fr-FR","potentialAction":[{"@type":"ReadAction","target":["https:\/\/teiaeducation.ch\/fr\/produit\/bloc-cylindres-1-gonzagarredi-montessori\/"]}]},{"@type":"ImageObject","inLanguage":"fr-FR","@id":"https:\/\/teiaeducation.ch\/fr\/produit\/bloc-cylindres-1-gonzagarredi-montessori\/#primaryimage","url":"https:\/\/teiaeducation.ch\/wp-content\/uploads\/2020\/01\/Cylinder-block-no.-1-\u2013-Gonzagarredi-Montessori_GM0201000.jpg","contentUrl":"https:\/\/teiaeducation.ch\/wp-content\/uploads\/2020\/01\/Cylinder-block-no.-1-\u2013-Gonzagarredi-Montessori_GM0201000.jpg","width":1024,"height":1280,"caption":"Bloc-cylindres 1 - Gonzagarredi Montessori"},{"@type":"BreadcrumbList","@id":"https:\/\/teiaeducation.ch\/fr\/produit\/bloc-cylindres-1-gonzagarredi-montessori\/#breadcrumb","itemListElement":[{"@type":"ListItem","position":1,"name":"Home","item":"https:\/\/teiaeducation.ch\/fr\/"},{"@type":"ListItem","position":2,"name":"Boutique Teia Education &amp; Play","item":"https:\/\/teiaeducation.ch\/fr\/boutique\/"},{"@type":"ListItem","position":3,"name":"Nos Marques","item":"https:\/\/teiaeducation.ch\/fr\/categorie-produit\/marques\/"},{"@type":"ListItem","position":4,"name":"Gonzagarredi Montessori","item":"https:\/\/teiaeducation.ch\/fr\/categorie-produit\/marques\/gonzagarredi-montessori-fr\/"},{"@type":"ListItem","position":5,"name":"Sensoriel","item":"https:\/\/teiaeducation.ch\/fr\/categorie-produit\/marques\/gonzagarredi-montessori-fr\/sensoriel-gonzagarredi-montessori-fr\/"},{"@type":"ListItem","position":6,"name":"Bloc-cylindres 1 &#8211; Gonzagarredi Montessori"}]},{"@type":"WebSite","@id":"https:\/\/teiaeducation.ch\/fr\/#website","url":"https:\/\/teiaeducation.ch\/fr\/","name":"Sustainable Educational Products &amp; Ecological Toys\u00a0","description":"Specialised Swiss shop selling sustainable educational toys and games, AMI certified Montessori materials, handmade ecological wooden Waldorf toys and arts &amp; crafts supplies, school supplies, children&#039;s furniture and Montessori reference and parenting books.","publisher":{"@id":"https:\/\/teiaeducation.ch\/fr\/#organization"},"alternateName":"Teia Education & Play","potentialAction":[{"@type":"SearchAction","target":{"@type":"EntryPoint","urlTemplate":"https:\/\/teiaeducation.ch\/fr\/?s={search_term_string}"},"query-input":{"@type":"PropertyValueSpecification","valueRequired":true,"valueName":"search_term_string"}}],"inLanguage":"fr-FR"},{"@type":"Organization","@id":"https:\/\/teiaeducation.ch\/fr\/#organization","name":"Teia Education & Play","url":"https:\/\/teiaeducation.ch\/fr\/","logo":{"@type":"ImageObject","inLanguage":"fr-FR","@id":"https:\/\/teiaeducation.ch\/fr\/#\/schema\/logo\/image\/","url":"https:\/\/teiaeducation.ch\/wp-content\/uploads\/2020\/11\/Teia-Education-Switzerland-e1620156442216.jpg","contentUrl":"https:\/\/teiaeducation.ch\/wp-content\/uploads\/2020\/11\/Teia-Education-Switzerland-e1620156442216.jpg","width":166,"height":145,"caption":"Teia Education & Play"},"image":{"@id":"https:\/\/teiaeducation.ch\/fr\/#\/schema\/logo\/image\/"},"sameAs":["https:\/\/www.facebook.com\/teiaeducation\/","https:\/\/x.com\/EducationTeia","https:\/\/www.instagram.com\/teia.education\/","https:\/\/www.linkedin.com\/company\/35501660","https:\/\/www.pinterest.ch\/TeiaEducation\/"]}]}},"_links":{"self":[{"href":"https:\/\/teiaeducation.ch\/fr\/wp-json\/wp\/v2\/product\/24205","targetHints":{"allow":["GET"]}}],"collection":[{"href":"https:\/\/teiaeducation.ch\/fr\/wp-json\/wp\/v2\/product"}],"about":[{"href":"https:\/\/teiaeducation.ch\/fr\/wp-json\/wp\/v2\/types\/product"}],"replies":[{"embeddable":true,"href":"https:\/\/teiaeducation.ch\/fr\/wp-json\/wp\/v2\/comments?post=24205"}],"wp:featuredmedia":[{"embeddable":true,"href":"https:\/\/teiaeducation.ch\/fr\/wp-json\/wp\/v2\/media\/22581"}],"wp:attachment":[{"href":"https:\/\/teiaeducation.ch\/fr\/wp-json\/wp\/v2\/media?parent=24205"}],"wp:term":[{"taxonomy":"product_brand","embeddable":true,"href":"https:\/\/teiaeducation.ch\/fr\/wp-json\/wp\/v2\/product_brand?post=24205"},{"taxonomy":"product_cat","embeddable":true,"href":"https:\/\/teiaeducation.ch\/fr\/wp-json\/wp\/v2\/product_cat?post=24205"},{"taxonomy":"product_tag","embeddable":true,"href":"https:\/\/teiaeducation.ch\/fr\/wp-json\/wp\/v2\/product_tag?post=24205"}],"curies":[{"name":"wp","href":"https:\/\/api.w.org\/{rel}","templated":true}]}}