{"id":24208,"date":"2020-03-06T13:02:28","date_gmt":"2020-03-06T12:02:28","guid":{"rendered":"https:\/\/teiaeducation.ch\/product\/jeu-dautocollants-de-personnalisation-flockmen\/"},"modified":"2021-11-26T15:52:24","modified_gmt":"2021-11-26T14:52:24","slug":"jeu-dautocollants-de-personnalisation-flockmen","status":"publish","type":"product","link":"https:\/\/teiaeducation.ch\/fr\/produit\/jeu-dautocollants-de-personnalisation-flockmen\/","title":{"rendered":"Autocollants de personnalisation &#8211; Flockmen"},"content":{"rendered":"<p>Autocollants de personnalisation &#8211; Flockmen<\/p>\n<p>L&#8217;ensemble d&#8217;autocollants de personnalisation Flockmen comprend 4 feuilles de 4 autocollants diff\u00e9rents chacune, avec au total 16 caract\u00e8res diff\u00e9rents. Les autocollants de personnalisation sont parfaitement adapt\u00e9s pour transformer les <a href=\"https:\/\/teiaeducation.ch\/fr\/produit\/flock-mega-100-pieces-flockmen\/\">Flockmen<\/a> en diff\u00e9rentes personnalit\u00e9s permettant un jeu plus imaginatif.<\/p>\n<p>Les autocollants repr\u00e9sentent un m\u00e9decin, un athl\u00e8te olympique, un pompier, un pirate, un type &#8220;cool&#8221;, un employ\u00e9 de bureau, un ouvrier du b\u00e2timent, un astronaute, un artiste, un homme en smoking, un extraterrestre, un chevalier, un ninja, un chef et une princesse.<\/p>\n<p>Ils sont enti\u00e8rement adh\u00e9sifs, mais ils sont con\u00e7us pour ne pas endommager ou marquer le bois et se d\u00e9collent facilement, ce qui permet de les retirer \u00e0 tout moment.<\/p>\n<p>Flockmen sont de merveilleux jouets en bois parfaits pour <a href=\"https:\/\/teiaeducation.ch\/fr\/categorie-produit\/jouer\/jouets-a-empiler\/\">empiler<\/a>, construire des tours incroyables, des ponts, des monuments ou d&#8217;\u00e9normes monolithes. Ils permettent \u00e9galement d&#8217;am\u00e9liorer les capacit\u00e9s de comparaison, l&#8217;\u00e9quilibre, la coordination main-\u0153il et la motricit\u00e9 fine, tout en faisant appel \u00e0 la cr\u00e9ativit\u00e9 et \u00e0 l&#8217;imagination. Les Flockmen sont parfaits pour les petites mains. Ils sont con\u00e7us pour \u00eatre impossibles \u00e0 avaler et peuvent donc \u00eatre utilis\u00e9s sans danger pour les b\u00e9b\u00e9s.<\/p>\n<p>Contenu :<\/p>\n<p>4 feuilles de 4 autocollants chacune (16 caract\u00e8res)<\/p>\n<p>Flockmen &#8211; ce n&#8217;est pas seulement un jouet !<\/p>\n","protected":false},"excerpt":{"rendered":"<p>Num\u00e9ro d&#8217;article: FM0004<\/p>\n<p>Les autocollants de Flockmen sont parfait pour transformer les Flockmen en diff\u00e9rentes personnalit\u00e9s !<\/p>\n","protected":false},"featured_media":23730,"comment_status":"closed","ping_status":"closed","template":"","meta":[],"product_brand":[],"product_cat":[208,8527,215,216,8105,8526,8572,20658,18912,13127,217,5851,7603,212],"product_tag":[8129,8135,8133,8134,8131,8130,8571,8128,6714,1227,8132,23582],"class_list":{"0":"post-24208","1":"product","2":"type-product","3":"status-publish","4":"has-post-thumbnail","6":"product_cat-1-3-ans","7":"product_cat-3-6-ans-ecole-a-domicile","8":"product_cat-3-6-ans","9":"product_cat-6-12-ans","10":"product_cat-flockmen-fr","11":"product_cat-fournitures-scolaires-a-domicile","12":"product_cat-jeu-et-apprentissage-pour-bebes-et-jeunes-enfants","13":"product_cat-livres-dactivites-et-autocollants","14":"product_cat-livres-pour-enfants","15":"product_cat-creativite-beaux-arts-et-bricolage","16":"product_cat-marques","17":"product_cat-nouveautes","18":"product_cat-soldes","19":"product_cat-tranche-dage","20":"product_tag-flockmen-fr","21":"product_tag-flockmen-100-pieces-fr","22":"product_tag-flockmen-32-pieces-fr","23":"product_tag-flockmen-mega-flock-fr","24":"product_tag-flockmen-suisse-fr","25":"product_tag-flockmen-switzerland-fr","26":"product_tag-jeu-dautocollants-sur-les-ouailles","27":"product_tag-jouets-en-bois-fabriques-a-la-main","28":"product_tag-jouets-en-bois-faits-a-la-main","29":"product_tag-jouets-ouverts","30":"product_tag-montessori-jouets","31":"product_tag-open-ended-play-fr","33":"first","34":"instock","35":"sale","36":"taxable","37":"shipping-taxable","38":"purchasable","39":"product-type-simple"},"yoast_head":"<!-- This site is optimized with the Yoast SEO plugin v27.1.1 - https:\/\/yoast.com\/product\/yoast-seo-wordpress\/ -->\n<title>Autocollants de personnalisation - Flockmen - Teia Education &amp; Play<\/title>\n<meta name=\"description\" content=\"Les autocollants de personnalisation Flockmen sont parfait pour transformer les Flockmen en diff\u00e9rentes personnalit\u00e9s !\" \/>\n<meta name=\"robots\" content=\"index, follow, max-snippet:-1, max-image-preview:large, max-video-preview:-1\" \/>\n<link rel=\"canonical\" href=\"https:\/\/teiaeducation.ch\/fr\/produit\/jeu-dautocollants-de-personnalisation-flockmen\/\" \/>\n<meta property=\"og:locale\" content=\"fr_FR\" \/>\n<meta property=\"og:type\" content=\"article\" \/>\n<meta property=\"og:title\" content=\"Autocollants de personnalisation - Flockmen - Teia Education &amp; Play\" \/>\n<meta property=\"og:description\" content=\"Les autocollants de personnalisation Flockmen sont parfait pour transformer les Flockmen en diff\u00e9rentes personnalit\u00e9s !\" \/>\n<meta property=\"og:url\" content=\"https:\/\/teiaeducation.ch\/fr\/produit\/jeu-dautocollants-de-personnalisation-flockmen\/\" \/>\n<meta property=\"og:site_name\" content=\"Sustainable Educational Products &amp; Ecological Toys\u00a0\" \/>\n<meta property=\"article:publisher\" content=\"https:\/\/www.facebook.com\/teiaeducation\/\" \/>\n<meta property=\"article:modified_time\" content=\"2021-11-26T14:52:24+00:00\" \/>\n<meta property=\"og:image\" content=\"https:\/\/teiaeducation.ch\/wp-content\/uploads\/2020\/03\/Personalisation-Sticker-Set-Flockmen_2.jpg\" \/>\n\t<meta property=\"og:image:width\" content=\"1522\" \/>\n\t<meta property=\"og:image:height\" content=\"1522\" \/>\n\t<meta property=\"og:image:type\" content=\"image\/jpeg\" \/>\n<script type=\"application\/ld+json\" class=\"yoast-schema-graph\">{\"@context\":\"https:\/\/schema.org\",\"@graph\":[{\"@type\":\"WebPage\",\"@id\":\"https:\/\/teiaeducation.ch\/fr\/produit\/jeu-dautocollants-de-personnalisation-flockmen\/\",\"url\":\"https:\/\/teiaeducation.ch\/fr\/produit\/jeu-dautocollants-de-personnalisation-flockmen\/\",\"name\":\"Autocollants de personnalisation - Flockmen - Teia Education & Play\",\"isPartOf\":{\"@id\":\"https:\/\/teiaeducation.ch\/fr\/#website\"},\"primaryImageOfPage\":{\"@id\":\"https:\/\/teiaeducation.ch\/fr\/produit\/jeu-dautocollants-de-personnalisation-flockmen\/#primaryimage\"},\"image\":{\"@id\":\"https:\/\/teiaeducation.ch\/fr\/produit\/jeu-dautocollants-de-personnalisation-flockmen\/#primaryimage\"},\"thumbnailUrl\":\"https:\/\/teiaeducation.ch\/wp-content\/uploads\/2020\/03\/Personalisation-Sticker-Set-Flockmen_2.jpg\",\"datePublished\":\"2020-03-06T12:02:28+00:00\",\"dateModified\":\"2021-11-26T14:52:24+00:00\",\"description\":\"Les autocollants de personnalisation Flockmen sont parfait pour transformer les Flockmen en diff\u00e9rentes personnalit\u00e9s !\",\"breadcrumb\":{\"@id\":\"https:\/\/teiaeducation.ch\/fr\/produit\/jeu-dautocollants-de-personnalisation-flockmen\/#breadcrumb\"},\"inLanguage\":\"fr-FR\",\"potentialAction\":[{\"@type\":\"ReadAction\",\"target\":[\"https:\/\/teiaeducation.ch\/fr\/produit\/jeu-dautocollants-de-personnalisation-flockmen\/\"]}]},{\"@type\":\"ImageObject\",\"inLanguage\":\"fr-FR\",\"@id\":\"https:\/\/teiaeducation.ch\/fr\/produit\/jeu-dautocollants-de-personnalisation-flockmen\/#primaryimage\",\"url\":\"https:\/\/teiaeducation.ch\/wp-content\/uploads\/2020\/03\/Personalisation-Sticker-Set-Flockmen_2.jpg\",\"contentUrl\":\"https:\/\/teiaeducation.ch\/wp-content\/uploads\/2020\/03\/Personalisation-Sticker-Set-Flockmen_2.jpg\",\"width\":1522,\"height\":1522,\"caption\":\"Autocollants de personnalisation - Flockmen\"},{\"@type\":\"BreadcrumbList\",\"@id\":\"https:\/\/teiaeducation.ch\/fr\/produit\/jeu-dautocollants-de-personnalisation-flockmen\/#breadcrumb\",\"itemListElement\":[{\"@type\":\"ListItem\",\"position\":1,\"name\":\"Home\",\"item\":\"https:\/\/teiaeducation.ch\/fr\/\"},{\"@type\":\"ListItem\",\"position\":2,\"name\":\"Boutique Teia Education &amp; Play\",\"item\":\"https:\/\/teiaeducation.ch\/fr\/boutique\/\"},{\"@type\":\"ListItem\",\"position\":3,\"name\":\"Tranche d'\u00c2ge\",\"item\":\"https:\/\/teiaeducation.ch\/fr\/categorie-produit\/tranche-dage\/\"},{\"@type\":\"ListItem\",\"position\":4,\"name\":\"1-3 Ans Jeunes Enfants\",\"item\":\"https:\/\/teiaeducation.ch\/fr\/categorie-produit\/tranche-dage\/1-3-ans\/\"},{\"@type\":\"ListItem\",\"position\":5,\"name\":\"Autocollants de personnalisation &#8211; Flockmen\"}]},{\"@type\":\"WebSite\",\"@id\":\"https:\/\/teiaeducation.ch\/fr\/#website\",\"url\":\"https:\/\/teiaeducation.ch\/fr\/\",\"name\":\"Sustainable Educational Products &amp; Ecological Toys\u00a0\",\"description\":\"Specialised Swiss shop selling sustainable educational toys and games, AMI certified Montessori materials, handmade ecological wooden Waldorf toys and arts &amp; crafts supplies, school supplies, children&#039;s furniture and Montessori reference and parenting books.\",\"publisher\":{\"@id\":\"https:\/\/teiaeducation.ch\/fr\/#organization\"},\"alternateName\":\"Teia Education & Play\",\"potentialAction\":[{\"@type\":\"SearchAction\",\"target\":{\"@type\":\"EntryPoint\",\"urlTemplate\":\"https:\/\/teiaeducation.ch\/fr\/?s={search_term_string}\"},\"query-input\":{\"@type\":\"PropertyValueSpecification\",\"valueRequired\":true,\"valueName\":\"search_term_string\"}}],\"inLanguage\":\"fr-FR\"},{\"@type\":\"Organization\",\"@id\":\"https:\/\/teiaeducation.ch\/fr\/#organization\",\"name\":\"Teia Education & Play\",\"url\":\"https:\/\/teiaeducation.ch\/fr\/\",\"logo\":{\"@type\":\"ImageObject\",\"inLanguage\":\"fr-FR\",\"@id\":\"https:\/\/teiaeducation.ch\/fr\/#\/schema\/logo\/image\/\",\"url\":\"https:\/\/teiaeducation.ch\/wp-content\/uploads\/2020\/11\/Teia-Education-Switzerland-e1620156442216.jpg\",\"contentUrl\":\"https:\/\/teiaeducation.ch\/wp-content\/uploads\/2020\/11\/Teia-Education-Switzerland-e1620156442216.jpg\",\"width\":166,\"height\":145,\"caption\":\"Teia Education & Play\"},\"image\":{\"@id\":\"https:\/\/teiaeducation.ch\/fr\/#\/schema\/logo\/image\/\"},\"sameAs\":[\"https:\/\/www.facebook.com\/teiaeducation\/\",\"https:\/\/x.com\/EducationTeia\",\"https:\/\/www.instagram.com\/teia.education\/\",\"https:\/\/www.linkedin.com\/company\/35501660\",\"https:\/\/www.pinterest.ch\/TeiaEducation\/\"]}]}<\/script>\n<!-- \/ Yoast SEO plugin. -->","yoast_head_json":{"title":"Autocollants de personnalisation - Flockmen - Teia Education & Play","description":"Les autocollants de personnalisation Flockmen sont parfait pour transformer les Flockmen en diff\u00e9rentes personnalit\u00e9s !","robots":{"index":"index","follow":"follow","max-snippet":"max-snippet:-1","max-image-preview":"max-image-preview:large","max-video-preview":"max-video-preview:-1"},"canonical":"https:\/\/teiaeducation.ch\/fr\/produit\/jeu-dautocollants-de-personnalisation-flockmen\/","og_locale":"fr_FR","og_type":"article","og_title":"Autocollants de personnalisation - Flockmen - Teia Education & Play","og_description":"Les autocollants de personnalisation Flockmen sont parfait pour transformer les Flockmen en diff\u00e9rentes personnalit\u00e9s !","og_url":"https:\/\/teiaeducation.ch\/fr\/produit\/jeu-dautocollants-de-personnalisation-flockmen\/","og_site_name":"Sustainable Educational Products &amp; Ecological Toys\u00a0","article_publisher":"https:\/\/www.facebook.com\/teiaeducation\/","article_modified_time":"2021-11-26T14:52:24+00:00","og_image":[{"width":1522,"height":1522,"url":"https:\/\/teiaeducation.ch\/wp-content\/uploads\/2020\/03\/Personalisation-Sticker-Set-Flockmen_2.jpg","type":"image\/jpeg"}],"schema":{"@context":"https:\/\/schema.org","@graph":[{"@type":"WebPage","@id":"https:\/\/teiaeducation.ch\/fr\/produit\/jeu-dautocollants-de-personnalisation-flockmen\/","url":"https:\/\/teiaeducation.ch\/fr\/produit\/jeu-dautocollants-de-personnalisation-flockmen\/","name":"Autocollants de personnalisation - Flockmen - Teia Education & Play","isPartOf":{"@id":"https:\/\/teiaeducation.ch\/fr\/#website"},"primaryImageOfPage":{"@id":"https:\/\/teiaeducation.ch\/fr\/produit\/jeu-dautocollants-de-personnalisation-flockmen\/#primaryimage"},"image":{"@id":"https:\/\/teiaeducation.ch\/fr\/produit\/jeu-dautocollants-de-personnalisation-flockmen\/#primaryimage"},"thumbnailUrl":"https:\/\/teiaeducation.ch\/wp-content\/uploads\/2020\/03\/Personalisation-Sticker-Set-Flockmen_2.jpg","datePublished":"2020-03-06T12:02:28+00:00","dateModified":"2021-11-26T14:52:24+00:00","description":"Les autocollants de personnalisation Flockmen sont parfait pour transformer les Flockmen en diff\u00e9rentes personnalit\u00e9s !","breadcrumb":{"@id":"https:\/\/teiaeducation.ch\/fr\/produit\/jeu-dautocollants-de-personnalisation-flockmen\/#breadcrumb"},"inLanguage":"fr-FR","potentialAction":[{"@type":"ReadAction","target":["https:\/\/teiaeducation.ch\/fr\/produit\/jeu-dautocollants-de-personnalisation-flockmen\/"]}]},{"@type":"ImageObject","inLanguage":"fr-FR","@id":"https:\/\/teiaeducation.ch\/fr\/produit\/jeu-dautocollants-de-personnalisation-flockmen\/#primaryimage","url":"https:\/\/teiaeducation.ch\/wp-content\/uploads\/2020\/03\/Personalisation-Sticker-Set-Flockmen_2.jpg","contentUrl":"https:\/\/teiaeducation.ch\/wp-content\/uploads\/2020\/03\/Personalisation-Sticker-Set-Flockmen_2.jpg","width":1522,"height":1522,"caption":"Autocollants de personnalisation - Flockmen"},{"@type":"BreadcrumbList","@id":"https:\/\/teiaeducation.ch\/fr\/produit\/jeu-dautocollants-de-personnalisation-flockmen\/#breadcrumb","itemListElement":[{"@type":"ListItem","position":1,"name":"Home","item":"https:\/\/teiaeducation.ch\/fr\/"},{"@type":"ListItem","position":2,"name":"Boutique Teia Education &amp; Play","item":"https:\/\/teiaeducation.ch\/fr\/boutique\/"},{"@type":"ListItem","position":3,"name":"Tranche d'\u00c2ge","item":"https:\/\/teiaeducation.ch\/fr\/categorie-produit\/tranche-dage\/"},{"@type":"ListItem","position":4,"name":"1-3 Ans Jeunes Enfants","item":"https:\/\/teiaeducation.ch\/fr\/categorie-produit\/tranche-dage\/1-3-ans\/"},{"@type":"ListItem","position":5,"name":"Autocollants de personnalisation &#8211; Flockmen"}]},{"@type":"WebSite","@id":"https:\/\/teiaeducation.ch\/fr\/#website","url":"https:\/\/teiaeducation.ch\/fr\/","name":"Sustainable Educational Products &amp; Ecological Toys\u00a0","description":"Specialised Swiss shop selling sustainable educational toys and games, AMI certified Montessori materials, handmade ecological wooden Waldorf toys and arts &amp; crafts supplies, school supplies, children&#039;s furniture and Montessori reference and parenting books.","publisher":{"@id":"https:\/\/teiaeducation.ch\/fr\/#organization"},"alternateName":"Teia Education & Play","potentialAction":[{"@type":"SearchAction","target":{"@type":"EntryPoint","urlTemplate":"https:\/\/teiaeducation.ch\/fr\/?s={search_term_string}"},"query-input":{"@type":"PropertyValueSpecification","valueRequired":true,"valueName":"search_term_string"}}],"inLanguage":"fr-FR"},{"@type":"Organization","@id":"https:\/\/teiaeducation.ch\/fr\/#organization","name":"Teia Education & Play","url":"https:\/\/teiaeducation.ch\/fr\/","logo":{"@type":"ImageObject","inLanguage":"fr-FR","@id":"https:\/\/teiaeducation.ch\/fr\/#\/schema\/logo\/image\/","url":"https:\/\/teiaeducation.ch\/wp-content\/uploads\/2020\/11\/Teia-Education-Switzerland-e1620156442216.jpg","contentUrl":"https:\/\/teiaeducation.ch\/wp-content\/uploads\/2020\/11\/Teia-Education-Switzerland-e1620156442216.jpg","width":166,"height":145,"caption":"Teia Education & Play"},"image":{"@id":"https:\/\/teiaeducation.ch\/fr\/#\/schema\/logo\/image\/"},"sameAs":["https:\/\/www.facebook.com\/teiaeducation\/","https:\/\/x.com\/EducationTeia","https:\/\/www.instagram.com\/teia.education\/","https:\/\/www.linkedin.com\/company\/35501660","https:\/\/www.pinterest.ch\/TeiaEducation\/"]}]}},"_links":{"self":[{"href":"https:\/\/teiaeducation.ch\/fr\/wp-json\/wp\/v2\/product\/24208","targetHints":{"allow":["GET"]}}],"collection":[{"href":"https:\/\/teiaeducation.ch\/fr\/wp-json\/wp\/v2\/product"}],"about":[{"href":"https:\/\/teiaeducation.ch\/fr\/wp-json\/wp\/v2\/types\/product"}],"replies":[{"embeddable":true,"href":"https:\/\/teiaeducation.ch\/fr\/wp-json\/wp\/v2\/comments?post=24208"}],"wp:featuredmedia":[{"embeddable":true,"href":"https:\/\/teiaeducation.ch\/fr\/wp-json\/wp\/v2\/media\/23730"}],"wp:attachment":[{"href":"https:\/\/teiaeducation.ch\/fr\/wp-json\/wp\/v2\/media?parent=24208"}],"wp:term":[{"taxonomy":"product_brand","embeddable":true,"href":"https:\/\/teiaeducation.ch\/fr\/wp-json\/wp\/v2\/product_brand?post=24208"},{"taxonomy":"product_cat","embeddable":true,"href":"https:\/\/teiaeducation.ch\/fr\/wp-json\/wp\/v2\/product_cat?post=24208"},{"taxonomy":"product_tag","embeddable":true,"href":"https:\/\/teiaeducation.ch\/fr\/wp-json\/wp\/v2\/product_tag?post=24208"}],"curies":[{"name":"wp","href":"https:\/\/api.w.org\/{rel}","templated":true}]}}