{"id":24215,"date":"2020-03-06T13:51:22","date_gmt":"2020-03-06T12:51:22","guid":{"rendered":"https:\/\/teiaeducation.ch\/product\/jeu-dautocollants-de-couleur-flockmen\/"},"modified":"2021-11-26T15:59:42","modified_gmt":"2021-11-26T14:59:42","slug":"jeu-dautocollants-de-couleur-flockmen","status":"publish","type":"product","link":"https:\/\/teiaeducation.ch\/fr\/produit\/jeu-dautocollants-de-couleur-flockmen\/","title":{"rendered":"Autocollants de couleur &#8211; Flockmen"},"content":{"rendered":"<p>Autocollants de couleur &#8211; Flockmen<\/p>\n<p>Les autocollants de couleur de Flockmen comprend 4 feuilles de 4 autocollants en papier chacune. L&#8217;ensemble comprend 8 couleurs diff\u00e9rentes, avec 2 teintes diff\u00e9rentes de chaque couleur et sont parfaitement adapt\u00e9s pour permettre \u00e0 l&#8217;enfant de transformer les Flockmen en compagnons color\u00e9s. Ils \u00e9vitent que la surface en bois naturel des Flockmen soit directement color\u00e9e ou sur laquelle on \u00e9crit et offrent des possibilit\u00e9s infinies.<\/p>\n<p>Les autocollants sont enti\u00e8rement adh\u00e9sifs, mais ils sont con\u00e7us pour ne pas endommager ou marquer le bois et se d\u00e9collent facilement, ce qui permet de les retirer \u00e0 tout moment. Manipulez-les avec pr\u00e9caution pour \u00e9viter qu&#8217;ils ne se d\u00e9chirent.<\/p>\n<p>Flockmen sont de merveilleux jouets en bois parfaits pour <a href=\"https:\/\/teiaeducation.ch\/fr\/categorie-produit\/jouer\/jouets-a-empiler\/\">empiler<\/a>, construire des tours incroyables, des ponts, des monuments ou d&#8217;\u00e9normes monolithes. Ils permettent \u00e9galement d&#8217;am\u00e9liorer les capacit\u00e9s de comparaison, l&#8217;\u00e9quilibre, la coordination main-\u0153il et la motricit\u00e9 fine, tout en faisant appel \u00e0 la cr\u00e9ativit\u00e9 et \u00e0 l&#8217;imagination. Les Flockmen sont parfaits pour les petites mains. Ils sont con\u00e7us pour \u00eatre impossibles \u00e0 avaler et peuvent donc \u00eatre utilis\u00e9s sans danger pour les b\u00e9b\u00e9s.<\/p>\n<p>Contenu :<\/p>\n<p>4 feuilles de 4 autocollants chacune (16 autocollants au total)<\/p>\n<p>Flockmen &#8211; ce n&#8217;est pas seulement un jouet !<\/p>\n","protected":false},"excerpt":{"rendered":"<p>Num\u00e9ro d&#8217;article: FM0006<\/p>\n<p>Les autocollants de couleur de Flockmen sont parfaits pour d\u00e9corer et pour l&#8217;enfant d&#8217;utiliser les Flockmen de mani\u00e8re plus cr\u00e9ative<\/p>\n","protected":false},"featured_media":23754,"comment_status":"closed","ping_status":"closed","template":"","meta":[],"product_brand":[],"product_cat":[208,215,216,8105,20658,18912,13127,217,5851,7603,212],"product_tag":[8129,8135,8133,8134,8131,8130,8571,8128,6714,1227,8132,23582],"class_list":{"0":"post-24215","1":"product","2":"type-product","3":"status-publish","4":"has-post-thumbnail","6":"product_cat-1-3-ans","7":"product_cat-3-6-ans","8":"product_cat-6-12-ans","9":"product_cat-flockmen-fr","10":"product_cat-livres-dactivites-et-autocollants","11":"product_cat-livres-pour-enfants","12":"product_cat-creativite-beaux-arts-et-bricolage","13":"product_cat-marques","14":"product_cat-nouveautes","15":"product_cat-soldes","16":"product_cat-tranche-dage","17":"product_tag-flockmen-fr","18":"product_tag-flockmen-100-pieces-fr","19":"product_tag-flockmen-32-pieces-fr","20":"product_tag-flockmen-mega-flock-fr","21":"product_tag-flockmen-suisse-fr","22":"product_tag-flockmen-switzerland-fr","23":"product_tag-jeu-dautocollants-sur-les-ouailles","24":"product_tag-jouets-en-bois-fabriques-a-la-main","25":"product_tag-jouets-en-bois-faits-a-la-main","26":"product_tag-jouets-ouverts","27":"product_tag-montessori-jouets","28":"product_tag-open-ended-play-fr","30":"first","31":"instock","32":"sale","33":"taxable","34":"shipping-taxable","35":"purchasable","36":"product-type-simple"},"yoast_head":"<!-- This site is optimized with the Yoast SEO plugin v27.1.1 - https:\/\/yoast.com\/product\/yoast-seo-wordpress\/ -->\n<title>Autocollants de couleur - Flockmen - Teia Education &amp; Play<\/title>\n<meta name=\"description\" content=\"Les autocollants de couleur de Flockmen sont parfaits pour d\u00e9corer et pour l&#039;enfant d&#039;utiliser les Flockmen de mani\u00e8re plus cr\u00e9ative\" \/>\n<meta name=\"robots\" content=\"index, follow, max-snippet:-1, max-image-preview:large, max-video-preview:-1\" \/>\n<link rel=\"canonical\" href=\"https:\/\/teiaeducation.ch\/fr\/produit\/jeu-dautocollants-de-couleur-flockmen\/\" \/>\n<meta property=\"og:locale\" content=\"fr_FR\" \/>\n<meta property=\"og:type\" content=\"article\" \/>\n<meta property=\"og:title\" content=\"Autocollants de couleur - Flockmen - Teia Education &amp; Play\" \/>\n<meta property=\"og:description\" content=\"Les autocollants de couleur de Flockmen sont parfaits pour d\u00e9corer et pour l&#039;enfant d&#039;utiliser les Flockmen de mani\u00e8re plus cr\u00e9ative\" \/>\n<meta property=\"og:url\" content=\"https:\/\/teiaeducation.ch\/fr\/produit\/jeu-dautocollants-de-couleur-flockmen\/\" \/>\n<meta property=\"og:site_name\" content=\"Sustainable Educational Products &amp; Ecological Toys\u00a0\" \/>\n<meta property=\"article:publisher\" content=\"https:\/\/www.facebook.com\/teiaeducation\/\" \/>\n<meta property=\"article:modified_time\" content=\"2021-11-26T14:59:42+00:00\" \/>\n<meta property=\"og:image\" content=\"https:\/\/teiaeducation.ch\/wp-content\/uploads\/2020\/03\/Color-Sticker-Set-Flockmen.jpg\" \/>\n\t<meta property=\"og:image:width\" content=\"1158\" \/>\n\t<meta property=\"og:image:height\" content=\"1600\" \/>\n\t<meta property=\"og:image:type\" content=\"image\/jpeg\" \/>\n<script type=\"application\/ld+json\" class=\"yoast-schema-graph\">{\"@context\":\"https:\/\/schema.org\",\"@graph\":[{\"@type\":\"WebPage\",\"@id\":\"https:\/\/teiaeducation.ch\/fr\/produit\/jeu-dautocollants-de-couleur-flockmen\/\",\"url\":\"https:\/\/teiaeducation.ch\/fr\/produit\/jeu-dautocollants-de-couleur-flockmen\/\",\"name\":\"Autocollants de couleur - Flockmen - Teia Education & Play\",\"isPartOf\":{\"@id\":\"https:\/\/teiaeducation.ch\/fr\/#website\"},\"primaryImageOfPage\":{\"@id\":\"https:\/\/teiaeducation.ch\/fr\/produit\/jeu-dautocollants-de-couleur-flockmen\/#primaryimage\"},\"image\":{\"@id\":\"https:\/\/teiaeducation.ch\/fr\/produit\/jeu-dautocollants-de-couleur-flockmen\/#primaryimage\"},\"thumbnailUrl\":\"https:\/\/teiaeducation.ch\/wp-content\/uploads\/2020\/03\/Color-Sticker-Set-Flockmen.jpg\",\"datePublished\":\"2020-03-06T12:51:22+00:00\",\"dateModified\":\"2021-11-26T14:59:42+00:00\",\"description\":\"Les autocollants de couleur de Flockmen sont parfaits pour d\u00e9corer et pour l'enfant d'utiliser les Flockmen de mani\u00e8re plus cr\u00e9ative\",\"breadcrumb\":{\"@id\":\"https:\/\/teiaeducation.ch\/fr\/produit\/jeu-dautocollants-de-couleur-flockmen\/#breadcrumb\"},\"inLanguage\":\"fr-FR\",\"potentialAction\":[{\"@type\":\"ReadAction\",\"target\":[\"https:\/\/teiaeducation.ch\/fr\/produit\/jeu-dautocollants-de-couleur-flockmen\/\"]}]},{\"@type\":\"ImageObject\",\"inLanguage\":\"fr-FR\",\"@id\":\"https:\/\/teiaeducation.ch\/fr\/produit\/jeu-dautocollants-de-couleur-flockmen\/#primaryimage\",\"url\":\"https:\/\/teiaeducation.ch\/wp-content\/uploads\/2020\/03\/Color-Sticker-Set-Flockmen.jpg\",\"contentUrl\":\"https:\/\/teiaeducation.ch\/wp-content\/uploads\/2020\/03\/Color-Sticker-Set-Flockmen.jpg\",\"width\":1158,\"height\":1600,\"caption\":\"Jeu d'autocollants de couleur - Flockmen\"},{\"@type\":\"BreadcrumbList\",\"@id\":\"https:\/\/teiaeducation.ch\/fr\/produit\/jeu-dautocollants-de-couleur-flockmen\/#breadcrumb\",\"itemListElement\":[{\"@type\":\"ListItem\",\"position\":1,\"name\":\"Home\",\"item\":\"https:\/\/teiaeducation.ch\/fr\/\"},{\"@type\":\"ListItem\",\"position\":2,\"name\":\"Boutique Teia Education &amp; Play\",\"item\":\"https:\/\/teiaeducation.ch\/fr\/boutique\/\"},{\"@type\":\"ListItem\",\"position\":3,\"name\":\"Tranche d'\u00c2ge\",\"item\":\"https:\/\/teiaeducation.ch\/fr\/categorie-produit\/tranche-dage\/\"},{\"@type\":\"ListItem\",\"position\":4,\"name\":\"1-3 Ans Jeunes Enfants\",\"item\":\"https:\/\/teiaeducation.ch\/fr\/categorie-produit\/tranche-dage\/1-3-ans\/\"},{\"@type\":\"ListItem\",\"position\":5,\"name\":\"Autocollants de couleur &#8211; Flockmen\"}]},{\"@type\":\"WebSite\",\"@id\":\"https:\/\/teiaeducation.ch\/fr\/#website\",\"url\":\"https:\/\/teiaeducation.ch\/fr\/\",\"name\":\"Sustainable Educational Products &amp; Ecological Toys\u00a0\",\"description\":\"Specialised Swiss shop selling sustainable educational toys and games, AMI certified Montessori materials, handmade ecological wooden Waldorf toys and arts &amp; crafts supplies, school supplies, children&#039;s furniture and Montessori reference and parenting books.\",\"publisher\":{\"@id\":\"https:\/\/teiaeducation.ch\/fr\/#organization\"},\"alternateName\":\"Teia Education & Play\",\"potentialAction\":[{\"@type\":\"SearchAction\",\"target\":{\"@type\":\"EntryPoint\",\"urlTemplate\":\"https:\/\/teiaeducation.ch\/fr\/?s={search_term_string}\"},\"query-input\":{\"@type\":\"PropertyValueSpecification\",\"valueRequired\":true,\"valueName\":\"search_term_string\"}}],\"inLanguage\":\"fr-FR\"},{\"@type\":\"Organization\",\"@id\":\"https:\/\/teiaeducation.ch\/fr\/#organization\",\"name\":\"Teia Education & Play\",\"url\":\"https:\/\/teiaeducation.ch\/fr\/\",\"logo\":{\"@type\":\"ImageObject\",\"inLanguage\":\"fr-FR\",\"@id\":\"https:\/\/teiaeducation.ch\/fr\/#\/schema\/logo\/image\/\",\"url\":\"https:\/\/teiaeducation.ch\/wp-content\/uploads\/2020\/11\/Teia-Education-Switzerland-e1620156442216.jpg\",\"contentUrl\":\"https:\/\/teiaeducation.ch\/wp-content\/uploads\/2020\/11\/Teia-Education-Switzerland-e1620156442216.jpg\",\"width\":166,\"height\":145,\"caption\":\"Teia Education & Play\"},\"image\":{\"@id\":\"https:\/\/teiaeducation.ch\/fr\/#\/schema\/logo\/image\/\"},\"sameAs\":[\"https:\/\/www.facebook.com\/teiaeducation\/\",\"https:\/\/x.com\/EducationTeia\",\"https:\/\/www.instagram.com\/teia.education\/\",\"https:\/\/www.linkedin.com\/company\/35501660\",\"https:\/\/www.pinterest.ch\/TeiaEducation\/\"]}]}<\/script>\n<!-- \/ Yoast SEO plugin. -->","yoast_head_json":{"title":"Autocollants de couleur - Flockmen - Teia Education & Play","description":"Les autocollants de couleur de Flockmen sont parfaits pour d\u00e9corer et pour l'enfant d'utiliser les Flockmen de mani\u00e8re plus cr\u00e9ative","robots":{"index":"index","follow":"follow","max-snippet":"max-snippet:-1","max-image-preview":"max-image-preview:large","max-video-preview":"max-video-preview:-1"},"canonical":"https:\/\/teiaeducation.ch\/fr\/produit\/jeu-dautocollants-de-couleur-flockmen\/","og_locale":"fr_FR","og_type":"article","og_title":"Autocollants de couleur - Flockmen - Teia Education & Play","og_description":"Les autocollants de couleur de Flockmen sont parfaits pour d\u00e9corer et pour l'enfant d'utiliser les Flockmen de mani\u00e8re plus cr\u00e9ative","og_url":"https:\/\/teiaeducation.ch\/fr\/produit\/jeu-dautocollants-de-couleur-flockmen\/","og_site_name":"Sustainable Educational Products &amp; Ecological Toys\u00a0","article_publisher":"https:\/\/www.facebook.com\/teiaeducation\/","article_modified_time":"2021-11-26T14:59:42+00:00","og_image":[{"width":1158,"height":1600,"url":"https:\/\/teiaeducation.ch\/wp-content\/uploads\/2020\/03\/Color-Sticker-Set-Flockmen.jpg","type":"image\/jpeg"}],"schema":{"@context":"https:\/\/schema.org","@graph":[{"@type":"WebPage","@id":"https:\/\/teiaeducation.ch\/fr\/produit\/jeu-dautocollants-de-couleur-flockmen\/","url":"https:\/\/teiaeducation.ch\/fr\/produit\/jeu-dautocollants-de-couleur-flockmen\/","name":"Autocollants de couleur - Flockmen - Teia Education & Play","isPartOf":{"@id":"https:\/\/teiaeducation.ch\/fr\/#website"},"primaryImageOfPage":{"@id":"https:\/\/teiaeducation.ch\/fr\/produit\/jeu-dautocollants-de-couleur-flockmen\/#primaryimage"},"image":{"@id":"https:\/\/teiaeducation.ch\/fr\/produit\/jeu-dautocollants-de-couleur-flockmen\/#primaryimage"},"thumbnailUrl":"https:\/\/teiaeducation.ch\/wp-content\/uploads\/2020\/03\/Color-Sticker-Set-Flockmen.jpg","datePublished":"2020-03-06T12:51:22+00:00","dateModified":"2021-11-26T14:59:42+00:00","description":"Les autocollants de couleur de Flockmen sont parfaits pour d\u00e9corer et pour l'enfant d'utiliser les Flockmen de mani\u00e8re plus cr\u00e9ative","breadcrumb":{"@id":"https:\/\/teiaeducation.ch\/fr\/produit\/jeu-dautocollants-de-couleur-flockmen\/#breadcrumb"},"inLanguage":"fr-FR","potentialAction":[{"@type":"ReadAction","target":["https:\/\/teiaeducation.ch\/fr\/produit\/jeu-dautocollants-de-couleur-flockmen\/"]}]},{"@type":"ImageObject","inLanguage":"fr-FR","@id":"https:\/\/teiaeducation.ch\/fr\/produit\/jeu-dautocollants-de-couleur-flockmen\/#primaryimage","url":"https:\/\/teiaeducation.ch\/wp-content\/uploads\/2020\/03\/Color-Sticker-Set-Flockmen.jpg","contentUrl":"https:\/\/teiaeducation.ch\/wp-content\/uploads\/2020\/03\/Color-Sticker-Set-Flockmen.jpg","width":1158,"height":1600,"caption":"Jeu d'autocollants de couleur - Flockmen"},{"@type":"BreadcrumbList","@id":"https:\/\/teiaeducation.ch\/fr\/produit\/jeu-dautocollants-de-couleur-flockmen\/#breadcrumb","itemListElement":[{"@type":"ListItem","position":1,"name":"Home","item":"https:\/\/teiaeducation.ch\/fr\/"},{"@type":"ListItem","position":2,"name":"Boutique Teia Education &amp; Play","item":"https:\/\/teiaeducation.ch\/fr\/boutique\/"},{"@type":"ListItem","position":3,"name":"Tranche d'\u00c2ge","item":"https:\/\/teiaeducation.ch\/fr\/categorie-produit\/tranche-dage\/"},{"@type":"ListItem","position":4,"name":"1-3 Ans Jeunes Enfants","item":"https:\/\/teiaeducation.ch\/fr\/categorie-produit\/tranche-dage\/1-3-ans\/"},{"@type":"ListItem","position":5,"name":"Autocollants de couleur &#8211; Flockmen"}]},{"@type":"WebSite","@id":"https:\/\/teiaeducation.ch\/fr\/#website","url":"https:\/\/teiaeducation.ch\/fr\/","name":"Sustainable Educational Products &amp; Ecological Toys\u00a0","description":"Specialised Swiss shop selling sustainable educational toys and games, AMI certified Montessori materials, handmade ecological wooden Waldorf toys and arts &amp; crafts supplies, school supplies, children&#039;s furniture and Montessori reference and parenting books.","publisher":{"@id":"https:\/\/teiaeducation.ch\/fr\/#organization"},"alternateName":"Teia Education & Play","potentialAction":[{"@type":"SearchAction","target":{"@type":"EntryPoint","urlTemplate":"https:\/\/teiaeducation.ch\/fr\/?s={search_term_string}"},"query-input":{"@type":"PropertyValueSpecification","valueRequired":true,"valueName":"search_term_string"}}],"inLanguage":"fr-FR"},{"@type":"Organization","@id":"https:\/\/teiaeducation.ch\/fr\/#organization","name":"Teia Education & Play","url":"https:\/\/teiaeducation.ch\/fr\/","logo":{"@type":"ImageObject","inLanguage":"fr-FR","@id":"https:\/\/teiaeducation.ch\/fr\/#\/schema\/logo\/image\/","url":"https:\/\/teiaeducation.ch\/wp-content\/uploads\/2020\/11\/Teia-Education-Switzerland-e1620156442216.jpg","contentUrl":"https:\/\/teiaeducation.ch\/wp-content\/uploads\/2020\/11\/Teia-Education-Switzerland-e1620156442216.jpg","width":166,"height":145,"caption":"Teia Education & Play"},"image":{"@id":"https:\/\/teiaeducation.ch\/fr\/#\/schema\/logo\/image\/"},"sameAs":["https:\/\/www.facebook.com\/teiaeducation\/","https:\/\/x.com\/EducationTeia","https:\/\/www.instagram.com\/teia.education\/","https:\/\/www.linkedin.com\/company\/35501660","https:\/\/www.pinterest.ch\/TeiaEducation\/"]}]}},"_links":{"self":[{"href":"https:\/\/teiaeducation.ch\/fr\/wp-json\/wp\/v2\/product\/24215","targetHints":{"allow":["GET"]}}],"collection":[{"href":"https:\/\/teiaeducation.ch\/fr\/wp-json\/wp\/v2\/product"}],"about":[{"href":"https:\/\/teiaeducation.ch\/fr\/wp-json\/wp\/v2\/types\/product"}],"replies":[{"embeddable":true,"href":"https:\/\/teiaeducation.ch\/fr\/wp-json\/wp\/v2\/comments?post=24215"}],"wp:featuredmedia":[{"embeddable":true,"href":"https:\/\/teiaeducation.ch\/fr\/wp-json\/wp\/v2\/media\/23754"}],"wp:attachment":[{"href":"https:\/\/teiaeducation.ch\/fr\/wp-json\/wp\/v2\/media?parent=24215"}],"wp:term":[{"taxonomy":"product_brand","embeddable":true,"href":"https:\/\/teiaeducation.ch\/fr\/wp-json\/wp\/v2\/product_brand?post=24215"},{"taxonomy":"product_cat","embeddable":true,"href":"https:\/\/teiaeducation.ch\/fr\/wp-json\/wp\/v2\/product_cat?post=24215"},{"taxonomy":"product_tag","embeddable":true,"href":"https:\/\/teiaeducation.ch\/fr\/wp-json\/wp\/v2\/product_tag?post=24215"}],"curies":[{"name":"wp","href":"https:\/\/api.w.org\/{rel}","templated":true}]}}